{"id":672,"date":"2022-10-05T13:50:01","date_gmt":"2022-10-05T10:50:01","guid":{"rendered":"https:\/\/eettinenluksus.fi\/shop2022\/?post_type=product&#038;p=672"},"modified":"2024-09-20T11:37:37","modified_gmt":"2024-09-20T08:37:37","slug":"method-vaahtosaippua-sweet-water-300ml","status":"publish","type":"product","link":"https:\/\/eettinenluksus.fi\/shop\/tuote\/method-vaahtosaippua-sweet-water-300ml\/","title":{"rendered":"Method Vaahtoava nestesaippua Sweet water 300ml"},"content":{"rendered":"<p style=\"font-size: 0px;\">Method Vaahtosaippua Sweet water 300ml: Sis\u00e4lt\u00e4\u00e4 glyseriini\u00e4 aloe veraa E-vitamiinia. Ekologinen vegaaninen nestesaippua hell\u00e4varainen iholle<\/p>\n<p>Method vaahtosaippua Sweet water on valmistettu kasviraaka-aineista. Puhdistaa ihon hell\u00e4varaisesti, koska se sis\u00e4lt\u00e4\u00e4 ihoa hoitavaa glyseriini\u00e4, aloe veraa ja E-vitamiinia.<\/p>\n<p>Kuohkeat jutut tuntuvat olevan kaikkien suosikkeja. Kuten esimerkiksi vaahtokarkit ja koiranpennut, mutta ilman kaloreita ja k\u00e4yt\u00f6skoulutusta.<\/p>\n<p>Sweet water &#8211; Viile\u00e4 loiskaus greippi\u00e4 ja sitruunanlehti\u00e4 maustettuna jasmiinin ja kielon aamukasteisilla ter\u00e4lehdill\u00e4.<\/p>\n<ul>\n<li>Ei el\u00e4inper\u00e4isi\u00e4 raaka-aineita<\/li>\n<li>Ei el\u00e4inkokeita<\/li>\n<li>Leaping Bunny -sertifikaatti<\/li>\n<\/ul>\n<p style=\"font-size: 0px;\"><a href=\"https:\/\/www.facebook.com\/eettinenluksus\/\"><span style=\"font-size:0px;\">&#8211;<\/span><\/a><a href=\"https:\/\/www.instagram.com\/eettinenluksus\/\"><span style=\"font-size:0px;\">&#8211;<\/span><\/a>ekologinen nestesaippua, Sweet water, ekologinen vegaaninen, Sweet water, k\u00e4sienpesu, ekologinen, vegaaninen. Nestesaippua, ekologinen k\u00e4sienpesu, ekologinen nestesaippua, Sweet water k\u00e4sienpesu. Ekologinen nestesaippua, Sweet water, ekologinen vegaaninen, Sweet water, k\u00e4sienpesu, ekologinen, vegaaninen. Nestesaippua, ekologinen k\u00e4sienpesu, ekologinen nestesaippua, Sweet water k\u00e4sienpesu. Ekologinen nestesaippua, Sweet water, ekologinen vegaaninen, Sweet water, k\u00e4sienpesu, ekologinen, vegaaninen. Nestesaippua, ekologinen k\u00e4sienpesu, ekologinen nestesaippua, Sweet water k\u00e4sienpesu. Eettinen, esteettinen, Sweet water, ekologinen.<a href=\"https:\/\/www.facebook.com\/eettinenluksus\/\"><span style=\"font-size:0px;\">&#8211;<\/span><\/a><a href=\"https:\/\/www.instagram.com\/method_fi\/\"><span style=\"font-size:0px;\">&#8211;<\/span><\/a><\/p>\n<h2 style=\"font-size: 0px;\">Method K\u00e4sienpesu Sweet water 1560ml<\/h2>\n<p style=\"font-size: 0px;\">ekologinen nestesaippua, ekologinen vegaaninen, k\u00e4sienpesu, ekologinen, vegaaninen. Nestesaippua, ekologinen k\u00e4sienpesu, ekologinen nestesaippua, k\u00e4sienpesu. Eettinen, esteettinen, ekologinen. Ekologinen nestesaippua, Sweet water, ekologinen vegaaninen, Sweet water, k\u00e4sienpesu, ekologinen, vegaaninen. Nestesaippua, ekologinen k\u00e4sienpesu, ekologinen nestesaippua, Sweet water k\u00e4sienpesu. Ekologinen nestesaippua, Sweet water, ekologinen vegaaninen, Sweet water, k\u00e4sienpesu, ekologinen, vegaaninen. Nestesaippua, ekologinen k\u00e4sienpesu, ekologinen nestesaippua, Sweet water k\u00e4sienpesu. <a href=\"https:\/\/eettinenluksus.fi\/shop\/en\/product\/method-nestesaippua-sweet-water-354ml\/\"<span style=\"font-size:0px;\">&#8211;<\/span><\/a><a href=\"https:\/\/eettinenluksus.fi\/shop\/tuote\/method-vaahtoava-nestesaippua-sweet-coconut-300ml\/\"><span style=\"font-size:0px;\">&#8211;<\/span><\/a><a href=\"https:\/\/eettinenluksus.fi\/shop\/tuote\/method-nestesaippua-sweet-water-tuotepaketti\/\"><span style=\"font-size:0px;\">&#8211;<\/span><\/a><a href=\"https:\/\/eettinenluksus.fi\/shop\/tuote\/method-nestesaippua-sweet-water-taytto-1000ml\/\"><span style=\"font-size:0px;\">&#8211;<\/span><\/a><a href=\"https:\/\/eettinenluksus.fi\/shop\/tuotemerkit\/kasienpesu\/\"><span style=\"font-size:0px;\">&#8211;<\/span><\/a><\/p>\n","protected":false},"excerpt":{"rendered":"<p>Kasviraaka-aineista valmistettu vaahtoava nestesaippua<\/p>\n<p>Sis\u00e4lt\u00e4\u00e4 glyseriini\u00e4, aloe veraa ja E-vitamiinia<\/p>\n<p>Tuoksu Sweet water<\/p>\n","protected":false},"featured_media":4065,"template":"","meta":{"inline_featured_image":false},"product_brand":[],"product_cat":[123,51,17,20],"product_tag":[70,185,304,330,163,293,314,303,325],"class_list":{"0":"post-672","1":"product","2":"type-product","3":"status-publish","4":"has-post-thumbnail","6":"product_cat-hyvinvointi","7":"product_cat-kasienpesu","8":"product_cat-method","9":"product_cat-method-kasienpesu","10":"product_tag-ekologinen","11":"product_tag-hyvinvointi","12":"product_tag-kasienpesu","13":"product_tag-kasienpesuaine","14":"product_tag-method","15":"product_tag-nestesaippua","16":"product_tag-saippua","17":"product_tag-sweet-water","18":"product_tag-vaahtoava-nestesaippua","20":"first","21":"instock","22":"taxable","23":"shipping-taxable","24":"purchasable","25":"product-type-simple"},"yoast_head":"<!-- This site is optimized with the Yoast SEO Premium plugin v26.8 (Yoast SEO v27.4) - https:\/\/yoast.com\/product\/yoast-seo-premium-wordpress\/ -->\n<title>Method Vaahtosaippua Sweet water - Shop Eettinen Luksus<\/title>\n<meta name=\"description\" content=\"Method Vaahtosaippua Sweet water 300ml: Sis\u00e4lt\u00e4\u00e4 glyseriini\u00e4 aloe veraa E-vitamiinia. Ekologinen vegaaninen nestesaippua hell\u00e4varainen iholle\" \/>\n<meta name=\"robots\" content=\"index, follow, max-snippet:-1, max-image-preview:large, max-video-preview:-1\" \/>\n<link rel=\"canonical\" href=\"https:\/\/eettinenluksus.fi\/shop\/tuote\/method-vaahtosaippua-sweet-water-300ml\/\" \/>\n<meta property=\"og:locale\" content=\"fi_FI\" \/>\n<meta property=\"og:type\" content=\"article\" \/>\n<meta property=\"og:title\" content=\"Method Vaahtoava nestesaippua Sweet water 300ml\" \/>\n<meta property=\"og:description\" content=\"Method Vaahtosaippua Sweet water 300ml: Sis\u00e4lt\u00e4\u00e4 glyseriini\u00e4 aloe veraa E-vitamiinia. Ekologinen vegaaninen nestesaippua hell\u00e4varainen iholle\" \/>\n<meta property=\"og:url\" content=\"https:\/\/eettinenluksus.fi\/shop\/tuote\/method-vaahtosaippua-sweet-water-300ml\/\" \/>\n<meta property=\"og:site_name\" content=\"Shop Eettinen Luksus\" \/>\n<meta property=\"article:publisher\" content=\"https:\/\/www.facebook.com\/eettinenluksus\" \/>\n<meta property=\"article:modified_time\" content=\"2024-09-20T08:37:37+00:00\" \/>\n<meta property=\"og:image\" content=\"https:\/\/eettinenluksus.fi\/shop\/wp-content\/uploads\/sites\/4\/1726\/20\/Vaahtoava-nestesaippua-Sweet-water-nelio.jpg\" \/>\n\t<meta property=\"og:image:width\" content=\"1045\" \/>\n\t<meta property=\"og:image:height\" content=\"1045\" \/>\n\t<meta property=\"og:image:type\" content=\"image\/jpeg\" \/>\n<meta name=\"twitter:card\" content=\"summary_large_image\" \/>\n<meta name=\"twitter:label1\" content=\"Hinta\" \/>\n\t<meta name=\"twitter:data1\" content=\"6,50&nbsp;&euro;\" \/>\n\t<meta name=\"twitter:label2\" content=\"Saatavuus\" \/>\n\t<meta name=\"twitter:data2\" content=\"Varastossa\" \/>\n<script type=\"application\/ld+json\" class=\"yoast-schema-graph\">{\"@context\":\"https:\\\/\\\/schema.org\",\"@graph\":[{\"@type\":\"WebPage\",\"@id\":\"https:\\\/\\\/eettinenluksus.fi\\\/shop\\\/tuote\\\/method-vaahtosaippua-sweet-water-300ml\\\/\",\"url\":\"https:\\\/\\\/eettinenluksus.fi\\\/shop\\\/tuote\\\/method-vaahtosaippua-sweet-water-300ml\\\/\",\"name\":\"Method Vaahtosaippua Sweet water - Shop Eettinen Luksus\",\"isPartOf\":{\"@id\":\"https:\\\/\\\/eettinenluksus.fi\\\/shop\\\/#website\"},\"primaryImageOfPage\":{\"@id\":\"https:\\\/\\\/eettinenluksus.fi\\\/shop\\\/tuote\\\/method-vaahtosaippua-sweet-water-300ml\\\/#primaryimage\"},\"image\":{\"@id\":\"https:\\\/\\\/eettinenluksus.fi\\\/shop\\\/tuote\\\/method-vaahtosaippua-sweet-water-300ml\\\/#primaryimage\"},\"thumbnailUrl\":\"https:\\\/\\\/eettinenluksus.fi\\\/shop\\\/wp-content\\\/uploads\\\/sites\\\/4\\\/1726\\\/20\\\/Vaahtoava-nestesaippua-Sweet-water-nelio.jpg\",\"datePublished\":\"2022-10-05T10:50:01+00:00\",\"dateModified\":\"2024-09-20T08:37:37+00:00\",\"description\":\"Method Vaahtosaippua Sweet water 300ml: Sis\u00e4lt\u00e4\u00e4 glyseriini\u00e4 aloe veraa E-vitamiinia. Ekologinen vegaaninen nestesaippua hell\u00e4varainen iholle\",\"breadcrumb\":{\"@id\":\"https:\\\/\\\/eettinenluksus.fi\\\/shop\\\/tuote\\\/method-vaahtosaippua-sweet-water-300ml\\\/#breadcrumb\"},\"inLanguage\":\"fi\",\"potentialAction\":[{\"@type\":\"ReadAction\",\"target\":[\"https:\\\/\\\/eettinenluksus.fi\\\/shop\\\/tuote\\\/method-vaahtosaippua-sweet-water-300ml\\\/\"]}]},{\"@type\":\"ImageObject\",\"inLanguage\":\"fi\",\"@id\":\"https:\\\/\\\/eettinenluksus.fi\\\/shop\\\/tuote\\\/method-vaahtosaippua-sweet-water-300ml\\\/#primaryimage\",\"url\":\"https:\\\/\\\/eettinenluksus.fi\\\/shop\\\/wp-content\\\/uploads\\\/sites\\\/4\\\/1726\\\/20\\\/Vaahtoava-nestesaippua-Sweet-water-nelio.jpg\",\"contentUrl\":\"https:\\\/\\\/eettinenluksus.fi\\\/shop\\\/wp-content\\\/uploads\\\/sites\\\/4\\\/1726\\\/20\\\/Vaahtoava-nestesaippua-Sweet-water-nelio.jpg\",\"width\":1045,\"height\":1045,\"caption\":\"Vaahtoava nestesaippua Sweet water\"},{\"@type\":\"BreadcrumbList\",\"@id\":\"https:\\\/\\\/eettinenluksus.fi\\\/shop\\\/tuote\\\/method-vaahtosaippua-sweet-water-300ml\\\/#breadcrumb\",\"itemListElement\":[{\"@type\":\"ListItem\",\"position\":1,\"name\":\"Etusivu\",\"item\":\"https:\\\/\\\/eettinenluksus.fi\\\/shop\\\/\"},{\"@type\":\"ListItem\",\"position\":2,\"name\":\"Kauppa\",\"item\":\"https:\\\/\\\/eettinenluksus.fi\\\/shop\\\/en\\\/kauppa\\\/\"},{\"@type\":\"ListItem\",\"position\":3,\"name\":\"Method Vaahtoava nestesaippua Sweet water 300ml\"}]},{\"@type\":\"WebSite\",\"@id\":\"https:\\\/\\\/eettinenluksus.fi\\\/shop\\\/#website\",\"url\":\"https:\\\/\\\/eettinenluksus.fi\\\/shop\\\/\",\"name\":\"Shop Eettinen Luksus\",\"description\":\"Uusi verkkokauppa\",\"publisher\":{\"@id\":\"https:\\\/\\\/eettinenluksus.fi\\\/shop\\\/#organization\"},\"potentialAction\":[{\"@type\":\"SearchAction\",\"target\":{\"@type\":\"EntryPoint\",\"urlTemplate\":\"https:\\\/\\\/eettinenluksus.fi\\\/shop\\\/?s={search_term_string}\"},\"query-input\":{\"@type\":\"PropertyValueSpecification\",\"valueRequired\":true,\"valueName\":\"search_term_string\"}}],\"inLanguage\":\"fi\"},{\"@type\":\"Organization\",\"@id\":\"https:\\\/\\\/eettinenluksus.fi\\\/shop\\\/#organization\",\"name\":\"Shop Eettinen Luksus\",\"url\":\"https:\\\/\\\/eettinenluksus.fi\\\/shop\\\/\",\"logo\":{\"@type\":\"ImageObject\",\"inLanguage\":\"fi\",\"@id\":\"https:\\\/\\\/eettinenluksus.fi\\\/shop\\\/#\\\/schema\\\/logo\\\/image\\\/\",\"url\":\"https:\\\/\\\/eettinenluksus.fi\\\/shop\\\/wp-content\\\/uploads\\\/sites\\\/4\\\/1664\\\/37\\\/cropped-ELO.jpg\",\"contentUrl\":\"https:\\\/\\\/eettinenluksus.fi\\\/shop\\\/wp-content\\\/uploads\\\/sites\\\/4\\\/1664\\\/37\\\/cropped-ELO.jpg\",\"width\":810,\"height\":350,\"caption\":\"Shop Eettinen Luksus\"},\"image\":{\"@id\":\"https:\\\/\\\/eettinenluksus.fi\\\/shop\\\/#\\\/schema\\\/logo\\\/image\\\/\"},\"sameAs\":[\"https:\\\/\\\/www.facebook.com\\\/eettinenluksus\",\"https:\\\/\\\/www.instagram.com\\\/eettinenluksus\\\/\"]}]}<\/script>\n<meta property=\"product:price:amount\" content=\"6.50\" \/>\n<meta property=\"product:price:currency\" content=\"EUR\" \/>\n<meta property=\"og:availability\" content=\"instock\" \/>\n<meta property=\"product:availability\" content=\"instock\" \/>\n<meta property=\"product:retailer_item_id\" content=\"4004391\" \/>\n<meta property=\"product:condition\" content=\"new\" \/>\n<!-- \/ Yoast SEO Premium plugin. -->","yoast_head_json":{"title":"Method Vaahtosaippua Sweet water - Shop Eettinen Luksus","description":"Method Vaahtosaippua Sweet water 300ml: Sis\u00e4lt\u00e4\u00e4 glyseriini\u00e4 aloe veraa E-vitamiinia. Ekologinen vegaaninen nestesaippua hell\u00e4varainen iholle","robots":{"index":"index","follow":"follow","max-snippet":"max-snippet:-1","max-image-preview":"max-image-preview:large","max-video-preview":"max-video-preview:-1"},"canonical":"https:\/\/eettinenluksus.fi\/shop\/tuote\/method-vaahtosaippua-sweet-water-300ml\/","og_locale":"fi_FI","og_type":"article","og_title":"Method Vaahtoava nestesaippua Sweet water 300ml","og_description":"Method Vaahtosaippua Sweet water 300ml: Sis\u00e4lt\u00e4\u00e4 glyseriini\u00e4 aloe veraa E-vitamiinia. Ekologinen vegaaninen nestesaippua hell\u00e4varainen iholle","og_url":"https:\/\/eettinenluksus.fi\/shop\/tuote\/method-vaahtosaippua-sweet-water-300ml\/","og_site_name":"Shop Eettinen Luksus","article_publisher":"https:\/\/www.facebook.com\/eettinenluksus","article_modified_time":"2024-09-20T08:37:37+00:00","og_image":[{"width":1045,"height":1045,"url":"https:\/\/eettinenluksus.fi\/shop\/wp-content\/uploads\/sites\/4\/1726\/20\/Vaahtoava-nestesaippua-Sweet-water-nelio.jpg","type":"image\/jpeg"}],"twitter_card":"summary_large_image","twitter_misc":{"Hinta":"6,50&nbsp;&euro;","Saatavuus":"Varastossa"},"schema":{"@context":"https:\/\/schema.org","@graph":[{"@type":"WebPage","@id":"https:\/\/eettinenluksus.fi\/shop\/tuote\/method-vaahtosaippua-sweet-water-300ml\/","url":"https:\/\/eettinenluksus.fi\/shop\/tuote\/method-vaahtosaippua-sweet-water-300ml\/","name":"Method Vaahtosaippua Sweet water - Shop Eettinen Luksus","isPartOf":{"@id":"https:\/\/eettinenluksus.fi\/shop\/#website"},"primaryImageOfPage":{"@id":"https:\/\/eettinenluksus.fi\/shop\/tuote\/method-vaahtosaippua-sweet-water-300ml\/#primaryimage"},"image":{"@id":"https:\/\/eettinenluksus.fi\/shop\/tuote\/method-vaahtosaippua-sweet-water-300ml\/#primaryimage"},"thumbnailUrl":"https:\/\/eettinenluksus.fi\/shop\/wp-content\/uploads\/sites\/4\/1726\/20\/Vaahtoava-nestesaippua-Sweet-water-nelio.jpg","datePublished":"2022-10-05T10:50:01+00:00","dateModified":"2024-09-20T08:37:37+00:00","description":"Method Vaahtosaippua Sweet water 300ml: Sis\u00e4lt\u00e4\u00e4 glyseriini\u00e4 aloe veraa E-vitamiinia. Ekologinen vegaaninen nestesaippua hell\u00e4varainen iholle","breadcrumb":{"@id":"https:\/\/eettinenluksus.fi\/shop\/tuote\/method-vaahtosaippua-sweet-water-300ml\/#breadcrumb"},"inLanguage":"fi","potentialAction":[{"@type":"ReadAction","target":["https:\/\/eettinenluksus.fi\/shop\/tuote\/method-vaahtosaippua-sweet-water-300ml\/"]}]},{"@type":"ImageObject","inLanguage":"fi","@id":"https:\/\/eettinenluksus.fi\/shop\/tuote\/method-vaahtosaippua-sweet-water-300ml\/#primaryimage","url":"https:\/\/eettinenluksus.fi\/shop\/wp-content\/uploads\/sites\/4\/1726\/20\/Vaahtoava-nestesaippua-Sweet-water-nelio.jpg","contentUrl":"https:\/\/eettinenluksus.fi\/shop\/wp-content\/uploads\/sites\/4\/1726\/20\/Vaahtoava-nestesaippua-Sweet-water-nelio.jpg","width":1045,"height":1045,"caption":"Vaahtoava nestesaippua Sweet water"},{"@type":"BreadcrumbList","@id":"https:\/\/eettinenluksus.fi\/shop\/tuote\/method-vaahtosaippua-sweet-water-300ml\/#breadcrumb","itemListElement":[{"@type":"ListItem","position":1,"name":"Etusivu","item":"https:\/\/eettinenluksus.fi\/shop\/"},{"@type":"ListItem","position":2,"name":"Kauppa","item":"https:\/\/eettinenluksus.fi\/shop\/en\/kauppa\/"},{"@type":"ListItem","position":3,"name":"Method Vaahtoava nestesaippua Sweet water 300ml"}]},{"@type":"WebSite","@id":"https:\/\/eettinenluksus.fi\/shop\/#website","url":"https:\/\/eettinenluksus.fi\/shop\/","name":"Shop Eettinen Luksus","description":"Uusi verkkokauppa","publisher":{"@id":"https:\/\/eettinenluksus.fi\/shop\/#organization"},"potentialAction":[{"@type":"SearchAction","target":{"@type":"EntryPoint","urlTemplate":"https:\/\/eettinenluksus.fi\/shop\/?s={search_term_string}"},"query-input":{"@type":"PropertyValueSpecification","valueRequired":true,"valueName":"search_term_string"}}],"inLanguage":"fi"},{"@type":"Organization","@id":"https:\/\/eettinenluksus.fi\/shop\/#organization","name":"Shop Eettinen Luksus","url":"https:\/\/eettinenluksus.fi\/shop\/","logo":{"@type":"ImageObject","inLanguage":"fi","@id":"https:\/\/eettinenluksus.fi\/shop\/#\/schema\/logo\/image\/","url":"https:\/\/eettinenluksus.fi\/shop\/wp-content\/uploads\/sites\/4\/1664\/37\/cropped-ELO.jpg","contentUrl":"https:\/\/eettinenluksus.fi\/shop\/wp-content\/uploads\/sites\/4\/1664\/37\/cropped-ELO.jpg","width":810,"height":350,"caption":"Shop Eettinen Luksus"},"image":{"@id":"https:\/\/eettinenluksus.fi\/shop\/#\/schema\/logo\/image\/"},"sameAs":["https:\/\/www.facebook.com\/eettinenluksus","https:\/\/www.instagram.com\/eettinenluksus\/"]}]},"product_price_amount":"6.50","product_price_currency":"EUR","og_availability":"instock","product_availability":"instock","product_retailer_item_id":"4004391","product_condition":"new"},"_links":{"self":[{"href":"https:\/\/eettinenluksus.fi\/shop\/wp-json\/wp\/v2\/product\/672","targetHints":{"allow":["GET"]}}],"collection":[{"href":"https:\/\/eettinenluksus.fi\/shop\/wp-json\/wp\/v2\/product"}],"about":[{"href":"https:\/\/eettinenluksus.fi\/shop\/wp-json\/wp\/v2\/types\/product"}],"version-history":[{"count":10,"href":"https:\/\/eettinenluksus.fi\/shop\/wp-json\/wp\/v2\/product\/672\/revisions"}],"predecessor-version":[{"id":3014,"href":"https:\/\/eettinenluksus.fi\/shop\/wp-json\/wp\/v2\/product\/672\/revisions\/3014"}],"wp:featuredmedia":[{"embeddable":true,"href":"https:\/\/eettinenluksus.fi\/shop\/wp-json\/wp\/v2\/media\/4065"}],"wp:attachment":[{"href":"https:\/\/eettinenluksus.fi\/shop\/wp-json\/wp\/v2\/media?parent=672"}],"wp:term":[{"taxonomy":"product_brand","embeddable":true,"href":"https:\/\/eettinenluksus.fi\/shop\/wp-json\/wp\/v2\/product_brand?post=672"},{"taxonomy":"product_cat","embeddable":true,"href":"https:\/\/eettinenluksus.fi\/shop\/wp-json\/wp\/v2\/product_cat?post=672"},{"taxonomy":"product_tag","embeddable":true,"href":"https:\/\/eettinenluksus.fi\/shop\/wp-json\/wp\/v2\/product_tag?post=672"}],"curies":[{"name":"wp","href":"https:\/\/api.w.org\/{rel}","templated":true}]}}