{"id":666,"date":"2022-10-05T13:41:06","date_gmt":"2022-10-05T10:41:06","guid":{"rendered":"https:\/\/eettinenluksus.fi\/shop2022\/?post_type=product&#038;p=666"},"modified":"2025-05-15T10:45:36","modified_gmt":"2025-05-15T07:45:36","slug":"method-nestesaippua-sweet-water-taytto-1000ml","status":"publish","type":"product","link":"https:\/\/eettinenluksus.fi\/shop\/tuote\/method-nestesaippua-sweet-water-taytto-1000ml\/","title":{"rendered":"Method Nestesaippua Sweet Water T\u00c4YTT\u00d6 1000ml"},"content":{"rendered":"<p style=\"font-size: 0px;\">Method Nestesaippua Sweet Water T\u00c4YTT\u00d6 1000ml Kasviraaka-aineista Sis\u00e4lt\u00e4v\u00e4t ihoa hoitavaa glyseriini\u00e4, aloe veraa ja E-vitamiinia Hell\u00e4varainen.<\/p>\n<p>Method Nestesaippua Sweet Water T\u00c4YTT\u00d6 riitt\u00e4\u00e4 kolmeen t\u00e4ytt\u00f6kertaan<\/p>\n<p>Method-saippuat on valmistettu kasviraaka-aineista. Puhdistavat ihon hell\u00e4varaisesti, koska ne sis\u00e4lt\u00e4v\u00e4t ihoa hoitavaa glyseriini\u00e4, aloe veraa ja E-vitamiinia.<\/p>\n<p>Sweet water &#8211; viile\u00e4 loiskaus greippi\u00e4 + sitruunanlehti\u00e4 maustettuna jasmiinin + kielon aamukasteisilla ter\u00e4lehdill\u00e4<\/p>\n<ul>\n<li>Ei el\u00e4inper\u00e4isi\u00e4 raaka-aineita<\/li>\n<li>Ei el\u00e4inkokeita<\/li>\n<\/ul>\n<p style=\"font-size: 0px;\"><a href=\"https:\/\/onxon.i\/\"><span style=\"font-size:0px;\">&#8211;<\/span><\/a> Method, Aloevera nestesaippua Hell\u00e4varainen. Method, T\u00e4ytt\u00f6pussi nestesaippua Sweetwater. Method, Kasviraaka-aineet nestesaippua K\u00e4sienpesu. Method,  method nestesaippua Glyseriini. Method, Aloevera nestesaippua Hell\u00e4varainen. Method, T\u00e4ytt\u00f6pussi nestesaippua Sweetwater. Method, Kasviraaka-aineet nestesaippua K\u00e4sienpesu. Method,  method nestesaippua Glyseriini. Method, Aloevera nestesaippua Hell\u00e4varainen. Method, T\u00e4ytt\u00f6pussi nestesaippua Sweetwater. Method, Kasviraaka-aineet nestesaippua K\u00e4sienpesu. Method,  method nestesaippua Glyseriini. Method, Aloevera nestesaippua Hell\u00e4varainen. Method, T\u00e4ytt\u00f6pussi nestesaippua Sweetwater. Method, Kasviraaka-aineet nestesaippua K\u00e4sienpesu. <\/p>\n<h2 style=\"font-size: 0px;\">Method Hell\u00e4varainen Sweet Water T\u00c4YTT\u00d6<\/h2>\n<p style=\"font-size: 0px;\">Method,  method nestesaippua Glyseriini. Method, Aloevera nestesaippua Hell\u00e4varainen. Method, T\u00e4ytt\u00f6pussi nestesaippua Sweetwater. Method, Kasviraaka-aineet nestesaippua K\u00e4sienpesu. Method,  method nestesaippua Glyseriini. Method, Aloevera nestesaippua Hell\u00e4varainen. Method, T\u00e4ytt\u00f6pussi nestesaippua Sweetwater. Method, Kasviraaka-aineet nestesaippua K\u00e4sienpesu. Method,  method nestesaippua Glyseriini. Method, Aloevera nestesaippua Hell\u00e4varainen. Method, T\u00e4ytt\u00f6pussi nestesaippua Sweetwater. Method, Kasviraaka-aineet nestesaippua K\u00e4sienpesu.<\/p>\n<p style=\"font-size: 0px;\">Method,  method nestesaippua Glyseriini. Method, Aloevera nestesaippua Hell\u00e4varainen. Method, T\u00e4ytt\u00f6pussi nestesaippua Sweetwater. Method, Kasviraaka-aineet nestesaippua K\u00e4sienpesu. Method,  method nestesaippua Glyseriini.  Method, Aloevera nestesaippua Hell\u00e4varainen. Method, T\u00e4ytt\u00f6pussi nestesaippua Sweetwater. Method, Kasviraaka-aineet nestesaippua K\u00e4sienpesu. Method,  method nestesaippua Glyseriini. <\/p>\n<p style=\"font-size: 0px;\">Method, Aloevera nestesaippua Hell\u00e4varainen. Method, T\u00e4ytt\u00f6pussi nestesaippua Sweetwater. Method, Kasviraaka-aineet nestesaippua K\u00e4sienpesu. Method,  method nestesaippua Glyseriini. Method, Aloevera nestesaippua Hell\u00e4varainen. Method, T\u00e4ytt\u00f6pussi nestesaippua Sweetwater. Method, Kasviraaka-aineet nestesaippua K\u00e4sienpesu. Method,  method nestesaippua Glyseriini. Method, T\u00e4ytt\u00f6pussi nestesaippua Sweetwater. Method, Kasviraaka-aineet nestesaippua K\u00e4sienpesu. Method,  method nestesaippua Glyseriini. Method, Aloevera nestesaippua Hell\u00e4varainen. Kasviraaka-aineista Sis\u00e4lt\u00e4v\u00e4t ihoa hoitavaa glyseriini\u00e4 aloe veraa ja E-vitamiinia Hell\u00e4varainen.<\/p>\n<p style=\"font-size: 0px;\"><a href=\"https:\/\/eettinenluksus.fi\/shop\/tuote\/method-glass4good-266-ml\/\"><span style=\"font-size:0px;\">&#8211;<\/span><\/a><a href=\"https:\/\/eettinenluksus.fi\/shop\/en\/product\/method-nestesaippua-sweet-water-354ml\/\"><span style=\"font-size:0px;\">&#8211;<\/span><\/a><a href=\"https:\/\/eettinenluksus.fi\/shop\/tuotemerkit\/kasienpesu\/\"><span style=\"font-size:0px;\">&#8211;<\/span><\/a><a href=\"https:\/\/eettinenluksus.fi\/shop\/tuote\/method-nestesaippua-sweet-water-tuotepaketti\/\"><span style=\"font-size:0px;\">&#8211;<\/span><\/a><a href=\"https:\/\/eettinenluksus.fi\/shop\/tuotemerkit\/method-kasienpesu\/\"><span style=\"font-size:0px;\">&#8211;<\/span><\/a><\/p>\n","protected":false},"excerpt":{"rendered":"<p>T\u00c4YTT\u00d6PAKKAUS<\/p>\n<p>Kasvi- ja mineraalipohjainen vegaaninen nestesaippua<\/p>\n<p>Sis\u00e4lt\u00e4v\u00e4t glyseriini\u00e4, aloe veraa ja E-vitamiinia<\/p>\n<p>Tuoksu Sweet water<\/p>\n","protected":false},"featured_media":4071,"template":"","meta":{"inline_featured_image":false},"product_brand":[],"product_cat":[51,17,20],"product_tag":[70,185,304,330,163,293,314,303,315],"class_list":{"0":"post-666","1":"product","2":"type-product","3":"status-publish","4":"has-post-thumbnail","6":"product_cat-kasienpesu","7":"product_cat-method","8":"product_cat-method-kasienpesu","9":"product_tag-ekologinen","10":"product_tag-hyvinvointi","11":"product_tag-kasienpesu","12":"product_tag-kasienpesuaine","13":"product_tag-method","14":"product_tag-nestesaippua","15":"product_tag-saippua","16":"product_tag-sweet-water","17":"product_tag-tayttopakkaus","19":"first","20":"instock","21":"taxable","22":"shipping-taxable","23":"purchasable","24":"product-type-simple"},"yoast_head":"<!-- This site is optimized with the Yoast SEO Premium plugin v26.8 (Yoast SEO v27.4) - https:\/\/yoast.com\/product\/yoast-seo-premium-wordpress\/ -->\n<title>Method Nestesaippua Sweet Water T\u00c4YTT\u00d6 1000ml - Shop Eettinen Luksus<\/title>\n<meta name=\"description\" content=\"Method Nestesaippua Sweet Water T\u00c4YTT\u00d6 1000ml Kasviraaka-aineista Sis\u00e4lt\u00e4v\u00e4t ihoa hoitavaa glyseriini\u00e4 aloe veraa ja E-vitamiinia Hell\u00e4varainen\" \/>\n<meta name=\"robots\" content=\"index, follow, max-snippet:-1, max-image-preview:large, max-video-preview:-1\" \/>\n<link rel=\"canonical\" href=\"https:\/\/eettinenluksus.fi\/shop\/tuote\/method-nestesaippua-sweet-water-taytto-1000ml\/\" \/>\n<meta property=\"og:locale\" content=\"fi_FI\" \/>\n<meta property=\"og:type\" content=\"article\" \/>\n<meta property=\"og:title\" content=\"Method Nestesaippua Sweet Water T\u00c4YTT\u00d6 1000ml\" \/>\n<meta property=\"og:description\" content=\"Method Nestesaippua Sweet Water T\u00c4YTT\u00d6 1000ml Kasviraaka-aineista Sis\u00e4lt\u00e4v\u00e4t ihoa hoitavaa glyseriini\u00e4 aloe veraa ja E-vitamiinia Hell\u00e4varainen\" \/>\n<meta property=\"og:url\" content=\"https:\/\/eettinenluksus.fi\/shop\/tuote\/method-nestesaippua-sweet-water-taytto-1000ml\/\" \/>\n<meta property=\"og:site_name\" content=\"Shop Eettinen Luksus\" \/>\n<meta property=\"article:publisher\" content=\"https:\/\/www.facebook.com\/eettinenluksus\" \/>\n<meta property=\"article:modified_time\" content=\"2025-05-15T07:45:36+00:00\" \/>\n<meta property=\"og:image\" content=\"https:\/\/eettinenluksus.fi\/shop\/wp-content\/uploads\/sites\/4\/1726\/20\/Nestesaippua-Sweet-water-TAYTTO-1000ml-nelio.jpg\" \/>\n\t<meta property=\"og:image:width\" content=\"1045\" \/>\n\t<meta property=\"og:image:height\" content=\"1045\" \/>\n\t<meta property=\"og:image:type\" content=\"image\/jpeg\" \/>\n<meta name=\"twitter:card\" content=\"summary_large_image\" \/>\n<meta name=\"twitter:label1\" content=\"Hinta\" \/>\n\t<meta name=\"twitter:data1\" content=\"12,40&nbsp;&euro;\" \/>\n\t<meta name=\"twitter:label2\" content=\"Saatavuus\" \/>\n\t<meta name=\"twitter:data2\" content=\"Varastossa\" \/>\n<script type=\"application\/ld+json\" class=\"yoast-schema-graph\">{\"@context\":\"https:\\\/\\\/schema.org\",\"@graph\":[{\"@type\":\"WebPage\",\"@id\":\"https:\\\/\\\/eettinenluksus.fi\\\/shop\\\/tuote\\\/method-nestesaippua-sweet-water-taytto-1000ml\\\/\",\"url\":\"https:\\\/\\\/eettinenluksus.fi\\\/shop\\\/tuote\\\/method-nestesaippua-sweet-water-taytto-1000ml\\\/\",\"name\":\"Method Nestesaippua Sweet Water T\u00c4YTT\u00d6 1000ml - Shop Eettinen Luksus\",\"isPartOf\":{\"@id\":\"https:\\\/\\\/eettinenluksus.fi\\\/shop\\\/#website\"},\"primaryImageOfPage\":{\"@id\":\"https:\\\/\\\/eettinenluksus.fi\\\/shop\\\/tuote\\\/method-nestesaippua-sweet-water-taytto-1000ml\\\/#primaryimage\"},\"image\":{\"@id\":\"https:\\\/\\\/eettinenluksus.fi\\\/shop\\\/tuote\\\/method-nestesaippua-sweet-water-taytto-1000ml\\\/#primaryimage\"},\"thumbnailUrl\":\"https:\\\/\\\/eettinenluksus.fi\\\/shop\\\/wp-content\\\/uploads\\\/sites\\\/4\\\/1726\\\/20\\\/Nestesaippua-Sweet-water-TAYTTO-1000ml-nelio.jpg\",\"datePublished\":\"2022-10-05T10:41:06+00:00\",\"dateModified\":\"2025-05-15T07:45:36+00:00\",\"description\":\"Method Nestesaippua Sweet Water T\u00c4YTT\u00d6 1000ml Kasviraaka-aineista Sis\u00e4lt\u00e4v\u00e4t ihoa hoitavaa glyseriini\u00e4 aloe veraa ja E-vitamiinia Hell\u00e4varainen\",\"breadcrumb\":{\"@id\":\"https:\\\/\\\/eettinenluksus.fi\\\/shop\\\/tuote\\\/method-nestesaippua-sweet-water-taytto-1000ml\\\/#breadcrumb\"},\"inLanguage\":\"fi\",\"potentialAction\":[{\"@type\":\"ReadAction\",\"target\":[\"https:\\\/\\\/eettinenluksus.fi\\\/shop\\\/tuote\\\/method-nestesaippua-sweet-water-taytto-1000ml\\\/\"]}]},{\"@type\":\"ImageObject\",\"inLanguage\":\"fi\",\"@id\":\"https:\\\/\\\/eettinenluksus.fi\\\/shop\\\/tuote\\\/method-nestesaippua-sweet-water-taytto-1000ml\\\/#primaryimage\",\"url\":\"https:\\\/\\\/eettinenluksus.fi\\\/shop\\\/wp-content\\\/uploads\\\/sites\\\/4\\\/1726\\\/20\\\/Nestesaippua-Sweet-water-TAYTTO-1000ml-nelio.jpg\",\"contentUrl\":\"https:\\\/\\\/eettinenluksus.fi\\\/shop\\\/wp-content\\\/uploads\\\/sites\\\/4\\\/1726\\\/20\\\/Nestesaippua-Sweet-water-TAYTTO-1000ml-nelio.jpg\",\"width\":1045,\"height\":1045,\"caption\":\"Nestesaippua Sweet water T\u00c4YTT\u00d6 1000ml\"},{\"@type\":\"BreadcrumbList\",\"@id\":\"https:\\\/\\\/eettinenluksus.fi\\\/shop\\\/tuote\\\/method-nestesaippua-sweet-water-taytto-1000ml\\\/#breadcrumb\",\"itemListElement\":[{\"@type\":\"ListItem\",\"position\":1,\"name\":\"Etusivu\",\"item\":\"https:\\\/\\\/eettinenluksus.fi\\\/shop\\\/\"},{\"@type\":\"ListItem\",\"position\":2,\"name\":\"Kauppa\",\"item\":\"https:\\\/\\\/eettinenluksus.fi\\\/shop\\\/en\\\/kauppa\\\/\"},{\"@type\":\"ListItem\",\"position\":3,\"name\":\"Method Nestesaippua Sweet Water T\u00c4YTT\u00d6 1000ml\"}]},{\"@type\":\"WebSite\",\"@id\":\"https:\\\/\\\/eettinenluksus.fi\\\/shop\\\/#website\",\"url\":\"https:\\\/\\\/eettinenluksus.fi\\\/shop\\\/\",\"name\":\"Shop Eettinen Luksus\",\"description\":\"Uusi verkkokauppa\",\"publisher\":{\"@id\":\"https:\\\/\\\/eettinenluksus.fi\\\/shop\\\/#organization\"},\"potentialAction\":[{\"@type\":\"SearchAction\",\"target\":{\"@type\":\"EntryPoint\",\"urlTemplate\":\"https:\\\/\\\/eettinenluksus.fi\\\/shop\\\/?s={search_term_string}\"},\"query-input\":{\"@type\":\"PropertyValueSpecification\",\"valueRequired\":true,\"valueName\":\"search_term_string\"}}],\"inLanguage\":\"fi\"},{\"@type\":\"Organization\",\"@id\":\"https:\\\/\\\/eettinenluksus.fi\\\/shop\\\/#organization\",\"name\":\"Shop Eettinen Luksus\",\"url\":\"https:\\\/\\\/eettinenluksus.fi\\\/shop\\\/\",\"logo\":{\"@type\":\"ImageObject\",\"inLanguage\":\"fi\",\"@id\":\"https:\\\/\\\/eettinenluksus.fi\\\/shop\\\/#\\\/schema\\\/logo\\\/image\\\/\",\"url\":\"https:\\\/\\\/eettinenluksus.fi\\\/shop\\\/wp-content\\\/uploads\\\/sites\\\/4\\\/1664\\\/37\\\/cropped-ELO.jpg\",\"contentUrl\":\"https:\\\/\\\/eettinenluksus.fi\\\/shop\\\/wp-content\\\/uploads\\\/sites\\\/4\\\/1664\\\/37\\\/cropped-ELO.jpg\",\"width\":810,\"height\":350,\"caption\":\"Shop Eettinen Luksus\"},\"image\":{\"@id\":\"https:\\\/\\\/eettinenluksus.fi\\\/shop\\\/#\\\/schema\\\/logo\\\/image\\\/\"},\"sameAs\":[\"https:\\\/\\\/www.facebook.com\\\/eettinenluksus\",\"https:\\\/\\\/www.instagram.com\\\/eettinenluksus\\\/\"]}]}<\/script>\n<meta property=\"product:price:amount\" content=\"12.40\" \/>\n<meta property=\"product:price:currency\" content=\"EUR\" \/>\n<meta property=\"og:availability\" content=\"instock\" \/>\n<meta property=\"product:availability\" content=\"instock\" \/>\n<meta property=\"product:retailer_item_id\" content=\"4005462\" \/>\n<meta property=\"product:condition\" content=\"new\" \/>\n<!-- \/ Yoast SEO Premium plugin. -->","yoast_head_json":{"title":"Method Nestesaippua Sweet Water T\u00c4YTT\u00d6 1000ml - Shop Eettinen Luksus","description":"Method Nestesaippua Sweet Water T\u00c4YTT\u00d6 1000ml Kasviraaka-aineista Sis\u00e4lt\u00e4v\u00e4t ihoa hoitavaa glyseriini\u00e4 aloe veraa ja E-vitamiinia Hell\u00e4varainen","robots":{"index":"index","follow":"follow","max-snippet":"max-snippet:-1","max-image-preview":"max-image-preview:large","max-video-preview":"max-video-preview:-1"},"canonical":"https:\/\/eettinenluksus.fi\/shop\/tuote\/method-nestesaippua-sweet-water-taytto-1000ml\/","og_locale":"fi_FI","og_type":"article","og_title":"Method Nestesaippua Sweet Water T\u00c4YTT\u00d6 1000ml","og_description":"Method Nestesaippua Sweet Water T\u00c4YTT\u00d6 1000ml Kasviraaka-aineista Sis\u00e4lt\u00e4v\u00e4t ihoa hoitavaa glyseriini\u00e4 aloe veraa ja E-vitamiinia Hell\u00e4varainen","og_url":"https:\/\/eettinenluksus.fi\/shop\/tuote\/method-nestesaippua-sweet-water-taytto-1000ml\/","og_site_name":"Shop Eettinen Luksus","article_publisher":"https:\/\/www.facebook.com\/eettinenluksus","article_modified_time":"2025-05-15T07:45:36+00:00","og_image":[{"width":1045,"height":1045,"url":"https:\/\/eettinenluksus.fi\/shop\/wp-content\/uploads\/sites\/4\/1726\/20\/Nestesaippua-Sweet-water-TAYTTO-1000ml-nelio.jpg","type":"image\/jpeg"}],"twitter_card":"summary_large_image","twitter_misc":{"Hinta":"12,40&nbsp;&euro;","Saatavuus":"Varastossa"},"schema":{"@context":"https:\/\/schema.org","@graph":[{"@type":"WebPage","@id":"https:\/\/eettinenluksus.fi\/shop\/tuote\/method-nestesaippua-sweet-water-taytto-1000ml\/","url":"https:\/\/eettinenluksus.fi\/shop\/tuote\/method-nestesaippua-sweet-water-taytto-1000ml\/","name":"Method Nestesaippua Sweet Water T\u00c4YTT\u00d6 1000ml - Shop Eettinen Luksus","isPartOf":{"@id":"https:\/\/eettinenluksus.fi\/shop\/#website"},"primaryImageOfPage":{"@id":"https:\/\/eettinenluksus.fi\/shop\/tuote\/method-nestesaippua-sweet-water-taytto-1000ml\/#primaryimage"},"image":{"@id":"https:\/\/eettinenluksus.fi\/shop\/tuote\/method-nestesaippua-sweet-water-taytto-1000ml\/#primaryimage"},"thumbnailUrl":"https:\/\/eettinenluksus.fi\/shop\/wp-content\/uploads\/sites\/4\/1726\/20\/Nestesaippua-Sweet-water-TAYTTO-1000ml-nelio.jpg","datePublished":"2022-10-05T10:41:06+00:00","dateModified":"2025-05-15T07:45:36+00:00","description":"Method Nestesaippua Sweet Water T\u00c4YTT\u00d6 1000ml Kasviraaka-aineista Sis\u00e4lt\u00e4v\u00e4t ihoa hoitavaa glyseriini\u00e4 aloe veraa ja E-vitamiinia Hell\u00e4varainen","breadcrumb":{"@id":"https:\/\/eettinenluksus.fi\/shop\/tuote\/method-nestesaippua-sweet-water-taytto-1000ml\/#breadcrumb"},"inLanguage":"fi","potentialAction":[{"@type":"ReadAction","target":["https:\/\/eettinenluksus.fi\/shop\/tuote\/method-nestesaippua-sweet-water-taytto-1000ml\/"]}]},{"@type":"ImageObject","inLanguage":"fi","@id":"https:\/\/eettinenluksus.fi\/shop\/tuote\/method-nestesaippua-sweet-water-taytto-1000ml\/#primaryimage","url":"https:\/\/eettinenluksus.fi\/shop\/wp-content\/uploads\/sites\/4\/1726\/20\/Nestesaippua-Sweet-water-TAYTTO-1000ml-nelio.jpg","contentUrl":"https:\/\/eettinenluksus.fi\/shop\/wp-content\/uploads\/sites\/4\/1726\/20\/Nestesaippua-Sweet-water-TAYTTO-1000ml-nelio.jpg","width":1045,"height":1045,"caption":"Nestesaippua Sweet water T\u00c4YTT\u00d6 1000ml"},{"@type":"BreadcrumbList","@id":"https:\/\/eettinenluksus.fi\/shop\/tuote\/method-nestesaippua-sweet-water-taytto-1000ml\/#breadcrumb","itemListElement":[{"@type":"ListItem","position":1,"name":"Etusivu","item":"https:\/\/eettinenluksus.fi\/shop\/"},{"@type":"ListItem","position":2,"name":"Kauppa","item":"https:\/\/eettinenluksus.fi\/shop\/en\/kauppa\/"},{"@type":"ListItem","position":3,"name":"Method Nestesaippua Sweet Water T\u00c4YTT\u00d6 1000ml"}]},{"@type":"WebSite","@id":"https:\/\/eettinenluksus.fi\/shop\/#website","url":"https:\/\/eettinenluksus.fi\/shop\/","name":"Shop Eettinen Luksus","description":"Uusi verkkokauppa","publisher":{"@id":"https:\/\/eettinenluksus.fi\/shop\/#organization"},"potentialAction":[{"@type":"SearchAction","target":{"@type":"EntryPoint","urlTemplate":"https:\/\/eettinenluksus.fi\/shop\/?s={search_term_string}"},"query-input":{"@type":"PropertyValueSpecification","valueRequired":true,"valueName":"search_term_string"}}],"inLanguage":"fi"},{"@type":"Organization","@id":"https:\/\/eettinenluksus.fi\/shop\/#organization","name":"Shop Eettinen Luksus","url":"https:\/\/eettinenluksus.fi\/shop\/","logo":{"@type":"ImageObject","inLanguage":"fi","@id":"https:\/\/eettinenluksus.fi\/shop\/#\/schema\/logo\/image\/","url":"https:\/\/eettinenluksus.fi\/shop\/wp-content\/uploads\/sites\/4\/1664\/37\/cropped-ELO.jpg","contentUrl":"https:\/\/eettinenluksus.fi\/shop\/wp-content\/uploads\/sites\/4\/1664\/37\/cropped-ELO.jpg","width":810,"height":350,"caption":"Shop Eettinen Luksus"},"image":{"@id":"https:\/\/eettinenluksus.fi\/shop\/#\/schema\/logo\/image\/"},"sameAs":["https:\/\/www.facebook.com\/eettinenluksus","https:\/\/www.instagram.com\/eettinenluksus\/"]}]},"product_price_amount":"12.40","product_price_currency":"EUR","og_availability":"instock","product_availability":"instock","product_retailer_item_id":"4005462","product_condition":"new"},"_links":{"self":[{"href":"https:\/\/eettinenluksus.fi\/shop\/wp-json\/wp\/v2\/product\/666","targetHints":{"allow":["GET"]}}],"collection":[{"href":"https:\/\/eettinenluksus.fi\/shop\/wp-json\/wp\/v2\/product"}],"about":[{"href":"https:\/\/eettinenluksus.fi\/shop\/wp-json\/wp\/v2\/types\/product"}],"version-history":[{"count":18,"href":"https:\/\/eettinenluksus.fi\/shop\/wp-json\/wp\/v2\/product\/666\/revisions"}],"predecessor-version":[{"id":4653,"href":"https:\/\/eettinenluksus.fi\/shop\/wp-json\/wp\/v2\/product\/666\/revisions\/4653"}],"wp:featuredmedia":[{"embeddable":true,"href":"https:\/\/eettinenluksus.fi\/shop\/wp-json\/wp\/v2\/media\/4071"}],"wp:attachment":[{"href":"https:\/\/eettinenluksus.fi\/shop\/wp-json\/wp\/v2\/media?parent=666"}],"wp:term":[{"taxonomy":"product_brand","embeddable":true,"href":"https:\/\/eettinenluksus.fi\/shop\/wp-json\/wp\/v2\/product_brand?post=666"},{"taxonomy":"product_cat","embeddable":true,"href":"https:\/\/eettinenluksus.fi\/shop\/wp-json\/wp\/v2\/product_cat?post=666"},{"taxonomy":"product_tag","embeddable":true,"href":"https:\/\/eettinenluksus.fi\/shop\/wp-json\/wp\/v2\/product_tag?post=666"}],"curies":[{"name":"wp","href":"https:\/\/api.w.org\/{rel}","templated":true}]}}