{"id":606,"date":"2022-10-13T12:07:48","date_gmt":"2022-10-13T09:07:48","guid":{"rendered":"https:\/\/eettinenluksus.fi\/shop2022\/?post_type=product&#038;p=606"},"modified":"2024-09-25T15:04:18","modified_gmt":"2024-09-25T12:04:18","slug":"greener-cleaner-kattila-ja-pannuharja","status":"publish","type":"product","link":"https:\/\/eettinenluksus.fi\/shop\/tuote\/greener-cleaner-kattila-ja-pannuharja\/","title":{"rendered":"Greener Cleaner Kattila- ja pannuharja"},"content":{"rendered":"<p>Greener Cleaner Kattila- ja pannuharja<\/p>\n<p>J\u00e4yk\u00e4t, kest\u00e4v\u00e4t harjakset helpottavat puhdistamaan kiinni tarttuneen ruoan. Raaputusnokka irrottaa sitkeimm\u00e4nkin lian.<\/p>\n<p>Muita kohteita vanteet, puutarhahuonekalut, jalkineet.<\/p>\n<ul>\n<li>Ekologinen<\/li>\n<li>Valmistettu 100 % kierr\u00e4tetyst\u00e4 muovista<\/li>\n<li>Astianpesukoneessa pest\u00e4v\u00e4, kest\u00e4\u00e4 min. 52 konepesua<\/li>\n<li>Ripustusreik\u00e4 s\u00e4ilytykseen<\/li>\n<li>1% for the planet -j\u00e4sen<\/li>\n<li>Surfers against sewage -j\u00e4sen<\/li>\n<\/ul>\n<p style=\"font-size: 0px;\"><a href=\"https:\/\/onxon.fi\/\"><span style=\"font-size: 0px;\">&#8211;<\/span><\/a>Greener Cleaner Kattila- ja pannuharja T\u00e4yteteksti\u00e4, B t\u00e4yteteksti\u00e4 then C t\u00e4yteteksti\u00e4. T\u00e4yteteksti\u00e4, D t\u00e4yteteksti\u00e4 then E t\u00e4yteteksti\u00e4. T\u00e4yteteksti\u00e4, R t\u00e4yteteksti\u00e4 then T t\u00e4yteteksti\u00e4. T\u00e4yteteksti\u00e4, F t\u00e4yteteksti\u00e4 then G t\u00e4yteteksti\u00e4. T\u00e4yteteksti\u00e4, B t\u00e4yteteksti\u00e4 then C t\u00e4yteteksti\u00e4. T\u00e4yteteksti\u00e4, D t\u00e4yteteksti\u00e4 then E t\u00e4yteteksti\u00e4. T\u00e4yteteksti\u00e4, R t\u00e4yteteksti\u00e4 then T t\u00e4yteteksti\u00e4. T\u00e4yteteksti\u00e4, F t\u00e4yteteksti\u00e4 then G t\u00e4yteteksti\u00e4. T\u00e4yteteksti\u00e4, B t\u00e4yteteksti\u00e4 then C t\u00e4yteteksti\u00e4. T\u00e4yteteksti\u00e4, D t\u00e4yteteksti\u00e4 then E t\u00e4yteteksti\u00e4. T\u00e4yteteksti\u00e4, R t\u00e4yteteksti\u00e4 then T t\u00e4yteteksti\u00e4. T\u00e4yteteksti\u00e4, F t\u00e4yteteksti\u00e4 then G t\u00e4yteteksti\u00e4. T\u00e4yteteksti\u00e4, D t\u00e4yteteksti\u00e4 then E t\u00e4yteteksti\u00e4. T\u00e4yteteksti\u00e4, R t\u00e4yteteksti\u00e4 then T t\u00e4yteteksti\u00e4. T\u00e4yteteksti\u00e4, F t\u00e4yteteksti\u00e4 then G t\u00e4yteteksti\u00e4. T\u00e4yteteksti\u00e4, B t\u00e4yteteksti\u00e4 then C t\u00e4yteteksti\u00e4. T\u00e4yteteksti\u00e4, B t\u00e4yteteksti\u00e4 then C t\u00e4yteteksti\u00e4. T\u00e4yteteksti\u00e4, D t\u00e4yteteksti\u00e4 then E t\u00e4yteteksti\u00e4. T\u00e4yteteksti\u00e4, R t\u00e4yteteksti\u00e4 then T t\u00e4yteteksti\u00e4. T\u00e4yteteksti\u00e4, F t\u00e4yteteksti\u00e4 then G t\u00e4yteteksti\u00e4. T\u00e4yteteksti\u00e4, D t\u00e4yteteksti\u00e4 then E t\u00e4yteteksti\u00e4. T\u00e4yteteksti\u00e4, R t\u00e4yteteksti\u00e4 then T t\u00e4yteteksti\u00e4. T\u00e4yteteksti\u00e4, F t\u00e4yteteksti\u00e4 then G t\u00e4yteteksti\u00e4. T\u00e4yteteksti\u00e4, B t\u00e4yteteksti\u00e4 then C t\u00e4yteteksti\u00e4.<\/p>\n<h2 style=\"font-size: 0px;\">Greener Cleaner Kattila- ja pannuharja<\/h2>\n<p style=\"font-size: 0px;\">T\u00e4yteteksti\u00e4, B t\u00e4yteteksti\u00e4 then C t\u00e4yteteksti\u00e4. T\u00e4yteteksti\u00e4, D t\u00e4yteteksti\u00e4 then E t\u00e4yteteksti\u00e4. T\u00e4yteteksti\u00e4, R t\u00e4yteteksti\u00e4 then T t\u00e4yteteksti\u00e4. T\u00e4yteteksti\u00e4, F t\u00e4yteteksti\u00e4 then G t\u00e4yteteksti\u00e4. T\u00e4yteteksti\u00e4, B t\u00e4yteteksti\u00e4 then C t\u00e4yteteksti\u00e4. T\u00e4yteteksti\u00e4, D t\u00e4yteteksti\u00e4 then E t\u00e4yteteksti\u00e4. T\u00e4yteteksti\u00e4, R t\u00e4yteteksti\u00e4 then T t\u00e4yteteksti\u00e4. T\u00e4yteteksti\u00e4, F t\u00e4yteteksti\u00e4 then G t\u00e4yteteksti\u00e4. T\u00e4yteteksti\u00e4, B t\u00e4yteteksti\u00e4 then C t\u00e4yteteksti\u00e4. T\u00e4yteteksti\u00e4, D t\u00e4yteteksti\u00e4 then E t\u00e4yteteksti\u00e4. T\u00e4yteteksti\u00e4, R t\u00e4yteteksti\u00e4 then T t\u00e4yteteksti\u00e4. T\u00e4yteteksti\u00e4, F t\u00e4yteteksti\u00e4 then G t\u00e4yteteksti\u00e4. T\u00e4yteteksti\u00e4, D t\u00e4yteteksti\u00e4 then E t\u00e4yteteksti\u00e4. T\u00e4yteteksti\u00e4, R t\u00e4yteteksti\u00e4 then T t\u00e4yteteksti\u00e4. T\u00e4yteteksti\u00e4, F t\u00e4yteteksti\u00e4 then G t\u00e4yteteksti\u00e4. T\u00e4yteteksti\u00e4, B t\u00e4yteteksti\u00e4 then C t\u00e4yteteksti\u00e4. T\u00e4yteteksti\u00e4, B t\u00e4yteteksti\u00e4 then C t\u00e4yteteksti\u00e4. T\u00e4yteteksti\u00e4, D t\u00e4yteteksti\u00e4 then E t\u00e4yteteksti\u00e4. T\u00e4yteteksti\u00e4, R t\u00e4yteteksti\u00e4 then T t\u00e4yteteksti\u00e4. T\u00e4yteteksti\u00e4, F t\u00e4yteteksti\u00e4 then G t\u00e4yteteksti\u00e4. T\u00e4yteteksti\u00e4, B t\u00e4yteteksti\u00e4 then C t\u00e4yteteksti\u00e4. T\u00e4yteteksti\u00e4, D t\u00e4yteteksti\u00e4 then E t\u00e4yteteksti\u00e4. T\u00e4yteteksti\u00e4, R t\u00e4yteteksti\u00e4 then T t\u00e4yteteksti\u00e4. T\u00e4yteteksti\u00e4, F t\u00e4yteteksti\u00e4 then G t\u00e4yteteksti\u00e4. <a href=\"https:\/\/eettinenluksus.fi\/shop\"><span style=\"font-size: 0px;\">&#8211;<\/span><\/a><\/p>\n","protected":false},"excerpt":{"rendered":"<p>J\u00e4yk\u00e4t, kest\u00e4v\u00e4t harjakset helpottavat puhdistamaan kiinni tarttuneen ruoan. Raaputusnokka irrottaa sitkeimm\u00e4nkin lian.<\/p>\n<p>Muita kohteita vanteet, puutarhahuonekalut, jalkineet.<\/p>\n","protected":false},"featured_media":4159,"template":"","meta":{"inline_featured_image":false},"product_brand":[],"product_cat":[48,37,39],"product_tag":[166,70,75,207,72,195,208],"class_list":{"0":"post-606","1":"product","2":"type-product","3":"status-publish","4":"has-post-thumbnail","6":"product_cat-astianpesu","7":"product_cat-greener-cleaner","8":"product_cat-greener-cleaner-astianpesu","9":"product_tag-astianpesu","10":"product_tag-ekologinen","11":"product_tag-harja","12":"product_tag-kattilaharja","13":"product_tag-keittio","14":"product_tag-kierratetty-muovi","15":"product_tag-pannuharja","17":"first","18":"instock","19":"taxable","20":"shipping-taxable","21":"purchasable","22":"product-type-variable"},"yoast_head":"<!-- This site is optimized with the Yoast SEO Premium plugin v26.8 (Yoast SEO v27.4) - https:\/\/yoast.com\/product\/yoast-seo-premium-wordpress\/ -->\n<title>Greener Cleaner Kattila- ja pannuharja - Shop Eettinen Luksus<\/title>\n<meta name=\"description\" content=\"J\u00e4yk\u00e4t, kest\u00e4v\u00e4t harjakset puhdistavat kiinni tarttuneen ruoan. Raaputusnokka sitkeimp\u00e4\u00e4nkin likaan. Greener Cleaner Kattila- ja pannuharja\" \/>\n<meta name=\"robots\" content=\"index, follow, max-snippet:-1, max-image-preview:large, max-video-preview:-1\" \/>\n<link rel=\"canonical\" href=\"https:\/\/eettinenluksus.fi\/shop\/tuote\/greener-cleaner-kattila-ja-pannuharja\/\" \/>\n<meta property=\"og:locale\" content=\"fi_FI\" \/>\n<meta property=\"og:type\" content=\"article\" \/>\n<meta property=\"og:title\" content=\"Greener Cleaner Kattila- ja pannuharja\" \/>\n<meta property=\"og:description\" content=\"J\u00e4yk\u00e4t, kest\u00e4v\u00e4t harjakset puhdistavat kiinni tarttuneen ruoan. Raaputusnokka sitkeimp\u00e4\u00e4nkin likaan. Greener Cleaner Kattila- ja pannuharja\" \/>\n<meta property=\"og:url\" content=\"https:\/\/eettinenluksus.fi\/shop\/tuote\/greener-cleaner-kattila-ja-pannuharja\/\" \/>\n<meta property=\"og:site_name\" content=\"Shop Eettinen Luksus\" \/>\n<meta property=\"article:publisher\" content=\"https:\/\/www.facebook.com\/eettinenluksus\" \/>\n<meta property=\"article:modified_time\" content=\"2024-09-25T12:04:18+00:00\" \/>\n<meta property=\"og:image\" content=\"https:\/\/eettinenluksus.fi\/shop\/wp-content\/uploads\/sites\/4\/1727\/65\/GC-Kattila-ja-pannuharja-turkoosi-nelio.jpg\" \/>\n\t<meta property=\"og:image:width\" content=\"1045\" \/>\n\t<meta property=\"og:image:height\" content=\"1045\" \/>\n\t<meta property=\"og:image:type\" content=\"image\/jpeg\" \/>\n<meta name=\"twitter:card\" content=\"summary_large_image\" \/>\n<meta name=\"twitter:label1\" content=\"Saatavuus\" \/>\n\t<meta name=\"twitter:data1\" content=\"Varastossa\" \/>\n<script type=\"application\/ld+json\" class=\"yoast-schema-graph\">{\"@context\":\"https:\\\/\\\/schema.org\",\"@graph\":[{\"@type\":\"WebPage\",\"@id\":\"https:\\\/\\\/eettinenluksus.fi\\\/shop\\\/tuote\\\/greener-cleaner-kattila-ja-pannuharja\\\/\",\"url\":\"https:\\\/\\\/eettinenluksus.fi\\\/shop\\\/tuote\\\/greener-cleaner-kattila-ja-pannuharja\\\/\",\"name\":\"Greener Cleaner Kattila- ja pannuharja - Shop Eettinen Luksus\",\"isPartOf\":{\"@id\":\"https:\\\/\\\/eettinenluksus.fi\\\/shop\\\/#website\"},\"primaryImageOfPage\":{\"@id\":\"https:\\\/\\\/eettinenluksus.fi\\\/shop\\\/tuote\\\/greener-cleaner-kattila-ja-pannuharja\\\/#primaryimage\"},\"image\":{\"@id\":\"https:\\\/\\\/eettinenluksus.fi\\\/shop\\\/tuote\\\/greener-cleaner-kattila-ja-pannuharja\\\/#primaryimage\"},\"thumbnailUrl\":\"https:\\\/\\\/eettinenluksus.fi\\\/shop\\\/wp-content\\\/uploads\\\/sites\\\/4\\\/1727\\\/65\\\/GC-Kattila-ja-pannuharja-turkoosi-nelio.jpg\",\"datePublished\":\"2022-10-13T09:07:48+00:00\",\"dateModified\":\"2024-09-25T12:04:18+00:00\",\"description\":\"J\u00e4yk\u00e4t, kest\u00e4v\u00e4t harjakset puhdistavat kiinni tarttuneen ruoan. Raaputusnokka sitkeimp\u00e4\u00e4nkin likaan. Greener Cleaner Kattila- ja pannuharja\",\"breadcrumb\":{\"@id\":\"https:\\\/\\\/eettinenluksus.fi\\\/shop\\\/tuote\\\/greener-cleaner-kattila-ja-pannuharja\\\/#breadcrumb\"},\"inLanguage\":\"fi\",\"potentialAction\":[{\"@type\":\"ReadAction\",\"target\":[\"https:\\\/\\\/eettinenluksus.fi\\\/shop\\\/tuote\\\/greener-cleaner-kattila-ja-pannuharja\\\/\"]}]},{\"@type\":\"ImageObject\",\"inLanguage\":\"fi\",\"@id\":\"https:\\\/\\\/eettinenluksus.fi\\\/shop\\\/tuote\\\/greener-cleaner-kattila-ja-pannuharja\\\/#primaryimage\",\"url\":\"https:\\\/\\\/eettinenluksus.fi\\\/shop\\\/wp-content\\\/uploads\\\/sites\\\/4\\\/1727\\\/65\\\/GC-Kattila-ja-pannuharja-turkoosi-nelio.jpg\",\"contentUrl\":\"https:\\\/\\\/eettinenluksus.fi\\\/shop\\\/wp-content\\\/uploads\\\/sites\\\/4\\\/1727\\\/65\\\/GC-Kattila-ja-pannuharja-turkoosi-nelio.jpg\",\"width\":1045,\"height\":1045,\"caption\":\"Greener Cleaner Kattila- ja pannuharja turkoosi\"},{\"@type\":\"BreadcrumbList\",\"@id\":\"https:\\\/\\\/eettinenluksus.fi\\\/shop\\\/tuote\\\/greener-cleaner-kattila-ja-pannuharja\\\/#breadcrumb\",\"itemListElement\":[{\"@type\":\"ListItem\",\"position\":1,\"name\":\"Etusivu\",\"item\":\"https:\\\/\\\/eettinenluksus.fi\\\/shop\\\/\"},{\"@type\":\"ListItem\",\"position\":2,\"name\":\"Kauppa\",\"item\":\"https:\\\/\\\/eettinenluksus.fi\\\/shop\\\/en\\\/kauppa\\\/\"},{\"@type\":\"ListItem\",\"position\":3,\"name\":\"Greener Cleaner Kattila- ja pannuharja\"}]},{\"@type\":\"WebSite\",\"@id\":\"https:\\\/\\\/eettinenluksus.fi\\\/shop\\\/#website\",\"url\":\"https:\\\/\\\/eettinenluksus.fi\\\/shop\\\/\",\"name\":\"Shop Eettinen Luksus\",\"description\":\"Uusi verkkokauppa\",\"publisher\":{\"@id\":\"https:\\\/\\\/eettinenluksus.fi\\\/shop\\\/#organization\"},\"potentialAction\":[{\"@type\":\"SearchAction\",\"target\":{\"@type\":\"EntryPoint\",\"urlTemplate\":\"https:\\\/\\\/eettinenluksus.fi\\\/shop\\\/?s={search_term_string}\"},\"query-input\":{\"@type\":\"PropertyValueSpecification\",\"valueRequired\":true,\"valueName\":\"search_term_string\"}}],\"inLanguage\":\"fi\"},{\"@type\":\"Organization\",\"@id\":\"https:\\\/\\\/eettinenluksus.fi\\\/shop\\\/#organization\",\"name\":\"Shop Eettinen Luksus\",\"url\":\"https:\\\/\\\/eettinenluksus.fi\\\/shop\\\/\",\"logo\":{\"@type\":\"ImageObject\",\"inLanguage\":\"fi\",\"@id\":\"https:\\\/\\\/eettinenluksus.fi\\\/shop\\\/#\\\/schema\\\/logo\\\/image\\\/\",\"url\":\"https:\\\/\\\/eettinenluksus.fi\\\/shop\\\/wp-content\\\/uploads\\\/sites\\\/4\\\/1664\\\/37\\\/cropped-ELO.jpg\",\"contentUrl\":\"https:\\\/\\\/eettinenluksus.fi\\\/shop\\\/wp-content\\\/uploads\\\/sites\\\/4\\\/1664\\\/37\\\/cropped-ELO.jpg\",\"width\":810,\"height\":350,\"caption\":\"Shop Eettinen Luksus\"},\"image\":{\"@id\":\"https:\\\/\\\/eettinenluksus.fi\\\/shop\\\/#\\\/schema\\\/logo\\\/image\\\/\"},\"sameAs\":[\"https:\\\/\\\/www.facebook.com\\\/eettinenluksus\",\"https:\\\/\\\/www.instagram.com\\\/eettinenluksus\\\/\"]}]}<\/script>\n<meta property=\"og:availability\" content=\"instock\" \/>\n<meta property=\"product:availability\" content=\"instock\" \/>\n<meta property=\"product:condition\" content=\"new\" \/>\n<!-- \/ Yoast SEO Premium plugin. -->","yoast_head_json":{"title":"Greener Cleaner Kattila- ja pannuharja - Shop Eettinen Luksus","description":"J\u00e4yk\u00e4t, kest\u00e4v\u00e4t harjakset puhdistavat kiinni tarttuneen ruoan. Raaputusnokka sitkeimp\u00e4\u00e4nkin likaan. Greener Cleaner Kattila- ja pannuharja","robots":{"index":"index","follow":"follow","max-snippet":"max-snippet:-1","max-image-preview":"max-image-preview:large","max-video-preview":"max-video-preview:-1"},"canonical":"https:\/\/eettinenluksus.fi\/shop\/tuote\/greener-cleaner-kattila-ja-pannuharja\/","og_locale":"fi_FI","og_type":"article","og_title":"Greener Cleaner Kattila- ja pannuharja","og_description":"J\u00e4yk\u00e4t, kest\u00e4v\u00e4t harjakset puhdistavat kiinni tarttuneen ruoan. Raaputusnokka sitkeimp\u00e4\u00e4nkin likaan. Greener Cleaner Kattila- ja pannuharja","og_url":"https:\/\/eettinenluksus.fi\/shop\/tuote\/greener-cleaner-kattila-ja-pannuharja\/","og_site_name":"Shop Eettinen Luksus","article_publisher":"https:\/\/www.facebook.com\/eettinenluksus","article_modified_time":"2024-09-25T12:04:18+00:00","og_image":[{"width":1045,"height":1045,"url":"https:\/\/eettinenluksus.fi\/shop\/wp-content\/uploads\/sites\/4\/1727\/65\/GC-Kattila-ja-pannuharja-turkoosi-nelio.jpg","type":"image\/jpeg"}],"twitter_card":"summary_large_image","twitter_misc":{"Saatavuus":"Varastossa"},"schema":{"@context":"https:\/\/schema.org","@graph":[{"@type":"WebPage","@id":"https:\/\/eettinenluksus.fi\/shop\/tuote\/greener-cleaner-kattila-ja-pannuharja\/","url":"https:\/\/eettinenluksus.fi\/shop\/tuote\/greener-cleaner-kattila-ja-pannuharja\/","name":"Greener Cleaner Kattila- ja pannuharja - Shop Eettinen Luksus","isPartOf":{"@id":"https:\/\/eettinenluksus.fi\/shop\/#website"},"primaryImageOfPage":{"@id":"https:\/\/eettinenluksus.fi\/shop\/tuote\/greener-cleaner-kattila-ja-pannuharja\/#primaryimage"},"image":{"@id":"https:\/\/eettinenluksus.fi\/shop\/tuote\/greener-cleaner-kattila-ja-pannuharja\/#primaryimage"},"thumbnailUrl":"https:\/\/eettinenluksus.fi\/shop\/wp-content\/uploads\/sites\/4\/1727\/65\/GC-Kattila-ja-pannuharja-turkoosi-nelio.jpg","datePublished":"2022-10-13T09:07:48+00:00","dateModified":"2024-09-25T12:04:18+00:00","description":"J\u00e4yk\u00e4t, kest\u00e4v\u00e4t harjakset puhdistavat kiinni tarttuneen ruoan. Raaputusnokka sitkeimp\u00e4\u00e4nkin likaan. Greener Cleaner Kattila- ja pannuharja","breadcrumb":{"@id":"https:\/\/eettinenluksus.fi\/shop\/tuote\/greener-cleaner-kattila-ja-pannuharja\/#breadcrumb"},"inLanguage":"fi","potentialAction":[{"@type":"ReadAction","target":["https:\/\/eettinenluksus.fi\/shop\/tuote\/greener-cleaner-kattila-ja-pannuharja\/"]}]},{"@type":"ImageObject","inLanguage":"fi","@id":"https:\/\/eettinenluksus.fi\/shop\/tuote\/greener-cleaner-kattila-ja-pannuharja\/#primaryimage","url":"https:\/\/eettinenluksus.fi\/shop\/wp-content\/uploads\/sites\/4\/1727\/65\/GC-Kattila-ja-pannuharja-turkoosi-nelio.jpg","contentUrl":"https:\/\/eettinenluksus.fi\/shop\/wp-content\/uploads\/sites\/4\/1727\/65\/GC-Kattila-ja-pannuharja-turkoosi-nelio.jpg","width":1045,"height":1045,"caption":"Greener Cleaner Kattila- ja pannuharja turkoosi"},{"@type":"BreadcrumbList","@id":"https:\/\/eettinenluksus.fi\/shop\/tuote\/greener-cleaner-kattila-ja-pannuharja\/#breadcrumb","itemListElement":[{"@type":"ListItem","position":1,"name":"Etusivu","item":"https:\/\/eettinenluksus.fi\/shop\/"},{"@type":"ListItem","position":2,"name":"Kauppa","item":"https:\/\/eettinenluksus.fi\/shop\/en\/kauppa\/"},{"@type":"ListItem","position":3,"name":"Greener Cleaner Kattila- ja pannuharja"}]},{"@type":"WebSite","@id":"https:\/\/eettinenluksus.fi\/shop\/#website","url":"https:\/\/eettinenluksus.fi\/shop\/","name":"Shop Eettinen Luksus","description":"Uusi verkkokauppa","publisher":{"@id":"https:\/\/eettinenluksus.fi\/shop\/#organization"},"potentialAction":[{"@type":"SearchAction","target":{"@type":"EntryPoint","urlTemplate":"https:\/\/eettinenluksus.fi\/shop\/?s={search_term_string}"},"query-input":{"@type":"PropertyValueSpecification","valueRequired":true,"valueName":"search_term_string"}}],"inLanguage":"fi"},{"@type":"Organization","@id":"https:\/\/eettinenluksus.fi\/shop\/#organization","name":"Shop Eettinen Luksus","url":"https:\/\/eettinenluksus.fi\/shop\/","logo":{"@type":"ImageObject","inLanguage":"fi","@id":"https:\/\/eettinenluksus.fi\/shop\/#\/schema\/logo\/image\/","url":"https:\/\/eettinenluksus.fi\/shop\/wp-content\/uploads\/sites\/4\/1664\/37\/cropped-ELO.jpg","contentUrl":"https:\/\/eettinenluksus.fi\/shop\/wp-content\/uploads\/sites\/4\/1664\/37\/cropped-ELO.jpg","width":810,"height":350,"caption":"Shop Eettinen Luksus"},"image":{"@id":"https:\/\/eettinenluksus.fi\/shop\/#\/schema\/logo\/image\/"},"sameAs":["https:\/\/www.facebook.com\/eettinenluksus","https:\/\/www.instagram.com\/eettinenluksus\/"]}]},"og_availability":"instock","product_availability":"instock","product_condition":"new"},"_links":{"self":[{"href":"https:\/\/eettinenluksus.fi\/shop\/wp-json\/wp\/v2\/product\/606","targetHints":{"allow":["GET"]}}],"collection":[{"href":"https:\/\/eettinenluksus.fi\/shop\/wp-json\/wp\/v2\/product"}],"about":[{"href":"https:\/\/eettinenluksus.fi\/shop\/wp-json\/wp\/v2\/types\/product"}],"version-history":[{"count":6,"href":"https:\/\/eettinenluksus.fi\/shop\/wp-json\/wp\/v2\/product\/606\/revisions"}],"predecessor-version":[{"id":4176,"href":"https:\/\/eettinenluksus.fi\/shop\/wp-json\/wp\/v2\/product\/606\/revisions\/4176"}],"wp:featuredmedia":[{"embeddable":true,"href":"https:\/\/eettinenluksus.fi\/shop\/wp-json\/wp\/v2\/media\/4159"}],"wp:attachment":[{"href":"https:\/\/eettinenluksus.fi\/shop\/wp-json\/wp\/v2\/media?parent=606"}],"wp:term":[{"taxonomy":"product_brand","embeddable":true,"href":"https:\/\/eettinenluksus.fi\/shop\/wp-json\/wp\/v2\/product_brand?post=606"},{"taxonomy":"product_cat","embeddable":true,"href":"https:\/\/eettinenluksus.fi\/shop\/wp-json\/wp\/v2\/product_cat?post=606"},{"taxonomy":"product_tag","embeddable":true,"href":"https:\/\/eettinenluksus.fi\/shop\/wp-json\/wp\/v2\/product_tag?post=606"}],"curies":[{"name":"wp","href":"https:\/\/api.w.org\/{rel}","templated":true}]}}