{"id":600,"date":"2022-10-13T11:43:22","date_gmt":"2022-10-13T08:43:22","guid":{"rendered":"https:\/\/eettinenluksus.fi\/shop2022\/?post_type=product&#038;p=600"},"modified":"2024-09-25T13:43:51","modified_gmt":"2024-09-25T10:43:51","slug":"greener-cleaner-ikkunalasta-24cm","status":"publish","type":"product","link":"https:\/\/eettinenluksus.fi\/shop\/tuote\/greener-cleaner-ikkunalasta-24cm\/","title":{"rendered":"Greener Cleaner Ikkunalasta 24cm"},"content":{"rendered":"<p style=\"font-size: 0px;\">Greener Cleaner Ikkunalasta<\/p>\n<p>Pehme\u00e4 kumireunus (ei kierr\u00e4tetty). Mukava, pehme\u00e4 k\u00e4densija.<\/p>\n<p>Pyyhkii veden ja muut nesteet kaikilta tasaisilta pinnoilta k\u00e4den k\u00e4\u00e4nteess\u00e4. Kokeile ikkunoille, lasipinnoille, kaakeleille, suihkuseinille tai auton pinnoille.<\/p>\n<ul>\n<li>Ekologinen<\/li>\n<li>Valmistettu 100 % kierr\u00e4tetyst\u00e4 materiaalista<\/li>\n<li>Konepest\u00e4v\u00e4, kest\u00e4\u00e4 min. 52 konepesua<\/li>\n<li>Ripustusreik\u00e4 s\u00e4ilytykseen<\/li>\n<li>1% for the planet -j\u00e4sen<\/li>\n<li>Surfers against sewage -j\u00e4sen<\/li>\n<\/ul>\n<p style=\"font-size: 0px;\"><a href=\"https:\/\/onxon.fi\/\"><span style=\"font-size: 0px;\">&#8211;<\/span><\/a>Greener Cleaner Ikkunalasta T\u00e4yteteksti\u00e4, B t\u00e4yteteksti\u00e4 then C t\u00e4yteteksti\u00e4. T\u00e4yteteksti\u00e4, D t\u00e4yteteksti\u00e4 then E t\u00e4yteteksti\u00e4. T\u00e4yteteksti\u00e4, R t\u00e4yteteksti\u00e4 then T t\u00e4yteteksti\u00e4. T\u00e4yteteksti\u00e4, F t\u00e4yteteksti\u00e4 then G t\u00e4yteteksti\u00e4. T\u00e4yteteksti\u00e4, B t\u00e4yteteksti\u00e4 then C t\u00e4yteteksti\u00e4. T\u00e4yteteksti\u00e4, D t\u00e4yteteksti\u00e4 then E t\u00e4yteteksti\u00e4. T\u00e4yteteksti\u00e4, R t\u00e4yteteksti\u00e4 then T t\u00e4yteteksti\u00e4. T\u00e4yteteksti\u00e4, F t\u00e4yteteksti\u00e4 then G t\u00e4yteteksti\u00e4. T\u00e4yteteksti\u00e4, B t\u00e4yteteksti\u00e4 then C t\u00e4yteteksti\u00e4. T\u00e4yteteksti\u00e4, D t\u00e4yteteksti\u00e4 then E t\u00e4yteteksti\u00e4. T\u00e4yteteksti\u00e4, R t\u00e4yteteksti\u00e4 then T t\u00e4yteteksti\u00e4. T\u00e4yteteksti\u00e4, F t\u00e4yteteksti\u00e4 then G t\u00e4yteteksti\u00e4. T\u00e4yteteksti\u00e4, D t\u00e4yteteksti\u00e4 then E t\u00e4yteteksti\u00e4. T\u00e4yteteksti\u00e4, R t\u00e4yteteksti\u00e4 then T t\u00e4yteteksti\u00e4. T\u00e4yteteksti\u00e4, F t\u00e4yteteksti\u00e4 then G t\u00e4yteteksti\u00e4. T\u00e4yteteksti\u00e4, B t\u00e4yteteksti\u00e4 then C t\u00e4yteteksti\u00e4.<\/p>\n<h2 style=\"font-size: 0px;\">Greener Cleaner Ikkunalasta<\/h2>\n<p style=\"font-size: 0px;\">T\u00e4yteteksti\u00e4, B t\u00e4yteteksti\u00e4 then C t\u00e4yteteksti\u00e4. T\u00e4yteteksti\u00e4, D t\u00e4yteteksti\u00e4 then E t\u00e4yteteksti\u00e4. T\u00e4yteteksti\u00e4, R t\u00e4yteteksti\u00e4 then T t\u00e4yteteksti\u00e4. T\u00e4yteteksti\u00e4, F t\u00e4yteteksti\u00e4 then G t\u00e4yteteksti\u00e4. T\u00e4yteteksti\u00e4, B t\u00e4yteteksti\u00e4 then C t\u00e4yteteksti\u00e4. T\u00e4yteteksti\u00e4, D t\u00e4yteteksti\u00e4 then E t\u00e4yteteksti\u00e4. T\u00e4yteteksti\u00e4, R t\u00e4yteteksti\u00e4 then T t\u00e4yteteksti\u00e4. T\u00e4yteteksti\u00e4, F t\u00e4yteteksti\u00e4 then G t\u00e4yteteksti\u00e4. T\u00e4yteteksti\u00e4, B t\u00e4yteteksti\u00e4 then C t\u00e4yteteksti\u00e4. T\u00e4yteteksti\u00e4, D t\u00e4yteteksti\u00e4 then E t\u00e4yteteksti\u00e4. T\u00e4yteteksti\u00e4, R t\u00e4yteteksti\u00e4 then T t\u00e4yteteksti\u00e4. T\u00e4yteteksti\u00e4, F t\u00e4yteteksti\u00e4 then G t\u00e4yteteksti\u00e4. T\u00e4yteteksti\u00e4, D t\u00e4yteteksti\u00e4 then E t\u00e4yteteksti\u00e4. T\u00e4yteteksti\u00e4, R t\u00e4yteteksti\u00e4 then T t\u00e4yteteksti\u00e4. T\u00e4yteteksti\u00e4, F t\u00e4yteteksti\u00e4 then G t\u00e4yteteksti\u00e4. T\u00e4yteteksti\u00e4, B t\u00e4yteteksti\u00e4 then C t\u00e4yteteksti\u00e4. <a href=\"https:\/\/eettinenluksus.fi\/shop\"><span style=\"font-size: 0px;\">&#8211;<\/span><\/a><\/p>\n","protected":false},"excerpt":{"rendered":"<p>Pehme\u00e4 kumireunus (ei kierr\u00e4tetty). Mukava, pehme\u00e4 k\u00e4densija.<\/p>\n","protected":false},"featured_media":4139,"template":"","meta":{"inline_featured_image":false},"product_brand":[],"product_cat":[37,38,49],"product_tag":[70,197,198,195,88],"class_list":{"0":"post-600","1":"product","2":"type-product","3":"status-publish","4":"has-post-thumbnail","6":"product_cat-greener-cleaner","7":"product_cat-greener-cleaner-siivous","8":"product_cat-siivous","9":"product_tag-ekologinen","10":"product_tag-ikkunalasta","11":"product_tag-ikkunanpesu","12":"product_tag-kierratetty-muovi","13":"product_tag-siivous","15":"first","16":"instock","17":"taxable","18":"shipping-taxable","19":"purchasable","20":"product-type-variable"},"yoast_head":"<!-- This site is optimized with the Yoast SEO Premium plugin v26.8 (Yoast SEO v27.4) - https:\/\/yoast.com\/product\/yoast-seo-premium-wordpress\/ -->\n<title>Greener Cleaner Ikkunalasta 24cm - Shop Eettinen Luksus<\/title>\n<meta name=\"description\" content=\"Pehme\u00e4 kumireunus (ei kierr\u00e4tetty). Mukava, pehme\u00e4 k\u00e4densija. Materiaalina 100% kierr\u00e4tysmuovi. Greener Cleaner Ikkunalasta\" \/>\n<meta name=\"robots\" content=\"index, follow, max-snippet:-1, max-image-preview:large, max-video-preview:-1\" \/>\n<link rel=\"canonical\" href=\"https:\/\/eettinenluksus.fi\/shop\/tuote\/greener-cleaner-ikkunalasta-24cm\/\" \/>\n<meta property=\"og:locale\" content=\"fi_FI\" \/>\n<meta property=\"og:type\" content=\"article\" \/>\n<meta property=\"og:title\" content=\"Greener Cleaner Ikkunalasta 24cm\" \/>\n<meta property=\"og:description\" content=\"Pehme\u00e4 kumireunus (ei kierr\u00e4tetty). Mukava, pehme\u00e4 k\u00e4densija. Materiaalina 100% kierr\u00e4tysmuovi. Greener Cleaner Ikkunalasta\" \/>\n<meta property=\"og:url\" content=\"https:\/\/eettinenluksus.fi\/shop\/tuote\/greener-cleaner-ikkunalasta-24cm\/\" \/>\n<meta property=\"og:site_name\" content=\"Shop Eettinen Luksus\" \/>\n<meta property=\"article:publisher\" content=\"https:\/\/www.facebook.com\/eettinenluksus\" \/>\n<meta property=\"article:modified_time\" content=\"2024-09-25T10:43:51+00:00\" \/>\n<meta property=\"og:image\" content=\"https:\/\/eettinenluksus.fi\/shop\/wp-content\/uploads\/sites\/4\/1727\/59\/GC-Ikkunalasta-vaalea-nelio.jpg\" \/>\n\t<meta property=\"og:image:width\" content=\"600\" \/>\n\t<meta property=\"og:image:height\" content=\"600\" \/>\n\t<meta property=\"og:image:type\" content=\"image\/jpeg\" \/>\n<meta name=\"twitter:card\" content=\"summary_large_image\" \/>\n<meta name=\"twitter:label1\" content=\"Saatavuus\" \/>\n\t<meta name=\"twitter:data1\" content=\"Varastossa\" \/>\n<script type=\"application\/ld+json\" class=\"yoast-schema-graph\">{\"@context\":\"https:\\\/\\\/schema.org\",\"@graph\":[{\"@type\":\"WebPage\",\"@id\":\"https:\\\/\\\/eettinenluksus.fi\\\/shop\\\/tuote\\\/greener-cleaner-ikkunalasta-24cm\\\/\",\"url\":\"https:\\\/\\\/eettinenluksus.fi\\\/shop\\\/tuote\\\/greener-cleaner-ikkunalasta-24cm\\\/\",\"name\":\"Greener Cleaner Ikkunalasta 24cm - Shop Eettinen Luksus\",\"isPartOf\":{\"@id\":\"https:\\\/\\\/eettinenluksus.fi\\\/shop\\\/#website\"},\"primaryImageOfPage\":{\"@id\":\"https:\\\/\\\/eettinenluksus.fi\\\/shop\\\/tuote\\\/greener-cleaner-ikkunalasta-24cm\\\/#primaryimage\"},\"image\":{\"@id\":\"https:\\\/\\\/eettinenluksus.fi\\\/shop\\\/tuote\\\/greener-cleaner-ikkunalasta-24cm\\\/#primaryimage\"},\"thumbnailUrl\":\"https:\\\/\\\/eettinenluksus.fi\\\/shop\\\/wp-content\\\/uploads\\\/sites\\\/4\\\/1727\\\/59\\\/GC-Ikkunalasta-vaalea-nelio.jpg\",\"datePublished\":\"2022-10-13T08:43:22+00:00\",\"dateModified\":\"2024-09-25T10:43:51+00:00\",\"description\":\"Pehme\u00e4 kumireunus (ei kierr\u00e4tetty). Mukava, pehme\u00e4 k\u00e4densija. Materiaalina 100% kierr\u00e4tysmuovi. Greener Cleaner Ikkunalasta\",\"breadcrumb\":{\"@id\":\"https:\\\/\\\/eettinenluksus.fi\\\/shop\\\/tuote\\\/greener-cleaner-ikkunalasta-24cm\\\/#breadcrumb\"},\"inLanguage\":\"fi\",\"potentialAction\":[{\"@type\":\"ReadAction\",\"target\":[\"https:\\\/\\\/eettinenluksus.fi\\\/shop\\\/tuote\\\/greener-cleaner-ikkunalasta-24cm\\\/\"]}]},{\"@type\":\"ImageObject\",\"inLanguage\":\"fi\",\"@id\":\"https:\\\/\\\/eettinenluksus.fi\\\/shop\\\/tuote\\\/greener-cleaner-ikkunalasta-24cm\\\/#primaryimage\",\"url\":\"https:\\\/\\\/eettinenluksus.fi\\\/shop\\\/wp-content\\\/uploads\\\/sites\\\/4\\\/1727\\\/59\\\/GC-Ikkunalasta-vaalea-nelio.jpg\",\"contentUrl\":\"https:\\\/\\\/eettinenluksus.fi\\\/shop\\\/wp-content\\\/uploads\\\/sites\\\/4\\\/1727\\\/59\\\/GC-Ikkunalasta-vaalea-nelio.jpg\",\"width\":600,\"height\":600,\"caption\":\"Greener Cleaner Ikkunalasta vaalea\"},{\"@type\":\"BreadcrumbList\",\"@id\":\"https:\\\/\\\/eettinenluksus.fi\\\/shop\\\/tuote\\\/greener-cleaner-ikkunalasta-24cm\\\/#breadcrumb\",\"itemListElement\":[{\"@type\":\"ListItem\",\"position\":1,\"name\":\"Etusivu\",\"item\":\"https:\\\/\\\/eettinenluksus.fi\\\/shop\\\/\"},{\"@type\":\"ListItem\",\"position\":2,\"name\":\"Kauppa\",\"item\":\"https:\\\/\\\/eettinenluksus.fi\\\/shop\\\/en\\\/kauppa\\\/\"},{\"@type\":\"ListItem\",\"position\":3,\"name\":\"Greener Cleaner Ikkunalasta 24cm\"}]},{\"@type\":\"WebSite\",\"@id\":\"https:\\\/\\\/eettinenluksus.fi\\\/shop\\\/#website\",\"url\":\"https:\\\/\\\/eettinenluksus.fi\\\/shop\\\/\",\"name\":\"Shop Eettinen Luksus\",\"description\":\"Uusi verkkokauppa\",\"publisher\":{\"@id\":\"https:\\\/\\\/eettinenluksus.fi\\\/shop\\\/#organization\"},\"potentialAction\":[{\"@type\":\"SearchAction\",\"target\":{\"@type\":\"EntryPoint\",\"urlTemplate\":\"https:\\\/\\\/eettinenluksus.fi\\\/shop\\\/?s={search_term_string}\"},\"query-input\":{\"@type\":\"PropertyValueSpecification\",\"valueRequired\":true,\"valueName\":\"search_term_string\"}}],\"inLanguage\":\"fi\"},{\"@type\":\"Organization\",\"@id\":\"https:\\\/\\\/eettinenluksus.fi\\\/shop\\\/#organization\",\"name\":\"Shop Eettinen Luksus\",\"url\":\"https:\\\/\\\/eettinenluksus.fi\\\/shop\\\/\",\"logo\":{\"@type\":\"ImageObject\",\"inLanguage\":\"fi\",\"@id\":\"https:\\\/\\\/eettinenluksus.fi\\\/shop\\\/#\\\/schema\\\/logo\\\/image\\\/\",\"url\":\"https:\\\/\\\/eettinenluksus.fi\\\/shop\\\/wp-content\\\/uploads\\\/sites\\\/4\\\/1664\\\/37\\\/cropped-ELO.jpg\",\"contentUrl\":\"https:\\\/\\\/eettinenluksus.fi\\\/shop\\\/wp-content\\\/uploads\\\/sites\\\/4\\\/1664\\\/37\\\/cropped-ELO.jpg\",\"width\":810,\"height\":350,\"caption\":\"Shop Eettinen Luksus\"},\"image\":{\"@id\":\"https:\\\/\\\/eettinenluksus.fi\\\/shop\\\/#\\\/schema\\\/logo\\\/image\\\/\"},\"sameAs\":[\"https:\\\/\\\/www.facebook.com\\\/eettinenluksus\",\"https:\\\/\\\/www.instagram.com\\\/eettinenluksus\\\/\"]}]}<\/script>\n<meta property=\"og:availability\" content=\"instock\" \/>\n<meta property=\"product:availability\" content=\"instock\" \/>\n<meta property=\"product:condition\" content=\"new\" \/>\n<!-- \/ Yoast SEO Premium plugin. -->","yoast_head_json":{"title":"Greener Cleaner Ikkunalasta 24cm - Shop Eettinen Luksus","description":"Pehme\u00e4 kumireunus (ei kierr\u00e4tetty). Mukava, pehme\u00e4 k\u00e4densija. Materiaalina 100% kierr\u00e4tysmuovi. Greener Cleaner Ikkunalasta","robots":{"index":"index","follow":"follow","max-snippet":"max-snippet:-1","max-image-preview":"max-image-preview:large","max-video-preview":"max-video-preview:-1"},"canonical":"https:\/\/eettinenluksus.fi\/shop\/tuote\/greener-cleaner-ikkunalasta-24cm\/","og_locale":"fi_FI","og_type":"article","og_title":"Greener Cleaner Ikkunalasta 24cm","og_description":"Pehme\u00e4 kumireunus (ei kierr\u00e4tetty). Mukava, pehme\u00e4 k\u00e4densija. Materiaalina 100% kierr\u00e4tysmuovi. Greener Cleaner Ikkunalasta","og_url":"https:\/\/eettinenluksus.fi\/shop\/tuote\/greener-cleaner-ikkunalasta-24cm\/","og_site_name":"Shop Eettinen Luksus","article_publisher":"https:\/\/www.facebook.com\/eettinenluksus","article_modified_time":"2024-09-25T10:43:51+00:00","og_image":[{"width":600,"height":600,"url":"https:\/\/eettinenluksus.fi\/shop\/wp-content\/uploads\/sites\/4\/1727\/59\/GC-Ikkunalasta-vaalea-nelio.jpg","type":"image\/jpeg"}],"twitter_card":"summary_large_image","twitter_misc":{"Saatavuus":"Varastossa"},"schema":{"@context":"https:\/\/schema.org","@graph":[{"@type":"WebPage","@id":"https:\/\/eettinenluksus.fi\/shop\/tuote\/greener-cleaner-ikkunalasta-24cm\/","url":"https:\/\/eettinenluksus.fi\/shop\/tuote\/greener-cleaner-ikkunalasta-24cm\/","name":"Greener Cleaner Ikkunalasta 24cm - Shop Eettinen Luksus","isPartOf":{"@id":"https:\/\/eettinenluksus.fi\/shop\/#website"},"primaryImageOfPage":{"@id":"https:\/\/eettinenluksus.fi\/shop\/tuote\/greener-cleaner-ikkunalasta-24cm\/#primaryimage"},"image":{"@id":"https:\/\/eettinenluksus.fi\/shop\/tuote\/greener-cleaner-ikkunalasta-24cm\/#primaryimage"},"thumbnailUrl":"https:\/\/eettinenluksus.fi\/shop\/wp-content\/uploads\/sites\/4\/1727\/59\/GC-Ikkunalasta-vaalea-nelio.jpg","datePublished":"2022-10-13T08:43:22+00:00","dateModified":"2024-09-25T10:43:51+00:00","description":"Pehme\u00e4 kumireunus (ei kierr\u00e4tetty). Mukava, pehme\u00e4 k\u00e4densija. Materiaalina 100% kierr\u00e4tysmuovi. Greener Cleaner Ikkunalasta","breadcrumb":{"@id":"https:\/\/eettinenluksus.fi\/shop\/tuote\/greener-cleaner-ikkunalasta-24cm\/#breadcrumb"},"inLanguage":"fi","potentialAction":[{"@type":"ReadAction","target":["https:\/\/eettinenluksus.fi\/shop\/tuote\/greener-cleaner-ikkunalasta-24cm\/"]}]},{"@type":"ImageObject","inLanguage":"fi","@id":"https:\/\/eettinenluksus.fi\/shop\/tuote\/greener-cleaner-ikkunalasta-24cm\/#primaryimage","url":"https:\/\/eettinenluksus.fi\/shop\/wp-content\/uploads\/sites\/4\/1727\/59\/GC-Ikkunalasta-vaalea-nelio.jpg","contentUrl":"https:\/\/eettinenluksus.fi\/shop\/wp-content\/uploads\/sites\/4\/1727\/59\/GC-Ikkunalasta-vaalea-nelio.jpg","width":600,"height":600,"caption":"Greener Cleaner Ikkunalasta vaalea"},{"@type":"BreadcrumbList","@id":"https:\/\/eettinenluksus.fi\/shop\/tuote\/greener-cleaner-ikkunalasta-24cm\/#breadcrumb","itemListElement":[{"@type":"ListItem","position":1,"name":"Etusivu","item":"https:\/\/eettinenluksus.fi\/shop\/"},{"@type":"ListItem","position":2,"name":"Kauppa","item":"https:\/\/eettinenluksus.fi\/shop\/en\/kauppa\/"},{"@type":"ListItem","position":3,"name":"Greener Cleaner Ikkunalasta 24cm"}]},{"@type":"WebSite","@id":"https:\/\/eettinenluksus.fi\/shop\/#website","url":"https:\/\/eettinenluksus.fi\/shop\/","name":"Shop Eettinen Luksus","description":"Uusi verkkokauppa","publisher":{"@id":"https:\/\/eettinenluksus.fi\/shop\/#organization"},"potentialAction":[{"@type":"SearchAction","target":{"@type":"EntryPoint","urlTemplate":"https:\/\/eettinenluksus.fi\/shop\/?s={search_term_string}"},"query-input":{"@type":"PropertyValueSpecification","valueRequired":true,"valueName":"search_term_string"}}],"inLanguage":"fi"},{"@type":"Organization","@id":"https:\/\/eettinenluksus.fi\/shop\/#organization","name":"Shop Eettinen Luksus","url":"https:\/\/eettinenluksus.fi\/shop\/","logo":{"@type":"ImageObject","inLanguage":"fi","@id":"https:\/\/eettinenluksus.fi\/shop\/#\/schema\/logo\/image\/","url":"https:\/\/eettinenluksus.fi\/shop\/wp-content\/uploads\/sites\/4\/1664\/37\/cropped-ELO.jpg","contentUrl":"https:\/\/eettinenluksus.fi\/shop\/wp-content\/uploads\/sites\/4\/1664\/37\/cropped-ELO.jpg","width":810,"height":350,"caption":"Shop Eettinen Luksus"},"image":{"@id":"https:\/\/eettinenluksus.fi\/shop\/#\/schema\/logo\/image\/"},"sameAs":["https:\/\/www.facebook.com\/eettinenluksus","https:\/\/www.instagram.com\/eettinenluksus\/"]}]},"og_availability":"instock","product_availability":"instock","product_condition":"new"},"_links":{"self":[{"href":"https:\/\/eettinenluksus.fi\/shop\/wp-json\/wp\/v2\/product\/600","targetHints":{"allow":["GET"]}}],"collection":[{"href":"https:\/\/eettinenluksus.fi\/shop\/wp-json\/wp\/v2\/product"}],"about":[{"href":"https:\/\/eettinenluksus.fi\/shop\/wp-json\/wp\/v2\/types\/product"}],"version-history":[{"count":6,"href":"https:\/\/eettinenluksus.fi\/shop\/wp-json\/wp\/v2\/product\/600\/revisions"}],"predecessor-version":[{"id":4154,"href":"https:\/\/eettinenluksus.fi\/shop\/wp-json\/wp\/v2\/product\/600\/revisions\/4154"}],"wp:featuredmedia":[{"embeddable":true,"href":"https:\/\/eettinenluksus.fi\/shop\/wp-json\/wp\/v2\/media\/4139"}],"wp:attachment":[{"href":"https:\/\/eettinenluksus.fi\/shop\/wp-json\/wp\/v2\/media?parent=600"}],"wp:term":[{"taxonomy":"product_brand","embeddable":true,"href":"https:\/\/eettinenluksus.fi\/shop\/wp-json\/wp\/v2\/product_brand?post=600"},{"taxonomy":"product_cat","embeddable":true,"href":"https:\/\/eettinenluksus.fi\/shop\/wp-json\/wp\/v2\/product_cat?post=600"},{"taxonomy":"product_tag","embeddable":true,"href":"https:\/\/eettinenluksus.fi\/shop\/wp-json\/wp\/v2\/product_tag?post=600"}],"curies":[{"name":"wp","href":"https:\/\/api.w.org\/{rel}","templated":true}]}}