{"id":5497,"date":"2026-04-24T11:30:45","date_gmt":"2026-04-24T08:30:45","guid":{"rendered":"https:\/\/eettinenluksus.fi\/shop\/?post_type=product&#038;p=5497"},"modified":"2026-04-24T13:21:00","modified_gmt":"2026-04-24T10:21:00","slug":"method-pure-peace-plus-tuotepaketti","status":"publish","type":"product","link":"https:\/\/eettinenluksus.fi\/shop\/tuote\/method-pure-peace-plus-tuotepaketti\/","title":{"rendered":"Method Pure Peace Plus -tuotepaketti"},"content":{"rendered":"\t\t<div data-elementor-type=\"product-post\" data-elementor-id=\"5497\" class=\"elementor elementor-5497\" data-elementor-settings=\"{&quot;ha_cmc_init_switcher&quot;:&quot;no&quot;}\" data-elementor-post-type=\"product\">\n\t\t\t\t\t\t<section class=\"elementor-section elementor-top-section elementor-element elementor-element-33426e9d elementor-section-boxed elementor-section-height-default elementor-section-height-default\" data-id=\"33426e9d\" data-element_type=\"section\" data-e-type=\"section\" data-settings=\"{&quot;_ha_eqh_enable&quot;:false}\">\n\t\t\t\t\t\t<div class=\"elementor-container elementor-column-gap-default\">\n\t\t\t\t\t<div class=\"elementor-column elementor-col-100 elementor-top-column elementor-element elementor-element-874c10\" data-id=\"874c10\" data-element_type=\"column\" data-e-type=\"column\">\n\t\t\t<div class=\"elementor-widget-wrap elementor-element-populated\">\n\t\t\t\t\t\t<div class=\"elementor-element elementor-element-47b28587 elementor-widget elementor-widget-text-editor\" data-id=\"47b28587\" data-element_type=\"widget\" data-e-type=\"widget\" data-widget_type=\"text-editor.default\">\n\t\t\t\t<div class=\"elementor-widget-container\">\n\t\t\t\t\t\t\t\t\t<p style=\"font-size: 0px;\">Method Suihkusaippua Pure Peace 532ml<\/p><p>Pure Peace -tuotepaketti sis\u00e4lt\u00e4\u00e4:<\/p><p><a href=\"https:\/\/eettinenluksus.fi\/shop\/tuote\/method-shampoo-peacepetals-350ml\/\">TUUHEUTTA LIS\u00c4\u00c4V\u00c4 SHAMPOO<\/a> \u2013 anna itseluottamuksellesi volyymia t\u00e4ll\u00e4 tuuheuttavalla shampoolla, joka on turvallinen v\u00e4rj\u00e4tyille hiuksille ja j\u00e4tt\u00e4\u00e4 hiuksesi kimmoisiksi.<\/p><p><a href=\"https:\/\/eettinenluksus.fi\/shop\/tuote\/method-hoitoaine-peacepetals-350ml\/\">TUUHEUTTA LIS\u00c4\u00c4V\u00c4 HOITOAINE<\/a> \u2013 anna itseluottamuksellesi volyymia t\u00e4ll\u00e4 tuuheuttavalla hoitoaineella, joka on turvallinen v\u00e4rj\u00e4tyille hiuksille eik\u00e4 koskaan j\u00e4t\u00e4 sinua lannistavaksi.<\/p><p><a href=\"https:\/\/eettinenluksus.fi\/shop\/tuote\/method-suihkusaippua-pure-peace-532ml\/\">SUIHKUSAIPPUA PURE PEACE<\/a> \u2013 Pionilla, ruusuvedell\u00e4 ja vaaleanpunaisella merisuolalla maustettu puhdistava suihkugeeli kietoo ihosi rauhoittavaan tuoksuun ja muuttaa suihkusi stressitt\u00f6m\u00e4ksi alueeksi.<\/p><p><a href=\"https:\/\/eettinenluksus.fi\/shop\/tuote\/method-vaahtoava-nestesaippua-hibiscus-berry-300ml\/\">VAAHTOSAIPPUA HIBISBUS<\/a> &#8211; Puhdistaa ihon hell\u00e4varaisesti, koska se sis\u00e4lt\u00e4\u00e4 ihoa hoitavaa glyseriini\u00e4, aloe veraa ja E-vitamiinia.<\/p><ul style=\"font-size: 0px;\"><li>Method Suihkusaippua Pure Peace 532ml<\/li><li>pioni, ruusuvesi, merisuola<\/li><li>pure peace<\/li><li>mielenrauha<\/li><\/ul>\t\t\t\t\t\t\t\t<\/div>\n\t\t\t\t<\/div>\n\t\t\t\t\t<\/div>\n\t\t<\/div>\n\t\t\t\t\t<\/div>\n\t\t<\/section>\n\t\t\t\t<\/div>\n\t\t","protected":false},"excerpt":{"rendered":"<p>Tuuheuttava shampoo + hoitoaine + tuoksuva suihkusaippua +vaahtosaippua<\/p>\n<p>Makean pionin + ruusuveden tuoksuinen Peace + Petals j\u00e4tt\u00e4\u00e4 hiuksesi stressitt\u00f6m\u00e4n tuoksuisiksi. Raikas + kukkainen. Kuin kelluisi kes\u00e4tuulessa + putoaisi salaiseen, suojaisaan puutarhaan. Tunnelman t\u00e4ydent\u00e4\u00e4 Pure Peace -suihkusaippua ja Hibiscus Berry -vaahtosaippua.<\/p>\n","protected":false},"featured_media":5493,"template":"","meta":{"inline_featured_image":false},"product_brand":[],"product_cat":[123,17,430,436,427,338,56],"product_tag":[70,347,346,431,345,339,342,432,340,343],"class_list":{"0":"post-5497","1":"product","2":"type-product","3":"status-publish","4":"has-post-thumbnail","6":"product_cat-hyvinvointi","7":"product_cat-method","8":"product_cat-hiustenhoito","9":"product_cat-method-plus","10":"product_cat-method-tuotepaketit","11":"product_cat-vartalonhoito","12":"product_cat-tuotepaketit","13":"product_tag-ekologinen","14":"product_tag-kierratetty","15":"product_tag-kierratysmuovi","16":"product_tag-kvinoa","17":"product_tag-leaping-bunny","18":"product_tag-peony","19":"product_tag-pioni","20":"product_tag-quinoa-protein","21":"product_tag-rose-water","22":"product_tag-ruusuvesi","24":"first","25":"instock","26":"taxable","27":"shipping-taxable","28":"purchasable","29":"product-type-simple"},"yoast_head":"<!-- This site is optimized with the Yoast SEO Premium plugin v26.8 (Yoast SEO v27.6) - https:\/\/yoast.com\/product\/yoast-seo-premium-wordpress\/ -->\n<title>Method Pure Peace Plus -tuotepaketti - Shop Eettinen Luksus<\/title>\n<meta name=\"description\" content=\"Method Pure Peace -tuotepaketti Kolme Pure peace -tuotetta astuaksesi suihkusta ulos hiuksista varpaisiin rauhallisessa harmoniassa.\" \/>\n<meta name=\"robots\" content=\"index, follow, max-snippet:-1, max-image-preview:large, max-video-preview:-1\" \/>\n<link rel=\"canonical\" href=\"https:\/\/eettinenluksus.fi\/shop\/tuote\/method-pure-peace-plus-tuotepaketti\/\" \/>\n<meta property=\"og:locale\" content=\"fi_FI\" \/>\n<meta property=\"og:type\" content=\"article\" \/>\n<meta property=\"og:title\" content=\"Method Pure Peace Plus -tuotepaketti\" \/>\n<meta property=\"og:description\" content=\"Method Pure Peace -tuotepaketti Kolme Pure peace -tuotetta astuaksesi suihkusta ulos hiuksista varpaisiin rauhallisessa harmoniassa.\" \/>\n<meta property=\"og:url\" content=\"https:\/\/eettinenluksus.fi\/shop\/tuote\/method-pure-peace-plus-tuotepaketti\/\" \/>\n<meta property=\"og:site_name\" content=\"Shop Eettinen Luksus\" \/>\n<meta property=\"article:publisher\" content=\"https:\/\/www.facebook.com\/eettinenluksus\" \/>\n<meta property=\"article:modified_time\" content=\"2026-04-24T10:21:00+00:00\" \/>\n<meta property=\"og:image\" content=\"https:\/\/eettinenluksus.fi\/shop\/wp-content\/uploads\/sites\/4\/2026\/04\/Bundle-Peace.webp\" \/>\n\t<meta property=\"og:image:width\" content=\"2448\" \/>\n\t<meta property=\"og:image:height\" content=\"2448\" \/>\n\t<meta property=\"og:image:type\" content=\"image\/webp\" \/>\n<meta name=\"twitter:card\" content=\"summary_large_image\" \/>\n<meta name=\"twitter:label1\" content=\"Hinta\" \/>\n\t<meta name=\"twitter:data1\" content=\"50,00&nbsp;&euro;\" \/>\n\t<meta name=\"twitter:label2\" content=\"Saatavuus\" \/>\n\t<meta name=\"twitter:data2\" content=\"Varastossa\" \/>\n<script type=\"application\/ld+json\" class=\"yoast-schema-graph\">{\"@context\":\"https:\\\/\\\/schema.org\",\"@graph\":[{\"@type\":\"WebPage\",\"@id\":\"https:\\\/\\\/eettinenluksus.fi\\\/shop\\\/tuote\\\/method-pure-peace-plus-tuotepaketti\\\/\",\"url\":\"https:\\\/\\\/eettinenluksus.fi\\\/shop\\\/tuote\\\/method-pure-peace-plus-tuotepaketti\\\/\",\"name\":\"Method Pure Peace Plus -tuotepaketti - Shop Eettinen Luksus\",\"isPartOf\":{\"@id\":\"https:\\\/\\\/eettinenluksus.fi\\\/shop\\\/#website\"},\"primaryImageOfPage\":{\"@id\":\"https:\\\/\\\/eettinenluksus.fi\\\/shop\\\/tuote\\\/method-pure-peace-plus-tuotepaketti\\\/#primaryimage\"},\"image\":{\"@id\":\"https:\\\/\\\/eettinenluksus.fi\\\/shop\\\/tuote\\\/method-pure-peace-plus-tuotepaketti\\\/#primaryimage\"},\"thumbnailUrl\":\"https:\\\/\\\/eettinenluksus.fi\\\/shop\\\/wp-content\\\/uploads\\\/sites\\\/4\\\/2026\\\/04\\\/Bundle-Peace.webp\",\"datePublished\":\"2026-04-24T08:30:45+00:00\",\"dateModified\":\"2026-04-24T10:21:00+00:00\",\"description\":\"Method Pure Peace -tuotepaketti Kolme Pure peace -tuotetta astuaksesi suihkusta ulos hiuksista varpaisiin rauhallisessa harmoniassa.\",\"breadcrumb\":{\"@id\":\"https:\\\/\\\/eettinenluksus.fi\\\/shop\\\/tuote\\\/method-pure-peace-plus-tuotepaketti\\\/#breadcrumb\"},\"inLanguage\":\"fi\",\"potentialAction\":[{\"@type\":\"ReadAction\",\"target\":[\"https:\\\/\\\/eettinenluksus.fi\\\/shop\\\/tuote\\\/method-pure-peace-plus-tuotepaketti\\\/\"]}]},{\"@type\":\"ImageObject\",\"inLanguage\":\"fi\",\"@id\":\"https:\\\/\\\/eettinenluksus.fi\\\/shop\\\/tuote\\\/method-pure-peace-plus-tuotepaketti\\\/#primaryimage\",\"url\":\"https:\\\/\\\/eettinenluksus.fi\\\/shop\\\/wp-content\\\/uploads\\\/sites\\\/4\\\/2026\\\/04\\\/Bundle-Peace.webp\",\"contentUrl\":\"https:\\\/\\\/eettinenluksus.fi\\\/shop\\\/wp-content\\\/uploads\\\/sites\\\/4\\\/2026\\\/04\\\/Bundle-Peace.webp\",\"width\":2448,\"height\":2448,\"caption\":\"Pure Peace Plus\"},{\"@type\":\"BreadcrumbList\",\"@id\":\"https:\\\/\\\/eettinenluksus.fi\\\/shop\\\/tuote\\\/method-pure-peace-plus-tuotepaketti\\\/#breadcrumb\",\"itemListElement\":[{\"@type\":\"ListItem\",\"position\":1,\"name\":\"Etusivu\",\"item\":\"https:\\\/\\\/eettinenluksus.fi\\\/shop\\\/\"},{\"@type\":\"ListItem\",\"position\":2,\"name\":\"Kauppa\",\"item\":\"https:\\\/\\\/eettinenluksus.fi\\\/shop\\\/en\\\/kauppa\\\/\"},{\"@type\":\"ListItem\",\"position\":3,\"name\":\"Method Pure Peace Plus -tuotepaketti\"}]},{\"@type\":\"WebSite\",\"@id\":\"https:\\\/\\\/eettinenluksus.fi\\\/shop\\\/#website\",\"url\":\"https:\\\/\\\/eettinenluksus.fi\\\/shop\\\/\",\"name\":\"Shop Eettinen Luksus\",\"description\":\"Uusi verkkokauppa\",\"publisher\":{\"@id\":\"https:\\\/\\\/eettinenluksus.fi\\\/shop\\\/#organization\"},\"potentialAction\":[{\"@type\":\"SearchAction\",\"target\":{\"@type\":\"EntryPoint\",\"urlTemplate\":\"https:\\\/\\\/eettinenluksus.fi\\\/shop\\\/?s={search_term_string}\"},\"query-input\":{\"@type\":\"PropertyValueSpecification\",\"valueRequired\":true,\"valueName\":\"search_term_string\"}}],\"inLanguage\":\"fi\"},{\"@type\":\"Organization\",\"@id\":\"https:\\\/\\\/eettinenluksus.fi\\\/shop\\\/#organization\",\"name\":\"Shop Eettinen Luksus\",\"url\":\"https:\\\/\\\/eettinenluksus.fi\\\/shop\\\/\",\"logo\":{\"@type\":\"ImageObject\",\"inLanguage\":\"fi\",\"@id\":\"https:\\\/\\\/eettinenluksus.fi\\\/shop\\\/#\\\/schema\\\/logo\\\/image\\\/\",\"url\":\"https:\\\/\\\/eettinenluksus.fi\\\/shop\\\/wp-content\\\/uploads\\\/sites\\\/4\\\/1664\\\/37\\\/cropped-ELO.jpg\",\"contentUrl\":\"https:\\\/\\\/eettinenluksus.fi\\\/shop\\\/wp-content\\\/uploads\\\/sites\\\/4\\\/1664\\\/37\\\/cropped-ELO.jpg\",\"width\":810,\"height\":350,\"caption\":\"Shop Eettinen Luksus\"},\"image\":{\"@id\":\"https:\\\/\\\/eettinenluksus.fi\\\/shop\\\/#\\\/schema\\\/logo\\\/image\\\/\"},\"sameAs\":[\"https:\\\/\\\/www.facebook.com\\\/eettinenluksus\",\"https:\\\/\\\/www.instagram.com\\\/eettinenluksus\\\/\"]}]}<\/script>\n<meta property=\"product:price:amount\" content=\"50.00\" \/>\n<meta property=\"product:price:currency\" content=\"EUR\" \/>\n<meta property=\"og:availability\" content=\"instock\" \/>\n<meta property=\"product:availability\" content=\"instock\" \/>\n<meta property=\"product:retailer_item_id\" content=\"400676940067724006260\" \/>\n<meta property=\"product:condition\" content=\"new\" \/>\n<!-- \/ Yoast SEO Premium plugin. -->","yoast_head_json":{"title":"Method Pure Peace Plus -tuotepaketti - Shop Eettinen Luksus","description":"Method Pure Peace -tuotepaketti Kolme Pure peace -tuotetta astuaksesi suihkusta ulos hiuksista varpaisiin rauhallisessa harmoniassa.","robots":{"index":"index","follow":"follow","max-snippet":"max-snippet:-1","max-image-preview":"max-image-preview:large","max-video-preview":"max-video-preview:-1"},"canonical":"https:\/\/eettinenluksus.fi\/shop\/tuote\/method-pure-peace-plus-tuotepaketti\/","og_locale":"fi_FI","og_type":"article","og_title":"Method Pure Peace Plus -tuotepaketti","og_description":"Method Pure Peace -tuotepaketti Kolme Pure peace -tuotetta astuaksesi suihkusta ulos hiuksista varpaisiin rauhallisessa harmoniassa.","og_url":"https:\/\/eettinenluksus.fi\/shop\/tuote\/method-pure-peace-plus-tuotepaketti\/","og_site_name":"Shop Eettinen Luksus","article_publisher":"https:\/\/www.facebook.com\/eettinenluksus","article_modified_time":"2026-04-24T10:21:00+00:00","og_image":[{"width":2448,"height":2448,"url":"https:\/\/eettinenluksus.fi\/shop\/wp-content\/uploads\/sites\/4\/2026\/04\/Bundle-Peace.webp","type":"image\/webp"}],"twitter_card":"summary_large_image","twitter_misc":{"Hinta":"50,00&nbsp;&euro;","Saatavuus":"Varastossa"},"schema":{"@context":"https:\/\/schema.org","@graph":[{"@type":"WebPage","@id":"https:\/\/eettinenluksus.fi\/shop\/tuote\/method-pure-peace-plus-tuotepaketti\/","url":"https:\/\/eettinenluksus.fi\/shop\/tuote\/method-pure-peace-plus-tuotepaketti\/","name":"Method Pure Peace Plus -tuotepaketti - Shop Eettinen Luksus","isPartOf":{"@id":"https:\/\/eettinenluksus.fi\/shop\/#website"},"primaryImageOfPage":{"@id":"https:\/\/eettinenluksus.fi\/shop\/tuote\/method-pure-peace-plus-tuotepaketti\/#primaryimage"},"image":{"@id":"https:\/\/eettinenluksus.fi\/shop\/tuote\/method-pure-peace-plus-tuotepaketti\/#primaryimage"},"thumbnailUrl":"https:\/\/eettinenluksus.fi\/shop\/wp-content\/uploads\/sites\/4\/2026\/04\/Bundle-Peace.webp","datePublished":"2026-04-24T08:30:45+00:00","dateModified":"2026-04-24T10:21:00+00:00","description":"Method Pure Peace -tuotepaketti Kolme Pure peace -tuotetta astuaksesi suihkusta ulos hiuksista varpaisiin rauhallisessa harmoniassa.","breadcrumb":{"@id":"https:\/\/eettinenluksus.fi\/shop\/tuote\/method-pure-peace-plus-tuotepaketti\/#breadcrumb"},"inLanguage":"fi","potentialAction":[{"@type":"ReadAction","target":["https:\/\/eettinenluksus.fi\/shop\/tuote\/method-pure-peace-plus-tuotepaketti\/"]}]},{"@type":"ImageObject","inLanguage":"fi","@id":"https:\/\/eettinenluksus.fi\/shop\/tuote\/method-pure-peace-plus-tuotepaketti\/#primaryimage","url":"https:\/\/eettinenluksus.fi\/shop\/wp-content\/uploads\/sites\/4\/2026\/04\/Bundle-Peace.webp","contentUrl":"https:\/\/eettinenluksus.fi\/shop\/wp-content\/uploads\/sites\/4\/2026\/04\/Bundle-Peace.webp","width":2448,"height":2448,"caption":"Pure Peace Plus"},{"@type":"BreadcrumbList","@id":"https:\/\/eettinenluksus.fi\/shop\/tuote\/method-pure-peace-plus-tuotepaketti\/#breadcrumb","itemListElement":[{"@type":"ListItem","position":1,"name":"Etusivu","item":"https:\/\/eettinenluksus.fi\/shop\/"},{"@type":"ListItem","position":2,"name":"Kauppa","item":"https:\/\/eettinenluksus.fi\/shop\/en\/kauppa\/"},{"@type":"ListItem","position":3,"name":"Method Pure Peace Plus -tuotepaketti"}]},{"@type":"WebSite","@id":"https:\/\/eettinenluksus.fi\/shop\/#website","url":"https:\/\/eettinenluksus.fi\/shop\/","name":"Shop Eettinen Luksus","description":"Uusi verkkokauppa","publisher":{"@id":"https:\/\/eettinenluksus.fi\/shop\/#organization"},"potentialAction":[{"@type":"SearchAction","target":{"@type":"EntryPoint","urlTemplate":"https:\/\/eettinenluksus.fi\/shop\/?s={search_term_string}"},"query-input":{"@type":"PropertyValueSpecification","valueRequired":true,"valueName":"search_term_string"}}],"inLanguage":"fi"},{"@type":"Organization","@id":"https:\/\/eettinenluksus.fi\/shop\/#organization","name":"Shop Eettinen Luksus","url":"https:\/\/eettinenluksus.fi\/shop\/","logo":{"@type":"ImageObject","inLanguage":"fi","@id":"https:\/\/eettinenluksus.fi\/shop\/#\/schema\/logo\/image\/","url":"https:\/\/eettinenluksus.fi\/shop\/wp-content\/uploads\/sites\/4\/1664\/37\/cropped-ELO.jpg","contentUrl":"https:\/\/eettinenluksus.fi\/shop\/wp-content\/uploads\/sites\/4\/1664\/37\/cropped-ELO.jpg","width":810,"height":350,"caption":"Shop Eettinen Luksus"},"image":{"@id":"https:\/\/eettinenluksus.fi\/shop\/#\/schema\/logo\/image\/"},"sameAs":["https:\/\/www.facebook.com\/eettinenluksus","https:\/\/www.instagram.com\/eettinenluksus\/"]}]},"product_price_amount":"50.00","product_price_currency":"EUR","og_availability":"instock","product_availability":"instock","product_retailer_item_id":"400676940067724006260","product_condition":"new"},"_links":{"self":[{"href":"https:\/\/eettinenluksus.fi\/shop\/wp-json\/wp\/v2\/product\/5497","targetHints":{"allow":["GET"]}}],"collection":[{"href":"https:\/\/eettinenluksus.fi\/shop\/wp-json\/wp\/v2\/product"}],"about":[{"href":"https:\/\/eettinenluksus.fi\/shop\/wp-json\/wp\/v2\/types\/product"}],"version-history":[{"count":5,"href":"https:\/\/eettinenluksus.fi\/shop\/wp-json\/wp\/v2\/product\/5497\/revisions"}],"predecessor-version":[{"id":5502,"href":"https:\/\/eettinenluksus.fi\/shop\/wp-json\/wp\/v2\/product\/5497\/revisions\/5502"}],"wp:featuredmedia":[{"embeddable":true,"href":"https:\/\/eettinenluksus.fi\/shop\/wp-json\/wp\/v2\/media\/5493"}],"wp:attachment":[{"href":"https:\/\/eettinenluksus.fi\/shop\/wp-json\/wp\/v2\/media?parent=5497"}],"wp:term":[{"taxonomy":"product_brand","embeddable":true,"href":"https:\/\/eettinenluksus.fi\/shop\/wp-json\/wp\/v2\/product_brand?post=5497"},{"taxonomy":"product_cat","embeddable":true,"href":"https:\/\/eettinenluksus.fi\/shop\/wp-json\/wp\/v2\/product_cat?post=5497"},{"taxonomy":"product_tag","embeddable":true,"href":"https:\/\/eettinenluksus.fi\/shop\/wp-json\/wp\/v2\/product_tag?post=5497"}],"curies":[{"name":"wp","href":"https:\/\/api.w.org\/{rel}","templated":true}]}}