{"id":5358,"date":"2026-02-17T11:58:05","date_gmt":"2026-02-17T09:58:05","guid":{"rendered":"https:\/\/eettinenluksus.fi\/shop\/?post_type=product&#038;p=5358"},"modified":"2026-02-17T11:58:06","modified_gmt":"2026-02-17T09:58:06","slug":"method-hoitoaine-simply-nourish-350ml","status":"publish","type":"product","link":"https:\/\/eettinenluksus.fi\/shop\/tuote\/method-hoitoaine-simply-nourish-350ml\/","title":{"rendered":"Method Hoitoaine Simply Nourish 350ml"},"content":{"rendered":"<p style=\"font-size: 0px;\">Method Suihkusaippua Pure Peace 532ml<\/p>\n<p>Jess! Hyv\u00e4 p\u00e4iv\u00e4 hiuksille.<\/p>\n<p>Hemmottele hiuksiasi ruhtinaallisesti t\u00e4ll\u00e4 kosteuttavalla hoitoaineella, joka sis\u00e4lt\u00e4\u00e4 kookosta, riisimaitoa ja sheavoita. Se j\u00e4tt\u00e4\u00e4 hiuksesi silkinpehmeiksi + ne tuoksuvat yht\u00e4 hyv\u00e4lt\u00e4 kuin milt\u00e4 ne n\u00e4ytt\u00e4v\u00e4tkin. Vaahdota mielikuvituksella, ei koskaan sulfaatteja tai parabeeneja. Psst&#8230; yhdist\u00e4 yhteensopivaan shampoohomme + kokeile Simply Nourish -suihkusaippuaamme astuaksesi suihkusta hiuksista varpaisiin todellisen mukavuuden tunteeseen k\u00e4\u00e4riytyneen\u00e4. Huolella valmistettu ilman sulfaatteja, parabeeneja, silikoneja ja v\u00e4riaineita. Turvallinen v\u00e4rj\u00e4tyille hiuksille.<\/p>\n<p>Simply Nourish -tuoksuhoito: K\u00e4\u00e4ri itsesi ravitsevaan kookokseen, riisimaitoon ja sheavoihin ja hemmottele hiuksiasi eksoottisella suihkulomalla. Kermainen, lohduttava ja kodikas.<\/p>\n<p><span style=\"font-size: 16px;\"> Pullo korkkia lukuun ottamatta on valmistettu 85 % kierr\u00e4tysmuovista (PCR).\u00a0<\/span>Dermatologisesti testattu. Leaping bunny. Cruelty free.<\/p>\n<ul style=\"font-size: 0px;\">\n<li>Method Suihkusaippua Pure Peace 532ml<\/li>\n<li>pioni, ruusuvesi, merisuola<\/li>\n<li>pure peace<\/li>\n<li>mielenrauha<\/li>\n<\/ul>\n","protected":false},"excerpt":{"rendered":"<p>Kosteuttava hoitoaine<\/p>\n<p>K\u00e4\u00e4ri itsesi ravitsevaan kookokseen, riisimaitoon ja sheavoihin ja hemmottele hiuksiasi eksoottisella suihkulomalla. Kermainen, lohduttava ja kodikas.<\/p>\n","protected":false},"featured_media":5335,"template":"","meta":{"inline_featured_image":false},"product_brand":[],"product_cat":[123,17,430,338],"product_tag":[353,70,347,346,182,345,354,356,355,357],"class_list":{"0":"post-5358","1":"product","2":"type-product","3":"status-publish","4":"has-post-thumbnail","6":"product_cat-hyvinvointi","7":"product_cat-method","8":"product_cat-hiustenhoito","9":"product_cat-vartalonpesu","10":"product_tag-coconut","11":"product_tag-ekologinen","12":"product_tag-kierratetty","13":"product_tag-kierratysmuovi","14":"product_tag-kookos","15":"product_tag-leaping-bunny","16":"product_tag-rice-milk","17":"product_tag-riisimaito","18":"product_tag-shea-butter","19":"product_tag-shea-voi","21":"first","22":"instock","23":"taxable","24":"shipping-taxable","25":"purchasable","26":"product-type-simple"},"yoast_head":"<!-- This site is optimized with the Yoast SEO Premium plugin v26.8 (Yoast SEO v27.3) - https:\/\/yoast.com\/product\/yoast-seo-premium-wordpress\/ -->\n<title>Method Hoitoaine Simply Nourish 350ml - Shop Eettinen Luksus<\/title>\n<meta name=\"description\" content=\"Hemmottele hiuksiasi ruhtinaallisesti t\u00e4ll\u00e4 kosteuttavalla hoitoaineella, joka sis\u00e4lt\u00e4\u00e4 kookosta, riisimaitoa ja sheavoita.\" \/>\n<meta name=\"robots\" content=\"index, follow, max-snippet:-1, max-image-preview:large, max-video-preview:-1\" \/>\n<link rel=\"canonical\" href=\"https:\/\/eettinenluksus.fi\/shop\/tuote\/method-hoitoaine-simply-nourish-350ml\/\" \/>\n<meta property=\"og:locale\" content=\"fi_FI\" \/>\n<meta property=\"og:type\" content=\"article\" \/>\n<meta property=\"og:title\" content=\"Method Hoitoaine Simply Nourish 350ml\" \/>\n<meta property=\"og:description\" content=\"Hemmottele hiuksiasi ruhtinaallisesti t\u00e4ll\u00e4 kosteuttavalla hoitoaineella, joka sis\u00e4lt\u00e4\u00e4 kookosta, riisimaitoa ja sheavoita.\" \/>\n<meta property=\"og:url\" content=\"https:\/\/eettinenluksus.fi\/shop\/tuote\/method-hoitoaine-simply-nourish-350ml\/\" \/>\n<meta property=\"og:site_name\" content=\"Shop Eettinen Luksus\" \/>\n<meta property=\"article:publisher\" content=\"https:\/\/www.facebook.com\/eettinenluksus\" \/>\n<meta property=\"article:modified_time\" content=\"2026-02-17T09:58:06+00:00\" \/>\n<meta property=\"og:image\" content=\"https:\/\/eettinenluksus.fi\/shop\/wp-content\/uploads\/sites\/4\/2026\/02\/2011542_MTD_COND_S._Nourish_0.35L_EN_FOP-scaled.webp\" \/>\n\t<meta property=\"og:image:width\" content=\"2560\" \/>\n\t<meta property=\"og:image:height\" content=\"2560\" \/>\n\t<meta property=\"og:image:type\" content=\"image\/webp\" \/>\n<meta name=\"twitter:card\" content=\"summary_large_image\" \/>\n<meta name=\"twitter:label1\" content=\"Hinta\" \/>\n\t<meta name=\"twitter:data1\" content=\"12,80&nbsp;&euro;\" \/>\n\t<meta name=\"twitter:label2\" content=\"Saatavuus\" \/>\n\t<meta name=\"twitter:data2\" content=\"Varastossa\" \/>\n<script type=\"application\/ld+json\" class=\"yoast-schema-graph\">{\"@context\":\"https:\\\/\\\/schema.org\",\"@graph\":[{\"@type\":\"WebPage\",\"@id\":\"https:\\\/\\\/eettinenluksus.fi\\\/shop\\\/tuote\\\/method-hoitoaine-simply-nourish-350ml\\\/\",\"url\":\"https:\\\/\\\/eettinenluksus.fi\\\/shop\\\/tuote\\\/method-hoitoaine-simply-nourish-350ml\\\/\",\"name\":\"Method Hoitoaine Simply Nourish 350ml - Shop Eettinen Luksus\",\"isPartOf\":{\"@id\":\"https:\\\/\\\/eettinenluksus.fi\\\/shop\\\/#website\"},\"primaryImageOfPage\":{\"@id\":\"https:\\\/\\\/eettinenluksus.fi\\\/shop\\\/tuote\\\/method-hoitoaine-simply-nourish-350ml\\\/#primaryimage\"},\"image\":{\"@id\":\"https:\\\/\\\/eettinenluksus.fi\\\/shop\\\/tuote\\\/method-hoitoaine-simply-nourish-350ml\\\/#primaryimage\"},\"thumbnailUrl\":\"https:\\\/\\\/eettinenluksus.fi\\\/shop\\\/wp-content\\\/uploads\\\/sites\\\/4\\\/2026\\\/02\\\/2011542_MTD_COND_S._Nourish_0.35L_EN_FOP-scaled.webp\",\"datePublished\":\"2026-02-17T09:58:05+00:00\",\"dateModified\":\"2026-02-17T09:58:06+00:00\",\"description\":\"Hemmottele hiuksiasi ruhtinaallisesti t\u00e4ll\u00e4 kosteuttavalla hoitoaineella, joka sis\u00e4lt\u00e4\u00e4 kookosta, riisimaitoa ja sheavoita.\",\"breadcrumb\":{\"@id\":\"https:\\\/\\\/eettinenluksus.fi\\\/shop\\\/tuote\\\/method-hoitoaine-simply-nourish-350ml\\\/#breadcrumb\"},\"inLanguage\":\"fi\",\"potentialAction\":[{\"@type\":\"ReadAction\",\"target\":[\"https:\\\/\\\/eettinenluksus.fi\\\/shop\\\/tuote\\\/method-hoitoaine-simply-nourish-350ml\\\/\"]}]},{\"@type\":\"ImageObject\",\"inLanguage\":\"fi\",\"@id\":\"https:\\\/\\\/eettinenluksus.fi\\\/shop\\\/tuote\\\/method-hoitoaine-simply-nourish-350ml\\\/#primaryimage\",\"url\":\"https:\\\/\\\/eettinenluksus.fi\\\/shop\\\/wp-content\\\/uploads\\\/sites\\\/4\\\/2026\\\/02\\\/2011542_MTD_COND_S._Nourish_0.35L_EN_FOP-scaled.webp\",\"contentUrl\":\"https:\\\/\\\/eettinenluksus.fi\\\/shop\\\/wp-content\\\/uploads\\\/sites\\\/4\\\/2026\\\/02\\\/2011542_MTD_COND_S._Nourish_0.35L_EN_FOP-scaled.webp\",\"width\":2560,\"height\":2560},{\"@type\":\"BreadcrumbList\",\"@id\":\"https:\\\/\\\/eettinenluksus.fi\\\/shop\\\/tuote\\\/method-hoitoaine-simply-nourish-350ml\\\/#breadcrumb\",\"itemListElement\":[{\"@type\":\"ListItem\",\"position\":1,\"name\":\"Etusivu\",\"item\":\"https:\\\/\\\/eettinenluksus.fi\\\/shop\\\/\"},{\"@type\":\"ListItem\",\"position\":2,\"name\":\"Kauppa\",\"item\":\"https:\\\/\\\/eettinenluksus.fi\\\/shop\\\/en\\\/kauppa\\\/\"},{\"@type\":\"ListItem\",\"position\":3,\"name\":\"Method Hoitoaine Simply Nourish 350ml\"}]},{\"@type\":\"WebSite\",\"@id\":\"https:\\\/\\\/eettinenluksus.fi\\\/shop\\\/#website\",\"url\":\"https:\\\/\\\/eettinenluksus.fi\\\/shop\\\/\",\"name\":\"Shop Eettinen Luksus\",\"description\":\"Uusi verkkokauppa\",\"publisher\":{\"@id\":\"https:\\\/\\\/eettinenluksus.fi\\\/shop\\\/#organization\"},\"potentialAction\":[{\"@type\":\"SearchAction\",\"target\":{\"@type\":\"EntryPoint\",\"urlTemplate\":\"https:\\\/\\\/eettinenluksus.fi\\\/shop\\\/?s={search_term_string}\"},\"query-input\":{\"@type\":\"PropertyValueSpecification\",\"valueRequired\":true,\"valueName\":\"search_term_string\"}}],\"inLanguage\":\"fi\"},{\"@type\":\"Organization\",\"@id\":\"https:\\\/\\\/eettinenluksus.fi\\\/shop\\\/#organization\",\"name\":\"Shop Eettinen Luksus\",\"url\":\"https:\\\/\\\/eettinenluksus.fi\\\/shop\\\/\",\"logo\":{\"@type\":\"ImageObject\",\"inLanguage\":\"fi\",\"@id\":\"https:\\\/\\\/eettinenluksus.fi\\\/shop\\\/#\\\/schema\\\/logo\\\/image\\\/\",\"url\":\"https:\\\/\\\/eettinenluksus.fi\\\/shop\\\/wp-content\\\/uploads\\\/sites\\\/4\\\/1664\\\/37\\\/cropped-ELO.jpg\",\"contentUrl\":\"https:\\\/\\\/eettinenluksus.fi\\\/shop\\\/wp-content\\\/uploads\\\/sites\\\/4\\\/1664\\\/37\\\/cropped-ELO.jpg\",\"width\":810,\"height\":350,\"caption\":\"Shop Eettinen Luksus\"},\"image\":{\"@id\":\"https:\\\/\\\/eettinenluksus.fi\\\/shop\\\/#\\\/schema\\\/logo\\\/image\\\/\"},\"sameAs\":[\"https:\\\/\\\/www.facebook.com\\\/eettinenluksus\",\"https:\\\/\\\/www.instagram.com\\\/eettinenluksus\\\/\"]}]}<\/script>\n<meta property=\"product:price:amount\" content=\"12.80\" \/>\n<meta property=\"product:price:currency\" content=\"EUR\" \/>\n<meta property=\"og:availability\" content=\"instock\" \/>\n<meta property=\"product:availability\" content=\"instock\" \/>\n<meta property=\"product:retailer_item_id\" content=\"4006771\" \/>\n<meta property=\"product:condition\" content=\"new\" \/>\n<!-- \/ Yoast SEO Premium plugin. -->","yoast_head_json":{"title":"Method Hoitoaine Simply Nourish 350ml - Shop Eettinen Luksus","description":"Hemmottele hiuksiasi ruhtinaallisesti t\u00e4ll\u00e4 kosteuttavalla hoitoaineella, joka sis\u00e4lt\u00e4\u00e4 kookosta, riisimaitoa ja sheavoita.","robots":{"index":"index","follow":"follow","max-snippet":"max-snippet:-1","max-image-preview":"max-image-preview:large","max-video-preview":"max-video-preview:-1"},"canonical":"https:\/\/eettinenluksus.fi\/shop\/tuote\/method-hoitoaine-simply-nourish-350ml\/","og_locale":"fi_FI","og_type":"article","og_title":"Method Hoitoaine Simply Nourish 350ml","og_description":"Hemmottele hiuksiasi ruhtinaallisesti t\u00e4ll\u00e4 kosteuttavalla hoitoaineella, joka sis\u00e4lt\u00e4\u00e4 kookosta, riisimaitoa ja sheavoita.","og_url":"https:\/\/eettinenluksus.fi\/shop\/tuote\/method-hoitoaine-simply-nourish-350ml\/","og_site_name":"Shop Eettinen Luksus","article_publisher":"https:\/\/www.facebook.com\/eettinenluksus","article_modified_time":"2026-02-17T09:58:06+00:00","og_image":[{"width":2560,"height":2560,"url":"https:\/\/eettinenluksus.fi\/shop\/wp-content\/uploads\/sites\/4\/2026\/02\/2011542_MTD_COND_S._Nourish_0.35L_EN_FOP-scaled.webp","type":"image\/webp"}],"twitter_card":"summary_large_image","twitter_misc":{"Hinta":"12,80&nbsp;&euro;","Saatavuus":"Varastossa"},"schema":{"@context":"https:\/\/schema.org","@graph":[{"@type":"WebPage","@id":"https:\/\/eettinenluksus.fi\/shop\/tuote\/method-hoitoaine-simply-nourish-350ml\/","url":"https:\/\/eettinenluksus.fi\/shop\/tuote\/method-hoitoaine-simply-nourish-350ml\/","name":"Method Hoitoaine Simply Nourish 350ml - Shop Eettinen Luksus","isPartOf":{"@id":"https:\/\/eettinenluksus.fi\/shop\/#website"},"primaryImageOfPage":{"@id":"https:\/\/eettinenluksus.fi\/shop\/tuote\/method-hoitoaine-simply-nourish-350ml\/#primaryimage"},"image":{"@id":"https:\/\/eettinenluksus.fi\/shop\/tuote\/method-hoitoaine-simply-nourish-350ml\/#primaryimage"},"thumbnailUrl":"https:\/\/eettinenluksus.fi\/shop\/wp-content\/uploads\/sites\/4\/2026\/02\/2011542_MTD_COND_S._Nourish_0.35L_EN_FOP-scaled.webp","datePublished":"2026-02-17T09:58:05+00:00","dateModified":"2026-02-17T09:58:06+00:00","description":"Hemmottele hiuksiasi ruhtinaallisesti t\u00e4ll\u00e4 kosteuttavalla hoitoaineella, joka sis\u00e4lt\u00e4\u00e4 kookosta, riisimaitoa ja sheavoita.","breadcrumb":{"@id":"https:\/\/eettinenluksus.fi\/shop\/tuote\/method-hoitoaine-simply-nourish-350ml\/#breadcrumb"},"inLanguage":"fi","potentialAction":[{"@type":"ReadAction","target":["https:\/\/eettinenluksus.fi\/shop\/tuote\/method-hoitoaine-simply-nourish-350ml\/"]}]},{"@type":"ImageObject","inLanguage":"fi","@id":"https:\/\/eettinenluksus.fi\/shop\/tuote\/method-hoitoaine-simply-nourish-350ml\/#primaryimage","url":"https:\/\/eettinenluksus.fi\/shop\/wp-content\/uploads\/sites\/4\/2026\/02\/2011542_MTD_COND_S._Nourish_0.35L_EN_FOP-scaled.webp","contentUrl":"https:\/\/eettinenluksus.fi\/shop\/wp-content\/uploads\/sites\/4\/2026\/02\/2011542_MTD_COND_S._Nourish_0.35L_EN_FOP-scaled.webp","width":2560,"height":2560},{"@type":"BreadcrumbList","@id":"https:\/\/eettinenluksus.fi\/shop\/tuote\/method-hoitoaine-simply-nourish-350ml\/#breadcrumb","itemListElement":[{"@type":"ListItem","position":1,"name":"Etusivu","item":"https:\/\/eettinenluksus.fi\/shop\/"},{"@type":"ListItem","position":2,"name":"Kauppa","item":"https:\/\/eettinenluksus.fi\/shop\/en\/kauppa\/"},{"@type":"ListItem","position":3,"name":"Method Hoitoaine Simply Nourish 350ml"}]},{"@type":"WebSite","@id":"https:\/\/eettinenluksus.fi\/shop\/#website","url":"https:\/\/eettinenluksus.fi\/shop\/","name":"Shop Eettinen Luksus","description":"Uusi verkkokauppa","publisher":{"@id":"https:\/\/eettinenluksus.fi\/shop\/#organization"},"potentialAction":[{"@type":"SearchAction","target":{"@type":"EntryPoint","urlTemplate":"https:\/\/eettinenluksus.fi\/shop\/?s={search_term_string}"},"query-input":{"@type":"PropertyValueSpecification","valueRequired":true,"valueName":"search_term_string"}}],"inLanguage":"fi"},{"@type":"Organization","@id":"https:\/\/eettinenluksus.fi\/shop\/#organization","name":"Shop Eettinen Luksus","url":"https:\/\/eettinenluksus.fi\/shop\/","logo":{"@type":"ImageObject","inLanguage":"fi","@id":"https:\/\/eettinenluksus.fi\/shop\/#\/schema\/logo\/image\/","url":"https:\/\/eettinenluksus.fi\/shop\/wp-content\/uploads\/sites\/4\/1664\/37\/cropped-ELO.jpg","contentUrl":"https:\/\/eettinenluksus.fi\/shop\/wp-content\/uploads\/sites\/4\/1664\/37\/cropped-ELO.jpg","width":810,"height":350,"caption":"Shop Eettinen Luksus"},"image":{"@id":"https:\/\/eettinenluksus.fi\/shop\/#\/schema\/logo\/image\/"},"sameAs":["https:\/\/www.facebook.com\/eettinenluksus","https:\/\/www.instagram.com\/eettinenluksus\/"]}]},"product_price_amount":"12.80","product_price_currency":"EUR","og_availability":"instock","product_availability":"instock","product_retailer_item_id":"4006771","product_condition":"new"},"_links":{"self":[{"href":"https:\/\/eettinenluksus.fi\/shop\/wp-json\/wp\/v2\/product\/5358","targetHints":{"allow":["GET"]}}],"collection":[{"href":"https:\/\/eettinenluksus.fi\/shop\/wp-json\/wp\/v2\/product"}],"about":[{"href":"https:\/\/eettinenluksus.fi\/shop\/wp-json\/wp\/v2\/types\/product"}],"version-history":[{"count":1,"href":"https:\/\/eettinenluksus.fi\/shop\/wp-json\/wp\/v2\/product\/5358\/revisions"}],"predecessor-version":[{"id":5359,"href":"https:\/\/eettinenluksus.fi\/shop\/wp-json\/wp\/v2\/product\/5358\/revisions\/5359"}],"wp:featuredmedia":[{"embeddable":true,"href":"https:\/\/eettinenluksus.fi\/shop\/wp-json\/wp\/v2\/media\/5335"}],"wp:attachment":[{"href":"https:\/\/eettinenluksus.fi\/shop\/wp-json\/wp\/v2\/media?parent=5358"}],"wp:term":[{"taxonomy":"product_brand","embeddable":true,"href":"https:\/\/eettinenluksus.fi\/shop\/wp-json\/wp\/v2\/product_brand?post=5358"},{"taxonomy":"product_cat","embeddable":true,"href":"https:\/\/eettinenluksus.fi\/shop\/wp-json\/wp\/v2\/product_cat?post=5358"},{"taxonomy":"product_tag","embeddable":true,"href":"https:\/\/eettinenluksus.fi\/shop\/wp-json\/wp\/v2\/product_tag?post=5358"}],"curies":[{"name":"wp","href":"https:\/\/api.w.org\/{rel}","templated":true}]}}