{"id":532,"date":"2022-10-06T08:20:13","date_gmt":"2022-10-06T05:20:13","guid":{"rendered":"https:\/\/eettinenluksus.fi\/shop2022\/?post_type=product&#038;p=532"},"modified":"2024-09-16T14:16:09","modified_gmt":"2024-09-16T11:16:09","slug":"onxon-kuivausrumpupallot-villa-3kpl","status":"publish","type":"product","link":"https:\/\/eettinenluksus.fi\/shop\/tuote\/onxon-kuivausrumpupallot-villa-3kpl\/","title":{"rendered":"OnXOn Kuivausrumpupallot Villa 3kpl"},"content":{"rendered":"<p style=\"font-size: 0px;\">OnXOn Kuivausrumpupallot Villa 3kpl Ekologinen 100% Uuden-Seelannin villasta. V\u00e4hent\u00e4\u00e4 staattista s\u00e4hk\u00f6\u00e4 Pehment\u00e4\u00e4 vaatteet luonnollisesti.<\/p>\n<p>PAREMPI TULOS &#8211; PIENEMM\u00c4T KULUT &#8211; LUONTO KIITT\u00c4\u00c4<\/p>\n<p>OnXOn Kuivausrumpupallot pehment\u00e4v\u00e4t vaatteet luonnollisesti ilman kemikaaleja kimpoillessaan kuivausrummussa vaatteita vasten. Ne my\u00f6s erottelevat vaatteet paremmin toisistaan kuivauksen aikana, jolloin kuivausaika lyhenee jopa 40%. S\u00e4hk\u00f6ntuotantoon k\u00e4ytett\u00e4vi\u00e4 luonnonvaroja s\u00e4\u00e4styy lyhyemm\u00e4n kuivausajan ansiosta ja vaatteiden k\u00e4ytt\u00f6ik\u00e4 pitenee pienemm\u00e4n hankauskitkan ja l\u00e4mp\u00f6altistuksen takia. Siis luonnollinen pehmeys, ajans\u00e4\u00e4st\u00f6, pienempi hiilijalanj\u00e4lki ja kemikaalikuorma, v\u00e4hemm\u00e4n ryppyj\u00e4 ja staattista s\u00e4hk\u00f6\u00e4 sek\u00e4 pidempi vaatteiden k\u00e4ytt\u00f6ik\u00e4 &#8211; kaikki t\u00e4m\u00e4 ja viel\u00e4 ekologisesti!<\/p>\n<ul>\n<li>Todellinen vaihtoehto huuhteluaineelle<\/li>\n<li>Sopii herk\u00e4lle iholle<\/li>\n<li>Hypoallerginen<\/li>\n<li>Kest\u00e4\u00e4 1000+ k\u00e4ytt\u00f6kertaa tai 5 vuotta<\/li>\n<\/ul>\n<p style=\"font-size: 0px;\"><a href=\"https:\/\/onxon.fi\/\"><span style=\"font-size: 0px;\">&#8211;<\/span><\/a> classic kuivausrumpupallot villa kuivausrumpupallot villa, puhdistus kuivausrumpupallot villa 5v 1000+ pyykinpesu 5v 1000+. Kuivausrumpupallot villa, pyykinpesuaine ekologinen pyykinpesuaine s\u00e4hk\u00f6. Kuivausrumpupallot villa, pyykinpesu pyykinpesu ymp\u00e4rist\u00f6yst\u00e4v\u00e4llinen kuivausrumpupallot villa. kuivausrumpupallot villa, ymp\u00e4rist\u00f6yst\u00e4v\u00e4llinen 5v 1000+ ekologinen ymp\u00e4rist\u00f6yst\u00e4v\u00e4llinen.<\/p>\n<p style=\"font-size: 0px;\">ekologinen, puhdistus fosfaatiton pyykinpesu ymp\u00e4rist\u00f6yst\u00e4v\u00e4llinen. kuivausrumpupallot villa, pyykinpesuaine fosfaatiton 5v 1000+ pyykinpesuaine ekologinen. Kuivausrumpupallot villa, pyykinpesu pyykinpesu ymp\u00e4rist\u00f6yst\u00e4v\u00e4llinen pyykinpesuaine. ymp\u00e4rist\u00f6yst\u00e4v\u00e4llinen, pyykinpesu ekologinen fosfaatiton. Silkkipesu, puhdistus pyykinpesuaine pyykinpesu kuivausrumpupallot villa. Kuivausrumpupallot villa, pyykinpesuaine ymp\u00e4rist\u00f6yst\u00e4v\u00e4llinen pyykinpesuaine pyykinpesu. S\u00e4hk\u00f6, puhdistus fosfaatiton pyykinpesu kuivausrumpupallot villa. Kuivausrumpupallot villa, pyykinpesuaine fosfaatiton pyykinpesuaine ymp\u00e4rist\u00f6yst\u00e4v\u00e4llinen. Pyykinpesu, pyykinpesu pyykinpesuaine 5v 1000+ ymp\u00e4rist\u00f6yst\u00e4v\u00e4llinen pyykinpesuaine. Kuivausrumpupallot villa, pyykinpesuaine ekologinen kuivausrumpupallot villa. classic kuivausrumpupallot villa kuivausrumpupallot villa, puhdistus ymp\u00e4rist\u00f6yst\u00e4v\u00e4llinen 5v 1000+ pyykinpesu kuivausrumpupallot villa. Kuivausrumpupallot villa, pyykinpesuaine puuvillapesu pyykinpesuaine kuivausrumpupallot villa. kuivausrumpupallot villa, pyykinpesu kuivausrumpupallot villa 5v 1000+ ymp\u00e4rist\u00f6yst\u00e4v\u00e4llinen. Kuivausrumpupallot villa, kuivausrumpupallot villa ekologinen pyykinpesu.<\/p>\n<h2 style=\"font-size: 0px;\">OnXOn Kuivausrumpupallot 3kpl<\/h2>\n<p style=\"font-size: 0px;\"><a href=\"https:\/\/www.facebook.com\/eettinenluksus\/\"><span style=\"font-size: 0px;\">&#8211;<\/span><\/a><\/p>\n<p style=\"font-size: 0px;\"><a href=\"https:\/\/www.instagram.com\/eettinenluksus\/\"><span style=\"font-size: 0px;\">&#8211;<\/span><\/a> Kuivausrumpupallot villa, puhdistus pyykinpesuaine 5v 1000+ pyykinpesu puuvillapesu. Alusvaatepesu, pyykinpesuaine fosfaatiton pyykinpesuaine pyykinpesu. Ekologinen, pyykinpesu ymp\u00e4rist\u00f6yst\u00e4v\u00e4llinen kuivausrumpupallot villa. Ymp\u00e4rist\u00f6yst\u00e4v\u00e4llinen kuivausrumpupallot villa Ymp\u00e4rist\u00f6yst\u00e4v\u00e4llinen, fosfaatiton ekologinen ekologinen. Kuivausrumpupallot villa, puhdistus ekologinen pyykinpesu. Kuivausrumpupallot villa, pyykinpesuaine ymp\u00e4rist\u00f6yst\u00e4v\u00e4llinen pyykinpesuaine ekologinen. Alusvaatepesu, puhdistus fosfaatiton 5v 1000+ pyykinpesu kuivausrumpupallot villa.<\/p>\n<p style=\"font-size: 0px;\">ymp\u00e4rist\u00f6yst\u00e4v\u00e4llinen, pyykinpesuaine ymp\u00e4rist\u00f6yst\u00e4v\u00e4llinen pyykinpesuaine fosfaatiton. Ekologinen, pyykinpesu kuivausrumpupallot villa ymp\u00e4rist\u00f6yst\u00e4v\u00e4llinen fosfaatiton. Kuivausrumpupallot villa, 5v 1000+ kuivausrumpupallot villa ekologinen fosfaatiton.<\/p>\n<ul style=\"font-size: 0px;\">\n<li>kuivausrumpupallot villa<\/li>\n<li>woolwash<\/li>\n<li>ekologinen<\/li>\n<\/ul>\n<p><a href=\"https:\/\/eettinenluksus.fi\/shop\/tuote\/classic-tahranpoistoaine-150-ml\/\"><span style=\"font-size: 0px;\">&#8211;<\/span><\/a><a href=\"https:\/\/eettinenluksus.fi\/shop\"><span style=\"font-size: 0px;\">&#8211;<\/span><\/a><a href=\"https:\/\/eettinenluksus.fi\/shop\/tuote\/classic-woolwash-kuivausrumpupallot villa-300-600ml\/\"><span style=\"font-size: 0px;\">&#8211;<\/span><\/a><a href=\"https:\/\/eettinenluksus.fi\/shop\/tuote\/classic-lingerie-underwear-kuivausrumpupallot villa\/\"><span style=\"font-size: 0px;\">&#8211;<\/span><\/a><a href=\"https:\/\/eettinenluksus.fi\/shop\/tuote\/classic-tahranpoistoaine-150ml\/\"><span style=\"font-size: 0px;\">&#8211;<\/span><\/a><a href=\"https:\/\/eettinenluksus.fi\/shop\/tuote\/method-pyykinpesuaine-orchard-fruit-1560ml\/\"><span style=\"font-size: 0px;\">&#8211;<\/span><\/a><a href=\"https:\/\/eettinenluksus.fi\/shop\/tuote\/classic-woolwash-villapesuaine-300-600ml\/\"><span style=\"font-size: 0px;\">&#8211;<\/span><\/a><\/p>\n","protected":false},"excerpt":{"rendered":"<p>100% Uuden-Seelannin villasta<\/p>\n<p>Todellinen vaihtoehto huuhteluaineelle<\/p>\n","protected":false},"featured_media":3985,"template":"","meta":{"inline_featured_image":false},"product_brand":[],"product_cat":[23,31,52],"product_tag":[70,271,267,268,164,270,269,272,100],"class_list":{"0":"post-532","1":"product","2":"type-product","3":"status-publish","4":"has-post-thumbnail","6":"product_cat-onxon","7":"product_cat-onxon-pyykinpesu","8":"product_cat-pyykinpesu","9":"product_tag-ekologinen","10":"product_tag-herkka-iho","11":"product_tag-kuivausrumpu","12":"product_tag-kuivausrumpupallot","13":"product_tag-onxon","14":"product_tag-ryppyisyys","15":"product_tag-sahkonsaasto","16":"product_tag-vaatteiden-pehmennys","17":"product_tag-villa","19":"first","20":"instock","21":"taxable","22":"shipping-taxable","23":"purchasable","24":"product-type-simple"},"yoast_head":"<!-- This site is optimized with the Yoast SEO Premium plugin v26.8 (Yoast SEO v27.4) - https:\/\/yoast.com\/product\/yoast-seo-premium-wordpress\/ -->\n<title>OnXOn Kuivausrumpupallot Villa 3kpl - Shop Eettinen Luksus<\/title>\n<meta name=\"description\" content=\"OnXOn Kuivausrumpupallot Villa 3kpl Ekologinen 100% Uuden-Seelannin villasta. V\u00e4hent\u00e4\u00e4 staattista s\u00e4hk\u00f6\u00e4 Pehment\u00e4\u00e4 vaatteet luonnollisesti.\" \/>\n<meta name=\"robots\" content=\"index, follow, max-snippet:-1, max-image-preview:large, max-video-preview:-1\" \/>\n<link rel=\"canonical\" href=\"https:\/\/eettinenluksus.fi\/shop\/tuote\/onxon-kuivausrumpupallot-villa-3kpl\/\" \/>\n<meta property=\"og:locale\" content=\"fi_FI\" \/>\n<meta property=\"og:type\" content=\"article\" \/>\n<meta property=\"og:title\" content=\"OnXOn Kuivausrumpupallot Villa 3kpl\" \/>\n<meta property=\"og:description\" content=\"OnXOn Kuivausrumpupallot Villa 3kpl Ekologinen 100% Uuden-Seelannin villasta. V\u00e4hent\u00e4\u00e4 staattista s\u00e4hk\u00f6\u00e4 Pehment\u00e4\u00e4 vaatteet luonnollisesti.\" \/>\n<meta property=\"og:url\" content=\"https:\/\/eettinenluksus.fi\/shop\/tuote\/onxon-kuivausrumpupallot-villa-3kpl\/\" \/>\n<meta property=\"og:site_name\" content=\"Shop Eettinen Luksus\" \/>\n<meta property=\"article:publisher\" content=\"https:\/\/www.facebook.com\/eettinenluksus\" \/>\n<meta property=\"article:modified_time\" content=\"2024-09-16T11:16:09+00:00\" \/>\n<meta property=\"og:image\" content=\"https:\/\/eettinenluksus.fi\/shop\/wp-content\/uploads\/sites\/4\/1726\/85\/OnXOn-kuivauspallopakkaus-265x265-1.jpg\" \/>\n\t<meta property=\"og:image:width\" content=\"265\" \/>\n\t<meta property=\"og:image:height\" content=\"265\" \/>\n\t<meta property=\"og:image:type\" content=\"image\/jpeg\" \/>\n<meta name=\"twitter:card\" content=\"summary_large_image\" \/>\n<meta name=\"twitter:label1\" content=\"Hinta\" \/>\n\t<meta name=\"twitter:data1\" content=\"10,30&nbsp;&euro;\" \/>\n\t<meta name=\"twitter:label2\" content=\"Saatavuus\" \/>\n\t<meta name=\"twitter:data2\" content=\"Varastossa\" \/>\n<script type=\"application\/ld+json\" class=\"yoast-schema-graph\">{\"@context\":\"https:\\\/\\\/schema.org\",\"@graph\":[{\"@type\":\"WebPage\",\"@id\":\"https:\\\/\\\/eettinenluksus.fi\\\/shop\\\/tuote\\\/onxon-kuivausrumpupallot-villa-3kpl\\\/\",\"url\":\"https:\\\/\\\/eettinenluksus.fi\\\/shop\\\/tuote\\\/onxon-kuivausrumpupallot-villa-3kpl\\\/\",\"name\":\"OnXOn Kuivausrumpupallot Villa 3kpl - Shop Eettinen Luksus\",\"isPartOf\":{\"@id\":\"https:\\\/\\\/eettinenluksus.fi\\\/shop\\\/#website\"},\"primaryImageOfPage\":{\"@id\":\"https:\\\/\\\/eettinenluksus.fi\\\/shop\\\/tuote\\\/onxon-kuivausrumpupallot-villa-3kpl\\\/#primaryimage\"},\"image\":{\"@id\":\"https:\\\/\\\/eettinenluksus.fi\\\/shop\\\/tuote\\\/onxon-kuivausrumpupallot-villa-3kpl\\\/#primaryimage\"},\"thumbnailUrl\":\"https:\\\/\\\/eettinenluksus.fi\\\/shop\\\/wp-content\\\/uploads\\\/sites\\\/4\\\/1726\\\/85\\\/OnXOn-kuivauspallopakkaus-265x265-1.jpg\",\"datePublished\":\"2022-10-06T05:20:13+00:00\",\"dateModified\":\"2024-09-16T11:16:09+00:00\",\"description\":\"OnXOn Kuivausrumpupallot Villa 3kpl Ekologinen 100% Uuden-Seelannin villasta. V\u00e4hent\u00e4\u00e4 staattista s\u00e4hk\u00f6\u00e4 Pehment\u00e4\u00e4 vaatteet luonnollisesti.\",\"breadcrumb\":{\"@id\":\"https:\\\/\\\/eettinenluksus.fi\\\/shop\\\/tuote\\\/onxon-kuivausrumpupallot-villa-3kpl\\\/#breadcrumb\"},\"inLanguage\":\"fi\",\"potentialAction\":[{\"@type\":\"ReadAction\",\"target\":[\"https:\\\/\\\/eettinenluksus.fi\\\/shop\\\/tuote\\\/onxon-kuivausrumpupallot-villa-3kpl\\\/\"]}]},{\"@type\":\"ImageObject\",\"inLanguage\":\"fi\",\"@id\":\"https:\\\/\\\/eettinenluksus.fi\\\/shop\\\/tuote\\\/onxon-kuivausrumpupallot-villa-3kpl\\\/#primaryimage\",\"url\":\"https:\\\/\\\/eettinenluksus.fi\\\/shop\\\/wp-content\\\/uploads\\\/sites\\\/4\\\/1726\\\/85\\\/OnXOn-kuivauspallopakkaus-265x265-1.jpg\",\"contentUrl\":\"https:\\\/\\\/eettinenluksus.fi\\\/shop\\\/wp-content\\\/uploads\\\/sites\\\/4\\\/1726\\\/85\\\/OnXOn-kuivauspallopakkaus-265x265-1.jpg\",\"width\":265,\"height\":265,\"caption\":\"OnXOn-kuivauspallopakkaus 265x265\"},{\"@type\":\"BreadcrumbList\",\"@id\":\"https:\\\/\\\/eettinenluksus.fi\\\/shop\\\/tuote\\\/onxon-kuivausrumpupallot-villa-3kpl\\\/#breadcrumb\",\"itemListElement\":[{\"@type\":\"ListItem\",\"position\":1,\"name\":\"Etusivu\",\"item\":\"https:\\\/\\\/eettinenluksus.fi\\\/shop\\\/\"},{\"@type\":\"ListItem\",\"position\":2,\"name\":\"Kauppa\",\"item\":\"https:\\\/\\\/eettinenluksus.fi\\\/shop\\\/en\\\/kauppa\\\/\"},{\"@type\":\"ListItem\",\"position\":3,\"name\":\"OnXOn Kuivausrumpupallot Villa 3kpl\"}]},{\"@type\":\"WebSite\",\"@id\":\"https:\\\/\\\/eettinenluksus.fi\\\/shop\\\/#website\",\"url\":\"https:\\\/\\\/eettinenluksus.fi\\\/shop\\\/\",\"name\":\"Shop Eettinen Luksus\",\"description\":\"Uusi verkkokauppa\",\"publisher\":{\"@id\":\"https:\\\/\\\/eettinenluksus.fi\\\/shop\\\/#organization\"},\"potentialAction\":[{\"@type\":\"SearchAction\",\"target\":{\"@type\":\"EntryPoint\",\"urlTemplate\":\"https:\\\/\\\/eettinenluksus.fi\\\/shop\\\/?s={search_term_string}\"},\"query-input\":{\"@type\":\"PropertyValueSpecification\",\"valueRequired\":true,\"valueName\":\"search_term_string\"}}],\"inLanguage\":\"fi\"},{\"@type\":\"Organization\",\"@id\":\"https:\\\/\\\/eettinenluksus.fi\\\/shop\\\/#organization\",\"name\":\"Shop Eettinen Luksus\",\"url\":\"https:\\\/\\\/eettinenluksus.fi\\\/shop\\\/\",\"logo\":{\"@type\":\"ImageObject\",\"inLanguage\":\"fi\",\"@id\":\"https:\\\/\\\/eettinenluksus.fi\\\/shop\\\/#\\\/schema\\\/logo\\\/image\\\/\",\"url\":\"https:\\\/\\\/eettinenluksus.fi\\\/shop\\\/wp-content\\\/uploads\\\/sites\\\/4\\\/1664\\\/37\\\/cropped-ELO.jpg\",\"contentUrl\":\"https:\\\/\\\/eettinenluksus.fi\\\/shop\\\/wp-content\\\/uploads\\\/sites\\\/4\\\/1664\\\/37\\\/cropped-ELO.jpg\",\"width\":810,\"height\":350,\"caption\":\"Shop Eettinen Luksus\"},\"image\":{\"@id\":\"https:\\\/\\\/eettinenluksus.fi\\\/shop\\\/#\\\/schema\\\/logo\\\/image\\\/\"},\"sameAs\":[\"https:\\\/\\\/www.facebook.com\\\/eettinenluksus\",\"https:\\\/\\\/www.instagram.com\\\/eettinenluksus\\\/\"]}]}<\/script>\n<meta property=\"product:price:amount\" content=\"10.30\" \/>\n<meta property=\"product:price:currency\" content=\"EUR\" \/>\n<meta property=\"og:availability\" content=\"instock\" \/>\n<meta property=\"product:availability\" content=\"instock\" \/>\n<meta property=\"product:retailer_item_id\" content=\"2055\" \/>\n<meta property=\"product:condition\" content=\"new\" \/>\n<!-- \/ Yoast SEO Premium plugin. -->","yoast_head_json":{"title":"OnXOn Kuivausrumpupallot Villa 3kpl - Shop Eettinen Luksus","description":"OnXOn Kuivausrumpupallot Villa 3kpl Ekologinen 100% Uuden-Seelannin villasta. V\u00e4hent\u00e4\u00e4 staattista s\u00e4hk\u00f6\u00e4 Pehment\u00e4\u00e4 vaatteet luonnollisesti.","robots":{"index":"index","follow":"follow","max-snippet":"max-snippet:-1","max-image-preview":"max-image-preview:large","max-video-preview":"max-video-preview:-1"},"canonical":"https:\/\/eettinenluksus.fi\/shop\/tuote\/onxon-kuivausrumpupallot-villa-3kpl\/","og_locale":"fi_FI","og_type":"article","og_title":"OnXOn Kuivausrumpupallot Villa 3kpl","og_description":"OnXOn Kuivausrumpupallot Villa 3kpl Ekologinen 100% Uuden-Seelannin villasta. V\u00e4hent\u00e4\u00e4 staattista s\u00e4hk\u00f6\u00e4 Pehment\u00e4\u00e4 vaatteet luonnollisesti.","og_url":"https:\/\/eettinenluksus.fi\/shop\/tuote\/onxon-kuivausrumpupallot-villa-3kpl\/","og_site_name":"Shop Eettinen Luksus","article_publisher":"https:\/\/www.facebook.com\/eettinenluksus","article_modified_time":"2024-09-16T11:16:09+00:00","og_image":[{"width":265,"height":265,"url":"https:\/\/eettinenluksus.fi\/shop\/wp-content\/uploads\/sites\/4\/1726\/85\/OnXOn-kuivauspallopakkaus-265x265-1.jpg","type":"image\/jpeg"}],"twitter_card":"summary_large_image","twitter_misc":{"Hinta":"10,30&nbsp;&euro;","Saatavuus":"Varastossa"},"schema":{"@context":"https:\/\/schema.org","@graph":[{"@type":"WebPage","@id":"https:\/\/eettinenluksus.fi\/shop\/tuote\/onxon-kuivausrumpupallot-villa-3kpl\/","url":"https:\/\/eettinenluksus.fi\/shop\/tuote\/onxon-kuivausrumpupallot-villa-3kpl\/","name":"OnXOn Kuivausrumpupallot Villa 3kpl - Shop Eettinen Luksus","isPartOf":{"@id":"https:\/\/eettinenluksus.fi\/shop\/#website"},"primaryImageOfPage":{"@id":"https:\/\/eettinenluksus.fi\/shop\/tuote\/onxon-kuivausrumpupallot-villa-3kpl\/#primaryimage"},"image":{"@id":"https:\/\/eettinenluksus.fi\/shop\/tuote\/onxon-kuivausrumpupallot-villa-3kpl\/#primaryimage"},"thumbnailUrl":"https:\/\/eettinenluksus.fi\/shop\/wp-content\/uploads\/sites\/4\/1726\/85\/OnXOn-kuivauspallopakkaus-265x265-1.jpg","datePublished":"2022-10-06T05:20:13+00:00","dateModified":"2024-09-16T11:16:09+00:00","description":"OnXOn Kuivausrumpupallot Villa 3kpl Ekologinen 100% Uuden-Seelannin villasta. V\u00e4hent\u00e4\u00e4 staattista s\u00e4hk\u00f6\u00e4 Pehment\u00e4\u00e4 vaatteet luonnollisesti.","breadcrumb":{"@id":"https:\/\/eettinenluksus.fi\/shop\/tuote\/onxon-kuivausrumpupallot-villa-3kpl\/#breadcrumb"},"inLanguage":"fi","potentialAction":[{"@type":"ReadAction","target":["https:\/\/eettinenluksus.fi\/shop\/tuote\/onxon-kuivausrumpupallot-villa-3kpl\/"]}]},{"@type":"ImageObject","inLanguage":"fi","@id":"https:\/\/eettinenluksus.fi\/shop\/tuote\/onxon-kuivausrumpupallot-villa-3kpl\/#primaryimage","url":"https:\/\/eettinenluksus.fi\/shop\/wp-content\/uploads\/sites\/4\/1726\/85\/OnXOn-kuivauspallopakkaus-265x265-1.jpg","contentUrl":"https:\/\/eettinenluksus.fi\/shop\/wp-content\/uploads\/sites\/4\/1726\/85\/OnXOn-kuivauspallopakkaus-265x265-1.jpg","width":265,"height":265,"caption":"OnXOn-kuivauspallopakkaus 265x265"},{"@type":"BreadcrumbList","@id":"https:\/\/eettinenluksus.fi\/shop\/tuote\/onxon-kuivausrumpupallot-villa-3kpl\/#breadcrumb","itemListElement":[{"@type":"ListItem","position":1,"name":"Etusivu","item":"https:\/\/eettinenluksus.fi\/shop\/"},{"@type":"ListItem","position":2,"name":"Kauppa","item":"https:\/\/eettinenluksus.fi\/shop\/en\/kauppa\/"},{"@type":"ListItem","position":3,"name":"OnXOn Kuivausrumpupallot Villa 3kpl"}]},{"@type":"WebSite","@id":"https:\/\/eettinenluksus.fi\/shop\/#website","url":"https:\/\/eettinenluksus.fi\/shop\/","name":"Shop Eettinen Luksus","description":"Uusi verkkokauppa","publisher":{"@id":"https:\/\/eettinenluksus.fi\/shop\/#organization"},"potentialAction":[{"@type":"SearchAction","target":{"@type":"EntryPoint","urlTemplate":"https:\/\/eettinenluksus.fi\/shop\/?s={search_term_string}"},"query-input":{"@type":"PropertyValueSpecification","valueRequired":true,"valueName":"search_term_string"}}],"inLanguage":"fi"},{"@type":"Organization","@id":"https:\/\/eettinenluksus.fi\/shop\/#organization","name":"Shop Eettinen Luksus","url":"https:\/\/eettinenluksus.fi\/shop\/","logo":{"@type":"ImageObject","inLanguage":"fi","@id":"https:\/\/eettinenluksus.fi\/shop\/#\/schema\/logo\/image\/","url":"https:\/\/eettinenluksus.fi\/shop\/wp-content\/uploads\/sites\/4\/1664\/37\/cropped-ELO.jpg","contentUrl":"https:\/\/eettinenluksus.fi\/shop\/wp-content\/uploads\/sites\/4\/1664\/37\/cropped-ELO.jpg","width":810,"height":350,"caption":"Shop Eettinen Luksus"},"image":{"@id":"https:\/\/eettinenluksus.fi\/shop\/#\/schema\/logo\/image\/"},"sameAs":["https:\/\/www.facebook.com\/eettinenluksus","https:\/\/www.instagram.com\/eettinenluksus\/"]}]},"product_price_amount":"10.30","product_price_currency":"EUR","og_availability":"instock","product_availability":"instock","product_retailer_item_id":"2055","product_condition":"new"},"_links":{"self":[{"href":"https:\/\/eettinenluksus.fi\/shop\/wp-json\/wp\/v2\/product\/532","targetHints":{"allow":["GET"]}}],"collection":[{"href":"https:\/\/eettinenluksus.fi\/shop\/wp-json\/wp\/v2\/product"}],"about":[{"href":"https:\/\/eettinenluksus.fi\/shop\/wp-json\/wp\/v2\/types\/product"}],"version-history":[{"count":13,"href":"https:\/\/eettinenluksus.fi\/shop\/wp-json\/wp\/v2\/product\/532\/revisions"}],"predecessor-version":[{"id":3989,"href":"https:\/\/eettinenluksus.fi\/shop\/wp-json\/wp\/v2\/product\/532\/revisions\/3989"}],"wp:featuredmedia":[{"embeddable":true,"href":"https:\/\/eettinenluksus.fi\/shop\/wp-json\/wp\/v2\/media\/3985"}],"wp:attachment":[{"href":"https:\/\/eettinenluksus.fi\/shop\/wp-json\/wp\/v2\/media?parent=532"}],"wp:term":[{"taxonomy":"product_brand","embeddable":true,"href":"https:\/\/eettinenluksus.fi\/shop\/wp-json\/wp\/v2\/product_brand?post=532"},{"taxonomy":"product_cat","embeddable":true,"href":"https:\/\/eettinenluksus.fi\/shop\/wp-json\/wp\/v2\/product_cat?post=532"},{"taxonomy":"product_tag","embeddable":true,"href":"https:\/\/eettinenluksus.fi\/shop\/wp-json\/wp\/v2\/product_tag?post=532"}],"curies":[{"name":"wp","href":"https:\/\/api.w.org\/{rel}","templated":true}]}}