{"id":530,"date":"2022-10-06T08:18:03","date_gmt":"2022-10-06T05:18:03","guid":{"rendered":"https:\/\/eettinenluksus.fi\/shop2022\/?post_type=product&#038;p=530"},"modified":"2024-09-16T15:32:34","modified_gmt":"2024-09-16T12:32:34","slug":"onxon-pyykinpesupaketti","status":"publish","type":"product","link":"https:\/\/eettinenluksus.fi\/shop\/tuote\/onxon-pyykinpesupaketti\/","title":{"rendered":"OnXOn-pyykinpesupaketti"},"content":{"rendered":"<p style=\"font-size: 0px;\">onxon-pyykinpesupaketti<\/p>\n<p><b>OnXOn Kuivausrumpupallot Villa 3kpl:<\/b> 100% Uuden-Seelannin villaa. PAREMPI TULOS &#8211; PIENEMM\u00c4T KULUT &#8211; LUONTO KIITT\u00c4\u00c4. Pehment\u00e4v\u00e4t vaatteet luonnollisesti ilman kemikaaleja kimpoillessaan kuivausrummussa vaatteita vasten. Erottelevat vaatteet paremmin toisistaan kuivauksen aikana, jolloin kuivausaika lyhenee jopa 40%. Siis luonnollinen pehmeys, ajans\u00e4\u00e4st\u00f6, pienempi hiilijalanj\u00e4lki ja kemikaalikuorma, v\u00e4hemm\u00e4n ryppyj\u00e4 ja staattista s\u00e4hk\u00f6\u00e4 sek\u00e4 pidempi vaatteiden k\u00e4ytt\u00f6ik\u00e4 &#8211; kaikki t\u00e4m\u00e4 ja viel\u00e4 ekologisesti! Lue lis\u00e4\u00e4: <a href=\"https:\/\/eettinenluksus.fi\/shop\/tuote\/onxon-kuivausrumpupallot-villa-3kpl\/\" target=\"_blank\" rel=\"nofollow noopener\">OnXOn Kuivausrumpupallot Villa 3kpl<\/a><\/p>\n<p><b>OnXOn Happivalkaisija 550g:<\/b> Valkosille tekstiileille. Esipesuun, konepesuun, liotukseen. Hohtavan valkoinen tulos ilman klooria, zeoliittia ja haitallisia kaasuja. Poistaa helposti tahrat, kuten hedelm\u00e4, ruoho, sinappi, ketsuppi tai punaviini. Puhdistaa l\u00e4hes kaikki pest\u00e4v\u00e4 materiaalit, kuten tekstiilit, matot tai verhot. Testaa ensin huomaamattomalle alueelle. Sulje purkki k\u00e4yt\u00f6n j\u00e4lkeen ja s\u00e4ilyt\u00e4 kuivassa paikassa. Hajusteeton, zeoliititon, purkki 100% kierr\u00e4tysmuovista, ilmastoneutraalituote. Lue lis\u00e4\u00e4: <a href=\"https:\/\/eettinenluksus.fi\/shop\/tuote\/onxon-happivalkaisija-550g\/\" target=\"_blank\" rel=\"nofollow noopener\">OnXOn Happivalkaisija 550g<\/a><\/p>\n<p><b>OnXOn Sappisaippua 160g:<\/b> Tehokas ja luonnollinen tahranpoistaja hajottaa rasvan luonnon omalla keinolla &#8211; sapella. Nautakarjan sapesta valmistettu sappisaippua sopii erinomaisesti tahrojen poistamiseen vaatteista (paidan kaulukset), lakatuilta pinnoilta, sein\u00e4laatoista, kengist\u00e4, matoista ja muusta verhoilusta. Tehoaa erityisesti vaikeisiin tahroihin, kuten tomaatti-, punaviini- ja sinappitahroihin. Lue lis\u00e4\u00e4: <a href=\"https:\/\/eettinenluksus.fi\/shop\/tuote\/onxon-sappisaippua-160g\/\" target=\"_blank\" rel=\"nofollow noopener\">OnXOn Sappisaippua 160g<\/a><\/p>\n<p style=\"font-size: 0px;\"><a href=\"https:\/\/onxon.fi\/\"><span style=\"font-size: 0px;\">&#8211;<\/span><\/a> onxon-pyykinpesupaketti T\u00e4yteteksti\u00e4, B t\u00e4yteteksti\u00e4 then C t\u00e4yteteksti\u00e4. T\u00e4yteteksti\u00e4, D t\u00e4yteteksti\u00e4 then E t\u00e4yteteksti\u00e4. T\u00e4yteteksti\u00e4, R t\u00e4yteteksti\u00e4 then T t\u00e4yteteksti\u00e4. T\u00e4yteteksti\u00e4, F t\u00e4yteteksti\u00e4 then G t\u00e4yteteksti\u00e4. T\u00e4yteteksti\u00e4, B t\u00e4yteteksti\u00e4 then C t\u00e4yteteksti\u00e4. T\u00e4yteteksti\u00e4, D t\u00e4yteteksti\u00e4 then E t\u00e4yteteksti\u00e4. T\u00e4yteteksti\u00e4, R t\u00e4yteteksti\u00e4 then T t\u00e4yteteksti\u00e4. T\u00e4yteteksti\u00e4, F t\u00e4yteteksti\u00e4 then G t\u00e4yteteksti\u00e4. T\u00e4yteteksti\u00e4, B t\u00e4yteteksti\u00e4 then C t\u00e4yteteksti\u00e4. T\u00e4yteteksti\u00e4, D t\u00e4yteteksti\u00e4 then E t\u00e4yteteksti\u00e4. T\u00e4yteteksti\u00e4, R t\u00e4yteteksti\u00e4 then T t\u00e4yteteksti\u00e4. T\u00e4yteteksti\u00e4, F t\u00e4yteteksti\u00e4 then G t\u00e4yteteksti\u00e4. T\u00e4yteteksti\u00e4, B t\u00e4yteteksti\u00e4 then C t\u00e4yteteksti\u00e4. T\u00e4yteteksti\u00e4, D t\u00e4yteteksti\u00e4 then E t\u00e4yteteksti\u00e4. T\u00e4yteteksti\u00e4, R t\u00e4yteteksti\u00e4 then T t\u00e4yteteksti\u00e4.<\/p>\n<h2 style=\"font-size: 0px;\">OnXOn-pyykinpesupaketti<\/h2>\n<p style=\"font-size: 0px;\">T\u00e4yteteksti\u00e4, F t\u00e4yteteksti\u00e4 then G t\u00e4yteteksti\u00e4. T\u00e4yteteksti\u00e4, B t\u00e4yteteksti\u00e4 then C t\u00e4yteteksti\u00e4. T\u00e4yteteksti\u00e4, D t\u00e4yteteksti\u00e4 then E t\u00e4yteteksti\u00e4. T\u00e4yteteksti\u00e4, R t\u00e4yteteksti\u00e4 then T t\u00e4yteteksti\u00e4. T\u00e4yteteksti\u00e4, F t\u00e4yteteksti\u00e4 then G t\u00e4yteteksti\u00e4. T\u00e4yteteksti\u00e4, B t\u00e4yteteksti\u00e4 then C t\u00e4yteteksti\u00e4. T\u00e4yteteksti\u00e4, D t\u00e4yteteksti\u00e4 then E t\u00e4yteteksti\u00e4. T\u00e4yteteksti\u00e4, R t\u00e4yteteksti\u00e4 then T t\u00e4yteteksti\u00e4. T\u00e4yteteksti\u00e4, F t\u00e4yteteksti\u00e4 then G t\u00e4yteteksti\u00e4. <a href=\"https:\/\/eettinenluksus.fi\/shop\"><span style=\"font-size: 0px;\">&#8211;<\/span><\/a><\/p>\n","protected":false},"excerpt":{"rendered":"<p>TARJOUSPAKETTI:<\/p>\n<h4><b>OnXOn Sappisaippua 160g<\/b><\/h4>\n<p>Tehokas ja luonnollinen tahranpoistaja hajottaa rasvan luonnon omalla keinolla \u2013 sapella. Erityisesti vaikeisiin tahroihin: tomaatti, punaviini, sinappi.<\/p>\n<h4><b>OnXOn Happivalkaisija 550g<\/b><\/h4>\n<p>Valkosille tekstiileille. Esipesuun, konepesuun, liotukseen. Hohtavan valkoinen tulos ilman klooria, zeoliittia ja haitallisia kaasuja.<\/p>\n<h4><b>OnXOn Kuivausrumpupallot Villa 3kpl<\/b><\/h4>\n<p>100% Uuden-Seelannin villasta. Todellinen vaihtoehto huuhteluaineelle.<\/p>\n","protected":false},"featured_media":4002,"template":"","meta":{"inline_featured_image":false},"product_brand":[],"product_cat":[23,31,52,56],"product_tag":[70,261,268,164,247,248,265,74],"class_list":{"0":"post-530","1":"product","2":"type-product","3":"status-publish","4":"has-post-thumbnail","6":"product_cat-onxon","7":"product_cat-onxon-pyykinpesu","8":"product_cat-pyykinpesu","9":"product_cat-tuotepaketit","10":"product_tag-ekologinen","11":"product_tag-happivalkaisija","12":"product_tag-kuivausrumpupallot","13":"product_tag-onxon","14":"product_tag-pyykinpesu","15":"product_tag-pyykinpesuaine","16":"product_tag-sappisaippua","17":"product_tag-tuotepaketti","19":"first","20":"instock","21":"taxable","22":"shipping-taxable","23":"purchasable","24":"product-type-simple"},"yoast_head":"<!-- This site is optimized with the Yoast SEO Premium plugin v26.8 (Yoast SEO v27.4) - https:\/\/yoast.com\/product\/yoast-seo-premium-wordpress\/ -->\n<title>OnXOn-pyykinpesupaketti - Shop Eettinen Luksus<\/title>\n<meta name=\"description\" content=\"Suositut OnXOn-pyykinpesutuotteet nyt tarjouspaketissa. OnXOn Kuivausrumpupallot, Sappisaippua ja Happivalkaisija yhteishintaan OnXOn-pyykinpesupaketti\" \/>\n<meta name=\"robots\" content=\"index, follow, max-snippet:-1, max-image-preview:large, max-video-preview:-1\" \/>\n<link rel=\"canonical\" href=\"https:\/\/eettinenluksus.fi\/shop\/tuote\/onxon-pyykinpesupaketti\/\" \/>\n<meta property=\"og:locale\" content=\"fi_FI\" \/>\n<meta property=\"og:type\" content=\"article\" \/>\n<meta property=\"og:title\" content=\"OnXOn-pyykinpesupaketti\" \/>\n<meta property=\"og:description\" content=\"Suositut OnXOn-pyykinpesutuotteet nyt tarjouspaketissa. OnXOn Kuivausrumpupallot, Sappisaippua ja Happivalkaisija yhteishintaan OnXOn-pyykinpesupaketti\" \/>\n<meta property=\"og:url\" content=\"https:\/\/eettinenluksus.fi\/shop\/tuote\/onxon-pyykinpesupaketti\/\" \/>\n<meta property=\"og:site_name\" content=\"Shop Eettinen Luksus\" \/>\n<meta property=\"article:publisher\" content=\"https:\/\/www.facebook.com\/eettinenluksus\" \/>\n<meta property=\"article:modified_time\" content=\"2024-09-16T12:32:34+00:00\" \/>\n<meta property=\"og:image\" content=\"https:\/\/eettinenluksus.fi\/shop\/wp-content\/uploads\/sites\/4\/1726\/89\/OnXOn-pyykinhoitopaketti-2476x2476-1.jpg\" \/>\n\t<meta property=\"og:image:width\" content=\"2476\" \/>\n\t<meta property=\"og:image:height\" content=\"2476\" \/>\n\t<meta property=\"og:image:type\" content=\"image\/jpeg\" \/>\n<meta name=\"twitter:card\" content=\"summary_large_image\" \/>\n<meta name=\"twitter:label1\" content=\"Hinta\" \/>\n\t<meta name=\"twitter:data1\" content=\"18,90&nbsp;&euro;\" \/>\n\t<meta name=\"twitter:label2\" content=\"Saatavuus\" \/>\n\t<meta name=\"twitter:data2\" content=\"Varastossa\" \/>\n<script type=\"application\/ld+json\" class=\"yoast-schema-graph\">{\"@context\":\"https:\\\/\\\/schema.org\",\"@graph\":[{\"@type\":\"WebPage\",\"@id\":\"https:\\\/\\\/eettinenluksus.fi\\\/shop\\\/tuote\\\/onxon-pyykinpesupaketti\\\/\",\"url\":\"https:\\\/\\\/eettinenluksus.fi\\\/shop\\\/tuote\\\/onxon-pyykinpesupaketti\\\/\",\"name\":\"OnXOn-pyykinpesupaketti - Shop Eettinen Luksus\",\"isPartOf\":{\"@id\":\"https:\\\/\\\/eettinenluksus.fi\\\/shop\\\/#website\"},\"primaryImageOfPage\":{\"@id\":\"https:\\\/\\\/eettinenluksus.fi\\\/shop\\\/tuote\\\/onxon-pyykinpesupaketti\\\/#primaryimage\"},\"image\":{\"@id\":\"https:\\\/\\\/eettinenluksus.fi\\\/shop\\\/tuote\\\/onxon-pyykinpesupaketti\\\/#primaryimage\"},\"thumbnailUrl\":\"https:\\\/\\\/eettinenluksus.fi\\\/shop\\\/wp-content\\\/uploads\\\/sites\\\/4\\\/1726\\\/89\\\/OnXOn-pyykinhoitopaketti-2476x2476-1.jpg\",\"datePublished\":\"2022-10-06T05:18:03+00:00\",\"dateModified\":\"2024-09-16T12:32:34+00:00\",\"description\":\"Suositut OnXOn-pyykinpesutuotteet nyt tarjouspaketissa. OnXOn Kuivausrumpupallot, Sappisaippua ja Happivalkaisija yhteishintaan OnXOn-pyykinpesupaketti\",\"breadcrumb\":{\"@id\":\"https:\\\/\\\/eettinenluksus.fi\\\/shop\\\/tuote\\\/onxon-pyykinpesupaketti\\\/#breadcrumb\"},\"inLanguage\":\"fi\",\"potentialAction\":[{\"@type\":\"ReadAction\",\"target\":[\"https:\\\/\\\/eettinenluksus.fi\\\/shop\\\/tuote\\\/onxon-pyykinpesupaketti\\\/\"]}]},{\"@type\":\"ImageObject\",\"inLanguage\":\"fi\",\"@id\":\"https:\\\/\\\/eettinenluksus.fi\\\/shop\\\/tuote\\\/onxon-pyykinpesupaketti\\\/#primaryimage\",\"url\":\"https:\\\/\\\/eettinenluksus.fi\\\/shop\\\/wp-content\\\/uploads\\\/sites\\\/4\\\/1726\\\/89\\\/OnXOn-pyykinhoitopaketti-2476x2476-1.jpg\",\"contentUrl\":\"https:\\\/\\\/eettinenluksus.fi\\\/shop\\\/wp-content\\\/uploads\\\/sites\\\/4\\\/1726\\\/89\\\/OnXOn-pyykinhoitopaketti-2476x2476-1.jpg\",\"width\":2476,\"height\":2476,\"caption\":\"OnXOn-pyykinhoitopaketti\"},{\"@type\":\"BreadcrumbList\",\"@id\":\"https:\\\/\\\/eettinenluksus.fi\\\/shop\\\/tuote\\\/onxon-pyykinpesupaketti\\\/#breadcrumb\",\"itemListElement\":[{\"@type\":\"ListItem\",\"position\":1,\"name\":\"Etusivu\",\"item\":\"https:\\\/\\\/eettinenluksus.fi\\\/shop\\\/\"},{\"@type\":\"ListItem\",\"position\":2,\"name\":\"Kauppa\",\"item\":\"https:\\\/\\\/eettinenluksus.fi\\\/shop\\\/en\\\/kauppa\\\/\"},{\"@type\":\"ListItem\",\"position\":3,\"name\":\"OnXOn-pyykinpesupaketti\"}]},{\"@type\":\"WebSite\",\"@id\":\"https:\\\/\\\/eettinenluksus.fi\\\/shop\\\/#website\",\"url\":\"https:\\\/\\\/eettinenluksus.fi\\\/shop\\\/\",\"name\":\"Shop Eettinen Luksus\",\"description\":\"Uusi verkkokauppa\",\"publisher\":{\"@id\":\"https:\\\/\\\/eettinenluksus.fi\\\/shop\\\/#organization\"},\"potentialAction\":[{\"@type\":\"SearchAction\",\"target\":{\"@type\":\"EntryPoint\",\"urlTemplate\":\"https:\\\/\\\/eettinenluksus.fi\\\/shop\\\/?s={search_term_string}\"},\"query-input\":{\"@type\":\"PropertyValueSpecification\",\"valueRequired\":true,\"valueName\":\"search_term_string\"}}],\"inLanguage\":\"fi\"},{\"@type\":\"Organization\",\"@id\":\"https:\\\/\\\/eettinenluksus.fi\\\/shop\\\/#organization\",\"name\":\"Shop Eettinen Luksus\",\"url\":\"https:\\\/\\\/eettinenluksus.fi\\\/shop\\\/\",\"logo\":{\"@type\":\"ImageObject\",\"inLanguage\":\"fi\",\"@id\":\"https:\\\/\\\/eettinenluksus.fi\\\/shop\\\/#\\\/schema\\\/logo\\\/image\\\/\",\"url\":\"https:\\\/\\\/eettinenluksus.fi\\\/shop\\\/wp-content\\\/uploads\\\/sites\\\/4\\\/1664\\\/37\\\/cropped-ELO.jpg\",\"contentUrl\":\"https:\\\/\\\/eettinenluksus.fi\\\/shop\\\/wp-content\\\/uploads\\\/sites\\\/4\\\/1664\\\/37\\\/cropped-ELO.jpg\",\"width\":810,\"height\":350,\"caption\":\"Shop Eettinen Luksus\"},\"image\":{\"@id\":\"https:\\\/\\\/eettinenluksus.fi\\\/shop\\\/#\\\/schema\\\/logo\\\/image\\\/\"},\"sameAs\":[\"https:\\\/\\\/www.facebook.com\\\/eettinenluksus\",\"https:\\\/\\\/www.instagram.com\\\/eettinenluksus\\\/\"]}]}<\/script>\n<meta property=\"product:price:amount\" content=\"18.90\" \/>\n<meta property=\"product:price:currency\" content=\"EUR\" \/>\n<meta property=\"og:availability\" content=\"instock\" \/>\n<meta property=\"product:availability\" content=\"instock\" \/>\n<meta property=\"product:retailer_item_id\" content=\"202720292055\" \/>\n<meta property=\"product:condition\" content=\"new\" \/>\n<!-- \/ Yoast SEO Premium plugin. -->","yoast_head_json":{"title":"OnXOn-pyykinpesupaketti - Shop Eettinen Luksus","description":"Suositut OnXOn-pyykinpesutuotteet nyt tarjouspaketissa. OnXOn Kuivausrumpupallot, Sappisaippua ja Happivalkaisija yhteishintaan OnXOn-pyykinpesupaketti","robots":{"index":"index","follow":"follow","max-snippet":"max-snippet:-1","max-image-preview":"max-image-preview:large","max-video-preview":"max-video-preview:-1"},"canonical":"https:\/\/eettinenluksus.fi\/shop\/tuote\/onxon-pyykinpesupaketti\/","og_locale":"fi_FI","og_type":"article","og_title":"OnXOn-pyykinpesupaketti","og_description":"Suositut OnXOn-pyykinpesutuotteet nyt tarjouspaketissa. OnXOn Kuivausrumpupallot, Sappisaippua ja Happivalkaisija yhteishintaan OnXOn-pyykinpesupaketti","og_url":"https:\/\/eettinenluksus.fi\/shop\/tuote\/onxon-pyykinpesupaketti\/","og_site_name":"Shop Eettinen Luksus","article_publisher":"https:\/\/www.facebook.com\/eettinenluksus","article_modified_time":"2024-09-16T12:32:34+00:00","og_image":[{"width":2476,"height":2476,"url":"https:\/\/eettinenluksus.fi\/shop\/wp-content\/uploads\/sites\/4\/1726\/89\/OnXOn-pyykinhoitopaketti-2476x2476-1.jpg","type":"image\/jpeg"}],"twitter_card":"summary_large_image","twitter_misc":{"Hinta":"18,90&nbsp;&euro;","Saatavuus":"Varastossa"},"schema":{"@context":"https:\/\/schema.org","@graph":[{"@type":"WebPage","@id":"https:\/\/eettinenluksus.fi\/shop\/tuote\/onxon-pyykinpesupaketti\/","url":"https:\/\/eettinenluksus.fi\/shop\/tuote\/onxon-pyykinpesupaketti\/","name":"OnXOn-pyykinpesupaketti - Shop Eettinen Luksus","isPartOf":{"@id":"https:\/\/eettinenluksus.fi\/shop\/#website"},"primaryImageOfPage":{"@id":"https:\/\/eettinenluksus.fi\/shop\/tuote\/onxon-pyykinpesupaketti\/#primaryimage"},"image":{"@id":"https:\/\/eettinenluksus.fi\/shop\/tuote\/onxon-pyykinpesupaketti\/#primaryimage"},"thumbnailUrl":"https:\/\/eettinenluksus.fi\/shop\/wp-content\/uploads\/sites\/4\/1726\/89\/OnXOn-pyykinhoitopaketti-2476x2476-1.jpg","datePublished":"2022-10-06T05:18:03+00:00","dateModified":"2024-09-16T12:32:34+00:00","description":"Suositut OnXOn-pyykinpesutuotteet nyt tarjouspaketissa. OnXOn Kuivausrumpupallot, Sappisaippua ja Happivalkaisija yhteishintaan OnXOn-pyykinpesupaketti","breadcrumb":{"@id":"https:\/\/eettinenluksus.fi\/shop\/tuote\/onxon-pyykinpesupaketti\/#breadcrumb"},"inLanguage":"fi","potentialAction":[{"@type":"ReadAction","target":["https:\/\/eettinenluksus.fi\/shop\/tuote\/onxon-pyykinpesupaketti\/"]}]},{"@type":"ImageObject","inLanguage":"fi","@id":"https:\/\/eettinenluksus.fi\/shop\/tuote\/onxon-pyykinpesupaketti\/#primaryimage","url":"https:\/\/eettinenluksus.fi\/shop\/wp-content\/uploads\/sites\/4\/1726\/89\/OnXOn-pyykinhoitopaketti-2476x2476-1.jpg","contentUrl":"https:\/\/eettinenluksus.fi\/shop\/wp-content\/uploads\/sites\/4\/1726\/89\/OnXOn-pyykinhoitopaketti-2476x2476-1.jpg","width":2476,"height":2476,"caption":"OnXOn-pyykinhoitopaketti"},{"@type":"BreadcrumbList","@id":"https:\/\/eettinenluksus.fi\/shop\/tuote\/onxon-pyykinpesupaketti\/#breadcrumb","itemListElement":[{"@type":"ListItem","position":1,"name":"Etusivu","item":"https:\/\/eettinenluksus.fi\/shop\/"},{"@type":"ListItem","position":2,"name":"Kauppa","item":"https:\/\/eettinenluksus.fi\/shop\/en\/kauppa\/"},{"@type":"ListItem","position":3,"name":"OnXOn-pyykinpesupaketti"}]},{"@type":"WebSite","@id":"https:\/\/eettinenluksus.fi\/shop\/#website","url":"https:\/\/eettinenluksus.fi\/shop\/","name":"Shop Eettinen Luksus","description":"Uusi verkkokauppa","publisher":{"@id":"https:\/\/eettinenluksus.fi\/shop\/#organization"},"potentialAction":[{"@type":"SearchAction","target":{"@type":"EntryPoint","urlTemplate":"https:\/\/eettinenluksus.fi\/shop\/?s={search_term_string}"},"query-input":{"@type":"PropertyValueSpecification","valueRequired":true,"valueName":"search_term_string"}}],"inLanguage":"fi"},{"@type":"Organization","@id":"https:\/\/eettinenluksus.fi\/shop\/#organization","name":"Shop Eettinen Luksus","url":"https:\/\/eettinenluksus.fi\/shop\/","logo":{"@type":"ImageObject","inLanguage":"fi","@id":"https:\/\/eettinenluksus.fi\/shop\/#\/schema\/logo\/image\/","url":"https:\/\/eettinenluksus.fi\/shop\/wp-content\/uploads\/sites\/4\/1664\/37\/cropped-ELO.jpg","contentUrl":"https:\/\/eettinenluksus.fi\/shop\/wp-content\/uploads\/sites\/4\/1664\/37\/cropped-ELO.jpg","width":810,"height":350,"caption":"Shop Eettinen Luksus"},"image":{"@id":"https:\/\/eettinenluksus.fi\/shop\/#\/schema\/logo\/image\/"},"sameAs":["https:\/\/www.facebook.com\/eettinenluksus","https:\/\/www.instagram.com\/eettinenluksus\/"]}]},"product_price_amount":"18.90","product_price_currency":"EUR","og_availability":"instock","product_availability":"instock","product_retailer_item_id":"202720292055","product_condition":"new"},"_links":{"self":[{"href":"https:\/\/eettinenluksus.fi\/shop\/wp-json\/wp\/v2\/product\/530","targetHints":{"allow":["GET"]}}],"collection":[{"href":"https:\/\/eettinenluksus.fi\/shop\/wp-json\/wp\/v2\/product"}],"about":[{"href":"https:\/\/eettinenluksus.fi\/shop\/wp-json\/wp\/v2\/types\/product"}],"version-history":[{"count":6,"href":"https:\/\/eettinenluksus.fi\/shop\/wp-json\/wp\/v2\/product\/530\/revisions"}],"predecessor-version":[{"id":3993,"href":"https:\/\/eettinenluksus.fi\/shop\/wp-json\/wp\/v2\/product\/530\/revisions\/3993"}],"wp:featuredmedia":[{"embeddable":true,"href":"https:\/\/eettinenluksus.fi\/shop\/wp-json\/wp\/v2\/media\/4002"}],"wp:attachment":[{"href":"https:\/\/eettinenluksus.fi\/shop\/wp-json\/wp\/v2\/media?parent=530"}],"wp:term":[{"taxonomy":"product_brand","embeddable":true,"href":"https:\/\/eettinenluksus.fi\/shop\/wp-json\/wp\/v2\/product_brand?post=530"},{"taxonomy":"product_cat","embeddable":true,"href":"https:\/\/eettinenluksus.fi\/shop\/wp-json\/wp\/v2\/product_cat?post=530"},{"taxonomy":"product_tag","embeddable":true,"href":"https:\/\/eettinenluksus.fi\/shop\/wp-json\/wp\/v2\/product_tag?post=530"}],"curies":[{"name":"wp","href":"https:\/\/api.w.org\/{rel}","templated":true}]}}