{"id":526,"date":"2022-10-06T08:02:09","date_gmt":"2022-10-06T05:02:09","guid":{"rendered":"https:\/\/eettinenluksus.fi\/shop2022\/?post_type=product&#038;p=526"},"modified":"2025-10-10T14:53:51","modified_gmt":"2025-10-10T11:53:51","slug":"onxon-nahkasaippua-160-g","status":"publish","type":"product","link":"https:\/\/eettinenluksus.fi\/shop\/tuote\/onxon-nahkasaippua-160-g\/","title":{"rendered":"OnXOn Nahkasaippua 160 g"},"content":{"rendered":"<p style=\"font-size: 0px;\">Nahkakenkien nahkavarusteiden ja nahkahuonekalujen erikoispuhdistusaine. Biologisesti hyvin hajoava fosfaatiton. Sopii my\u00f6s puulle OnXOn Nahkasaippua 160 g<\/p>\n<p>OnXOn Nahkasaippua on tarkoitettu kiilt\u00e4v\u00e4pintaisen nahan sek\u00e4 puisten huonekalujen ja lelujen puhdistamiseen. Biologisesti hyvin hajoava ja fosfaatiton erikoispuhdistusaine. Soveltuu nahka-asusteille, nahkahuonekaluille, kengille, moottoripy\u00f6r\u00e4asusteille, ratsastusvarusteille sek\u00e4 puisille huonekaluille, -leluille ja -esineille. Tuote ei sovellu harjatulle luonnonnahalle, kuten nupukki- tai veluurinahalle.<\/p>\n<p style=\"font-size: 0px;\"><a href=\"https:\/\/www.facebook.com\/eettinenluksus\/\"><span style=\"font-size: 0px;\">&#8211;<\/span><\/a><a href=\"https:\/\/www.instagram.com\/eettinenluksus\/\"><span style=\"font-size: 0px;\">&#8211;<\/span><\/a>puhdistaminen, yleispuhdistus, nahkahuonekalut, erikoispuhdistusaine, nahkasaippua, hella, nahka, nahkalaukku nahka, moottoripy\u00f6r\u00e4varusteet, puuhuonekalut, nahka, erikoispuhdistusaine, ekologinen, nahkalaukku, puulelu nahkalaukku.<\/p>\n<p style=\"font-size: 0px;\">Nahkasaippua puuhuonekalut, nahka, nahka, ekologinen, nahkalaukku, nahkasaippua, nahkalaukku, puhdistaminen. Puhdistaminen, ekologinen, pinttynyt tahra, pinttynyt, puuhuonekalut, nahka, nahkasaippua, pinttynyt ekologinen, lika, puhdistaa, kiillottaa, erikoispuhdistusaine, nahkasaippua, ekologinen. Puhdistaminen, erikoispuhdistusaine, onxon, kylpyhuone, nahka, nahka-asusteet, puulelu ekologinen, nahkasaippua, keng\u00e4t.<\/p>\n<p style=\"font-size: 0px;\">Nahkahuonekalut, keng\u00e4t, ekologinen, erikoispuhdistusaine, nahkakeng\u00e4t. Nahkakeng\u00e4t, nahkasaippua, erikoispuhdistusaine, nahkakeng\u00e4t, nahkakeng\u00e4t, nahkalaukku, nahkasaippua, nahkakeng\u00e4t, onxon, metalli ty\u00f6, nahkakeng\u00e4t, kiillotus puhdistaminen.<\/p>\n<h2 style=\"font-size: 0px;\">OnXOn Nahkasaippua 160 g<\/h2>\n<p style=\"font-size: 0px;\">Nahkasaippua, puulelu puhdistaminen, onxon, yleispuhdistus, nahkasaippua. Erikoispuhdistusaine, puuhuonekalut, ekologinen, nahka, puhdistaminen, nahkasaippua. Hella, puuhuonekalut, nahka, nahka, puulelu nahkalaukku nahka, ekologinen, erikoispuhdistusaine, nahka, moottoripy\u00f6r\u00e4varusteet, nahkalaukku, nahkalaukku. Nahkasaippua, puuhuonekalut, nahka, nahkalaukku, ekologinen, puhdistaminen, erikoispuhdistusaine, nahkalaukku, pinttynyt tahra, pinttynyt, pinttynyt lika. Puhdistaa, nahkasaippua, kiillottaa, puhdistaminen, erikoispuhdistusaine, puuhuonekalut, nahka, puhdistaminen, nahkasaippua, suojaa, kylpyhuone, ekologinen, puhdistaminen, nahka-asusteet, puulelu nahkahuonekalut, keng\u00e4t. Biohajoava.<\/p>\n<p style=\"font-size: 0px;\">Nahkahuonekalut, keng\u00e4t, ekologinen, erikoispuhdistusaine, nahkakeng\u00e4t, nahkakeng\u00e4t, nahkakeng\u00e4t.<\/p>\n<p style=\"font-size: 0px;\">Nahkakeng\u00e4t, puhdistaminen, puhdistusaine, nahkalaukku, nahkakeng\u00e4t, ekologinen, nahkasaippua, nahkakeng\u00e4t, kiillotus puulelu puhdistaminen. Nahkakenkien nahkavarusteiden ja nahkahuonekalujen erikoispuhdistusaine.<a href=\"https:\/\/eettinenluksus.fi\/shop\/tuotemerkit\/method-puhdistaminen\/\"><span style=\"font-size: 0px;\">&#8211;<\/span><\/a><a href=\"https:\/\/eettinenluksus.fi\/shop\/tuotemerkit\/onxon-puhdistaminen\/\"><span style=\"font-size: 0px;\">&#8211;<\/span><\/a><a href=\"https:\/\/eettinenluksus.fi\/shop\/tuotemerkit\/mreco-puhdistaminen\/\"><span style=\"font-size: 0px;\">&#8211;<\/span><\/a><a href=\"https:\/\/eettinenluksus.fi\/shop\/tuote\/mreco-hankauskera-kupari-antibakt-2kpl\/\"><span style=\"font-size: 0px;\">&#8211;<\/span><\/a><\/p>\n<ul style=\"font-size: 0px;\">\n<li>nahkasaippua<\/li>\n<li>puhdistaminen<\/li>\n<li>nahka<\/li>\n<li>erikoispuhdistusaine<\/li>\n<li>puulelu&lt;\/li<\/li>\n<li>erikoispuhdistusaine<\/li>\n<li>keng\u00e4t<\/li>\n<li>nahkahuonekalut<\/li>\n<\/ul>\n","protected":false},"excerpt":{"rendered":"<p>Kiilt\u00e4v\u00e4pintaisen nahan ja puisten huonekalujen erikoispuhdistusaine<\/p>\n<p>Biologisesti hyvin hajoava, fosfaatiton<\/p>\n","protected":false},"featured_media":5096,"template":"","meta":{"inline_featured_image":false},"product_brand":[],"product_cat":[50,23,30],"product_tag":[291,70,290,273,289,164],"class_list":{"0":"post-526","1":"product","2":"type-product","3":"status-publish","4":"has-post-thumbnail","6":"product_cat-erikoispuhdistus","7":"product_cat-onxon","8":"product_cat-onxon-erikoispuhdistus","9":"product_tag-asusteet","10":"product_tag-ekologinen","11":"product_tag-nahanpuhdistus","12":"product_tag-nahka","13":"product_tag-nahkasaippua","14":"product_tag-onxon","16":"first","17":"instock","18":"taxable","19":"shipping-taxable","20":"purchasable","21":"product-type-simple"},"yoast_head":"<!-- This site is optimized with the Yoast SEO Premium plugin v26.8 (Yoast SEO v27.4) - https:\/\/yoast.com\/product\/yoast-seo-premium-wordpress\/ -->\n<title>OnXOn Nahkasaippua 160 g - Shop Eettinen Luksus<\/title>\n<meta name=\"description\" content=\"Nahkakenkien nahkavarusteiden ja nahkahuonekalujen erikoispuhdistusaine. Biologisesti hyvin hajoava fosfaatiton. Sopii my\u00f6s puulle OnXOn Nahkasaippua 160 g\" \/>\n<meta name=\"robots\" content=\"index, follow, max-snippet:-1, max-image-preview:large, max-video-preview:-1\" \/>\n<link rel=\"canonical\" href=\"https:\/\/eettinenluksus.fi\/shop\/tuote\/onxon-nahkasaippua-160-g\/\" \/>\n<meta property=\"og:locale\" content=\"fi_FI\" \/>\n<meta property=\"og:type\" content=\"article\" \/>\n<meta property=\"og:title\" content=\"OnXOn Nahkasaippua 160 g\" \/>\n<meta property=\"og:description\" content=\"Nahkakenkien nahkavarusteiden ja nahkahuonekalujen erikoispuhdistusaine. Biologisesti hyvin hajoava fosfaatiton. Sopii my\u00f6s puulle OnXOn Nahkasaippua 160 g\" \/>\n<meta property=\"og:url\" content=\"https:\/\/eettinenluksus.fi\/shop\/tuote\/onxon-nahkasaippua-160-g\/\" \/>\n<meta property=\"og:site_name\" content=\"Shop Eettinen Luksus\" \/>\n<meta property=\"article:publisher\" content=\"https:\/\/www.facebook.com\/eettinenluksus\" \/>\n<meta property=\"article:modified_time\" content=\"2025-10-10T11:53:51+00:00\" \/>\n<meta property=\"og:image\" content=\"https:\/\/eettinenluksus.fi\/shop\/wp-content\/uploads\/sites\/4\/2022\/10\/Nahkasaippua-2024-RGB-96ppi-L100mm.webp\" \/>\n\t<meta property=\"og:image:width\" content=\"378\" \/>\n\t<meta property=\"og:image:height\" content=\"378\" \/>\n\t<meta property=\"og:image:type\" content=\"image\/webp\" \/>\n<meta name=\"twitter:card\" content=\"summary_large_image\" \/>\n<meta name=\"twitter:label1\" content=\"Hinta\" \/>\n\t<meta name=\"twitter:data1\" content=\"7,95&nbsp;&euro;\" \/>\n\t<meta name=\"twitter:label2\" content=\"Saatavuus\" \/>\n\t<meta name=\"twitter:data2\" content=\"Varastossa\" \/>\n<script type=\"application\/ld+json\" class=\"yoast-schema-graph\">{\"@context\":\"https:\\\/\\\/schema.org\",\"@graph\":[{\"@type\":\"WebPage\",\"@id\":\"https:\\\/\\\/eettinenluksus.fi\\\/shop\\\/tuote\\\/onxon-nahkasaippua-160-g\\\/\",\"url\":\"https:\\\/\\\/eettinenluksus.fi\\\/shop\\\/tuote\\\/onxon-nahkasaippua-160-g\\\/\",\"name\":\"OnXOn Nahkasaippua 160 g - Shop Eettinen Luksus\",\"isPartOf\":{\"@id\":\"https:\\\/\\\/eettinenluksus.fi\\\/shop\\\/#website\"},\"primaryImageOfPage\":{\"@id\":\"https:\\\/\\\/eettinenluksus.fi\\\/shop\\\/tuote\\\/onxon-nahkasaippua-160-g\\\/#primaryimage\"},\"image\":{\"@id\":\"https:\\\/\\\/eettinenluksus.fi\\\/shop\\\/tuote\\\/onxon-nahkasaippua-160-g\\\/#primaryimage\"},\"thumbnailUrl\":\"https:\\\/\\\/eettinenluksus.fi\\\/shop\\\/wp-content\\\/uploads\\\/sites\\\/4\\\/2022\\\/10\\\/Nahkasaippua-2024-RGB-96ppi-L100mm.webp\",\"datePublished\":\"2022-10-06T05:02:09+00:00\",\"dateModified\":\"2025-10-10T11:53:51+00:00\",\"description\":\"Nahkakenkien nahkavarusteiden ja nahkahuonekalujen erikoispuhdistusaine. Biologisesti hyvin hajoava fosfaatiton. Sopii my\u00f6s puulle OnXOn Nahkasaippua 160 g\",\"breadcrumb\":{\"@id\":\"https:\\\/\\\/eettinenluksus.fi\\\/shop\\\/tuote\\\/onxon-nahkasaippua-160-g\\\/#breadcrumb\"},\"inLanguage\":\"fi\",\"potentialAction\":[{\"@type\":\"ReadAction\",\"target\":[\"https:\\\/\\\/eettinenluksus.fi\\\/shop\\\/tuote\\\/onxon-nahkasaippua-160-g\\\/\"]}]},{\"@type\":\"ImageObject\",\"inLanguage\":\"fi\",\"@id\":\"https:\\\/\\\/eettinenluksus.fi\\\/shop\\\/tuote\\\/onxon-nahkasaippua-160-g\\\/#primaryimage\",\"url\":\"https:\\\/\\\/eettinenluksus.fi\\\/shop\\\/wp-content\\\/uploads\\\/sites\\\/4\\\/2022\\\/10\\\/Nahkasaippua-2024-RGB-96ppi-L100mm.webp\",\"contentUrl\":\"https:\\\/\\\/eettinenluksus.fi\\\/shop\\\/wp-content\\\/uploads\\\/sites\\\/4\\\/2022\\\/10\\\/Nahkasaippua-2024-RGB-96ppi-L100mm.webp\",\"width\":378,\"height\":378,\"caption\":\"Nahkasaippua-2024\"},{\"@type\":\"BreadcrumbList\",\"@id\":\"https:\\\/\\\/eettinenluksus.fi\\\/shop\\\/tuote\\\/onxon-nahkasaippua-160-g\\\/#breadcrumb\",\"itemListElement\":[{\"@type\":\"ListItem\",\"position\":1,\"name\":\"Etusivu\",\"item\":\"https:\\\/\\\/eettinenluksus.fi\\\/shop\\\/\"},{\"@type\":\"ListItem\",\"position\":2,\"name\":\"Kauppa\",\"item\":\"https:\\\/\\\/eettinenluksus.fi\\\/shop\\\/en\\\/kauppa\\\/\"},{\"@type\":\"ListItem\",\"position\":3,\"name\":\"OnXOn Nahkasaippua 160 g\"}]},{\"@type\":\"WebSite\",\"@id\":\"https:\\\/\\\/eettinenluksus.fi\\\/shop\\\/#website\",\"url\":\"https:\\\/\\\/eettinenluksus.fi\\\/shop\\\/\",\"name\":\"Shop Eettinen Luksus\",\"description\":\"Uusi verkkokauppa\",\"publisher\":{\"@id\":\"https:\\\/\\\/eettinenluksus.fi\\\/shop\\\/#organization\"},\"potentialAction\":[{\"@type\":\"SearchAction\",\"target\":{\"@type\":\"EntryPoint\",\"urlTemplate\":\"https:\\\/\\\/eettinenluksus.fi\\\/shop\\\/?s={search_term_string}\"},\"query-input\":{\"@type\":\"PropertyValueSpecification\",\"valueRequired\":true,\"valueName\":\"search_term_string\"}}],\"inLanguage\":\"fi\"},{\"@type\":\"Organization\",\"@id\":\"https:\\\/\\\/eettinenluksus.fi\\\/shop\\\/#organization\",\"name\":\"Shop Eettinen Luksus\",\"url\":\"https:\\\/\\\/eettinenluksus.fi\\\/shop\\\/\",\"logo\":{\"@type\":\"ImageObject\",\"inLanguage\":\"fi\",\"@id\":\"https:\\\/\\\/eettinenluksus.fi\\\/shop\\\/#\\\/schema\\\/logo\\\/image\\\/\",\"url\":\"https:\\\/\\\/eettinenluksus.fi\\\/shop\\\/wp-content\\\/uploads\\\/sites\\\/4\\\/1664\\\/37\\\/cropped-ELO.jpg\",\"contentUrl\":\"https:\\\/\\\/eettinenluksus.fi\\\/shop\\\/wp-content\\\/uploads\\\/sites\\\/4\\\/1664\\\/37\\\/cropped-ELO.jpg\",\"width\":810,\"height\":350,\"caption\":\"Shop Eettinen Luksus\"},\"image\":{\"@id\":\"https:\\\/\\\/eettinenluksus.fi\\\/shop\\\/#\\\/schema\\\/logo\\\/image\\\/\"},\"sameAs\":[\"https:\\\/\\\/www.facebook.com\\\/eettinenluksus\",\"https:\\\/\\\/www.instagram.com\\\/eettinenluksus\\\/\"]}]}<\/script>\n<meta property=\"product:price:amount\" content=\"7.95\" \/>\n<meta property=\"product:price:currency\" content=\"EUR\" \/>\n<meta property=\"og:availability\" content=\"instock\" \/>\n<meta property=\"product:availability\" content=\"instock\" \/>\n<meta property=\"product:retailer_item_id\" content=\"2045\" \/>\n<meta property=\"product:condition\" content=\"new\" \/>\n<!-- \/ Yoast SEO Premium plugin. -->","yoast_head_json":{"title":"OnXOn Nahkasaippua 160 g - Shop Eettinen Luksus","description":"Nahkakenkien nahkavarusteiden ja nahkahuonekalujen erikoispuhdistusaine. Biologisesti hyvin hajoava fosfaatiton. Sopii my\u00f6s puulle OnXOn Nahkasaippua 160 g","robots":{"index":"index","follow":"follow","max-snippet":"max-snippet:-1","max-image-preview":"max-image-preview:large","max-video-preview":"max-video-preview:-1"},"canonical":"https:\/\/eettinenluksus.fi\/shop\/tuote\/onxon-nahkasaippua-160-g\/","og_locale":"fi_FI","og_type":"article","og_title":"OnXOn Nahkasaippua 160 g","og_description":"Nahkakenkien nahkavarusteiden ja nahkahuonekalujen erikoispuhdistusaine. Biologisesti hyvin hajoava fosfaatiton. Sopii my\u00f6s puulle OnXOn Nahkasaippua 160 g","og_url":"https:\/\/eettinenluksus.fi\/shop\/tuote\/onxon-nahkasaippua-160-g\/","og_site_name":"Shop Eettinen Luksus","article_publisher":"https:\/\/www.facebook.com\/eettinenluksus","article_modified_time":"2025-10-10T11:53:51+00:00","og_image":[{"width":378,"height":378,"url":"https:\/\/eettinenluksus.fi\/shop\/wp-content\/uploads\/sites\/4\/2022\/10\/Nahkasaippua-2024-RGB-96ppi-L100mm.webp","type":"image\/webp"}],"twitter_card":"summary_large_image","twitter_misc":{"Hinta":"7,95&nbsp;&euro;","Saatavuus":"Varastossa"},"schema":{"@context":"https:\/\/schema.org","@graph":[{"@type":"WebPage","@id":"https:\/\/eettinenluksus.fi\/shop\/tuote\/onxon-nahkasaippua-160-g\/","url":"https:\/\/eettinenluksus.fi\/shop\/tuote\/onxon-nahkasaippua-160-g\/","name":"OnXOn Nahkasaippua 160 g - Shop Eettinen Luksus","isPartOf":{"@id":"https:\/\/eettinenluksus.fi\/shop\/#website"},"primaryImageOfPage":{"@id":"https:\/\/eettinenluksus.fi\/shop\/tuote\/onxon-nahkasaippua-160-g\/#primaryimage"},"image":{"@id":"https:\/\/eettinenluksus.fi\/shop\/tuote\/onxon-nahkasaippua-160-g\/#primaryimage"},"thumbnailUrl":"https:\/\/eettinenluksus.fi\/shop\/wp-content\/uploads\/sites\/4\/2022\/10\/Nahkasaippua-2024-RGB-96ppi-L100mm.webp","datePublished":"2022-10-06T05:02:09+00:00","dateModified":"2025-10-10T11:53:51+00:00","description":"Nahkakenkien nahkavarusteiden ja nahkahuonekalujen erikoispuhdistusaine. Biologisesti hyvin hajoava fosfaatiton. Sopii my\u00f6s puulle OnXOn Nahkasaippua 160 g","breadcrumb":{"@id":"https:\/\/eettinenluksus.fi\/shop\/tuote\/onxon-nahkasaippua-160-g\/#breadcrumb"},"inLanguage":"fi","potentialAction":[{"@type":"ReadAction","target":["https:\/\/eettinenluksus.fi\/shop\/tuote\/onxon-nahkasaippua-160-g\/"]}]},{"@type":"ImageObject","inLanguage":"fi","@id":"https:\/\/eettinenluksus.fi\/shop\/tuote\/onxon-nahkasaippua-160-g\/#primaryimage","url":"https:\/\/eettinenluksus.fi\/shop\/wp-content\/uploads\/sites\/4\/2022\/10\/Nahkasaippua-2024-RGB-96ppi-L100mm.webp","contentUrl":"https:\/\/eettinenluksus.fi\/shop\/wp-content\/uploads\/sites\/4\/2022\/10\/Nahkasaippua-2024-RGB-96ppi-L100mm.webp","width":378,"height":378,"caption":"Nahkasaippua-2024"},{"@type":"BreadcrumbList","@id":"https:\/\/eettinenluksus.fi\/shop\/tuote\/onxon-nahkasaippua-160-g\/#breadcrumb","itemListElement":[{"@type":"ListItem","position":1,"name":"Etusivu","item":"https:\/\/eettinenluksus.fi\/shop\/"},{"@type":"ListItem","position":2,"name":"Kauppa","item":"https:\/\/eettinenluksus.fi\/shop\/en\/kauppa\/"},{"@type":"ListItem","position":3,"name":"OnXOn Nahkasaippua 160 g"}]},{"@type":"WebSite","@id":"https:\/\/eettinenluksus.fi\/shop\/#website","url":"https:\/\/eettinenluksus.fi\/shop\/","name":"Shop Eettinen Luksus","description":"Uusi verkkokauppa","publisher":{"@id":"https:\/\/eettinenluksus.fi\/shop\/#organization"},"potentialAction":[{"@type":"SearchAction","target":{"@type":"EntryPoint","urlTemplate":"https:\/\/eettinenluksus.fi\/shop\/?s={search_term_string}"},"query-input":{"@type":"PropertyValueSpecification","valueRequired":true,"valueName":"search_term_string"}}],"inLanguage":"fi"},{"@type":"Organization","@id":"https:\/\/eettinenluksus.fi\/shop\/#organization","name":"Shop Eettinen Luksus","url":"https:\/\/eettinenluksus.fi\/shop\/","logo":{"@type":"ImageObject","inLanguage":"fi","@id":"https:\/\/eettinenluksus.fi\/shop\/#\/schema\/logo\/image\/","url":"https:\/\/eettinenluksus.fi\/shop\/wp-content\/uploads\/sites\/4\/1664\/37\/cropped-ELO.jpg","contentUrl":"https:\/\/eettinenluksus.fi\/shop\/wp-content\/uploads\/sites\/4\/1664\/37\/cropped-ELO.jpg","width":810,"height":350,"caption":"Shop Eettinen Luksus"},"image":{"@id":"https:\/\/eettinenluksus.fi\/shop\/#\/schema\/logo\/image\/"},"sameAs":["https:\/\/www.facebook.com\/eettinenluksus","https:\/\/www.instagram.com\/eettinenluksus\/"]}]},"product_price_amount":"7.95","product_price_currency":"EUR","og_availability":"instock","product_availability":"instock","product_retailer_item_id":"2045","product_condition":"new"},"_links":{"self":[{"href":"https:\/\/eettinenluksus.fi\/shop\/wp-json\/wp\/v2\/product\/526","targetHints":{"allow":["GET"]}}],"collection":[{"href":"https:\/\/eettinenluksus.fi\/shop\/wp-json\/wp\/v2\/product"}],"about":[{"href":"https:\/\/eettinenluksus.fi\/shop\/wp-json\/wp\/v2\/types\/product"}],"version-history":[{"count":8,"href":"https:\/\/eettinenluksus.fi\/shop\/wp-json\/wp\/v2\/product\/526\/revisions"}],"predecessor-version":[{"id":5098,"href":"https:\/\/eettinenluksus.fi\/shop\/wp-json\/wp\/v2\/product\/526\/revisions\/5098"}],"wp:featuredmedia":[{"embeddable":true,"href":"https:\/\/eettinenluksus.fi\/shop\/wp-json\/wp\/v2\/media\/5096"}],"wp:attachment":[{"href":"https:\/\/eettinenluksus.fi\/shop\/wp-json\/wp\/v2\/media?parent=526"}],"wp:term":[{"taxonomy":"product_brand","embeddable":true,"href":"https:\/\/eettinenluksus.fi\/shop\/wp-json\/wp\/v2\/product_brand?post=526"},{"taxonomy":"product_cat","embeddable":true,"href":"https:\/\/eettinenluksus.fi\/shop\/wp-json\/wp\/v2\/product_cat?post=526"},{"taxonomy":"product_tag","embeddable":true,"href":"https:\/\/eettinenluksus.fi\/shop\/wp-json\/wp\/v2\/product_tag?post=526"}],"curies":[{"name":"wp","href":"https:\/\/api.w.org\/{rel}","templated":true}]}}