{"id":5257,"date":"2026-01-15T18:15:43","date_gmt":"2026-01-15T16:15:43","guid":{"rendered":"https:\/\/eettinenluksus.fi\/shop\/?post_type=product&#038;p=5257"},"modified":"2026-01-15T18:15:44","modified_gmt":"2026-01-15T16:15:44","slug":"onxon-paketti","status":"publish","type":"product","link":"https:\/\/eettinenluksus.fi\/shop\/tuote\/onxon-paketti\/","title":{"rendered":"OnXOn-paketti"},"content":{"rendered":"\t\t<div data-elementor-type=\"product-post\" data-elementor-id=\"5257\" class=\"elementor elementor-5257\" data-elementor-settings=\"{&quot;ha_cmc_init_switcher&quot;:&quot;no&quot;}\" data-elementor-post-type=\"product\">\n\t\t\t\t\t\t<section class=\"elementor-section elementor-top-section elementor-element elementor-element-28a5e11e elementor-section-boxed elementor-section-height-default elementor-section-height-default\" data-id=\"28a5e11e\" data-element_type=\"section\" data-e-type=\"section\" data-settings=\"{&quot;_ha_eqh_enable&quot;:false}\">\n\t\t\t\t\t\t<div class=\"elementor-container elementor-column-gap-default\">\n\t\t\t\t\t<div class=\"elementor-column elementor-col-100 elementor-top-column elementor-element elementor-element-5d86732\" data-id=\"5d86732\" data-element_type=\"column\" data-e-type=\"column\">\n\t\t\t<div class=\"elementor-widget-wrap elementor-element-populated\">\n\t\t\t\t\t\t<div class=\"elementor-element elementor-element-2c5921ce elementor-widget elementor-widget-text-editor\" data-id=\"2c5921ce\" data-element_type=\"widget\" data-e-type=\"widget\" data-widget_type=\"text-editor.default\">\n\t\t\t\t<div class=\"elementor-widget-container\">\n\t\t\t\t\t\t\t\t\t<p>OnXOn-paketti sis\u00e4lt\u00e4\u00e4 kaikki<span style=\"font-size: 16px;\"> kuusi tuotetta:<\/span><\/p><p class=\"entry-title\"><a href=\"https:\/\/eettinenluksus.fi\/shop\/tuote\/onxon-puhdistuskivi-300-g\/\">OnXOn Puhdistuskivi 300g<\/a><br \/><span style=\"font-size: 16px;\">Puhdistaa, kiillottaa ja suojaa. Vaikeat ja itsepintaiset tahrat ja muu lika <\/span><span class=\"st\" style=\"font-size: 16px;\">\u2013<\/span><span style=\"font-size: 16px;\">\u00a0kuten \u00f6ljy, mustikka tai maali\u00a0<\/span><span class=\"st\" style=\"font-size: 16px;\">\u2013<\/span><span style=\"font-size: 16px;\"> h\u00e4vi\u00e4v\u00e4t silm\u00e4nr\u00e4p\u00e4yk\u00adsess\u00e4.\u00a0<\/span><\/p><p class=\"product_title entry-title\"><a href=\"https:\/\/eettinenluksus.fi\/shop\/tuote\/onxon-sappisaippua-160-g\/\">OnXOn Sappisaippua 160 g<\/a><br \/><span style=\"font-size: 16px;\">Luonnollinen tahranpoistaja Tehoaa erityisesti vaikeisiin tahroihin, kuten tomaatti-, punaviini- ja sinappi\u00adtahroihin.\u00a0<\/span><\/p><p class=\"product_title entry-title\"><a href=\"https:\/\/eettinenluksus.fi\/shop\/tuote\/onxon-happivalkaisija-550-g\/\">OnXOn Happivalkaisija 550 g<\/a><br \/>Valkosille tekstiileille esipesuun, konepesuun, liotukseen.<\/p><p class=\"product_title entry-title\"><a href=\"https:\/\/eettinenluksus.fi\/shop\/tuote\/onxon-kuivausrumpupallot-villa-3kpl\/\">OnXOn Kuivausrumpupallot Villa 3kpl<\/a><br \/>Luonnollinen pehmeys, ajans\u00e4\u00e4st\u00f6, pienempi hiilijalanj\u00e4lki ja kemikaali\u00adkuorma, v\u00e4hemm\u00e4n ryppyj\u00e4 ja staattista s\u00e4hk\u00f6\u00e4 sek\u00e4 pidempi vaatteiden k\u00e4ytt\u00f6ik\u00e4.<\/p><div class=\"woocommerce-product-details__short-description\"><p class=\"product_title entry-title\"><a href=\"https:\/\/eettinenluksus.fi\/shop\/tuote\/onxon-nahkasaippua-160-g\/\">OnXOn Nahkasaippua 160 g<\/a><br \/><span style=\"font-size: 16px;\">Nahan ja puisten huonekalujen erikoispuhdistusaine.<\/span><\/p><div class=\"woocommerce-product-details__short-description\"><p class=\"product_title entry-title\"><a href=\"https:\/\/eettinenluksus.fi\/shop\/tuote\/onxon-nahkabalsami-160-g\/\">OnXOn Nahkabalsami 160 g<\/a><br \/>Korkealaatuinen, riittoisa ja helppok\u00e4ytt\u00f6inen lanoliinia ja mehil\u00e4isvahaa sis\u00e4lt\u00e4v\u00e4 luonnol\u00adlinen nahkabalsami.<\/p><\/div><\/div>\t\t\t\t\t\t\t\t<\/div>\n\t\t\t\t<\/div>\n\t\t\t\t\t<\/div>\n\t\t<\/div>\n\t\t\t\t\t<\/div>\n\t\t<\/section>\n\t\t\t\t<\/div>\n\t\t","protected":false},"excerpt":{"rendered":"<p>OnXOn-paketti erikoistuotteita kodin\u00adhoitoon<\/p>\n<p>Sis\u00e4lt\u00e4\u00e4 kuusi tuotetta:<\/p>\n<h1 class=\"product_title entry-title\"><\/h1>\n<ul>\n<li>\n<p class=\"product_title entry-title\">OnXOn Puhdistuskivi 300 g<\/p>\n<\/li>\n<li>\n<p class=\"product_title entry-title\">OnXOn Sappisaippua 160 g<\/p>\n<\/li>\n<li>\n<p class=\"product_title entry-title\">OnXOn Happivalkaisija 550 g<\/p>\n<\/li>\n<li>\n<p class=\"product_title entry-title\">OnXOn Kuivausrumpupallot 3kpl<\/p>\n<\/li>\n<li>\n<p class=\"product_title entry-title\">OnXOn Nahkasaippua 160 g<\/p>\n<\/li>\n<li>\n<p class=\"product_title entry-title\">OnXOn Nahkabalsami 160 g<\/p>\n<\/li>\n<\/ul>\n","protected":false},"featured_media":5273,"template":"","meta":{"inline_featured_image":false},"product_brand":[],"product_cat":[23,30,31,29,49,56],"product_tag":[],"class_list":{"0":"post-5257","1":"product","2":"type-product","3":"status-publish","4":"has-post-thumbnail","6":"product_cat-onxon","7":"product_cat-onxon-erikoispuhdistus","8":"product_cat-onxon-pyykinpesu","9":"product_cat-onxon-siivous","10":"product_cat-siivous","11":"product_cat-tuotepaketit","13":"first","14":"instock","15":"featured","16":"taxable","17":"shipping-taxable","18":"purchasable","19":"product-type-simple"},"yoast_head":"<!-- This site is optimized with the Yoast SEO Premium plugin v26.8 (Yoast SEO v27.4) - https:\/\/yoast.com\/product\/yoast-seo-premium-wordpress\/ -->\n<title>OnXOn-paketti - Shop Eettinen Luksus<\/title>\n<meta name=\"description\" content=\"OnXOn-paketti erikoistuotteita kodinhoitoon: puhdistuskivi, sappisaippua, happivalkaisija, kuivausrumpupallot, nahkasaippua, nahkabalsami\" \/>\n<meta name=\"robots\" content=\"index, follow, max-snippet:-1, max-image-preview:large, max-video-preview:-1\" \/>\n<link rel=\"canonical\" href=\"https:\/\/eettinenluksus.fi\/shop\/tuote\/onxon-paketti\/\" \/>\n<meta property=\"og:locale\" content=\"fi_FI\" \/>\n<meta property=\"og:type\" content=\"article\" \/>\n<meta property=\"og:title\" content=\"OnXOn-paketti\" \/>\n<meta property=\"og:description\" content=\"OnXOn-paketti erikoistuotteita kodinhoitoon: puhdistuskivi, sappisaippua, happivalkaisija, kuivausrumpupallot, nahkasaippua, nahkabalsami\" \/>\n<meta property=\"og:url\" content=\"https:\/\/eettinenluksus.fi\/shop\/tuote\/onxon-paketti\/\" \/>\n<meta property=\"og:site_name\" content=\"Shop Eettinen Luksus\" \/>\n<meta property=\"article:publisher\" content=\"https:\/\/www.facebook.com\/eettinenluksus\" \/>\n<meta property=\"article:modified_time\" content=\"2026-01-15T16:15:44+00:00\" \/>\n<meta property=\"og:image\" content=\"https:\/\/eettinenluksus.fi\/shop\/wp-content\/uploads\/sites\/4\/2026\/01\/OnxOn5-96ppi-454x454px.png\" \/>\n\t<meta property=\"og:image:width\" content=\"454\" \/>\n\t<meta property=\"og:image:height\" content=\"454\" \/>\n\t<meta property=\"og:image:type\" content=\"image\/png\" \/>\n<meta name=\"twitter:card\" content=\"summary_large_image\" \/>\n<meta name=\"twitter:label1\" content=\"Hinta\" \/>\n\t<meta name=\"twitter:data1\" content=\"46,00&nbsp;&euro;\" \/>\n\t<meta name=\"twitter:label2\" content=\"Saatavuus\" \/>\n\t<meta name=\"twitter:data2\" content=\"Varastossa\" \/>\n<script type=\"application\/ld+json\" class=\"yoast-schema-graph\">{\"@context\":\"https:\\\/\\\/schema.org\",\"@graph\":[{\"@type\":\"WebPage\",\"@id\":\"https:\\\/\\\/eettinenluksus.fi\\\/shop\\\/tuote\\\/onxon-paketti\\\/\",\"url\":\"https:\\\/\\\/eettinenluksus.fi\\\/shop\\\/tuote\\\/onxon-paketti\\\/\",\"name\":\"OnXOn-paketti - Shop Eettinen Luksus\",\"isPartOf\":{\"@id\":\"https:\\\/\\\/eettinenluksus.fi\\\/shop\\\/#website\"},\"primaryImageOfPage\":{\"@id\":\"https:\\\/\\\/eettinenluksus.fi\\\/shop\\\/tuote\\\/onxon-paketti\\\/#primaryimage\"},\"image\":{\"@id\":\"https:\\\/\\\/eettinenluksus.fi\\\/shop\\\/tuote\\\/onxon-paketti\\\/#primaryimage\"},\"thumbnailUrl\":\"https:\\\/\\\/eettinenluksus.fi\\\/shop\\\/wp-content\\\/uploads\\\/sites\\\/4\\\/2026\\\/01\\\/OnxOn5-96ppi-454x454px.png\",\"datePublished\":\"2026-01-15T16:15:43+00:00\",\"dateModified\":\"2026-01-15T16:15:44+00:00\",\"description\":\"OnXOn-paketti erikoistuotteita kodinhoitoon: puhdistuskivi, sappisaippua, happivalkaisija, kuivausrumpupallot, nahkasaippua, nahkabalsami\",\"breadcrumb\":{\"@id\":\"https:\\\/\\\/eettinenluksus.fi\\\/shop\\\/tuote\\\/onxon-paketti\\\/#breadcrumb\"},\"inLanguage\":\"fi\",\"potentialAction\":[{\"@type\":\"ReadAction\",\"target\":[\"https:\\\/\\\/eettinenluksus.fi\\\/shop\\\/tuote\\\/onxon-paketti\\\/\"]}]},{\"@type\":\"ImageObject\",\"inLanguage\":\"fi\",\"@id\":\"https:\\\/\\\/eettinenluksus.fi\\\/shop\\\/tuote\\\/onxon-paketti\\\/#primaryimage\",\"url\":\"https:\\\/\\\/eettinenluksus.fi\\\/shop\\\/wp-content\\\/uploads\\\/sites\\\/4\\\/2026\\\/01\\\/OnxOn5-96ppi-454x454px.png\",\"contentUrl\":\"https:\\\/\\\/eettinenluksus.fi\\\/shop\\\/wp-content\\\/uploads\\\/sites\\\/4\\\/2026\\\/01\\\/OnxOn5-96ppi-454x454px.png\",\"width\":454,\"height\":454},{\"@type\":\"BreadcrumbList\",\"@id\":\"https:\\\/\\\/eettinenluksus.fi\\\/shop\\\/tuote\\\/onxon-paketti\\\/#breadcrumb\",\"itemListElement\":[{\"@type\":\"ListItem\",\"position\":1,\"name\":\"Etusivu\",\"item\":\"https:\\\/\\\/eettinenluksus.fi\\\/shop\\\/\"},{\"@type\":\"ListItem\",\"position\":2,\"name\":\"Kauppa\",\"item\":\"https:\\\/\\\/eettinenluksus.fi\\\/shop\\\/en\\\/kauppa\\\/\"},{\"@type\":\"ListItem\",\"position\":3,\"name\":\"OnXOn-paketti\"}]},{\"@type\":\"WebSite\",\"@id\":\"https:\\\/\\\/eettinenluksus.fi\\\/shop\\\/#website\",\"url\":\"https:\\\/\\\/eettinenluksus.fi\\\/shop\\\/\",\"name\":\"Shop Eettinen Luksus\",\"description\":\"Uusi verkkokauppa\",\"publisher\":{\"@id\":\"https:\\\/\\\/eettinenluksus.fi\\\/shop\\\/#organization\"},\"potentialAction\":[{\"@type\":\"SearchAction\",\"target\":{\"@type\":\"EntryPoint\",\"urlTemplate\":\"https:\\\/\\\/eettinenluksus.fi\\\/shop\\\/?s={search_term_string}\"},\"query-input\":{\"@type\":\"PropertyValueSpecification\",\"valueRequired\":true,\"valueName\":\"search_term_string\"}}],\"inLanguage\":\"fi\"},{\"@type\":\"Organization\",\"@id\":\"https:\\\/\\\/eettinenluksus.fi\\\/shop\\\/#organization\",\"name\":\"Shop Eettinen Luksus\",\"url\":\"https:\\\/\\\/eettinenluksus.fi\\\/shop\\\/\",\"logo\":{\"@type\":\"ImageObject\",\"inLanguage\":\"fi\",\"@id\":\"https:\\\/\\\/eettinenluksus.fi\\\/shop\\\/#\\\/schema\\\/logo\\\/image\\\/\",\"url\":\"https:\\\/\\\/eettinenluksus.fi\\\/shop\\\/wp-content\\\/uploads\\\/sites\\\/4\\\/1664\\\/37\\\/cropped-ELO.jpg\",\"contentUrl\":\"https:\\\/\\\/eettinenluksus.fi\\\/shop\\\/wp-content\\\/uploads\\\/sites\\\/4\\\/1664\\\/37\\\/cropped-ELO.jpg\",\"width\":810,\"height\":350,\"caption\":\"Shop Eettinen Luksus\"},\"image\":{\"@id\":\"https:\\\/\\\/eettinenluksus.fi\\\/shop\\\/#\\\/schema\\\/logo\\\/image\\\/\"},\"sameAs\":[\"https:\\\/\\\/www.facebook.com\\\/eettinenluksus\",\"https:\\\/\\\/www.instagram.com\\\/eettinenluksus\\\/\"]}]}<\/script>\n<meta property=\"product:price:amount\" content=\"46.00\" \/>\n<meta property=\"product:price:currency\" content=\"EUR\" \/>\n<meta property=\"og:availability\" content=\"instock\" \/>\n<meta property=\"product:availability\" content=\"instock\" \/>\n<meta property=\"product:retailer_item_id\" content=\"201520272029205520402045\" \/>\n<meta property=\"product:condition\" content=\"new\" \/>\n<!-- \/ Yoast SEO Premium plugin. -->","yoast_head_json":{"title":"OnXOn-paketti - Shop Eettinen Luksus","description":"OnXOn-paketti erikoistuotteita kodinhoitoon: puhdistuskivi, sappisaippua, happivalkaisija, kuivausrumpupallot, nahkasaippua, nahkabalsami","robots":{"index":"index","follow":"follow","max-snippet":"max-snippet:-1","max-image-preview":"max-image-preview:large","max-video-preview":"max-video-preview:-1"},"canonical":"https:\/\/eettinenluksus.fi\/shop\/tuote\/onxon-paketti\/","og_locale":"fi_FI","og_type":"article","og_title":"OnXOn-paketti","og_description":"OnXOn-paketti erikoistuotteita kodinhoitoon: puhdistuskivi, sappisaippua, happivalkaisija, kuivausrumpupallot, nahkasaippua, nahkabalsami","og_url":"https:\/\/eettinenluksus.fi\/shop\/tuote\/onxon-paketti\/","og_site_name":"Shop Eettinen Luksus","article_publisher":"https:\/\/www.facebook.com\/eettinenluksus","article_modified_time":"2026-01-15T16:15:44+00:00","og_image":[{"width":454,"height":454,"url":"https:\/\/eettinenluksus.fi\/shop\/wp-content\/uploads\/sites\/4\/2026\/01\/OnxOn5-96ppi-454x454px.png","type":"image\/png"}],"twitter_card":"summary_large_image","twitter_misc":{"Hinta":"46,00&nbsp;&euro;","Saatavuus":"Varastossa"},"schema":{"@context":"https:\/\/schema.org","@graph":[{"@type":"WebPage","@id":"https:\/\/eettinenluksus.fi\/shop\/tuote\/onxon-paketti\/","url":"https:\/\/eettinenluksus.fi\/shop\/tuote\/onxon-paketti\/","name":"OnXOn-paketti - Shop Eettinen Luksus","isPartOf":{"@id":"https:\/\/eettinenluksus.fi\/shop\/#website"},"primaryImageOfPage":{"@id":"https:\/\/eettinenluksus.fi\/shop\/tuote\/onxon-paketti\/#primaryimage"},"image":{"@id":"https:\/\/eettinenluksus.fi\/shop\/tuote\/onxon-paketti\/#primaryimage"},"thumbnailUrl":"https:\/\/eettinenluksus.fi\/shop\/wp-content\/uploads\/sites\/4\/2026\/01\/OnxOn5-96ppi-454x454px.png","datePublished":"2026-01-15T16:15:43+00:00","dateModified":"2026-01-15T16:15:44+00:00","description":"OnXOn-paketti erikoistuotteita kodinhoitoon: puhdistuskivi, sappisaippua, happivalkaisija, kuivausrumpupallot, nahkasaippua, nahkabalsami","breadcrumb":{"@id":"https:\/\/eettinenluksus.fi\/shop\/tuote\/onxon-paketti\/#breadcrumb"},"inLanguage":"fi","potentialAction":[{"@type":"ReadAction","target":["https:\/\/eettinenluksus.fi\/shop\/tuote\/onxon-paketti\/"]}]},{"@type":"ImageObject","inLanguage":"fi","@id":"https:\/\/eettinenluksus.fi\/shop\/tuote\/onxon-paketti\/#primaryimage","url":"https:\/\/eettinenluksus.fi\/shop\/wp-content\/uploads\/sites\/4\/2026\/01\/OnxOn5-96ppi-454x454px.png","contentUrl":"https:\/\/eettinenluksus.fi\/shop\/wp-content\/uploads\/sites\/4\/2026\/01\/OnxOn5-96ppi-454x454px.png","width":454,"height":454},{"@type":"BreadcrumbList","@id":"https:\/\/eettinenluksus.fi\/shop\/tuote\/onxon-paketti\/#breadcrumb","itemListElement":[{"@type":"ListItem","position":1,"name":"Etusivu","item":"https:\/\/eettinenluksus.fi\/shop\/"},{"@type":"ListItem","position":2,"name":"Kauppa","item":"https:\/\/eettinenluksus.fi\/shop\/en\/kauppa\/"},{"@type":"ListItem","position":3,"name":"OnXOn-paketti"}]},{"@type":"WebSite","@id":"https:\/\/eettinenluksus.fi\/shop\/#website","url":"https:\/\/eettinenluksus.fi\/shop\/","name":"Shop Eettinen Luksus","description":"Uusi verkkokauppa","publisher":{"@id":"https:\/\/eettinenluksus.fi\/shop\/#organization"},"potentialAction":[{"@type":"SearchAction","target":{"@type":"EntryPoint","urlTemplate":"https:\/\/eettinenluksus.fi\/shop\/?s={search_term_string}"},"query-input":{"@type":"PropertyValueSpecification","valueRequired":true,"valueName":"search_term_string"}}],"inLanguage":"fi"},{"@type":"Organization","@id":"https:\/\/eettinenluksus.fi\/shop\/#organization","name":"Shop Eettinen Luksus","url":"https:\/\/eettinenluksus.fi\/shop\/","logo":{"@type":"ImageObject","inLanguage":"fi","@id":"https:\/\/eettinenluksus.fi\/shop\/#\/schema\/logo\/image\/","url":"https:\/\/eettinenluksus.fi\/shop\/wp-content\/uploads\/sites\/4\/1664\/37\/cropped-ELO.jpg","contentUrl":"https:\/\/eettinenluksus.fi\/shop\/wp-content\/uploads\/sites\/4\/1664\/37\/cropped-ELO.jpg","width":810,"height":350,"caption":"Shop Eettinen Luksus"},"image":{"@id":"https:\/\/eettinenluksus.fi\/shop\/#\/schema\/logo\/image\/"},"sameAs":["https:\/\/www.facebook.com\/eettinenluksus","https:\/\/www.instagram.com\/eettinenluksus\/"]}]},"product_price_amount":"46.00","product_price_currency":"EUR","og_availability":"instock","product_availability":"instock","product_retailer_item_id":"201520272029205520402045","product_condition":"new"},"_links":{"self":[{"href":"https:\/\/eettinenluksus.fi\/shop\/wp-json\/wp\/v2\/product\/5257","targetHints":{"allow":["GET"]}}],"collection":[{"href":"https:\/\/eettinenluksus.fi\/shop\/wp-json\/wp\/v2\/product"}],"about":[{"href":"https:\/\/eettinenluksus.fi\/shop\/wp-json\/wp\/v2\/types\/product"}],"version-history":[{"count":20,"href":"https:\/\/eettinenluksus.fi\/shop\/wp-json\/wp\/v2\/product\/5257\/revisions"}],"predecessor-version":[{"id":5285,"href":"https:\/\/eettinenluksus.fi\/shop\/wp-json\/wp\/v2\/product\/5257\/revisions\/5285"}],"wp:featuredmedia":[{"embeddable":true,"href":"https:\/\/eettinenluksus.fi\/shop\/wp-json\/wp\/v2\/media\/5273"}],"wp:attachment":[{"href":"https:\/\/eettinenluksus.fi\/shop\/wp-json\/wp\/v2\/media?parent=5257"}],"wp:term":[{"taxonomy":"product_brand","embeddable":true,"href":"https:\/\/eettinenluksus.fi\/shop\/wp-json\/wp\/v2\/product_brand?post=5257"},{"taxonomy":"product_cat","embeddable":true,"href":"https:\/\/eettinenluksus.fi\/shop\/wp-json\/wp\/v2\/product_cat?post=5257"},{"taxonomy":"product_tag","embeddable":true,"href":"https:\/\/eettinenluksus.fi\/shop\/wp-json\/wp\/v2\/product_tag?post=5257"}],"curies":[{"name":"wp","href":"https:\/\/api.w.org\/{rel}","templated":true}]}}