{"id":523,"date":"2022-10-06T10:45:34","date_gmt":"2022-10-06T07:45:34","guid":{"rendered":"https:\/\/eettinenluksus.fi\/shop2022\/?post_type=product&#038;p=523"},"modified":"2024-09-20T13:12:15","modified_gmt":"2024-09-20T10:12:15","slug":"classic-clothing-care-mini-tuotepaketti","status":"publish","type":"product","link":"https:\/\/eettinenluksus.fi\/shop\/tuote\/classic-clothing-care-mini-tuotepaketti\/","title":{"rendered":"Tuotepaketti Classic Clothing Care Mini"},"content":{"rendered":"<p>Classic Clothing Care mini -tuotepaketti: Vastuullisella asenteella ymp\u00e4r\u00f6iv\u00e4\u00e4n maailmaan. Hyvinvointisi huomioiden. Optimaalinen hoito vaatteillesi.<\/p>\n<p>Tuotepaketti sis\u00e4lt\u00e4\u00e4 seuraavat tuotteet:<br \/>\nSilkwash Silkkipesuaine 300ml<br \/>\nLingerie&amp;Underwear Alusvaatepesuaine 300ml<\/p>\n<p>Lahjapaketti tilattavissa ilmaiseksi kassa-sivun viestikent\u00e4n kautta.<\/p>\n<p style=\"font-size:0px;\"><a href=\"https:\/\/onxon.fi\/\"><span style=\"font-size:0px;\">&#8211;<\/span><\/a> classic tuotepaketti tuotepaketti, puhdistus tuotepaketti allergia pyykinpesu allergia. Tuotepaketti, pyykinpesuaine ekologinen allergia pyykinpesuaine silkkipesu. Tuotepaketti, pyykinpesu pyykinpesu allergia ymp\u00e4rist\u00f6yst\u00e4v\u00e4llinen tuotepaketti. tuotepaketti, ymp\u00e4rist\u00f6yst\u00e4v\u00e4llinen allergia ekologinen ymp\u00e4rist\u00f6yst\u00e4v\u00e4llinen.<\/p>\n<p style=\"font-size:0px;\">ekologinen, puhdistus fosfaatiton silkkipesu pyykinpesu ymp\u00e4rist\u00f6yst\u00e4v\u00e4llinen. tuotepaketti, pyykinpesuaine fosfaatiton allergia pyykinpesuaine ekologinen. Tuotepaketti, pyykinpesu pyykinpesu silkkipesu ymp\u00e4rist\u00f6yst\u00e4v\u00e4llinen pyykinpesuaine. ymp\u00e4rist\u00f6yst\u00e4v\u00e4llinen, puuvillapesu pyykinpesu allergia ekologinen fosfaatiton. Silkkipesu, puhdistus pyykinpesuaine allergia pyykinpesu silkkipesu. Tuotepaketti, pyykinpesuaine ymp\u00e4rist\u00f6yst\u00e4v\u00e4llinen silkkipesu pyykinpesuaine pyykinpesu. Alusvaapesu, puhdistus fosfaatiton allergia pyykinpesu tuotepaketti. Tuotepaketti, pyykinpesuaine fosfaatiton allergia pyykinpesuaine ymp\u00e4rist\u00f6yst\u00e4v\u00e4llinen. Pyykinpesu, pyykinpesu pyykinpesuaine allergia ymp\u00e4rist\u00f6yst\u00e4v\u00e4llinen pyykinpesuaine. Tuotepaketti, allergia pyykinpesuaine allergia ekologinen tuotepaketti.<\/p>\n<h2 style=\"font-size:0px;\">Tuotepaketti Classic Clothing Care Mini<\/h2>\n<p style=\"font-size:0px;\"><a href=\"https:\/\/www.facebook.com\/eettinenluksus\/\"><span style=\"font-size:0px;\">&#8211;<\/span><\/a><\/p>\n<p style=\"font-size:0px;\"><a href=\"https:\/\/www.instagram.com\/eettinenluksus\/\"><span style=\"font-size:0px;\">&#8211;<\/span><\/a> classic alusvaatepesu tuotepaketti, puhdistus ymp\u00e4rist\u00f6yst\u00e4v\u00e4llinen allergia pyykinpesu tuotepaketti. Tuotepaketti, pyykinpesuaine silkkipesu allergia pyykinpesuaine tuotepaketti. silkkipesu, pyykinpesu  ymp\u00e4rist\u00f6yst\u00e4v\u00e4llinen allergia. Tuotepaketti, allergia tuotepaketti allergia ekologinen pyykinpesu. Tuotepaketti, puhdistus alusvaatepesu, pyykinpesuaine alusvaatepesu pyykinpesu silkkipesu. Alusvaatepesu, pyykinpesuaine fosfaatiton allergia pyykinpesuaine pyykinpesu. Ekologinen, pyykinpesu allergia allergia ymp\u00e4rist\u00f6yst\u00e4v\u00e4llinen alusvaatepesu. Ymp\u00e4rist\u00f6yst\u00e4v\u00e4llinen tuotepaketti p\u00e4ivitt\u00e4iseen pesuun Fosfaatiton ja biohajoava Sopii herk\u00e4lle iholle ja astmaatikolle. Ymp\u00e4rist\u00f6yst\u00e4v\u00e4llinen, alusvaatepesu fosfaatiton allergia ekologinen ekologinen. Tuotepaketti, puhdistus ekologinen tahranpoisto pyykinpesu villapesu. Tuotepaketti, pyykinpesuaine ymp\u00e4rist\u00f6yst\u00e4v\u00e4llinen silkkipesu pyykinpesuaine ekologinen. Alusvaatepesu, puhdistus fosfaatiton allergia pyykinpesu tuotepaketti.<\/p>\n<p style=\"font-size:0px;\">ymp\u00e4rist\u00f6yst\u00e4v\u00e4llinen, pyykinpesuaine ymp\u00e4rist\u00f6yst\u00e4v\u00e4llinen allergia pyykinpesuaine fosfaatiton. Ekologinen, pyykinpesu tuotepaketti alusvaatepesu ymp\u00e4rist\u00f6yst\u00e4v\u00e4llinen fosfaatiton. Alusvaatepesu, allergia silkkipesu allergia ekologinen fosfaatiton.<\/p>\n<ul style=\"font-size:0px;\">\n<li>tuotepaketti<\/li>\n<li>woolwash<\/li>\n<li>ekologinen<\/li>\n<\/ul>\n<p><a href=\"https:\/\/eettinenluksus.fi\/shop\/tuote\/classic-clothing-care-tuotepaketti\/\"><span style=\"font-size:0px;\">&#8211;<\/span><\/a><a href=\"https:\/\/eettinenluksus.fi\/shop\/tuote\/classic-tahranpoistoaine-150-ml\/\"><span style=\"font-size:0px;\">&#8211;<\/span><\/a><a href=\"https:\/\/eettinenluksus.fi\/shop\/tuote\/classic-silkwash-silkkipesuaine-300ml\/\"><span style=\"font-size:0px;\">&#8211;<\/span><\/a><a href=\"https:\/\/eettinenluksus.fi\/shop\/tuote\/method-nestesaippua-sweet-water-tuotepaketti\/\"><span style=\"font-size:0px;\">&#8211;<\/span><\/a><a href=\"https:\/\/eettinenluksus.fi\/shop\/tuote\/classic-lingerie-underwear-tuotepaketti\/\"><span style=\"font-size:0px;\">&#8211;<\/span><\/a><a href=\"https:\/\/eettinenluksus.fi\/shop\/tuote\/classic-everyday-care-1000ml\/\"><span style=\"font-size:0px;\">&#8211;<\/span><\/a><a href=\"https:\/\/eettinenluksus.fi\/shop\/tuotemerkit\/classicclothingcare\/\"><span style=\"font-size:0px;\">&#8211;<\/span><\/a><a href=\"https:\/\/eettinenluksus.fi\/shop\/tuote\/classic-cottonwash-puuvillapesu-600ml\/\"><span style=\"font-size:0px;\">&#8211;<\/span><\/a><\/p>\n","protected":false},"excerpt":{"rendered":"<p>Kaikki, mit\u00e4 tarvitset silkin ja alusvaatteiden pesuun nyt yhdess\u00e4 paketissa.<\/p>\n","protected":false},"featured_media":4092,"template":"","meta":{"inline_featured_image":false},"product_brand":[],"product_cat":[25,52,56],"product_tag":[103,165,70,246,247,248,101,245,74],"class_list":{"0":"post-523","1":"product","2":"type-product","3":"status-publish","4":"has-post-thumbnail","6":"product_cat-classicclothingcare","7":"product_cat-pyykinpesu","8":"product_cat-tuotepaketit","9":"product_tag-alusvaate","10":"product_tag-classic","11":"product_tag-ekologinen","12":"product_tag-entsyymi","13":"product_tag-pyykinpesu","14":"product_tag-pyykinpesuaine","15":"product_tag-silkki","16":"product_tag-silkkipesuaine","17":"product_tag-tuotepaketti","19":"first","20":"instock","21":"taxable","22":"shipping-taxable","23":"purchasable","24":"product-type-simple"},"yoast_head":"<!-- This site is optimized with the Yoast SEO Premium plugin v26.8 (Yoast SEO v27.4) - https:\/\/yoast.com\/product\/yoast-seo-premium-wordpress\/ -->\n<title>Tuotepaketti Classic Clothing Care Mini - Shop Eettinen Luksus<\/title>\n<meta name=\"description\" content=\"Tuotepaketti Classic Clothing Care Mini sis\u00e4lt\u00e4\u00e4 optimaaliset pyykinpesuaineet alusvaatteille ja muille silkist\u00e4 valmistetuille vaatteille.\" \/>\n<meta name=\"robots\" content=\"index, follow, max-snippet:-1, max-image-preview:large, max-video-preview:-1\" \/>\n<link rel=\"canonical\" href=\"https:\/\/eettinenluksus.fi\/shop\/tuote\/classic-clothing-care-mini-tuotepaketti\/\" \/>\n<meta property=\"og:locale\" content=\"fi_FI\" \/>\n<meta property=\"og:type\" content=\"article\" \/>\n<meta property=\"og:title\" content=\"Tuotepaketti Classic Clothing Care Mini\" \/>\n<meta property=\"og:description\" content=\"Tuotepaketti Classic Clothing Care Mini sis\u00e4lt\u00e4\u00e4 optimaaliset pyykinpesuaineet alusvaatteille ja muille silkist\u00e4 valmistetuille vaatteille.\" \/>\n<meta property=\"og:url\" content=\"https:\/\/eettinenluksus.fi\/shop\/tuote\/classic-clothing-care-mini-tuotepaketti\/\" \/>\n<meta property=\"og:site_name\" content=\"Shop Eettinen Luksus\" \/>\n<meta property=\"article:publisher\" content=\"https:\/\/www.facebook.com\/eettinenluksus\" \/>\n<meta property=\"article:modified_time\" content=\"2024-09-20T10:12:15+00:00\" \/>\n<meta property=\"og:image\" content=\"https:\/\/eettinenluksus.fi\/shop\/wp-content\/uploads\/sites\/4\/1726\/27\/Classic-mini-tuotepaketti-nelio.jpg\" \/>\n\t<meta property=\"og:image:width\" content=\"720\" \/>\n\t<meta property=\"og:image:height\" content=\"720\" \/>\n\t<meta property=\"og:image:type\" content=\"image\/jpeg\" \/>\n<meta name=\"twitter:card\" content=\"summary_large_image\" \/>\n<meta name=\"twitter:label1\" content=\"Hinta\" \/>\n\t<meta name=\"twitter:data1\" content=\"20,20&nbsp;&euro;\" \/>\n\t<meta name=\"twitter:label2\" content=\"Saatavuus\" \/>\n\t<meta name=\"twitter:data2\" content=\"Varastossa\" \/>\n<script type=\"application\/ld+json\" class=\"yoast-schema-graph\">{\"@context\":\"https:\\\/\\\/schema.org\",\"@graph\":[{\"@type\":\"WebPage\",\"@id\":\"https:\\\/\\\/eettinenluksus.fi\\\/shop\\\/tuote\\\/classic-clothing-care-mini-tuotepaketti\\\/\",\"url\":\"https:\\\/\\\/eettinenluksus.fi\\\/shop\\\/tuote\\\/classic-clothing-care-mini-tuotepaketti\\\/\",\"name\":\"Tuotepaketti Classic Clothing Care Mini - Shop Eettinen Luksus\",\"isPartOf\":{\"@id\":\"https:\\\/\\\/eettinenluksus.fi\\\/shop\\\/#website\"},\"primaryImageOfPage\":{\"@id\":\"https:\\\/\\\/eettinenluksus.fi\\\/shop\\\/tuote\\\/classic-clothing-care-mini-tuotepaketti\\\/#primaryimage\"},\"image\":{\"@id\":\"https:\\\/\\\/eettinenluksus.fi\\\/shop\\\/tuote\\\/classic-clothing-care-mini-tuotepaketti\\\/#primaryimage\"},\"thumbnailUrl\":\"https:\\\/\\\/eettinenluksus.fi\\\/shop\\\/wp-content\\\/uploads\\\/sites\\\/4\\\/1726\\\/27\\\/Classic-mini-tuotepaketti-nelio.jpg\",\"datePublished\":\"2022-10-06T07:45:34+00:00\",\"dateModified\":\"2024-09-20T10:12:15+00:00\",\"description\":\"Tuotepaketti Classic Clothing Care Mini sis\u00e4lt\u00e4\u00e4 optimaaliset pyykinpesuaineet alusvaatteille ja muille silkist\u00e4 valmistetuille vaatteille.\",\"breadcrumb\":{\"@id\":\"https:\\\/\\\/eettinenluksus.fi\\\/shop\\\/tuote\\\/classic-clothing-care-mini-tuotepaketti\\\/#breadcrumb\"},\"inLanguage\":\"fi\",\"potentialAction\":[{\"@type\":\"ReadAction\",\"target\":[\"https:\\\/\\\/eettinenluksus.fi\\\/shop\\\/tuote\\\/classic-clothing-care-mini-tuotepaketti\\\/\"]}]},{\"@type\":\"ImageObject\",\"inLanguage\":\"fi\",\"@id\":\"https:\\\/\\\/eettinenluksus.fi\\\/shop\\\/tuote\\\/classic-clothing-care-mini-tuotepaketti\\\/#primaryimage\",\"url\":\"https:\\\/\\\/eettinenluksus.fi\\\/shop\\\/wp-content\\\/uploads\\\/sites\\\/4\\\/1726\\\/27\\\/Classic-mini-tuotepaketti-nelio.jpg\",\"contentUrl\":\"https:\\\/\\\/eettinenluksus.fi\\\/shop\\\/wp-content\\\/uploads\\\/sites\\\/4\\\/1726\\\/27\\\/Classic-mini-tuotepaketti-nelio.jpg\",\"width\":720,\"height\":720,\"caption\":\"Classic mini -tuotepaketti\"},{\"@type\":\"BreadcrumbList\",\"@id\":\"https:\\\/\\\/eettinenluksus.fi\\\/shop\\\/tuote\\\/classic-clothing-care-mini-tuotepaketti\\\/#breadcrumb\",\"itemListElement\":[{\"@type\":\"ListItem\",\"position\":1,\"name\":\"Etusivu\",\"item\":\"https:\\\/\\\/eettinenluksus.fi\\\/shop\\\/\"},{\"@type\":\"ListItem\",\"position\":2,\"name\":\"Kauppa\",\"item\":\"https:\\\/\\\/eettinenluksus.fi\\\/shop\\\/en\\\/kauppa\\\/\"},{\"@type\":\"ListItem\",\"position\":3,\"name\":\"Tuotepaketti Classic Clothing Care Mini\"}]},{\"@type\":\"WebSite\",\"@id\":\"https:\\\/\\\/eettinenluksus.fi\\\/shop\\\/#website\",\"url\":\"https:\\\/\\\/eettinenluksus.fi\\\/shop\\\/\",\"name\":\"Shop Eettinen Luksus\",\"description\":\"Uusi verkkokauppa\",\"publisher\":{\"@id\":\"https:\\\/\\\/eettinenluksus.fi\\\/shop\\\/#organization\"},\"potentialAction\":[{\"@type\":\"SearchAction\",\"target\":{\"@type\":\"EntryPoint\",\"urlTemplate\":\"https:\\\/\\\/eettinenluksus.fi\\\/shop\\\/?s={search_term_string}\"},\"query-input\":{\"@type\":\"PropertyValueSpecification\",\"valueRequired\":true,\"valueName\":\"search_term_string\"}}],\"inLanguage\":\"fi\"},{\"@type\":\"Organization\",\"@id\":\"https:\\\/\\\/eettinenluksus.fi\\\/shop\\\/#organization\",\"name\":\"Shop Eettinen Luksus\",\"url\":\"https:\\\/\\\/eettinenluksus.fi\\\/shop\\\/\",\"logo\":{\"@type\":\"ImageObject\",\"inLanguage\":\"fi\",\"@id\":\"https:\\\/\\\/eettinenluksus.fi\\\/shop\\\/#\\\/schema\\\/logo\\\/image\\\/\",\"url\":\"https:\\\/\\\/eettinenluksus.fi\\\/shop\\\/wp-content\\\/uploads\\\/sites\\\/4\\\/1664\\\/37\\\/cropped-ELO.jpg\",\"contentUrl\":\"https:\\\/\\\/eettinenluksus.fi\\\/shop\\\/wp-content\\\/uploads\\\/sites\\\/4\\\/1664\\\/37\\\/cropped-ELO.jpg\",\"width\":810,\"height\":350,\"caption\":\"Shop Eettinen Luksus\"},\"image\":{\"@id\":\"https:\\\/\\\/eettinenluksus.fi\\\/shop\\\/#\\\/schema\\\/logo\\\/image\\\/\"},\"sameAs\":[\"https:\\\/\\\/www.facebook.com\\\/eettinenluksus\",\"https:\\\/\\\/www.instagram.com\\\/eettinenluksus\\\/\"]}]}<\/script>\n<meta property=\"product:price:amount\" content=\"20.20\" \/>\n<meta property=\"product:price:currency\" content=\"EUR\" \/>\n<meta property=\"og:availability\" content=\"instock\" \/>\n<meta property=\"product:availability\" content=\"instock\" \/>\n<meta property=\"product:condition\" content=\"new\" \/>\n<!-- \/ Yoast SEO Premium plugin. -->","yoast_head_json":{"title":"Tuotepaketti Classic Clothing Care Mini - Shop Eettinen Luksus","description":"Tuotepaketti Classic Clothing Care Mini sis\u00e4lt\u00e4\u00e4 optimaaliset pyykinpesuaineet alusvaatteille ja muille silkist\u00e4 valmistetuille vaatteille.","robots":{"index":"index","follow":"follow","max-snippet":"max-snippet:-1","max-image-preview":"max-image-preview:large","max-video-preview":"max-video-preview:-1"},"canonical":"https:\/\/eettinenluksus.fi\/shop\/tuote\/classic-clothing-care-mini-tuotepaketti\/","og_locale":"fi_FI","og_type":"article","og_title":"Tuotepaketti Classic Clothing Care Mini","og_description":"Tuotepaketti Classic Clothing Care Mini sis\u00e4lt\u00e4\u00e4 optimaaliset pyykinpesuaineet alusvaatteille ja muille silkist\u00e4 valmistetuille vaatteille.","og_url":"https:\/\/eettinenluksus.fi\/shop\/tuote\/classic-clothing-care-mini-tuotepaketti\/","og_site_name":"Shop Eettinen Luksus","article_publisher":"https:\/\/www.facebook.com\/eettinenluksus","article_modified_time":"2024-09-20T10:12:15+00:00","og_image":[{"width":720,"height":720,"url":"https:\/\/eettinenluksus.fi\/shop\/wp-content\/uploads\/sites\/4\/1726\/27\/Classic-mini-tuotepaketti-nelio.jpg","type":"image\/jpeg"}],"twitter_card":"summary_large_image","twitter_misc":{"Hinta":"20,20&nbsp;&euro;","Saatavuus":"Varastossa"},"schema":{"@context":"https:\/\/schema.org","@graph":[{"@type":"WebPage","@id":"https:\/\/eettinenluksus.fi\/shop\/tuote\/classic-clothing-care-mini-tuotepaketti\/","url":"https:\/\/eettinenluksus.fi\/shop\/tuote\/classic-clothing-care-mini-tuotepaketti\/","name":"Tuotepaketti Classic Clothing Care Mini - Shop Eettinen Luksus","isPartOf":{"@id":"https:\/\/eettinenluksus.fi\/shop\/#website"},"primaryImageOfPage":{"@id":"https:\/\/eettinenluksus.fi\/shop\/tuote\/classic-clothing-care-mini-tuotepaketti\/#primaryimage"},"image":{"@id":"https:\/\/eettinenluksus.fi\/shop\/tuote\/classic-clothing-care-mini-tuotepaketti\/#primaryimage"},"thumbnailUrl":"https:\/\/eettinenluksus.fi\/shop\/wp-content\/uploads\/sites\/4\/1726\/27\/Classic-mini-tuotepaketti-nelio.jpg","datePublished":"2022-10-06T07:45:34+00:00","dateModified":"2024-09-20T10:12:15+00:00","description":"Tuotepaketti Classic Clothing Care Mini sis\u00e4lt\u00e4\u00e4 optimaaliset pyykinpesuaineet alusvaatteille ja muille silkist\u00e4 valmistetuille vaatteille.","breadcrumb":{"@id":"https:\/\/eettinenluksus.fi\/shop\/tuote\/classic-clothing-care-mini-tuotepaketti\/#breadcrumb"},"inLanguage":"fi","potentialAction":[{"@type":"ReadAction","target":["https:\/\/eettinenluksus.fi\/shop\/tuote\/classic-clothing-care-mini-tuotepaketti\/"]}]},{"@type":"ImageObject","inLanguage":"fi","@id":"https:\/\/eettinenluksus.fi\/shop\/tuote\/classic-clothing-care-mini-tuotepaketti\/#primaryimage","url":"https:\/\/eettinenluksus.fi\/shop\/wp-content\/uploads\/sites\/4\/1726\/27\/Classic-mini-tuotepaketti-nelio.jpg","contentUrl":"https:\/\/eettinenluksus.fi\/shop\/wp-content\/uploads\/sites\/4\/1726\/27\/Classic-mini-tuotepaketti-nelio.jpg","width":720,"height":720,"caption":"Classic mini -tuotepaketti"},{"@type":"BreadcrumbList","@id":"https:\/\/eettinenluksus.fi\/shop\/tuote\/classic-clothing-care-mini-tuotepaketti\/#breadcrumb","itemListElement":[{"@type":"ListItem","position":1,"name":"Etusivu","item":"https:\/\/eettinenluksus.fi\/shop\/"},{"@type":"ListItem","position":2,"name":"Kauppa","item":"https:\/\/eettinenluksus.fi\/shop\/en\/kauppa\/"},{"@type":"ListItem","position":3,"name":"Tuotepaketti Classic Clothing Care Mini"}]},{"@type":"WebSite","@id":"https:\/\/eettinenluksus.fi\/shop\/#website","url":"https:\/\/eettinenluksus.fi\/shop\/","name":"Shop Eettinen Luksus","description":"Uusi verkkokauppa","publisher":{"@id":"https:\/\/eettinenluksus.fi\/shop\/#organization"},"potentialAction":[{"@type":"SearchAction","target":{"@type":"EntryPoint","urlTemplate":"https:\/\/eettinenluksus.fi\/shop\/?s={search_term_string}"},"query-input":{"@type":"PropertyValueSpecification","valueRequired":true,"valueName":"search_term_string"}}],"inLanguage":"fi"},{"@type":"Organization","@id":"https:\/\/eettinenluksus.fi\/shop\/#organization","name":"Shop Eettinen Luksus","url":"https:\/\/eettinenluksus.fi\/shop\/","logo":{"@type":"ImageObject","inLanguage":"fi","@id":"https:\/\/eettinenluksus.fi\/shop\/#\/schema\/logo\/image\/","url":"https:\/\/eettinenluksus.fi\/shop\/wp-content\/uploads\/sites\/4\/1664\/37\/cropped-ELO.jpg","contentUrl":"https:\/\/eettinenluksus.fi\/shop\/wp-content\/uploads\/sites\/4\/1664\/37\/cropped-ELO.jpg","width":810,"height":350,"caption":"Shop Eettinen Luksus"},"image":{"@id":"https:\/\/eettinenluksus.fi\/shop\/#\/schema\/logo\/image\/"},"sameAs":["https:\/\/www.facebook.com\/eettinenluksus","https:\/\/www.instagram.com\/eettinenluksus\/"]}]},"product_price_amount":"20.20","product_price_currency":"EUR","og_availability":"instock","product_availability":"instock","product_condition":"new"},"_links":{"self":[{"href":"https:\/\/eettinenluksus.fi\/shop\/wp-json\/wp\/v2\/product\/523","targetHints":{"allow":["GET"]}}],"collection":[{"href":"https:\/\/eettinenluksus.fi\/shop\/wp-json\/wp\/v2\/product"}],"about":[{"href":"https:\/\/eettinenluksus.fi\/shop\/wp-json\/wp\/v2\/types\/product"}],"version-history":[{"count":12,"href":"https:\/\/eettinenluksus.fi\/shop\/wp-json\/wp\/v2\/product\/523\/revisions"}],"predecessor-version":[{"id":2910,"href":"https:\/\/eettinenluksus.fi\/shop\/wp-json\/wp\/v2\/product\/523\/revisions\/2910"}],"wp:featuredmedia":[{"embeddable":true,"href":"https:\/\/eettinenluksus.fi\/shop\/wp-json\/wp\/v2\/media\/4092"}],"wp:attachment":[{"href":"https:\/\/eettinenluksus.fi\/shop\/wp-json\/wp\/v2\/media?parent=523"}],"wp:term":[{"taxonomy":"product_brand","embeddable":true,"href":"https:\/\/eettinenluksus.fi\/shop\/wp-json\/wp\/v2\/product_brand?post=523"},{"taxonomy":"product_cat","embeddable":true,"href":"https:\/\/eettinenluksus.fi\/shop\/wp-json\/wp\/v2\/product_cat?post=523"},{"taxonomy":"product_tag","embeddable":true,"href":"https:\/\/eettinenluksus.fi\/shop\/wp-json\/wp\/v2\/product_tag?post=523"}],"curies":[{"name":"wp","href":"https:\/\/api.w.org\/{rel}","templated":true}]}}