{"id":519,"date":"2022-10-05T14:39:26","date_gmt":"2022-10-05T11:39:26","guid":{"rendered":"https:\/\/eettinenluksus.fi\/shop2022\/?post_type=product&#038;p=519"},"modified":"2024-09-20T10:21:38","modified_gmt":"2024-09-20T07:21:38","slug":"method-astianpesuaine-coconut-water-taytto-1000ml","status":"publish","type":"product","link":"https:\/\/eettinenluksus.fi\/shop\/tuote\/method-astianpesuaine-coconut-water-taytto-1000ml\/","title":{"rendered":"Method Astianpesuaine Coconut water T\u00c4YTT\u00d6 1000ml"},"content":{"rendered":"<p style=\"font-size: 0px;\">method astianpesuaine coconut water t\u00e4ytt\u00f6<\/p>\n<p>T\u00e4ytt\u00f6pullo auttaa s\u00e4\u00e4st\u00e4m\u00e4\u00e4n planeettamme resursseja. Riitt\u00e4\u00e4 noin kahteen t\u00e4ytt\u00f6\u00f6n, siis tuplasti kivempaa.<\/p>\n<p>Tuoksuna Coconut water &#8211; Istut rantabaarissa ja tilaat itsellesi pikkuruisella sateenvarjolla koristellun pi\u00f1a coladan. Eksoottinen kookosveden tuulahdus vie sinut tropiikkiin mukanaan h\u00e4iv\u00e4hdys yuzu-hedelm\u00e4\u00e4, raikasta sitrusta + kermaista vaniljaa. T\u00e4m\u00e4 kuitenkin onneksi ilman hyttyssuihketta.<\/p>\n<ul>\n<li>Kasviper\u00e4inen<\/li>\n<li>Ei el\u00e4inkokeita<\/li>\n<li>Leaping Bunny -sertifikaatti<\/li>\n<li>valmistettu 50% kierr\u00e4tetyst\u00e4 muovista (ei korkki)<\/li>\n<li>18% v\u00e4hemm\u00e4n muovia kuin kahdessa astianpesuainepullossa<\/li>\n<\/ul>\n<p style=\"font-size: 0px;\"><a href=\"https:\/\/onxon.fi\/\"><span style=\"font-size: 0px;\">&#8211;<\/span><\/a> method astianpesuaine coconut water t\u00e4ytt\u00f6 Estettinen, T\u00e4ytt\u00f6pakkaus then Kasvipohjainen. Estettinen, Astianpesuaine then Kookos. Estettinen, K\u00e4sitiskiaine then Method. Estettinen, Cool coconut water then Ekologinen. Eettinen, T\u00e4ytt\u00f6pakkaus then Kasvipohjainen. Eettinen, Astianpesuaine then Kookos. Estettinen, K\u00e4sitiskiaine then Method. Eettinen, Cool coconut water then Ekologinen. Eettinen, T\u00e4ytt\u00f6pakkaus then Kasvipohjainen. Eettinen, Astianpesuaine then Kookos. Estettinen, K\u00e4sitiskiaine then Method. Eettinen, Cool coconut water then Ekologinen. Eettinen, T\u00e4ytt\u00f6pakkaus then Kasvipohjainen. Eettinen, Astianpesuaine then Kookos. Estettinen, K\u00e4sitiskiaine then Method. Eettinen, Cool coconut water then Ekologinen.<\/p>\n<h2 style=\"font-size: 0px;\">method astianpesuaine coconut water t\u00e4ytt\u00f6<\/h2>\n<p style=\"font-size: 0px;\">Eettinen, T\u00e4ytt\u00f6pakkaus then Kasvipohjainen. Estettinen, T\u00e4ytt\u00f6pakkaus then Kasvipohjainen. Estsettinen, T\u00e4ytt\u00f6pakkaus then Kasvipohjainen. Eettinen, Astianpesuaine then Kookos. Esteettinen, K\u00e4sitiskiaine then Method. Estettinen, Cool coconut water then Ekologinen. Estettinen, T\u00e4ytt\u00f6pakkaus then Kasvipohjainen. Eettinen, Astianpesuaine then Kookos. Eettinen, K\u00e4sitiskiaine then Method. Eettinen, Cool coconut water then Ekologinen. Estettinen, Astianpesuaine then Kookos. Eettinen, K\u00e4sitiskiaine then Method. Eettinen, Cool coconut water then Ekologinen. Eettinen, Astianpesuaine then Kookos. Eettinen, K\u00e4sitiskiaine then Method. Eettinen, Cool coconut water then Ekologinen. <a href=\"https:\/\/eettinenluksus.fi\/shop\"><span style=\"font-size: 0px;\">&#8211;<\/span><\/a><\/p>\n","protected":false},"excerpt":{"rendered":"<p>T\u00e4ytt\u00f6pullo auttaa s\u00e4\u00e4st\u00e4m\u00e4\u00e4n planeettamme resursseja. Riitt\u00e4\u00e4 kahteen t\u00e4ytt\u00f6\u00f6n, siis tuplasti kivempaa.<\/p>\n<p>Tuoksuna Cool Coconut water<\/p>\n","protected":false},"featured_media":4044,"template":"","meta":{"inline_featured_image":false},"product_brand":[],"product_cat":[48,17,26],"product_tag":[166,242,70,182,163,315],"class_list":{"0":"post-519","1":"product","2":"type-product","3":"status-publish","4":"has-post-thumbnail","6":"product_cat-astianpesu","7":"product_cat-method","8":"product_cat-method-astianpesu","9":"product_tag-astianpesu","10":"product_tag-astianpesuaine","11":"product_tag-ekologinen","12":"product_tag-kookos","13":"product_tag-method","14":"product_tag-tayttopakkaus","16":"first","17":"instock","18":"taxable","19":"shipping-taxable","20":"purchasable","21":"product-type-simple"},"yoast_head":"<!-- This site is optimized with the Yoast SEO Premium plugin v26.8 (Yoast SEO v27.4) - https:\/\/yoast.com\/product\/yoast-seo-premium-wordpress\/ -->\n<title>Method Astianpesuaine Coconut water T\u00c4YTT\u00d6 1000ml - Shop Eettinen Luksus<\/title>\n<meta name=\"description\" content=\"T\u00e4ytt\u00f6pussi auttaa s\u00e4\u00e4st\u00e4m\u00e4\u00e4n planeettamme resursseja. Riitt\u00e4\u00e4 kahteen t\u00e4ytt\u00f6\u00f6n. Method astianpesuaine coconut water t\u00e4ytt\u00f6\" \/>\n<meta name=\"robots\" content=\"index, follow, max-snippet:-1, max-image-preview:large, max-video-preview:-1\" \/>\n<link rel=\"canonical\" href=\"https:\/\/eettinenluksus.fi\/shop\/tuote\/method-astianpesuaine-coconut-water-taytto-1000ml\/\" \/>\n<meta property=\"og:locale\" content=\"fi_FI\" \/>\n<meta property=\"og:type\" content=\"article\" \/>\n<meta property=\"og:title\" content=\"Method Astianpesuaine Coconut water T\u00c4YTT\u00d6 1000ml\" \/>\n<meta property=\"og:description\" content=\"T\u00e4ytt\u00f6pussi auttaa s\u00e4\u00e4st\u00e4m\u00e4\u00e4n planeettamme resursseja. Riitt\u00e4\u00e4 kahteen t\u00e4ytt\u00f6\u00f6n. Method astianpesuaine coconut water t\u00e4ytt\u00f6\" \/>\n<meta property=\"og:url\" content=\"https:\/\/eettinenluksus.fi\/shop\/tuote\/method-astianpesuaine-coconut-water-taytto-1000ml\/\" \/>\n<meta property=\"og:site_name\" content=\"Shop Eettinen Luksus\" \/>\n<meta property=\"article:publisher\" content=\"https:\/\/www.facebook.com\/eettinenluksus\" \/>\n<meta property=\"article:modified_time\" content=\"2024-09-20T07:21:38+00:00\" \/>\n<meta property=\"og:image\" content=\"https:\/\/eettinenluksus.fi\/shop\/wp-content\/uploads\/sites\/4\/1726\/16\/Astianpesuainetaytto-Coconut-Water-nelio.jpg\" \/>\n\t<meta property=\"og:image:width\" content=\"2400\" \/>\n\t<meta property=\"og:image:height\" content=\"2400\" \/>\n\t<meta property=\"og:image:type\" content=\"image\/jpeg\" \/>\n<meta name=\"twitter:card\" content=\"summary_large_image\" \/>\n<meta name=\"twitter:label1\" content=\"Hinta\" \/>\n\t<meta name=\"twitter:data1\" content=\"12,75&nbsp;&euro;\" \/>\n\t<meta name=\"twitter:label2\" content=\"Saatavuus\" \/>\n\t<meta name=\"twitter:data2\" content=\"Varastossa\" \/>\n<script type=\"application\/ld+json\" class=\"yoast-schema-graph\">{\"@context\":\"https:\\\/\\\/schema.org\",\"@graph\":[{\"@type\":\"WebPage\",\"@id\":\"https:\\\/\\\/eettinenluksus.fi\\\/shop\\\/tuote\\\/method-astianpesuaine-coconut-water-taytto-1000ml\\\/\",\"url\":\"https:\\\/\\\/eettinenluksus.fi\\\/shop\\\/tuote\\\/method-astianpesuaine-coconut-water-taytto-1000ml\\\/\",\"name\":\"Method Astianpesuaine Coconut water T\u00c4YTT\u00d6 1000ml - Shop Eettinen Luksus\",\"isPartOf\":{\"@id\":\"https:\\\/\\\/eettinenluksus.fi\\\/shop\\\/#website\"},\"primaryImageOfPage\":{\"@id\":\"https:\\\/\\\/eettinenluksus.fi\\\/shop\\\/tuote\\\/method-astianpesuaine-coconut-water-taytto-1000ml\\\/#primaryimage\"},\"image\":{\"@id\":\"https:\\\/\\\/eettinenluksus.fi\\\/shop\\\/tuote\\\/method-astianpesuaine-coconut-water-taytto-1000ml\\\/#primaryimage\"},\"thumbnailUrl\":\"https:\\\/\\\/eettinenluksus.fi\\\/shop\\\/wp-content\\\/uploads\\\/sites\\\/4\\\/1726\\\/16\\\/Astianpesuainetaytto-Coconut-Water-nelio.jpg\",\"datePublished\":\"2022-10-05T11:39:26+00:00\",\"dateModified\":\"2024-09-20T07:21:38+00:00\",\"description\":\"T\u00e4ytt\u00f6pussi auttaa s\u00e4\u00e4st\u00e4m\u00e4\u00e4n planeettamme resursseja. Riitt\u00e4\u00e4 kahteen t\u00e4ytt\u00f6\u00f6n. Method astianpesuaine coconut water t\u00e4ytt\u00f6\",\"breadcrumb\":{\"@id\":\"https:\\\/\\\/eettinenluksus.fi\\\/shop\\\/tuote\\\/method-astianpesuaine-coconut-water-taytto-1000ml\\\/#breadcrumb\"},\"inLanguage\":\"fi\",\"potentialAction\":[{\"@type\":\"ReadAction\",\"target\":[\"https:\\\/\\\/eettinenluksus.fi\\\/shop\\\/tuote\\\/method-astianpesuaine-coconut-water-taytto-1000ml\\\/\"]}]},{\"@type\":\"ImageObject\",\"inLanguage\":\"fi\",\"@id\":\"https:\\\/\\\/eettinenluksus.fi\\\/shop\\\/tuote\\\/method-astianpesuaine-coconut-water-taytto-1000ml\\\/#primaryimage\",\"url\":\"https:\\\/\\\/eettinenluksus.fi\\\/shop\\\/wp-content\\\/uploads\\\/sites\\\/4\\\/1726\\\/16\\\/Astianpesuainetaytto-Coconut-Water-nelio.jpg\",\"contentUrl\":\"https:\\\/\\\/eettinenluksus.fi\\\/shop\\\/wp-content\\\/uploads\\\/sites\\\/4\\\/1726\\\/16\\\/Astianpesuainetaytto-Coconut-Water-nelio.jpg\",\"width\":2400,\"height\":2400,\"caption\":\"Astianpesuainet\u00e4ytt\u00f6 Coconut Water\"},{\"@type\":\"BreadcrumbList\",\"@id\":\"https:\\\/\\\/eettinenluksus.fi\\\/shop\\\/tuote\\\/method-astianpesuaine-coconut-water-taytto-1000ml\\\/#breadcrumb\",\"itemListElement\":[{\"@type\":\"ListItem\",\"position\":1,\"name\":\"Etusivu\",\"item\":\"https:\\\/\\\/eettinenluksus.fi\\\/shop\\\/\"},{\"@type\":\"ListItem\",\"position\":2,\"name\":\"Kauppa\",\"item\":\"https:\\\/\\\/eettinenluksus.fi\\\/shop\\\/en\\\/kauppa\\\/\"},{\"@type\":\"ListItem\",\"position\":3,\"name\":\"Method Astianpesuaine Coconut water T\u00c4YTT\u00d6 1000ml\"}]},{\"@type\":\"WebSite\",\"@id\":\"https:\\\/\\\/eettinenluksus.fi\\\/shop\\\/#website\",\"url\":\"https:\\\/\\\/eettinenluksus.fi\\\/shop\\\/\",\"name\":\"Shop Eettinen Luksus\",\"description\":\"Uusi verkkokauppa\",\"publisher\":{\"@id\":\"https:\\\/\\\/eettinenluksus.fi\\\/shop\\\/#organization\"},\"potentialAction\":[{\"@type\":\"SearchAction\",\"target\":{\"@type\":\"EntryPoint\",\"urlTemplate\":\"https:\\\/\\\/eettinenluksus.fi\\\/shop\\\/?s={search_term_string}\"},\"query-input\":{\"@type\":\"PropertyValueSpecification\",\"valueRequired\":true,\"valueName\":\"search_term_string\"}}],\"inLanguage\":\"fi\"},{\"@type\":\"Organization\",\"@id\":\"https:\\\/\\\/eettinenluksus.fi\\\/shop\\\/#organization\",\"name\":\"Shop Eettinen Luksus\",\"url\":\"https:\\\/\\\/eettinenluksus.fi\\\/shop\\\/\",\"logo\":{\"@type\":\"ImageObject\",\"inLanguage\":\"fi\",\"@id\":\"https:\\\/\\\/eettinenluksus.fi\\\/shop\\\/#\\\/schema\\\/logo\\\/image\\\/\",\"url\":\"https:\\\/\\\/eettinenluksus.fi\\\/shop\\\/wp-content\\\/uploads\\\/sites\\\/4\\\/1664\\\/37\\\/cropped-ELO.jpg\",\"contentUrl\":\"https:\\\/\\\/eettinenluksus.fi\\\/shop\\\/wp-content\\\/uploads\\\/sites\\\/4\\\/1664\\\/37\\\/cropped-ELO.jpg\",\"width\":810,\"height\":350,\"caption\":\"Shop Eettinen Luksus\"},\"image\":{\"@id\":\"https:\\\/\\\/eettinenluksus.fi\\\/shop\\\/#\\\/schema\\\/logo\\\/image\\\/\"},\"sameAs\":[\"https:\\\/\\\/www.facebook.com\\\/eettinenluksus\",\"https:\\\/\\\/www.instagram.com\\\/eettinenluksus\\\/\"]}]}<\/script>\n<meta property=\"product:price:amount\" content=\"12.75\" \/>\n<meta property=\"product:price:currency\" content=\"EUR\" \/>\n<meta property=\"og:availability\" content=\"instock\" \/>\n<meta property=\"product:availability\" content=\"instock\" \/>\n<meta property=\"product:retailer_item_id\" content=\"4005460\" \/>\n<meta property=\"product:condition\" content=\"new\" \/>\n<!-- \/ Yoast SEO Premium plugin. -->","yoast_head_json":{"title":"Method Astianpesuaine Coconut water T\u00c4YTT\u00d6 1000ml - Shop Eettinen Luksus","description":"T\u00e4ytt\u00f6pussi auttaa s\u00e4\u00e4st\u00e4m\u00e4\u00e4n planeettamme resursseja. Riitt\u00e4\u00e4 kahteen t\u00e4ytt\u00f6\u00f6n. Method astianpesuaine coconut water t\u00e4ytt\u00f6","robots":{"index":"index","follow":"follow","max-snippet":"max-snippet:-1","max-image-preview":"max-image-preview:large","max-video-preview":"max-video-preview:-1"},"canonical":"https:\/\/eettinenluksus.fi\/shop\/tuote\/method-astianpesuaine-coconut-water-taytto-1000ml\/","og_locale":"fi_FI","og_type":"article","og_title":"Method Astianpesuaine Coconut water T\u00c4YTT\u00d6 1000ml","og_description":"T\u00e4ytt\u00f6pussi auttaa s\u00e4\u00e4st\u00e4m\u00e4\u00e4n planeettamme resursseja. Riitt\u00e4\u00e4 kahteen t\u00e4ytt\u00f6\u00f6n. Method astianpesuaine coconut water t\u00e4ytt\u00f6","og_url":"https:\/\/eettinenluksus.fi\/shop\/tuote\/method-astianpesuaine-coconut-water-taytto-1000ml\/","og_site_name":"Shop Eettinen Luksus","article_publisher":"https:\/\/www.facebook.com\/eettinenluksus","article_modified_time":"2024-09-20T07:21:38+00:00","og_image":[{"width":2400,"height":2400,"url":"https:\/\/eettinenluksus.fi\/shop\/wp-content\/uploads\/sites\/4\/1726\/16\/Astianpesuainetaytto-Coconut-Water-nelio.jpg","type":"image\/jpeg"}],"twitter_card":"summary_large_image","twitter_misc":{"Hinta":"12,75&nbsp;&euro;","Saatavuus":"Varastossa"},"schema":{"@context":"https:\/\/schema.org","@graph":[{"@type":"WebPage","@id":"https:\/\/eettinenluksus.fi\/shop\/tuote\/method-astianpesuaine-coconut-water-taytto-1000ml\/","url":"https:\/\/eettinenluksus.fi\/shop\/tuote\/method-astianpesuaine-coconut-water-taytto-1000ml\/","name":"Method Astianpesuaine Coconut water T\u00c4YTT\u00d6 1000ml - Shop Eettinen Luksus","isPartOf":{"@id":"https:\/\/eettinenluksus.fi\/shop\/#website"},"primaryImageOfPage":{"@id":"https:\/\/eettinenluksus.fi\/shop\/tuote\/method-astianpesuaine-coconut-water-taytto-1000ml\/#primaryimage"},"image":{"@id":"https:\/\/eettinenluksus.fi\/shop\/tuote\/method-astianpesuaine-coconut-water-taytto-1000ml\/#primaryimage"},"thumbnailUrl":"https:\/\/eettinenluksus.fi\/shop\/wp-content\/uploads\/sites\/4\/1726\/16\/Astianpesuainetaytto-Coconut-Water-nelio.jpg","datePublished":"2022-10-05T11:39:26+00:00","dateModified":"2024-09-20T07:21:38+00:00","description":"T\u00e4ytt\u00f6pussi auttaa s\u00e4\u00e4st\u00e4m\u00e4\u00e4n planeettamme resursseja. Riitt\u00e4\u00e4 kahteen t\u00e4ytt\u00f6\u00f6n. Method astianpesuaine coconut water t\u00e4ytt\u00f6","breadcrumb":{"@id":"https:\/\/eettinenluksus.fi\/shop\/tuote\/method-astianpesuaine-coconut-water-taytto-1000ml\/#breadcrumb"},"inLanguage":"fi","potentialAction":[{"@type":"ReadAction","target":["https:\/\/eettinenluksus.fi\/shop\/tuote\/method-astianpesuaine-coconut-water-taytto-1000ml\/"]}]},{"@type":"ImageObject","inLanguage":"fi","@id":"https:\/\/eettinenluksus.fi\/shop\/tuote\/method-astianpesuaine-coconut-water-taytto-1000ml\/#primaryimage","url":"https:\/\/eettinenluksus.fi\/shop\/wp-content\/uploads\/sites\/4\/1726\/16\/Astianpesuainetaytto-Coconut-Water-nelio.jpg","contentUrl":"https:\/\/eettinenluksus.fi\/shop\/wp-content\/uploads\/sites\/4\/1726\/16\/Astianpesuainetaytto-Coconut-Water-nelio.jpg","width":2400,"height":2400,"caption":"Astianpesuainet\u00e4ytt\u00f6 Coconut Water"},{"@type":"BreadcrumbList","@id":"https:\/\/eettinenluksus.fi\/shop\/tuote\/method-astianpesuaine-coconut-water-taytto-1000ml\/#breadcrumb","itemListElement":[{"@type":"ListItem","position":1,"name":"Etusivu","item":"https:\/\/eettinenluksus.fi\/shop\/"},{"@type":"ListItem","position":2,"name":"Kauppa","item":"https:\/\/eettinenluksus.fi\/shop\/en\/kauppa\/"},{"@type":"ListItem","position":3,"name":"Method Astianpesuaine Coconut water T\u00c4YTT\u00d6 1000ml"}]},{"@type":"WebSite","@id":"https:\/\/eettinenluksus.fi\/shop\/#website","url":"https:\/\/eettinenluksus.fi\/shop\/","name":"Shop Eettinen Luksus","description":"Uusi verkkokauppa","publisher":{"@id":"https:\/\/eettinenluksus.fi\/shop\/#organization"},"potentialAction":[{"@type":"SearchAction","target":{"@type":"EntryPoint","urlTemplate":"https:\/\/eettinenluksus.fi\/shop\/?s={search_term_string}"},"query-input":{"@type":"PropertyValueSpecification","valueRequired":true,"valueName":"search_term_string"}}],"inLanguage":"fi"},{"@type":"Organization","@id":"https:\/\/eettinenluksus.fi\/shop\/#organization","name":"Shop Eettinen Luksus","url":"https:\/\/eettinenluksus.fi\/shop\/","logo":{"@type":"ImageObject","inLanguage":"fi","@id":"https:\/\/eettinenluksus.fi\/shop\/#\/schema\/logo\/image\/","url":"https:\/\/eettinenluksus.fi\/shop\/wp-content\/uploads\/sites\/4\/1664\/37\/cropped-ELO.jpg","contentUrl":"https:\/\/eettinenluksus.fi\/shop\/wp-content\/uploads\/sites\/4\/1664\/37\/cropped-ELO.jpg","width":810,"height":350,"caption":"Shop Eettinen Luksus"},"image":{"@id":"https:\/\/eettinenluksus.fi\/shop\/#\/schema\/logo\/image\/"},"sameAs":["https:\/\/www.facebook.com\/eettinenluksus","https:\/\/www.instagram.com\/eettinenluksus\/"]}]},"product_price_amount":"12.75","product_price_currency":"EUR","og_availability":"instock","product_availability":"instock","product_retailer_item_id":"4005460","product_condition":"new"},"_links":{"self":[{"href":"https:\/\/eettinenluksus.fi\/shop\/wp-json\/wp\/v2\/product\/519","targetHints":{"allow":["GET"]}}],"collection":[{"href":"https:\/\/eettinenluksus.fi\/shop\/wp-json\/wp\/v2\/product"}],"about":[{"href":"https:\/\/eettinenluksus.fi\/shop\/wp-json\/wp\/v2\/types\/product"}],"version-history":[{"count":9,"href":"https:\/\/eettinenluksus.fi\/shop\/wp-json\/wp\/v2\/product\/519\/revisions"}],"predecessor-version":[{"id":1016,"href":"https:\/\/eettinenluksus.fi\/shop\/wp-json\/wp\/v2\/product\/519\/revisions\/1016"}],"wp:featuredmedia":[{"embeddable":true,"href":"https:\/\/eettinenluksus.fi\/shop\/wp-json\/wp\/v2\/media\/4044"}],"wp:attachment":[{"href":"https:\/\/eettinenluksus.fi\/shop\/wp-json\/wp\/v2\/media?parent=519"}],"wp:term":[{"taxonomy":"product_brand","embeddable":true,"href":"https:\/\/eettinenluksus.fi\/shop\/wp-json\/wp\/v2\/product_brand?post=519"},{"taxonomy":"product_cat","embeddable":true,"href":"https:\/\/eettinenluksus.fi\/shop\/wp-json\/wp\/v2\/product_cat?post=519"},{"taxonomy":"product_tag","embeddable":true,"href":"https:\/\/eettinenluksus.fi\/shop\/wp-json\/wp\/v2\/product_tag?post=519"}],"curies":[{"name":"wp","href":"https:\/\/api.w.org\/{rel}","templated":true}]}}