{"id":5116,"date":"2025-10-20T16:32:45","date_gmt":"2025-10-20T13:32:45","guid":{"rendered":"https:\/\/eettinenluksus.fi\/shop\/?post_type=product&#038;p=5116"},"modified":"2026-01-22T11:20:55","modified_gmt":"2026-01-22T09:20:55","slug":"method-paketti-joulun-aikaan","status":"publish","type":"product","link":"https:\/\/eettinenluksus.fi\/shop\/tuote\/method-paketti-joulun-aikaan\/","title":{"rendered":"Method-paketti joulun aikaan"},"content":{"rendered":"<p>Method-paketti joulun aikaan<\/p>\n<p>Sis\u00e4lt\u00e4\u00e4 viisi tuotetta:<\/p>\n<p><a href=\"https:\/\/eettinenluksus.fi\/shop\/tuote\/method-yleispuhdistussuihke-pink-grapefruit\/\" target=\"_blank\" rel=\"noopener\">Method Yleispuhdistussuihke Pink Grapefruit 828ml<\/a><\/p>\n<div class=\"woocommerce-product-details__short-description\">\n<p>Ekologinen siivous kodin pinnoille, k\u00e4ytt\u00f6valmis kasvipohjainen ekologinen yleispuhdistusaine, virkist\u00e4v\u00e4 yhdistelm\u00e4 vaaleanpunaista greippi\u00e4, veriappelsiinia ja mustaherukkaa.<\/p>\n<\/div>\n<p><a href=\"https:\/\/eettinenluksus.fi\/shop\/tuote\/method-nestesaippua-pink-grapefruit-354ml\/\" target=\"_blank\" rel=\"noopener\">Method Nestesaippua<\/a> <a href=\"https:\/\/eettinenluksus.fi\/shop\/tuote\/method-yleispuhdistussuihke-deep-house-828ml\/\" target=\"_blank\" rel=\"noopener\">Pink Grapefruit<\/a><a href=\"https:\/\/eettinenluksus.fi\/shop\/tuote\/method-nestesaippua-french-lavender-354ml\/\" target=\"_blank\" rel=\"noopener\">354ml<\/a><\/p>\n<div class=\"woocommerce-product-details__short-description\">\n<p>valmistettu kasviraaka-aineista. Puhdistaa ihon hell\u00e4varaisesti. Sis\u00e4lt\u00e4\u00e4 ihoa hoitavaa glyseriini\u00e4, aloe veraa ja E-vitamiinia. Tuoksuna Pink Grapefruit \u2013 Tietyt tuoksut saavat askeleet erityisen keveiksi. Kuten t\u00e4m\u00e4 virkist\u00e4v\u00e4 yhdistelm\u00e4 vaaleanpunaista greippi\u00e4, veriappelsiinia ja mustaherukkaa.<\/p>\n<\/div>\n<p><a href=\"https:\/\/eettinenluksus.fi\/shop\/tuote\/method-astianpesuaine-citrus-green-tea-532ml\/\" target=\"_blank\" rel=\"noopener\">Method Astianpesuaine Citrus Green tea 532ml<\/a><\/p>\n<p>Ekologinen astianpesuaine. Rohkeaa ja kaunista muotoilua pesualtaan laidalle. Suunniteltu pit\u00e4en mieless\u00e4 planeettamme. Kasvipohjaiset, vegaaniyst\u00e4v\u00e4lliset, biohajoavat aineosat voittavat lian ja rasvan sek\u00e4 saavat lautaset s\u00e4ihkym\u00e4\u00e4n ja kattilat kiilt\u00e4m\u00e4\u00e4n. Yhdess\u00e4 voimme muuttaa rutiinit ilotulitukseksi. Tuoksuna Green tea + Citrus \u2013 Rauhoittavan vihre\u00e4n teen ja raikkaan sitruunan mystinen duo saa sinut leijailemaan.<\/p>\n<p><a href=\"https:\/\/eettinenluksus.fi\/shop\/tuote\/method-suihkusaippua-pure-peace-532ml\/\">Method Suihkusaippua Pure Peace 532ml<\/a><\/p>\n<p>Mielialaa kohottava suihkusaippuamme saa sinut tuntemaan olosi paremmaksi niin sis\u00e4isesti kuin ulkoisestikin. Bonuksena se my\u00f6s n\u00e4ytt\u00e4\u00e4 hyv\u00e4lt\u00e4 ja siksi uskommekin, ett\u00e4 se on kuin sinulle tehty. Pure peace \u2013 Kaipaatko hieman\u2026rauhaa? Pionilta, ruusuvedelt\u00e4 + vaaleanpunaiselta merisuolalta tuoksuva suihkusaippua saa ihosi tuoksumaan stressitt\u00f6m\u00e4lt\u00e4.<\/p>\n<div class=\"woocommerce-product-details__short-description\">\n<p><a href=\"https:\/\/eettinenluksus.fi\/shop\/tuote\/method-yleispuhdistustiiviste-refreshing-240ml\/\" target=\"_blank\" rel=\"noopener\">Method Yleispuhdistustiiviste Refreshing 240ml<\/a><\/p>\n<div class=\"woocommerce-product-details__short-description\">\n<p>Yleispuhdistustiiviste on kooltaan pieni mutta asenteeltaan suuri. Ekologinen 10 x v\u00e4kev\u00e4mpi tiiviste. Laimenna suihkepulloon sankoon tai k\u00e4yt\u00e4 raakana. Siis todellakin t\u00e4ynn\u00e4 kasvipohjaista puhdistustehoa. Tuoksuna Refreshing &#8211; lootuksen kukka + salvia.<\/p>\n<\/div>\n<\/div>\n<ul>\n<li>Ei el\u00e4inkokeita<\/li>\n<li>Ei el\u00e4inper\u00e4isi\u00e4 raaka-aineita<\/li>\n<li>Leaping Bunny -sertifikaatti<\/li>\n<\/ul>\n","protected":false},"excerpt":{"rendered":"<p>Method-paketti joulun aikaan<\/p>\n<p>Sis\u00e4lt\u00e4\u00e4 viisi tuotetta:<\/p>\n<ul>\n<li>Method Yleispuhdistussuihke Pink Grapefruit 828ml<\/li>\n<li>Method Nestesaippua Pink Grapefruit 354ml<\/li>\n<li>Method Astianpesuaine Green tea + Citrus 532ml<\/li>\n<li>Method Suihkusaippua Pure Peace 532ml<\/li>\n<li>Method Yleispuhdistustiiviste Refreshing 240ml<\/li>\n<\/ul>\n","protected":false},"featured_media":5117,"template":"","meta":{"inline_featured_image":false},"product_brand":[],"product_cat":[51,17,20,19,427,49,56,338],"product_tag":[],"class_list":{"0":"post-5116","1":"product","2":"type-product","3":"status-publish","4":"has-post-thumbnail","6":"product_cat-kasienpesu","7":"product_cat-method","8":"product_cat-method-kasienpesu","9":"product_cat-method-siivous","10":"product_cat-method-tuotepaketit","11":"product_cat-siivous","12":"product_cat-tuotepaketit","13":"product_cat-vartalonhoito","15":"first","16":"instock","17":"featured","18":"taxable","19":"shipping-taxable","20":"purchasable","21":"product-type-simple"},"yoast_head":"<!-- This site is optimized with the Yoast SEO Premium plugin v26.8 (Yoast SEO v27.4) - https:\/\/yoast.com\/product\/yoast-seo-premium-wordpress\/ -->\n<title>Method-paketti joulun aikaan - Shop Eettinen Luksus<\/title>\n<meta name=\"description\" content=\"Method-paketti joulun aikaan: nestesaippua, astianpesuaine, yleispuhdistussuihke, suihkusaippua, yleispuhdistustiiviste\" \/>\n<meta name=\"robots\" content=\"index, follow, max-snippet:-1, max-image-preview:large, max-video-preview:-1\" \/>\n<link rel=\"canonical\" href=\"https:\/\/eettinenluksus.fi\/shop\/tuote\/method-paketti-joulun-aikaan\/\" \/>\n<meta property=\"og:locale\" content=\"fi_FI\" \/>\n<meta property=\"og:type\" content=\"article\" \/>\n<meta property=\"og:title\" content=\"Method-paketti joulun aikaan\" \/>\n<meta property=\"og:description\" content=\"Method-paketti joulun aikaan: nestesaippua, astianpesuaine, yleispuhdistussuihke, suihkusaippua, yleispuhdistustiiviste\" \/>\n<meta property=\"og:url\" content=\"https:\/\/eettinenluksus.fi\/shop\/tuote\/method-paketti-joulun-aikaan\/\" \/>\n<meta property=\"og:site_name\" content=\"Shop Eettinen Luksus\" \/>\n<meta property=\"article:publisher\" content=\"https:\/\/www.facebook.com\/eettinenluksus\" \/>\n<meta property=\"article:modified_time\" content=\"2026-01-22T09:20:55+00:00\" \/>\n<meta property=\"og:image\" content=\"https:\/\/eettinenluksus.fi\/shop\/wp-content\/uploads\/sites\/4\/2025\/10\/Cityshoppari-joulu-2025-866x866px-kuva.webp\" \/>\n\t<meta property=\"og:image:width\" content=\"1155\" \/>\n\t<meta property=\"og:image:height\" content=\"1155\" \/>\n\t<meta property=\"og:image:type\" content=\"image\/webp\" \/>\n<meta name=\"twitter:card\" content=\"summary_large_image\" \/>\n<meta name=\"twitter:label1\" content=\"Hinta\" \/>\n\t<meta name=\"twitter:data1\" content=\"43,00&nbsp;&euro;\" \/>\n\t<meta name=\"twitter:label2\" content=\"Saatavuus\" \/>\n\t<meta name=\"twitter:data2\" content=\"Varastossa\" \/>\n<script type=\"application\/ld+json\" class=\"yoast-schema-graph\">{\"@context\":\"https:\\\/\\\/schema.org\",\"@graph\":[{\"@type\":\"WebPage\",\"@id\":\"https:\\\/\\\/eettinenluksus.fi\\\/shop\\\/tuote\\\/method-paketti-joulun-aikaan\\\/\",\"url\":\"https:\\\/\\\/eettinenluksus.fi\\\/shop\\\/tuote\\\/method-paketti-joulun-aikaan\\\/\",\"name\":\"Method-paketti joulun aikaan - Shop Eettinen Luksus\",\"isPartOf\":{\"@id\":\"https:\\\/\\\/eettinenluksus.fi\\\/shop\\\/#website\"},\"primaryImageOfPage\":{\"@id\":\"https:\\\/\\\/eettinenluksus.fi\\\/shop\\\/tuote\\\/method-paketti-joulun-aikaan\\\/#primaryimage\"},\"image\":{\"@id\":\"https:\\\/\\\/eettinenluksus.fi\\\/shop\\\/tuote\\\/method-paketti-joulun-aikaan\\\/#primaryimage\"},\"thumbnailUrl\":\"https:\\\/\\\/eettinenluksus.fi\\\/shop\\\/wp-content\\\/uploads\\\/sites\\\/4\\\/2025\\\/10\\\/Cityshoppari-joulu-2025-866x866px-kuva.webp\",\"datePublished\":\"2025-10-20T13:32:45+00:00\",\"dateModified\":\"2026-01-22T09:20:55+00:00\",\"description\":\"Method-paketti joulun aikaan: nestesaippua, astianpesuaine, yleispuhdistussuihke, suihkusaippua, yleispuhdistustiiviste\",\"breadcrumb\":{\"@id\":\"https:\\\/\\\/eettinenluksus.fi\\\/shop\\\/tuote\\\/method-paketti-joulun-aikaan\\\/#breadcrumb\"},\"inLanguage\":\"fi\",\"potentialAction\":[{\"@type\":\"ReadAction\",\"target\":[\"https:\\\/\\\/eettinenluksus.fi\\\/shop\\\/tuote\\\/method-paketti-joulun-aikaan\\\/\"]}]},{\"@type\":\"ImageObject\",\"inLanguage\":\"fi\",\"@id\":\"https:\\\/\\\/eettinenluksus.fi\\\/shop\\\/tuote\\\/method-paketti-joulun-aikaan\\\/#primaryimage\",\"url\":\"https:\\\/\\\/eettinenluksus.fi\\\/shop\\\/wp-content\\\/uploads\\\/sites\\\/4\\\/2025\\\/10\\\/Cityshoppari-joulu-2025-866x866px-kuva.webp\",\"contentUrl\":\"https:\\\/\\\/eettinenluksus.fi\\\/shop\\\/wp-content\\\/uploads\\\/sites\\\/4\\\/2025\\\/10\\\/Cityshoppari-joulu-2025-866x866px-kuva.webp\",\"width\":1155,\"height\":1155,\"caption\":\"Method-paketti jouluun 2025\"},{\"@type\":\"BreadcrumbList\",\"@id\":\"https:\\\/\\\/eettinenluksus.fi\\\/shop\\\/tuote\\\/method-paketti-joulun-aikaan\\\/#breadcrumb\",\"itemListElement\":[{\"@type\":\"ListItem\",\"position\":1,\"name\":\"Etusivu\",\"item\":\"https:\\\/\\\/eettinenluksus.fi\\\/shop\\\/\"},{\"@type\":\"ListItem\",\"position\":2,\"name\":\"Kauppa\",\"item\":\"https:\\\/\\\/eettinenluksus.fi\\\/shop\\\/en\\\/kauppa\\\/\"},{\"@type\":\"ListItem\",\"position\":3,\"name\":\"Method-paketti joulun aikaan\"}]},{\"@type\":\"WebSite\",\"@id\":\"https:\\\/\\\/eettinenluksus.fi\\\/shop\\\/#website\",\"url\":\"https:\\\/\\\/eettinenluksus.fi\\\/shop\\\/\",\"name\":\"Shop Eettinen Luksus\",\"description\":\"Uusi verkkokauppa\",\"publisher\":{\"@id\":\"https:\\\/\\\/eettinenluksus.fi\\\/shop\\\/#organization\"},\"potentialAction\":[{\"@type\":\"SearchAction\",\"target\":{\"@type\":\"EntryPoint\",\"urlTemplate\":\"https:\\\/\\\/eettinenluksus.fi\\\/shop\\\/?s={search_term_string}\"},\"query-input\":{\"@type\":\"PropertyValueSpecification\",\"valueRequired\":true,\"valueName\":\"search_term_string\"}}],\"inLanguage\":\"fi\"},{\"@type\":\"Organization\",\"@id\":\"https:\\\/\\\/eettinenluksus.fi\\\/shop\\\/#organization\",\"name\":\"Shop Eettinen Luksus\",\"url\":\"https:\\\/\\\/eettinenluksus.fi\\\/shop\\\/\",\"logo\":{\"@type\":\"ImageObject\",\"inLanguage\":\"fi\",\"@id\":\"https:\\\/\\\/eettinenluksus.fi\\\/shop\\\/#\\\/schema\\\/logo\\\/image\\\/\",\"url\":\"https:\\\/\\\/eettinenluksus.fi\\\/shop\\\/wp-content\\\/uploads\\\/sites\\\/4\\\/1664\\\/37\\\/cropped-ELO.jpg\",\"contentUrl\":\"https:\\\/\\\/eettinenluksus.fi\\\/shop\\\/wp-content\\\/uploads\\\/sites\\\/4\\\/1664\\\/37\\\/cropped-ELO.jpg\",\"width\":810,\"height\":350,\"caption\":\"Shop Eettinen Luksus\"},\"image\":{\"@id\":\"https:\\\/\\\/eettinenluksus.fi\\\/shop\\\/#\\\/schema\\\/logo\\\/image\\\/\"},\"sameAs\":[\"https:\\\/\\\/www.facebook.com\\\/eettinenluksus\",\"https:\\\/\\\/www.instagram.com\\\/eettinenluksus\\\/\"]}]}<\/script>\n<meta property=\"product:price:amount\" content=\"43.00\" \/>\n<meta property=\"product:price:currency\" content=\"EUR\" \/>\n<meta property=\"og:availability\" content=\"instock\" \/>\n<meta property=\"product:availability\" content=\"instock\" \/>\n<meta property=\"product:condition\" content=\"new\" \/>\n<!-- \/ Yoast SEO Premium plugin. -->","yoast_head_json":{"title":"Method-paketti joulun aikaan - Shop Eettinen Luksus","description":"Method-paketti joulun aikaan: nestesaippua, astianpesuaine, yleispuhdistussuihke, suihkusaippua, yleispuhdistustiiviste","robots":{"index":"index","follow":"follow","max-snippet":"max-snippet:-1","max-image-preview":"max-image-preview:large","max-video-preview":"max-video-preview:-1"},"canonical":"https:\/\/eettinenluksus.fi\/shop\/tuote\/method-paketti-joulun-aikaan\/","og_locale":"fi_FI","og_type":"article","og_title":"Method-paketti joulun aikaan","og_description":"Method-paketti joulun aikaan: nestesaippua, astianpesuaine, yleispuhdistussuihke, suihkusaippua, yleispuhdistustiiviste","og_url":"https:\/\/eettinenluksus.fi\/shop\/tuote\/method-paketti-joulun-aikaan\/","og_site_name":"Shop Eettinen Luksus","article_publisher":"https:\/\/www.facebook.com\/eettinenluksus","article_modified_time":"2026-01-22T09:20:55+00:00","og_image":[{"width":1155,"height":1155,"url":"https:\/\/eettinenluksus.fi\/shop\/wp-content\/uploads\/sites\/4\/2025\/10\/Cityshoppari-joulu-2025-866x866px-kuva.webp","type":"image\/webp"}],"twitter_card":"summary_large_image","twitter_misc":{"Hinta":"43,00&nbsp;&euro;","Saatavuus":"Varastossa"},"schema":{"@context":"https:\/\/schema.org","@graph":[{"@type":"WebPage","@id":"https:\/\/eettinenluksus.fi\/shop\/tuote\/method-paketti-joulun-aikaan\/","url":"https:\/\/eettinenluksus.fi\/shop\/tuote\/method-paketti-joulun-aikaan\/","name":"Method-paketti joulun aikaan - Shop Eettinen Luksus","isPartOf":{"@id":"https:\/\/eettinenluksus.fi\/shop\/#website"},"primaryImageOfPage":{"@id":"https:\/\/eettinenluksus.fi\/shop\/tuote\/method-paketti-joulun-aikaan\/#primaryimage"},"image":{"@id":"https:\/\/eettinenluksus.fi\/shop\/tuote\/method-paketti-joulun-aikaan\/#primaryimage"},"thumbnailUrl":"https:\/\/eettinenluksus.fi\/shop\/wp-content\/uploads\/sites\/4\/2025\/10\/Cityshoppari-joulu-2025-866x866px-kuva.webp","datePublished":"2025-10-20T13:32:45+00:00","dateModified":"2026-01-22T09:20:55+00:00","description":"Method-paketti joulun aikaan: nestesaippua, astianpesuaine, yleispuhdistussuihke, suihkusaippua, yleispuhdistustiiviste","breadcrumb":{"@id":"https:\/\/eettinenluksus.fi\/shop\/tuote\/method-paketti-joulun-aikaan\/#breadcrumb"},"inLanguage":"fi","potentialAction":[{"@type":"ReadAction","target":["https:\/\/eettinenluksus.fi\/shop\/tuote\/method-paketti-joulun-aikaan\/"]}]},{"@type":"ImageObject","inLanguage":"fi","@id":"https:\/\/eettinenluksus.fi\/shop\/tuote\/method-paketti-joulun-aikaan\/#primaryimage","url":"https:\/\/eettinenluksus.fi\/shop\/wp-content\/uploads\/sites\/4\/2025\/10\/Cityshoppari-joulu-2025-866x866px-kuva.webp","contentUrl":"https:\/\/eettinenluksus.fi\/shop\/wp-content\/uploads\/sites\/4\/2025\/10\/Cityshoppari-joulu-2025-866x866px-kuva.webp","width":1155,"height":1155,"caption":"Method-paketti jouluun 2025"},{"@type":"BreadcrumbList","@id":"https:\/\/eettinenluksus.fi\/shop\/tuote\/method-paketti-joulun-aikaan\/#breadcrumb","itemListElement":[{"@type":"ListItem","position":1,"name":"Etusivu","item":"https:\/\/eettinenluksus.fi\/shop\/"},{"@type":"ListItem","position":2,"name":"Kauppa","item":"https:\/\/eettinenluksus.fi\/shop\/en\/kauppa\/"},{"@type":"ListItem","position":3,"name":"Method-paketti joulun aikaan"}]},{"@type":"WebSite","@id":"https:\/\/eettinenluksus.fi\/shop\/#website","url":"https:\/\/eettinenluksus.fi\/shop\/","name":"Shop Eettinen Luksus","description":"Uusi verkkokauppa","publisher":{"@id":"https:\/\/eettinenluksus.fi\/shop\/#organization"},"potentialAction":[{"@type":"SearchAction","target":{"@type":"EntryPoint","urlTemplate":"https:\/\/eettinenluksus.fi\/shop\/?s={search_term_string}"},"query-input":{"@type":"PropertyValueSpecification","valueRequired":true,"valueName":"search_term_string"}}],"inLanguage":"fi"},{"@type":"Organization","@id":"https:\/\/eettinenluksus.fi\/shop\/#organization","name":"Shop Eettinen Luksus","url":"https:\/\/eettinenluksus.fi\/shop\/","logo":{"@type":"ImageObject","inLanguage":"fi","@id":"https:\/\/eettinenluksus.fi\/shop\/#\/schema\/logo\/image\/","url":"https:\/\/eettinenluksus.fi\/shop\/wp-content\/uploads\/sites\/4\/1664\/37\/cropped-ELO.jpg","contentUrl":"https:\/\/eettinenluksus.fi\/shop\/wp-content\/uploads\/sites\/4\/1664\/37\/cropped-ELO.jpg","width":810,"height":350,"caption":"Shop Eettinen Luksus"},"image":{"@id":"https:\/\/eettinenluksus.fi\/shop\/#\/schema\/logo\/image\/"},"sameAs":["https:\/\/www.facebook.com\/eettinenluksus","https:\/\/www.instagram.com\/eettinenluksus\/"]}]},"product_price_amount":"43.00","product_price_currency":"EUR","og_availability":"instock","product_availability":"instock","product_condition":"new"},"_links":{"self":[{"href":"https:\/\/eettinenluksus.fi\/shop\/wp-json\/wp\/v2\/product\/5116","targetHints":{"allow":["GET"]}}],"collection":[{"href":"https:\/\/eettinenluksus.fi\/shop\/wp-json\/wp\/v2\/product"}],"about":[{"href":"https:\/\/eettinenluksus.fi\/shop\/wp-json\/wp\/v2\/types\/product"}],"version-history":[{"count":5,"href":"https:\/\/eettinenluksus.fi\/shop\/wp-json\/wp\/v2\/product\/5116\/revisions"}],"predecessor-version":[{"id":5304,"href":"https:\/\/eettinenluksus.fi\/shop\/wp-json\/wp\/v2\/product\/5116\/revisions\/5304"}],"wp:featuredmedia":[{"embeddable":true,"href":"https:\/\/eettinenluksus.fi\/shop\/wp-json\/wp\/v2\/media\/5117"}],"wp:attachment":[{"href":"https:\/\/eettinenluksus.fi\/shop\/wp-json\/wp\/v2\/media?parent=5116"}],"wp:term":[{"taxonomy":"product_brand","embeddable":true,"href":"https:\/\/eettinenluksus.fi\/shop\/wp-json\/wp\/v2\/product_brand?post=5116"},{"taxonomy":"product_cat","embeddable":true,"href":"https:\/\/eettinenluksus.fi\/shop\/wp-json\/wp\/v2\/product_cat?post=5116"},{"taxonomy":"product_tag","embeddable":true,"href":"https:\/\/eettinenluksus.fi\/shop\/wp-json\/wp\/v2\/product_tag?post=5116"}],"curies":[{"name":"wp","href":"https:\/\/api.w.org\/{rel}","templated":true}]}}