{"id":511,"date":"2022-10-06T14:25:39","date_gmt":"2022-10-06T11:25:39","guid":{"rendered":"https:\/\/eettinenluksus.fi\/shop2022\/?post_type=product&#038;p=511"},"modified":"2024-09-20T13:29:21","modified_gmt":"2024-09-20T10:29:21","slug":"mreco-hankausliina-vahva-15x13cm-2kpl","status":"publish","type":"product","link":"https:\/\/eettinenluksus.fi\/shop\/tuote\/mreco-hankausliina-vahva-15x13cm-2kpl\/","title":{"rendered":"MrEco Hankausliina vahva 15x13cm 2kpl"},"content":{"rendered":"<p style=\"font-size:0px;\">Val\u00admis\u00adtettu kier\u00adr\u00e4\u00adte\u00adtyis\u00adt\u00e4 sisal- ja PET-\u00adkuiduista. Puh\u00addis\u00adtaa vai\u00adkeim\u00adman\u00adkin lian vauri\u00adoit\u00adta\u00admatta pintoja. MrEco Hankausliina vahva 15x13cm<\/p>\n<p>MrEco Hankausliina on monik\u00e4ytt\u00f6inen ja kest\u00e4v\u00e4 hankausliina on val\u00admis\u00adtettu kier\u00adr\u00e4\u00adte\u00adtyis\u00adt\u00e4 sisal- ja PET-\u00adkuiduista. Puh\u00addis\u00adtaa vai\u00adkeim\u00adman\u00adkin lian vauri\u00adoit\u00adta\u00admatta pintoja. Eritt\u00e4in kest\u00e4v\u00e4, ei j\u00e4t\u00e4 j\u00e4\u00e4mi\u00e4. Ihanteellinen valinta keitti\u00f6\u00f6n ja kylpyhuoneeseen.<\/p>\n<p>Lue lis&auml;&auml; <a href=\"https:\/\/eettinenluksus.fi\/mreco\" target=\"_blank\" rel=\"noopener noreferrer\">eettinenluksus.fi\/mreco<\/a><\/p>\n<p style=\"font-size:0px;\"><a href=\"https:\/\/onxon.fi\/\"><span style=\"font-size:0px;\">&#8211;<\/span><\/a> MrEco Hankausliina Sisal-kuitu, PET-kuitu, monik\u00e4ytt\u00f6inen, hankausliina, ekologinen, ymp\u00e4rist\u00f6yst\u00e4v\u00e4llinen, keitti\u00f6, ekologinen, ymp\u00e4rist\u00f6yst\u00e4v\u00e4llinen, kylpyhuone, hankausliina. Sisal-kuitu, PET-kuitu, monik\u00e4ytt\u00f6inen, hankausliina, ekologinen, ymp\u00e4rist\u00f6yst\u00e4v\u00e4llinen, keitti\u00f6, kylpyhuone, hankausliina. Sisal-kuitu, PET-kuitu, monik\u00e4ytt\u00f6inen, hankausliina, ekologinen, ymp\u00e4rist\u00f6yst\u00e4v\u00e4llinen, keitti\u00f6, kylpyhuone, hankausliina. Sisal-kuitu, PET-kuitu, monik\u00e4ytt\u00f6inen, hankausliina, ekologinen, ymp\u00e4rist\u00f6yst\u00e4v\u00e4llinen, keitti\u00f6, kylpyhuone, hankausliina. Sisal-kuitu, PET-kuitu, ekologinen, ymp\u00e4rist\u00f6yst\u00e4v\u00e4llinen, monik\u00e4ytt\u00f6inen, hankausliina, ekologinen, ymp\u00e4rist\u00f6yst\u00e4v\u00e4llinen, keitti\u00f6, kylpyhuone, hankausliina. Sisal-kuitu, PET-kuitu, monik\u00e4ytt\u00f6inen, Sisal-kuitu, PET-kuitu, ekologinen, ymp\u00e4rist\u00f6yst\u00e4v\u00e4llinen, keitti\u00f6, kylpyhuone, hankausliina. Sisal-kuitu, PET-kuitu, monik\u00e4ytt\u00f6inen, hankausliina, ekologinen, ymp\u00e4rist\u00f6yst\u00e4v\u00e4llinen, keitti\u00f6, kylpyhuone, hankausliina. <a href=\"https:\/\/www.facebook.com\/eettinenluksus\/\"><span style=\"font-size:0px;\">&#8211;<\/span><\/a><a href=\"https:\/\/www.instagram.com\/eettinenluksus\/\"><span style=\"font-size:0px;\">&#8211;<\/span><\/a><\/p>\n<ul style=\"font-size:0px;\">\n<li>hankausliina<\/li>\n<li>ymp\u00e4rist\u00f6yst\u00e4v\u00e4llinen<\/li>\n<li>sisal-kuitu<\/li>\n<li>PET-kuitu<\/li>\n<\/ul>\n<h2 style=\"font-size:0px;\">MrEco Hankausliina vahva 15x13cm 2kpl<\/h2>\n<p style=\"font-size:0px;\">MrEco Hankausliina vahva 15x13cm 2kpl. Sisal-kuitu, PET-kuitu, monik\u00e4ytt\u00f6inen, hankausliina, ekologinen, ymp\u00e4rist\u00f6yst\u00e4v\u00e4llinen, keitti\u00f6, kylpyhuone, hankausliina. Sisal-kuitu, PET-kuitu, monik\u00e4ytt\u00f6inen, Sisal-kuitu, PET-kuitu, ekologinen, ymp\u00e4rist\u00f6yst\u00e4v\u00e4llinen, keitti\u00f6, kylpyhuone, hankausliina. Sisal-kuitu, PET-kuitu, monik\u00e4ytt\u00f6inen, hankausliina, ekologinen, ymp\u00e4rist\u00f6yst\u00e4v\u00e4llinen, keitti\u00f6, kylpyhuone, hankausliina. Sisal-kuitu, PET-kuitu, monik\u00e4ytt\u00f6inen, hankausliina, ekologinen, ymp\u00e4rist\u00f6yst\u00e4v\u00e4llinen, keitti\u00f6, kylpyhuone, hankausliina. Sisal-kuitu, PET-kuitu, ekologinen, ymp\u00e4rist\u00f6yst\u00e4v\u00e4llinen, monik\u00e4ytt\u00f6inen, hankausliina, ekologinen, ymp\u00e4rist\u00f6yst\u00e4v\u00e4llinen, keitti\u00f6, kylpyhuone, hankausliina. Sisal-kuitu, PET-kuitu, monik\u00e4ytt\u00f6inen, Sisal-kuitu, PET-kuitu, ekologinen, ymp\u00e4rist\u00f6yst\u00e4v\u00e4llinen, keitti\u00f6, kylpyhuone, hankausliina. Sisal-kuitu, PET-kuitu, monik\u00e4ytt\u00f6inen, hankausliina, ekologinen, ymp\u00e4rist\u00f6yst\u00e4v\u00e4llinen, keitti\u00f6, ekologinen, ymp\u00e4rist\u00f6yst\u00e4v\u00e4llinen, kylpyhuone, hankausliina.<\/p>\n<p style=\"font-size:0px;\">Sisal-kuitu, PET-kuitu, monik\u00e4ytt\u00f6inen, hankausliina, ekologinen, ymp\u00e4rist\u00f6yst\u00e4v\u00e4llinen, keitti\u00f6, kylpyhuone, hankausliina. Sisal-kuitu, PET-kuitu, monik\u00e4ytt\u00f6inen, hankausliina, ekologinen, ymp\u00e4rist\u00f6yst\u00e4v\u00e4llinen, keitti\u00f6, kylpyhuone, ekologinen, ymp\u00e4rist\u00f6yst\u00e4v\u00e4llinen, hankausliina. Sisal-kuitu, PET-kuitu, monik\u00e4ytt\u00f6inen, hankausliina, ekologinen, ymp\u00e4rist\u00f6yst\u00e4v\u00e4llinen, keitti\u00f6, kylpyhuone, ekologinen, ymp\u00e4rist\u00f6yst\u00e4v\u00e4llinen, hankausliina. Sisal-kuitu, PET-kuitu, monik\u00e4ytt\u00f6inen, hankausliina, ekologinen, ymp\u00e4rist\u00f6yst\u00e4v\u00e4llinen, keitti\u00f6, kylpyhuone, hankausliina. Sisal-kuitu, PET-kuitu, monik\u00e4ytt\u00f6inen, hankausliina, ekologinen, ymp\u00e4rist\u00f6yst\u00e4v\u00e4llinen, keitti\u00f6, kylpyhuone, hankausliina. Sisal-kuitu, PET-kuitu, monik\u00e4ytt\u00f6inen, Sisal-kuitu, PET-kuitu, ekologinen, ymp\u00e4rist\u00f6yst\u00e4v\u00e4llinen, keitti\u00f6, kylpyhuone, hankausliina.<a href=\"https:\/\/eettinenluksus.fi\/shop\/en\/product\/mreco-hankaussieni-2-puol-karkea-10x7cm-2kpl\/\"><span style=\"font-size:0px;\">&#8211;<\/span><\/a><a href=\"https:\/\/eettinenluksus.fi\/shop\/tuote\/method-astianpesuaine-citrus-green-tea-532ml\/\"><span style=\"font-size:0px;\">&#8211;<\/span><\/a><a href=\"https:\/\/eettinenluksus.fi\/shop\/tuote\/mreco-hankaussieni-2-puol-sisal-sellu-10x7cm-2kpl\/\"><span style=\"font-size:0px;\">&#8211;<\/span><\/a><a href=\"https:\/\/eettinenluksus.fi\/shop\/tuote\/method-kylpyhuonepuhdistussuihke-eucalyptusmint-828ml\/\"><span style=\"font-size:0px;\">&#8211;<\/span><\/a><a href=\"https:\/\/eettinenluksus.fi\/shop\/tuote\/mreco-kitchen-care-tuotepaketti\/\"><span style=\"font-size:0px;\">&#8211;<\/span><\/a><a href=\"https:\/\/eettinenluksus.fi\/shop\/tuote\/mreco-luffahankain-keittioon-12x8cm\/\"><span style=\"font-size:0px;\">&#8211;<\/span><\/a><\/p>\n","protected":false},"excerpt":{"rendered":"<p>Kierr\u00e4tetyist\u00e4 sisal- ja PET-kuiduista valmistettu hankausliina<\/p>\n<p>Puhdistaa vaikeimmankin lian vaurioittamatta pintoja<\/p>\n<p>Eritt\u00e4in kest\u00e4v\u00e4, ei j\u00e4t\u00e4 j\u00e4\u00e4mi\u00e4<\/p>\n<p style=\"font-size:0px;\">MrEco Hankausliina, ekologinen, ymp\u00e4rist\u00f6yst\u00e4v\u00e4llinen<\/p>\n","protected":false},"featured_media":4105,"template":"","meta":{"inline_featured_image":false},"product_brand":[],"product_cat":[48,33,36],"product_tag":[166,70,80,227,64,88],"class_list":{"0":"post-511","1":"product","2":"type-product","3":"status-publish","4":"has-post-thumbnail","6":"product_cat-astianpesu","7":"product_cat-mreco","8":"product_cat-mreco-astianpesu","9":"product_tag-astianpesu","10":"product_tag-ekologinen","11":"product_tag-hankaus","12":"product_tag-hankausliina","13":"product_tag-mreco","14":"product_tag-siivous","16":"first","17":"instock","18":"taxable","19":"shipping-taxable","20":"purchasable","21":"product-type-simple"},"yoast_head":"<!-- This site is optimized with the Yoast SEO Premium plugin v26.8 (Yoast SEO v27.4) - https:\/\/yoast.com\/product\/yoast-seo-premium-wordpress\/ -->\n<title>MrEco Hankausliina vahva 15x13cm 2kpl - Shop Eettinen Luksus<\/title>\n<meta name=\"description\" content=\"Val\u00admis\u00adtettu kier\u00adr\u00e4\u00adte\u00adtyis\u00adt\u00e4 sisal- ja PET-\u00adkuiduista. Puh\u00addis\u00adtaa vai\u00adkeim\u00adman\u00adkin lian vauri\u00adoit\u00adta\u00admatta pintoja. MrEco Hankausliina vahva 15x13cm\" \/>\n<meta name=\"robots\" content=\"index, follow, max-snippet:-1, max-image-preview:large, max-video-preview:-1\" \/>\n<link rel=\"canonical\" href=\"https:\/\/eettinenluksus.fi\/shop\/tuote\/mreco-hankausliina-vahva-15x13cm-2kpl\/\" \/>\n<meta property=\"og:locale\" content=\"fi_FI\" \/>\n<meta property=\"og:type\" content=\"article\" \/>\n<meta property=\"og:title\" content=\"MrEco Hankausliina vahva 15x13cm 2kpl\" \/>\n<meta property=\"og:description\" content=\"Val\u00admis\u00adtettu kier\u00adr\u00e4\u00adte\u00adtyis\u00adt\u00e4 sisal- ja PET-\u00adkuiduista. Puh\u00addis\u00adtaa vai\u00adkeim\u00adman\u00adkin lian vauri\u00adoit\u00adta\u00admatta pintoja. MrEco Hankausliina vahva 15x13cm\" \/>\n<meta property=\"og:url\" content=\"https:\/\/eettinenluksus.fi\/shop\/tuote\/mreco-hankausliina-vahva-15x13cm-2kpl\/\" \/>\n<meta property=\"og:site_name\" content=\"Shop Eettinen Luksus\" \/>\n<meta property=\"article:publisher\" content=\"https:\/\/www.facebook.com\/eettinenluksus\" \/>\n<meta property=\"article:modified_time\" content=\"2024-09-20T10:29:21+00:00\" \/>\n<meta property=\"og:image\" content=\"https:\/\/eettinenluksus.fi\/shop\/wp-content\/uploads\/sites\/4\/1726\/28\/MrEco-Hankausliina-vahva-nelio.jpg\" \/>\n\t<meta property=\"og:image:width\" content=\"1045\" \/>\n\t<meta property=\"og:image:height\" content=\"1045\" \/>\n\t<meta property=\"og:image:type\" content=\"image\/jpeg\" \/>\n<meta name=\"twitter:card\" content=\"summary_large_image\" \/>\n<meta name=\"twitter:label1\" content=\"Hinta\" \/>\n\t<meta name=\"twitter:data1\" content=\"2,35&nbsp;&euro;\" \/>\n\t<meta name=\"twitter:label2\" content=\"Saatavuus\" \/>\n\t<meta name=\"twitter:data2\" content=\"Varastossa\" \/>\n<script type=\"application\/ld+json\" class=\"yoast-schema-graph\">{\"@context\":\"https:\\\/\\\/schema.org\",\"@graph\":[{\"@type\":\"WebPage\",\"@id\":\"https:\\\/\\\/eettinenluksus.fi\\\/shop\\\/tuote\\\/mreco-hankausliina-vahva-15x13cm-2kpl\\\/\",\"url\":\"https:\\\/\\\/eettinenluksus.fi\\\/shop\\\/tuote\\\/mreco-hankausliina-vahva-15x13cm-2kpl\\\/\",\"name\":\"MrEco Hankausliina vahva 15x13cm 2kpl - Shop Eettinen Luksus\",\"isPartOf\":{\"@id\":\"https:\\\/\\\/eettinenluksus.fi\\\/shop\\\/#website\"},\"primaryImageOfPage\":{\"@id\":\"https:\\\/\\\/eettinenluksus.fi\\\/shop\\\/tuote\\\/mreco-hankausliina-vahva-15x13cm-2kpl\\\/#primaryimage\"},\"image\":{\"@id\":\"https:\\\/\\\/eettinenluksus.fi\\\/shop\\\/tuote\\\/mreco-hankausliina-vahva-15x13cm-2kpl\\\/#primaryimage\"},\"thumbnailUrl\":\"https:\\\/\\\/eettinenluksus.fi\\\/shop\\\/wp-content\\\/uploads\\\/sites\\\/4\\\/1726\\\/28\\\/MrEco-Hankausliina-vahva-nelio.jpg\",\"datePublished\":\"2022-10-06T11:25:39+00:00\",\"dateModified\":\"2024-09-20T10:29:21+00:00\",\"description\":\"Val\u00admis\u00adtettu kier\u00adr\u00e4\u00adte\u00adtyis\u00adt\u00e4 sisal- ja PET-\u00adkuiduista. Puh\u00addis\u00adtaa vai\u00adkeim\u00adman\u00adkin lian vauri\u00adoit\u00adta\u00admatta pintoja. MrEco Hankausliina vahva 15x13cm\",\"breadcrumb\":{\"@id\":\"https:\\\/\\\/eettinenluksus.fi\\\/shop\\\/tuote\\\/mreco-hankausliina-vahva-15x13cm-2kpl\\\/#breadcrumb\"},\"inLanguage\":\"fi\",\"potentialAction\":[{\"@type\":\"ReadAction\",\"target\":[\"https:\\\/\\\/eettinenluksus.fi\\\/shop\\\/tuote\\\/mreco-hankausliina-vahva-15x13cm-2kpl\\\/\"]}]},{\"@type\":\"ImageObject\",\"inLanguage\":\"fi\",\"@id\":\"https:\\\/\\\/eettinenluksus.fi\\\/shop\\\/tuote\\\/mreco-hankausliina-vahva-15x13cm-2kpl\\\/#primaryimage\",\"url\":\"https:\\\/\\\/eettinenluksus.fi\\\/shop\\\/wp-content\\\/uploads\\\/sites\\\/4\\\/1726\\\/28\\\/MrEco-Hankausliina-vahva-nelio.jpg\",\"contentUrl\":\"https:\\\/\\\/eettinenluksus.fi\\\/shop\\\/wp-content\\\/uploads\\\/sites\\\/4\\\/1726\\\/28\\\/MrEco-Hankausliina-vahva-nelio.jpg\",\"width\":1045,\"height\":1045,\"caption\":\"MrEco Hankausliina vahva\"},{\"@type\":\"BreadcrumbList\",\"@id\":\"https:\\\/\\\/eettinenluksus.fi\\\/shop\\\/tuote\\\/mreco-hankausliina-vahva-15x13cm-2kpl\\\/#breadcrumb\",\"itemListElement\":[{\"@type\":\"ListItem\",\"position\":1,\"name\":\"Etusivu\",\"item\":\"https:\\\/\\\/eettinenluksus.fi\\\/shop\\\/\"},{\"@type\":\"ListItem\",\"position\":2,\"name\":\"Kauppa\",\"item\":\"https:\\\/\\\/eettinenluksus.fi\\\/shop\\\/en\\\/kauppa\\\/\"},{\"@type\":\"ListItem\",\"position\":3,\"name\":\"MrEco Hankausliina vahva 15x13cm 2kpl\"}]},{\"@type\":\"WebSite\",\"@id\":\"https:\\\/\\\/eettinenluksus.fi\\\/shop\\\/#website\",\"url\":\"https:\\\/\\\/eettinenluksus.fi\\\/shop\\\/\",\"name\":\"Shop Eettinen Luksus\",\"description\":\"Uusi verkkokauppa\",\"publisher\":{\"@id\":\"https:\\\/\\\/eettinenluksus.fi\\\/shop\\\/#organization\"},\"potentialAction\":[{\"@type\":\"SearchAction\",\"target\":{\"@type\":\"EntryPoint\",\"urlTemplate\":\"https:\\\/\\\/eettinenluksus.fi\\\/shop\\\/?s={search_term_string}\"},\"query-input\":{\"@type\":\"PropertyValueSpecification\",\"valueRequired\":true,\"valueName\":\"search_term_string\"}}],\"inLanguage\":\"fi\"},{\"@type\":\"Organization\",\"@id\":\"https:\\\/\\\/eettinenluksus.fi\\\/shop\\\/#organization\",\"name\":\"Shop Eettinen Luksus\",\"url\":\"https:\\\/\\\/eettinenluksus.fi\\\/shop\\\/\",\"logo\":{\"@type\":\"ImageObject\",\"inLanguage\":\"fi\",\"@id\":\"https:\\\/\\\/eettinenluksus.fi\\\/shop\\\/#\\\/schema\\\/logo\\\/image\\\/\",\"url\":\"https:\\\/\\\/eettinenluksus.fi\\\/shop\\\/wp-content\\\/uploads\\\/sites\\\/4\\\/1664\\\/37\\\/cropped-ELO.jpg\",\"contentUrl\":\"https:\\\/\\\/eettinenluksus.fi\\\/shop\\\/wp-content\\\/uploads\\\/sites\\\/4\\\/1664\\\/37\\\/cropped-ELO.jpg\",\"width\":810,\"height\":350,\"caption\":\"Shop Eettinen Luksus\"},\"image\":{\"@id\":\"https:\\\/\\\/eettinenluksus.fi\\\/shop\\\/#\\\/schema\\\/logo\\\/image\\\/\"},\"sameAs\":[\"https:\\\/\\\/www.facebook.com\\\/eettinenluksus\",\"https:\\\/\\\/www.instagram.com\\\/eettinenluksus\\\/\"]}]}<\/script>\n<meta property=\"product:price:amount\" content=\"2.35\" \/>\n<meta property=\"product:price:currency\" content=\"EUR\" \/>\n<meta property=\"og:availability\" content=\"instock\" \/>\n<meta property=\"product:availability\" content=\"instock\" \/>\n<meta property=\"product:retailer_item_id\" content=\"7205MRE\" \/>\n<meta property=\"product:condition\" content=\"new\" \/>\n<!-- \/ Yoast SEO Premium plugin. -->","yoast_head_json":{"title":"MrEco Hankausliina vahva 15x13cm 2kpl - Shop Eettinen Luksus","description":"Val\u00admis\u00adtettu kier\u00adr\u00e4\u00adte\u00adtyis\u00adt\u00e4 sisal- ja PET-\u00adkuiduista. Puh\u00addis\u00adtaa vai\u00adkeim\u00adman\u00adkin lian vauri\u00adoit\u00adta\u00admatta pintoja. MrEco Hankausliina vahva 15x13cm","robots":{"index":"index","follow":"follow","max-snippet":"max-snippet:-1","max-image-preview":"max-image-preview:large","max-video-preview":"max-video-preview:-1"},"canonical":"https:\/\/eettinenluksus.fi\/shop\/tuote\/mreco-hankausliina-vahva-15x13cm-2kpl\/","og_locale":"fi_FI","og_type":"article","og_title":"MrEco Hankausliina vahva 15x13cm 2kpl","og_description":"Val\u00admis\u00adtettu kier\u00adr\u00e4\u00adte\u00adtyis\u00adt\u00e4 sisal- ja PET-\u00adkuiduista. Puh\u00addis\u00adtaa vai\u00adkeim\u00adman\u00adkin lian vauri\u00adoit\u00adta\u00admatta pintoja. MrEco Hankausliina vahva 15x13cm","og_url":"https:\/\/eettinenluksus.fi\/shop\/tuote\/mreco-hankausliina-vahva-15x13cm-2kpl\/","og_site_name":"Shop Eettinen Luksus","article_publisher":"https:\/\/www.facebook.com\/eettinenluksus","article_modified_time":"2024-09-20T10:29:21+00:00","og_image":[{"width":1045,"height":1045,"url":"https:\/\/eettinenluksus.fi\/shop\/wp-content\/uploads\/sites\/4\/1726\/28\/MrEco-Hankausliina-vahva-nelio.jpg","type":"image\/jpeg"}],"twitter_card":"summary_large_image","twitter_misc":{"Hinta":"2,35&nbsp;&euro;","Saatavuus":"Varastossa"},"schema":{"@context":"https:\/\/schema.org","@graph":[{"@type":"WebPage","@id":"https:\/\/eettinenluksus.fi\/shop\/tuote\/mreco-hankausliina-vahva-15x13cm-2kpl\/","url":"https:\/\/eettinenluksus.fi\/shop\/tuote\/mreco-hankausliina-vahva-15x13cm-2kpl\/","name":"MrEco Hankausliina vahva 15x13cm 2kpl - Shop Eettinen Luksus","isPartOf":{"@id":"https:\/\/eettinenluksus.fi\/shop\/#website"},"primaryImageOfPage":{"@id":"https:\/\/eettinenluksus.fi\/shop\/tuote\/mreco-hankausliina-vahva-15x13cm-2kpl\/#primaryimage"},"image":{"@id":"https:\/\/eettinenluksus.fi\/shop\/tuote\/mreco-hankausliina-vahva-15x13cm-2kpl\/#primaryimage"},"thumbnailUrl":"https:\/\/eettinenluksus.fi\/shop\/wp-content\/uploads\/sites\/4\/1726\/28\/MrEco-Hankausliina-vahva-nelio.jpg","datePublished":"2022-10-06T11:25:39+00:00","dateModified":"2024-09-20T10:29:21+00:00","description":"Val\u00admis\u00adtettu kier\u00adr\u00e4\u00adte\u00adtyis\u00adt\u00e4 sisal- ja PET-\u00adkuiduista. Puh\u00addis\u00adtaa vai\u00adkeim\u00adman\u00adkin lian vauri\u00adoit\u00adta\u00admatta pintoja. MrEco Hankausliina vahva 15x13cm","breadcrumb":{"@id":"https:\/\/eettinenluksus.fi\/shop\/tuote\/mreco-hankausliina-vahva-15x13cm-2kpl\/#breadcrumb"},"inLanguage":"fi","potentialAction":[{"@type":"ReadAction","target":["https:\/\/eettinenluksus.fi\/shop\/tuote\/mreco-hankausliina-vahva-15x13cm-2kpl\/"]}]},{"@type":"ImageObject","inLanguage":"fi","@id":"https:\/\/eettinenluksus.fi\/shop\/tuote\/mreco-hankausliina-vahva-15x13cm-2kpl\/#primaryimage","url":"https:\/\/eettinenluksus.fi\/shop\/wp-content\/uploads\/sites\/4\/1726\/28\/MrEco-Hankausliina-vahva-nelio.jpg","contentUrl":"https:\/\/eettinenluksus.fi\/shop\/wp-content\/uploads\/sites\/4\/1726\/28\/MrEco-Hankausliina-vahva-nelio.jpg","width":1045,"height":1045,"caption":"MrEco Hankausliina vahva"},{"@type":"BreadcrumbList","@id":"https:\/\/eettinenluksus.fi\/shop\/tuote\/mreco-hankausliina-vahva-15x13cm-2kpl\/#breadcrumb","itemListElement":[{"@type":"ListItem","position":1,"name":"Etusivu","item":"https:\/\/eettinenluksus.fi\/shop\/"},{"@type":"ListItem","position":2,"name":"Kauppa","item":"https:\/\/eettinenluksus.fi\/shop\/en\/kauppa\/"},{"@type":"ListItem","position":3,"name":"MrEco Hankausliina vahva 15x13cm 2kpl"}]},{"@type":"WebSite","@id":"https:\/\/eettinenluksus.fi\/shop\/#website","url":"https:\/\/eettinenluksus.fi\/shop\/","name":"Shop Eettinen Luksus","description":"Uusi verkkokauppa","publisher":{"@id":"https:\/\/eettinenluksus.fi\/shop\/#organization"},"potentialAction":[{"@type":"SearchAction","target":{"@type":"EntryPoint","urlTemplate":"https:\/\/eettinenluksus.fi\/shop\/?s={search_term_string}"},"query-input":{"@type":"PropertyValueSpecification","valueRequired":true,"valueName":"search_term_string"}}],"inLanguage":"fi"},{"@type":"Organization","@id":"https:\/\/eettinenluksus.fi\/shop\/#organization","name":"Shop Eettinen Luksus","url":"https:\/\/eettinenluksus.fi\/shop\/","logo":{"@type":"ImageObject","inLanguage":"fi","@id":"https:\/\/eettinenluksus.fi\/shop\/#\/schema\/logo\/image\/","url":"https:\/\/eettinenluksus.fi\/shop\/wp-content\/uploads\/sites\/4\/1664\/37\/cropped-ELO.jpg","contentUrl":"https:\/\/eettinenluksus.fi\/shop\/wp-content\/uploads\/sites\/4\/1664\/37\/cropped-ELO.jpg","width":810,"height":350,"caption":"Shop Eettinen Luksus"},"image":{"@id":"https:\/\/eettinenluksus.fi\/shop\/#\/schema\/logo\/image\/"},"sameAs":["https:\/\/www.facebook.com\/eettinenluksus","https:\/\/www.instagram.com\/eettinenluksus\/"]}]},"product_price_amount":"2.35","product_price_currency":"EUR","og_availability":"instock","product_availability":"instock","product_retailer_item_id":"7205MRE","product_condition":"new"},"_links":{"self":[{"href":"https:\/\/eettinenluksus.fi\/shop\/wp-json\/wp\/v2\/product\/511","targetHints":{"allow":["GET"]}}],"collection":[{"href":"https:\/\/eettinenluksus.fi\/shop\/wp-json\/wp\/v2\/product"}],"about":[{"href":"https:\/\/eettinenluksus.fi\/shop\/wp-json\/wp\/v2\/types\/product"}],"version-history":[{"count":9,"href":"https:\/\/eettinenluksus.fi\/shop\/wp-json\/wp\/v2\/product\/511\/revisions"}],"predecessor-version":[{"id":2814,"href":"https:\/\/eettinenluksus.fi\/shop\/wp-json\/wp\/v2\/product\/511\/revisions\/2814"}],"wp:featuredmedia":[{"embeddable":true,"href":"https:\/\/eettinenluksus.fi\/shop\/wp-json\/wp\/v2\/media\/4105"}],"wp:attachment":[{"href":"https:\/\/eettinenluksus.fi\/shop\/wp-json\/wp\/v2\/media?parent=511"}],"wp:term":[{"taxonomy":"product_brand","embeddable":true,"href":"https:\/\/eettinenluksus.fi\/shop\/wp-json\/wp\/v2\/product_brand?post=511"},{"taxonomy":"product_cat","embeddable":true,"href":"https:\/\/eettinenluksus.fi\/shop\/wp-json\/wp\/v2\/product_cat?post=511"},{"taxonomy":"product_tag","embeddable":true,"href":"https:\/\/eettinenluksus.fi\/shop\/wp-json\/wp\/v2\/product_tag?post=511"}],"curies":[{"name":"wp","href":"https:\/\/api.w.org\/{rel}","templated":true}]}}