{"id":507,"date":"2022-10-06T14:14:56","date_gmt":"2022-10-06T11:14:56","guid":{"rendered":"https:\/\/eettinenluksus.fi\/shop2022\/?post_type=product&#038;p=507"},"modified":"2024-09-20T13:33:49","modified_gmt":"2024-09-20T10:33:49","slug":"mreco-hankaussieni-2-puol-sisal-sellu-10x7cm-2kpl","status":"publish","type":"product","link":"https:\/\/eettinenluksus.fi\/shop\/tuote\/mreco-hankaussieni-2-puol-sisal-sellu-10x7cm-2kpl\/","title":{"rendered":"MrEco Hankaussieni 2-puol sisal\/sellu 10x7cm 2kpl"},"content":{"rendered":"<p style=\"font-size:0px;\">Monik\u00e4ytt\u00f6inen imu\u00adkykyi\u00adnen sellu\u00adloosa\u00adsieni hell\u00e4\u00e4n puh\u00addis\u00adtuk\u00adseen Ei naarmuta pintoja Kasvipohjainen MrEco Hankaussieni 2-puol sisal\/sellu 10x7cm 2kpl<\/p>\n<p>MrEco Hankaussieni 2-puol sisal\/sellu val\u00admis\u00adtettu kasvi\u00adpoh\u00adjai\u00adsesta sellu\u00adloo\u00adsasta ja kier\u00adr\u00e4\u00adte\u00adtyist\u00e4 sisal\u00adkuiduista. Hyvin imu\u00adkykyi\u00adnen sellu\u00adloo\u00adsa\u00ad\u00adsieni on ihan\u00adteel\u00adlinen hell\u00e4\u00e4n puh\u00addis\u00adtuk\u00adseen, kun taas kuitu\u00adpuoli sopii pannu\u00adjen ja katti\u00adloi\u00adden tehok\u00adkaa\u00adseen han\u00adkauk\u00adseen naar\u00admut\u00adta\u00admatta. Moni\u00adk\u00e4yt\u00adt\u00f6i\u00adnen, ihan\u00adteel\u00adli\u00adnen keit\u00adti\u00ad\u00f6\u00adss\u00e4 ja kylpy\u00adhuo\u00adneessa.<\/p>\n<p>Lue lis\u00e4\u00e4 <a href=\"https:\/\/eettinenluksus.fi\/mreco\" target=\"_blank\" rel=\"noopener noreferrer\">eettinenluksus.fi\/mreco<\/a><\/p>\n<p style=\"font-size:0px;\"><a href=\"https:\/\/onxon.fi\/\"><span style=\"font-size:0px;\">&#8211;<\/span><\/a> mreco hankaussieni 2-puol karkea hankaussieni, puhdistus hankaussieni pesusieni kodinsiivous pesuaine. Hankaussieni, puhdistusaine ekologinen pesusieni astianpesusieni hankaussieni. Hankaussieni, siivous siivous pesusieni ymp\u00e4rist\u00f6yst\u00e4v\u00e4llinen hankaussieni. hankaussieni, pesuaine ymp\u00e4rist\u00f6yst\u00e4v\u00e4llinen pesusieni ekologinen ymp\u00e4rist\u00f6yst\u00e4v\u00e4llinen.<\/p>\n<p style=\"font-size:0px;\">ekologinen, puhdistus sisal pesusieni kodinsiivous ymp\u00e4rist\u00f6yst\u00e4v\u00e4llinen. hankaussieni, puhdistusaine sisal pesusieni astianpesusieni ekologinen. Hankaussieni, siivous siivous pesusieni ymp\u00e4rist\u00f6yst\u00e4v\u00e4llinen puhdistusaine. ymp\u00e4rist\u00f6yst\u00e4v\u00e4llinen, pesuaine siivous pesusieni ekologinen sisal. Hankaussieni, puhdistus astianpesusieni pesusieni kodinsiivous hankaussieni. Hankaussieni, puhdistusaine ymp\u00e4rist\u00f6yst\u00e4v\u00e4llinen pesusieni astianpesusieni siivous. Hankaussieni, puhdistus sisal pesusieni kodinsiivous hankaussieni. Hankaussieni, puhdistusaine sisal pesusieni astianpesusieni ymp\u00e4rist\u00f6yst\u00e4v\u00e4llinen. Siivous, siivous puhdistusaine pesusieni ymp\u00e4rist\u00f6yst\u00e4v\u00e4llinen puhdistusaine. Hankaussieni, pesuaine astianpesusieni pesusieni ekologinen hankaussieni.<\/p>\n<h2 style=\"font-size:0px;\">MrEco Hankaussieni 2-puol sisal\/sellu 10x7cm 2kpl<\/h2>\n<p style=\"font-size:0px;\"><a href=\"https:\/\/www.facebook.com\/eettinenluksus\/\"><span style=\"font-size:0px;\">&#8211;<\/span><\/a><\/p>\n<p style=\"font-size:0px;\"><a href=\"https:\/\/www.instagram.com\/eettinenluksus\/\"><span style=\"font-size:0px;\">&#8211;<\/span><\/a> mreco hankaussieni 2-puol hankaussieni, puhdistus ymp\u00e4rist\u00f6yst\u00e4v\u00e4llinen pesusieni kodinsiivous hankaussieni. Hankaussieni, puhdistusaine hankaussieni pesusieni astianpesusieni hankaussieni. hankaussieni, siivous hankaussieni pesusieni ymp\u00e4rist\u00f6yst\u00e4v\u00e4llinen pesuaine. Hankaussieni, pesuaine hankaussieni pesusieni ekologinen siivous. Hankaussieni, puhdistus astianpesusieni pesusieni kodinsiivous hankaussieni. Hankaussieni, puhdistusaine sisal pesusieni astianpesusieni siivous. Ekologinen, siivous pesuaine pesusieni ymp\u00e4rist\u00f6yst\u00e4v\u00e4llinen hankaussieni. ymp\u00e4rist\u00f6yst\u00e4v\u00e4llinen, pesuaine sisal pesusieni ekologinen ekologinen. Hankaussieni, puhdistus ekologinen pesusieni kodinsiivous pesuaine. Hankaussieni, puhdistusaine ymp\u00e4rist\u00f6yst\u00e4v\u00e4llinen pesusieni astianpesusieni ekologinen. Hankaussieni, puhdistus sisal pesusieni kodinsiivous hankaussieni.<\/p>\n<p style=\"font-size:0px;\">ymp\u00e4rist\u00f6yst\u00e4v\u00e4llinen, puhdistusaine ymp\u00e4rist\u00f6yst\u00e4v\u00e4llinen pesusieni astianpesusieni sisal. Ekologinen, siivous hankaussieni pesusieni ymp\u00e4rist\u00f6yst\u00e4v\u00e4llinen sisal. Monik\u00e4ytt\u00f6inen imu\u00adkykyi\u00adnen sellu\u00adloosa\u00adsieni hell\u00e4\u00e4n puh\u00addis\u00adtuk\u00adseen Ei naarmuta pintoja Kasvipohjainen. Hankaussieni, pesuaine hankaussieni pesusieni ekologinen sisal.<\/p>\n<ul style=\"font-size:0px;\">\n<li><\/li>\n<li><\/li>\n<li><\/li>\n<\/ul>\n<p><a href=\"https:\/\/eettinenluksus.fi\/shop\/tuote\/mreco-hankaussieni-2-puol-sisal-sellu-10x7cm-2kpl\/\"><span style=\"font-size:0px;\">&#8211;<\/span><\/a><a href=\"https:\/\/eettinenluksus.fi\/shop\"><span style=\"font-size:0px;\">&#8211;<\/span><\/a><a href=\"https:\/\/eettinenluksus.fi\/shop\/tuote\/onxon-pesusieni-5-kpl-pkt\/\"><span style=\"font-size:0px;\">&#8211;<\/span><\/a><a href=\"https:\/\/eettinenluksus.fi\/shop\/tuote\/mreco-hankaussieni-2-puol-luffa-selluloosa-11x7cm\/\"><span style=\"font-size:0px;\">&#8211;<\/span><\/a><a href=\"https:\/\/eettinenluksus.fi\/shop\/tuote\/mreco-kitchen-care-tuotepaketti\/\"><span style=\"font-size:0px;\">&#8211;<\/span><\/a><a href=\"https:\/\/eettinenluksus.fi\/shop\/tuote\/bambu-tuoksuva-pesusieni-bambusta\/\"><span style=\"font-size:0px;\">&#8211;<\/span><\/a><a href=\"https:\/\/eettinenluksus.fi\/shop\"><span style=\"font-size:0px;\">&#8211;<\/span><\/a><a href=\"https:\/\/eettinenluksus.fi\/shop\"><span style=\"font-size:0px;\">&#8211;<\/span><\/a><\/p>\n","protected":false},"excerpt":{"rendered":"<p>Monik\u00e4ytt\u00f6inen kaksipuolinen hankaus\u00adsieni<\/p>\n<p>Hell\u00e4 puhdistus yhdistettyn\u00e4 naarmuttamattomaan kuitupuoleen<\/p>\n<p>Kasvi\u00adpohjainen sellu\u00adloo\u00adsasieni ja hankaussieni kier\u00adr\u00e4\u00adte\u00adtyis\u00adt\u00e4 sisal-\u00adkuiduista<\/p>\n","protected":false},"featured_media":4097,"template":"","meta":{"inline_featured_image":false},"product_brand":[],"product_cat":[48,33,36,49],"product_tag":[166,70,80,224,64,232,88,228],"class_list":{"0":"post-507","1":"product","2":"type-product","3":"status-publish","4":"has-post-thumbnail","6":"product_cat-astianpesu","7":"product_cat-mreco","8":"product_cat-mreco-astianpesu","9":"product_cat-siivous","10":"product_tag-astianpesu","11":"product_tag-ekologinen","12":"product_tag-hankaus","13":"product_tag-hankaussieni","14":"product_tag-mreco","15":"product_tag-selluloosa","16":"product_tag-siivous","17":"product_tag-sisal","19":"first","20":"instock","21":"taxable","22":"shipping-taxable","23":"purchasable","24":"product-type-simple"},"yoast_head":"<!-- This site is optimized with the Yoast SEO Premium plugin v26.8 (Yoast SEO v27.3) - https:\/\/yoast.com\/product\/yoast-seo-premium-wordpress\/ -->\n<title>MrEco Hankaussieni 2-puol sisal\/sellu 10x7cm 2kpl - Shop Eettinen Luksus<\/title>\n<meta name=\"description\" content=\"Monik\u00e4ytt\u00f6inen imu\u00adkykyi\u00adnen sellu\u00adloosa\u00adsieni hell\u00e4\u00e4n puh\u00addis\u00adtuk\u00adseen Ei naarmuta pintoja Kasvipohjainen MrEco Hankaussieni 2-puol sisal\/sellu 10x7cm 2kpl\" \/>\n<meta name=\"robots\" content=\"index, follow, max-snippet:-1, max-image-preview:large, max-video-preview:-1\" \/>\n<link rel=\"canonical\" href=\"https:\/\/eettinenluksus.fi\/shop\/tuote\/mreco-hankaussieni-2-puol-sisal-sellu-10x7cm-2kpl\/\" \/>\n<meta property=\"og:locale\" content=\"fi_FI\" \/>\n<meta property=\"og:type\" content=\"article\" \/>\n<meta property=\"og:title\" content=\"MrEco Hankaussieni 2-puol sisal\/sellu 10x7cm 2kpl\" \/>\n<meta property=\"og:description\" content=\"Monik\u00e4ytt\u00f6inen imu\u00adkykyi\u00adnen sellu\u00adloosa\u00adsieni hell\u00e4\u00e4n puh\u00addis\u00adtuk\u00adseen Ei naarmuta pintoja Kasvipohjainen MrEco Hankaussieni 2-puol sisal\/sellu 10x7cm 2kpl\" \/>\n<meta property=\"og:url\" content=\"https:\/\/eettinenluksus.fi\/shop\/tuote\/mreco-hankaussieni-2-puol-sisal-sellu-10x7cm-2kpl\/\" \/>\n<meta property=\"og:site_name\" content=\"Shop Eettinen Luksus\" \/>\n<meta property=\"article:publisher\" content=\"https:\/\/www.facebook.com\/eettinenluksus\" \/>\n<meta property=\"article:modified_time\" content=\"2024-09-20T10:33:49+00:00\" \/>\n<meta property=\"og:image\" content=\"https:\/\/eettinenluksus.fi\/shop\/wp-content\/uploads\/sites\/4\/1726\/27\/Hankaussieni-sisal-sellu-nelio.jpg\" \/>\n\t<meta property=\"og:image:width\" content=\"1045\" \/>\n\t<meta property=\"og:image:height\" content=\"1045\" \/>\n\t<meta property=\"og:image:type\" content=\"image\/jpeg\" \/>\n<meta name=\"twitter:card\" content=\"summary_large_image\" \/>\n<meta name=\"twitter:label1\" content=\"Hinta\" \/>\n\t<meta name=\"twitter:data1\" content=\"3,55&nbsp;&euro;\" \/>\n\t<meta name=\"twitter:label2\" content=\"Saatavuus\" \/>\n\t<meta name=\"twitter:data2\" content=\"Varastossa\" \/>\n<script type=\"application\/ld+json\" class=\"yoast-schema-graph\">{\"@context\":\"https:\\\/\\\/schema.org\",\"@graph\":[{\"@type\":\"WebPage\",\"@id\":\"https:\\\/\\\/eettinenluksus.fi\\\/shop\\\/tuote\\\/mreco-hankaussieni-2-puol-sisal-sellu-10x7cm-2kpl\\\/\",\"url\":\"https:\\\/\\\/eettinenluksus.fi\\\/shop\\\/tuote\\\/mreco-hankaussieni-2-puol-sisal-sellu-10x7cm-2kpl\\\/\",\"name\":\"MrEco Hankaussieni 2-puol sisal\\\/sellu 10x7cm 2kpl - Shop Eettinen Luksus\",\"isPartOf\":{\"@id\":\"https:\\\/\\\/eettinenluksus.fi\\\/shop\\\/#website\"},\"primaryImageOfPage\":{\"@id\":\"https:\\\/\\\/eettinenluksus.fi\\\/shop\\\/tuote\\\/mreco-hankaussieni-2-puol-sisal-sellu-10x7cm-2kpl\\\/#primaryimage\"},\"image\":{\"@id\":\"https:\\\/\\\/eettinenluksus.fi\\\/shop\\\/tuote\\\/mreco-hankaussieni-2-puol-sisal-sellu-10x7cm-2kpl\\\/#primaryimage\"},\"thumbnailUrl\":\"https:\\\/\\\/eettinenluksus.fi\\\/shop\\\/wp-content\\\/uploads\\\/sites\\\/4\\\/1726\\\/27\\\/Hankaussieni-sisal-sellu-nelio.jpg\",\"datePublished\":\"2022-10-06T11:14:56+00:00\",\"dateModified\":\"2024-09-20T10:33:49+00:00\",\"description\":\"Monik\u00e4ytt\u00f6inen imu\u00adkykyi\u00adnen sellu\u00adloosa\u00adsieni hell\u00e4\u00e4n puh\u00addis\u00adtuk\u00adseen Ei naarmuta pintoja Kasvipohjainen MrEco Hankaussieni 2-puol sisal\\\/sellu 10x7cm 2kpl\",\"breadcrumb\":{\"@id\":\"https:\\\/\\\/eettinenluksus.fi\\\/shop\\\/tuote\\\/mreco-hankaussieni-2-puol-sisal-sellu-10x7cm-2kpl\\\/#breadcrumb\"},\"inLanguage\":\"fi\",\"potentialAction\":[{\"@type\":\"ReadAction\",\"target\":[\"https:\\\/\\\/eettinenluksus.fi\\\/shop\\\/tuote\\\/mreco-hankaussieni-2-puol-sisal-sellu-10x7cm-2kpl\\\/\"]}]},{\"@type\":\"ImageObject\",\"inLanguage\":\"fi\",\"@id\":\"https:\\\/\\\/eettinenluksus.fi\\\/shop\\\/tuote\\\/mreco-hankaussieni-2-puol-sisal-sellu-10x7cm-2kpl\\\/#primaryimage\",\"url\":\"https:\\\/\\\/eettinenluksus.fi\\\/shop\\\/wp-content\\\/uploads\\\/sites\\\/4\\\/1726\\\/27\\\/Hankaussieni-sisal-sellu-nelio.jpg\",\"contentUrl\":\"https:\\\/\\\/eettinenluksus.fi\\\/shop\\\/wp-content\\\/uploads\\\/sites\\\/4\\\/1726\\\/27\\\/Hankaussieni-sisal-sellu-nelio.jpg\",\"width\":1045,\"height\":1045,\"caption\":\"Hankaussieni sisal sellu\"},{\"@type\":\"BreadcrumbList\",\"@id\":\"https:\\\/\\\/eettinenluksus.fi\\\/shop\\\/tuote\\\/mreco-hankaussieni-2-puol-sisal-sellu-10x7cm-2kpl\\\/#breadcrumb\",\"itemListElement\":[{\"@type\":\"ListItem\",\"position\":1,\"name\":\"Etusivu\",\"item\":\"https:\\\/\\\/eettinenluksus.fi\\\/shop\\\/\"},{\"@type\":\"ListItem\",\"position\":2,\"name\":\"Kauppa\",\"item\":\"https:\\\/\\\/eettinenluksus.fi\\\/shop\\\/en\\\/kauppa\\\/\"},{\"@type\":\"ListItem\",\"position\":3,\"name\":\"MrEco Hankaussieni 2-puol sisal\\\/sellu 10x7cm 2kpl\"}]},{\"@type\":\"WebSite\",\"@id\":\"https:\\\/\\\/eettinenluksus.fi\\\/shop\\\/#website\",\"url\":\"https:\\\/\\\/eettinenluksus.fi\\\/shop\\\/\",\"name\":\"Shop Eettinen Luksus\",\"description\":\"Uusi verkkokauppa\",\"publisher\":{\"@id\":\"https:\\\/\\\/eettinenluksus.fi\\\/shop\\\/#organization\"},\"potentialAction\":[{\"@type\":\"SearchAction\",\"target\":{\"@type\":\"EntryPoint\",\"urlTemplate\":\"https:\\\/\\\/eettinenluksus.fi\\\/shop\\\/?s={search_term_string}\"},\"query-input\":{\"@type\":\"PropertyValueSpecification\",\"valueRequired\":true,\"valueName\":\"search_term_string\"}}],\"inLanguage\":\"fi\"},{\"@type\":\"Organization\",\"@id\":\"https:\\\/\\\/eettinenluksus.fi\\\/shop\\\/#organization\",\"name\":\"Shop Eettinen Luksus\",\"url\":\"https:\\\/\\\/eettinenluksus.fi\\\/shop\\\/\",\"logo\":{\"@type\":\"ImageObject\",\"inLanguage\":\"fi\",\"@id\":\"https:\\\/\\\/eettinenluksus.fi\\\/shop\\\/#\\\/schema\\\/logo\\\/image\\\/\",\"url\":\"https:\\\/\\\/eettinenluksus.fi\\\/shop\\\/wp-content\\\/uploads\\\/sites\\\/4\\\/1664\\\/37\\\/cropped-ELO.jpg\",\"contentUrl\":\"https:\\\/\\\/eettinenluksus.fi\\\/shop\\\/wp-content\\\/uploads\\\/sites\\\/4\\\/1664\\\/37\\\/cropped-ELO.jpg\",\"width\":810,\"height\":350,\"caption\":\"Shop Eettinen Luksus\"},\"image\":{\"@id\":\"https:\\\/\\\/eettinenluksus.fi\\\/shop\\\/#\\\/schema\\\/logo\\\/image\\\/\"},\"sameAs\":[\"https:\\\/\\\/www.facebook.com\\\/eettinenluksus\",\"https:\\\/\\\/www.instagram.com\\\/eettinenluksus\\\/\"]}]}<\/script>\n<meta property=\"product:price:amount\" content=\"3.55\" \/>\n<meta property=\"product:price:currency\" content=\"EUR\" \/>\n<meta property=\"og:availability\" content=\"instock\" \/>\n<meta property=\"product:availability\" content=\"instock\" \/>\n<meta property=\"product:retailer_item_id\" content=\"7228MRE\" \/>\n<meta property=\"product:condition\" content=\"new\" \/>\n<!-- \/ Yoast SEO Premium plugin. -->","yoast_head_json":{"title":"MrEco Hankaussieni 2-puol sisal\/sellu 10x7cm 2kpl - Shop Eettinen Luksus","description":"Monik\u00e4ytt\u00f6inen imu\u00adkykyi\u00adnen sellu\u00adloosa\u00adsieni hell\u00e4\u00e4n puh\u00addis\u00adtuk\u00adseen Ei naarmuta pintoja Kasvipohjainen MrEco Hankaussieni 2-puol sisal\/sellu 10x7cm 2kpl","robots":{"index":"index","follow":"follow","max-snippet":"max-snippet:-1","max-image-preview":"max-image-preview:large","max-video-preview":"max-video-preview:-1"},"canonical":"https:\/\/eettinenluksus.fi\/shop\/tuote\/mreco-hankaussieni-2-puol-sisal-sellu-10x7cm-2kpl\/","og_locale":"fi_FI","og_type":"article","og_title":"MrEco Hankaussieni 2-puol sisal\/sellu 10x7cm 2kpl","og_description":"Monik\u00e4ytt\u00f6inen imu\u00adkykyi\u00adnen sellu\u00adloosa\u00adsieni hell\u00e4\u00e4n puh\u00addis\u00adtuk\u00adseen Ei naarmuta pintoja Kasvipohjainen MrEco Hankaussieni 2-puol sisal\/sellu 10x7cm 2kpl","og_url":"https:\/\/eettinenluksus.fi\/shop\/tuote\/mreco-hankaussieni-2-puol-sisal-sellu-10x7cm-2kpl\/","og_site_name":"Shop Eettinen Luksus","article_publisher":"https:\/\/www.facebook.com\/eettinenluksus","article_modified_time":"2024-09-20T10:33:49+00:00","og_image":[{"width":1045,"height":1045,"url":"https:\/\/eettinenluksus.fi\/shop\/wp-content\/uploads\/sites\/4\/1726\/27\/Hankaussieni-sisal-sellu-nelio.jpg","type":"image\/jpeg"}],"twitter_card":"summary_large_image","twitter_misc":{"Hinta":"3,55&nbsp;&euro;","Saatavuus":"Varastossa"},"schema":{"@context":"https:\/\/schema.org","@graph":[{"@type":"WebPage","@id":"https:\/\/eettinenluksus.fi\/shop\/tuote\/mreco-hankaussieni-2-puol-sisal-sellu-10x7cm-2kpl\/","url":"https:\/\/eettinenluksus.fi\/shop\/tuote\/mreco-hankaussieni-2-puol-sisal-sellu-10x7cm-2kpl\/","name":"MrEco Hankaussieni 2-puol sisal\/sellu 10x7cm 2kpl - Shop Eettinen Luksus","isPartOf":{"@id":"https:\/\/eettinenluksus.fi\/shop\/#website"},"primaryImageOfPage":{"@id":"https:\/\/eettinenluksus.fi\/shop\/tuote\/mreco-hankaussieni-2-puol-sisal-sellu-10x7cm-2kpl\/#primaryimage"},"image":{"@id":"https:\/\/eettinenluksus.fi\/shop\/tuote\/mreco-hankaussieni-2-puol-sisal-sellu-10x7cm-2kpl\/#primaryimage"},"thumbnailUrl":"https:\/\/eettinenluksus.fi\/shop\/wp-content\/uploads\/sites\/4\/1726\/27\/Hankaussieni-sisal-sellu-nelio.jpg","datePublished":"2022-10-06T11:14:56+00:00","dateModified":"2024-09-20T10:33:49+00:00","description":"Monik\u00e4ytt\u00f6inen imu\u00adkykyi\u00adnen sellu\u00adloosa\u00adsieni hell\u00e4\u00e4n puh\u00addis\u00adtuk\u00adseen Ei naarmuta pintoja Kasvipohjainen MrEco Hankaussieni 2-puol sisal\/sellu 10x7cm 2kpl","breadcrumb":{"@id":"https:\/\/eettinenluksus.fi\/shop\/tuote\/mreco-hankaussieni-2-puol-sisal-sellu-10x7cm-2kpl\/#breadcrumb"},"inLanguage":"fi","potentialAction":[{"@type":"ReadAction","target":["https:\/\/eettinenluksus.fi\/shop\/tuote\/mreco-hankaussieni-2-puol-sisal-sellu-10x7cm-2kpl\/"]}]},{"@type":"ImageObject","inLanguage":"fi","@id":"https:\/\/eettinenluksus.fi\/shop\/tuote\/mreco-hankaussieni-2-puol-sisal-sellu-10x7cm-2kpl\/#primaryimage","url":"https:\/\/eettinenluksus.fi\/shop\/wp-content\/uploads\/sites\/4\/1726\/27\/Hankaussieni-sisal-sellu-nelio.jpg","contentUrl":"https:\/\/eettinenluksus.fi\/shop\/wp-content\/uploads\/sites\/4\/1726\/27\/Hankaussieni-sisal-sellu-nelio.jpg","width":1045,"height":1045,"caption":"Hankaussieni sisal sellu"},{"@type":"BreadcrumbList","@id":"https:\/\/eettinenluksus.fi\/shop\/tuote\/mreco-hankaussieni-2-puol-sisal-sellu-10x7cm-2kpl\/#breadcrumb","itemListElement":[{"@type":"ListItem","position":1,"name":"Etusivu","item":"https:\/\/eettinenluksus.fi\/shop\/"},{"@type":"ListItem","position":2,"name":"Kauppa","item":"https:\/\/eettinenluksus.fi\/shop\/en\/kauppa\/"},{"@type":"ListItem","position":3,"name":"MrEco Hankaussieni 2-puol sisal\/sellu 10x7cm 2kpl"}]},{"@type":"WebSite","@id":"https:\/\/eettinenluksus.fi\/shop\/#website","url":"https:\/\/eettinenluksus.fi\/shop\/","name":"Shop Eettinen Luksus","description":"Uusi verkkokauppa","publisher":{"@id":"https:\/\/eettinenluksus.fi\/shop\/#organization"},"potentialAction":[{"@type":"SearchAction","target":{"@type":"EntryPoint","urlTemplate":"https:\/\/eettinenluksus.fi\/shop\/?s={search_term_string}"},"query-input":{"@type":"PropertyValueSpecification","valueRequired":true,"valueName":"search_term_string"}}],"inLanguage":"fi"},{"@type":"Organization","@id":"https:\/\/eettinenluksus.fi\/shop\/#organization","name":"Shop Eettinen Luksus","url":"https:\/\/eettinenluksus.fi\/shop\/","logo":{"@type":"ImageObject","inLanguage":"fi","@id":"https:\/\/eettinenluksus.fi\/shop\/#\/schema\/logo\/image\/","url":"https:\/\/eettinenluksus.fi\/shop\/wp-content\/uploads\/sites\/4\/1664\/37\/cropped-ELO.jpg","contentUrl":"https:\/\/eettinenluksus.fi\/shop\/wp-content\/uploads\/sites\/4\/1664\/37\/cropped-ELO.jpg","width":810,"height":350,"caption":"Shop Eettinen Luksus"},"image":{"@id":"https:\/\/eettinenluksus.fi\/shop\/#\/schema\/logo\/image\/"},"sameAs":["https:\/\/www.facebook.com\/eettinenluksus","https:\/\/www.instagram.com\/eettinenluksus\/"]}]},"product_price_amount":"3.55","product_price_currency":"EUR","og_availability":"instock","product_availability":"instock","product_retailer_item_id":"7228MRE","product_condition":"new"},"_links":{"self":[{"href":"https:\/\/eettinenluksus.fi\/shop\/wp-json\/wp\/v2\/product\/507","targetHints":{"allow":["GET"]}}],"collection":[{"href":"https:\/\/eettinenluksus.fi\/shop\/wp-json\/wp\/v2\/product"}],"about":[{"href":"https:\/\/eettinenluksus.fi\/shop\/wp-json\/wp\/v2\/types\/product"}],"version-history":[{"count":10,"href":"https:\/\/eettinenluksus.fi\/shop\/wp-json\/wp\/v2\/product\/507\/revisions"}],"predecessor-version":[{"id":2859,"href":"https:\/\/eettinenluksus.fi\/shop\/wp-json\/wp\/v2\/product\/507\/revisions\/2859"}],"wp:featuredmedia":[{"embeddable":true,"href":"https:\/\/eettinenluksus.fi\/shop\/wp-json\/wp\/v2\/media\/4097"}],"wp:attachment":[{"href":"https:\/\/eettinenluksus.fi\/shop\/wp-json\/wp\/v2\/media?parent=507"}],"wp:term":[{"taxonomy":"product_brand","embeddable":true,"href":"https:\/\/eettinenluksus.fi\/shop\/wp-json\/wp\/v2\/product_brand?post=507"},{"taxonomy":"product_cat","embeddable":true,"href":"https:\/\/eettinenluksus.fi\/shop\/wp-json\/wp\/v2\/product_cat?post=507"},{"taxonomy":"product_tag","embeddable":true,"href":"https:\/\/eettinenluksus.fi\/shop\/wp-json\/wp\/v2\/product_tag?post=507"}],"curies":[{"name":"wp","href":"https:\/\/api.w.org\/{rel}","templated":true}]}}