{"id":4991,"date":"2025-08-04T14:29:23","date_gmt":"2025-08-04T11:29:23","guid":{"rendered":"https:\/\/eettinenluksus.fi\/shop\/?post_type=product&#038;p=4991"},"modified":"2025-08-04T15:00:19","modified_gmt":"2025-08-04T12:00:19","slug":"method-huuhteluaine-berry-bliss-990ml","status":"publish","type":"product","link":"https:\/\/eettinenluksus.fi\/shop\/tuote\/method-huuhteluaine-berry-bliss-990ml\/","title":{"rendered":"Method Huuhteluaine Berry Bliss 990ml"},"content":{"rendered":"<p>Luo Methodin kanssa raikas pyykinpesurutiini, joka saa sinut tuntemaan itsesi parhaana versionasi jokaisen pesukerran j\u00e4lkeen. Dermatologisesti testattu, suunniteltu antamaan tuoksua ja pehment\u00e4m\u00e4\u00e4n tekstiilej\u00e4. Etenkin jos pid\u00e4t pionin tuoksusta, kokeile yhteensopivaa pyykinpesuainettamme saadaksesi viel\u00e4 el\u00e4v\u00e4mm\u00e4n tuoksun.<\/p>\n<p>Pienell\u00e4 luovuudella ja suurella m\u00e4\u00e4r\u00e4ll\u00e4 vakaumusta voimme saada aikaan suuria asioita. Mieluiten sateenkaareen pukeutuneena ja auringonpaisteelta tuoksuen.<\/p>\n<ul>\n<li>33 pesukertaa<\/li>\n<li>ei el\u00e4inkokeita<\/li>\n<li>Leaping bunny -sertifikaatti<\/li>\n<li>100 % kierr\u00e4tetyst\u00e4 muovista (ei korkki)<\/li>\n<\/ul>\n<p>&nbsp;<\/p>\n","protected":false},"excerpt":{"rendered":"<p>Suunniteltu antamaan tuoksua ja pehment\u00e4m\u00e4\u00e4n tekstiilej\u00e4<\/p>\n<p>&nbsp;<\/p>\n<p>Dermatologisesti testattu<\/p>\n<p>&nbsp;<\/p>\n<p>Tuoksuna Berry Bliss<\/p>\n","protected":false},"featured_media":4992,"template":"","meta":{"inline_featured_image":false},"product_brand":[],"product_cat":[17,21,52],"product_tag":[],"class_list":{"0":"post-4991","1":"product","2":"type-product","3":"status-publish","4":"has-post-thumbnail","6":"product_cat-method","7":"product_cat-method-pyykinpesu","8":"product_cat-pyykinpesu","10":"first","11":"instock","12":"taxable","13":"shipping-taxable","14":"purchasable","15":"product-type-simple"},"yoast_head":"<!-- This site is optimized with the Yoast SEO Premium plugin v26.8 (Yoast SEO v27.3) - https:\/\/yoast.com\/product\/yoast-seo-premium-wordpress\/ -->\n<title>Method Huuhteluaine Berry Bliss 990ml - Shop Eettinen Luksus<\/title>\n<meta name=\"description\" content=\"Dermatologisesti testattu, suunniteltu antamaan tuoksua ja pehment\u00e4m\u00e4\u00e4n tekstiilej\u00e4. Kokeile yhteensopivaa pyykinpesuainettamme el\u00e4v\u00e4mm\u00e4n tuoksun saamiseksi\" \/>\n<meta name=\"robots\" content=\"index, follow, max-snippet:-1, max-image-preview:large, max-video-preview:-1\" \/>\n<link rel=\"canonical\" href=\"https:\/\/eettinenluksus.fi\/shop\/tuote\/method-huuhteluaine-berry-bliss-990ml\/\" \/>\n<meta property=\"og:locale\" content=\"fi_FI\" \/>\n<meta property=\"og:type\" content=\"article\" \/>\n<meta property=\"og:title\" content=\"Method Huuhteluaine Berry Bliss 990ml\" \/>\n<meta property=\"og:description\" content=\"Dermatologisesti testattu, suunniteltu antamaan tuoksua ja pehment\u00e4m\u00e4\u00e4n tekstiilej\u00e4. Kokeile yhteensopivaa pyykinpesuainettamme el\u00e4v\u00e4mm\u00e4n tuoksun saamiseksi\" \/>\n<meta property=\"og:url\" content=\"https:\/\/eettinenluksus.fi\/shop\/tuote\/method-huuhteluaine-berry-bliss-990ml\/\" \/>\n<meta property=\"og:site_name\" content=\"Shop Eettinen Luksus\" \/>\n<meta property=\"article:publisher\" content=\"https:\/\/www.facebook.com\/eettinenluksus\" \/>\n<meta property=\"article:modified_time\" content=\"2025-08-04T12:00:19+00:00\" \/>\n<meta property=\"og:image\" content=\"https:\/\/eettinenluksus.fi\/shop\/wp-content\/uploads\/sites\/4\/2025\/08\/Berry-FASO.webp\" \/>\n\t<meta property=\"og:image:width\" content=\"2000\" \/>\n\t<meta property=\"og:image:height\" content=\"2000\" \/>\n\t<meta property=\"og:image:type\" content=\"image\/webp\" \/>\n<meta name=\"twitter:card\" content=\"summary_large_image\" \/>\n<meta name=\"twitter:label1\" content=\"Hinta\" \/>\n\t<meta name=\"twitter:data1\" content=\"7,65&nbsp;&euro;\" \/>\n\t<meta name=\"twitter:label2\" content=\"Saatavuus\" \/>\n\t<meta name=\"twitter:data2\" content=\"Varastossa\" \/>\n<script type=\"application\/ld+json\" class=\"yoast-schema-graph\">{\"@context\":\"https:\\\/\\\/schema.org\",\"@graph\":[{\"@type\":\"WebPage\",\"@id\":\"https:\\\/\\\/eettinenluksus.fi\\\/shop\\\/tuote\\\/method-huuhteluaine-berry-bliss-990ml\\\/\",\"url\":\"https:\\\/\\\/eettinenluksus.fi\\\/shop\\\/tuote\\\/method-huuhteluaine-berry-bliss-990ml\\\/\",\"name\":\"Method Huuhteluaine Berry Bliss 990ml - Shop Eettinen Luksus\",\"isPartOf\":{\"@id\":\"https:\\\/\\\/eettinenluksus.fi\\\/shop\\\/#website\"},\"primaryImageOfPage\":{\"@id\":\"https:\\\/\\\/eettinenluksus.fi\\\/shop\\\/tuote\\\/method-huuhteluaine-berry-bliss-990ml\\\/#primaryimage\"},\"image\":{\"@id\":\"https:\\\/\\\/eettinenluksus.fi\\\/shop\\\/tuote\\\/method-huuhteluaine-berry-bliss-990ml\\\/#primaryimage\"},\"thumbnailUrl\":\"https:\\\/\\\/eettinenluksus.fi\\\/shop\\\/wp-content\\\/uploads\\\/sites\\\/4\\\/2025\\\/08\\\/Berry-FASO.webp\",\"datePublished\":\"2025-08-04T11:29:23+00:00\",\"dateModified\":\"2025-08-04T12:00:19+00:00\",\"description\":\"Dermatologisesti testattu, suunniteltu antamaan tuoksua ja pehment\u00e4m\u00e4\u00e4n tekstiilej\u00e4. Kokeile yhteensopivaa pyykinpesuainettamme el\u00e4v\u00e4mm\u00e4n tuoksun saamiseksi\",\"breadcrumb\":{\"@id\":\"https:\\\/\\\/eettinenluksus.fi\\\/shop\\\/tuote\\\/method-huuhteluaine-berry-bliss-990ml\\\/#breadcrumb\"},\"inLanguage\":\"fi\",\"potentialAction\":[{\"@type\":\"ReadAction\",\"target\":[\"https:\\\/\\\/eettinenluksus.fi\\\/shop\\\/tuote\\\/method-huuhteluaine-berry-bliss-990ml\\\/\"]}]},{\"@type\":\"ImageObject\",\"inLanguage\":\"fi\",\"@id\":\"https:\\\/\\\/eettinenluksus.fi\\\/shop\\\/tuote\\\/method-huuhteluaine-berry-bliss-990ml\\\/#primaryimage\",\"url\":\"https:\\\/\\\/eettinenluksus.fi\\\/shop\\\/wp-content\\\/uploads\\\/sites\\\/4\\\/2025\\\/08\\\/Berry-FASO.webp\",\"contentUrl\":\"https:\\\/\\\/eettinenluksus.fi\\\/shop\\\/wp-content\\\/uploads\\\/sites\\\/4\\\/2025\\\/08\\\/Berry-FASO.webp\",\"width\":2000,\"height\":2000,\"caption\":\"Method Huuhteluaine Berry Bliss 990ml\"},{\"@type\":\"BreadcrumbList\",\"@id\":\"https:\\\/\\\/eettinenluksus.fi\\\/shop\\\/tuote\\\/method-huuhteluaine-berry-bliss-990ml\\\/#breadcrumb\",\"itemListElement\":[{\"@type\":\"ListItem\",\"position\":1,\"name\":\"Etusivu\",\"item\":\"https:\\\/\\\/eettinenluksus.fi\\\/shop\\\/\"},{\"@type\":\"ListItem\",\"position\":2,\"name\":\"Kauppa\",\"item\":\"https:\\\/\\\/eettinenluksus.fi\\\/shop\\\/en\\\/kauppa\\\/\"},{\"@type\":\"ListItem\",\"position\":3,\"name\":\"Method Huuhteluaine Berry Bliss 990ml\"}]},{\"@type\":\"WebSite\",\"@id\":\"https:\\\/\\\/eettinenluksus.fi\\\/shop\\\/#website\",\"url\":\"https:\\\/\\\/eettinenluksus.fi\\\/shop\\\/\",\"name\":\"Shop Eettinen Luksus\",\"description\":\"Uusi verkkokauppa\",\"publisher\":{\"@id\":\"https:\\\/\\\/eettinenluksus.fi\\\/shop\\\/#organization\"},\"potentialAction\":[{\"@type\":\"SearchAction\",\"target\":{\"@type\":\"EntryPoint\",\"urlTemplate\":\"https:\\\/\\\/eettinenluksus.fi\\\/shop\\\/?s={search_term_string}\"},\"query-input\":{\"@type\":\"PropertyValueSpecification\",\"valueRequired\":true,\"valueName\":\"search_term_string\"}}],\"inLanguage\":\"fi\"},{\"@type\":\"Organization\",\"@id\":\"https:\\\/\\\/eettinenluksus.fi\\\/shop\\\/#organization\",\"name\":\"Shop Eettinen Luksus\",\"url\":\"https:\\\/\\\/eettinenluksus.fi\\\/shop\\\/\",\"logo\":{\"@type\":\"ImageObject\",\"inLanguage\":\"fi\",\"@id\":\"https:\\\/\\\/eettinenluksus.fi\\\/shop\\\/#\\\/schema\\\/logo\\\/image\\\/\",\"url\":\"https:\\\/\\\/eettinenluksus.fi\\\/shop\\\/wp-content\\\/uploads\\\/sites\\\/4\\\/1664\\\/37\\\/cropped-ELO.jpg\",\"contentUrl\":\"https:\\\/\\\/eettinenluksus.fi\\\/shop\\\/wp-content\\\/uploads\\\/sites\\\/4\\\/1664\\\/37\\\/cropped-ELO.jpg\",\"width\":810,\"height\":350,\"caption\":\"Shop Eettinen Luksus\"},\"image\":{\"@id\":\"https:\\\/\\\/eettinenluksus.fi\\\/shop\\\/#\\\/schema\\\/logo\\\/image\\\/\"},\"sameAs\":[\"https:\\\/\\\/www.facebook.com\\\/eettinenluksus\",\"https:\\\/\\\/www.instagram.com\\\/eettinenluksus\\\/\"]}]}<\/script>\n<meta property=\"product:price:amount\" content=\"7.65\" \/>\n<meta property=\"product:price:currency\" content=\"EUR\" \/>\n<meta property=\"og:availability\" content=\"instock\" \/>\n<meta property=\"product:availability\" content=\"instock\" \/>\n<meta property=\"product:retailer_item_id\" content=\"4006539\" \/>\n<meta property=\"product:condition\" content=\"new\" \/>\n<!-- \/ Yoast SEO Premium plugin. -->","yoast_head_json":{"title":"Method Huuhteluaine Berry Bliss 990ml - Shop Eettinen Luksus","description":"Dermatologisesti testattu, suunniteltu antamaan tuoksua ja pehment\u00e4m\u00e4\u00e4n tekstiilej\u00e4. Kokeile yhteensopivaa pyykinpesuainettamme el\u00e4v\u00e4mm\u00e4n tuoksun saamiseksi","robots":{"index":"index","follow":"follow","max-snippet":"max-snippet:-1","max-image-preview":"max-image-preview:large","max-video-preview":"max-video-preview:-1"},"canonical":"https:\/\/eettinenluksus.fi\/shop\/tuote\/method-huuhteluaine-berry-bliss-990ml\/","og_locale":"fi_FI","og_type":"article","og_title":"Method Huuhteluaine Berry Bliss 990ml","og_description":"Dermatologisesti testattu, suunniteltu antamaan tuoksua ja pehment\u00e4m\u00e4\u00e4n tekstiilej\u00e4. Kokeile yhteensopivaa pyykinpesuainettamme el\u00e4v\u00e4mm\u00e4n tuoksun saamiseksi","og_url":"https:\/\/eettinenluksus.fi\/shop\/tuote\/method-huuhteluaine-berry-bliss-990ml\/","og_site_name":"Shop Eettinen Luksus","article_publisher":"https:\/\/www.facebook.com\/eettinenluksus","article_modified_time":"2025-08-04T12:00:19+00:00","og_image":[{"width":2000,"height":2000,"url":"https:\/\/eettinenluksus.fi\/shop\/wp-content\/uploads\/sites\/4\/2025\/08\/Berry-FASO.webp","type":"image\/webp"}],"twitter_card":"summary_large_image","twitter_misc":{"Hinta":"7,65&nbsp;&euro;","Saatavuus":"Varastossa"},"schema":{"@context":"https:\/\/schema.org","@graph":[{"@type":"WebPage","@id":"https:\/\/eettinenluksus.fi\/shop\/tuote\/method-huuhteluaine-berry-bliss-990ml\/","url":"https:\/\/eettinenluksus.fi\/shop\/tuote\/method-huuhteluaine-berry-bliss-990ml\/","name":"Method Huuhteluaine Berry Bliss 990ml - Shop Eettinen Luksus","isPartOf":{"@id":"https:\/\/eettinenluksus.fi\/shop\/#website"},"primaryImageOfPage":{"@id":"https:\/\/eettinenluksus.fi\/shop\/tuote\/method-huuhteluaine-berry-bliss-990ml\/#primaryimage"},"image":{"@id":"https:\/\/eettinenluksus.fi\/shop\/tuote\/method-huuhteluaine-berry-bliss-990ml\/#primaryimage"},"thumbnailUrl":"https:\/\/eettinenluksus.fi\/shop\/wp-content\/uploads\/sites\/4\/2025\/08\/Berry-FASO.webp","datePublished":"2025-08-04T11:29:23+00:00","dateModified":"2025-08-04T12:00:19+00:00","description":"Dermatologisesti testattu, suunniteltu antamaan tuoksua ja pehment\u00e4m\u00e4\u00e4n tekstiilej\u00e4. Kokeile yhteensopivaa pyykinpesuainettamme el\u00e4v\u00e4mm\u00e4n tuoksun saamiseksi","breadcrumb":{"@id":"https:\/\/eettinenluksus.fi\/shop\/tuote\/method-huuhteluaine-berry-bliss-990ml\/#breadcrumb"},"inLanguage":"fi","potentialAction":[{"@type":"ReadAction","target":["https:\/\/eettinenluksus.fi\/shop\/tuote\/method-huuhteluaine-berry-bliss-990ml\/"]}]},{"@type":"ImageObject","inLanguage":"fi","@id":"https:\/\/eettinenluksus.fi\/shop\/tuote\/method-huuhteluaine-berry-bliss-990ml\/#primaryimage","url":"https:\/\/eettinenluksus.fi\/shop\/wp-content\/uploads\/sites\/4\/2025\/08\/Berry-FASO.webp","contentUrl":"https:\/\/eettinenluksus.fi\/shop\/wp-content\/uploads\/sites\/4\/2025\/08\/Berry-FASO.webp","width":2000,"height":2000,"caption":"Method Huuhteluaine Berry Bliss 990ml"},{"@type":"BreadcrumbList","@id":"https:\/\/eettinenluksus.fi\/shop\/tuote\/method-huuhteluaine-berry-bliss-990ml\/#breadcrumb","itemListElement":[{"@type":"ListItem","position":1,"name":"Etusivu","item":"https:\/\/eettinenluksus.fi\/shop\/"},{"@type":"ListItem","position":2,"name":"Kauppa","item":"https:\/\/eettinenluksus.fi\/shop\/en\/kauppa\/"},{"@type":"ListItem","position":3,"name":"Method Huuhteluaine Berry Bliss 990ml"}]},{"@type":"WebSite","@id":"https:\/\/eettinenluksus.fi\/shop\/#website","url":"https:\/\/eettinenluksus.fi\/shop\/","name":"Shop Eettinen Luksus","description":"Uusi verkkokauppa","publisher":{"@id":"https:\/\/eettinenluksus.fi\/shop\/#organization"},"potentialAction":[{"@type":"SearchAction","target":{"@type":"EntryPoint","urlTemplate":"https:\/\/eettinenluksus.fi\/shop\/?s={search_term_string}"},"query-input":{"@type":"PropertyValueSpecification","valueRequired":true,"valueName":"search_term_string"}}],"inLanguage":"fi"},{"@type":"Organization","@id":"https:\/\/eettinenluksus.fi\/shop\/#organization","name":"Shop Eettinen Luksus","url":"https:\/\/eettinenluksus.fi\/shop\/","logo":{"@type":"ImageObject","inLanguage":"fi","@id":"https:\/\/eettinenluksus.fi\/shop\/#\/schema\/logo\/image\/","url":"https:\/\/eettinenluksus.fi\/shop\/wp-content\/uploads\/sites\/4\/1664\/37\/cropped-ELO.jpg","contentUrl":"https:\/\/eettinenluksus.fi\/shop\/wp-content\/uploads\/sites\/4\/1664\/37\/cropped-ELO.jpg","width":810,"height":350,"caption":"Shop Eettinen Luksus"},"image":{"@id":"https:\/\/eettinenluksus.fi\/shop\/#\/schema\/logo\/image\/"},"sameAs":["https:\/\/www.facebook.com\/eettinenluksus","https:\/\/www.instagram.com\/eettinenluksus\/"]}]},"product_price_amount":"7.65","product_price_currency":"EUR","og_availability":"instock","product_availability":"instock","product_retailer_item_id":"4006539","product_condition":"new"},"_links":{"self":[{"href":"https:\/\/eettinenluksus.fi\/shop\/wp-json\/wp\/v2\/product\/4991","targetHints":{"allow":["GET"]}}],"collection":[{"href":"https:\/\/eettinenluksus.fi\/shop\/wp-json\/wp\/v2\/product"}],"about":[{"href":"https:\/\/eettinenluksus.fi\/shop\/wp-json\/wp\/v2\/types\/product"}],"version-history":[{"count":2,"href":"https:\/\/eettinenluksus.fi\/shop\/wp-json\/wp\/v2\/product\/4991\/revisions"}],"predecessor-version":[{"id":4998,"href":"https:\/\/eettinenluksus.fi\/shop\/wp-json\/wp\/v2\/product\/4991\/revisions\/4998"}],"wp:featuredmedia":[{"embeddable":true,"href":"https:\/\/eettinenluksus.fi\/shop\/wp-json\/wp\/v2\/media\/4992"}],"wp:attachment":[{"href":"https:\/\/eettinenluksus.fi\/shop\/wp-json\/wp\/v2\/media?parent=4991"}],"wp:term":[{"taxonomy":"product_brand","embeddable":true,"href":"https:\/\/eettinenluksus.fi\/shop\/wp-json\/wp\/v2\/product_brand?post=4991"},{"taxonomy":"product_cat","embeddable":true,"href":"https:\/\/eettinenluksus.fi\/shop\/wp-json\/wp\/v2\/product_cat?post=4991"},{"taxonomy":"product_tag","embeddable":true,"href":"https:\/\/eettinenluksus.fi\/shop\/wp-json\/wp\/v2\/product_tag?post=4991"}],"curies":[{"name":"wp","href":"https:\/\/api.w.org\/{rel}","templated":true}]}}