{"id":4887,"date":"2025-08-04T13:15:12","date_gmt":"2025-08-04T10:15:12","guid":{"rendered":"https:\/\/eettinenluksus.fi\/shop\/?post_type=product&#038;p=4887"},"modified":"2025-08-11T12:43:38","modified_gmt":"2025-08-11T09:43:38","slug":"method-yleispuhdistussuihke-deep-house-828ml","status":"publish","type":"product","link":"https:\/\/eettinenluksus.fi\/shop\/tuote\/method-yleispuhdistussuihke-deep-house-828ml\/","title":{"rendered":"Method Yleispuhdistussuihke Deep House 828ml"},"content":{"rendered":"<p style=\"font-size: 0px;\">Method Yleispuhdistussuihke Deep House 828ml, K\u00e4ytt\u00f6valmis kasvipohjainen ja ekologinen yleispuhdistusaine. Ekologinen siivous kodin pinnoille.<\/p>\n<table>\n<tbody>\n<tr>\n<td width=\"311\">Kuratoituja syv\u00e4puhdistavia soittolistoja<\/td>\n<\/tr>\n<\/tbody>\n<\/table>\n<p>Suunniteltu syv\u00e4puhdistukseen juuri oikeilla s\u00e4velmill\u00e4. Uusin limited editionimme on saanut inspiraationsa parhaiten siivoukseen sopivasta genrest\u00e4 Deep house -musiikkista. Olemme tehneet yhteisty\u00f6t\u00e4 DJ SarahStoryn kanssa kuratoidaksemme kokoelman beat-dropping-soittolistoja, jotka sopivat mihin tahansa deep house -puhdistuksen tunnelmaan. Skannaa vain pakkauksen QR-koodi, valitse siivoustunnelmasi ja paina playta.<\/p>\n<p>Tuoksu &#8211; rohkeaa oud-tuoksua, mausteista sahramia + tarttuvia luumumaisia rytmej\u00e4 + hienovaraisia sitrushedelmien, ruusun + meripihkan aromien virtaa.<\/p>\n<ul>\n<li>Ei el\u00e4inper\u00e4isi\u00e4 raaka-aineita<\/li>\n<li>Ei el\u00e4inkokeita<\/li>\n<li>Leaping Bunny -sertifikaatti<\/li>\n<\/ul>\n<p style=\"font-size: 0px;\"><a href=\"https:\/\/onxon.fi\/\"><span style=\"font-size: 0px;\">&#8211;<\/span><\/a> eettinen luksus, siivous, ekologinen, yleispuhdistussuihke, eettinen, yleispuhdistussuihke, yleispuhdistusaine, method, ekologinen siivous, yleispuhdistussuihke, method, ekopesuaine, yleispuhdistusaine, ekopuhdistus, ekologinen, siivous, Cream custard, eettinen verkkokauppa, siivous, method, yleispuhdistussuihke, method, Cream custard, eettiset tuotteet, yleispuhdistusaine, method tuotteet, method, ekologinen siivous, ekologinen siivousaine, ekologinen puhdistusaine, yleispuhdistussuihke, ekologinen puhdistussuihke, ekologinen yleispuhdistusaine, method, siivous, yleispuhdistussuihke, ekologinen, method, puhdistusaine, yleispuhdistussuihke, yleispuhdistusaine, yleispuhdistussuihke. <a href=\"https:\/\/www.instagram.com\/method_fi\/\"><span style=\"font-size: 0px;\">&#8211;<\/span><\/a><a href=\"https:\/\/www.facebook.com\/eettinenluksus\/\"><span style=\"font-size: 0px;\">&#8211;<\/span><\/a><\/p>\n<ul style=\"font-size: 0px;\">\n<li>yleispuhdistussuihke<\/li>\n<li>yleispuhdistusaine<\/li>\n<li>siivous<\/li>\n<li>method<\/li>\n<li>Cream custard<\/li>\n<\/ul>\n<h2 style=\"font-size: 0px;\">Method Yleispuhdistussuihke Cream custard 828ml<\/h2>\n<p style=\"font-size: 0px;\">siivous, ekologinen, method, eettinen, ekologinen siivous, yleispuhdistussuihke, ekopesuaine, ekopuhdistus, ekologinen, yleispuhdistussuihke, siivous, tropical magnolia, eettinen verkkokauppa, siivous, Cream custard, eettiset tuotteet, method tuotteet, method, ekologinen siivous, Cream custard, yleispuhdistussuihke, ekologinen siivousaine, siivous, Cream custard, siivous, yleispuhdistusaine, yleispuhdistussuihke, yleispuhdistussuihke, ekologinen puhdistusaine, yleispuhdistusaine, yleispuhdistussuihke, yleispuhdistusaine, ekologinen puhdistussuihke, ekologinen yleispuhdistusaine, ekologinen siivous kodin pinnoille, siivous, yleispuhdistussuihke, yleispuhdistusaine, ekologinen, method, puhdistusaine. K\u00e4ytt\u00f6valmis kasvipohjainen ja ekologinen yleispuhdistusaine, siivous, Cream custard, yleispuhdistussuihke. <a href=\"https:\/\/eettinenluksus.fi\/shop\/en\/product\/method-yleispuhdistussuihke-naked-828ml\/\"><span style=\"font-size: 0px;\">&#8211;<\/span><\/a><a href=\"https:\/\/eettinenluksus.fi\/shop\/tuote\/method-yleispuhdistussuihke-tropical-magnolia-828ml\/\"><span style=\"font-size: 0px;\">&#8211;<\/span><\/a><a href=\"https:\/\/eettinenluksus.fi\/shop\/tuote\/method-yleispuhdistussuihke-pink-grapefruit\/\"><span style=\"font-size: 0px;\">&#8211;<\/span><\/a><a href=\"https:\/\/eettinenluksus.fi\/shop\/tuotemerkit\/onxon-siivous\/\"><span style=\"font-size: 0px;\">&#8211;<\/span><\/a><a href=\"https:\/\/eettinenluksus.fi\/shop\/tuote\/method-nestesaippua-french-lavender-354ml\/\"><span style=\"font-size: 0px;\">&#8211;<\/span><\/a><a href=\"https:\/\/eettinenluksus.fi\/shop\/tuotemerkit\/method-siivous\/\"><span style=\"font-size: 0px;\">&#8211;<\/span><\/a><a href=\"https:\/\/eettinenluksus.fi\/shop\/tuotemerkit\/mreco-siivous\/\"><span style=\"font-size: 0px;\">&#8211;<\/span><\/a><a href=\"https:\/\/eettinenluksus.fi\/shop\/tuote\/method-yleispuhdistussuihke-french-lavender-828ml\/\"><span style=\"font-size: 0px;\">&#8211;<\/span><\/a><\/p>\n","protected":false},"excerpt":{"rendered":"<p>LIMITED EDITION<\/p>\n<p>V\u00e4hemm\u00e4n kotit\u00f6it\u00e4, enemm\u00e4n kotibileit\u00e4. Valitsimme tehopuhdistukseen sopivia kappaleita. Uusin limited edition on saanut inspiraationsa parhaiten siivoukseen sopivasta genrest\u00e4, nimitt\u00e4in deep house -musiikista.<\/p>\n","protected":false},"featured_media":4984,"template":"","meta":{"inline_featured_image":false},"product_brand":[],"product_cat":[17,27,19,49],"product_tag":[337,70,163,88,167,168],"class_list":{"0":"post-4887","1":"product","2":"type-product","3":"status-publish","4":"has-post-thumbnail","6":"product_cat-method","7":"product_cat-method-limited-edition","8":"product_cat-method-siivous","9":"product_cat-siivous","10":"product_tag-cream-custard","11":"product_tag-ekologinen","12":"product_tag-method","13":"product_tag-siivous","14":"product_tag-yleispuhdistus","15":"product_tag-yleispuhdistusaine","17":"first","18":"instock","19":"featured","20":"taxable","21":"shipping-taxable","22":"purchasable","23":"product-type-simple"},"yoast_head":"<!-- This site is optimized with the Yoast SEO Premium plugin v26.8 (Yoast SEO v27.4) - https:\/\/yoast.com\/product\/yoast-seo-premium-wordpress\/ -->\n<title>Method Yleispuhdistussuihke Deep House 828ml - Shop Eettinen Luksus<\/title>\n<meta name=\"description\" content=\"K\u00e4ytt\u00f6valmis kasvipohjainen ja ekologinen yleispuhdistusaine. Ekologinen siivous kodin pinnoille. Method Yleispuhdistussuihke Deep House 828ml.\" \/>\n<meta name=\"robots\" content=\"index, follow, max-snippet:-1, max-image-preview:large, max-video-preview:-1\" \/>\n<link rel=\"canonical\" href=\"https:\/\/eettinenluksus.fi\/shop\/tuote\/method-yleispuhdistussuihke-deep-house-828ml\/\" \/>\n<meta property=\"og:locale\" content=\"fi_FI\" \/>\n<meta property=\"og:type\" content=\"article\" \/>\n<meta property=\"og:title\" content=\"Method Yleispuhdistussuihke Deep House 828ml\" \/>\n<meta property=\"og:description\" content=\"K\u00e4ytt\u00f6valmis kasvipohjainen ja ekologinen yleispuhdistusaine. Ekologinen siivous kodin pinnoille. Method Yleispuhdistussuihke Deep House 828ml.\" \/>\n<meta property=\"og:url\" content=\"https:\/\/eettinenluksus.fi\/shop\/tuote\/method-yleispuhdistussuihke-deep-house-828ml\/\" \/>\n<meta property=\"og:site_name\" content=\"Shop Eettinen Luksus\" \/>\n<meta property=\"article:publisher\" content=\"https:\/\/www.facebook.com\/eettinenluksus\" \/>\n<meta property=\"article:modified_time\" content=\"2025-08-11T09:43:38+00:00\" \/>\n<meta property=\"og:image\" content=\"https:\/\/eettinenluksus.fi\/shop\/wp-content\/uploads\/sites\/4\/2025\/08\/22011975_2011976_2011977_Label_MTD_APC_DeepHouse_0.828L_EN_RD_FOP.webp\" \/>\n\t<meta property=\"og:image:width\" content=\"800\" \/>\n\t<meta property=\"og:image:height\" content=\"800\" \/>\n\t<meta property=\"og:image:type\" content=\"image\/webp\" \/>\n<meta name=\"twitter:card\" content=\"summary_large_image\" \/>\n<meta name=\"twitter:label1\" content=\"Hinta\" \/>\n\t<meta name=\"twitter:data1\" content=\"7,15&nbsp;&euro;\" \/>\n\t<meta name=\"twitter:label2\" content=\"Saatavuus\" \/>\n\t<meta name=\"twitter:data2\" content=\"Varastossa\" \/>\n<script type=\"application\/ld+json\" class=\"yoast-schema-graph\">{\"@context\":\"https:\\\/\\\/schema.org\",\"@graph\":[{\"@type\":\"WebPage\",\"@id\":\"https:\\\/\\\/eettinenluksus.fi\\\/shop\\\/tuote\\\/method-yleispuhdistussuihke-deep-house-828ml\\\/\",\"url\":\"https:\\\/\\\/eettinenluksus.fi\\\/shop\\\/tuote\\\/method-yleispuhdistussuihke-deep-house-828ml\\\/\",\"name\":\"Method Yleispuhdistussuihke Deep House 828ml - Shop Eettinen Luksus\",\"isPartOf\":{\"@id\":\"https:\\\/\\\/eettinenluksus.fi\\\/shop\\\/#website\"},\"primaryImageOfPage\":{\"@id\":\"https:\\\/\\\/eettinenluksus.fi\\\/shop\\\/tuote\\\/method-yleispuhdistussuihke-deep-house-828ml\\\/#primaryimage\"},\"image\":{\"@id\":\"https:\\\/\\\/eettinenluksus.fi\\\/shop\\\/tuote\\\/method-yleispuhdistussuihke-deep-house-828ml\\\/#primaryimage\"},\"thumbnailUrl\":\"https:\\\/\\\/eettinenluksus.fi\\\/shop\\\/wp-content\\\/uploads\\\/sites\\\/4\\\/2025\\\/08\\\/22011975_2011976_2011977_Label_MTD_APC_DeepHouse_0.828L_EN_RD_FOP.webp\",\"datePublished\":\"2025-08-04T10:15:12+00:00\",\"dateModified\":\"2025-08-11T09:43:38+00:00\",\"description\":\"K\u00e4ytt\u00f6valmis kasvipohjainen ja ekologinen yleispuhdistusaine. Ekologinen siivous kodin pinnoille. Method Yleispuhdistussuihke Deep House 828ml.\",\"breadcrumb\":{\"@id\":\"https:\\\/\\\/eettinenluksus.fi\\\/shop\\\/tuote\\\/method-yleispuhdistussuihke-deep-house-828ml\\\/#breadcrumb\"},\"inLanguage\":\"fi\",\"potentialAction\":[{\"@type\":\"ReadAction\",\"target\":[\"https:\\\/\\\/eettinenluksus.fi\\\/shop\\\/tuote\\\/method-yleispuhdistussuihke-deep-house-828ml\\\/\"]}]},{\"@type\":\"ImageObject\",\"inLanguage\":\"fi\",\"@id\":\"https:\\\/\\\/eettinenluksus.fi\\\/shop\\\/tuote\\\/method-yleispuhdistussuihke-deep-house-828ml\\\/#primaryimage\",\"url\":\"https:\\\/\\\/eettinenluksus.fi\\\/shop\\\/wp-content\\\/uploads\\\/sites\\\/4\\\/2025\\\/08\\\/22011975_2011976_2011977_Label_MTD_APC_DeepHouse_0.828L_EN_RD_FOP.webp\",\"contentUrl\":\"https:\\\/\\\/eettinenluksus.fi\\\/shop\\\/wp-content\\\/uploads\\\/sites\\\/4\\\/2025\\\/08\\\/22011975_2011976_2011977_Label_MTD_APC_DeepHouse_0.828L_EN_RD_FOP.webp\",\"width\":800,\"height\":800},{\"@type\":\"BreadcrumbList\",\"@id\":\"https:\\\/\\\/eettinenluksus.fi\\\/shop\\\/tuote\\\/method-yleispuhdistussuihke-deep-house-828ml\\\/#breadcrumb\",\"itemListElement\":[{\"@type\":\"ListItem\",\"position\":1,\"name\":\"Etusivu\",\"item\":\"https:\\\/\\\/eettinenluksus.fi\\\/shop\\\/\"},{\"@type\":\"ListItem\",\"position\":2,\"name\":\"Kauppa\",\"item\":\"https:\\\/\\\/eettinenluksus.fi\\\/shop\\\/en\\\/kauppa\\\/\"},{\"@type\":\"ListItem\",\"position\":3,\"name\":\"Method Yleispuhdistussuihke Deep House 828ml\"}]},{\"@type\":\"WebSite\",\"@id\":\"https:\\\/\\\/eettinenluksus.fi\\\/shop\\\/#website\",\"url\":\"https:\\\/\\\/eettinenluksus.fi\\\/shop\\\/\",\"name\":\"Shop Eettinen Luksus\",\"description\":\"Uusi verkkokauppa\",\"publisher\":{\"@id\":\"https:\\\/\\\/eettinenluksus.fi\\\/shop\\\/#organization\"},\"potentialAction\":[{\"@type\":\"SearchAction\",\"target\":{\"@type\":\"EntryPoint\",\"urlTemplate\":\"https:\\\/\\\/eettinenluksus.fi\\\/shop\\\/?s={search_term_string}\"},\"query-input\":{\"@type\":\"PropertyValueSpecification\",\"valueRequired\":true,\"valueName\":\"search_term_string\"}}],\"inLanguage\":\"fi\"},{\"@type\":\"Organization\",\"@id\":\"https:\\\/\\\/eettinenluksus.fi\\\/shop\\\/#organization\",\"name\":\"Shop Eettinen Luksus\",\"url\":\"https:\\\/\\\/eettinenluksus.fi\\\/shop\\\/\",\"logo\":{\"@type\":\"ImageObject\",\"inLanguage\":\"fi\",\"@id\":\"https:\\\/\\\/eettinenluksus.fi\\\/shop\\\/#\\\/schema\\\/logo\\\/image\\\/\",\"url\":\"https:\\\/\\\/eettinenluksus.fi\\\/shop\\\/wp-content\\\/uploads\\\/sites\\\/4\\\/1664\\\/37\\\/cropped-ELO.jpg\",\"contentUrl\":\"https:\\\/\\\/eettinenluksus.fi\\\/shop\\\/wp-content\\\/uploads\\\/sites\\\/4\\\/1664\\\/37\\\/cropped-ELO.jpg\",\"width\":810,\"height\":350,\"caption\":\"Shop Eettinen Luksus\"},\"image\":{\"@id\":\"https:\\\/\\\/eettinenluksus.fi\\\/shop\\\/#\\\/schema\\\/logo\\\/image\\\/\"},\"sameAs\":[\"https:\\\/\\\/www.facebook.com\\\/eettinenluksus\",\"https:\\\/\\\/www.instagram.com\\\/eettinenluksus\\\/\"]}]}<\/script>\n<meta property=\"product:price:amount\" content=\"7.15\" \/>\n<meta property=\"product:price:currency\" content=\"EUR\" \/>\n<meta property=\"og:availability\" content=\"instock\" \/>\n<meta property=\"product:availability\" content=\"instock\" \/>\n<meta property=\"product:retailer_item_id\" content=\"4006623\" \/>\n<meta property=\"product:condition\" content=\"new\" \/>\n<!-- \/ Yoast SEO Premium plugin. -->","yoast_head_json":{"title":"Method Yleispuhdistussuihke Deep House 828ml - Shop Eettinen Luksus","description":"K\u00e4ytt\u00f6valmis kasvipohjainen ja ekologinen yleispuhdistusaine. Ekologinen siivous kodin pinnoille. Method Yleispuhdistussuihke Deep House 828ml.","robots":{"index":"index","follow":"follow","max-snippet":"max-snippet:-1","max-image-preview":"max-image-preview:large","max-video-preview":"max-video-preview:-1"},"canonical":"https:\/\/eettinenluksus.fi\/shop\/tuote\/method-yleispuhdistussuihke-deep-house-828ml\/","og_locale":"fi_FI","og_type":"article","og_title":"Method Yleispuhdistussuihke Deep House 828ml","og_description":"K\u00e4ytt\u00f6valmis kasvipohjainen ja ekologinen yleispuhdistusaine. Ekologinen siivous kodin pinnoille. Method Yleispuhdistussuihke Deep House 828ml.","og_url":"https:\/\/eettinenluksus.fi\/shop\/tuote\/method-yleispuhdistussuihke-deep-house-828ml\/","og_site_name":"Shop Eettinen Luksus","article_publisher":"https:\/\/www.facebook.com\/eettinenluksus","article_modified_time":"2025-08-11T09:43:38+00:00","og_image":[{"width":800,"height":800,"url":"https:\/\/eettinenluksus.fi\/shop\/wp-content\/uploads\/sites\/4\/2025\/08\/22011975_2011976_2011977_Label_MTD_APC_DeepHouse_0.828L_EN_RD_FOP.webp","type":"image\/webp"}],"twitter_card":"summary_large_image","twitter_misc":{"Hinta":"7,15&nbsp;&euro;","Saatavuus":"Varastossa"},"schema":{"@context":"https:\/\/schema.org","@graph":[{"@type":"WebPage","@id":"https:\/\/eettinenluksus.fi\/shop\/tuote\/method-yleispuhdistussuihke-deep-house-828ml\/","url":"https:\/\/eettinenluksus.fi\/shop\/tuote\/method-yleispuhdistussuihke-deep-house-828ml\/","name":"Method Yleispuhdistussuihke Deep House 828ml - Shop Eettinen Luksus","isPartOf":{"@id":"https:\/\/eettinenluksus.fi\/shop\/#website"},"primaryImageOfPage":{"@id":"https:\/\/eettinenluksus.fi\/shop\/tuote\/method-yleispuhdistussuihke-deep-house-828ml\/#primaryimage"},"image":{"@id":"https:\/\/eettinenluksus.fi\/shop\/tuote\/method-yleispuhdistussuihke-deep-house-828ml\/#primaryimage"},"thumbnailUrl":"https:\/\/eettinenluksus.fi\/shop\/wp-content\/uploads\/sites\/4\/2025\/08\/22011975_2011976_2011977_Label_MTD_APC_DeepHouse_0.828L_EN_RD_FOP.webp","datePublished":"2025-08-04T10:15:12+00:00","dateModified":"2025-08-11T09:43:38+00:00","description":"K\u00e4ytt\u00f6valmis kasvipohjainen ja ekologinen yleispuhdistusaine. Ekologinen siivous kodin pinnoille. Method Yleispuhdistussuihke Deep House 828ml.","breadcrumb":{"@id":"https:\/\/eettinenluksus.fi\/shop\/tuote\/method-yleispuhdistussuihke-deep-house-828ml\/#breadcrumb"},"inLanguage":"fi","potentialAction":[{"@type":"ReadAction","target":["https:\/\/eettinenluksus.fi\/shop\/tuote\/method-yleispuhdistussuihke-deep-house-828ml\/"]}]},{"@type":"ImageObject","inLanguage":"fi","@id":"https:\/\/eettinenluksus.fi\/shop\/tuote\/method-yleispuhdistussuihke-deep-house-828ml\/#primaryimage","url":"https:\/\/eettinenluksus.fi\/shop\/wp-content\/uploads\/sites\/4\/2025\/08\/22011975_2011976_2011977_Label_MTD_APC_DeepHouse_0.828L_EN_RD_FOP.webp","contentUrl":"https:\/\/eettinenluksus.fi\/shop\/wp-content\/uploads\/sites\/4\/2025\/08\/22011975_2011976_2011977_Label_MTD_APC_DeepHouse_0.828L_EN_RD_FOP.webp","width":800,"height":800},{"@type":"BreadcrumbList","@id":"https:\/\/eettinenluksus.fi\/shop\/tuote\/method-yleispuhdistussuihke-deep-house-828ml\/#breadcrumb","itemListElement":[{"@type":"ListItem","position":1,"name":"Etusivu","item":"https:\/\/eettinenluksus.fi\/shop\/"},{"@type":"ListItem","position":2,"name":"Kauppa","item":"https:\/\/eettinenluksus.fi\/shop\/en\/kauppa\/"},{"@type":"ListItem","position":3,"name":"Method Yleispuhdistussuihke Deep House 828ml"}]},{"@type":"WebSite","@id":"https:\/\/eettinenluksus.fi\/shop\/#website","url":"https:\/\/eettinenluksus.fi\/shop\/","name":"Shop Eettinen Luksus","description":"Uusi verkkokauppa","publisher":{"@id":"https:\/\/eettinenluksus.fi\/shop\/#organization"},"potentialAction":[{"@type":"SearchAction","target":{"@type":"EntryPoint","urlTemplate":"https:\/\/eettinenluksus.fi\/shop\/?s={search_term_string}"},"query-input":{"@type":"PropertyValueSpecification","valueRequired":true,"valueName":"search_term_string"}}],"inLanguage":"fi"},{"@type":"Organization","@id":"https:\/\/eettinenluksus.fi\/shop\/#organization","name":"Shop Eettinen Luksus","url":"https:\/\/eettinenluksus.fi\/shop\/","logo":{"@type":"ImageObject","inLanguage":"fi","@id":"https:\/\/eettinenluksus.fi\/shop\/#\/schema\/logo\/image\/","url":"https:\/\/eettinenluksus.fi\/shop\/wp-content\/uploads\/sites\/4\/1664\/37\/cropped-ELO.jpg","contentUrl":"https:\/\/eettinenluksus.fi\/shop\/wp-content\/uploads\/sites\/4\/1664\/37\/cropped-ELO.jpg","width":810,"height":350,"caption":"Shop Eettinen Luksus"},"image":{"@id":"https:\/\/eettinenluksus.fi\/shop\/#\/schema\/logo\/image\/"},"sameAs":["https:\/\/www.facebook.com\/eettinenluksus","https:\/\/www.instagram.com\/eettinenluksus\/"]}]},"product_price_amount":"7.15","product_price_currency":"EUR","og_availability":"instock","product_availability":"instock","product_retailer_item_id":"4006623","product_condition":"new"},"_links":{"self":[{"href":"https:\/\/eettinenluksus.fi\/shop\/wp-json\/wp\/v2\/product\/4887","targetHints":{"allow":["GET"]}}],"collection":[{"href":"https:\/\/eettinenluksus.fi\/shop\/wp-json\/wp\/v2\/product"}],"about":[{"href":"https:\/\/eettinenluksus.fi\/shop\/wp-json\/wp\/v2\/types\/product"}],"version-history":[{"count":3,"href":"https:\/\/eettinenluksus.fi\/shop\/wp-json\/wp\/v2\/product\/4887\/revisions"}],"predecessor-version":[{"id":4983,"href":"https:\/\/eettinenluksus.fi\/shop\/wp-json\/wp\/v2\/product\/4887\/revisions\/4983"}],"wp:featuredmedia":[{"embeddable":true,"href":"https:\/\/eettinenluksus.fi\/shop\/wp-json\/wp\/v2\/media\/4984"}],"wp:attachment":[{"href":"https:\/\/eettinenluksus.fi\/shop\/wp-json\/wp\/v2\/media?parent=4887"}],"wp:term":[{"taxonomy":"product_brand","embeddable":true,"href":"https:\/\/eettinenluksus.fi\/shop\/wp-json\/wp\/v2\/product_brand?post=4887"},{"taxonomy":"product_cat","embeddable":true,"href":"https:\/\/eettinenluksus.fi\/shop\/wp-json\/wp\/v2\/product_cat?post=4887"},{"taxonomy":"product_tag","embeddable":true,"href":"https:\/\/eettinenluksus.fi\/shop\/wp-json\/wp\/v2\/product_tag?post=4887"}],"curies":[{"name":"wp","href":"https:\/\/api.w.org\/{rel}","templated":true}]}}