{"id":4883,"date":"2025-06-13T15:38:21","date_gmt":"2025-06-13T12:38:21","guid":{"rendered":"https:\/\/eettinenluksus.fi\/shop\/?post_type=product&#038;p=4883"},"modified":"2025-07-04T09:30:08","modified_gmt":"2025-07-04T06:30:08","slug":"method-paketti-syksyn-sinista","status":"publish","type":"product","link":"https:\/\/eettinenluksus.fi\/shop\/tuote\/method-paketti-syksyn-sinista\/","title":{"rendered":"Method-paketti Syksyn sinist\u00e4"},"content":{"rendered":"<p>Method-paketti Syksyn sinist\u00e4<\/p>\n<p>Sis\u00e4lt\u00e4\u00e4 kuusi tuotetta:<\/p>\n<p><a href=\"https:\/\/eettinenluksus.fi\/shop\/tuote\/method-pyykinpesuaine-berry-bliss\" target=\"_blank\" rel=\"noopener\">Method Pyykinpesuaine Berry Bliss 990ml<\/a><\/p>\n<p>Luo Methodin kanssa raikas pyykinpesurutiini, joka saa sinut tuntemaan itsesi parhaana versionasi jokaisen pesukerran j\u00e4lkeen. Tekee ihmeit\u00e4 jo 20 asteessa \u2013 poistaa pinttyneet tahrat ja elvytt\u00e4\u00e4 v\u00e4rit. Lis\u00e4ksi ainutlaatuinen carezyme-teknologiamme poistaa \u00e4rsytt\u00e4v\u00e4t nyppyl\u00e4t ajan my\u00f6t\u00e4. Pid\u00e4tp\u00e4 sitten pi\u00f1a coladoista, pionikimpuista tai haluat marjaisen raikkaan tuoksun, l\u00f6yd\u00e4t itsellesi sopivan tuoksun vaihtoehdoistamme.<\/p>\n<p><a href=\"https:\/\/eettinenluksus.fi\/shop\/tuote\/method-yleispuhdistussuihke-deep-house-828ml\/\" target=\"_blank\" rel=\"noopener\">Method Yleispuhdistussuihke Deep House 828ml<\/a><\/p>\n<div class=\"woocommerce-product-details__short-description\">\n<p>Kuratoituja syv\u00e4puhdistavia soittolistoja juuri oikeilla s\u00e4velmill\u00e4. Uusin limited editionimme on saanut inspiraationsa parhaiten siivoukseen sopivasta genrest\u00e4 Deep house -musiikkista. T\u00e4m\u00e4 remix tekee kotit\u00f6ist\u00e4 enemm\u00e4n kotibileit\u00e4. Tuoksu sahrami + oud &#8211; Eksklusiivinen limited edition -tuoksu &#8211; sytyt\u00e4 ja virkist\u00e4 aistisi rohkealla oud-bassolla, joka on harmoniassa mausteisen sahramin ja tarttuvien oud-tuoksujen kanssa.<\/p>\n<\/div>\n<p><a href=\"https:\/\/eettinenluksus.fi\/shop\/tuote\/method-nestesaippua-french-lavender-354ml\/\" target=\"_blank\" rel=\"noopener\">Method Nestesaippua French Lavender 354ml<\/a><\/p>\n<div class=\"woocommerce-product-details__short-description\">\n<p>valmistettu kasviraaka-aineista. Puhdistaa ihon hell\u00e4varaisesti. Sis\u00e4lt\u00e4\u00e4 ihoa hoitavaa glyseriini\u00e4, aloe veraa ja E-vitamiinia. Tuoksuna French Lavender &#8211; Onko muuta olemassakaan? T\u00e4m\u00e4 lumoava yhdistelm\u00e4 laventelia, bergamottia, salviaa ja kamomillaa on kuin pikavisiitti Ranskan maaseudulle.<\/p>\n<\/div>\n<p><a href=\"https:\/\/eettinenluksus.fi\/shop\/tuote\/method-puhdistussuihke-teras-354ml\/\">Method Puhdistussuihke ter\u00e4s 354ml<\/a><\/p>\n<p>Kasvi- ja mineraalipohjainen biohajoava ruostumattoman ter\u00e4ksen puhdistussuihke. Puhdistaa ja kiillottaa tehokkaasti ruostumattomasta ter\u00e4ksest\u00e4 valmistetut pinnat: tiskip\u00f6yd\u00e4t, hanat, ter\u00e4spintaiset kodinkoneet ja muut kalusteet. Poistaa sormenj\u00e4ljet, rasvan ja muut j\u00e4ljet ilman raitoja. Harjattu ter\u00e4s kannattaa pyyhki\u00e4 harjauksen suuntaisesti. Apple Orchard &#8211; Tuoksusta p\u00e4\u00e4tellen pullossa voisi olla aamukastetta suoraan omenapuiden lehdilt\u00e4. Itse asiassa vangitsimme tuoksuun omenankukkien, nektariinin sek\u00e4 vaniljaorkidean herk\u00e4t aromit.<\/p>\n<p><a href=\"https:\/\/eettinenluksus.fi\/shop\/tuote\/method-suihkusaippua-wind-down-532ml\/\" target=\"_blank\" rel=\"noopener\">Method Suihkusaippua Wind Down 532ml<\/a><\/p>\n<p>Mielialaa kohottava suihkusaippuamme saa sinut tuntemaan olosi paremmaksi niin sis\u00e4isesti kuin ulkoisestikin. Bonuksena se my\u00f6s n\u00e4ytt\u00e4\u00e4 hyv\u00e4lt\u00e4 ja siksi uskommekin, ett\u00e4 se on kuin sinulle tehty. Wind Down &#8211; Onko ollut\u2026rankka p\u00e4iv\u00e4? Rauhoittava, kamomillalta, kurkkuyrtilt\u00e4 + laventelilta tuoksuva suihkusaippua auttaa rentoutumaan huokumalla onnellisuutta.<\/p>\n<div class=\"woocommerce-product-details__short-description\">\n<p><a href=\"https:\/\/eettinenluksus.fi\/shop\/tuote\/method-yleispuhdistustiiviste-lively-240ml\/\" target=\"_blank\" rel=\"noopener\">Method Yleispuhdistustiiviste Lively 240ml<\/a><\/p>\n<div class=\"woocommerce-product-details__short-description\">\n<p>Yleispuhdistustiiviste on kooltaan pieni mutta asenteeltaan suuri. Ekologinen 10 x v\u00e4kev\u00e4mpi tiiviste. Laimenna suihkepulloon sankoon tai k\u00e4yt\u00e4 raakana. Siis todellakin t\u00e4ynn\u00e4 kasvipohjaista puhdistustehoa.\u00a0Tuoksuna Lively mango + citrus \u2013 mangoa + s\u00e4ken\u00f6ivi\u00e4 sitrushedelmi\u00e4.<\/p>\n<\/div>\n<\/div>\n<ul>\n<li>Ei el\u00e4inkokeita<\/li>\n<li>Ei el\u00e4inper\u00e4isi\u00e4 raaka-aineita<\/li>\n<li>Leaping Bunny -sertifikaatti<\/li>\n<\/ul>\n","protected":false},"excerpt":{"rendered":"<p>Method-paketti Syksyn sinist\u00e4<\/p>\n<p>Sis\u00e4lt\u00e4\u00e4 kuusi tuotetta:<\/p>\n<ul>\n<li>Method Pyykinpesuaine Berry Bliss 990ml &#8211; uusi<\/li>\n<li>Method Yleispuhdistussuihke Deep House 828ml &#8211; uusi<\/li>\n<li>Method Nestesaippua French Lavender 354ml<\/li>\n<li>Method Puhdistussuihke ter\u00e4s 354ml<\/li>\n<li>Method Suihkusaippua Wind Down 532ml &#8211; uusi<\/li>\n<li>Method Yleispuhdistustiiviste Lively 240ml<\/li>\n<\/ul>\n","protected":false},"featured_media":4938,"template":"","meta":{"inline_featured_image":false},"product_brand":[],"product_cat":[50,51,17,22,20,21,19,427,52,49,56,338],"product_tag":[],"class_list":{"0":"post-4883","1":"product","2":"type-product","3":"status-publish","4":"has-post-thumbnail","6":"product_cat-erikoispuhdistus","7":"product_cat-kasienpesu","8":"product_cat-method","9":"product_cat-method-erikoispuhdistus","10":"product_cat-method-kasienpesu","11":"product_cat-method-pyykinpesu","12":"product_cat-method-siivous","13":"product_cat-method-tuotepaketit","14":"product_cat-pyykinpesu","15":"product_cat-siivous","16":"product_cat-tuotepaketit","17":"product_cat-vartalonpesu","19":"first","20":"instock","21":"featured","22":"taxable","23":"shipping-taxable","24":"purchasable","25":"product-type-simple"},"yoast_head":"<!-- This site is optimized with the Yoast SEO Premium plugin v26.8 (Yoast SEO v27.4) - https:\/\/yoast.com\/product\/yoast-seo-premium-wordpress\/ -->\n<title>Method-paketti Syksyn sinist\u00e4 - Shop Eettinen Luksus<\/title>\n<meta name=\"description\" content=\"Method-paketti Syksyn sine\u00e4: limited edition -tuote, nestesaippua, pyykinpesuaine, ter\u00e4ksen puhdistussuihke, suihkusaippua, yleispuhdistustiiviste\" \/>\n<meta name=\"robots\" content=\"index, follow, max-snippet:-1, max-image-preview:large, max-video-preview:-1\" \/>\n<link rel=\"canonical\" href=\"https:\/\/eettinenluksus.fi\/shop\/tuote\/method-paketti-syksyn-sinista\/\" \/>\n<meta property=\"og:locale\" content=\"fi_FI\" \/>\n<meta property=\"og:type\" content=\"article\" \/>\n<meta property=\"og:title\" content=\"Method-paketti Syksyn sinist\u00e4\" \/>\n<meta property=\"og:description\" content=\"Method-paketti Syksyn sine\u00e4: limited edition -tuote, nestesaippua, pyykinpesuaine, ter\u00e4ksen puhdistussuihke, suihkusaippua, yleispuhdistustiiviste\" \/>\n<meta property=\"og:url\" content=\"https:\/\/eettinenluksus.fi\/shop\/tuote\/method-paketti-syksyn-sinista\/\" \/>\n<meta property=\"og:site_name\" content=\"Shop Eettinen Luksus\" \/>\n<meta property=\"article:publisher\" content=\"https:\/\/www.facebook.com\/eettinenluksus\" \/>\n<meta property=\"article:modified_time\" content=\"2025-07-04T06:30:08+00:00\" \/>\n<meta property=\"og:image\" content=\"https:\/\/eettinenluksus.fi\/shop\/wp-content\/uploads\/sites\/4\/2025\/06\/Cityshoppari-syksy-2025-866x866px-kuva-50.webp\" \/>\n\t<meta property=\"og:image:width\" content=\"866\" \/>\n\t<meta property=\"og:image:height\" content=\"866\" \/>\n\t<meta property=\"og:image:type\" content=\"image\/webp\" \/>\n<meta name=\"twitter:card\" content=\"summary_large_image\" \/>\n<meta name=\"twitter:label1\" content=\"Hinta\" \/>\n\t<meta name=\"twitter:data1\" content=\"55,00&nbsp;&euro;\" \/>\n\t<meta name=\"twitter:label2\" content=\"Saatavuus\" \/>\n\t<meta name=\"twitter:data2\" content=\"Varastossa\" \/>\n<script type=\"application\/ld+json\" class=\"yoast-schema-graph\">{\"@context\":\"https:\\\/\\\/schema.org\",\"@graph\":[{\"@type\":\"WebPage\",\"@id\":\"https:\\\/\\\/eettinenluksus.fi\\\/shop\\\/tuote\\\/method-paketti-syksyn-sinista\\\/\",\"url\":\"https:\\\/\\\/eettinenluksus.fi\\\/shop\\\/tuote\\\/method-paketti-syksyn-sinista\\\/\",\"name\":\"Method-paketti Syksyn sinist\u00e4 - Shop Eettinen Luksus\",\"isPartOf\":{\"@id\":\"https:\\\/\\\/eettinenluksus.fi\\\/shop\\\/#website\"},\"primaryImageOfPage\":{\"@id\":\"https:\\\/\\\/eettinenluksus.fi\\\/shop\\\/tuote\\\/method-paketti-syksyn-sinista\\\/#primaryimage\"},\"image\":{\"@id\":\"https:\\\/\\\/eettinenluksus.fi\\\/shop\\\/tuote\\\/method-paketti-syksyn-sinista\\\/#primaryimage\"},\"thumbnailUrl\":\"https:\\\/\\\/eettinenluksus.fi\\\/shop\\\/wp-content\\\/uploads\\\/sites\\\/4\\\/2025\\\/06\\\/Cityshoppari-syksy-2025-866x866px-kuva-50.webp\",\"datePublished\":\"2025-06-13T12:38:21+00:00\",\"dateModified\":\"2025-07-04T06:30:08+00:00\",\"description\":\"Method-paketti Syksyn sine\u00e4: limited edition -tuote, nestesaippua, pyykinpesuaine, ter\u00e4ksen puhdistussuihke, suihkusaippua, yleispuhdistustiiviste\",\"breadcrumb\":{\"@id\":\"https:\\\/\\\/eettinenluksus.fi\\\/shop\\\/tuote\\\/method-paketti-syksyn-sinista\\\/#breadcrumb\"},\"inLanguage\":\"fi\",\"potentialAction\":[{\"@type\":\"ReadAction\",\"target\":[\"https:\\\/\\\/eettinenluksus.fi\\\/shop\\\/tuote\\\/method-paketti-syksyn-sinista\\\/\"]}]},{\"@type\":\"ImageObject\",\"inLanguage\":\"fi\",\"@id\":\"https:\\\/\\\/eettinenluksus.fi\\\/shop\\\/tuote\\\/method-paketti-syksyn-sinista\\\/#primaryimage\",\"url\":\"https:\\\/\\\/eettinenluksus.fi\\\/shop\\\/wp-content\\\/uploads\\\/sites\\\/4\\\/2025\\\/06\\\/Cityshoppari-syksy-2025-866x866px-kuva-50.webp\",\"contentUrl\":\"https:\\\/\\\/eettinenluksus.fi\\\/shop\\\/wp-content\\\/uploads\\\/sites\\\/4\\\/2025\\\/06\\\/Cityshoppari-syksy-2025-866x866px-kuva-50.webp\",\"width\":866,\"height\":866,\"caption\":\"Method Syksyn sinist\u00e4 -paketti\"},{\"@type\":\"BreadcrumbList\",\"@id\":\"https:\\\/\\\/eettinenluksus.fi\\\/shop\\\/tuote\\\/method-paketti-syksyn-sinista\\\/#breadcrumb\",\"itemListElement\":[{\"@type\":\"ListItem\",\"position\":1,\"name\":\"Etusivu\",\"item\":\"https:\\\/\\\/eettinenluksus.fi\\\/shop\\\/\"},{\"@type\":\"ListItem\",\"position\":2,\"name\":\"Kauppa\",\"item\":\"https:\\\/\\\/eettinenluksus.fi\\\/shop\\\/en\\\/kauppa\\\/\"},{\"@type\":\"ListItem\",\"position\":3,\"name\":\"Method-paketti Syksyn sinist\u00e4\"}]},{\"@type\":\"WebSite\",\"@id\":\"https:\\\/\\\/eettinenluksus.fi\\\/shop\\\/#website\",\"url\":\"https:\\\/\\\/eettinenluksus.fi\\\/shop\\\/\",\"name\":\"Shop Eettinen Luksus\",\"description\":\"Uusi verkkokauppa\",\"publisher\":{\"@id\":\"https:\\\/\\\/eettinenluksus.fi\\\/shop\\\/#organization\"},\"potentialAction\":[{\"@type\":\"SearchAction\",\"target\":{\"@type\":\"EntryPoint\",\"urlTemplate\":\"https:\\\/\\\/eettinenluksus.fi\\\/shop\\\/?s={search_term_string}\"},\"query-input\":{\"@type\":\"PropertyValueSpecification\",\"valueRequired\":true,\"valueName\":\"search_term_string\"}}],\"inLanguage\":\"fi\"},{\"@type\":\"Organization\",\"@id\":\"https:\\\/\\\/eettinenluksus.fi\\\/shop\\\/#organization\",\"name\":\"Shop Eettinen Luksus\",\"url\":\"https:\\\/\\\/eettinenluksus.fi\\\/shop\\\/\",\"logo\":{\"@type\":\"ImageObject\",\"inLanguage\":\"fi\",\"@id\":\"https:\\\/\\\/eettinenluksus.fi\\\/shop\\\/#\\\/schema\\\/logo\\\/image\\\/\",\"url\":\"https:\\\/\\\/eettinenluksus.fi\\\/shop\\\/wp-content\\\/uploads\\\/sites\\\/4\\\/1664\\\/37\\\/cropped-ELO.jpg\",\"contentUrl\":\"https:\\\/\\\/eettinenluksus.fi\\\/shop\\\/wp-content\\\/uploads\\\/sites\\\/4\\\/1664\\\/37\\\/cropped-ELO.jpg\",\"width\":810,\"height\":350,\"caption\":\"Shop Eettinen Luksus\"},\"image\":{\"@id\":\"https:\\\/\\\/eettinenluksus.fi\\\/shop\\\/#\\\/schema\\\/logo\\\/image\\\/\"},\"sameAs\":[\"https:\\\/\\\/www.facebook.com\\\/eettinenluksus\",\"https:\\\/\\\/www.instagram.com\\\/eettinenluksus\\\/\"]}]}<\/script>\n<meta property=\"product:price:amount\" content=\"55.00\" \/>\n<meta property=\"product:price:currency\" content=\"EUR\" \/>\n<meta property=\"og:availability\" content=\"instock\" \/>\n<meta property=\"product:availability\" content=\"instock\" \/>\n<meta property=\"product:condition\" content=\"new\" \/>\n<!-- \/ Yoast SEO Premium plugin. -->","yoast_head_json":{"title":"Method-paketti Syksyn sinist\u00e4 - Shop Eettinen Luksus","description":"Method-paketti Syksyn sine\u00e4: limited edition -tuote, nestesaippua, pyykinpesuaine, ter\u00e4ksen puhdistussuihke, suihkusaippua, yleispuhdistustiiviste","robots":{"index":"index","follow":"follow","max-snippet":"max-snippet:-1","max-image-preview":"max-image-preview:large","max-video-preview":"max-video-preview:-1"},"canonical":"https:\/\/eettinenluksus.fi\/shop\/tuote\/method-paketti-syksyn-sinista\/","og_locale":"fi_FI","og_type":"article","og_title":"Method-paketti Syksyn sinist\u00e4","og_description":"Method-paketti Syksyn sine\u00e4: limited edition -tuote, nestesaippua, pyykinpesuaine, ter\u00e4ksen puhdistussuihke, suihkusaippua, yleispuhdistustiiviste","og_url":"https:\/\/eettinenluksus.fi\/shop\/tuote\/method-paketti-syksyn-sinista\/","og_site_name":"Shop Eettinen Luksus","article_publisher":"https:\/\/www.facebook.com\/eettinenluksus","article_modified_time":"2025-07-04T06:30:08+00:00","og_image":[{"width":866,"height":866,"url":"https:\/\/eettinenluksus.fi\/shop\/wp-content\/uploads\/sites\/4\/2025\/06\/Cityshoppari-syksy-2025-866x866px-kuva-50.webp","type":"image\/webp"}],"twitter_card":"summary_large_image","twitter_misc":{"Hinta":"55,00&nbsp;&euro;","Saatavuus":"Varastossa"},"schema":{"@context":"https:\/\/schema.org","@graph":[{"@type":"WebPage","@id":"https:\/\/eettinenluksus.fi\/shop\/tuote\/method-paketti-syksyn-sinista\/","url":"https:\/\/eettinenluksus.fi\/shop\/tuote\/method-paketti-syksyn-sinista\/","name":"Method-paketti Syksyn sinist\u00e4 - Shop Eettinen Luksus","isPartOf":{"@id":"https:\/\/eettinenluksus.fi\/shop\/#website"},"primaryImageOfPage":{"@id":"https:\/\/eettinenluksus.fi\/shop\/tuote\/method-paketti-syksyn-sinista\/#primaryimage"},"image":{"@id":"https:\/\/eettinenluksus.fi\/shop\/tuote\/method-paketti-syksyn-sinista\/#primaryimage"},"thumbnailUrl":"https:\/\/eettinenluksus.fi\/shop\/wp-content\/uploads\/sites\/4\/2025\/06\/Cityshoppari-syksy-2025-866x866px-kuva-50.webp","datePublished":"2025-06-13T12:38:21+00:00","dateModified":"2025-07-04T06:30:08+00:00","description":"Method-paketti Syksyn sine\u00e4: limited edition -tuote, nestesaippua, pyykinpesuaine, ter\u00e4ksen puhdistussuihke, suihkusaippua, yleispuhdistustiiviste","breadcrumb":{"@id":"https:\/\/eettinenluksus.fi\/shop\/tuote\/method-paketti-syksyn-sinista\/#breadcrumb"},"inLanguage":"fi","potentialAction":[{"@type":"ReadAction","target":["https:\/\/eettinenluksus.fi\/shop\/tuote\/method-paketti-syksyn-sinista\/"]}]},{"@type":"ImageObject","inLanguage":"fi","@id":"https:\/\/eettinenluksus.fi\/shop\/tuote\/method-paketti-syksyn-sinista\/#primaryimage","url":"https:\/\/eettinenluksus.fi\/shop\/wp-content\/uploads\/sites\/4\/2025\/06\/Cityshoppari-syksy-2025-866x866px-kuva-50.webp","contentUrl":"https:\/\/eettinenluksus.fi\/shop\/wp-content\/uploads\/sites\/4\/2025\/06\/Cityshoppari-syksy-2025-866x866px-kuva-50.webp","width":866,"height":866,"caption":"Method Syksyn sinist\u00e4 -paketti"},{"@type":"BreadcrumbList","@id":"https:\/\/eettinenluksus.fi\/shop\/tuote\/method-paketti-syksyn-sinista\/#breadcrumb","itemListElement":[{"@type":"ListItem","position":1,"name":"Etusivu","item":"https:\/\/eettinenluksus.fi\/shop\/"},{"@type":"ListItem","position":2,"name":"Kauppa","item":"https:\/\/eettinenluksus.fi\/shop\/en\/kauppa\/"},{"@type":"ListItem","position":3,"name":"Method-paketti Syksyn sinist\u00e4"}]},{"@type":"WebSite","@id":"https:\/\/eettinenluksus.fi\/shop\/#website","url":"https:\/\/eettinenluksus.fi\/shop\/","name":"Shop Eettinen Luksus","description":"Uusi verkkokauppa","publisher":{"@id":"https:\/\/eettinenluksus.fi\/shop\/#organization"},"potentialAction":[{"@type":"SearchAction","target":{"@type":"EntryPoint","urlTemplate":"https:\/\/eettinenluksus.fi\/shop\/?s={search_term_string}"},"query-input":{"@type":"PropertyValueSpecification","valueRequired":true,"valueName":"search_term_string"}}],"inLanguage":"fi"},{"@type":"Organization","@id":"https:\/\/eettinenluksus.fi\/shop\/#organization","name":"Shop Eettinen Luksus","url":"https:\/\/eettinenluksus.fi\/shop\/","logo":{"@type":"ImageObject","inLanguage":"fi","@id":"https:\/\/eettinenluksus.fi\/shop\/#\/schema\/logo\/image\/","url":"https:\/\/eettinenluksus.fi\/shop\/wp-content\/uploads\/sites\/4\/1664\/37\/cropped-ELO.jpg","contentUrl":"https:\/\/eettinenluksus.fi\/shop\/wp-content\/uploads\/sites\/4\/1664\/37\/cropped-ELO.jpg","width":810,"height":350,"caption":"Shop Eettinen Luksus"},"image":{"@id":"https:\/\/eettinenluksus.fi\/shop\/#\/schema\/logo\/image\/"},"sameAs":["https:\/\/www.facebook.com\/eettinenluksus","https:\/\/www.instagram.com\/eettinenluksus\/"]}]},"product_price_amount":"55.00","product_price_currency":"EUR","og_availability":"instock","product_availability":"instock","product_condition":"new"},"_links":{"self":[{"href":"https:\/\/eettinenluksus.fi\/shop\/wp-json\/wp\/v2\/product\/4883","targetHints":{"allow":["GET"]}}],"collection":[{"href":"https:\/\/eettinenluksus.fi\/shop\/wp-json\/wp\/v2\/product"}],"about":[{"href":"https:\/\/eettinenluksus.fi\/shop\/wp-json\/wp\/v2\/types\/product"}],"version-history":[{"count":7,"href":"https:\/\/eettinenluksus.fi\/shop\/wp-json\/wp\/v2\/product\/4883\/revisions"}],"predecessor-version":[{"id":4939,"href":"https:\/\/eettinenluksus.fi\/shop\/wp-json\/wp\/v2\/product\/4883\/revisions\/4939"}],"wp:featuredmedia":[{"embeddable":true,"href":"https:\/\/eettinenluksus.fi\/shop\/wp-json\/wp\/v2\/media\/4938"}],"wp:attachment":[{"href":"https:\/\/eettinenluksus.fi\/shop\/wp-json\/wp\/v2\/media?parent=4883"}],"wp:term":[{"taxonomy":"product_brand","embeddable":true,"href":"https:\/\/eettinenluksus.fi\/shop\/wp-json\/wp\/v2\/product_brand?post=4883"},{"taxonomy":"product_cat","embeddable":true,"href":"https:\/\/eettinenluksus.fi\/shop\/wp-json\/wp\/v2\/product_cat?post=4883"},{"taxonomy":"product_tag","embeddable":true,"href":"https:\/\/eettinenluksus.fi\/shop\/wp-json\/wp\/v2\/product_tag?post=4883"}],"curies":[{"name":"wp","href":"https:\/\/api.w.org\/{rel}","templated":true}]}}