{"id":4874,"date":"2025-08-04T13:25:23","date_gmt":"2025-08-04T10:25:23","guid":{"rendered":"https:\/\/eettinenluksus.fi\/shop\/?post_type=product&#038;p=4874"},"modified":"2025-08-04T14:42:27","modified_gmt":"2025-08-04T11:42:27","slug":"method-pyykinpesuaine-tropical-coconut-990ml","status":"publish","type":"product","link":"https:\/\/eettinenluksus.fi\/shop\/tuote\/method-pyykinpesuaine-tropical-coconut-990ml\/","title":{"rendered":"Method Pyykinpesuaine Tropical Coconut 990ml"},"content":{"rendered":"<p style=\"font-size: 0px;\">Method Pyykinpesuaine Peony Blush 990ml<\/p>\n<p>Luo Methodin kanssa raikas pyykinpesurutiini, joka saa sinut tuntemaan itsesi parhaana versionasi jokaisen pesukerran j\u00e4lkeen. Tekee ihmeit\u00e4 jo 20 asteessa \u2013 poistaa pinttyneet tahrat ja elvytt\u00e4\u00e4 v\u00e4rit. Lis\u00e4ksi ainutlaatuinen carezyme-teknologiamme poistaa \u00e4rsytt\u00e4v\u00e4t nyppyl\u00e4t ajan my\u00f6t\u00e4.<\/p>\n<p>Pid\u00e4tp\u00e4 sitten pi\u00f1a coladoista, pionikimpuista tai haluat marjaisen raikkaan tuoksun, l\u00f6yd\u00e4t itsellesi sopivan tuoksun vaihtoehdoistamme.<\/p>\n<p>Pienell\u00e4 luovuudella ja suurella m\u00e4\u00e4r\u00e4ll\u00e4 vakaumusta voimme saada aikaan suuria asioita. Mieluiten sateenkaareen pukeutuneena ja auringonpaisteelta tuoksuen.<\/p>\n<p>&nbsp;<\/p>\n<ul>\n<li>40 pesukertaa<\/li>\n<li>ei el\u00e4inkokeita<\/li>\n<li>Leaping bunny -sertifikaatti<\/li>\n<li>100 % kierr\u00e4tetyst\u00e4 muovista (ei korkki)<\/li>\n<\/ul>\n<p>&nbsp;<\/p>\n","protected":false},"excerpt":{"rendered":"<p>Tiivistetty pyykinpesuaine valkoisille ja v\u00e4rillisille pyykeille.<\/p>\n<p>Tekee ihmeit\u00e4 jo 20 asteessa. Poistaa sitke\u00e4t tahrat ja elvytt\u00e4\u00e4 v\u00e4rej\u00e4. Sis\u00e4lt\u00e4\u00e4 ainutlaatuista Carezymea.<\/p>\n<p>Tuoksuna Tropical Coconut.<\/p>\n","protected":false},"featured_media":4875,"template":"","meta":{"inline_featured_image":false},"product_brand":[],"product_cat":[17,21,52],"product_tag":[],"class_list":{"0":"post-4874","1":"product","2":"type-product","3":"status-publish","4":"has-post-thumbnail","6":"product_cat-method","7":"product_cat-method-pyykinpesu","8":"product_cat-pyykinpesu","10":"first","11":"instock","12":"taxable","13":"shipping-taxable","14":"purchasable","15":"product-type-simple"},"yoast_head":"<!-- This site is optimized with the Yoast SEO Premium plugin v26.8 (Yoast SEO v27.3) - https:\/\/yoast.com\/product\/yoast-seo-premium-wordpress\/ -->\n<title>Method Pyykinpesuaine Tropical Coconut 990ml - Shop Eettinen Luksus<\/title>\n<meta name=\"description\" content=\"Raikas pyykinpesuaine saa sinut n\u00e4ytt\u00e4m\u00e4\u00e4n ja tuntemaan olosi parhaaksi jokaisella pesulla. Ihmeit\u00e4 jo 20 asteessa. Poistaa tahrat ja elvytt\u00e4\u00e4 v\u00e4rej\u00e4.\" \/>\n<meta name=\"robots\" content=\"index, follow, max-snippet:-1, max-image-preview:large, max-video-preview:-1\" \/>\n<link rel=\"canonical\" href=\"https:\/\/eettinenluksus.fi\/shop\/tuote\/method-pyykinpesuaine-tropical-coconut-990ml\/\" \/>\n<meta property=\"og:locale\" content=\"fi_FI\" \/>\n<meta property=\"og:type\" content=\"article\" \/>\n<meta property=\"og:title\" content=\"Method Pyykinpesuaine Tropical Coconut 990ml\" \/>\n<meta property=\"og:description\" content=\"Raikas pyykinpesuaine saa sinut n\u00e4ytt\u00e4m\u00e4\u00e4n ja tuntemaan olosi parhaaksi jokaisella pesulla. Ihmeit\u00e4 jo 20 asteessa. Poistaa tahrat ja elvytt\u00e4\u00e4 v\u00e4rej\u00e4.\" \/>\n<meta property=\"og:url\" content=\"https:\/\/eettinenluksus.fi\/shop\/tuote\/method-pyykinpesuaine-tropical-coconut-990ml\/\" \/>\n<meta property=\"og:site_name\" content=\"Shop Eettinen Luksus\" \/>\n<meta property=\"article:publisher\" content=\"https:\/\/www.facebook.com\/eettinenluksus\" \/>\n<meta property=\"article:modified_time\" content=\"2025-08-04T11:42:27+00:00\" \/>\n<meta property=\"og:image\" content=\"https:\/\/eettinenluksus.fi\/shop\/wp-content\/uploads\/sites\/4\/2025\/06\/MTD_30ml_LALI_Trop._Coco_0.99L_FI-scaled.png\" \/>\n\t<meta property=\"og:image:width\" content=\"2560\" \/>\n\t<meta property=\"og:image:height\" content=\"2560\" \/>\n\t<meta property=\"og:image:type\" content=\"image\/png\" \/>\n<meta name=\"twitter:card\" content=\"summary_large_image\" \/>\n<meta name=\"twitter:label1\" content=\"Hinta\" \/>\n\t<meta name=\"twitter:data1\" content=\"12,10&nbsp;&euro;\" \/>\n\t<meta name=\"twitter:label2\" content=\"Saatavuus\" \/>\n\t<meta name=\"twitter:data2\" content=\"Varastossa\" \/>\n<script type=\"application\/ld+json\" class=\"yoast-schema-graph\">{\"@context\":\"https:\\\/\\\/schema.org\",\"@graph\":[{\"@type\":\"WebPage\",\"@id\":\"https:\\\/\\\/eettinenluksus.fi\\\/shop\\\/tuote\\\/method-pyykinpesuaine-tropical-coconut-990ml\\\/\",\"url\":\"https:\\\/\\\/eettinenluksus.fi\\\/shop\\\/tuote\\\/method-pyykinpesuaine-tropical-coconut-990ml\\\/\",\"name\":\"Method Pyykinpesuaine Tropical Coconut 990ml - Shop Eettinen Luksus\",\"isPartOf\":{\"@id\":\"https:\\\/\\\/eettinenluksus.fi\\\/shop\\\/#website\"},\"primaryImageOfPage\":{\"@id\":\"https:\\\/\\\/eettinenluksus.fi\\\/shop\\\/tuote\\\/method-pyykinpesuaine-tropical-coconut-990ml\\\/#primaryimage\"},\"image\":{\"@id\":\"https:\\\/\\\/eettinenluksus.fi\\\/shop\\\/tuote\\\/method-pyykinpesuaine-tropical-coconut-990ml\\\/#primaryimage\"},\"thumbnailUrl\":\"https:\\\/\\\/eettinenluksus.fi\\\/shop\\\/wp-content\\\/uploads\\\/sites\\\/4\\\/2025\\\/06\\\/MTD_30ml_LALI_Trop._Coco_0.99L_FI-scaled.png\",\"datePublished\":\"2025-08-04T10:25:23+00:00\",\"dateModified\":\"2025-08-04T11:42:27+00:00\",\"description\":\"Raikas pyykinpesuaine saa sinut n\u00e4ytt\u00e4m\u00e4\u00e4n ja tuntemaan olosi parhaaksi jokaisella pesulla. Ihmeit\u00e4 jo 20 asteessa. Poistaa tahrat ja elvytt\u00e4\u00e4 v\u00e4rej\u00e4.\",\"breadcrumb\":{\"@id\":\"https:\\\/\\\/eettinenluksus.fi\\\/shop\\\/tuote\\\/method-pyykinpesuaine-tropical-coconut-990ml\\\/#breadcrumb\"},\"inLanguage\":\"fi\",\"potentialAction\":[{\"@type\":\"ReadAction\",\"target\":[\"https:\\\/\\\/eettinenluksus.fi\\\/shop\\\/tuote\\\/method-pyykinpesuaine-tropical-coconut-990ml\\\/\"]}]},{\"@type\":\"ImageObject\",\"inLanguage\":\"fi\",\"@id\":\"https:\\\/\\\/eettinenluksus.fi\\\/shop\\\/tuote\\\/method-pyykinpesuaine-tropical-coconut-990ml\\\/#primaryimage\",\"url\":\"https:\\\/\\\/eettinenluksus.fi\\\/shop\\\/wp-content\\\/uploads\\\/sites\\\/4\\\/2025\\\/06\\\/MTD_30ml_LALI_Trop._Coco_0.99L_FI-scaled.png\",\"contentUrl\":\"https:\\\/\\\/eettinenluksus.fi\\\/shop\\\/wp-content\\\/uploads\\\/sites\\\/4\\\/2025\\\/06\\\/MTD_30ml_LALI_Trop._Coco_0.99L_FI-scaled.png\",\"width\":2560,\"height\":2560,\"caption\":\"Method Pyykinpesuaine Tropical Coconut 990ml\"},{\"@type\":\"BreadcrumbList\",\"@id\":\"https:\\\/\\\/eettinenluksus.fi\\\/shop\\\/tuote\\\/method-pyykinpesuaine-tropical-coconut-990ml\\\/#breadcrumb\",\"itemListElement\":[{\"@type\":\"ListItem\",\"position\":1,\"name\":\"Etusivu\",\"item\":\"https:\\\/\\\/eettinenluksus.fi\\\/shop\\\/\"},{\"@type\":\"ListItem\",\"position\":2,\"name\":\"Kauppa\",\"item\":\"https:\\\/\\\/eettinenluksus.fi\\\/shop\\\/en\\\/kauppa\\\/\"},{\"@type\":\"ListItem\",\"position\":3,\"name\":\"Method Pyykinpesuaine Tropical Coconut 990ml\"}]},{\"@type\":\"WebSite\",\"@id\":\"https:\\\/\\\/eettinenluksus.fi\\\/shop\\\/#website\",\"url\":\"https:\\\/\\\/eettinenluksus.fi\\\/shop\\\/\",\"name\":\"Shop Eettinen Luksus\",\"description\":\"Uusi verkkokauppa\",\"publisher\":{\"@id\":\"https:\\\/\\\/eettinenluksus.fi\\\/shop\\\/#organization\"},\"potentialAction\":[{\"@type\":\"SearchAction\",\"target\":{\"@type\":\"EntryPoint\",\"urlTemplate\":\"https:\\\/\\\/eettinenluksus.fi\\\/shop\\\/?s={search_term_string}\"},\"query-input\":{\"@type\":\"PropertyValueSpecification\",\"valueRequired\":true,\"valueName\":\"search_term_string\"}}],\"inLanguage\":\"fi\"},{\"@type\":\"Organization\",\"@id\":\"https:\\\/\\\/eettinenluksus.fi\\\/shop\\\/#organization\",\"name\":\"Shop Eettinen Luksus\",\"url\":\"https:\\\/\\\/eettinenluksus.fi\\\/shop\\\/\",\"logo\":{\"@type\":\"ImageObject\",\"inLanguage\":\"fi\",\"@id\":\"https:\\\/\\\/eettinenluksus.fi\\\/shop\\\/#\\\/schema\\\/logo\\\/image\\\/\",\"url\":\"https:\\\/\\\/eettinenluksus.fi\\\/shop\\\/wp-content\\\/uploads\\\/sites\\\/4\\\/1664\\\/37\\\/cropped-ELO.jpg\",\"contentUrl\":\"https:\\\/\\\/eettinenluksus.fi\\\/shop\\\/wp-content\\\/uploads\\\/sites\\\/4\\\/1664\\\/37\\\/cropped-ELO.jpg\",\"width\":810,\"height\":350,\"caption\":\"Shop Eettinen Luksus\"},\"image\":{\"@id\":\"https:\\\/\\\/eettinenluksus.fi\\\/shop\\\/#\\\/schema\\\/logo\\\/image\\\/\"},\"sameAs\":[\"https:\\\/\\\/www.facebook.com\\\/eettinenluksus\",\"https:\\\/\\\/www.instagram.com\\\/eettinenluksus\\\/\"]}]}<\/script>\n<meta property=\"product:price:amount\" content=\"12.10\" \/>\n<meta property=\"product:price:currency\" content=\"EUR\" \/>\n<meta property=\"og:availability\" content=\"instock\" \/>\n<meta property=\"product:availability\" content=\"instock\" \/>\n<meta property=\"product:retailer_item_id\" content=\"4006535\" \/>\n<meta property=\"product:condition\" content=\"new\" \/>\n<!-- \/ Yoast SEO Premium plugin. -->","yoast_head_json":{"title":"Method Pyykinpesuaine Tropical Coconut 990ml - Shop Eettinen Luksus","description":"Raikas pyykinpesuaine saa sinut n\u00e4ytt\u00e4m\u00e4\u00e4n ja tuntemaan olosi parhaaksi jokaisella pesulla. Ihmeit\u00e4 jo 20 asteessa. Poistaa tahrat ja elvytt\u00e4\u00e4 v\u00e4rej\u00e4.","robots":{"index":"index","follow":"follow","max-snippet":"max-snippet:-1","max-image-preview":"max-image-preview:large","max-video-preview":"max-video-preview:-1"},"canonical":"https:\/\/eettinenluksus.fi\/shop\/tuote\/method-pyykinpesuaine-tropical-coconut-990ml\/","og_locale":"fi_FI","og_type":"article","og_title":"Method Pyykinpesuaine Tropical Coconut 990ml","og_description":"Raikas pyykinpesuaine saa sinut n\u00e4ytt\u00e4m\u00e4\u00e4n ja tuntemaan olosi parhaaksi jokaisella pesulla. Ihmeit\u00e4 jo 20 asteessa. Poistaa tahrat ja elvytt\u00e4\u00e4 v\u00e4rej\u00e4.","og_url":"https:\/\/eettinenluksus.fi\/shop\/tuote\/method-pyykinpesuaine-tropical-coconut-990ml\/","og_site_name":"Shop Eettinen Luksus","article_publisher":"https:\/\/www.facebook.com\/eettinenluksus","article_modified_time":"2025-08-04T11:42:27+00:00","og_image":[{"width":2560,"height":2560,"url":"https:\/\/eettinenluksus.fi\/shop\/wp-content\/uploads\/sites\/4\/2025\/06\/MTD_30ml_LALI_Trop._Coco_0.99L_FI-scaled.png","type":"image\/png"}],"twitter_card":"summary_large_image","twitter_misc":{"Hinta":"12,10&nbsp;&euro;","Saatavuus":"Varastossa"},"schema":{"@context":"https:\/\/schema.org","@graph":[{"@type":"WebPage","@id":"https:\/\/eettinenluksus.fi\/shop\/tuote\/method-pyykinpesuaine-tropical-coconut-990ml\/","url":"https:\/\/eettinenluksus.fi\/shop\/tuote\/method-pyykinpesuaine-tropical-coconut-990ml\/","name":"Method Pyykinpesuaine Tropical Coconut 990ml - Shop Eettinen Luksus","isPartOf":{"@id":"https:\/\/eettinenluksus.fi\/shop\/#website"},"primaryImageOfPage":{"@id":"https:\/\/eettinenluksus.fi\/shop\/tuote\/method-pyykinpesuaine-tropical-coconut-990ml\/#primaryimage"},"image":{"@id":"https:\/\/eettinenluksus.fi\/shop\/tuote\/method-pyykinpesuaine-tropical-coconut-990ml\/#primaryimage"},"thumbnailUrl":"https:\/\/eettinenluksus.fi\/shop\/wp-content\/uploads\/sites\/4\/2025\/06\/MTD_30ml_LALI_Trop._Coco_0.99L_FI-scaled.png","datePublished":"2025-08-04T10:25:23+00:00","dateModified":"2025-08-04T11:42:27+00:00","description":"Raikas pyykinpesuaine saa sinut n\u00e4ytt\u00e4m\u00e4\u00e4n ja tuntemaan olosi parhaaksi jokaisella pesulla. Ihmeit\u00e4 jo 20 asteessa. Poistaa tahrat ja elvytt\u00e4\u00e4 v\u00e4rej\u00e4.","breadcrumb":{"@id":"https:\/\/eettinenluksus.fi\/shop\/tuote\/method-pyykinpesuaine-tropical-coconut-990ml\/#breadcrumb"},"inLanguage":"fi","potentialAction":[{"@type":"ReadAction","target":["https:\/\/eettinenluksus.fi\/shop\/tuote\/method-pyykinpesuaine-tropical-coconut-990ml\/"]}]},{"@type":"ImageObject","inLanguage":"fi","@id":"https:\/\/eettinenluksus.fi\/shop\/tuote\/method-pyykinpesuaine-tropical-coconut-990ml\/#primaryimage","url":"https:\/\/eettinenluksus.fi\/shop\/wp-content\/uploads\/sites\/4\/2025\/06\/MTD_30ml_LALI_Trop._Coco_0.99L_FI-scaled.png","contentUrl":"https:\/\/eettinenluksus.fi\/shop\/wp-content\/uploads\/sites\/4\/2025\/06\/MTD_30ml_LALI_Trop._Coco_0.99L_FI-scaled.png","width":2560,"height":2560,"caption":"Method Pyykinpesuaine Tropical Coconut 990ml"},{"@type":"BreadcrumbList","@id":"https:\/\/eettinenluksus.fi\/shop\/tuote\/method-pyykinpesuaine-tropical-coconut-990ml\/#breadcrumb","itemListElement":[{"@type":"ListItem","position":1,"name":"Etusivu","item":"https:\/\/eettinenluksus.fi\/shop\/"},{"@type":"ListItem","position":2,"name":"Kauppa","item":"https:\/\/eettinenluksus.fi\/shop\/en\/kauppa\/"},{"@type":"ListItem","position":3,"name":"Method Pyykinpesuaine Tropical Coconut 990ml"}]},{"@type":"WebSite","@id":"https:\/\/eettinenluksus.fi\/shop\/#website","url":"https:\/\/eettinenluksus.fi\/shop\/","name":"Shop Eettinen Luksus","description":"Uusi verkkokauppa","publisher":{"@id":"https:\/\/eettinenluksus.fi\/shop\/#organization"},"potentialAction":[{"@type":"SearchAction","target":{"@type":"EntryPoint","urlTemplate":"https:\/\/eettinenluksus.fi\/shop\/?s={search_term_string}"},"query-input":{"@type":"PropertyValueSpecification","valueRequired":true,"valueName":"search_term_string"}}],"inLanguage":"fi"},{"@type":"Organization","@id":"https:\/\/eettinenluksus.fi\/shop\/#organization","name":"Shop Eettinen Luksus","url":"https:\/\/eettinenluksus.fi\/shop\/","logo":{"@type":"ImageObject","inLanguage":"fi","@id":"https:\/\/eettinenluksus.fi\/shop\/#\/schema\/logo\/image\/","url":"https:\/\/eettinenluksus.fi\/shop\/wp-content\/uploads\/sites\/4\/1664\/37\/cropped-ELO.jpg","contentUrl":"https:\/\/eettinenluksus.fi\/shop\/wp-content\/uploads\/sites\/4\/1664\/37\/cropped-ELO.jpg","width":810,"height":350,"caption":"Shop Eettinen Luksus"},"image":{"@id":"https:\/\/eettinenluksus.fi\/shop\/#\/schema\/logo\/image\/"},"sameAs":["https:\/\/www.facebook.com\/eettinenluksus","https:\/\/www.instagram.com\/eettinenluksus\/"]}]},"product_price_amount":"12.10","product_price_currency":"EUR","og_availability":"instock","product_availability":"instock","product_retailer_item_id":"4006535","product_condition":"new"},"_links":{"self":[{"href":"https:\/\/eettinenluksus.fi\/shop\/wp-json\/wp\/v2\/product\/4874","targetHints":{"allow":["GET"]}}],"collection":[{"href":"https:\/\/eettinenluksus.fi\/shop\/wp-json\/wp\/v2\/product"}],"about":[{"href":"https:\/\/eettinenluksus.fi\/shop\/wp-json\/wp\/v2\/types\/product"}],"version-history":[{"count":2,"href":"https:\/\/eettinenluksus.fi\/shop\/wp-json\/wp\/v2\/product\/4874\/revisions"}],"predecessor-version":[{"id":4995,"href":"https:\/\/eettinenluksus.fi\/shop\/wp-json\/wp\/v2\/product\/4874\/revisions\/4995"}],"wp:featuredmedia":[{"embeddable":true,"href":"https:\/\/eettinenluksus.fi\/shop\/wp-json\/wp\/v2\/media\/4875"}],"wp:attachment":[{"href":"https:\/\/eettinenluksus.fi\/shop\/wp-json\/wp\/v2\/media?parent=4874"}],"wp:term":[{"taxonomy":"product_brand","embeddable":true,"href":"https:\/\/eettinenluksus.fi\/shop\/wp-json\/wp\/v2\/product_brand?post=4874"},{"taxonomy":"product_cat","embeddable":true,"href":"https:\/\/eettinenluksus.fi\/shop\/wp-json\/wp\/v2\/product_cat?post=4874"},{"taxonomy":"product_tag","embeddable":true,"href":"https:\/\/eettinenluksus.fi\/shop\/wp-json\/wp\/v2\/product_tag?post=4874"}],"curies":[{"name":"wp","href":"https:\/\/api.w.org\/{rel}","templated":true}]}}