{"id":4770,"date":"2025-04-29T14:45:05","date_gmt":"2025-04-29T11:45:05","guid":{"rendered":"https:\/\/eettinenluksus.fi\/shop\/?post_type=product&#038;p=4770"},"modified":"2025-10-23T17:55:20","modified_gmt":"2025-10-23T14:55:20","slug":"method-paketti-kesan-vihreytta","status":"publish","type":"product","link":"https:\/\/eettinenluksus.fi\/shop\/tuote\/method-paketti-kesan-vihreytta\/","title":{"rendered":"Method-paketti kes\u00e4n vihreytt\u00e4"},"content":{"rendered":"<p>Method-paketti kes\u00e4n vihreytt\u00e4<\/p>\n<p>Sis\u00e4lt\u00e4\u00e4 kuusi tuotetta:<\/p>\n<p><a href=\"https:\/\/eettinenluksus.fi\/shop\/tuote\/method-lasinpesuaine-minttu-828ml\/\" target=\"_blank\" rel=\"noopener\">Method Lasinpesuaine Minttu 828ml<\/a><\/p>\n<p>Kasvi- ja mineraalipohjaisista ainesosista valmistettu biohajoava lasinpesuaine puhdistaa ikkunat, peilit ja muut lasipinnat ilman raitoja Powergreen\u00ae-teknologia voimalla. Ihanteellinen ikkunoiden ja peilien puhdistusaine. Soveltuu my\u00f6s kivipinnoille, laatoille, ty\u00f6tasoille. Tuoksuna minttu \u2013 Virkist\u00e4v\u00e4, viile\u00e4n kirpe\u00e4 mintun tuoksu saa lis\u00e4v\u00e4ri\u00e4 eukalyptuksen lehdist\u00e4 ja j\u00e4\u00e4t\u00e4v\u00e4st\u00e4 villimintusta. Lopputulos on kuin henk\u00e4ys vuoristoilmaa.<\/p>\n<p><a href=\"https:\/\/eettinenluksus.fi\/shop\/tuote\/method-nestesaippua-waterfall-354ml\/\" target=\"_blank\" rel=\"noopener\">Method Nestesaippua Waterfall 354ml<\/a><\/p>\n<div class=\"woocommerce-product-details__short-description\">\n<p>Kasvi- ja mineraalipohjainen vegaaninen nestesaippua. Sis\u00e4lt\u00e4\u00e4 glyseriini\u00e4, aloe veraa ja E-vitamiinia. Tuoksu Waterfall \u2013 Pakene hetkeksi meren saarelle. Antaudu lumpeen ja santelipuun miellytt\u00e4v\u00e4\u00e4n tuoksuun.<\/p>\n<\/div>\n<p><a href=\"https:\/\/eettinenluksus.fi\/shop\/tuote\/method-keittion-puhdistusaine-klementiini-828ml\/\" target=\"_blank\" rel=\"noopener\">Method Keitti\u00f6n puhdistusaine 828ml<\/a><\/p>\n<div class=\"woocommerce-product-details__short-description\">\n<p>K\u00e4ytt\u00f6valmis ja tehokas Powergreen\u00ae-teknologiaa hy\u00f6dynt\u00e4v\u00e4 keitti\u00f6n puhdistusaine ty\u00f6tasoille, kivipinnoille, laatoille, puulle ja lasille. Biohajoavat puhdistavat ainesosat maissista ja kookoksesta. Tuoksuna klementiini \u2013 appelsiinin pikantti pikkusisko.<\/p>\n<\/div>\n<p><a href=\"https:\/\/eettinenluksus.fi\/shop\/tuote\/method-astianpesuaine-citrus-green-tea-532ml\/\" target=\"_blank\" rel=\"noopener\">Method Astianpesuaine Citrus Green tea 532ml<\/a><\/p>\n<p>Ekologinen astianpesuaine. Rohkeaa ja kaunista muotoilua pesualtaan laidalle. Suunniteltu pit\u00e4en mieless\u00e4 planeettamme. Kasvipohjaiset, vegaaniyst\u00e4v\u00e4lliset, biohajoavat aineosat voittavat lian ja rasvan sek\u00e4 saavat lautaset s\u00e4ihkym\u00e4\u00e4n ja kattilat kiilt\u00e4m\u00e4\u00e4n. Yhdess\u00e4 voimme muuttaa rutiinit ilotulitukseksi. Tuoksuna Green tea + Citrus \u2013 Rauhoittavan vihre\u00e4n teen ja raikkaan sitruunan mystinen duo saa sinut leijailemaan.<\/p>\n<p><a href=\"https:\/\/eettinenluksus.fi\/shop\/tuote\/method-suihkusaippua-daily-zen-532ml\/\" target=\"_blank\" rel=\"noopener\">Method Suihkusaippua Daily Zen 532ml<\/a><\/p>\n<p>Mielialaa kohottava suihkusaippuamme saa sinut tuntemaan olosi paremmaksi niin sis\u00e4isesti kuin ulkoisestikin. Bonuksena se my\u00f6s n\u00e4ytt\u00e4\u00e4 hyv\u00e4lt\u00e4 ja siksi uskommekin, ett\u00e4 se on kuin sinulle tehty. Daily Zen \u2013 Haluaisitko\u2026huokaista hetken? Viile\u00e4, kurkulta, merilev\u00e4lt\u00e4 + vihre\u00e4lt\u00e4 teelt\u00e4 tuoksuva suihkusaippua j\u00e4tt\u00e4\u00e4 ihosi raikkaaksi ja sinut virkistyneemm\u00e4ksi.<\/p>\n<p><a href=\"https:\/\/eettinenluksus.fi\/shop\/tuote\/method-yleispuhdistustiiviste-refreshing-240ml\/\" target=\"_blank\" rel=\"noopener\">Method Yleispuhdistustiiviste Refreshing 240ml<\/a><\/p>\n<div class=\"woocommerce-product-details__short-description\">\n<p>Yleispuhdistustiiviste on kooltaan pieni, mutta asenteeltaan suuri. Ekologinen 10 x v\u00e4kev\u00e4mpi tiiviste. Laimenna suihkepulloon, sankoon tai k\u00e4yt\u00e4 raakana. Tuoksuna Refreshing lotus flower + sage<\/p>\n<\/div>\n<ul>\n<li>Ei el\u00e4inkokeita<\/li>\n<li>Ei el\u00e4inper\u00e4isi\u00e4 raaka-aineita<\/li>\n<li>Leaping Bunny -sertifikaatti<\/li>\n<\/ul>\n","protected":false},"excerpt":{"rendered":"<p>Method-paketti kes\u00e4n vihreytt\u00e4<\/p>\n<p>Sis\u00e4lt\u00e4\u00e4 kuusi tuotetta:<\/p>\n<ul>\n<li>Method Lasinpesuaine Minttu 828ml<\/li>\n<li>Method Nestesaippua Waterfall 354ml<\/li>\n<li>Method Keitti\u00f6n puhdistusaine 828ml<\/li>\n<li>Method Astianpesuaine Citrus Green tea 532ml<\/li>\n<li>Method Suihkusaippua Daily Zen 532ml<\/li>\n<li>Method Yleispuhdistustiiviste Refreshing 240ml<\/li>\n<\/ul>\n","protected":false},"featured_media":4774,"template":"","meta":{"inline_featured_image":false},"product_brand":[],"product_cat":[48,50,51,17,26,22,20,19,427,49,56,338],"product_tag":[],"class_list":{"0":"post-4770","1":"product","2":"type-product","3":"status-publish","4":"has-post-thumbnail","6":"product_cat-astianpesu","7":"product_cat-erikoispuhdistus","8":"product_cat-kasienpesu","9":"product_cat-method","10":"product_cat-method-astianpesu","11":"product_cat-method-erikoispuhdistus","12":"product_cat-method-kasienpesu","13":"product_cat-method-siivous","14":"product_cat-method-tuotepaketit","15":"product_cat-siivous","16":"product_cat-tuotepaketit","17":"product_cat-vartalonpesu","19":"first","20":"instock","21":"taxable","22":"shipping-taxable","23":"purchasable","24":"product-type-simple"},"yoast_head":"<!-- This site is optimized with the Yoast SEO Premium plugin v26.8 (Yoast SEO v27.4) - https:\/\/yoast.com\/product\/yoast-seo-premium-wordpress\/ -->\n<title>Method-paketti kes\u00e4n vihreytt\u00e4 - Shop Eettinen Luksus<\/title>\n<meta name=\"description\" content=\"Method-paketti kes\u00e4n vihreytt\u00e4 sis\u00e4lt\u00e4\u00e4 lasinpesuaine, nestesaippua, keitti\u00f6n puhdistusaine, astianpesuaine, suihkusaippua, yleispuhdistustiiviste\" \/>\n<meta name=\"robots\" content=\"index, follow, max-snippet:-1, max-image-preview:large, max-video-preview:-1\" \/>\n<link rel=\"canonical\" href=\"https:\/\/eettinenluksus.fi\/shop\/tuote\/method-paketti-kesan-vihreytta\/\" \/>\n<meta property=\"og:locale\" content=\"fi_FI\" \/>\n<meta property=\"og:type\" content=\"article\" \/>\n<meta property=\"og:title\" content=\"Method-paketti kes\u00e4n vihreytt\u00e4\" \/>\n<meta property=\"og:description\" content=\"Method-paketti kes\u00e4n vihreytt\u00e4 sis\u00e4lt\u00e4\u00e4 lasinpesuaine, nestesaippua, keitti\u00f6n puhdistusaine, astianpesuaine, suihkusaippua, yleispuhdistustiiviste\" \/>\n<meta property=\"og:url\" content=\"https:\/\/eettinenluksus.fi\/shop\/tuote\/method-paketti-kesan-vihreytta\/\" \/>\n<meta property=\"og:site_name\" content=\"Shop Eettinen Luksus\" \/>\n<meta property=\"article:publisher\" content=\"https:\/\/www.facebook.com\/eettinenluksus\" \/>\n<meta property=\"article:modified_time\" content=\"2025-10-23T14:55:20+00:00\" \/>\n<meta property=\"og:image\" content=\"https:\/\/eettinenluksus.fi\/shop\/wp-content\/uploads\/sites\/4\/2025\/04\/Cityshoppari-kesa-2025-kuva-866x866px.webp\" \/>\n\t<meta property=\"og:image:width\" content=\"866\" \/>\n\t<meta property=\"og:image:height\" content=\"866\" \/>\n\t<meta property=\"og:image:type\" content=\"image\/webp\" \/>\n<meta name=\"twitter:card\" content=\"summary_large_image\" \/>\n<meta name=\"twitter:label1\" content=\"Hinta\" \/>\n\t<meta name=\"twitter:data1\" content=\"48,00&nbsp;&euro;\" \/>\n\t<meta name=\"twitter:label2\" content=\"Saatavuus\" \/>\n\t<meta name=\"twitter:data2\" content=\"Varastossa\" \/>\n<script type=\"application\/ld+json\" class=\"yoast-schema-graph\">{\"@context\":\"https:\\\/\\\/schema.org\",\"@graph\":[{\"@type\":\"WebPage\",\"@id\":\"https:\\\/\\\/eettinenluksus.fi\\\/shop\\\/tuote\\\/method-paketti-kesan-vihreytta\\\/\",\"url\":\"https:\\\/\\\/eettinenluksus.fi\\\/shop\\\/tuote\\\/method-paketti-kesan-vihreytta\\\/\",\"name\":\"Method-paketti kes\u00e4n vihreytt\u00e4 - Shop Eettinen Luksus\",\"isPartOf\":{\"@id\":\"https:\\\/\\\/eettinenluksus.fi\\\/shop\\\/#website\"},\"primaryImageOfPage\":{\"@id\":\"https:\\\/\\\/eettinenluksus.fi\\\/shop\\\/tuote\\\/method-paketti-kesan-vihreytta\\\/#primaryimage\"},\"image\":{\"@id\":\"https:\\\/\\\/eettinenluksus.fi\\\/shop\\\/tuote\\\/method-paketti-kesan-vihreytta\\\/#primaryimage\"},\"thumbnailUrl\":\"https:\\\/\\\/eettinenluksus.fi\\\/shop\\\/wp-content\\\/uploads\\\/sites\\\/4\\\/2025\\\/04\\\/Cityshoppari-kesa-2025-kuva-866x866px.webp\",\"datePublished\":\"2025-04-29T11:45:05+00:00\",\"dateModified\":\"2025-10-23T14:55:20+00:00\",\"description\":\"Method-paketti kes\u00e4n vihreytt\u00e4 sis\u00e4lt\u00e4\u00e4 lasinpesuaine, nestesaippua, keitti\u00f6n puhdistusaine, astianpesuaine, suihkusaippua, yleispuhdistustiiviste\",\"breadcrumb\":{\"@id\":\"https:\\\/\\\/eettinenluksus.fi\\\/shop\\\/tuote\\\/method-paketti-kesan-vihreytta\\\/#breadcrumb\"},\"inLanguage\":\"fi\",\"potentialAction\":[{\"@type\":\"ReadAction\",\"target\":[\"https:\\\/\\\/eettinenluksus.fi\\\/shop\\\/tuote\\\/method-paketti-kesan-vihreytta\\\/\"]}]},{\"@type\":\"ImageObject\",\"inLanguage\":\"fi\",\"@id\":\"https:\\\/\\\/eettinenluksus.fi\\\/shop\\\/tuote\\\/method-paketti-kesan-vihreytta\\\/#primaryimage\",\"url\":\"https:\\\/\\\/eettinenluksus.fi\\\/shop\\\/wp-content\\\/uploads\\\/sites\\\/4\\\/2025\\\/04\\\/Cityshoppari-kesa-2025-kuva-866x866px.webp\",\"contentUrl\":\"https:\\\/\\\/eettinenluksus.fi\\\/shop\\\/wp-content\\\/uploads\\\/sites\\\/4\\\/2025\\\/04\\\/Cityshoppari-kesa-2025-kuva-866x866px.webp\",\"width\":866,\"height\":866,\"caption\":\"method-paketti kes\u00e4n vihreytt\u00e4\"},{\"@type\":\"BreadcrumbList\",\"@id\":\"https:\\\/\\\/eettinenluksus.fi\\\/shop\\\/tuote\\\/method-paketti-kesan-vihreytta\\\/#breadcrumb\",\"itemListElement\":[{\"@type\":\"ListItem\",\"position\":1,\"name\":\"Etusivu\",\"item\":\"https:\\\/\\\/eettinenluksus.fi\\\/shop\\\/\"},{\"@type\":\"ListItem\",\"position\":2,\"name\":\"Kauppa\",\"item\":\"https:\\\/\\\/eettinenluksus.fi\\\/shop\\\/en\\\/kauppa\\\/\"},{\"@type\":\"ListItem\",\"position\":3,\"name\":\"Method-paketti kes\u00e4n vihreytt\u00e4\"}]},{\"@type\":\"WebSite\",\"@id\":\"https:\\\/\\\/eettinenluksus.fi\\\/shop\\\/#website\",\"url\":\"https:\\\/\\\/eettinenluksus.fi\\\/shop\\\/\",\"name\":\"Shop Eettinen Luksus\",\"description\":\"Uusi verkkokauppa\",\"publisher\":{\"@id\":\"https:\\\/\\\/eettinenluksus.fi\\\/shop\\\/#organization\"},\"potentialAction\":[{\"@type\":\"SearchAction\",\"target\":{\"@type\":\"EntryPoint\",\"urlTemplate\":\"https:\\\/\\\/eettinenluksus.fi\\\/shop\\\/?s={search_term_string}\"},\"query-input\":{\"@type\":\"PropertyValueSpecification\",\"valueRequired\":true,\"valueName\":\"search_term_string\"}}],\"inLanguage\":\"fi\"},{\"@type\":\"Organization\",\"@id\":\"https:\\\/\\\/eettinenluksus.fi\\\/shop\\\/#organization\",\"name\":\"Shop Eettinen Luksus\",\"url\":\"https:\\\/\\\/eettinenluksus.fi\\\/shop\\\/\",\"logo\":{\"@type\":\"ImageObject\",\"inLanguage\":\"fi\",\"@id\":\"https:\\\/\\\/eettinenluksus.fi\\\/shop\\\/#\\\/schema\\\/logo\\\/image\\\/\",\"url\":\"https:\\\/\\\/eettinenluksus.fi\\\/shop\\\/wp-content\\\/uploads\\\/sites\\\/4\\\/1664\\\/37\\\/cropped-ELO.jpg\",\"contentUrl\":\"https:\\\/\\\/eettinenluksus.fi\\\/shop\\\/wp-content\\\/uploads\\\/sites\\\/4\\\/1664\\\/37\\\/cropped-ELO.jpg\",\"width\":810,\"height\":350,\"caption\":\"Shop Eettinen Luksus\"},\"image\":{\"@id\":\"https:\\\/\\\/eettinenluksus.fi\\\/shop\\\/#\\\/schema\\\/logo\\\/image\\\/\"},\"sameAs\":[\"https:\\\/\\\/www.facebook.com\\\/eettinenluksus\",\"https:\\\/\\\/www.instagram.com\\\/eettinenluksus\\\/\"]}]}<\/script>\n<meta property=\"product:price:amount\" content=\"48.00\" \/>\n<meta property=\"product:price:currency\" content=\"EUR\" \/>\n<meta property=\"og:availability\" content=\"instock\" \/>\n<meta property=\"product:availability\" content=\"instock\" \/>\n<meta property=\"product:condition\" content=\"new\" \/>\n<!-- \/ Yoast SEO Premium plugin. -->","yoast_head_json":{"title":"Method-paketti kes\u00e4n vihreytt\u00e4 - Shop Eettinen Luksus","description":"Method-paketti kes\u00e4n vihreytt\u00e4 sis\u00e4lt\u00e4\u00e4 lasinpesuaine, nestesaippua, keitti\u00f6n puhdistusaine, astianpesuaine, suihkusaippua, yleispuhdistustiiviste","robots":{"index":"index","follow":"follow","max-snippet":"max-snippet:-1","max-image-preview":"max-image-preview:large","max-video-preview":"max-video-preview:-1"},"canonical":"https:\/\/eettinenluksus.fi\/shop\/tuote\/method-paketti-kesan-vihreytta\/","og_locale":"fi_FI","og_type":"article","og_title":"Method-paketti kes\u00e4n vihreytt\u00e4","og_description":"Method-paketti kes\u00e4n vihreytt\u00e4 sis\u00e4lt\u00e4\u00e4 lasinpesuaine, nestesaippua, keitti\u00f6n puhdistusaine, astianpesuaine, suihkusaippua, yleispuhdistustiiviste","og_url":"https:\/\/eettinenluksus.fi\/shop\/tuote\/method-paketti-kesan-vihreytta\/","og_site_name":"Shop Eettinen Luksus","article_publisher":"https:\/\/www.facebook.com\/eettinenluksus","article_modified_time":"2025-10-23T14:55:20+00:00","og_image":[{"width":866,"height":866,"url":"https:\/\/eettinenluksus.fi\/shop\/wp-content\/uploads\/sites\/4\/2025\/04\/Cityshoppari-kesa-2025-kuva-866x866px.webp","type":"image\/webp"}],"twitter_card":"summary_large_image","twitter_misc":{"Hinta":"48,00&nbsp;&euro;","Saatavuus":"Varastossa"},"schema":{"@context":"https:\/\/schema.org","@graph":[{"@type":"WebPage","@id":"https:\/\/eettinenluksus.fi\/shop\/tuote\/method-paketti-kesan-vihreytta\/","url":"https:\/\/eettinenluksus.fi\/shop\/tuote\/method-paketti-kesan-vihreytta\/","name":"Method-paketti kes\u00e4n vihreytt\u00e4 - Shop Eettinen Luksus","isPartOf":{"@id":"https:\/\/eettinenluksus.fi\/shop\/#website"},"primaryImageOfPage":{"@id":"https:\/\/eettinenluksus.fi\/shop\/tuote\/method-paketti-kesan-vihreytta\/#primaryimage"},"image":{"@id":"https:\/\/eettinenluksus.fi\/shop\/tuote\/method-paketti-kesan-vihreytta\/#primaryimage"},"thumbnailUrl":"https:\/\/eettinenluksus.fi\/shop\/wp-content\/uploads\/sites\/4\/2025\/04\/Cityshoppari-kesa-2025-kuva-866x866px.webp","datePublished":"2025-04-29T11:45:05+00:00","dateModified":"2025-10-23T14:55:20+00:00","description":"Method-paketti kes\u00e4n vihreytt\u00e4 sis\u00e4lt\u00e4\u00e4 lasinpesuaine, nestesaippua, keitti\u00f6n puhdistusaine, astianpesuaine, suihkusaippua, yleispuhdistustiiviste","breadcrumb":{"@id":"https:\/\/eettinenluksus.fi\/shop\/tuote\/method-paketti-kesan-vihreytta\/#breadcrumb"},"inLanguage":"fi","potentialAction":[{"@type":"ReadAction","target":["https:\/\/eettinenluksus.fi\/shop\/tuote\/method-paketti-kesan-vihreytta\/"]}]},{"@type":"ImageObject","inLanguage":"fi","@id":"https:\/\/eettinenluksus.fi\/shop\/tuote\/method-paketti-kesan-vihreytta\/#primaryimage","url":"https:\/\/eettinenluksus.fi\/shop\/wp-content\/uploads\/sites\/4\/2025\/04\/Cityshoppari-kesa-2025-kuva-866x866px.webp","contentUrl":"https:\/\/eettinenluksus.fi\/shop\/wp-content\/uploads\/sites\/4\/2025\/04\/Cityshoppari-kesa-2025-kuva-866x866px.webp","width":866,"height":866,"caption":"method-paketti kes\u00e4n vihreytt\u00e4"},{"@type":"BreadcrumbList","@id":"https:\/\/eettinenluksus.fi\/shop\/tuote\/method-paketti-kesan-vihreytta\/#breadcrumb","itemListElement":[{"@type":"ListItem","position":1,"name":"Etusivu","item":"https:\/\/eettinenluksus.fi\/shop\/"},{"@type":"ListItem","position":2,"name":"Kauppa","item":"https:\/\/eettinenluksus.fi\/shop\/en\/kauppa\/"},{"@type":"ListItem","position":3,"name":"Method-paketti kes\u00e4n vihreytt\u00e4"}]},{"@type":"WebSite","@id":"https:\/\/eettinenluksus.fi\/shop\/#website","url":"https:\/\/eettinenluksus.fi\/shop\/","name":"Shop Eettinen Luksus","description":"Uusi verkkokauppa","publisher":{"@id":"https:\/\/eettinenluksus.fi\/shop\/#organization"},"potentialAction":[{"@type":"SearchAction","target":{"@type":"EntryPoint","urlTemplate":"https:\/\/eettinenluksus.fi\/shop\/?s={search_term_string}"},"query-input":{"@type":"PropertyValueSpecification","valueRequired":true,"valueName":"search_term_string"}}],"inLanguage":"fi"},{"@type":"Organization","@id":"https:\/\/eettinenluksus.fi\/shop\/#organization","name":"Shop Eettinen Luksus","url":"https:\/\/eettinenluksus.fi\/shop\/","logo":{"@type":"ImageObject","inLanguage":"fi","@id":"https:\/\/eettinenluksus.fi\/shop\/#\/schema\/logo\/image\/","url":"https:\/\/eettinenluksus.fi\/shop\/wp-content\/uploads\/sites\/4\/1664\/37\/cropped-ELO.jpg","contentUrl":"https:\/\/eettinenluksus.fi\/shop\/wp-content\/uploads\/sites\/4\/1664\/37\/cropped-ELO.jpg","width":810,"height":350,"caption":"Shop Eettinen Luksus"},"image":{"@id":"https:\/\/eettinenluksus.fi\/shop\/#\/schema\/logo\/image\/"},"sameAs":["https:\/\/www.facebook.com\/eettinenluksus","https:\/\/www.instagram.com\/eettinenluksus\/"]}]},"product_price_amount":"48.00","product_price_currency":"EUR","og_availability":"instock","product_availability":"instock","product_condition":"new"},"_links":{"self":[{"href":"https:\/\/eettinenluksus.fi\/shop\/wp-json\/wp\/v2\/product\/4770","targetHints":{"allow":["GET"]}}],"collection":[{"href":"https:\/\/eettinenluksus.fi\/shop\/wp-json\/wp\/v2\/product"}],"about":[{"href":"https:\/\/eettinenluksus.fi\/shop\/wp-json\/wp\/v2\/types\/product"}],"version-history":[{"count":1,"href":"https:\/\/eettinenluksus.fi\/shop\/wp-json\/wp\/v2\/product\/4770\/revisions"}],"predecessor-version":[{"id":4771,"href":"https:\/\/eettinenluksus.fi\/shop\/wp-json\/wp\/v2\/product\/4770\/revisions\/4771"}],"wp:featuredmedia":[{"embeddable":true,"href":"https:\/\/eettinenluksus.fi\/shop\/wp-json\/wp\/v2\/media\/4774"}],"wp:attachment":[{"href":"https:\/\/eettinenluksus.fi\/shop\/wp-json\/wp\/v2\/media?parent=4770"}],"wp:term":[{"taxonomy":"product_brand","embeddable":true,"href":"https:\/\/eettinenluksus.fi\/shop\/wp-json\/wp\/v2\/product_brand?post=4770"},{"taxonomy":"product_cat","embeddable":true,"href":"https:\/\/eettinenluksus.fi\/shop\/wp-json\/wp\/v2\/product_cat?post=4770"},{"taxonomy":"product_tag","embeddable":true,"href":"https:\/\/eettinenluksus.fi\/shop\/wp-json\/wp\/v2\/product_tag?post=4770"}],"curies":[{"name":"wp","href":"https:\/\/api.w.org\/{rel}","templated":true}]}}