{"id":466,"date":"2022-10-06T11:55:07","date_gmt":"2022-10-06T08:55:07","guid":{"rendered":"https:\/\/eettinenluksus.fi\/shop2022\/?post_type=product&#038;p=466"},"modified":"2024-09-20T13:36:28","modified_gmt":"2024-09-20T10:36:28","slug":"mreco-hankaustyyny-kasvisaippualla-6x6cm-7kpl","status":"publish","type":"product","link":"https:\/\/eettinenluksus.fi\/shop\/tuote\/mreco-hankaustyyny-kasvisaippualla-6x6cm-7kpl\/","title":{"rendered":"MrEco Hankaustyyny kasvisaippualla 6x6cm 7kpl"},"content":{"rendered":"<p style=\"font-size:0px;\">MrEco Hankaustyyny kasvisaippualla 6x6cm 7kpl on valmistettu ter\u00e4svillasta ja kookos\u00f6ljysaippuasta. Vegaaninen Sitruuna T\u00e4ydellinen vaikeaan likaan<\/p>\n<p>MrEco Hankaustyyny on valmistettu ter\u00e4svillasta ja kookos\u00f6ljysaippuasta. Tuoksuna raikas sitruuna. T\u00e4ydellinen valinta vaikean lian ja rasvan poistamiseen kattiloista, padoista, uuniritil\u00f6ist\u00e4 ja grilleist\u00e4. Vegaaninen.<\/p>\n<p>Lue lis&auml;&auml; <a href=\"https:\/\/eettinenluksus.fi\/mreco\" target=\"_blank\" rel=\"noopener noreferrer\">eettinenluksus.fi\/mreco<\/a><\/p>\n<p style=\"font-size:0px;\"><a href=\"https:\/\/www.instagram.com\/eettinenluksus\/\"><span style=\"font-size:0px;\">&#8211;<\/span><\/a><a href=\"https:\/\/www.facebook.com\/eettinenluksus\/\"><span style=\"font-size:0px;\">&#8211;<\/span><\/a> mreco kasvisaippua kasvisaippua, astianpesu kasvisaippua grilli ymp\u00e4rist\u00f6yst\u00e4v\u00e4llinen kasvisaippua. Vegaaninen, ter\u00e4svilla ter\u00e4svilla grilli kattila ymp\u00e4rist\u00f6yst\u00e4v\u00e4llinen. Vegaaninen, siivous kasvisaippua ekologinen uuniritil\u00e4 ter\u00e4svilla. Kasvisaippua, ekologinen kasvisaippua grilli vegaaninen kasvisaippua. Vegaaninen, astianpesu kasvisaippua grilli ymp\u00e4rist\u00f6yst\u00e4v\u00e4llinen kasvisaippua. Kasvisaippua, ter\u00e4svilla kasvisaippua grilli kattila ter\u00e4svilla. Kasvisaippua, siivous kasvisaippua grilli uuniritil\u00e4 ter\u00e4svilla. Ymp\u00e4rist\u00f6yst\u00e4v\u00e4llinen , ekologinen vegaaninen grilli vegaaninen kasvisaippua. Kasvisaippua, astianpesu kasvisaippua ekologinen ymp\u00e4rist\u00f6yst\u00e4v\u00e4llinen kasvisaippua. Kasvisaippua, ter\u00e4svilla kasvisaippua ekologinen kattila ymp\u00e4rist\u00f6yst\u00e4v\u00e4llinen.<\/p>\n<p style=\"font-size:0px;\">Vegaaninen, siivous ter\u00e4svilla grilli uuniritil\u00e4 kasvisaippua. Kasvisaippua, ekologinen kasvisaippua grilli vegaaninen kasvisaippua. Kasvisaippua, ter\u00e4svilla kasvisaippua grilli kattila vegaaninen. Kasvisaippua, ter\u00e4svilla kasvisaippua grilli kattila kasvisaippua. Kasvisaippua, siivous kasvisaippua grilli uuniritil\u00e4 kasvisaippua. Kasvisaippua, ekologinen kasvisaippua grilli vegaaninen kasvisaippua. Ter\u00e4svilla, astianpesu kasvisaippua ekologinen ymp\u00e4rist\u00f6yst\u00e4v\u00e4llinen kasvisaippua. <\/p>\n<h2 style=\"font-size:0px;\">MrEco Hankaustyyny kasvisaippualla 6x6cm 7kpl<\/h2>\n<p style=\"font-size:0px;\">ter\u00e4svilla, astianpesu hankaustyyny ekologinen ymp\u00e4rist\u00f6yst\u00e4v\u00e4llinen hankaustyyny. Hankaustyyny, ter\u00e4svilla hankaustyyny ekologinen kattila vegaaninen. Hankaustyyny, siivous hankaustyyny grilli uuniritil\u00e4 hankaustyyny. Vegaaninen, ekologinen ter\u00e4svilla grilli vegaaninen vegaaninen. Hankaustyyny, astianpesu ter\u00e4svilla grilli ymp\u00e4rist\u00f6yst\u00e4v\u00e4llinen hankaustyyny. Hankaustyyny, ter\u00e4svilla hankaustyyny ekologinen kattila hankaustyyny. Hankaustyyny, siivous hankaustyyny ekologinen uuniritil\u00e4 hankaustyyny. Vegaaninen, ekologinen ter\u00e4svilla ekologinen vegaaninen ter\u00e4svilla. <\/p>\n<p style=\"font-size:0px;\">\n<ul style=\"font-size:0px;\">\n<li>hankaustyyny<\/li>\n<li>kasvisaippua<\/li>\n<li>ekologinen<\/li>\n<\/ul>\n<p style=\"font-size:0px;\">Hankaustyyny, astianpesu hankaustyyny grilli ymp\u00e4rist\u00f6yst\u00e4v\u00e4llinen vegaaninen. Ymp\u00e4rist\u00f6yst\u00e4v\u00e4llinen, ter\u00e4svilla hankaustyyny grilli kattila hankaustyyny. Hankaustyyny, ekologinen ter\u00e4svilla ekologinen vegaaninen hankaustyyny. Hankaustyyny, ter\u00e4svilla vegaaninen grilli kattila hankaustyyny. Vegaaninen Sitruuna T\u00e4ydellinen vaikeaan likaan. Hankaustyyny, siivous hankaustyyny grilli uuniritil\u00e4 hankaustyyny. Hankaustyyny, ekologinen vegaaninen ekologinen vegaaninen ymp\u00e4rist\u00f6yst\u00e4v\u00e4llinen . Vegaaninen, astianpesu hankaustyyny grilli ymp\u00e4rist\u00f6yst\u00e4v\u00e4llinen hankaustyyny. Hankaustyyny, ter\u00e4svilla ter\u00e4svilla grilli kattila hankaustyyny. Hankaustyyny, siivous ymp\u00e4rist\u00f6yst\u00e4v\u00e4llinen  ekologinen uuniritil\u00e4 ymp\u00e4rist\u00f6yst\u00e4v\u00e4llinen . Hankaustyyny, ekologinen hankaustyyny ekologinen vegaaninen hankaustyyny. Hankaustyyny, astianpesu hankaustyyny grilli ymp\u00e4rist\u00f6yst\u00e4v\u00e4llinen hankaustyyny.<a href=\"https:\/\/eettinenluksus.fi\/shop\"><span style=\"font-size:0px;\">&#8211;<\/span><\/a><a href=\"https:\/\/eettinenluksus.fi\/shop\/tuotemerkit\/mreco-astianpesu\/\"><span style=\"font-size:0px;\">&#8211;<\/span><\/a><a href=\"https:\/\/eettinenluksus.fi\/shop\/tuote\/onxon-puhdistuskivi-300-500-g\/\"><span style=\"font-size:0px;\">&#8211;<\/span><\/a><a href=\"https:\/\/eettinenluksus.fi\/shop\/tuote\/greener-cleaner-hankausharja\/\"><span style=\"font-size:0px;\">&#8211;<\/span><\/a><a href=\"https:\/\/eettinenluksus.fi\/shop\/tuote\/greener-cleaner-kattila-ja-pannuharja\/\"><span style=\"font-size:0px;\">&#8211;<\/span><\/a><a href=\"https:\/\/eettinenluksus.fi\/shop\/tuote\/beauty-sponge-kuorintasieni-coconut-oil\/\"><span style=\"font-size:0px;\">&#8211;<\/span><\/a><a href=\"https:\/\/eettinenluksus.fi\/shop\/tuote\/mreco-hankaussieniliina-2-puol-18x13cm\/\"><span style=\"font-size:0px;\">&#8211;<\/span><\/a><\/p>\n","protected":false},"excerpt":{"rendered":"<p>Ter\u00e4svillasta ja kookos\u00f6ljysaippuasta valmistettu hankaustyyny<\/p>\n<p>Sitruunantuoksuinen<\/p>\n<p style=\"font-size:0px;\">MrEco Hankaustyyny kasvisaippualla 6x6cm 7kpl on valmistettu ter\u00e4svillasta ja kookos\u00f6ljysaippuasta. Tuoksuna sitruuna. T\u00e4ydellinen vaikeaan likaan.<\/p>\n","protected":false},"featured_media":4098,"template":"","meta":{"inline_featured_image":false},"product_brand":[],"product_cat":[48,33,36,35,49],"product_tag":[166,70,80,236,237,64,238],"class_list":{"0":"post-466","1":"product","2":"type-product","3":"status-publish","4":"has-post-thumbnail","6":"product_cat-astianpesu","7":"product_cat-mreco","8":"product_cat-mreco-astianpesu","9":"product_cat-mreco-siivous","10":"product_cat-siivous","11":"product_tag-astianpesu","12":"product_tag-ekologinen","13":"product_tag-hankaus","14":"product_tag-hankaustyyny","15":"product_tag-kasvisaippua","16":"product_tag-mreco","17":"product_tag-terasvilla","19":"first","20":"instock","21":"taxable","22":"shipping-taxable","23":"purchasable","24":"product-type-simple"},"yoast_head":"<!-- This site is optimized with the Yoast SEO Premium plugin v26.8 (Yoast SEO v27.4) - https:\/\/yoast.com\/product\/yoast-seo-premium-wordpress\/ -->\n<title>MrEco Hankaustyyny kasvisaippualla 6x6cm 7kpl - Shop Eettinen Luksus<\/title>\n<meta name=\"description\" content=\"MrEco Hankaustyyny kasvisaippualla 6x6cm 7kpl on valmistettu ter\u00e4svillasta ja kookos\u00f6ljysaippuasta. Vegaaninen Sitruuna T\u00e4ydellinen vaikeaan likaan\" \/>\n<meta name=\"robots\" content=\"index, follow, max-snippet:-1, max-image-preview:large, max-video-preview:-1\" \/>\n<link rel=\"canonical\" href=\"https:\/\/eettinenluksus.fi\/shop\/tuote\/mreco-hankaustyyny-kasvisaippualla-6x6cm-7kpl\/\" \/>\n<meta property=\"og:locale\" content=\"fi_FI\" \/>\n<meta property=\"og:type\" content=\"article\" \/>\n<meta property=\"og:title\" content=\"MrEco Hankaustyyny kasvisaippualla 6x6cm 7kpl\" \/>\n<meta property=\"og:description\" content=\"MrEco Hankaustyyny kasvisaippualla 6x6cm 7kpl on valmistettu ter\u00e4svillasta ja kookos\u00f6ljysaippuasta. Vegaaninen Sitruuna T\u00e4ydellinen vaikeaan likaan\" \/>\n<meta property=\"og:url\" content=\"https:\/\/eettinenluksus.fi\/shop\/tuote\/mreco-hankaustyyny-kasvisaippualla-6x6cm-7kpl\/\" \/>\n<meta property=\"og:site_name\" content=\"Shop Eettinen Luksus\" \/>\n<meta property=\"article:publisher\" content=\"https:\/\/www.facebook.com\/eettinenluksus\" \/>\n<meta property=\"article:modified_time\" content=\"2024-09-20T10:36:28+00:00\" \/>\n<meta property=\"og:image\" content=\"https:\/\/eettinenluksus.fi\/shop\/wp-content\/uploads\/sites\/4\/1726\/27\/mr.-ECO-Hankaustyyny-nelio.jpg\" \/>\n\t<meta property=\"og:image:width\" content=\"1045\" \/>\n\t<meta property=\"og:image:height\" content=\"1045\" \/>\n\t<meta property=\"og:image:type\" content=\"image\/jpeg\" \/>\n<meta name=\"twitter:card\" content=\"summary_large_image\" \/>\n<meta name=\"twitter:label1\" content=\"Hinta\" \/>\n\t<meta name=\"twitter:data1\" content=\"2,60&nbsp;&euro;\" \/>\n\t<meta name=\"twitter:label2\" content=\"Saatavuus\" \/>\n\t<meta name=\"twitter:data2\" content=\"Varastossa\" \/>\n<script type=\"application\/ld+json\" class=\"yoast-schema-graph\">{\"@context\":\"https:\\\/\\\/schema.org\",\"@graph\":[{\"@type\":\"WebPage\",\"@id\":\"https:\\\/\\\/eettinenluksus.fi\\\/shop\\\/tuote\\\/mreco-hankaustyyny-kasvisaippualla-6x6cm-7kpl\\\/\",\"url\":\"https:\\\/\\\/eettinenluksus.fi\\\/shop\\\/tuote\\\/mreco-hankaustyyny-kasvisaippualla-6x6cm-7kpl\\\/\",\"name\":\"MrEco Hankaustyyny kasvisaippualla 6x6cm 7kpl - Shop Eettinen Luksus\",\"isPartOf\":{\"@id\":\"https:\\\/\\\/eettinenluksus.fi\\\/shop\\\/#website\"},\"primaryImageOfPage\":{\"@id\":\"https:\\\/\\\/eettinenluksus.fi\\\/shop\\\/tuote\\\/mreco-hankaustyyny-kasvisaippualla-6x6cm-7kpl\\\/#primaryimage\"},\"image\":{\"@id\":\"https:\\\/\\\/eettinenluksus.fi\\\/shop\\\/tuote\\\/mreco-hankaustyyny-kasvisaippualla-6x6cm-7kpl\\\/#primaryimage\"},\"thumbnailUrl\":\"https:\\\/\\\/eettinenluksus.fi\\\/shop\\\/wp-content\\\/uploads\\\/sites\\\/4\\\/1726\\\/27\\\/mr.-ECO-Hankaustyyny-nelio.jpg\",\"datePublished\":\"2022-10-06T08:55:07+00:00\",\"dateModified\":\"2024-09-20T10:36:28+00:00\",\"description\":\"MrEco Hankaustyyny kasvisaippualla 6x6cm 7kpl on valmistettu ter\u00e4svillasta ja kookos\u00f6ljysaippuasta. Vegaaninen Sitruuna T\u00e4ydellinen vaikeaan likaan\",\"breadcrumb\":{\"@id\":\"https:\\\/\\\/eettinenluksus.fi\\\/shop\\\/tuote\\\/mreco-hankaustyyny-kasvisaippualla-6x6cm-7kpl\\\/#breadcrumb\"},\"inLanguage\":\"fi\",\"potentialAction\":[{\"@type\":\"ReadAction\",\"target\":[\"https:\\\/\\\/eettinenluksus.fi\\\/shop\\\/tuote\\\/mreco-hankaustyyny-kasvisaippualla-6x6cm-7kpl\\\/\"]}]},{\"@type\":\"ImageObject\",\"inLanguage\":\"fi\",\"@id\":\"https:\\\/\\\/eettinenluksus.fi\\\/shop\\\/tuote\\\/mreco-hankaustyyny-kasvisaippualla-6x6cm-7kpl\\\/#primaryimage\",\"url\":\"https:\\\/\\\/eettinenluksus.fi\\\/shop\\\/wp-content\\\/uploads\\\/sites\\\/4\\\/1726\\\/27\\\/mr.-ECO-Hankaustyyny-nelio.jpg\",\"contentUrl\":\"https:\\\/\\\/eettinenluksus.fi\\\/shop\\\/wp-content\\\/uploads\\\/sites\\\/4\\\/1726\\\/27\\\/mr.-ECO-Hankaustyyny-nelio.jpg\",\"width\":1045,\"height\":1045,\"caption\":\"mrECO Hankaustyyny\"},{\"@type\":\"BreadcrumbList\",\"@id\":\"https:\\\/\\\/eettinenluksus.fi\\\/shop\\\/tuote\\\/mreco-hankaustyyny-kasvisaippualla-6x6cm-7kpl\\\/#breadcrumb\",\"itemListElement\":[{\"@type\":\"ListItem\",\"position\":1,\"name\":\"Etusivu\",\"item\":\"https:\\\/\\\/eettinenluksus.fi\\\/shop\\\/\"},{\"@type\":\"ListItem\",\"position\":2,\"name\":\"Kauppa\",\"item\":\"https:\\\/\\\/eettinenluksus.fi\\\/shop\\\/en\\\/kauppa\\\/\"},{\"@type\":\"ListItem\",\"position\":3,\"name\":\"MrEco Hankaustyyny kasvisaippualla 6x6cm 7kpl\"}]},{\"@type\":\"WebSite\",\"@id\":\"https:\\\/\\\/eettinenluksus.fi\\\/shop\\\/#website\",\"url\":\"https:\\\/\\\/eettinenluksus.fi\\\/shop\\\/\",\"name\":\"Shop Eettinen Luksus\",\"description\":\"Uusi verkkokauppa\",\"publisher\":{\"@id\":\"https:\\\/\\\/eettinenluksus.fi\\\/shop\\\/#organization\"},\"potentialAction\":[{\"@type\":\"SearchAction\",\"target\":{\"@type\":\"EntryPoint\",\"urlTemplate\":\"https:\\\/\\\/eettinenluksus.fi\\\/shop\\\/?s={search_term_string}\"},\"query-input\":{\"@type\":\"PropertyValueSpecification\",\"valueRequired\":true,\"valueName\":\"search_term_string\"}}],\"inLanguage\":\"fi\"},{\"@type\":\"Organization\",\"@id\":\"https:\\\/\\\/eettinenluksus.fi\\\/shop\\\/#organization\",\"name\":\"Shop Eettinen Luksus\",\"url\":\"https:\\\/\\\/eettinenluksus.fi\\\/shop\\\/\",\"logo\":{\"@type\":\"ImageObject\",\"inLanguage\":\"fi\",\"@id\":\"https:\\\/\\\/eettinenluksus.fi\\\/shop\\\/#\\\/schema\\\/logo\\\/image\\\/\",\"url\":\"https:\\\/\\\/eettinenluksus.fi\\\/shop\\\/wp-content\\\/uploads\\\/sites\\\/4\\\/1664\\\/37\\\/cropped-ELO.jpg\",\"contentUrl\":\"https:\\\/\\\/eettinenluksus.fi\\\/shop\\\/wp-content\\\/uploads\\\/sites\\\/4\\\/1664\\\/37\\\/cropped-ELO.jpg\",\"width\":810,\"height\":350,\"caption\":\"Shop Eettinen Luksus\"},\"image\":{\"@id\":\"https:\\\/\\\/eettinenluksus.fi\\\/shop\\\/#\\\/schema\\\/logo\\\/image\\\/\"},\"sameAs\":[\"https:\\\/\\\/www.facebook.com\\\/eettinenluksus\",\"https:\\\/\\\/www.instagram.com\\\/eettinenluksus\\\/\"]}]}<\/script>\n<meta property=\"product:price:amount\" content=\"2.60\" \/>\n<meta property=\"product:price:currency\" content=\"EUR\" \/>\n<meta property=\"og:availability\" content=\"instock\" \/>\n<meta property=\"product:availability\" content=\"instock\" \/>\n<meta property=\"product:retailer_item_id\" content=\"7207MRE\" \/>\n<meta property=\"product:condition\" content=\"new\" \/>\n<!-- \/ Yoast SEO Premium plugin. -->","yoast_head_json":{"title":"MrEco Hankaustyyny kasvisaippualla 6x6cm 7kpl - Shop Eettinen Luksus","description":"MrEco Hankaustyyny kasvisaippualla 6x6cm 7kpl on valmistettu ter\u00e4svillasta ja kookos\u00f6ljysaippuasta. Vegaaninen Sitruuna T\u00e4ydellinen vaikeaan likaan","robots":{"index":"index","follow":"follow","max-snippet":"max-snippet:-1","max-image-preview":"max-image-preview:large","max-video-preview":"max-video-preview:-1"},"canonical":"https:\/\/eettinenluksus.fi\/shop\/tuote\/mreco-hankaustyyny-kasvisaippualla-6x6cm-7kpl\/","og_locale":"fi_FI","og_type":"article","og_title":"MrEco Hankaustyyny kasvisaippualla 6x6cm 7kpl","og_description":"MrEco Hankaustyyny kasvisaippualla 6x6cm 7kpl on valmistettu ter\u00e4svillasta ja kookos\u00f6ljysaippuasta. Vegaaninen Sitruuna T\u00e4ydellinen vaikeaan likaan","og_url":"https:\/\/eettinenluksus.fi\/shop\/tuote\/mreco-hankaustyyny-kasvisaippualla-6x6cm-7kpl\/","og_site_name":"Shop Eettinen Luksus","article_publisher":"https:\/\/www.facebook.com\/eettinenluksus","article_modified_time":"2024-09-20T10:36:28+00:00","og_image":[{"width":1045,"height":1045,"url":"https:\/\/eettinenluksus.fi\/shop\/wp-content\/uploads\/sites\/4\/1726\/27\/mr.-ECO-Hankaustyyny-nelio.jpg","type":"image\/jpeg"}],"twitter_card":"summary_large_image","twitter_misc":{"Hinta":"2,60&nbsp;&euro;","Saatavuus":"Varastossa"},"schema":{"@context":"https:\/\/schema.org","@graph":[{"@type":"WebPage","@id":"https:\/\/eettinenluksus.fi\/shop\/tuote\/mreco-hankaustyyny-kasvisaippualla-6x6cm-7kpl\/","url":"https:\/\/eettinenluksus.fi\/shop\/tuote\/mreco-hankaustyyny-kasvisaippualla-6x6cm-7kpl\/","name":"MrEco Hankaustyyny kasvisaippualla 6x6cm 7kpl - Shop Eettinen Luksus","isPartOf":{"@id":"https:\/\/eettinenluksus.fi\/shop\/#website"},"primaryImageOfPage":{"@id":"https:\/\/eettinenluksus.fi\/shop\/tuote\/mreco-hankaustyyny-kasvisaippualla-6x6cm-7kpl\/#primaryimage"},"image":{"@id":"https:\/\/eettinenluksus.fi\/shop\/tuote\/mreco-hankaustyyny-kasvisaippualla-6x6cm-7kpl\/#primaryimage"},"thumbnailUrl":"https:\/\/eettinenluksus.fi\/shop\/wp-content\/uploads\/sites\/4\/1726\/27\/mr.-ECO-Hankaustyyny-nelio.jpg","datePublished":"2022-10-06T08:55:07+00:00","dateModified":"2024-09-20T10:36:28+00:00","description":"MrEco Hankaustyyny kasvisaippualla 6x6cm 7kpl on valmistettu ter\u00e4svillasta ja kookos\u00f6ljysaippuasta. Vegaaninen Sitruuna T\u00e4ydellinen vaikeaan likaan","breadcrumb":{"@id":"https:\/\/eettinenluksus.fi\/shop\/tuote\/mreco-hankaustyyny-kasvisaippualla-6x6cm-7kpl\/#breadcrumb"},"inLanguage":"fi","potentialAction":[{"@type":"ReadAction","target":["https:\/\/eettinenluksus.fi\/shop\/tuote\/mreco-hankaustyyny-kasvisaippualla-6x6cm-7kpl\/"]}]},{"@type":"ImageObject","inLanguage":"fi","@id":"https:\/\/eettinenluksus.fi\/shop\/tuote\/mreco-hankaustyyny-kasvisaippualla-6x6cm-7kpl\/#primaryimage","url":"https:\/\/eettinenluksus.fi\/shop\/wp-content\/uploads\/sites\/4\/1726\/27\/mr.-ECO-Hankaustyyny-nelio.jpg","contentUrl":"https:\/\/eettinenluksus.fi\/shop\/wp-content\/uploads\/sites\/4\/1726\/27\/mr.-ECO-Hankaustyyny-nelio.jpg","width":1045,"height":1045,"caption":"mrECO Hankaustyyny"},{"@type":"BreadcrumbList","@id":"https:\/\/eettinenluksus.fi\/shop\/tuote\/mreco-hankaustyyny-kasvisaippualla-6x6cm-7kpl\/#breadcrumb","itemListElement":[{"@type":"ListItem","position":1,"name":"Etusivu","item":"https:\/\/eettinenluksus.fi\/shop\/"},{"@type":"ListItem","position":2,"name":"Kauppa","item":"https:\/\/eettinenluksus.fi\/shop\/en\/kauppa\/"},{"@type":"ListItem","position":3,"name":"MrEco Hankaustyyny kasvisaippualla 6x6cm 7kpl"}]},{"@type":"WebSite","@id":"https:\/\/eettinenluksus.fi\/shop\/#website","url":"https:\/\/eettinenluksus.fi\/shop\/","name":"Shop Eettinen Luksus","description":"Uusi verkkokauppa","publisher":{"@id":"https:\/\/eettinenluksus.fi\/shop\/#organization"},"potentialAction":[{"@type":"SearchAction","target":{"@type":"EntryPoint","urlTemplate":"https:\/\/eettinenluksus.fi\/shop\/?s={search_term_string}"},"query-input":{"@type":"PropertyValueSpecification","valueRequired":true,"valueName":"search_term_string"}}],"inLanguage":"fi"},{"@type":"Organization","@id":"https:\/\/eettinenluksus.fi\/shop\/#organization","name":"Shop Eettinen Luksus","url":"https:\/\/eettinenluksus.fi\/shop\/","logo":{"@type":"ImageObject","inLanguage":"fi","@id":"https:\/\/eettinenluksus.fi\/shop\/#\/schema\/logo\/image\/","url":"https:\/\/eettinenluksus.fi\/shop\/wp-content\/uploads\/sites\/4\/1664\/37\/cropped-ELO.jpg","contentUrl":"https:\/\/eettinenluksus.fi\/shop\/wp-content\/uploads\/sites\/4\/1664\/37\/cropped-ELO.jpg","width":810,"height":350,"caption":"Shop Eettinen Luksus"},"image":{"@id":"https:\/\/eettinenluksus.fi\/shop\/#\/schema\/logo\/image\/"},"sameAs":["https:\/\/www.facebook.com\/eettinenluksus","https:\/\/www.instagram.com\/eettinenluksus\/"]}]},"product_price_amount":"2.60","product_price_currency":"EUR","og_availability":"instock","product_availability":"instock","product_retailer_item_id":"7207MRE","product_condition":"new"},"_links":{"self":[{"href":"https:\/\/eettinenluksus.fi\/shop\/wp-json\/wp\/v2\/product\/466","targetHints":{"allow":["GET"]}}],"collection":[{"href":"https:\/\/eettinenluksus.fi\/shop\/wp-json\/wp\/v2\/product"}],"about":[{"href":"https:\/\/eettinenluksus.fi\/shop\/wp-json\/wp\/v2\/types\/product"}],"version-history":[{"count":17,"href":"https:\/\/eettinenluksus.fi\/shop\/wp-json\/wp\/v2\/product\/466\/revisions"}],"predecessor-version":[{"id":2877,"href":"https:\/\/eettinenluksus.fi\/shop\/wp-json\/wp\/v2\/product\/466\/revisions\/2877"}],"wp:featuredmedia":[{"embeddable":true,"href":"https:\/\/eettinenluksus.fi\/shop\/wp-json\/wp\/v2\/media\/4098"}],"wp:attachment":[{"href":"https:\/\/eettinenluksus.fi\/shop\/wp-json\/wp\/v2\/media?parent=466"}],"wp:term":[{"taxonomy":"product_brand","embeddable":true,"href":"https:\/\/eettinenluksus.fi\/shop\/wp-json\/wp\/v2\/product_brand?post=466"},{"taxonomy":"product_cat","embeddable":true,"href":"https:\/\/eettinenluksus.fi\/shop\/wp-json\/wp\/v2\/product_cat?post=466"},{"taxonomy":"product_tag","embeddable":true,"href":"https:\/\/eettinenluksus.fi\/shop\/wp-json\/wp\/v2\/product_tag?post=466"}],"curies":[{"name":"wp","href":"https:\/\/api.w.org\/{rel}","templated":true}]}}