{"id":464,"date":"2022-10-06T11:43:19","date_gmt":"2022-10-06T08:43:19","guid":{"rendered":"https:\/\/eettinenluksus.fi\/shop2022\/?post_type=product&#038;p=464"},"modified":"2026-01-05T10:43:59","modified_gmt":"2026-01-05T08:43:59","slug":"mreco-hankauskera-kupari-antibakt-2kpl","status":"publish","type":"product","link":"https:\/\/eettinenluksus.fi\/shop\/tuote\/mreco-hankauskera-kupari-antibakt-2kpl\/","title":{"rendered":"MrEco Hankausker\u00e4 kupari antibakt 2kpl"},"content":{"rendered":"<p>Antibakteerisesta kuparista. Ei ruostu. Kierr\u00e4tett\u00e4v\u00e4. Vaikeimpien lika- ja rasvatahrojen puhdistamiseen. MrEco Hankausker\u00e4 kupari antibakt 2kpl<\/p>\n<p>MrEco Hankausker\u00e4 antibakteerisesta kuparista. T\u00e4ydellinen valinta vaikeimpien lika- ja rasvatahrojen puhdistamiseen kattiloista, padoista, uuniritil\u00f6ist\u00e4 ja grilleist\u00e4. Ei ruostu. Ei ime rasvaa tai hajuja.<\/p>\n<ul>\n<li>100% kierr\u00e4tett\u00e4v\u00e4<\/li>\n<li>100% kupari<\/li>\n<li>Antibakteerinen<\/li>\n<li>Ruostumaton<\/li>\n<\/ul>\n<p>&nbsp;<\/p>\n<p style=\"font-size: 0px;\"><a href=\"https:\/\/www.instagram.com\/eettinenluksus\/\"><span style=\"font-size: 0px;\">&#8211;<\/span><\/a><a href=\"https:\/\/www.facebook.com\/eettinenluksus\/\"><span style=\"font-size: 0px;\">&#8211;<\/span><\/a> mreco kupari kupari, astianpesu kupari grilli ymp\u00e4rist\u00f6yst\u00e4v\u00e4llinen kupari. Vegaaninen, antibakteerinen antibakteerinen grilli kattila ymp\u00e4rist\u00f6yst\u00e4v\u00e4llinen. Vegaaninen, siivous kupari ekologinen uuniritil\u00e4 antibakteerinen. Kupari, ekologinen kupari grilli vegaaninen kupari. Vegaaninen, astianpesu kupari grilli ymp\u00e4rist\u00f6yst\u00e4v\u00e4llinen kupari. Kupari, antibakteerinen kupari grilli kattila antibakteerinen. Kupari, siivous kupari grilli uuniritil\u00e4 antibakteerinen. Ymp\u00e4rist\u00f6yst\u00e4v\u00e4llinen, ekologinen vegaaninen grilli vegaaninen kupari. Kupari, astianpesu kupari ekologinen ymp\u00e4rist\u00f6yst\u00e4v\u00e4llinen kupari. Kupari, antibakteerinen kupari ekologinen kattila ymp\u00e4rist\u00f6yst\u00e4v\u00e4llinen.<\/p>\n<p style=\"font-size: 0px;\">Vegaaninen, siivous antibakteerinen grilli uuniritil\u00e4 kupari. Kupari, ekologinen kupari grilli vegaaninen kupari. Kupari, antibakteerinen kupari grilli kattila vegaaninen. Kupari, antibakteerinen kupari grilli kattila kupari. Kupari, siivous kupari grilli uuniritil\u00e4 kupari. Kupari, ekologinen kupari grilli vegaaninen kupari. Antibakteerinen, astianpesu kupari ekologinen ymp\u00e4rist\u00f6yst\u00e4v\u00e4llinen kupari.<\/p>\n<h2 style=\"font-size: 0px;\">MrEco Hankausker\u00e4 kupari antibakt 2kpl<\/h2>\n<p style=\"font-size: 0px;\">antibakteerinen, astianpesu hankausker\u00e4 ekologinen ymp\u00e4rist\u00f6yst\u00e4v\u00e4llinen hankausker\u00e4. Hankausker\u00e4, antibakteerinen hankausker\u00e4 ekologinen kattila vegaaninen. Hankausker\u00e4, siivous hankausker\u00e4 grilli uuniritil\u00e4 hankausker\u00e4. Vegaaninen, ekologinen antibakteerinen grilli vegaaninen vegaaninen. Hankausker\u00e4, astianpesu antibakteerinen grilli ymp\u00e4rist\u00f6yst\u00e4v\u00e4llinen hankausker\u00e4. Hankausker\u00e4, antibakteerinen hankausker\u00e4 ekologinen kattila hankausker\u00e4. Hankausker\u00e4, siivous hankausker\u00e4 ekologinen uuniritil\u00e4 hankausker\u00e4. Vegaaninen, ekologinen antibakteerinen ekologinen vegaaninen antibakteerinen.<\/p>\n<ul style=\"font-size: 0px;\">\n<li>hankausker\u00e4<\/li>\n<li>kupari<\/li>\n<li>ekologinen<\/li>\n<\/ul>\n<p style=\"font-size: 0px;\">Hankausker\u00e4, astianpesu hankausker\u00e4 grilli ymp\u00e4rist\u00f6yst\u00e4v\u00e4llinen vegaaninen. Ymp\u00e4rist\u00f6yst\u00e4v\u00e4llinen, antibakteerinen hankausker\u00e4 grilli kattila hankausker\u00e4. Hankausker\u00e4, ekologinen antibakteerinen ekologinen vegaaninen hankausker\u00e4. Hankausker\u00e4, antibakteerinen vegaaninen grilli kattila hankausker\u00e4. Vegaaninen Sitruuna T\u00e4ydellinen vaikeaan likaan. Hankausker\u00e4, siivous hankausker\u00e4 grilli uuniritil\u00e4 hankausker\u00e4. Hankausker\u00e4, ekologinen vegaaninen ekologinen vegaaninen ymp\u00e4rist\u00f6yst\u00e4v\u00e4llinen. Vegaaninen, astianpesu hankausker\u00e4 grilli ymp\u00e4rist\u00f6yst\u00e4v\u00e4llinen hankausker\u00e4. Hankausker\u00e4, antibakteerinen grilli antibakteerinen kattila hankausker\u00e4. Hankausker\u00e4, siivous ymp\u00e4rist\u00f6yst\u00e4v\u00e4llinen ekologinen uuniritil\u00e4 ymp\u00e4rist\u00f6yst\u00e4v\u00e4llinen. Hankausker\u00e4, ekologinen hankausker\u00e4 ekologinen vegaaninen hankausker\u00e4. Hankausker\u00e4, astianpesu hankausker\u00e4 grilli ymp\u00e4rist\u00f6yst\u00e4v\u00e4llinen hankausker\u00e4.<a href=\"https:\/\/eettinenluksus.fi\/shop\/tuote\/mreco-hankaustyyny-kasvisaippualla-6x6cm-7kpl\/\"><span style=\"font-size: 0px;\">&#8211;<\/span><\/a><a href=\"https:\/\/eettinenluksus.fi\/shop\/tuote\/onxon-puhdistuskivi-300-500-g\/\"><span style=\"font-size: 0px;\">&#8211;<\/span><\/a><a href=\"https:\/\/eettinenluksus.fi\/shop\/tuote\/mreco-hankauskera-ruostumaton-teras-2kpl\/\"><span style=\"font-size: 0px;\">&#8211;<\/span><\/a><a href=\"https:\/\/eettinenluksus.fi\/shop\/tuote\/mreco-kitchen-care-tuotepaketti\/\"><span style=\"font-size: 0px;\">&#8211;<\/span><\/a><a href=\"https:\/\/eettinenluksus.fi\/shop\/en\/product\/mreco-all-surface-tuotepaketti\/\"><span style=\"font-size: 0px;\">&#8211;<\/span><\/a><\/p>\n","protected":false},"excerpt":{"rendered":"<p>Antibakteerista kuparia<\/p>\n<p>Puhdistaa vaikeimmat tahrat kattiloista, padoista, uuniritil\u00f6ist\u00e4 ja grilleist\u00e4<\/p>\n","protected":false},"featured_media":4099,"template":"","meta":{"inline_featured_image":false},"product_brand":[],"product_cat":[48,33,36,35,49],"product_tag":[240,166,70,80,225,239,64,88],"class_list":{"0":"post-464","1":"product","2":"type-product","3":"status-publish","4":"has-post-thumbnail","6":"product_cat-astianpesu","7":"product_cat-mreco","8":"product_cat-mreco-astianpesu","9":"product_cat-mreco-siivous","10":"product_cat-siivous","11":"product_tag-antibakteerinen","12":"product_tag-astianpesu","13":"product_tag-ekologinen","14":"product_tag-hankaus","15":"product_tag-hankauskera","16":"product_tag-kupari","17":"product_tag-mreco","18":"product_tag-siivous","20":"first","21":"instock","22":"taxable","23":"shipping-taxable","24":"purchasable","25":"product-type-simple"},"yoast_head":"<!-- This site is optimized with the Yoast SEO Premium plugin v26.8 (Yoast SEO v27.4) - https:\/\/yoast.com\/product\/yoast-seo-premium-wordpress\/ -->\n<title>MrEco Hankausker\u00e4 kupari antibakt 2kpl - Shop Eettinen Luksus<\/title>\n<meta name=\"description\" content=\"Antibakteerisesta kuparista Ei ruostu Kierr\u00e4tett\u00e4v\u00e4 Vaikeimpien lika- ja rasvatahrojen puhdistamiseen. MrEco Hankausker\u00e4 kupari antibakt 2kpl\" \/>\n<meta name=\"robots\" content=\"index, follow, max-snippet:-1, max-image-preview:large, max-video-preview:-1\" \/>\n<link rel=\"canonical\" href=\"https:\/\/eettinenluksus.fi\/shop\/tuote\/mreco-hankauskera-kupari-antibakt-2kpl\/\" \/>\n<meta property=\"og:locale\" content=\"fi_FI\" \/>\n<meta property=\"og:type\" content=\"article\" \/>\n<meta property=\"og:title\" content=\"MrEco Hankausker\u00e4 kupari antibakt 2kpl\" \/>\n<meta property=\"og:description\" content=\"Antibakteerisesta kuparista Ei ruostu Kierr\u00e4tett\u00e4v\u00e4 Vaikeimpien lika- ja rasvatahrojen puhdistamiseen. MrEco Hankausker\u00e4 kupari antibakt 2kpl\" \/>\n<meta property=\"og:url\" content=\"https:\/\/eettinenluksus.fi\/shop\/tuote\/mreco-hankauskera-kupari-antibakt-2kpl\/\" \/>\n<meta property=\"og:site_name\" content=\"Shop Eettinen Luksus\" \/>\n<meta property=\"article:publisher\" content=\"https:\/\/www.facebook.com\/eettinenluksus\" \/>\n<meta property=\"article:modified_time\" content=\"2026-01-05T08:43:59+00:00\" \/>\n<meta property=\"og:image\" content=\"https:\/\/eettinenluksus.fi\/shop\/wp-content\/uploads\/sites\/4\/1726\/27\/mr.-ECO-Kuparispiraali-nelio.jpg\" \/>\n\t<meta property=\"og:image:width\" content=\"1045\" \/>\n\t<meta property=\"og:image:height\" content=\"1045\" \/>\n\t<meta property=\"og:image:type\" content=\"image\/jpeg\" \/>\n<meta name=\"twitter:card\" content=\"summary_large_image\" \/>\n<meta name=\"twitter:label1\" content=\"Hinta\" \/>\n\t<meta name=\"twitter:data1\" content=\"3,55&nbsp;&euro;\" \/>\n\t<meta name=\"twitter:label2\" content=\"Saatavuus\" \/>\n\t<meta name=\"twitter:data2\" content=\"Varastossa\" \/>\n<script type=\"application\/ld+json\" class=\"yoast-schema-graph\">{\"@context\":\"https:\\\/\\\/schema.org\",\"@graph\":[{\"@type\":\"WebPage\",\"@id\":\"https:\\\/\\\/eettinenluksus.fi\\\/shop\\\/tuote\\\/mreco-hankauskera-kupari-antibakt-2kpl\\\/\",\"url\":\"https:\\\/\\\/eettinenluksus.fi\\\/shop\\\/tuote\\\/mreco-hankauskera-kupari-antibakt-2kpl\\\/\",\"name\":\"MrEco Hankausker\u00e4 kupari antibakt 2kpl - Shop Eettinen Luksus\",\"isPartOf\":{\"@id\":\"https:\\\/\\\/eettinenluksus.fi\\\/shop\\\/#website\"},\"primaryImageOfPage\":{\"@id\":\"https:\\\/\\\/eettinenluksus.fi\\\/shop\\\/tuote\\\/mreco-hankauskera-kupari-antibakt-2kpl\\\/#primaryimage\"},\"image\":{\"@id\":\"https:\\\/\\\/eettinenluksus.fi\\\/shop\\\/tuote\\\/mreco-hankauskera-kupari-antibakt-2kpl\\\/#primaryimage\"},\"thumbnailUrl\":\"https:\\\/\\\/eettinenluksus.fi\\\/shop\\\/wp-content\\\/uploads\\\/sites\\\/4\\\/1726\\\/27\\\/mr.-ECO-Kuparispiraali-nelio.jpg\",\"datePublished\":\"2022-10-06T08:43:19+00:00\",\"dateModified\":\"2026-01-05T08:43:59+00:00\",\"description\":\"Antibakteerisesta kuparista Ei ruostu Kierr\u00e4tett\u00e4v\u00e4 Vaikeimpien lika- ja rasvatahrojen puhdistamiseen. MrEco Hankausker\u00e4 kupari antibakt 2kpl\",\"breadcrumb\":{\"@id\":\"https:\\\/\\\/eettinenluksus.fi\\\/shop\\\/tuote\\\/mreco-hankauskera-kupari-antibakt-2kpl\\\/#breadcrumb\"},\"inLanguage\":\"fi\",\"potentialAction\":[{\"@type\":\"ReadAction\",\"target\":[\"https:\\\/\\\/eettinenluksus.fi\\\/shop\\\/tuote\\\/mreco-hankauskera-kupari-antibakt-2kpl\\\/\"]}]},{\"@type\":\"ImageObject\",\"inLanguage\":\"fi\",\"@id\":\"https:\\\/\\\/eettinenluksus.fi\\\/shop\\\/tuote\\\/mreco-hankauskera-kupari-antibakt-2kpl\\\/#primaryimage\",\"url\":\"https:\\\/\\\/eettinenluksus.fi\\\/shop\\\/wp-content\\\/uploads\\\/sites\\\/4\\\/1726\\\/27\\\/mr.-ECO-Kuparispiraali-nelio.jpg\",\"contentUrl\":\"https:\\\/\\\/eettinenluksus.fi\\\/shop\\\/wp-content\\\/uploads\\\/sites\\\/4\\\/1726\\\/27\\\/mr.-ECO-Kuparispiraali-nelio.jpg\",\"width\":1045,\"height\":1045,\"caption\":\"mrECO Kuparispiraali\"},{\"@type\":\"BreadcrumbList\",\"@id\":\"https:\\\/\\\/eettinenluksus.fi\\\/shop\\\/tuote\\\/mreco-hankauskera-kupari-antibakt-2kpl\\\/#breadcrumb\",\"itemListElement\":[{\"@type\":\"ListItem\",\"position\":1,\"name\":\"Etusivu\",\"item\":\"https:\\\/\\\/eettinenluksus.fi\\\/shop\\\/\"},{\"@type\":\"ListItem\",\"position\":2,\"name\":\"Kauppa\",\"item\":\"https:\\\/\\\/eettinenluksus.fi\\\/shop\\\/en\\\/kauppa\\\/\"},{\"@type\":\"ListItem\",\"position\":3,\"name\":\"MrEco Hankausker\u00e4 kupari antibakt 2kpl\"}]},{\"@type\":\"WebSite\",\"@id\":\"https:\\\/\\\/eettinenluksus.fi\\\/shop\\\/#website\",\"url\":\"https:\\\/\\\/eettinenluksus.fi\\\/shop\\\/\",\"name\":\"Shop Eettinen Luksus\",\"description\":\"Uusi verkkokauppa\",\"publisher\":{\"@id\":\"https:\\\/\\\/eettinenluksus.fi\\\/shop\\\/#organization\"},\"potentialAction\":[{\"@type\":\"SearchAction\",\"target\":{\"@type\":\"EntryPoint\",\"urlTemplate\":\"https:\\\/\\\/eettinenluksus.fi\\\/shop\\\/?s={search_term_string}\"},\"query-input\":{\"@type\":\"PropertyValueSpecification\",\"valueRequired\":true,\"valueName\":\"search_term_string\"}}],\"inLanguage\":\"fi\"},{\"@type\":\"Organization\",\"@id\":\"https:\\\/\\\/eettinenluksus.fi\\\/shop\\\/#organization\",\"name\":\"Shop Eettinen Luksus\",\"url\":\"https:\\\/\\\/eettinenluksus.fi\\\/shop\\\/\",\"logo\":{\"@type\":\"ImageObject\",\"inLanguage\":\"fi\",\"@id\":\"https:\\\/\\\/eettinenluksus.fi\\\/shop\\\/#\\\/schema\\\/logo\\\/image\\\/\",\"url\":\"https:\\\/\\\/eettinenluksus.fi\\\/shop\\\/wp-content\\\/uploads\\\/sites\\\/4\\\/1664\\\/37\\\/cropped-ELO.jpg\",\"contentUrl\":\"https:\\\/\\\/eettinenluksus.fi\\\/shop\\\/wp-content\\\/uploads\\\/sites\\\/4\\\/1664\\\/37\\\/cropped-ELO.jpg\",\"width\":810,\"height\":350,\"caption\":\"Shop Eettinen Luksus\"},\"image\":{\"@id\":\"https:\\\/\\\/eettinenluksus.fi\\\/shop\\\/#\\\/schema\\\/logo\\\/image\\\/\"},\"sameAs\":[\"https:\\\/\\\/www.facebook.com\\\/eettinenluksus\",\"https:\\\/\\\/www.instagram.com\\\/eettinenluksus\\\/\"]}]}<\/script>\n<meta property=\"product:price:amount\" content=\"3.55\" \/>\n<meta property=\"product:price:currency\" content=\"EUR\" \/>\n<meta property=\"og:availability\" content=\"instock\" \/>\n<meta property=\"product:availability\" content=\"instock\" \/>\n<meta property=\"product:retailer_item_id\" content=\"7226MR4\" \/>\n<meta property=\"product:condition\" content=\"new\" \/>\n<!-- \/ Yoast SEO Premium plugin. -->","yoast_head_json":{"title":"MrEco Hankausker\u00e4 kupari antibakt 2kpl - Shop Eettinen Luksus","description":"Antibakteerisesta kuparista Ei ruostu Kierr\u00e4tett\u00e4v\u00e4 Vaikeimpien lika- ja rasvatahrojen puhdistamiseen. MrEco Hankausker\u00e4 kupari antibakt 2kpl","robots":{"index":"index","follow":"follow","max-snippet":"max-snippet:-1","max-image-preview":"max-image-preview:large","max-video-preview":"max-video-preview:-1"},"canonical":"https:\/\/eettinenluksus.fi\/shop\/tuote\/mreco-hankauskera-kupari-antibakt-2kpl\/","og_locale":"fi_FI","og_type":"article","og_title":"MrEco Hankausker\u00e4 kupari antibakt 2kpl","og_description":"Antibakteerisesta kuparista Ei ruostu Kierr\u00e4tett\u00e4v\u00e4 Vaikeimpien lika- ja rasvatahrojen puhdistamiseen. MrEco Hankausker\u00e4 kupari antibakt 2kpl","og_url":"https:\/\/eettinenluksus.fi\/shop\/tuote\/mreco-hankauskera-kupari-antibakt-2kpl\/","og_site_name":"Shop Eettinen Luksus","article_publisher":"https:\/\/www.facebook.com\/eettinenluksus","article_modified_time":"2026-01-05T08:43:59+00:00","og_image":[{"width":1045,"height":1045,"url":"https:\/\/eettinenluksus.fi\/shop\/wp-content\/uploads\/sites\/4\/1726\/27\/mr.-ECO-Kuparispiraali-nelio.jpg","type":"image\/jpeg"}],"twitter_card":"summary_large_image","twitter_misc":{"Hinta":"3,55&nbsp;&euro;","Saatavuus":"Varastossa"},"schema":{"@context":"https:\/\/schema.org","@graph":[{"@type":"WebPage","@id":"https:\/\/eettinenluksus.fi\/shop\/tuote\/mreco-hankauskera-kupari-antibakt-2kpl\/","url":"https:\/\/eettinenluksus.fi\/shop\/tuote\/mreco-hankauskera-kupari-antibakt-2kpl\/","name":"MrEco Hankausker\u00e4 kupari antibakt 2kpl - Shop Eettinen Luksus","isPartOf":{"@id":"https:\/\/eettinenluksus.fi\/shop\/#website"},"primaryImageOfPage":{"@id":"https:\/\/eettinenluksus.fi\/shop\/tuote\/mreco-hankauskera-kupari-antibakt-2kpl\/#primaryimage"},"image":{"@id":"https:\/\/eettinenluksus.fi\/shop\/tuote\/mreco-hankauskera-kupari-antibakt-2kpl\/#primaryimage"},"thumbnailUrl":"https:\/\/eettinenluksus.fi\/shop\/wp-content\/uploads\/sites\/4\/1726\/27\/mr.-ECO-Kuparispiraali-nelio.jpg","datePublished":"2022-10-06T08:43:19+00:00","dateModified":"2026-01-05T08:43:59+00:00","description":"Antibakteerisesta kuparista Ei ruostu Kierr\u00e4tett\u00e4v\u00e4 Vaikeimpien lika- ja rasvatahrojen puhdistamiseen. MrEco Hankausker\u00e4 kupari antibakt 2kpl","breadcrumb":{"@id":"https:\/\/eettinenluksus.fi\/shop\/tuote\/mreco-hankauskera-kupari-antibakt-2kpl\/#breadcrumb"},"inLanguage":"fi","potentialAction":[{"@type":"ReadAction","target":["https:\/\/eettinenluksus.fi\/shop\/tuote\/mreco-hankauskera-kupari-antibakt-2kpl\/"]}]},{"@type":"ImageObject","inLanguage":"fi","@id":"https:\/\/eettinenluksus.fi\/shop\/tuote\/mreco-hankauskera-kupari-antibakt-2kpl\/#primaryimage","url":"https:\/\/eettinenluksus.fi\/shop\/wp-content\/uploads\/sites\/4\/1726\/27\/mr.-ECO-Kuparispiraali-nelio.jpg","contentUrl":"https:\/\/eettinenluksus.fi\/shop\/wp-content\/uploads\/sites\/4\/1726\/27\/mr.-ECO-Kuparispiraali-nelio.jpg","width":1045,"height":1045,"caption":"mrECO Kuparispiraali"},{"@type":"BreadcrumbList","@id":"https:\/\/eettinenluksus.fi\/shop\/tuote\/mreco-hankauskera-kupari-antibakt-2kpl\/#breadcrumb","itemListElement":[{"@type":"ListItem","position":1,"name":"Etusivu","item":"https:\/\/eettinenluksus.fi\/shop\/"},{"@type":"ListItem","position":2,"name":"Kauppa","item":"https:\/\/eettinenluksus.fi\/shop\/en\/kauppa\/"},{"@type":"ListItem","position":3,"name":"MrEco Hankausker\u00e4 kupari antibakt 2kpl"}]},{"@type":"WebSite","@id":"https:\/\/eettinenluksus.fi\/shop\/#website","url":"https:\/\/eettinenluksus.fi\/shop\/","name":"Shop Eettinen Luksus","description":"Uusi verkkokauppa","publisher":{"@id":"https:\/\/eettinenluksus.fi\/shop\/#organization"},"potentialAction":[{"@type":"SearchAction","target":{"@type":"EntryPoint","urlTemplate":"https:\/\/eettinenluksus.fi\/shop\/?s={search_term_string}"},"query-input":{"@type":"PropertyValueSpecification","valueRequired":true,"valueName":"search_term_string"}}],"inLanguage":"fi"},{"@type":"Organization","@id":"https:\/\/eettinenluksus.fi\/shop\/#organization","name":"Shop Eettinen Luksus","url":"https:\/\/eettinenluksus.fi\/shop\/","logo":{"@type":"ImageObject","inLanguage":"fi","@id":"https:\/\/eettinenluksus.fi\/shop\/#\/schema\/logo\/image\/","url":"https:\/\/eettinenluksus.fi\/shop\/wp-content\/uploads\/sites\/4\/1664\/37\/cropped-ELO.jpg","contentUrl":"https:\/\/eettinenluksus.fi\/shop\/wp-content\/uploads\/sites\/4\/1664\/37\/cropped-ELO.jpg","width":810,"height":350,"caption":"Shop Eettinen Luksus"},"image":{"@id":"https:\/\/eettinenluksus.fi\/shop\/#\/schema\/logo\/image\/"},"sameAs":["https:\/\/www.facebook.com\/eettinenluksus","https:\/\/www.instagram.com\/eettinenluksus\/"]}]},"product_price_amount":"3.55","product_price_currency":"EUR","og_availability":"instock","product_availability":"instock","product_retailer_item_id":"7226MR4","product_condition":"new"},"_links":{"self":[{"href":"https:\/\/eettinenluksus.fi\/shop\/wp-json\/wp\/v2\/product\/464","targetHints":{"allow":["GET"]}}],"collection":[{"href":"https:\/\/eettinenluksus.fi\/shop\/wp-json\/wp\/v2\/product"}],"about":[{"href":"https:\/\/eettinenluksus.fi\/shop\/wp-json\/wp\/v2\/types\/product"}],"version-history":[{"count":11,"href":"https:\/\/eettinenluksus.fi\/shop\/wp-json\/wp\/v2\/product\/464\/revisions"}],"predecessor-version":[{"id":5244,"href":"https:\/\/eettinenluksus.fi\/shop\/wp-json\/wp\/v2\/product\/464\/revisions\/5244"}],"wp:featuredmedia":[{"embeddable":true,"href":"https:\/\/eettinenluksus.fi\/shop\/wp-json\/wp\/v2\/media\/4099"}],"wp:attachment":[{"href":"https:\/\/eettinenluksus.fi\/shop\/wp-json\/wp\/v2\/media?parent=464"}],"wp:term":[{"taxonomy":"product_brand","embeddable":true,"href":"https:\/\/eettinenluksus.fi\/shop\/wp-json\/wp\/v2\/product_brand?post=464"},{"taxonomy":"product_cat","embeddable":true,"href":"https:\/\/eettinenluksus.fi\/shop\/wp-json\/wp\/v2\/product_cat?post=464"},{"taxonomy":"product_tag","embeddable":true,"href":"https:\/\/eettinenluksus.fi\/shop\/wp-json\/wp\/v2\/product_tag?post=464"}],"curies":[{"name":"wp","href":"https:\/\/api.w.org\/{rel}","templated":true}]}}