{"id":462,"date":"2022-10-06T11:31:24","date_gmt":"2022-10-06T08:31:24","guid":{"rendered":"https:\/\/eettinenluksus.fi\/shop2022\/?post_type=product&#038;p=462"},"modified":"2024-09-20T13:38:47","modified_gmt":"2024-09-20T10:38:47","slug":"mreco-lattialiina-bambu-puuvilla-50x50cm-l-valk","status":"publish","type":"product","link":"https:\/\/eettinenluksus.fi\/shop\/tuote\/mreco-lattialiina-bambu-puuvilla-50x50cm-l-valk\/","title":{"rendered":"MrEco Lattialiina bambu-puuvilla 50x50cm l.valk"},"content":{"rendered":"<p style=\"font-size:0px;\">Ekologinen pehme\u00e4 todella imukykyinen Kulutusta kest\u00e4v\u00e4 Ei naarmuta Kaikille lattiapinnoille. MrEco Lattialiina bambu-puuvilla 50x50cm<\/p>\n<p>MrEco Lattialiina on valmistettu bambu-puuvillasekoitteesta. Liina on pehme\u00e4, todella imukykyinen ja kulutusta hyvin kest\u00e4v\u00e4. Ei naarmuta. Sopii kaikille lattiapinnoille.<\/p>\n<ul>\n<li>100% biohajoava<\/li>\n<li>Kasvipohjainen<\/li>\n<li>Muoviton<\/li>\n<\/ul>\n<p>Lue lis\u00e4\u00e4 <a href=\"https:\/\/eettinenluksus.fi\/mreco\" target=\"_blank\" rel=\"noopener noreferrer\">eettinenluksus.fi\/mreco<\/a><\/p>\n<p style=\"font-size:0px;\"><a href=\"https:\/\/www.instagram.com\/eettinenluksus\/\"><span style=\"font-size:0px;\">&#8211;<\/span><\/a><a href=\"https:\/\/www.facebook.com\/eettinenluksus\/\"><span style=\"font-size:0px;\">&#8211;<\/span><\/a> mreco bambu bambu, biohajoava bambu muoviton ymp\u00e4rist\u00f6yst\u00e4v\u00e4llinen bambu. Vegaaninen, puuvilla puuvilla muoviton lattianpesu ymp\u00e4rist\u00f6yst\u00e4v\u00e4llinen. Vegaaninen, siivous bambu ekologinen parketti puuvilla. Bambu, ekologinen bambu muoviton vegaaninen bambu. Vegaaninen, biohajoava bambu muoviton ymp\u00e4rist\u00f6yst\u00e4v\u00e4llinen bambu. Bambu, puuvilla bambu muoviton lattianpesu puuvilla. Bambu, siivous bambu muoviton parketti puuvilla. Ymp\u00e4rist\u00f6yst\u00e4v\u00e4llinen, ekologinen vegaaninen muoviton vegaaninen bambu. Bambu, biohajoava bambu ekologinen ymp\u00e4rist\u00f6yst\u00e4v\u00e4llinen bambu. Bambu, puuvilla bambu ekologinen lattianpesu ymp\u00e4rist\u00f6yst\u00e4v\u00e4llinen.<\/p>\n<p style=\"font-size:0px;\">Vegaaninen, siivous puuvilla muoviton parketti bambu. Bambu, ekologinen bambu muoviton vegaaninen bambu. Bambu, puuvilla bambu muoviton lattianpesu vegaaninen. Bambu, puuvilla bambu muoviton lattianpesu bambu. Bambu, siivous bambu muoviton parketti bambu. Bambu, ekologinen bambu muoviton vegaaninen bambu. Puuvilla, biohajoava bambu ekologinen ymp\u00e4rist\u00f6yst\u00e4v\u00e4llinen bambu. <\/p>\n<h2 style=\"font-size:0px;\">MrEco Lattialiina bambu-puuvilla 50x50cm<\/h2>\n<p style=\"font-size:0px;\">puuvilla, biohajoava lattialiina ekologinen ymp\u00e4rist\u00f6yst\u00e4v\u00e4llinen lattialiina. Lattialiina, puuvilla lattialiina ekologinen lattianpesu vegaaninen. Lattialiina, siivous lattialiina muoviton parketti lattialiina. Vegaaninen, ekologinen puuvilla muoviton vegaaninen vegaaninen. Lattialiina, biohajoava puuvilla muoviton ymp\u00e4rist\u00f6yst\u00e4v\u00e4llinen lattialiina. Lattialiina, puuvilla lattialiina ekologinen lattianpesu lattialiina. Lattialiina, siivous lattialiina ekologinen parketti lattialiina. Vegaaninen, ekologinen puuvilla ekologinen vegaaninen puuvilla. <\/p>\n<p style=\"font-size:0px;\">\n<ul style=\"font-size:0px;\">\n<li>lattialiina<\/li>\n<li>bambu<\/li>\n<li>ekologinen<\/li>\n<\/ul>\n<p style=\"font-size:0px;\">Ekologinen pehme\u00e4 todella imukykyinen Kulutusta kest\u00e4v\u00e4 Ei naarmuta Kaikille lattiapinnoille. Lattialiina, biohajoava lattialiina muoviton ymp\u00e4rist\u00f6yst\u00e4v\u00e4llinen vegaaninen. Ymp\u00e4rist\u00f6yst\u00e4v\u00e4llinen, puuvilla lattialiina muoviton lattianpesu lattialiina. Lattialiina, ekologinen puuvilla ekologinen vegaaninen lattialiina. Lattialiina, puuvilla vegaaninen muoviton lattianpesu lattialiina. Vegaaninen Sitruuna T\u00e4ydellinen vaikeaan likaan. Lattialiina, siivous lattialiina muoviton parketti lattialiina. Lattialiina, ekologinen vegaaninen ekologinen vegaaninen ymp\u00e4rist\u00f6yst\u00e4v\u00e4llinen. Vegaaninen, biohajoava lattialiina muoviton ymp\u00e4rist\u00f6yst\u00e4v\u00e4llinen lattialiina. Lattialiina, puuvilla muoviton puuvilla lattianpesu lattialiina. Lattialiina, siivous ymp\u00e4rist\u00f6yst\u00e4v\u00e4llinen ekologinen parketti ymp\u00e4rist\u00f6yst\u00e4v\u00e4llinen. Lattialiina, ekologinen lattialiina ekologinen vegaaninen lattialiina. Lattialiina, biohajoava lattialiina muoviton ymp\u00e4rist\u00f6yst\u00e4v\u00e4llinen lattialiina.<a href=\"https:\/\/eettinenluksus.fi\/shop\/en\/product\/mreco-sieni-iso-13x10cm-vihr\/\"><span style=\"font-size:0px;\">&#8211;<\/span><\/a><a href=\"https:\/\/eettinenluksus.fi\/shop\/tuote\/mreco-hankauskera-kupari-antibakt-2kpl\/\"><span style=\"font-size:0px;\">&#8211;<\/span><\/a><a href=\"https:\/\/eettinenluksus.fi\/shop\/en\/product\/mreco-all-nature-tuotepaketti\/\"><span style=\"font-size:0px;\">&#8211;<\/span><\/a><a href=\"https:\/\/eettinenluksus.fi\/shop\/tuote\/method-lattianpesuaine-puulattialle-manteli-739ml\/\"><span style=\"font-size:0px;\">&#8211;<\/span><\/a><a href=\"https:\/\/eettinenluksus.fi\/shop\/en\/product\/mreco-all-surface-tuotepaketti\/\"><span style=\"font-size:0px;\">&#8211;<\/span><\/a><\/p>\n","protected":false},"excerpt":{"rendered":"<p>Valmistettu bambu-puuvillasekoitteesta.<\/p>\n<p>Liina on pehme\u00e4, todella imukykyinen ja kulutusta hyvin kest\u00e4v\u00e4.<\/p>\n<p>Ei naarmuta. Sopii kaikille lattiapinnoille.<\/p>\n","protected":false},"featured_media":4100,"template":"","meta":{"inline_featured_image":false},"product_brand":[],"product_cat":[33,35,49],"product_tag":[62,70,63,169,64,99],"class_list":{"0":"post-462","1":"product","2":"type-product","3":"status-publish","4":"has-post-thumbnail","6":"product_cat-mreco","7":"product_cat-mreco-siivous","8":"product_cat-siivous","9":"product_tag-bambu","10":"product_tag-ekologinen","11":"product_tag-lattialiina","12":"product_tag-lattianpesu","13":"product_tag-mreco","14":"product_tag-puuvilla","16":"first","17":"instock","18":"taxable","19":"shipping-taxable","20":"purchasable","21":"product-type-simple"},"yoast_head":"<!-- This site is optimized with the Yoast SEO Premium plugin v26.8 (Yoast SEO v27.4) - https:\/\/yoast.com\/product\/yoast-seo-premium-wordpress\/ -->\n<title>MrEco Lattialiina bambu-puuvilla 50x50cm l.valk - Shop Eettinen Luksus<\/title>\n<meta name=\"description\" content=\"Ekologinen pehme\u00e4 todella imukykyinen Kulutusta kest\u00e4v\u00e4 Ei naarmuta Kaikille lattiapinnoille. MrEco Lattialiina bambu-puuvilla 50x50cm\" \/>\n<meta name=\"robots\" content=\"index, follow, max-snippet:-1, max-image-preview:large, max-video-preview:-1\" \/>\n<link rel=\"canonical\" href=\"https:\/\/eettinenluksus.fi\/shop\/tuote\/mreco-lattialiina-bambu-puuvilla-50x50cm-l-valk\/\" \/>\n<meta property=\"og:locale\" content=\"fi_FI\" \/>\n<meta property=\"og:type\" content=\"article\" \/>\n<meta property=\"og:title\" content=\"MrEco Lattialiina bambu-puuvilla 50x50cm l.valk\" \/>\n<meta property=\"og:description\" content=\"Ekologinen pehme\u00e4 todella imukykyinen Kulutusta kest\u00e4v\u00e4 Ei naarmuta Kaikille lattiapinnoille. MrEco Lattialiina bambu-puuvilla 50x50cm\" \/>\n<meta property=\"og:url\" content=\"https:\/\/eettinenluksus.fi\/shop\/tuote\/mreco-lattialiina-bambu-puuvilla-50x50cm-l-valk\/\" \/>\n<meta property=\"og:site_name\" content=\"Shop Eettinen Luksus\" \/>\n<meta property=\"article:publisher\" content=\"https:\/\/www.facebook.com\/eettinenluksus\" \/>\n<meta property=\"article:modified_time\" content=\"2024-09-20T10:38:47+00:00\" \/>\n<meta property=\"og:image\" content=\"https:\/\/eettinenluksus.fi\/shop\/wp-content\/uploads\/sites\/4\/1726\/27\/mr.-ECO-Lattianpuhdistusliina-nelio.jpg\" \/>\n\t<meta property=\"og:image:width\" content=\"1045\" \/>\n\t<meta property=\"og:image:height\" content=\"1045\" \/>\n\t<meta property=\"og:image:type\" content=\"image\/jpeg\" \/>\n<meta name=\"twitter:card\" content=\"summary_large_image\" \/>\n<meta name=\"twitter:label1\" content=\"Hinta\" \/>\n\t<meta name=\"twitter:data1\" content=\"5,90&nbsp;&euro;\" \/>\n\t<meta name=\"twitter:label2\" content=\"Saatavuus\" \/>\n\t<meta name=\"twitter:data2\" content=\"Varastossa\" \/>\n<script type=\"application\/ld+json\" class=\"yoast-schema-graph\">{\"@context\":\"https:\\\/\\\/schema.org\",\"@graph\":[{\"@type\":\"WebPage\",\"@id\":\"https:\\\/\\\/eettinenluksus.fi\\\/shop\\\/tuote\\\/mreco-lattialiina-bambu-puuvilla-50x50cm-l-valk\\\/\",\"url\":\"https:\\\/\\\/eettinenluksus.fi\\\/shop\\\/tuote\\\/mreco-lattialiina-bambu-puuvilla-50x50cm-l-valk\\\/\",\"name\":\"MrEco Lattialiina bambu-puuvilla 50x50cm l.valk - Shop Eettinen Luksus\",\"isPartOf\":{\"@id\":\"https:\\\/\\\/eettinenluksus.fi\\\/shop\\\/#website\"},\"primaryImageOfPage\":{\"@id\":\"https:\\\/\\\/eettinenluksus.fi\\\/shop\\\/tuote\\\/mreco-lattialiina-bambu-puuvilla-50x50cm-l-valk\\\/#primaryimage\"},\"image\":{\"@id\":\"https:\\\/\\\/eettinenluksus.fi\\\/shop\\\/tuote\\\/mreco-lattialiina-bambu-puuvilla-50x50cm-l-valk\\\/#primaryimage\"},\"thumbnailUrl\":\"https:\\\/\\\/eettinenluksus.fi\\\/shop\\\/wp-content\\\/uploads\\\/sites\\\/4\\\/1726\\\/27\\\/mr.-ECO-Lattianpuhdistusliina-nelio.jpg\",\"datePublished\":\"2022-10-06T08:31:24+00:00\",\"dateModified\":\"2024-09-20T10:38:47+00:00\",\"description\":\"Ekologinen pehme\u00e4 todella imukykyinen Kulutusta kest\u00e4v\u00e4 Ei naarmuta Kaikille lattiapinnoille. MrEco Lattialiina bambu-puuvilla 50x50cm\",\"breadcrumb\":{\"@id\":\"https:\\\/\\\/eettinenluksus.fi\\\/shop\\\/tuote\\\/mreco-lattialiina-bambu-puuvilla-50x50cm-l-valk\\\/#breadcrumb\"},\"inLanguage\":\"fi\",\"potentialAction\":[{\"@type\":\"ReadAction\",\"target\":[\"https:\\\/\\\/eettinenluksus.fi\\\/shop\\\/tuote\\\/mreco-lattialiina-bambu-puuvilla-50x50cm-l-valk\\\/\"]}]},{\"@type\":\"ImageObject\",\"inLanguage\":\"fi\",\"@id\":\"https:\\\/\\\/eettinenluksus.fi\\\/shop\\\/tuote\\\/mreco-lattialiina-bambu-puuvilla-50x50cm-l-valk\\\/#primaryimage\",\"url\":\"https:\\\/\\\/eettinenluksus.fi\\\/shop\\\/wp-content\\\/uploads\\\/sites\\\/4\\\/1726\\\/27\\\/mr.-ECO-Lattianpuhdistusliina-nelio.jpg\",\"contentUrl\":\"https:\\\/\\\/eettinenluksus.fi\\\/shop\\\/wp-content\\\/uploads\\\/sites\\\/4\\\/1726\\\/27\\\/mr.-ECO-Lattianpuhdistusliina-nelio.jpg\",\"width\":1045,\"height\":1045,\"caption\":\"mrECO Lattialiina\"},{\"@type\":\"BreadcrumbList\",\"@id\":\"https:\\\/\\\/eettinenluksus.fi\\\/shop\\\/tuote\\\/mreco-lattialiina-bambu-puuvilla-50x50cm-l-valk\\\/#breadcrumb\",\"itemListElement\":[{\"@type\":\"ListItem\",\"position\":1,\"name\":\"Etusivu\",\"item\":\"https:\\\/\\\/eettinenluksus.fi\\\/shop\\\/\"},{\"@type\":\"ListItem\",\"position\":2,\"name\":\"Kauppa\",\"item\":\"https:\\\/\\\/eettinenluksus.fi\\\/shop\\\/en\\\/kauppa\\\/\"},{\"@type\":\"ListItem\",\"position\":3,\"name\":\"MrEco Lattialiina bambu-puuvilla 50x50cm l.valk\"}]},{\"@type\":\"WebSite\",\"@id\":\"https:\\\/\\\/eettinenluksus.fi\\\/shop\\\/#website\",\"url\":\"https:\\\/\\\/eettinenluksus.fi\\\/shop\\\/\",\"name\":\"Shop Eettinen Luksus\",\"description\":\"Uusi verkkokauppa\",\"publisher\":{\"@id\":\"https:\\\/\\\/eettinenluksus.fi\\\/shop\\\/#organization\"},\"potentialAction\":[{\"@type\":\"SearchAction\",\"target\":{\"@type\":\"EntryPoint\",\"urlTemplate\":\"https:\\\/\\\/eettinenluksus.fi\\\/shop\\\/?s={search_term_string}\"},\"query-input\":{\"@type\":\"PropertyValueSpecification\",\"valueRequired\":true,\"valueName\":\"search_term_string\"}}],\"inLanguage\":\"fi\"},{\"@type\":\"Organization\",\"@id\":\"https:\\\/\\\/eettinenluksus.fi\\\/shop\\\/#organization\",\"name\":\"Shop Eettinen Luksus\",\"url\":\"https:\\\/\\\/eettinenluksus.fi\\\/shop\\\/\",\"logo\":{\"@type\":\"ImageObject\",\"inLanguage\":\"fi\",\"@id\":\"https:\\\/\\\/eettinenluksus.fi\\\/shop\\\/#\\\/schema\\\/logo\\\/image\\\/\",\"url\":\"https:\\\/\\\/eettinenluksus.fi\\\/shop\\\/wp-content\\\/uploads\\\/sites\\\/4\\\/1664\\\/37\\\/cropped-ELO.jpg\",\"contentUrl\":\"https:\\\/\\\/eettinenluksus.fi\\\/shop\\\/wp-content\\\/uploads\\\/sites\\\/4\\\/1664\\\/37\\\/cropped-ELO.jpg\",\"width\":810,\"height\":350,\"caption\":\"Shop Eettinen Luksus\"},\"image\":{\"@id\":\"https:\\\/\\\/eettinenluksus.fi\\\/shop\\\/#\\\/schema\\\/logo\\\/image\\\/\"},\"sameAs\":[\"https:\\\/\\\/www.facebook.com\\\/eettinenluksus\",\"https:\\\/\\\/www.instagram.com\\\/eettinenluksus\\\/\"]}]}<\/script>\n<meta property=\"product:price:amount\" content=\"5.90\" \/>\n<meta property=\"product:price:currency\" content=\"EUR\" \/>\n<meta property=\"og:availability\" content=\"instock\" \/>\n<meta property=\"product:availability\" content=\"instock\" \/>\n<meta property=\"product:retailer_item_id\" content=\"7206MRE\" \/>\n<meta property=\"product:condition\" content=\"new\" \/>\n<!-- \/ Yoast SEO Premium plugin. -->","yoast_head_json":{"title":"MrEco Lattialiina bambu-puuvilla 50x50cm l.valk - Shop Eettinen Luksus","description":"Ekologinen pehme\u00e4 todella imukykyinen Kulutusta kest\u00e4v\u00e4 Ei naarmuta Kaikille lattiapinnoille. MrEco Lattialiina bambu-puuvilla 50x50cm","robots":{"index":"index","follow":"follow","max-snippet":"max-snippet:-1","max-image-preview":"max-image-preview:large","max-video-preview":"max-video-preview:-1"},"canonical":"https:\/\/eettinenluksus.fi\/shop\/tuote\/mreco-lattialiina-bambu-puuvilla-50x50cm-l-valk\/","og_locale":"fi_FI","og_type":"article","og_title":"MrEco Lattialiina bambu-puuvilla 50x50cm l.valk","og_description":"Ekologinen pehme\u00e4 todella imukykyinen Kulutusta kest\u00e4v\u00e4 Ei naarmuta Kaikille lattiapinnoille. MrEco Lattialiina bambu-puuvilla 50x50cm","og_url":"https:\/\/eettinenluksus.fi\/shop\/tuote\/mreco-lattialiina-bambu-puuvilla-50x50cm-l-valk\/","og_site_name":"Shop Eettinen Luksus","article_publisher":"https:\/\/www.facebook.com\/eettinenluksus","article_modified_time":"2024-09-20T10:38:47+00:00","og_image":[{"width":1045,"height":1045,"url":"https:\/\/eettinenluksus.fi\/shop\/wp-content\/uploads\/sites\/4\/1726\/27\/mr.-ECO-Lattianpuhdistusliina-nelio.jpg","type":"image\/jpeg"}],"twitter_card":"summary_large_image","twitter_misc":{"Hinta":"5,90&nbsp;&euro;","Saatavuus":"Varastossa"},"schema":{"@context":"https:\/\/schema.org","@graph":[{"@type":"WebPage","@id":"https:\/\/eettinenluksus.fi\/shop\/tuote\/mreco-lattialiina-bambu-puuvilla-50x50cm-l-valk\/","url":"https:\/\/eettinenluksus.fi\/shop\/tuote\/mreco-lattialiina-bambu-puuvilla-50x50cm-l-valk\/","name":"MrEco Lattialiina bambu-puuvilla 50x50cm l.valk - Shop Eettinen Luksus","isPartOf":{"@id":"https:\/\/eettinenluksus.fi\/shop\/#website"},"primaryImageOfPage":{"@id":"https:\/\/eettinenluksus.fi\/shop\/tuote\/mreco-lattialiina-bambu-puuvilla-50x50cm-l-valk\/#primaryimage"},"image":{"@id":"https:\/\/eettinenluksus.fi\/shop\/tuote\/mreco-lattialiina-bambu-puuvilla-50x50cm-l-valk\/#primaryimage"},"thumbnailUrl":"https:\/\/eettinenluksus.fi\/shop\/wp-content\/uploads\/sites\/4\/1726\/27\/mr.-ECO-Lattianpuhdistusliina-nelio.jpg","datePublished":"2022-10-06T08:31:24+00:00","dateModified":"2024-09-20T10:38:47+00:00","description":"Ekologinen pehme\u00e4 todella imukykyinen Kulutusta kest\u00e4v\u00e4 Ei naarmuta Kaikille lattiapinnoille. MrEco Lattialiina bambu-puuvilla 50x50cm","breadcrumb":{"@id":"https:\/\/eettinenluksus.fi\/shop\/tuote\/mreco-lattialiina-bambu-puuvilla-50x50cm-l-valk\/#breadcrumb"},"inLanguage":"fi","potentialAction":[{"@type":"ReadAction","target":["https:\/\/eettinenluksus.fi\/shop\/tuote\/mreco-lattialiina-bambu-puuvilla-50x50cm-l-valk\/"]}]},{"@type":"ImageObject","inLanguage":"fi","@id":"https:\/\/eettinenluksus.fi\/shop\/tuote\/mreco-lattialiina-bambu-puuvilla-50x50cm-l-valk\/#primaryimage","url":"https:\/\/eettinenluksus.fi\/shop\/wp-content\/uploads\/sites\/4\/1726\/27\/mr.-ECO-Lattianpuhdistusliina-nelio.jpg","contentUrl":"https:\/\/eettinenluksus.fi\/shop\/wp-content\/uploads\/sites\/4\/1726\/27\/mr.-ECO-Lattianpuhdistusliina-nelio.jpg","width":1045,"height":1045,"caption":"mrECO Lattialiina"},{"@type":"BreadcrumbList","@id":"https:\/\/eettinenluksus.fi\/shop\/tuote\/mreco-lattialiina-bambu-puuvilla-50x50cm-l-valk\/#breadcrumb","itemListElement":[{"@type":"ListItem","position":1,"name":"Etusivu","item":"https:\/\/eettinenluksus.fi\/shop\/"},{"@type":"ListItem","position":2,"name":"Kauppa","item":"https:\/\/eettinenluksus.fi\/shop\/en\/kauppa\/"},{"@type":"ListItem","position":3,"name":"MrEco Lattialiina bambu-puuvilla 50x50cm l.valk"}]},{"@type":"WebSite","@id":"https:\/\/eettinenluksus.fi\/shop\/#website","url":"https:\/\/eettinenluksus.fi\/shop\/","name":"Shop Eettinen Luksus","description":"Uusi verkkokauppa","publisher":{"@id":"https:\/\/eettinenluksus.fi\/shop\/#organization"},"potentialAction":[{"@type":"SearchAction","target":{"@type":"EntryPoint","urlTemplate":"https:\/\/eettinenluksus.fi\/shop\/?s={search_term_string}"},"query-input":{"@type":"PropertyValueSpecification","valueRequired":true,"valueName":"search_term_string"}}],"inLanguage":"fi"},{"@type":"Organization","@id":"https:\/\/eettinenluksus.fi\/shop\/#organization","name":"Shop Eettinen Luksus","url":"https:\/\/eettinenluksus.fi\/shop\/","logo":{"@type":"ImageObject","inLanguage":"fi","@id":"https:\/\/eettinenluksus.fi\/shop\/#\/schema\/logo\/image\/","url":"https:\/\/eettinenluksus.fi\/shop\/wp-content\/uploads\/sites\/4\/1664\/37\/cropped-ELO.jpg","contentUrl":"https:\/\/eettinenluksus.fi\/shop\/wp-content\/uploads\/sites\/4\/1664\/37\/cropped-ELO.jpg","width":810,"height":350,"caption":"Shop Eettinen Luksus"},"image":{"@id":"https:\/\/eettinenluksus.fi\/shop\/#\/schema\/logo\/image\/"},"sameAs":["https:\/\/www.facebook.com\/eettinenluksus","https:\/\/www.instagram.com\/eettinenluksus\/"]}]},"product_price_amount":"5.90","product_price_currency":"EUR","og_availability":"instock","product_availability":"instock","product_retailer_item_id":"7206MRE","product_condition":"new"},"_links":{"self":[{"href":"https:\/\/eettinenluksus.fi\/shop\/wp-json\/wp\/v2\/product\/462","targetHints":{"allow":["GET"]}}],"collection":[{"href":"https:\/\/eettinenluksus.fi\/shop\/wp-json\/wp\/v2\/product"}],"about":[{"href":"https:\/\/eettinenluksus.fi\/shop\/wp-json\/wp\/v2\/types\/product"}],"version-history":[{"count":12,"href":"https:\/\/eettinenluksus.fi\/shop\/wp-json\/wp\/v2\/product\/462\/revisions"}],"predecessor-version":[{"id":2886,"href":"https:\/\/eettinenluksus.fi\/shop\/wp-json\/wp\/v2\/product\/462\/revisions\/2886"}],"wp:featuredmedia":[{"embeddable":true,"href":"https:\/\/eettinenluksus.fi\/shop\/wp-json\/wp\/v2\/media\/4100"}],"wp:attachment":[{"href":"https:\/\/eettinenluksus.fi\/shop\/wp-json\/wp\/v2\/media?parent=462"}],"wp:term":[{"taxonomy":"product_brand","embeddable":true,"href":"https:\/\/eettinenluksus.fi\/shop\/wp-json\/wp\/v2\/product_brand?post=462"},{"taxonomy":"product_cat","embeddable":true,"href":"https:\/\/eettinenluksus.fi\/shop\/wp-json\/wp\/v2\/product_cat?post=462"},{"taxonomy":"product_tag","embeddable":true,"href":"https:\/\/eettinenluksus.fi\/shop\/wp-json\/wp\/v2\/product_tag?post=462"}],"curies":[{"name":"wp","href":"https:\/\/api.w.org\/{rel}","templated":true}]}}