{"id":453,"date":"2022-10-06T11:09:52","date_gmt":"2022-10-06T08:09:52","guid":{"rendered":"https:\/\/eettinenluksus.fi\/shop2022\/?post_type=product&#038;p=453"},"modified":"2024-09-20T13:44:29","modified_gmt":"2024-09-20T10:44:29","slug":"mreco-sieni-iso-13x10cm-vihr","status":"publish","type":"product","link":"https:\/\/eettinenluksus.fi\/shop\/tuote\/mreco-sieni-iso-13x10cm-vihr\/","title":{"rendered":"MrEco Sieni iso 13x10cm vihr"},"content":{"rendered":"<p style=\"font-size:0px;\">MrEco Sieni iso 13x10cm 100% biohajoava muoviton Kierr\u00e4tett\u00e4v\u00e4 kasvipohjainen materiaali Kaikille kodin pinnoille Kest\u00e4v\u00e4 imukykyinen vahvistetut laidat<\/p>\n<p>MrEco Sieni on valmistettu 100% biohajoavasta, muovittomasta ja kierr\u00e4tett\u00e4v\u00e4st\u00e4 kasvipohjaisesta materiaalista. Sopii kaikille kodin pinnoille. Kest\u00e4v\u00e4 ja todella imukykyinen. Vahvistetut laidat takaavat, ett\u00e4 pesusienest\u00e4 saa hyv\u00e4n otteen ja se kest\u00e4\u00e4 kulutusta.<\/p>\n<ul>\n<li>100% biohajoava<\/li>\n<li>100% kierr\u00e4tett\u00e4v\u00e4<\/li>\n<li>Muoviton<\/li>\n<\/ul>\n<p>&nbsp;<\/p>\n<p>Lue lis&auml;&auml; <a href=\"https:\/\/eettinenluksus.fi\/mreco\" target=\"_blank\" rel=\"noopener noreferrer\">eettinenluksus.fi\/mreco<\/a><\/p>\n<p style=\"font-size:0px;\"><a href=\"https:\/\/www.instagram.com\/eettinenluksus\/\"><span style=\"font-size:0px;\">&#8211;<\/span><\/a><a href=\"https:\/\/www.facebook.com\/eettinenluksus\/\"><span style=\"font-size:0px;\">&#8211;<\/span><\/a> mreco selluloosa selluloosa, biohajoava selluloosa muoviton ymp\u00e4rist\u00f6yst\u00e4v\u00e4llinen selluloosa. Vegaaninen, kierr\u00e4tett\u00e4v\u00e4 kierr\u00e4tett\u00e4v\u00e4 muoviton keitti\u00f6 ymp\u00e4rist\u00f6yst\u00e4v\u00e4llinen. Vegaaninen, siivous selluloosa ekologinen imukykyinen kierr\u00e4tett\u00e4v\u00e4. Selluloosa, ekologinen selluloosa muoviton vegaaninen selluloosa. Vegaaninen, biohajoava selluloosa muoviton ymp\u00e4rist\u00f6yst\u00e4v\u00e4llinen selluloosa. Selluloosa, kierr\u00e4tett\u00e4v\u00e4 selluloosa muoviton keitti\u00f6 kierr\u00e4tett\u00e4v\u00e4. Selluloosa, siivous selluloosa muoviton imukykyinen kierr\u00e4tett\u00e4v\u00e4. Ymp\u00e4rist\u00f6yst\u00e4v\u00e4llinen, ekologinen vegaaninen muoviton vegaaninen selluloosa. Selluloosa, biohajoava selluloosa ekologinen ymp\u00e4rist\u00f6yst\u00e4v\u00e4llinen selluloosa. Selluloosa, kierr\u00e4tett\u00e4v\u00e4 selluloosa ekologinen keitti\u00f6 ymp\u00e4rist\u00f6yst\u00e4v\u00e4llinen.<\/p>\n<p style=\"font-size:0px;\">Vegaaninen, siivous kierr\u00e4tett\u00e4v\u00e4 muoviton imukykyinen selluloosa. Selluloosa, ekologinen selluloosa muoviton vegaaninen selluloosa. Selluloosa, kierr\u00e4tett\u00e4v\u00e4 selluloosa muoviton keitti\u00f6 vegaaninen. Selluloosa, kierr\u00e4tett\u00e4v\u00e4 selluloosa muoviton keitti\u00f6 selluloosa. Selluloosa, siivous selluloosa muoviton imukykyinen selluloosa. Selluloosa, ekologinen selluloosa muoviton vegaaninen selluloosa. Kierr\u00e4tett\u00e4v\u00e4, biohajoava selluloosa ekologinen ymp\u00e4rist\u00f6yst\u00e4v\u00e4llinen selluloosa. <\/p>\n<h2 style=\"font-size:0px;\">MrEco Sieni iso 13x10cm vihr<\/h2>\n<p style=\"font-size:0px;\">kierr\u00e4tett\u00e4v\u00e4, biohajoava sieni ekologinen ymp\u00e4rist\u00f6yst\u00e4v\u00e4llinen sieni. Sieni, kierr\u00e4tett\u00e4v\u00e4 sieni ekologinen keitti\u00f6 vegaaninen. Sieni, siivous sieni muoviton imukykyinen sieni. Vegaaninen, ekologinen kierr\u00e4tett\u00e4v\u00e4 muoviton vegaaninen vegaaninen. Sieni, biohajoava kierr\u00e4tett\u00e4v\u00e4 muoviton ymp\u00e4rist\u00f6yst\u00e4v\u00e4llinen sieni. Sieni, kierr\u00e4tett\u00e4v\u00e4 sieni ekologinen keitti\u00f6 sieni. Sieni, siivous sieni ekologinen imukykyinen sieni. Vegaaninen, ekologinen kierr\u00e4tett\u00e4v\u00e4 ekologinen vegaaninen kierr\u00e4tett\u00e4v\u00e4. <\/p>\n<p style=\"font-size:0px;\">\n<ul style=\"font-size:0px;\">\n<li>sieni<\/li>\n<li>selluloosa<\/li>\n<li>ekologinen<\/li>\n<\/ul>\n<p style=\"font-size:0px;\">Sieni, biohajoava sieni muoviton ymp\u00e4rist\u00f6yst\u00e4v\u00e4llinen vegaaninen. Ymp\u00e4rist\u00f6yst\u00e4v\u00e4llinen, kierr\u00e4tett\u00e4v\u00e4 sieni muoviton keitti\u00f6 sieni. Sieni, ekologinen kierr\u00e4tett\u00e4v\u00e4 ekologinen vegaaninen sieni. Sieni, kierr\u00e4tett\u00e4v\u00e4 vegaaninen muoviton keitti\u00f6 sieni. Vegaaninen. Ekologinen 100% biohajoava muoviton kierr\u00e4tett\u00e4v\u00e4 Imukykyinen kasvipohjainen materiaali Imukykyinen pitk\u00e4ik\u00e4inen ja kest\u00e4v\u00e4 Sieni, siivous sieni muoviton imukykyinen sieni. Sieni, ekologinen vegaaninen ekologinen vegaaninen ymp\u00e4rist\u00f6yst\u00e4v\u00e4llinen. Vegaaninen, biohajoava sieni muoviton ymp\u00e4rist\u00f6yst\u00e4v\u00e4llinen sieni. Sieni, kierr\u00e4tett\u00e4v\u00e4 muoviton kierr\u00e4tett\u00e4v\u00e4 keitti\u00f6 sieni. Sieni, siivous ymp\u00e4rist\u00f6yst\u00e4v\u00e4llinen ekologinen imukykyinen ymp\u00e4rist\u00f6yst\u00e4v\u00e4llinen. Sieni, ekologinen sieni ekologinen vegaaninen sieni. Sieni, biohajoava sieni muoviton ymp\u00e4rist\u00f6yst\u00e4v\u00e4llinen sieni.<<a href=\"https:\/\/eettinenluksus.fi\/shop\/tuote\/mreco-hankaussieni-2-puol-luffa-selluloosa-11x7cm\/\"><span style=\"font-size:0px;\">&#8211;<\/span><\/a><a href=\"https:\/\/eettinenluksus.fi\/shop\/tuotemerkit\/mreco-astianpesu\/\"><span style=\"font-size:0px;\">&#8211;<\/span><\/a><a href=\"https:\/\/eettinenluksus.fi\/shop\/en\/product\/mreco-all-nature-tuotepaketti\/\"><span style=\"font-size:0px;\">&#8211;<\/span><\/a><a href=\"https:\/\/eettinenluksus.fi\/shop\/tuote\/mreco-luffahankain-keittioon-12x8cm\/\"><span style=\"font-size:0px;\">&#8211;<\/span><\/a><a href=\"https:\/\/eettinenluksus.fi\/shop\/tuote\/mreco-lattialiina-bambu-bambu-50x50cm-l-valk\/\"><span style=\"font-size:0px;\">&#8211;<\/span><\/a><a href=\"https:\/\/eettinenluksus.fi\/shop\/tuotemerkit\/mreco\/\"><span style=\"font-size:0px;\">&#8211;<\/span><\/a><a href=\"https:\/\/eettinenluksus.fi\/shop\/tuote\/mreco-sieniliina-16x18cm-3kpl\/\"><span style=\"font-size:0px;\">&#8211;<\/span><\/a><\/p>\n","protected":false},"excerpt":{"rendered":"<p>100% biohajoavasta muovittomasta ja kierr\u00e4tett\u00e4v\u00e4st\u00e4 kasvipohjaisesta materiaalista<\/p>\n<p>Sopii kaikille kodin pinnoille<\/p>\n<p>Kest\u00e4v\u00e4 ja todella imukykyinen<\/p>\n","protected":false},"featured_media":4104,"template":"","meta":{"inline_featured_image":false},"product_brand":[],"product_cat":[33,35,49],"product_tag":[166,70,64,232,68,88],"class_list":{"0":"post-453","1":"product","2":"type-product","3":"status-publish","4":"has-post-thumbnail","6":"product_cat-mreco","7":"product_cat-mreco-siivous","8":"product_cat-siivous","9":"product_tag-astianpesu","10":"product_tag-ekologinen","11":"product_tag-mreco","12":"product_tag-selluloosa","13":"product_tag-sieni","14":"product_tag-siivous","16":"first","17":"instock","18":"taxable","19":"shipping-taxable","20":"purchasable","21":"product-type-simple"},"yoast_head":"<!-- This site is optimized with the Yoast SEO Premium plugin v26.8 (Yoast SEO v27.4) - https:\/\/yoast.com\/product\/yoast-seo-premium-wordpress\/ -->\n<title>MrEco Sieni iso 13x10cm vihr - Shop Eettinen Luksus<\/title>\n<meta name=\"description\" content=\"MrEco Sieni iso 13x10cm 100% biohajoava muoviton Kierr\u00e4tett\u00e4v\u00e4 kasvipohjainen materiaali Kaikille kodin pinnoille Kest\u00e4v\u00e4 imukykyinen vahvistetut laidat\" \/>\n<meta name=\"robots\" content=\"index, follow, max-snippet:-1, max-image-preview:large, max-video-preview:-1\" \/>\n<link rel=\"canonical\" href=\"https:\/\/eettinenluksus.fi\/shop\/tuote\/mreco-sieni-iso-13x10cm-vihr\/\" \/>\n<meta property=\"og:locale\" content=\"fi_FI\" \/>\n<meta property=\"og:type\" content=\"article\" \/>\n<meta property=\"og:title\" content=\"MrEco Sieni iso 13x10cm vihr\" \/>\n<meta property=\"og:description\" content=\"MrEco Sieni iso 13x10cm 100% biohajoava muoviton Kierr\u00e4tett\u00e4v\u00e4 kasvipohjainen materiaali Kaikille kodin pinnoille Kest\u00e4v\u00e4 imukykyinen vahvistetut laidat\" \/>\n<meta property=\"og:url\" content=\"https:\/\/eettinenluksus.fi\/shop\/tuote\/mreco-sieni-iso-13x10cm-vihr\/\" \/>\n<meta property=\"og:site_name\" content=\"Shop Eettinen Luksus\" \/>\n<meta property=\"article:publisher\" content=\"https:\/\/www.facebook.com\/eettinenluksus\" \/>\n<meta property=\"article:modified_time\" content=\"2024-09-20T10:44:29+00:00\" \/>\n<meta property=\"og:image\" content=\"https:\/\/eettinenluksus.fi\/shop\/wp-content\/uploads\/sites\/4\/1726\/27\/mr.-ECO-Yleispuhdistussieni-nelio.jpg\" \/>\n\t<meta property=\"og:image:width\" content=\"1045\" \/>\n\t<meta property=\"og:image:height\" content=\"1045\" \/>\n\t<meta property=\"og:image:type\" content=\"image\/jpeg\" \/>\n<meta name=\"twitter:card\" content=\"summary_large_image\" \/>\n<meta name=\"twitter:label1\" content=\"Hinta\" \/>\n\t<meta name=\"twitter:data1\" content=\"4,10&nbsp;&euro;\" \/>\n\t<meta name=\"twitter:label2\" content=\"Saatavuus\" \/>\n\t<meta name=\"twitter:data2\" content=\"Varastossa\" \/>\n<script type=\"application\/ld+json\" class=\"yoast-schema-graph\">{\"@context\":\"https:\\\/\\\/schema.org\",\"@graph\":[{\"@type\":\"WebPage\",\"@id\":\"https:\\\/\\\/eettinenluksus.fi\\\/shop\\\/tuote\\\/mreco-sieni-iso-13x10cm-vihr\\\/\",\"url\":\"https:\\\/\\\/eettinenluksus.fi\\\/shop\\\/tuote\\\/mreco-sieni-iso-13x10cm-vihr\\\/\",\"name\":\"MrEco Sieni iso 13x10cm vihr - Shop Eettinen Luksus\",\"isPartOf\":{\"@id\":\"https:\\\/\\\/eettinenluksus.fi\\\/shop\\\/#website\"},\"primaryImageOfPage\":{\"@id\":\"https:\\\/\\\/eettinenluksus.fi\\\/shop\\\/tuote\\\/mreco-sieni-iso-13x10cm-vihr\\\/#primaryimage\"},\"image\":{\"@id\":\"https:\\\/\\\/eettinenluksus.fi\\\/shop\\\/tuote\\\/mreco-sieni-iso-13x10cm-vihr\\\/#primaryimage\"},\"thumbnailUrl\":\"https:\\\/\\\/eettinenluksus.fi\\\/shop\\\/wp-content\\\/uploads\\\/sites\\\/4\\\/1726\\\/27\\\/mr.-ECO-Yleispuhdistussieni-nelio.jpg\",\"datePublished\":\"2022-10-06T08:09:52+00:00\",\"dateModified\":\"2024-09-20T10:44:29+00:00\",\"description\":\"MrEco Sieni iso 13x10cm 100% biohajoava muoviton Kierr\u00e4tett\u00e4v\u00e4 kasvipohjainen materiaali Kaikille kodin pinnoille Kest\u00e4v\u00e4 imukykyinen vahvistetut laidat\",\"breadcrumb\":{\"@id\":\"https:\\\/\\\/eettinenluksus.fi\\\/shop\\\/tuote\\\/mreco-sieni-iso-13x10cm-vihr\\\/#breadcrumb\"},\"inLanguage\":\"fi\",\"potentialAction\":[{\"@type\":\"ReadAction\",\"target\":[\"https:\\\/\\\/eettinenluksus.fi\\\/shop\\\/tuote\\\/mreco-sieni-iso-13x10cm-vihr\\\/\"]}]},{\"@type\":\"ImageObject\",\"inLanguage\":\"fi\",\"@id\":\"https:\\\/\\\/eettinenluksus.fi\\\/shop\\\/tuote\\\/mreco-sieni-iso-13x10cm-vihr\\\/#primaryimage\",\"url\":\"https:\\\/\\\/eettinenluksus.fi\\\/shop\\\/wp-content\\\/uploads\\\/sites\\\/4\\\/1726\\\/27\\\/mr.-ECO-Yleispuhdistussieni-nelio.jpg\",\"contentUrl\":\"https:\\\/\\\/eettinenluksus.fi\\\/shop\\\/wp-content\\\/uploads\\\/sites\\\/4\\\/1726\\\/27\\\/mr.-ECO-Yleispuhdistussieni-nelio.jpg\",\"width\":1045,\"height\":1045,\"caption\":\"mrECO sieni\"},{\"@type\":\"BreadcrumbList\",\"@id\":\"https:\\\/\\\/eettinenluksus.fi\\\/shop\\\/tuote\\\/mreco-sieni-iso-13x10cm-vihr\\\/#breadcrumb\",\"itemListElement\":[{\"@type\":\"ListItem\",\"position\":1,\"name\":\"Etusivu\",\"item\":\"https:\\\/\\\/eettinenluksus.fi\\\/shop\\\/\"},{\"@type\":\"ListItem\",\"position\":2,\"name\":\"Kauppa\",\"item\":\"https:\\\/\\\/eettinenluksus.fi\\\/shop\\\/en\\\/kauppa\\\/\"},{\"@type\":\"ListItem\",\"position\":3,\"name\":\"MrEco Sieni iso 13x10cm vihr\"}]},{\"@type\":\"WebSite\",\"@id\":\"https:\\\/\\\/eettinenluksus.fi\\\/shop\\\/#website\",\"url\":\"https:\\\/\\\/eettinenluksus.fi\\\/shop\\\/\",\"name\":\"Shop Eettinen Luksus\",\"description\":\"Uusi verkkokauppa\",\"publisher\":{\"@id\":\"https:\\\/\\\/eettinenluksus.fi\\\/shop\\\/#organization\"},\"potentialAction\":[{\"@type\":\"SearchAction\",\"target\":{\"@type\":\"EntryPoint\",\"urlTemplate\":\"https:\\\/\\\/eettinenluksus.fi\\\/shop\\\/?s={search_term_string}\"},\"query-input\":{\"@type\":\"PropertyValueSpecification\",\"valueRequired\":true,\"valueName\":\"search_term_string\"}}],\"inLanguage\":\"fi\"},{\"@type\":\"Organization\",\"@id\":\"https:\\\/\\\/eettinenluksus.fi\\\/shop\\\/#organization\",\"name\":\"Shop Eettinen Luksus\",\"url\":\"https:\\\/\\\/eettinenluksus.fi\\\/shop\\\/\",\"logo\":{\"@type\":\"ImageObject\",\"inLanguage\":\"fi\",\"@id\":\"https:\\\/\\\/eettinenluksus.fi\\\/shop\\\/#\\\/schema\\\/logo\\\/image\\\/\",\"url\":\"https:\\\/\\\/eettinenluksus.fi\\\/shop\\\/wp-content\\\/uploads\\\/sites\\\/4\\\/1664\\\/37\\\/cropped-ELO.jpg\",\"contentUrl\":\"https:\\\/\\\/eettinenluksus.fi\\\/shop\\\/wp-content\\\/uploads\\\/sites\\\/4\\\/1664\\\/37\\\/cropped-ELO.jpg\",\"width\":810,\"height\":350,\"caption\":\"Shop Eettinen Luksus\"},\"image\":{\"@id\":\"https:\\\/\\\/eettinenluksus.fi\\\/shop\\\/#\\\/schema\\\/logo\\\/image\\\/\"},\"sameAs\":[\"https:\\\/\\\/www.facebook.com\\\/eettinenluksus\",\"https:\\\/\\\/www.instagram.com\\\/eettinenluksus\\\/\"]}]}<\/script>\n<meta property=\"product:price:amount\" content=\"4.10\" \/>\n<meta property=\"product:price:currency\" content=\"EUR\" \/>\n<meta property=\"og:availability\" content=\"instock\" \/>\n<meta property=\"product:availability\" content=\"instock\" \/>\n<meta property=\"product:retailer_item_id\" content=\"7230MRE\" \/>\n<meta property=\"product:condition\" content=\"new\" \/>\n<!-- \/ Yoast SEO Premium plugin. -->","yoast_head_json":{"title":"MrEco Sieni iso 13x10cm vihr - Shop Eettinen Luksus","description":"MrEco Sieni iso 13x10cm 100% biohajoava muoviton Kierr\u00e4tett\u00e4v\u00e4 kasvipohjainen materiaali Kaikille kodin pinnoille Kest\u00e4v\u00e4 imukykyinen vahvistetut laidat","robots":{"index":"index","follow":"follow","max-snippet":"max-snippet:-1","max-image-preview":"max-image-preview:large","max-video-preview":"max-video-preview:-1"},"canonical":"https:\/\/eettinenluksus.fi\/shop\/tuote\/mreco-sieni-iso-13x10cm-vihr\/","og_locale":"fi_FI","og_type":"article","og_title":"MrEco Sieni iso 13x10cm vihr","og_description":"MrEco Sieni iso 13x10cm 100% biohajoava muoviton Kierr\u00e4tett\u00e4v\u00e4 kasvipohjainen materiaali Kaikille kodin pinnoille Kest\u00e4v\u00e4 imukykyinen vahvistetut laidat","og_url":"https:\/\/eettinenluksus.fi\/shop\/tuote\/mreco-sieni-iso-13x10cm-vihr\/","og_site_name":"Shop Eettinen Luksus","article_publisher":"https:\/\/www.facebook.com\/eettinenluksus","article_modified_time":"2024-09-20T10:44:29+00:00","og_image":[{"width":1045,"height":1045,"url":"https:\/\/eettinenluksus.fi\/shop\/wp-content\/uploads\/sites\/4\/1726\/27\/mr.-ECO-Yleispuhdistussieni-nelio.jpg","type":"image\/jpeg"}],"twitter_card":"summary_large_image","twitter_misc":{"Hinta":"4,10&nbsp;&euro;","Saatavuus":"Varastossa"},"schema":{"@context":"https:\/\/schema.org","@graph":[{"@type":"WebPage","@id":"https:\/\/eettinenluksus.fi\/shop\/tuote\/mreco-sieni-iso-13x10cm-vihr\/","url":"https:\/\/eettinenluksus.fi\/shop\/tuote\/mreco-sieni-iso-13x10cm-vihr\/","name":"MrEco Sieni iso 13x10cm vihr - Shop Eettinen Luksus","isPartOf":{"@id":"https:\/\/eettinenluksus.fi\/shop\/#website"},"primaryImageOfPage":{"@id":"https:\/\/eettinenluksus.fi\/shop\/tuote\/mreco-sieni-iso-13x10cm-vihr\/#primaryimage"},"image":{"@id":"https:\/\/eettinenluksus.fi\/shop\/tuote\/mreco-sieni-iso-13x10cm-vihr\/#primaryimage"},"thumbnailUrl":"https:\/\/eettinenluksus.fi\/shop\/wp-content\/uploads\/sites\/4\/1726\/27\/mr.-ECO-Yleispuhdistussieni-nelio.jpg","datePublished":"2022-10-06T08:09:52+00:00","dateModified":"2024-09-20T10:44:29+00:00","description":"MrEco Sieni iso 13x10cm 100% biohajoava muoviton Kierr\u00e4tett\u00e4v\u00e4 kasvipohjainen materiaali Kaikille kodin pinnoille Kest\u00e4v\u00e4 imukykyinen vahvistetut laidat","breadcrumb":{"@id":"https:\/\/eettinenluksus.fi\/shop\/tuote\/mreco-sieni-iso-13x10cm-vihr\/#breadcrumb"},"inLanguage":"fi","potentialAction":[{"@type":"ReadAction","target":["https:\/\/eettinenluksus.fi\/shop\/tuote\/mreco-sieni-iso-13x10cm-vihr\/"]}]},{"@type":"ImageObject","inLanguage":"fi","@id":"https:\/\/eettinenluksus.fi\/shop\/tuote\/mreco-sieni-iso-13x10cm-vihr\/#primaryimage","url":"https:\/\/eettinenluksus.fi\/shop\/wp-content\/uploads\/sites\/4\/1726\/27\/mr.-ECO-Yleispuhdistussieni-nelio.jpg","contentUrl":"https:\/\/eettinenluksus.fi\/shop\/wp-content\/uploads\/sites\/4\/1726\/27\/mr.-ECO-Yleispuhdistussieni-nelio.jpg","width":1045,"height":1045,"caption":"mrECO sieni"},{"@type":"BreadcrumbList","@id":"https:\/\/eettinenluksus.fi\/shop\/tuote\/mreco-sieni-iso-13x10cm-vihr\/#breadcrumb","itemListElement":[{"@type":"ListItem","position":1,"name":"Etusivu","item":"https:\/\/eettinenluksus.fi\/shop\/"},{"@type":"ListItem","position":2,"name":"Kauppa","item":"https:\/\/eettinenluksus.fi\/shop\/en\/kauppa\/"},{"@type":"ListItem","position":3,"name":"MrEco Sieni iso 13x10cm vihr"}]},{"@type":"WebSite","@id":"https:\/\/eettinenluksus.fi\/shop\/#website","url":"https:\/\/eettinenluksus.fi\/shop\/","name":"Shop Eettinen Luksus","description":"Uusi verkkokauppa","publisher":{"@id":"https:\/\/eettinenluksus.fi\/shop\/#organization"},"potentialAction":[{"@type":"SearchAction","target":{"@type":"EntryPoint","urlTemplate":"https:\/\/eettinenluksus.fi\/shop\/?s={search_term_string}"},"query-input":{"@type":"PropertyValueSpecification","valueRequired":true,"valueName":"search_term_string"}}],"inLanguage":"fi"},{"@type":"Organization","@id":"https:\/\/eettinenluksus.fi\/shop\/#organization","name":"Shop Eettinen Luksus","url":"https:\/\/eettinenluksus.fi\/shop\/","logo":{"@type":"ImageObject","inLanguage":"fi","@id":"https:\/\/eettinenluksus.fi\/shop\/#\/schema\/logo\/image\/","url":"https:\/\/eettinenluksus.fi\/shop\/wp-content\/uploads\/sites\/4\/1664\/37\/cropped-ELO.jpg","contentUrl":"https:\/\/eettinenluksus.fi\/shop\/wp-content\/uploads\/sites\/4\/1664\/37\/cropped-ELO.jpg","width":810,"height":350,"caption":"Shop Eettinen Luksus"},"image":{"@id":"https:\/\/eettinenluksus.fi\/shop\/#\/schema\/logo\/image\/"},"sameAs":["https:\/\/www.facebook.com\/eettinenluksus","https:\/\/www.instagram.com\/eettinenluksus\/"]}]},"product_price_amount":"4.10","product_price_currency":"EUR","og_availability":"instock","product_availability":"instock","product_retailer_item_id":"7230MRE","product_condition":"new"},"_links":{"self":[{"href":"https:\/\/eettinenluksus.fi\/shop\/wp-json\/wp\/v2\/product\/453","targetHints":{"allow":["GET"]}}],"collection":[{"href":"https:\/\/eettinenluksus.fi\/shop\/wp-json\/wp\/v2\/product"}],"about":[{"href":"https:\/\/eettinenluksus.fi\/shop\/wp-json\/wp\/v2\/types\/product"}],"version-history":[{"count":10,"href":"https:\/\/eettinenluksus.fi\/shop\/wp-json\/wp\/v2\/product\/453\/revisions"}],"predecessor-version":[{"id":2895,"href":"https:\/\/eettinenluksus.fi\/shop\/wp-json\/wp\/v2\/product\/453\/revisions\/2895"}],"wp:featuredmedia":[{"embeddable":true,"href":"https:\/\/eettinenluksus.fi\/shop\/wp-json\/wp\/v2\/media\/4104"}],"wp:attachment":[{"href":"https:\/\/eettinenluksus.fi\/shop\/wp-json\/wp\/v2\/media?parent=453"}],"wp:term":[{"taxonomy":"product_brand","embeddable":true,"href":"https:\/\/eettinenluksus.fi\/shop\/wp-json\/wp\/v2\/product_brand?post=453"},{"taxonomy":"product_cat","embeddable":true,"href":"https:\/\/eettinenluksus.fi\/shop\/wp-json\/wp\/v2\/product_cat?post=453"},{"taxonomy":"product_tag","embeddable":true,"href":"https:\/\/eettinenluksus.fi\/shop\/wp-json\/wp\/v2\/product_tag?post=453"}],"curies":[{"name":"wp","href":"https:\/\/api.w.org\/{rel}","templated":true}]}}