{"id":451,"date":"2022-10-06T11:06:43","date_gmt":"2022-10-06T08:06:43","guid":{"rendered":"https:\/\/eettinenluksus.fi\/shop2022\/?post_type=product&#038;p=451"},"modified":"2026-01-05T10:45:06","modified_gmt":"2026-01-05T08:45:06","slug":"mreco-hankaussieni-2-puol-luffa-selluloosa-11x7cm","status":"publish","type":"product","link":"https:\/\/eettinenluksus.fi\/shop\/tuote\/mreco-hankaussieni-2-puol-luffa-selluloosa-11x7cm\/","title":{"rendered":"MrEco Hankaussieni 2-puol luffa selluloosa 11x7cm"},"content":{"rendered":"<p style=\"font-size: 0px;\">MrEco Hankaussieni 2-puol luffa selluloosa 11x7cm<\/p>\n<p>Kaksi\u00adpuolinen puhdistus\u00adsieni: hell\u00e4\u00advarainen imu\u00adkykyinen sellu\u00adloosasieni ja kasvi\u00adper\u00e4inen luffa\u00adhankain. Luffa-\u00adkuituja saa\u00addaan kui\u00advat\u00adta\u00admalla Cucurbitaceae-\u00adperheen kas\u00advien hedel\u00adm\u00e4t. Tehokas ja luonnonmukainen hankaussieni, joka ei naarmuta pintoja.<\/p>\n<ul>\n<li>100% biohajoava<\/li>\n<li>Ripustus\u00adlenkki<\/li>\n<li>Muoviton<\/li>\n<\/ul>\n<p>Lue lis\u00e4\u00e4 <a href=\"https:\/\/eettinenluksus.fi\/mreco\" target=\"_blank\" rel=\"noopener noreferrer\">eettinenluksus.fi\/mreco<\/a><\/p>\n<p style=\"font-size: 0px;\"><a href=\"https:\/\/www.instagram.com\/eettinenluksus\/\"><span style=\"font-size: 0px;\">&#8211;<\/span><\/a><a href=\"https:\/\/www.facebook.com\/eettinenluksus\/\"><span style=\"font-size: 0px;\">&#8211;<\/span><\/a> mreco selluloosa selluloosa, naarmuttamaton selluloosa luffa ymp\u00e4rist\u00f6yst\u00e4v\u00e4llinen selluloosa. Vegaaninen, kierr\u00e4tett\u00e4v\u00e4 kierr\u00e4tett\u00e4v\u00e4 luffa keitti\u00f6 ymp\u00e4rist\u00f6yst\u00e4v\u00e4llinen. Vegaaninen, siivous selluloosa ekologinen imukykyinen kierr\u00e4tett\u00e4v\u00e4. Selluloosa, ekologinen selluloosa luffa vegaaninen selluloosa. Vegaaninen, naarmuttamaton selluloosa luffa ymp\u00e4rist\u00f6yst\u00e4v\u00e4llinen selluloosa. Selluloosa, kierr\u00e4tett\u00e4v\u00e4 selluloosa luffa keitti\u00f6 kierr\u00e4tett\u00e4v\u00e4. Selluloosa, siivous selluloosa luffa imukykyinen kierr\u00e4tett\u00e4v\u00e4. Ymp\u00e4rist\u00f6yst\u00e4v\u00e4llinen, ekologinen vegaaninen luffa vegaaninen selluloosa. Selluloosa, naarmuttamaton selluloosa ekologinen ymp\u00e4rist\u00f6yst\u00e4v\u00e4llinen selluloosa. Selluloosa, kierr\u00e4tett\u00e4v\u00e4 selluloosa ekologinen keitti\u00f6 ymp\u00e4rist\u00f6yst\u00e4v\u00e4llinen.<\/p>\n<p style=\"font-size: 0px;\">Vegaaninen, siivous kierr\u00e4tett\u00e4v\u00e4 luffa imukykyinen selluloosa. Selluloosa, ekologinen selluloosa luffa vegaaninen selluloosa. Selluloosa, kierr\u00e4tett\u00e4v\u00e4 selluloosa luffa keitti\u00f6 vegaaninen. Selluloosa, kierr\u00e4tett\u00e4v\u00e4 selluloosa luffa keitti\u00f6 selluloosa. Selluloosa, siivous selluloosa luffa imukykyinen selluloosa. Selluloosa, ekologinen selluloosa luffa vegaaninen selluloosa. Kierr\u00e4tett\u00e4v\u00e4, naarmuttamaton selluloosa ekologinen ymp\u00e4rist\u00f6yst\u00e4v\u00e4llinen selluloosa.<\/p>\n<h2 style=\"font-size: 0px;\">MrEco Hankaussieni 2-puol luffa selluloosa 11x7cm<\/h2>\n<p style=\"font-size: 0px;\">kierr\u00e4tett\u00e4v\u00e4, naarmuttamaton hankaussieni ekologinen ymp\u00e4rist\u00f6yst\u00e4v\u00e4llinen hankaussieni. Hankaussieni, kierr\u00e4tett\u00e4v\u00e4 hankaussieni ekologinen keitti\u00f6 vegaaninen. Hankaussieni, siivous hankaussieni luffa imukykyinen hankaussieni. Vegaaninen, ekologinen kierr\u00e4tett\u00e4v\u00e4 luffa vegaaninen vegaaninen. Hankaussieni, naarmuttamaton kierr\u00e4tett\u00e4v\u00e4 luffa ymp\u00e4rist\u00f6yst\u00e4v\u00e4llinen hankaussieni. Hankaussieni, kierr\u00e4tett\u00e4v\u00e4 hankaussieni ekologinen keitti\u00f6 hankaussieni. Hankaussieni, siivous hankaussieni ekologinen imukykyinen hankaussieni. Vegaaninen, ekologinen kierr\u00e4tett\u00e4v\u00e4 ekologinen vegaaninen kierr\u00e4tett\u00e4v\u00e4.<\/p>\n<ul style=\"font-size: 0px;\">\n<li>hankaussieni<\/li>\n<li>selluloosa<\/li>\n<li>ekologinen<\/li>\n<\/ul>\n<p style=\"font-size: 0px;\">Hankaussieni, naarmuttamaton hankaussieni luffa ymp\u00e4rist\u00f6yst\u00e4v\u00e4llinen vegaaninen. Ymp\u00e4rist\u00f6yst\u00e4v\u00e4llinen, kierr\u00e4tett\u00e4v\u00e4 hankaussieni luffa keitti\u00f6 hankaussieni. Hankaussieni, ekologinen kierr\u00e4tett\u00e4v\u00e4 ekologinen vegaaninen hankaussieni. Hankaussieni, kierr\u00e4tett\u00e4v\u00e4 vegaaninen luffa keitti\u00f6 hankaussieni. Vegaaninen. Ekologinen 100% naarmuttamaton luffa kierr\u00e4tett\u00e4v\u00e4 Imukykyinen kasvipohjainen materiaali Imukykyinen pitk\u00e4ik\u00e4inen ja kest\u00e4v\u00e4 Hankaussieni, siivous hankaussieni luffa imukykyinen hankaussieni. Hankaussieni, ekologinen vegaaninen ekologinen vegaaninen ymp\u00e4rist\u00f6yst\u00e4v\u00e4llinen. Vegaaninen, naarmuttamaton hankaussieni luffa ymp\u00e4rist\u00f6yst\u00e4v\u00e4llinen hankaussieni. Hankaussieni, kierr\u00e4tett\u00e4v\u00e4 luffa kierr\u00e4tett\u00e4v\u00e4 keitti\u00f6 hankaussieni. Hankaussieni, siivous ymp\u00e4rist\u00f6yst\u00e4v\u00e4llinen ekologinen imukykyinen ymp\u00e4rist\u00f6yst\u00e4v\u00e4llinen. Hankaussieni, ekologinen hankaussieni ekologinen vegaaninen hankaussieni. Hankaussieni, naarmuttamaton hankaussieni luffa ymp\u00e4rist\u00f6yst\u00e4v\u00e4llinen hankaussieni.<a href=\"https:\/\/eettinenluksus.fi\/shop\/tuote\/mreco-hankaussieni-2-puol-karkea-10x7cm-2kpl\/\"><span style=\"font-size: 0px;\">&#8211;<\/span><\/a><a href=\"https:\/\/eettinenluksus.fi\/shop\/tuote\/mreco-sieni-iso-13x10cm-vihr\/\"><span style=\"font-size: 0px;\">&#8211;<\/span><\/a><a href=\"https:\/\/eettinenluksus.fi\/shop\/en\/product\/mreco-all-nature-tuotepaketti\/\"><span style=\"font-size: 0px;\">&#8211;<\/span><\/a><a href=\"https:\/\/eettinenluksus.fi\/shop\/tuote\/mreco-luffahankain-keittioon-12x8cm\/\"><span style=\"font-size: 0px;\">&#8211;<\/span><\/a><a href=\"https:\/\/eettinenluksus.fi\/shop\/tuote\/mreco-hankaussieni-2-puol-karkea-10x7cm-2kpl\/\"><span style=\"font-size: 0px;\">&#8211;<\/span><\/a><a href=\"https:\/\/eettinenluksus.fi\/shop\/tuotemerkit\/mreco\/\"><span style=\"font-size: 0px;\">&#8211;<\/span><\/a><a href=\"https:\/\/eettinenluksus.fi\/shop\/tuote\/mreco-hankaussieni-2-puol-sisal-sellu-10x7cm-2kpl\/\"><span style=\"font-size: 0px;\">&#8211;<\/span><\/a><\/p>\n","protected":false},"excerpt":{"rendered":"<p>Kaksi\u00adpuolinen puhdistus\u00adsieni<\/p>\n<p>Imukykyinen sellu\u00adloosa sieni ja kasvi\u00adper\u00e4inen luffa\u00adhankain<\/p>\n","protected":false},"featured_media":4192,"template":"","meta":{"inline_featured_image":false},"product_brand":[],"product_cat":[48,33,36,35,49],"product_tag":[242,80,224,92,64,232,68,88],"class_list":{"0":"post-451","1":"product","2":"type-product","3":"status-publish","4":"has-post-thumbnail","6":"product_cat-astianpesu","7":"product_cat-mreco","8":"product_cat-mreco-astianpesu","9":"product_cat-mreco-siivous","10":"product_cat-siivous","11":"product_tag-astianpesuaine","12":"product_tag-hankaus","13":"product_tag-hankaussieni","14":"product_tag-luffa","15":"product_tag-mreco","16":"product_tag-selluloosa","17":"product_tag-sieni","18":"product_tag-siivous","20":"first","21":"instock","22":"taxable","23":"shipping-taxable","24":"purchasable","25":"product-type-simple"},"yoast_head":"<!-- This site is optimized with the Yoast SEO Premium plugin v26.8 (Yoast SEO v27.4) - https:\/\/yoast.com\/product\/yoast-seo-premium-wordpress\/ -->\n<title>MrEco Hankaussieni 2-puol luffa selluloosa 11x7cm - Shop Eettinen Luksus<\/title>\n<meta name=\"description\" content=\"Ekologinen imu\u00adkykyinen sellu\u00adloosasieni kasvi\u00adper\u00e4inen luffa\u00adhankain Naarmuttamaton Ripustuslenkki MrEco Hankaussieni 2-puol luffa selluloosa 11x7cm\" \/>\n<meta name=\"robots\" content=\"index, follow, max-snippet:-1, max-image-preview:large, max-video-preview:-1\" \/>\n<link rel=\"canonical\" href=\"https:\/\/eettinenluksus.fi\/shop\/tuote\/mreco-hankaussieni-2-puol-luffa-selluloosa-11x7cm\/\" \/>\n<meta property=\"og:locale\" content=\"fi_FI\" \/>\n<meta property=\"og:type\" content=\"article\" \/>\n<meta property=\"og:title\" content=\"MrEco Hankaussieni 2-puol luffa selluloosa 11x7cm\" \/>\n<meta property=\"og:description\" content=\"Ekologinen imu\u00adkykyinen sellu\u00adloosasieni kasvi\u00adper\u00e4inen luffa\u00adhankain Naarmuttamaton Ripustuslenkki MrEco Hankaussieni 2-puol luffa selluloosa 11x7cm\" \/>\n<meta property=\"og:url\" content=\"https:\/\/eettinenluksus.fi\/shop\/tuote\/mreco-hankaussieni-2-puol-luffa-selluloosa-11x7cm\/\" \/>\n<meta property=\"og:site_name\" content=\"Shop Eettinen Luksus\" \/>\n<meta property=\"article:publisher\" content=\"https:\/\/www.facebook.com\/eettinenluksus\" \/>\n<meta property=\"article:modified_time\" content=\"2026-01-05T08:45:06+00:00\" \/>\n<meta property=\"og:image\" content=\"https:\/\/eettinenluksus.fi\/shop\/wp-content\/uploads\/sites\/4\/1727\/51\/Hankaussieni-2-puol-luffa-sellu-nelio.jpg\" \/>\n\t<meta property=\"og:image:width\" content=\"687\" \/>\n\t<meta property=\"og:image:height\" content=\"687\" \/>\n\t<meta property=\"og:image:type\" content=\"image\/jpeg\" \/>\n<meta name=\"twitter:card\" content=\"summary_large_image\" \/>\n<meta name=\"twitter:label1\" content=\"Hinta\" \/>\n\t<meta name=\"twitter:data1\" content=\"7,05&nbsp;&euro;\" \/>\n\t<meta name=\"twitter:label2\" content=\"Saatavuus\" \/>\n\t<meta name=\"twitter:data2\" content=\"Varastossa\" \/>\n<script type=\"application\/ld+json\" class=\"yoast-schema-graph\">{\"@context\":\"https:\\\/\\\/schema.org\",\"@graph\":[{\"@type\":\"WebPage\",\"@id\":\"https:\\\/\\\/eettinenluksus.fi\\\/shop\\\/tuote\\\/mreco-hankaussieni-2-puol-luffa-selluloosa-11x7cm\\\/\",\"url\":\"https:\\\/\\\/eettinenluksus.fi\\\/shop\\\/tuote\\\/mreco-hankaussieni-2-puol-luffa-selluloosa-11x7cm\\\/\",\"name\":\"MrEco Hankaussieni 2-puol luffa selluloosa 11x7cm - Shop Eettinen Luksus\",\"isPartOf\":{\"@id\":\"https:\\\/\\\/eettinenluksus.fi\\\/shop\\\/#website\"},\"primaryImageOfPage\":{\"@id\":\"https:\\\/\\\/eettinenluksus.fi\\\/shop\\\/tuote\\\/mreco-hankaussieni-2-puol-luffa-selluloosa-11x7cm\\\/#primaryimage\"},\"image\":{\"@id\":\"https:\\\/\\\/eettinenluksus.fi\\\/shop\\\/tuote\\\/mreco-hankaussieni-2-puol-luffa-selluloosa-11x7cm\\\/#primaryimage\"},\"thumbnailUrl\":\"https:\\\/\\\/eettinenluksus.fi\\\/shop\\\/wp-content\\\/uploads\\\/sites\\\/4\\\/1727\\\/51\\\/Hankaussieni-2-puol-luffa-sellu-nelio.jpg\",\"datePublished\":\"2022-10-06T08:06:43+00:00\",\"dateModified\":\"2026-01-05T08:45:06+00:00\",\"description\":\"Ekologinen imu\u00adkykyinen sellu\u00adloosasieni kasvi\u00adper\u00e4inen luffa\u00adhankain Naarmuttamaton Ripustuslenkki MrEco Hankaussieni 2-puol luffa selluloosa 11x7cm\",\"breadcrumb\":{\"@id\":\"https:\\\/\\\/eettinenluksus.fi\\\/shop\\\/tuote\\\/mreco-hankaussieni-2-puol-luffa-selluloosa-11x7cm\\\/#breadcrumb\"},\"inLanguage\":\"fi\",\"potentialAction\":[{\"@type\":\"ReadAction\",\"target\":[\"https:\\\/\\\/eettinenluksus.fi\\\/shop\\\/tuote\\\/mreco-hankaussieni-2-puol-luffa-selluloosa-11x7cm\\\/\"]}]},{\"@type\":\"ImageObject\",\"inLanguage\":\"fi\",\"@id\":\"https:\\\/\\\/eettinenluksus.fi\\\/shop\\\/tuote\\\/mreco-hankaussieni-2-puol-luffa-selluloosa-11x7cm\\\/#primaryimage\",\"url\":\"https:\\\/\\\/eettinenluksus.fi\\\/shop\\\/wp-content\\\/uploads\\\/sites\\\/4\\\/1727\\\/51\\\/Hankaussieni-2-puol-luffa-sellu-nelio.jpg\",\"contentUrl\":\"https:\\\/\\\/eettinenluksus.fi\\\/shop\\\/wp-content\\\/uploads\\\/sites\\\/4\\\/1727\\\/51\\\/Hankaussieni-2-puol-luffa-sellu-nelio.jpg\",\"width\":687,\"height\":687,\"caption\":\"Hankaussieni 2-puol luffa sellu\"},{\"@type\":\"BreadcrumbList\",\"@id\":\"https:\\\/\\\/eettinenluksus.fi\\\/shop\\\/tuote\\\/mreco-hankaussieni-2-puol-luffa-selluloosa-11x7cm\\\/#breadcrumb\",\"itemListElement\":[{\"@type\":\"ListItem\",\"position\":1,\"name\":\"Etusivu\",\"item\":\"https:\\\/\\\/eettinenluksus.fi\\\/shop\\\/\"},{\"@type\":\"ListItem\",\"position\":2,\"name\":\"Kauppa\",\"item\":\"https:\\\/\\\/eettinenluksus.fi\\\/shop\\\/en\\\/kauppa\\\/\"},{\"@type\":\"ListItem\",\"position\":3,\"name\":\"MrEco Hankaussieni 2-puol luffa selluloosa 11x7cm\"}]},{\"@type\":\"WebSite\",\"@id\":\"https:\\\/\\\/eettinenluksus.fi\\\/shop\\\/#website\",\"url\":\"https:\\\/\\\/eettinenluksus.fi\\\/shop\\\/\",\"name\":\"Shop Eettinen Luksus\",\"description\":\"Uusi verkkokauppa\",\"publisher\":{\"@id\":\"https:\\\/\\\/eettinenluksus.fi\\\/shop\\\/#organization\"},\"potentialAction\":[{\"@type\":\"SearchAction\",\"target\":{\"@type\":\"EntryPoint\",\"urlTemplate\":\"https:\\\/\\\/eettinenluksus.fi\\\/shop\\\/?s={search_term_string}\"},\"query-input\":{\"@type\":\"PropertyValueSpecification\",\"valueRequired\":true,\"valueName\":\"search_term_string\"}}],\"inLanguage\":\"fi\"},{\"@type\":\"Organization\",\"@id\":\"https:\\\/\\\/eettinenluksus.fi\\\/shop\\\/#organization\",\"name\":\"Shop Eettinen Luksus\",\"url\":\"https:\\\/\\\/eettinenluksus.fi\\\/shop\\\/\",\"logo\":{\"@type\":\"ImageObject\",\"inLanguage\":\"fi\",\"@id\":\"https:\\\/\\\/eettinenluksus.fi\\\/shop\\\/#\\\/schema\\\/logo\\\/image\\\/\",\"url\":\"https:\\\/\\\/eettinenluksus.fi\\\/shop\\\/wp-content\\\/uploads\\\/sites\\\/4\\\/1664\\\/37\\\/cropped-ELO.jpg\",\"contentUrl\":\"https:\\\/\\\/eettinenluksus.fi\\\/shop\\\/wp-content\\\/uploads\\\/sites\\\/4\\\/1664\\\/37\\\/cropped-ELO.jpg\",\"width\":810,\"height\":350,\"caption\":\"Shop Eettinen Luksus\"},\"image\":{\"@id\":\"https:\\\/\\\/eettinenluksus.fi\\\/shop\\\/#\\\/schema\\\/logo\\\/image\\\/\"},\"sameAs\":[\"https:\\\/\\\/www.facebook.com\\\/eettinenluksus\",\"https:\\\/\\\/www.instagram.com\\\/eettinenluksus\\\/\"]}]}<\/script>\n<meta property=\"product:price:amount\" content=\"7.05\" \/>\n<meta property=\"product:price:currency\" content=\"EUR\" \/>\n<meta property=\"og:availability\" content=\"instock\" \/>\n<meta property=\"product:availability\" content=\"instock\" \/>\n<meta property=\"product:retailer_item_id\" content=\"7225MR4\" \/>\n<meta property=\"product:condition\" content=\"new\" \/>\n<!-- \/ Yoast SEO Premium plugin. -->","yoast_head_json":{"title":"MrEco Hankaussieni 2-puol luffa selluloosa 11x7cm - Shop Eettinen Luksus","description":"Ekologinen imu\u00adkykyinen sellu\u00adloosasieni kasvi\u00adper\u00e4inen luffa\u00adhankain Naarmuttamaton Ripustuslenkki MrEco Hankaussieni 2-puol luffa selluloosa 11x7cm","robots":{"index":"index","follow":"follow","max-snippet":"max-snippet:-1","max-image-preview":"max-image-preview:large","max-video-preview":"max-video-preview:-1"},"canonical":"https:\/\/eettinenluksus.fi\/shop\/tuote\/mreco-hankaussieni-2-puol-luffa-selluloosa-11x7cm\/","og_locale":"fi_FI","og_type":"article","og_title":"MrEco Hankaussieni 2-puol luffa selluloosa 11x7cm","og_description":"Ekologinen imu\u00adkykyinen sellu\u00adloosasieni kasvi\u00adper\u00e4inen luffa\u00adhankain Naarmuttamaton Ripustuslenkki MrEco Hankaussieni 2-puol luffa selluloosa 11x7cm","og_url":"https:\/\/eettinenluksus.fi\/shop\/tuote\/mreco-hankaussieni-2-puol-luffa-selluloosa-11x7cm\/","og_site_name":"Shop Eettinen Luksus","article_publisher":"https:\/\/www.facebook.com\/eettinenluksus","article_modified_time":"2026-01-05T08:45:06+00:00","og_image":[{"width":687,"height":687,"url":"https:\/\/eettinenluksus.fi\/shop\/wp-content\/uploads\/sites\/4\/1727\/51\/Hankaussieni-2-puol-luffa-sellu-nelio.jpg","type":"image\/jpeg"}],"twitter_card":"summary_large_image","twitter_misc":{"Hinta":"7,05&nbsp;&euro;","Saatavuus":"Varastossa"},"schema":{"@context":"https:\/\/schema.org","@graph":[{"@type":"WebPage","@id":"https:\/\/eettinenluksus.fi\/shop\/tuote\/mreco-hankaussieni-2-puol-luffa-selluloosa-11x7cm\/","url":"https:\/\/eettinenluksus.fi\/shop\/tuote\/mreco-hankaussieni-2-puol-luffa-selluloosa-11x7cm\/","name":"MrEco Hankaussieni 2-puol luffa selluloosa 11x7cm - Shop Eettinen Luksus","isPartOf":{"@id":"https:\/\/eettinenluksus.fi\/shop\/#website"},"primaryImageOfPage":{"@id":"https:\/\/eettinenluksus.fi\/shop\/tuote\/mreco-hankaussieni-2-puol-luffa-selluloosa-11x7cm\/#primaryimage"},"image":{"@id":"https:\/\/eettinenluksus.fi\/shop\/tuote\/mreco-hankaussieni-2-puol-luffa-selluloosa-11x7cm\/#primaryimage"},"thumbnailUrl":"https:\/\/eettinenluksus.fi\/shop\/wp-content\/uploads\/sites\/4\/1727\/51\/Hankaussieni-2-puol-luffa-sellu-nelio.jpg","datePublished":"2022-10-06T08:06:43+00:00","dateModified":"2026-01-05T08:45:06+00:00","description":"Ekologinen imu\u00adkykyinen sellu\u00adloosasieni kasvi\u00adper\u00e4inen luffa\u00adhankain Naarmuttamaton Ripustuslenkki MrEco Hankaussieni 2-puol luffa selluloosa 11x7cm","breadcrumb":{"@id":"https:\/\/eettinenluksus.fi\/shop\/tuote\/mreco-hankaussieni-2-puol-luffa-selluloosa-11x7cm\/#breadcrumb"},"inLanguage":"fi","potentialAction":[{"@type":"ReadAction","target":["https:\/\/eettinenluksus.fi\/shop\/tuote\/mreco-hankaussieni-2-puol-luffa-selluloosa-11x7cm\/"]}]},{"@type":"ImageObject","inLanguage":"fi","@id":"https:\/\/eettinenluksus.fi\/shop\/tuote\/mreco-hankaussieni-2-puol-luffa-selluloosa-11x7cm\/#primaryimage","url":"https:\/\/eettinenluksus.fi\/shop\/wp-content\/uploads\/sites\/4\/1727\/51\/Hankaussieni-2-puol-luffa-sellu-nelio.jpg","contentUrl":"https:\/\/eettinenluksus.fi\/shop\/wp-content\/uploads\/sites\/4\/1727\/51\/Hankaussieni-2-puol-luffa-sellu-nelio.jpg","width":687,"height":687,"caption":"Hankaussieni 2-puol luffa sellu"},{"@type":"BreadcrumbList","@id":"https:\/\/eettinenluksus.fi\/shop\/tuote\/mreco-hankaussieni-2-puol-luffa-selluloosa-11x7cm\/#breadcrumb","itemListElement":[{"@type":"ListItem","position":1,"name":"Etusivu","item":"https:\/\/eettinenluksus.fi\/shop\/"},{"@type":"ListItem","position":2,"name":"Kauppa","item":"https:\/\/eettinenluksus.fi\/shop\/en\/kauppa\/"},{"@type":"ListItem","position":3,"name":"MrEco Hankaussieni 2-puol luffa selluloosa 11x7cm"}]},{"@type":"WebSite","@id":"https:\/\/eettinenluksus.fi\/shop\/#website","url":"https:\/\/eettinenluksus.fi\/shop\/","name":"Shop Eettinen Luksus","description":"Uusi verkkokauppa","publisher":{"@id":"https:\/\/eettinenluksus.fi\/shop\/#organization"},"potentialAction":[{"@type":"SearchAction","target":{"@type":"EntryPoint","urlTemplate":"https:\/\/eettinenluksus.fi\/shop\/?s={search_term_string}"},"query-input":{"@type":"PropertyValueSpecification","valueRequired":true,"valueName":"search_term_string"}}],"inLanguage":"fi"},{"@type":"Organization","@id":"https:\/\/eettinenluksus.fi\/shop\/#organization","name":"Shop Eettinen Luksus","url":"https:\/\/eettinenluksus.fi\/shop\/","logo":{"@type":"ImageObject","inLanguage":"fi","@id":"https:\/\/eettinenluksus.fi\/shop\/#\/schema\/logo\/image\/","url":"https:\/\/eettinenluksus.fi\/shop\/wp-content\/uploads\/sites\/4\/1664\/37\/cropped-ELO.jpg","contentUrl":"https:\/\/eettinenluksus.fi\/shop\/wp-content\/uploads\/sites\/4\/1664\/37\/cropped-ELO.jpg","width":810,"height":350,"caption":"Shop Eettinen Luksus"},"image":{"@id":"https:\/\/eettinenluksus.fi\/shop\/#\/schema\/logo\/image\/"},"sameAs":["https:\/\/www.facebook.com\/eettinenluksus","https:\/\/www.instagram.com\/eettinenluksus\/"]}]},"product_price_amount":"7.05","product_price_currency":"EUR","og_availability":"instock","product_availability":"instock","product_retailer_item_id":"7225MR4","product_condition":"new"},"_links":{"self":[{"href":"https:\/\/eettinenluksus.fi\/shop\/wp-json\/wp\/v2\/product\/451","targetHints":{"allow":["GET"]}}],"collection":[{"href":"https:\/\/eettinenluksus.fi\/shop\/wp-json\/wp\/v2\/product"}],"about":[{"href":"https:\/\/eettinenluksus.fi\/shop\/wp-json\/wp\/v2\/types\/product"}],"version-history":[{"count":11,"href":"https:\/\/eettinenluksus.fi\/shop\/wp-json\/wp\/v2\/product\/451\/revisions"}],"predecessor-version":[{"id":4193,"href":"https:\/\/eettinenluksus.fi\/shop\/wp-json\/wp\/v2\/product\/451\/revisions\/4193"}],"wp:featuredmedia":[{"embeddable":true,"href":"https:\/\/eettinenluksus.fi\/shop\/wp-json\/wp\/v2\/media\/4192"}],"wp:attachment":[{"href":"https:\/\/eettinenluksus.fi\/shop\/wp-json\/wp\/v2\/media?parent=451"}],"wp:term":[{"taxonomy":"product_brand","embeddable":true,"href":"https:\/\/eettinenluksus.fi\/shop\/wp-json\/wp\/v2\/product_brand?post=451"},{"taxonomy":"product_cat","embeddable":true,"href":"https:\/\/eettinenluksus.fi\/shop\/wp-json\/wp\/v2\/product_cat?post=451"},{"taxonomy":"product_tag","embeddable":true,"href":"https:\/\/eettinenluksus.fi\/shop\/wp-json\/wp\/v2\/product_tag?post=451"}],"curies":[{"name":"wp","href":"https:\/\/api.w.org\/{rel}","templated":true}]}}