{"id":4256,"date":"2024-10-15T16:01:44","date_gmt":"2024-10-15T13:01:44","guid":{"rendered":"https:\/\/eettinenluksus.fi\/shop\/?post_type=product&#038;p=4256"},"modified":"2025-09-23T15:13:24","modified_gmt":"2025-09-23T12:13:24","slug":"moomin-pyykinpesugeeli-color-1800ml","status":"publish","type":"product","link":"https:\/\/eettinenluksus.fi\/shop\/tuote\/moomin-pyykinpesugeeli-color-1800ml\/","title":{"rendered":"Moomin Pyykinpesugeeli Color 1800ml"},"content":{"rendered":"<p style=\"font-size: 0px;\">Moomin Pyykinpesugeeli Color 900ml<\/p>\n<p>V\u00e4rilliselle pyykille. <span style=\"color: var(--color-body); font-family: var(--ff-body); font-size: var(--fs-normal); font-style: var(--f-style-body); font-weight: var(--fw-body); text-transform: var(--tt-body);\">Eritt\u00e4in suorituskykyinen pyykinpesugeeli monientsyymikoostumuksen ansiosta. <\/span>Suojaa, hoitaa ja yll\u00e4pit\u00e4\u00e4 v\u00e4rej\u00e4. Ehk\u00e4isee v\u00e4rj\u00e4ytymist\u00e4. Sopii t\u00e4ydellisesti lasten vaatteille sek\u00e4 herkk\u00e4ihoisille. Hell\u00e4varainen. Mieto tuoksu.<\/p>\n<p>51 pesukertaa pehme\u00e4ss\u00e4 vedess\u00e4.<\/p>\n<ul>\n<li><span class=\"input-borderless textarea-value readonlydisplayfield\" data-type=\"string\">Joutsenmerkki<\/span><\/li>\n<li><span class=\"input-borderless textarea-value readonlydisplayfield\" data-type=\"string\">85 % luonnollisista raaka-aineista<\/span><\/li>\n<li><span class=\"input-borderless textarea-value readonlydisplayfield\" data-type=\"string\">Ei v\u00e4riaineita eik\u00e4 vaarallisia kemikaaleja<\/span><\/li>\n<li><span class=\"input-borderless textarea-value readonlydisplayfield\" data-type=\"string\">Tehokas monientsyymikoostumus<\/span><\/li>\n<li><span class=\"input-borderless textarea-value readonlydisplayfield\" data-type=\"string\">Hell\u00e4varainen iholle<\/span><\/li>\n<\/ul>\n","protected":false},"excerpt":{"rendered":"<p>V\u00e4rilliselle pyykille<\/p>\n<p>Suojaa, hoitaa ja yll\u00e4pit\u00e4\u00e4 v\u00e4rej\u00e4. Ehk\u00e4isee v\u00e4rj\u00e4ytymist\u00e4.<\/p>\n<p>51 pesukertaa pehme\u00e4ss\u00e4 vedess\u00e4<\/p>\n","protected":false},"featured_media":4245,"template":"","meta":{"inline_featured_image":false},"product_brand":[],"product_cat":[426,425,52],"product_tag":[],"class_list":{"0":"post-4256","1":"product","2":"type-product","3":"status-publish","4":"has-post-thumbnail","6":"product_cat-muumit","7":"product_cat-muumi-pyykinpesuaineet","8":"product_cat-pyykinpesu","10":"first","11":"instock","12":"taxable","13":"shipping-taxable","14":"purchasable","15":"product-type-simple"},"yoast_head":"<!-- This site is optimized with the Yoast SEO Premium plugin v26.8 (Yoast SEO v27.4) - https:\/\/yoast.com\/product\/yoast-seo-premium-wordpress\/ -->\n<title>Moomin Pyykinpesugeeli Color 1800ml - Shop Eettinen Luksus<\/title>\n<meta name=\"description\" content=\"Moomin Pyykinpesugeeli Color 900ml V\u00e4rilliselle pyykille. Suojaa, hoitaa ja yll\u00e4pit\u00e4\u00e4 v\u00e4rej\u00e4. Ehk\u00e4isee v\u00e4rj\u00e4ytymist\u00e4. 51 pesukertaa pehme\u00e4ss\u00e4 vedess\u00e4.\" \/>\n<meta name=\"robots\" content=\"index, follow, max-snippet:-1, max-image-preview:large, max-video-preview:-1\" \/>\n<link rel=\"canonical\" href=\"https:\/\/eettinenluksus.fi\/shop\/tuote\/moomin-pyykinpesugeeli-color-1800ml\/\" \/>\n<meta property=\"og:locale\" content=\"fi_FI\" \/>\n<meta property=\"og:type\" content=\"article\" \/>\n<meta property=\"og:title\" content=\"Moomin Pyykinpesugeeli Color 1800ml\" \/>\n<meta property=\"og:description\" content=\"Moomin Pyykinpesugeeli Color 900ml V\u00e4rilliselle pyykille. Suojaa, hoitaa ja yll\u00e4pit\u00e4\u00e4 v\u00e4rej\u00e4. Ehk\u00e4isee v\u00e4rj\u00e4ytymist\u00e4. 51 pesukertaa pehme\u00e4ss\u00e4 vedess\u00e4.\" \/>\n<meta property=\"og:url\" content=\"https:\/\/eettinenluksus.fi\/shop\/tuote\/moomin-pyykinpesugeeli-color-1800ml\/\" \/>\n<meta property=\"og:site_name\" content=\"Shop Eettinen Luksus\" \/>\n<meta property=\"article:publisher\" content=\"https:\/\/www.facebook.com\/eettinenluksus\" \/>\n<meta property=\"article:modified_time\" content=\"2025-09-23T12:13:24+00:00\" \/>\n<meta property=\"og:image\" content=\"https:\/\/eettinenluksus.fi\/shop\/wp-content\/uploads\/sites\/4\/1728\/96\/Color-900ml.jpg\" \/>\n\t<meta property=\"og:image:width\" content=\"720\" \/>\n\t<meta property=\"og:image:height\" content=\"720\" \/>\n\t<meta property=\"og:image:type\" content=\"image\/jpeg\" \/>\n<meta name=\"twitter:card\" content=\"summary_large_image\" \/>\n<meta name=\"twitter:label1\" content=\"Hinta\" \/>\n\t<meta name=\"twitter:data1\" content=\"11,90&nbsp;&euro;\" \/>\n\t<meta name=\"twitter:label2\" content=\"Saatavuus\" \/>\n\t<meta name=\"twitter:data2\" content=\"Varastossa\" \/>\n<script type=\"application\/ld+json\" class=\"yoast-schema-graph\">{\"@context\":\"https:\\\/\\\/schema.org\",\"@graph\":[{\"@type\":\"WebPage\",\"@id\":\"https:\\\/\\\/eettinenluksus.fi\\\/shop\\\/tuote\\\/moomin-pyykinpesugeeli-color-1800ml\\\/\",\"url\":\"https:\\\/\\\/eettinenluksus.fi\\\/shop\\\/tuote\\\/moomin-pyykinpesugeeli-color-1800ml\\\/\",\"name\":\"Moomin Pyykinpesugeeli Color 1800ml - Shop Eettinen Luksus\",\"isPartOf\":{\"@id\":\"https:\\\/\\\/eettinenluksus.fi\\\/shop\\\/#website\"},\"primaryImageOfPage\":{\"@id\":\"https:\\\/\\\/eettinenluksus.fi\\\/shop\\\/tuote\\\/moomin-pyykinpesugeeli-color-1800ml\\\/#primaryimage\"},\"image\":{\"@id\":\"https:\\\/\\\/eettinenluksus.fi\\\/shop\\\/tuote\\\/moomin-pyykinpesugeeli-color-1800ml\\\/#primaryimage\"},\"thumbnailUrl\":\"https:\\\/\\\/eettinenluksus.fi\\\/shop\\\/wp-content\\\/uploads\\\/sites\\\/4\\\/1728\\\/96\\\/Color-900ml.jpg\",\"datePublished\":\"2024-10-15T13:01:44+00:00\",\"dateModified\":\"2025-09-23T12:13:24+00:00\",\"description\":\"Moomin Pyykinpesugeeli Color 900ml V\u00e4rilliselle pyykille. Suojaa, hoitaa ja yll\u00e4pit\u00e4\u00e4 v\u00e4rej\u00e4. Ehk\u00e4isee v\u00e4rj\u00e4ytymist\u00e4. 51 pesukertaa pehme\u00e4ss\u00e4 vedess\u00e4.\",\"breadcrumb\":{\"@id\":\"https:\\\/\\\/eettinenluksus.fi\\\/shop\\\/tuote\\\/moomin-pyykinpesugeeli-color-1800ml\\\/#breadcrumb\"},\"inLanguage\":\"fi\",\"potentialAction\":[{\"@type\":\"ReadAction\",\"target\":[\"https:\\\/\\\/eettinenluksus.fi\\\/shop\\\/tuote\\\/moomin-pyykinpesugeeli-color-1800ml\\\/\"]}]},{\"@type\":\"ImageObject\",\"inLanguage\":\"fi\",\"@id\":\"https:\\\/\\\/eettinenluksus.fi\\\/shop\\\/tuote\\\/moomin-pyykinpesugeeli-color-1800ml\\\/#primaryimage\",\"url\":\"https:\\\/\\\/eettinenluksus.fi\\\/shop\\\/wp-content\\\/uploads\\\/sites\\\/4\\\/1728\\\/96\\\/Color-900ml.jpg\",\"contentUrl\":\"https:\\\/\\\/eettinenluksus.fi\\\/shop\\\/wp-content\\\/uploads\\\/sites\\\/4\\\/1728\\\/96\\\/Color-900ml.jpg\",\"width\":720,\"height\":720,\"caption\":\"Moomin Pyykinpesugeeli Color 1800ml\"},{\"@type\":\"BreadcrumbList\",\"@id\":\"https:\\\/\\\/eettinenluksus.fi\\\/shop\\\/tuote\\\/moomin-pyykinpesugeeli-color-1800ml\\\/#breadcrumb\",\"itemListElement\":[{\"@type\":\"ListItem\",\"position\":1,\"name\":\"Etusivu\",\"item\":\"https:\\\/\\\/eettinenluksus.fi\\\/shop\\\/\"},{\"@type\":\"ListItem\",\"position\":2,\"name\":\"Kauppa\",\"item\":\"https:\\\/\\\/eettinenluksus.fi\\\/shop\\\/en\\\/kauppa\\\/\"},{\"@type\":\"ListItem\",\"position\":3,\"name\":\"Moomin Pyykinpesugeeli Color 1800ml\"}]},{\"@type\":\"WebSite\",\"@id\":\"https:\\\/\\\/eettinenluksus.fi\\\/shop\\\/#website\",\"url\":\"https:\\\/\\\/eettinenluksus.fi\\\/shop\\\/\",\"name\":\"Shop Eettinen Luksus\",\"description\":\"Uusi verkkokauppa\",\"publisher\":{\"@id\":\"https:\\\/\\\/eettinenluksus.fi\\\/shop\\\/#organization\"},\"potentialAction\":[{\"@type\":\"SearchAction\",\"target\":{\"@type\":\"EntryPoint\",\"urlTemplate\":\"https:\\\/\\\/eettinenluksus.fi\\\/shop\\\/?s={search_term_string}\"},\"query-input\":{\"@type\":\"PropertyValueSpecification\",\"valueRequired\":true,\"valueName\":\"search_term_string\"}}],\"inLanguage\":\"fi\"},{\"@type\":\"Organization\",\"@id\":\"https:\\\/\\\/eettinenluksus.fi\\\/shop\\\/#organization\",\"name\":\"Shop Eettinen Luksus\",\"url\":\"https:\\\/\\\/eettinenluksus.fi\\\/shop\\\/\",\"logo\":{\"@type\":\"ImageObject\",\"inLanguage\":\"fi\",\"@id\":\"https:\\\/\\\/eettinenluksus.fi\\\/shop\\\/#\\\/schema\\\/logo\\\/image\\\/\",\"url\":\"https:\\\/\\\/eettinenluksus.fi\\\/shop\\\/wp-content\\\/uploads\\\/sites\\\/4\\\/1664\\\/37\\\/cropped-ELO.jpg\",\"contentUrl\":\"https:\\\/\\\/eettinenluksus.fi\\\/shop\\\/wp-content\\\/uploads\\\/sites\\\/4\\\/1664\\\/37\\\/cropped-ELO.jpg\",\"width\":810,\"height\":350,\"caption\":\"Shop Eettinen Luksus\"},\"image\":{\"@id\":\"https:\\\/\\\/eettinenluksus.fi\\\/shop\\\/#\\\/schema\\\/logo\\\/image\\\/\"},\"sameAs\":[\"https:\\\/\\\/www.facebook.com\\\/eettinenluksus\",\"https:\\\/\\\/www.instagram.com\\\/eettinenluksus\\\/\"]}]}<\/script>\n<meta property=\"product:price:amount\" content=\"11.90\" \/>\n<meta property=\"product:price:currency\" content=\"EUR\" \/>\n<meta property=\"og:availability\" content=\"instock\" \/>\n<meta property=\"product:availability\" content=\"instock\" \/>\n<meta property=\"product:retailer_item_id\" content=\"FF1321\" \/>\n<meta property=\"product:condition\" content=\"new\" \/>\n<!-- \/ Yoast SEO Premium plugin. -->","yoast_head_json":{"title":"Moomin Pyykinpesugeeli Color 1800ml - Shop Eettinen Luksus","description":"Moomin Pyykinpesugeeli Color 900ml V\u00e4rilliselle pyykille. Suojaa, hoitaa ja yll\u00e4pit\u00e4\u00e4 v\u00e4rej\u00e4. Ehk\u00e4isee v\u00e4rj\u00e4ytymist\u00e4. 51 pesukertaa pehme\u00e4ss\u00e4 vedess\u00e4.","robots":{"index":"index","follow":"follow","max-snippet":"max-snippet:-1","max-image-preview":"max-image-preview:large","max-video-preview":"max-video-preview:-1"},"canonical":"https:\/\/eettinenluksus.fi\/shop\/tuote\/moomin-pyykinpesugeeli-color-1800ml\/","og_locale":"fi_FI","og_type":"article","og_title":"Moomin Pyykinpesugeeli Color 1800ml","og_description":"Moomin Pyykinpesugeeli Color 900ml V\u00e4rilliselle pyykille. Suojaa, hoitaa ja yll\u00e4pit\u00e4\u00e4 v\u00e4rej\u00e4. Ehk\u00e4isee v\u00e4rj\u00e4ytymist\u00e4. 51 pesukertaa pehme\u00e4ss\u00e4 vedess\u00e4.","og_url":"https:\/\/eettinenluksus.fi\/shop\/tuote\/moomin-pyykinpesugeeli-color-1800ml\/","og_site_name":"Shop Eettinen Luksus","article_publisher":"https:\/\/www.facebook.com\/eettinenluksus","article_modified_time":"2025-09-23T12:13:24+00:00","og_image":[{"width":720,"height":720,"url":"https:\/\/eettinenluksus.fi\/shop\/wp-content\/uploads\/sites\/4\/1728\/96\/Color-900ml.jpg","type":"image\/jpeg"}],"twitter_card":"summary_large_image","twitter_misc":{"Hinta":"11,90&nbsp;&euro;","Saatavuus":"Varastossa"},"schema":{"@context":"https:\/\/schema.org","@graph":[{"@type":"WebPage","@id":"https:\/\/eettinenluksus.fi\/shop\/tuote\/moomin-pyykinpesugeeli-color-1800ml\/","url":"https:\/\/eettinenluksus.fi\/shop\/tuote\/moomin-pyykinpesugeeli-color-1800ml\/","name":"Moomin Pyykinpesugeeli Color 1800ml - Shop Eettinen Luksus","isPartOf":{"@id":"https:\/\/eettinenluksus.fi\/shop\/#website"},"primaryImageOfPage":{"@id":"https:\/\/eettinenluksus.fi\/shop\/tuote\/moomin-pyykinpesugeeli-color-1800ml\/#primaryimage"},"image":{"@id":"https:\/\/eettinenluksus.fi\/shop\/tuote\/moomin-pyykinpesugeeli-color-1800ml\/#primaryimage"},"thumbnailUrl":"https:\/\/eettinenluksus.fi\/shop\/wp-content\/uploads\/sites\/4\/1728\/96\/Color-900ml.jpg","datePublished":"2024-10-15T13:01:44+00:00","dateModified":"2025-09-23T12:13:24+00:00","description":"Moomin Pyykinpesugeeli Color 900ml V\u00e4rilliselle pyykille. Suojaa, hoitaa ja yll\u00e4pit\u00e4\u00e4 v\u00e4rej\u00e4. Ehk\u00e4isee v\u00e4rj\u00e4ytymist\u00e4. 51 pesukertaa pehme\u00e4ss\u00e4 vedess\u00e4.","breadcrumb":{"@id":"https:\/\/eettinenluksus.fi\/shop\/tuote\/moomin-pyykinpesugeeli-color-1800ml\/#breadcrumb"},"inLanguage":"fi","potentialAction":[{"@type":"ReadAction","target":["https:\/\/eettinenluksus.fi\/shop\/tuote\/moomin-pyykinpesugeeli-color-1800ml\/"]}]},{"@type":"ImageObject","inLanguage":"fi","@id":"https:\/\/eettinenluksus.fi\/shop\/tuote\/moomin-pyykinpesugeeli-color-1800ml\/#primaryimage","url":"https:\/\/eettinenluksus.fi\/shop\/wp-content\/uploads\/sites\/4\/1728\/96\/Color-900ml.jpg","contentUrl":"https:\/\/eettinenluksus.fi\/shop\/wp-content\/uploads\/sites\/4\/1728\/96\/Color-900ml.jpg","width":720,"height":720,"caption":"Moomin Pyykinpesugeeli Color 1800ml"},{"@type":"BreadcrumbList","@id":"https:\/\/eettinenluksus.fi\/shop\/tuote\/moomin-pyykinpesugeeli-color-1800ml\/#breadcrumb","itemListElement":[{"@type":"ListItem","position":1,"name":"Etusivu","item":"https:\/\/eettinenluksus.fi\/shop\/"},{"@type":"ListItem","position":2,"name":"Kauppa","item":"https:\/\/eettinenluksus.fi\/shop\/en\/kauppa\/"},{"@type":"ListItem","position":3,"name":"Moomin Pyykinpesugeeli Color 1800ml"}]},{"@type":"WebSite","@id":"https:\/\/eettinenluksus.fi\/shop\/#website","url":"https:\/\/eettinenluksus.fi\/shop\/","name":"Shop Eettinen Luksus","description":"Uusi verkkokauppa","publisher":{"@id":"https:\/\/eettinenluksus.fi\/shop\/#organization"},"potentialAction":[{"@type":"SearchAction","target":{"@type":"EntryPoint","urlTemplate":"https:\/\/eettinenluksus.fi\/shop\/?s={search_term_string}"},"query-input":{"@type":"PropertyValueSpecification","valueRequired":true,"valueName":"search_term_string"}}],"inLanguage":"fi"},{"@type":"Organization","@id":"https:\/\/eettinenluksus.fi\/shop\/#organization","name":"Shop Eettinen Luksus","url":"https:\/\/eettinenluksus.fi\/shop\/","logo":{"@type":"ImageObject","inLanguage":"fi","@id":"https:\/\/eettinenluksus.fi\/shop\/#\/schema\/logo\/image\/","url":"https:\/\/eettinenluksus.fi\/shop\/wp-content\/uploads\/sites\/4\/1664\/37\/cropped-ELO.jpg","contentUrl":"https:\/\/eettinenluksus.fi\/shop\/wp-content\/uploads\/sites\/4\/1664\/37\/cropped-ELO.jpg","width":810,"height":350,"caption":"Shop Eettinen Luksus"},"image":{"@id":"https:\/\/eettinenluksus.fi\/shop\/#\/schema\/logo\/image\/"},"sameAs":["https:\/\/www.facebook.com\/eettinenluksus","https:\/\/www.instagram.com\/eettinenluksus\/"]}]},"product_price_amount":"11.90","product_price_currency":"EUR","og_availability":"instock","product_availability":"instock","product_retailer_item_id":"FF1321","product_condition":"new"},"_links":{"self":[{"href":"https:\/\/eettinenluksus.fi\/shop\/wp-json\/wp\/v2\/product\/4256","targetHints":{"allow":["GET"]}}],"collection":[{"href":"https:\/\/eettinenluksus.fi\/shop\/wp-json\/wp\/v2\/product"}],"about":[{"href":"https:\/\/eettinenluksus.fi\/shop\/wp-json\/wp\/v2\/types\/product"}],"version-history":[{"count":6,"href":"https:\/\/eettinenluksus.fi\/shop\/wp-json\/wp\/v2\/product\/4256\/revisions"}],"predecessor-version":[{"id":4668,"href":"https:\/\/eettinenluksus.fi\/shop\/wp-json\/wp\/v2\/product\/4256\/revisions\/4668"}],"wp:featuredmedia":[{"embeddable":true,"href":"https:\/\/eettinenluksus.fi\/shop\/wp-json\/wp\/v2\/media\/4245"}],"wp:attachment":[{"href":"https:\/\/eettinenluksus.fi\/shop\/wp-json\/wp\/v2\/media?parent=4256"}],"wp:term":[{"taxonomy":"product_brand","embeddable":true,"href":"https:\/\/eettinenluksus.fi\/shop\/wp-json\/wp\/v2\/product_brand?post=4256"},{"taxonomy":"product_cat","embeddable":true,"href":"https:\/\/eettinenluksus.fi\/shop\/wp-json\/wp\/v2\/product_cat?post=4256"},{"taxonomy":"product_tag","embeddable":true,"href":"https:\/\/eettinenluksus.fi\/shop\/wp-json\/wp\/v2\/product_tag?post=4256"}],"curies":[{"name":"wp","href":"https:\/\/api.w.org\/{rel}","templated":true}]}}