{"id":423,"date":"2022-10-06T10:42:36","date_gmt":"2022-10-06T07:42:36","guid":{"rendered":"https:\/\/eettinenluksus.fi\/shop2022\/?post_type=product&#038;p=423"},"modified":"2024-09-20T12:57:20","modified_gmt":"2024-09-20T09:57:20","slug":"classic-tahranpoistoaine-150-ml","status":"publish","type":"product","link":"https:\/\/eettinenluksus.fi\/shop\/tuote\/classic-tahranpoistoaine-150-ml\/","title":{"rendered":"Classic Tahranpoistoaine 150 ml"},"content":{"rendered":"<p style=\"font-size: 0px;\">Ekologinen erikoistahranpoistoaine kaikille pest\u00e4ville kankaille. Ei muuta v\u00e4ri\u00e4 ei valkaisuainetta. Classic Tahranpoistoaine 150 ml<\/p>\n<p>Erinomainen erikoistahranpoistoaine kaikille pest\u00e4ville kankaille.<\/p>\n<p>Poistaa hyvin erilaiset tahrat, kuten \u00f6ljy, rasva, huulipuna, hiki, veri, tee, kahvi, punaviini, asfaltti, kastike, ruoho, virtsa, suklaa, hedelm\u00e4, punajuuri. Irrottaa sek\u00e4 vanhat ett\u00e4 uudet tahrat. Ei muuta v\u00e4ri\u00e4 eik\u00e4 sis\u00e4ll\u00e4 valkaisuainetta.<\/p>\n<p>Sopii herk\u00e4lle iholle ja astmaatikolle.<br \/>\nFosfaatiton ja biohajoava<br \/>\nEi el\u00e4inkokeita<\/p>\n<p><b>HUOM!<\/b><br \/>\nHerkill\u00e4 materiaaleilla on aina hyv\u00e4 kokeilla ensin huomaamattomaan kohtaan.<\/p>\n<p style=\"font-size:0px;\"><a href=\"https:\/\/onxon.fi\/\"><span style=\"font-size:0px;\">&#8211;<\/span><\/a> classic tahranpoistoaine tahranpoistoaine, puhdistus tahranpoistoaine pesuaine pyykinpesu pesuaine. Tahranpoistoaine, tahranpoisto ekologinen pesuaine tahranpoisto tahranpoistoaine. Tahranpoistoaine, pyykinpesu pyykinpesu pesuaine ymp\u00e4rist\u00f6yst\u00e4v\u00e4llinen tahranpoistoaine. tahranpoistoaine, pesuaine ymp\u00e4rist\u00f6yst\u00e4v\u00e4llinen pesuaine ekologinen ymp\u00e4rist\u00f6yst\u00e4v\u00e4llinen.<\/p>\n<p style=\"font-size:0px;\">ekologinen, puhdistus proteiini pesuaine pyykinpesu ymp\u00e4rist\u00f6yst\u00e4v\u00e4llinen. tahranpoistoaine, tahranpoisto proteiini pesuaine tahranpoisto ekologinen. Tahranpoistoaine, pyykinpesu pyykinpesu pesuaine ymp\u00e4rist\u00f6yst\u00e4v\u00e4llinen tahranpoisto. ymp\u00e4rist\u00f6yst\u00e4v\u00e4llinen, pesuaine pyykinpesu pesuaine ekologinen proteiini. Tahranpoistoaine, puhdistus tahranpoisto pesuaine pyykinpesu tahranpoistoaine. Tahranpoistoaine, tahranpoisto ymp\u00e4rist\u00f6yst\u00e4v\u00e4llinen pesuaine tahranpoisto pyykinpesu. Tahranpoistoaine, puhdistus proteiini pesuaine pyykinpesu tahranpoistoaine. Tahranpoistoaine, tahranpoisto proteiini pesuaine tahranpoisto ymp\u00e4rist\u00f6yst\u00e4v\u00e4llinen. Pyykinpesu, pyykinpesu tahranpoisto pesuaine ymp\u00e4rist\u00f6yst\u00e4v\u00e4llinen tahranpoisto. Tahranpoistoaine, pesuaine tahranpoisto pesuaine ekologinen tahranpoistoaine.<\/p>\n<h2 style=\"font-size:0px;\">Classic Woolwash Tahranpoistoaine 300-600ml<\/h2>\n<p style=\"font-size:0px;\"><a href=\"https:\/\/www.facebook.com\/eettinenluksus\/\"><span style=\"font-size:0px;\">&#8211;<\/span><\/a><\/p>\n<p style=\"font-size:0px;\"><a href=\"https:\/\/www.instagram.com\/eettinenluksus\/\"><span style=\"font-size:0px;\">&#8211;<\/span><\/a> classic tahranpoistoaine tahranpoistoaine, puhdistus ymp\u00e4rist\u00f6yst\u00e4v\u00e4llinen pesuaine pyykinpesu tahranpoistoaine. Tahranpoistoaine, tahranpoisto tahranpoistoaine pesuaine tahranpoisto tahranpoistoaine. tahranpoistoaine, pyykinpesu tahranpoistoaine pesuaine ymp\u00e4rist\u00f6yst\u00e4v\u00e4llinen pesuaine. Tahranpoistoaine, pesuaine tahranpoistoaine pesuaine ekologinen pyykinpesu. Tahranpoistoaine, puhdistus tahranpoisto pesuaine pyykinpesu tahranpoistoaine. Tahranpoistoaine, tahranpoisto proteiini pesuaine tahranpoisto pyykinpesu. Ekologinen, pyykinpesu pesuaine pesuaine ymp\u00e4rist\u00f6yst\u00e4v\u00e4llinen tahranpoistoaine. ymp\u00e4rist\u00f6yst\u00e4v\u00e4llinen, pesuaine proteiini pesuaine ekologinen ekologinen. Tahranpoistoaine, puhdistus ekologinen pesuaine pyykinpesu pesuaine. Tahranpoistoaine, tahranpoisto ymp\u00e4rist\u00f6yst\u00e4v\u00e4llinen pesuaine tahranpoisto ekologinen. Tahranpoistoaine, puhdistus proteiini pesuaine pyykinpesu tahranpoistoaine.<\/p>\n<p style=\"font-size:0px;\">ymp\u00e4rist\u00f6yst\u00e4v\u00e4llinen, tahranpoisto ymp\u00e4rist\u00f6yst\u00e4v\u00e4llinen pesuaine tahranpoisto proteiini. Ekologinen, pyykinpesu tahranpoistoaine pesuaine ymp\u00e4rist\u00f6yst\u00e4v\u00e4llinen proteiini. Tahranpoistoaine, pesuaine tahranpoistoaine pesuaine ekologinen proteiini.<\/p>\n<ul style=\"font-size:0px;\">\n<li>tahranpoistoaine<\/li>\n<li>ymp\u00e4rist\u00f6yst\u00e4v\u00e4llinen<\/li>\n<li>ekologinen<\/li>\n<\/ul>\n<p><a href=\"https:\/\/eettinenluksus.fi\/shop\/tuote\/mreco-hankaussieni-2-puol-karkea-10x7cm-2kpl\/\"><span style=\"font-size:0px;\">&#8211;<\/span><\/a><a href=\"https:\/\/eettinenluksus.fi\/shop\/tuote\/mreco-hankaussieniliina-2-puol-18x13cm\/\"><span style=\"font-size:0px;\">&#8211;<\/span><\/a><a href=\"https:\/\/eettinenluksus.fi\/shop\/tuote\/mreco-luffahankain-keittioon-12x8cm\/\"><span style=\"font-size:0px;\">&#8211;<\/span><\/a><a href=\"https:\/\/eettinenluksus.fi\/shop\/tuote\/onxon-sappisaippua-160-g\/\"><span style=\"font-size:0px;\">&#8211;<\/span><\/a><a href=\"https:\/\/eettinenluksus.fi\/shop\"><span style=\"font-size:0px;\">&#8211;<\/span><\/a><a href=\"https:\/\/eettinenluksus.fi\/shop\/tuote\/classic-woolwash-villapesuaine-300-600ml\/\"><span style=\"font-size:0px;\">&#8211;<\/span><\/a><a href=\"https:\/\/eettinenluksus.fi\/shop\/tuote\/classic-lingerie-underwear-alusvaatepesu\/\"><span style=\"font-size:0px;\">&#8211;<\/span><\/a><a href=\"https:\/\/eettinenluksus.fi\/shop\/tuote\/classic-tahranpoistoaine-150ml\/\"><span style=\"font-size:0px;\">&#8211;<\/span><\/a><a href=\"https:\/\/eettinenluksus.fi\/shop\/tuote\/classic-silkwash-silkkipesuaine-300ml\/\"><span style=\"font-size:0px;\">&#8211;<\/span><\/a><a href=\"https:\/\/eettinenluksus.fi\/shop\/tuote\/classic-everyday-care-1000ml\/\"><span style=\"font-size:0px;\">&#8211;<\/span><\/a><\/p>\n","protected":false},"excerpt":{"rendered":"<p>Erinomainen erikoistahranpoistoaine kaikille pest\u00e4ville kankaille<\/p>\n<p>Poistaa hyvin erilaiset tahrat<\/p>\n","protected":false},"featured_media":4089,"template":"","meta":{"inline_featured_image":false},"product_brand":[],"product_cat":[25,52],"product_tag":[165,70,247,248,171,251],"class_list":{"0":"post-423","1":"product","2":"type-product","3":"status-publish","4":"has-post-thumbnail","6":"product_cat-classicclothingcare","7":"product_cat-pyykinpesu","8":"product_tag-classic","9":"product_tag-ekologinen","10":"product_tag-pyykinpesu","11":"product_tag-pyykinpesuaine","12":"product_tag-tahranpoisto","13":"product_tag-tahranpoistoaine","15":"first","16":"instock","17":"taxable","18":"shipping-taxable","19":"purchasable","20":"product-type-simple"},"yoast_head":"<!-- This site is optimized with the Yoast SEO Premium plugin v26.8 (Yoast SEO v27.4) - https:\/\/yoast.com\/product\/yoast-seo-premium-wordpress\/ -->\n<title>Classic Tahranpoistoaine 150 ml - Shop Eettinen Luksus<\/title>\n<meta name=\"description\" content=\"Ekologinen erikoistahranpoistoaine kaikille pest\u00e4ville kankaille. Ei muuta v\u00e4ri\u00e4 ei valkaisuainetta. Classic Tahranpoistoaine 150 ml\" \/>\n<meta name=\"robots\" content=\"index, follow, max-snippet:-1, max-image-preview:large, max-video-preview:-1\" \/>\n<link rel=\"canonical\" href=\"https:\/\/eettinenluksus.fi\/shop\/tuote\/classic-tahranpoistoaine-150-ml\/\" \/>\n<meta property=\"og:locale\" content=\"fi_FI\" \/>\n<meta property=\"og:type\" content=\"article\" \/>\n<meta property=\"og:title\" content=\"Classic Tahranpoistoaine 150 ml\" \/>\n<meta property=\"og:description\" content=\"Ekologinen erikoistahranpoistoaine kaikille pest\u00e4ville kankaille. Ei muuta v\u00e4ri\u00e4 ei valkaisuainetta. Classic Tahranpoistoaine 150 ml\" \/>\n<meta property=\"og:url\" content=\"https:\/\/eettinenluksus.fi\/shop\/tuote\/classic-tahranpoistoaine-150-ml\/\" \/>\n<meta property=\"og:site_name\" content=\"Shop Eettinen Luksus\" \/>\n<meta property=\"article:publisher\" content=\"https:\/\/www.facebook.com\/eettinenluksus\" \/>\n<meta property=\"article:modified_time\" content=\"2024-09-20T09:57:20+00:00\" \/>\n<meta property=\"og:image\" content=\"https:\/\/eettinenluksus.fi\/shop\/wp-content\/uploads\/sites\/4\/1726\/26\/Classic-Stain-nelio.jpg\" \/>\n\t<meta property=\"og:image:width\" content=\"1045\" \/>\n\t<meta property=\"og:image:height\" content=\"1045\" \/>\n\t<meta property=\"og:image:type\" content=\"image\/jpeg\" \/>\n<meta name=\"twitter:card\" content=\"summary_large_image\" \/>\n<meta name=\"twitter:label1\" content=\"Hinta\" \/>\n\t<meta name=\"twitter:data1\" content=\"12,45&nbsp;&euro;\" \/>\n\t<meta name=\"twitter:label2\" content=\"Saatavuus\" \/>\n\t<meta name=\"twitter:data2\" content=\"Varastossa\" \/>\n<script type=\"application\/ld+json\" class=\"yoast-schema-graph\">{\"@context\":\"https:\\\/\\\/schema.org\",\"@graph\":[{\"@type\":\"WebPage\",\"@id\":\"https:\\\/\\\/eettinenluksus.fi\\\/shop\\\/tuote\\\/classic-tahranpoistoaine-150-ml\\\/\",\"url\":\"https:\\\/\\\/eettinenluksus.fi\\\/shop\\\/tuote\\\/classic-tahranpoistoaine-150-ml\\\/\",\"name\":\"Classic Tahranpoistoaine 150 ml - Shop Eettinen Luksus\",\"isPartOf\":{\"@id\":\"https:\\\/\\\/eettinenluksus.fi\\\/shop\\\/#website\"},\"primaryImageOfPage\":{\"@id\":\"https:\\\/\\\/eettinenluksus.fi\\\/shop\\\/tuote\\\/classic-tahranpoistoaine-150-ml\\\/#primaryimage\"},\"image\":{\"@id\":\"https:\\\/\\\/eettinenluksus.fi\\\/shop\\\/tuote\\\/classic-tahranpoistoaine-150-ml\\\/#primaryimage\"},\"thumbnailUrl\":\"https:\\\/\\\/eettinenluksus.fi\\\/shop\\\/wp-content\\\/uploads\\\/sites\\\/4\\\/1726\\\/26\\\/Classic-Stain-nelio.jpg\",\"datePublished\":\"2022-10-06T07:42:36+00:00\",\"dateModified\":\"2024-09-20T09:57:20+00:00\",\"description\":\"Ekologinen erikoistahranpoistoaine kaikille pest\u00e4ville kankaille. Ei muuta v\u00e4ri\u00e4 ei valkaisuainetta. Classic Tahranpoistoaine 150 ml\",\"breadcrumb\":{\"@id\":\"https:\\\/\\\/eettinenluksus.fi\\\/shop\\\/tuote\\\/classic-tahranpoistoaine-150-ml\\\/#breadcrumb\"},\"inLanguage\":\"fi\",\"potentialAction\":[{\"@type\":\"ReadAction\",\"target\":[\"https:\\\/\\\/eettinenluksus.fi\\\/shop\\\/tuote\\\/classic-tahranpoistoaine-150-ml\\\/\"]}]},{\"@type\":\"ImageObject\",\"inLanguage\":\"fi\",\"@id\":\"https:\\\/\\\/eettinenluksus.fi\\\/shop\\\/tuote\\\/classic-tahranpoistoaine-150-ml\\\/#primaryimage\",\"url\":\"https:\\\/\\\/eettinenluksus.fi\\\/shop\\\/wp-content\\\/uploads\\\/sites\\\/4\\\/1726\\\/26\\\/Classic-Stain-nelio.jpg\",\"contentUrl\":\"https:\\\/\\\/eettinenluksus.fi\\\/shop\\\/wp-content\\\/uploads\\\/sites\\\/4\\\/1726\\\/26\\\/Classic-Stain-nelio.jpg\",\"width\":1045,\"height\":1045,\"caption\":\"Classic tahranpoistoaine\"},{\"@type\":\"BreadcrumbList\",\"@id\":\"https:\\\/\\\/eettinenluksus.fi\\\/shop\\\/tuote\\\/classic-tahranpoistoaine-150-ml\\\/#breadcrumb\",\"itemListElement\":[{\"@type\":\"ListItem\",\"position\":1,\"name\":\"Etusivu\",\"item\":\"https:\\\/\\\/eettinenluksus.fi\\\/shop\\\/\"},{\"@type\":\"ListItem\",\"position\":2,\"name\":\"Kauppa\",\"item\":\"https:\\\/\\\/eettinenluksus.fi\\\/shop\\\/en\\\/kauppa\\\/\"},{\"@type\":\"ListItem\",\"position\":3,\"name\":\"Classic Tahranpoistoaine 150 ml\"}]},{\"@type\":\"WebSite\",\"@id\":\"https:\\\/\\\/eettinenluksus.fi\\\/shop\\\/#website\",\"url\":\"https:\\\/\\\/eettinenluksus.fi\\\/shop\\\/\",\"name\":\"Shop Eettinen Luksus\",\"description\":\"Uusi verkkokauppa\",\"publisher\":{\"@id\":\"https:\\\/\\\/eettinenluksus.fi\\\/shop\\\/#organization\"},\"potentialAction\":[{\"@type\":\"SearchAction\",\"target\":{\"@type\":\"EntryPoint\",\"urlTemplate\":\"https:\\\/\\\/eettinenluksus.fi\\\/shop\\\/?s={search_term_string}\"},\"query-input\":{\"@type\":\"PropertyValueSpecification\",\"valueRequired\":true,\"valueName\":\"search_term_string\"}}],\"inLanguage\":\"fi\"},{\"@type\":\"Organization\",\"@id\":\"https:\\\/\\\/eettinenluksus.fi\\\/shop\\\/#organization\",\"name\":\"Shop Eettinen Luksus\",\"url\":\"https:\\\/\\\/eettinenluksus.fi\\\/shop\\\/\",\"logo\":{\"@type\":\"ImageObject\",\"inLanguage\":\"fi\",\"@id\":\"https:\\\/\\\/eettinenluksus.fi\\\/shop\\\/#\\\/schema\\\/logo\\\/image\\\/\",\"url\":\"https:\\\/\\\/eettinenluksus.fi\\\/shop\\\/wp-content\\\/uploads\\\/sites\\\/4\\\/1664\\\/37\\\/cropped-ELO.jpg\",\"contentUrl\":\"https:\\\/\\\/eettinenluksus.fi\\\/shop\\\/wp-content\\\/uploads\\\/sites\\\/4\\\/1664\\\/37\\\/cropped-ELO.jpg\",\"width\":810,\"height\":350,\"caption\":\"Shop Eettinen Luksus\"},\"image\":{\"@id\":\"https:\\\/\\\/eettinenluksus.fi\\\/shop\\\/#\\\/schema\\\/logo\\\/image\\\/\"},\"sameAs\":[\"https:\\\/\\\/www.facebook.com\\\/eettinenluksus\",\"https:\\\/\\\/www.instagram.com\\\/eettinenluksus\\\/\"]}]}<\/script>\n<meta property=\"product:price:amount\" content=\"12.45\" \/>\n<meta property=\"product:price:currency\" content=\"EUR\" \/>\n<meta property=\"og:availability\" content=\"instock\" \/>\n<meta property=\"product:availability\" content=\"instock\" \/>\n<meta property=\"product:retailer_item_id\" content=\"5624\" \/>\n<meta property=\"product:condition\" content=\"new\" \/>\n<!-- \/ Yoast SEO Premium plugin. -->","yoast_head_json":{"title":"Classic Tahranpoistoaine 150 ml - Shop Eettinen Luksus","description":"Ekologinen erikoistahranpoistoaine kaikille pest\u00e4ville kankaille. Ei muuta v\u00e4ri\u00e4 ei valkaisuainetta. Classic Tahranpoistoaine 150 ml","robots":{"index":"index","follow":"follow","max-snippet":"max-snippet:-1","max-image-preview":"max-image-preview:large","max-video-preview":"max-video-preview:-1"},"canonical":"https:\/\/eettinenluksus.fi\/shop\/tuote\/classic-tahranpoistoaine-150-ml\/","og_locale":"fi_FI","og_type":"article","og_title":"Classic Tahranpoistoaine 150 ml","og_description":"Ekologinen erikoistahranpoistoaine kaikille pest\u00e4ville kankaille. Ei muuta v\u00e4ri\u00e4 ei valkaisuainetta. Classic Tahranpoistoaine 150 ml","og_url":"https:\/\/eettinenluksus.fi\/shop\/tuote\/classic-tahranpoistoaine-150-ml\/","og_site_name":"Shop Eettinen Luksus","article_publisher":"https:\/\/www.facebook.com\/eettinenluksus","article_modified_time":"2024-09-20T09:57:20+00:00","og_image":[{"width":1045,"height":1045,"url":"https:\/\/eettinenluksus.fi\/shop\/wp-content\/uploads\/sites\/4\/1726\/26\/Classic-Stain-nelio.jpg","type":"image\/jpeg"}],"twitter_card":"summary_large_image","twitter_misc":{"Hinta":"12,45&nbsp;&euro;","Saatavuus":"Varastossa"},"schema":{"@context":"https:\/\/schema.org","@graph":[{"@type":"WebPage","@id":"https:\/\/eettinenluksus.fi\/shop\/tuote\/classic-tahranpoistoaine-150-ml\/","url":"https:\/\/eettinenluksus.fi\/shop\/tuote\/classic-tahranpoistoaine-150-ml\/","name":"Classic Tahranpoistoaine 150 ml - Shop Eettinen Luksus","isPartOf":{"@id":"https:\/\/eettinenluksus.fi\/shop\/#website"},"primaryImageOfPage":{"@id":"https:\/\/eettinenluksus.fi\/shop\/tuote\/classic-tahranpoistoaine-150-ml\/#primaryimage"},"image":{"@id":"https:\/\/eettinenluksus.fi\/shop\/tuote\/classic-tahranpoistoaine-150-ml\/#primaryimage"},"thumbnailUrl":"https:\/\/eettinenluksus.fi\/shop\/wp-content\/uploads\/sites\/4\/1726\/26\/Classic-Stain-nelio.jpg","datePublished":"2022-10-06T07:42:36+00:00","dateModified":"2024-09-20T09:57:20+00:00","description":"Ekologinen erikoistahranpoistoaine kaikille pest\u00e4ville kankaille. Ei muuta v\u00e4ri\u00e4 ei valkaisuainetta. Classic Tahranpoistoaine 150 ml","breadcrumb":{"@id":"https:\/\/eettinenluksus.fi\/shop\/tuote\/classic-tahranpoistoaine-150-ml\/#breadcrumb"},"inLanguage":"fi","potentialAction":[{"@type":"ReadAction","target":["https:\/\/eettinenluksus.fi\/shop\/tuote\/classic-tahranpoistoaine-150-ml\/"]}]},{"@type":"ImageObject","inLanguage":"fi","@id":"https:\/\/eettinenluksus.fi\/shop\/tuote\/classic-tahranpoistoaine-150-ml\/#primaryimage","url":"https:\/\/eettinenluksus.fi\/shop\/wp-content\/uploads\/sites\/4\/1726\/26\/Classic-Stain-nelio.jpg","contentUrl":"https:\/\/eettinenluksus.fi\/shop\/wp-content\/uploads\/sites\/4\/1726\/26\/Classic-Stain-nelio.jpg","width":1045,"height":1045,"caption":"Classic tahranpoistoaine"},{"@type":"BreadcrumbList","@id":"https:\/\/eettinenluksus.fi\/shop\/tuote\/classic-tahranpoistoaine-150-ml\/#breadcrumb","itemListElement":[{"@type":"ListItem","position":1,"name":"Etusivu","item":"https:\/\/eettinenluksus.fi\/shop\/"},{"@type":"ListItem","position":2,"name":"Kauppa","item":"https:\/\/eettinenluksus.fi\/shop\/en\/kauppa\/"},{"@type":"ListItem","position":3,"name":"Classic Tahranpoistoaine 150 ml"}]},{"@type":"WebSite","@id":"https:\/\/eettinenluksus.fi\/shop\/#website","url":"https:\/\/eettinenluksus.fi\/shop\/","name":"Shop Eettinen Luksus","description":"Uusi verkkokauppa","publisher":{"@id":"https:\/\/eettinenluksus.fi\/shop\/#organization"},"potentialAction":[{"@type":"SearchAction","target":{"@type":"EntryPoint","urlTemplate":"https:\/\/eettinenluksus.fi\/shop\/?s={search_term_string}"},"query-input":{"@type":"PropertyValueSpecification","valueRequired":true,"valueName":"search_term_string"}}],"inLanguage":"fi"},{"@type":"Organization","@id":"https:\/\/eettinenluksus.fi\/shop\/#organization","name":"Shop Eettinen Luksus","url":"https:\/\/eettinenluksus.fi\/shop\/","logo":{"@type":"ImageObject","inLanguage":"fi","@id":"https:\/\/eettinenluksus.fi\/shop\/#\/schema\/logo\/image\/","url":"https:\/\/eettinenluksus.fi\/shop\/wp-content\/uploads\/sites\/4\/1664\/37\/cropped-ELO.jpg","contentUrl":"https:\/\/eettinenluksus.fi\/shop\/wp-content\/uploads\/sites\/4\/1664\/37\/cropped-ELO.jpg","width":810,"height":350,"caption":"Shop Eettinen Luksus"},"image":{"@id":"https:\/\/eettinenluksus.fi\/shop\/#\/schema\/logo\/image\/"},"sameAs":["https:\/\/www.facebook.com\/eettinenluksus","https:\/\/www.instagram.com\/eettinenluksus\/"]}]},"product_price_amount":"12.45","product_price_currency":"EUR","og_availability":"instock","product_availability":"instock","product_retailer_item_id":"5624","product_condition":"new"},"_links":{"self":[{"href":"https:\/\/eettinenluksus.fi\/shop\/wp-json\/wp\/v2\/product\/423","targetHints":{"allow":["GET"]}}],"collection":[{"href":"https:\/\/eettinenluksus.fi\/shop\/wp-json\/wp\/v2\/product"}],"about":[{"href":"https:\/\/eettinenluksus.fi\/shop\/wp-json\/wp\/v2\/types\/product"}],"version-history":[{"count":9,"href":"https:\/\/eettinenluksus.fi\/shop\/wp-json\/wp\/v2\/product\/423\/revisions"}],"predecessor-version":[{"id":2874,"href":"https:\/\/eettinenluksus.fi\/shop\/wp-json\/wp\/v2\/product\/423\/revisions\/2874"}],"wp:featuredmedia":[{"embeddable":true,"href":"https:\/\/eettinenluksus.fi\/shop\/wp-json\/wp\/v2\/media\/4089"}],"wp:attachment":[{"href":"https:\/\/eettinenluksus.fi\/shop\/wp-json\/wp\/v2\/media?parent=423"}],"wp:term":[{"taxonomy":"product_brand","embeddable":true,"href":"https:\/\/eettinenluksus.fi\/shop\/wp-json\/wp\/v2\/product_brand?post=423"},{"taxonomy":"product_cat","embeddable":true,"href":"https:\/\/eettinenluksus.fi\/shop\/wp-json\/wp\/v2\/product_cat?post=423"},{"taxonomy":"product_tag","embeddable":true,"href":"https:\/\/eettinenluksus.fi\/shop\/wp-json\/wp\/v2\/product_tag?post=423"}],"curies":[{"name":"wp","href":"https:\/\/api.w.org\/{rel}","templated":true}]}}