{"id":405,"date":"2022-10-06T10:09:30","date_gmt":"2022-10-06T07:09:30","guid":{"rendered":"https:\/\/eettinenluksus.fi\/shop2022\/?post_type=product&#038;p=405"},"modified":"2024-09-20T13:04:46","modified_gmt":"2024-09-20T10:04:46","slug":"classic-antistat-spray-225ml","status":"publish","type":"product","link":"https:\/\/eettinenluksus.fi\/shop\/tuote\/classic-antistat-spray-225ml\/","title":{"rendered":"Classic Antistat Spray 225ml"},"content":{"rendered":"<p style=\"font-size: 0px;\">Classic Antistat Spray 225ml<\/p>\n<p>Uutuus Classic Clothing Caren tuotekehityslaboratoriosta!<\/p>\n<p>Poistaa staattisen varauksen ja muut ep\u00e4miellytt\u00e4v\u00e4t s\u00e4hk\u00f6varaukset vaatteista, tekstiileist\u00e4 ja verhoista. Sopii my\u00f6s esimerkiksi auton verhoilulle, peitteille ja l\u00e4hes kaikille pinnoille, joilla esiintyy ep\u00e4miellytt\u00e4vi\u00e4 s\u00e4hk\u00f6varauksia. Poistaa my\u00f6s kuivausrummun aiheuttamat varaukset.<\/p>\n<ul>\n<li>Vesipohjainen ja pH-neutraali<\/li>\n<li>Kierr\u00e4tett\u00e4v\u00e4 alumiinipakkaus<\/li>\n<\/ul>\n<p>&nbsp;<\/p>\n<p><b>T\u00c4RKE\u00c4\u00c4!<\/b><br \/>\nSilkki\u00e4 ja muita herkki\u00e4 tekstiilej\u00e4 k\u00e4sitelt\u00e4ess\u00e4 tuotetta tulee suihkuttaa ensin k\u00e4siin ja sen j\u00e4lkeen levitt\u00e4\u00e4 se vaatteen sis\u00e4pinnalle.<\/p>\n<p style=\"font-size:0px;\"><a href=\"https:\/\/www.instagram.com\/eettinenluksus\/\"><span style=\"font-size:0px;\">&#8211;<\/span><\/a><a href=\"https:\/\/www.facebook.com\/eettinenluksus\/\"><span style=\"font-size:0px;\">&#8211;<\/span><\/a> mreco vesipohjainen vesipohjainen, astianpesu vesipohjainen alumiinipakkaus ymp\u00e4rist\u00f6yst\u00e4v\u00e4llinen vesipohjainen. Pyykinpesu, pyykinpesu pyykinpesu alumiinipakkaus alumiinipakkaus ymp\u00e4rist\u00f6yst\u00e4v\u00e4llinen. Pyykinpesu, pyykinpesu vesipohjainen ekologinen kierr\u00e4tett\u00e4v\u00e4 pyykinpesu. Vesipohjainen, ekologinen vesipohjainen alumiinipakkaus pyykinpesu vesipohjainen. Pyykinpesu, astianpesu vesipohjainen alumiinipakkaus ymp\u00e4rist\u00f6yst\u00e4v\u00e4llinen vesipohjainen. Vesipohjainen, pyykinpesu vesipohjainen alumiinipakkaus alumiinipakkaus pyykinpesu. Vesipohjainen, pyykinpesu vesipohjainen alumiinipakkaus kierr\u00e4tett\u00e4v\u00e4 pyykinpesu. Ymp\u00e4rist\u00f6yst\u00e4v\u00e4llinen, ekologinen pyykinpesu alumiinipakkaus pyykinpesu vesipohjainen. Vesipohjainen, astianpesu vesipohjainen ekologinen ymp\u00e4rist\u00f6yst\u00e4v\u00e4llinen vesipohjainen. Vesipohjainen, pyykinpesu vesipohjainen ekologinen alumiinipakkaus ymp\u00e4rist\u00f6yst\u00e4v\u00e4llinen.<\/p>\n<p style=\"font-size:0px;\">Pyykinpesu, pyykinpesu pyykinpesu alumiinipakkaus kierr\u00e4tett\u00e4v\u00e4 vesipohjainen. Vesipohjainen, ekologinen vesipohjainen alumiinipakkaus pyykinpesu vesipohjainen. Vesipohjainen, pyykinpesu vesipohjainen alumiinipakkaus alumiinipakkaus pyykinpesu. Vesipohjainen, pyykinpesu vesipohjainen alumiinipakkaus alumiinipakkaus vesipohjainen. Vesipohjainen, pyykinpesu vesipohjainen alumiinipakkaus kierr\u00e4tett\u00e4v\u00e4 vesipohjainen. Vesipohjainen, ekologinen vesipohjainen alumiinipakkaus pyykinpesu vesipohjainen. Pyykinpesu, astianpesu vesipohjainen ekologinen ymp\u00e4rist\u00f6yst\u00e4v\u00e4llinen vesipohjainen. <\/p>\n<h2 style=\"font-size:0px;\">Classic Antistat Spray 225ml<\/h2>\n<p style=\"font-size:0px;\">pyykinpesu, astianpesu antistat ekologinen ymp\u00e4rist\u00f6yst\u00e4v\u00e4llinen antistat. Antistat, pyykinpesu antistat ekologinen alumiinipakkaus pyykinpesu. Antistat, pyykinpesu antistat alumiinipakkaus kierr\u00e4tett\u00e4v\u00e4 antistat. Pyykinpesu, ekologinen pyykinpesu alumiinipakkaus pyykinpesu pyykinpesu. Antistat, astianpesu pyykinpesu alumiinipakkaus ymp\u00e4rist\u00f6yst\u00e4v\u00e4llinen antistat. Antistat, pyykinpesu antistat ekologinen alumiinipakkaus antistat. Antistat, pyykinpesu antistat ekologinen kierr\u00e4tett\u00e4v\u00e4 antistat. Pyykinpesu, ekologinen pyykinpesu ekologinen pyykinpesu pyykinpesu. <\/p>\n<p style=\"font-size:0px;\">\n<ul style=\"font-size:0px;\">\n<li>antistat<\/li>\n<li>vesipohjainen<\/li>\n<li>ekologinen<\/li>\n<\/ul>\n<p style=\"font-size:0px;\">Antistat, astianpesu antistat alumiinipakkaus ymp\u00e4rist\u00f6yst\u00e4v\u00e4llinen pyykinpesu. Ymp\u00e4rist\u00f6yst\u00e4v\u00e4llinen, pyykinpesu antistat alumiinipakkaus alumiinipakkaus antistat. Antistat, ekologinen pyykinpesu ekologinen pyykinpesu antistat. Antistat, pyykinpesu pyykinpesu alumiinipakkaus alumiinipakkaus antistat. Pyykinpesu Pyykinpesu. Antistat, pyykinpesu antistat alumiinipakkaus kierr\u00e4tett\u00e4v\u00e4 antistat. Antistat, ekologinen pyykinpesu ekologinen pyykinpesu ymp\u00e4rist\u00f6yst\u00e4v\u00e4llinen. Pyykinpesu, astianpesu antistat alumiinipakkaus ymp\u00e4rist\u00f6yst\u00e4v\u00e4llinen antistat. Antistat, pyykinpesu alumiinipakkaus pyykinpesu alumiinipakkaus antistat. Antistat, pyykinpesu ymp\u00e4rist\u00f6yst\u00e4v\u00e4llinen ekologinen kierr\u00e4tett\u00e4v\u00e4 ymp\u00e4rist\u00f6yst\u00e4v\u00e4llinen. Antistat, ekologinen antistat ekologinen pyykinpesu antistat. Antistat, astianpesu antistat alumiinipakkaus ymp\u00e4rist\u00f6yst\u00e4v\u00e4llinen antistat.<a href=\"https:\/\/eettinenluksus.fi\/shop\/tuote\/mreco-hankaustyyny-kasvisaippualla-6x6cm-7kpl\/\"><span style=\"font-size:0px;\">&#8211;<\/span><\/a><a href=\"https:\/\/eettinenluksus.fi\/shop\/tuote\/onxon-puhdistuskivi-300-500-g\/\"><span style=\"font-size:0px;\">&#8211;<\/span><\/a><a href=\"https:\/\/eettinenluksus.fi\/shop\/tuote\/mreco-hankauskera-ruostumaton-teras-2kpl\/\"><span style=\"font-size:0px;\">&#8211;<\/span><\/a><a href=\"https:\/\/eettinenluksus.fi\/shop\/tuote\/mreco-kitchen-care-tuotepaketti\/\"><span style=\"font-size:0px;\">&#8211;<\/span><\/a><a href=\"https:\/\/eettinenluksus.fi\/shop\/en\/product\/mreco-all-surface-tuotepaketti\/\"><span style=\"font-size:0px;\">&#8211;<\/span><\/a><\/p>\n","protected":false},"excerpt":{"rendered":"<p>Uutuus Classic Clothing Caren tuotekehityslaboratoriosta!<\/p>\n<p>Poistaa staattisen varauksen tekstiileist\u00e4<\/p>\n<p>Vesipohjainen ja pH-neutraali<\/p>\n","protected":false},"featured_media":4085,"template":"","meta":{"inline_featured_image":false},"product_brand":[],"product_cat":[25,52],"product_tag":[258,257,165,259,260],"class_list":{"0":"post-405","1":"product","2":"type-product","3":"status-publish","4":"has-post-thumbnail","6":"product_cat-classicclothingcare","7":"product_cat-pyykinpesu","8":"product_tag-antistaattinen","9":"product_tag-antistat","10":"product_tag-classic","11":"product_tag-sahko","12":"product_tag-sahkoisyys","14":"first","15":"instock","16":"taxable","17":"shipping-taxable","18":"purchasable","19":"product-type-simple"},"yoast_head":"<!-- This site is optimized with the Yoast SEO Premium plugin v26.8 (Yoast SEO v27.4) - https:\/\/yoast.com\/product\/yoast-seo-premium-wordpress\/ -->\n<title>Classic Antistat Spray 225ml - Shop Eettinen Luksus<\/title>\n<meta name=\"description\" content=\"Uutuus Classic Clothing Caren tuotekehityslaboratoriosta. Poistaa staattisen varauksen ja muut ep\u00e4miellytt\u00e4v\u00e4t s\u00e4hk\u00f6varaukset. Classic Antistat Spray 225ml\" \/>\n<meta name=\"robots\" content=\"index, follow, max-snippet:-1, max-image-preview:large, max-video-preview:-1\" \/>\n<link rel=\"canonical\" href=\"https:\/\/eettinenluksus.fi\/shop\/tuote\/classic-antistat-spray-225ml\/\" \/>\n<meta property=\"og:locale\" content=\"fi_FI\" \/>\n<meta property=\"og:type\" content=\"article\" \/>\n<meta property=\"og:title\" content=\"Classic Antistat Spray 225ml\" \/>\n<meta property=\"og:description\" content=\"Uutuus Classic Clothing Caren tuotekehityslaboratoriosta. Poistaa staattisen varauksen ja muut ep\u00e4miellytt\u00e4v\u00e4t s\u00e4hk\u00f6varaukset. Classic Antistat Spray 225ml\" \/>\n<meta property=\"og:url\" content=\"https:\/\/eettinenluksus.fi\/shop\/tuote\/classic-antistat-spray-225ml\/\" \/>\n<meta property=\"og:site_name\" content=\"Shop Eettinen Luksus\" \/>\n<meta property=\"article:publisher\" content=\"https:\/\/www.facebook.com\/eettinenluksus\" \/>\n<meta property=\"article:modified_time\" content=\"2024-09-20T10:04:46+00:00\" \/>\n<meta property=\"og:image\" content=\"https:\/\/eettinenluksus.fi\/shop\/wp-content\/uploads\/sites\/4\/1726\/26\/Classic-Antistatic-nelio.jpg\" \/>\n\t<meta property=\"og:image:width\" content=\"1045\" \/>\n\t<meta property=\"og:image:height\" content=\"1045\" \/>\n\t<meta property=\"og:image:type\" content=\"image\/jpeg\" \/>\n<meta name=\"twitter:card\" content=\"summary_large_image\" \/>\n<meta name=\"twitter:label1\" content=\"Hinta\" \/>\n\t<meta name=\"twitter:data1\" content=\"12,45&nbsp;&euro;\" \/>\n\t<meta name=\"twitter:label2\" content=\"Saatavuus\" \/>\n\t<meta name=\"twitter:data2\" content=\"Varastossa\" \/>\n<script type=\"application\/ld+json\" class=\"yoast-schema-graph\">{\"@context\":\"https:\\\/\\\/schema.org\",\"@graph\":[{\"@type\":\"WebPage\",\"@id\":\"https:\\\/\\\/eettinenluksus.fi\\\/shop\\\/tuote\\\/classic-antistat-spray-225ml\\\/\",\"url\":\"https:\\\/\\\/eettinenluksus.fi\\\/shop\\\/tuote\\\/classic-antistat-spray-225ml\\\/\",\"name\":\"Classic Antistat Spray 225ml - Shop Eettinen Luksus\",\"isPartOf\":{\"@id\":\"https:\\\/\\\/eettinenluksus.fi\\\/shop\\\/#website\"},\"primaryImageOfPage\":{\"@id\":\"https:\\\/\\\/eettinenluksus.fi\\\/shop\\\/tuote\\\/classic-antistat-spray-225ml\\\/#primaryimage\"},\"image\":{\"@id\":\"https:\\\/\\\/eettinenluksus.fi\\\/shop\\\/tuote\\\/classic-antistat-spray-225ml\\\/#primaryimage\"},\"thumbnailUrl\":\"https:\\\/\\\/eettinenluksus.fi\\\/shop\\\/wp-content\\\/uploads\\\/sites\\\/4\\\/1726\\\/26\\\/Classic-Antistatic-nelio.jpg\",\"datePublished\":\"2022-10-06T07:09:30+00:00\",\"dateModified\":\"2024-09-20T10:04:46+00:00\",\"description\":\"Uutuus Classic Clothing Caren tuotekehityslaboratoriosta. Poistaa staattisen varauksen ja muut ep\u00e4miellytt\u00e4v\u00e4t s\u00e4hk\u00f6varaukset. Classic Antistat Spray 225ml\",\"breadcrumb\":{\"@id\":\"https:\\\/\\\/eettinenluksus.fi\\\/shop\\\/tuote\\\/classic-antistat-spray-225ml\\\/#breadcrumb\"},\"inLanguage\":\"fi\",\"potentialAction\":[{\"@type\":\"ReadAction\",\"target\":[\"https:\\\/\\\/eettinenluksus.fi\\\/shop\\\/tuote\\\/classic-antistat-spray-225ml\\\/\"]}]},{\"@type\":\"ImageObject\",\"inLanguage\":\"fi\",\"@id\":\"https:\\\/\\\/eettinenluksus.fi\\\/shop\\\/tuote\\\/classic-antistat-spray-225ml\\\/#primaryimage\",\"url\":\"https:\\\/\\\/eettinenluksus.fi\\\/shop\\\/wp-content\\\/uploads\\\/sites\\\/4\\\/1726\\\/26\\\/Classic-Antistatic-nelio.jpg\",\"contentUrl\":\"https:\\\/\\\/eettinenluksus.fi\\\/shop\\\/wp-content\\\/uploads\\\/sites\\\/4\\\/1726\\\/26\\\/Classic-Antistatic-nelio.jpg\",\"width\":1045,\"height\":1045,\"caption\":\"Classic Antistatic\"},{\"@type\":\"BreadcrumbList\",\"@id\":\"https:\\\/\\\/eettinenluksus.fi\\\/shop\\\/tuote\\\/classic-antistat-spray-225ml\\\/#breadcrumb\",\"itemListElement\":[{\"@type\":\"ListItem\",\"position\":1,\"name\":\"Etusivu\",\"item\":\"https:\\\/\\\/eettinenluksus.fi\\\/shop\\\/\"},{\"@type\":\"ListItem\",\"position\":2,\"name\":\"Kauppa\",\"item\":\"https:\\\/\\\/eettinenluksus.fi\\\/shop\\\/en\\\/kauppa\\\/\"},{\"@type\":\"ListItem\",\"position\":3,\"name\":\"Classic Antistat Spray 225ml\"}]},{\"@type\":\"WebSite\",\"@id\":\"https:\\\/\\\/eettinenluksus.fi\\\/shop\\\/#website\",\"url\":\"https:\\\/\\\/eettinenluksus.fi\\\/shop\\\/\",\"name\":\"Shop Eettinen Luksus\",\"description\":\"Uusi verkkokauppa\",\"publisher\":{\"@id\":\"https:\\\/\\\/eettinenluksus.fi\\\/shop\\\/#organization\"},\"potentialAction\":[{\"@type\":\"SearchAction\",\"target\":{\"@type\":\"EntryPoint\",\"urlTemplate\":\"https:\\\/\\\/eettinenluksus.fi\\\/shop\\\/?s={search_term_string}\"},\"query-input\":{\"@type\":\"PropertyValueSpecification\",\"valueRequired\":true,\"valueName\":\"search_term_string\"}}],\"inLanguage\":\"fi\"},{\"@type\":\"Organization\",\"@id\":\"https:\\\/\\\/eettinenluksus.fi\\\/shop\\\/#organization\",\"name\":\"Shop Eettinen Luksus\",\"url\":\"https:\\\/\\\/eettinenluksus.fi\\\/shop\\\/\",\"logo\":{\"@type\":\"ImageObject\",\"inLanguage\":\"fi\",\"@id\":\"https:\\\/\\\/eettinenluksus.fi\\\/shop\\\/#\\\/schema\\\/logo\\\/image\\\/\",\"url\":\"https:\\\/\\\/eettinenluksus.fi\\\/shop\\\/wp-content\\\/uploads\\\/sites\\\/4\\\/1664\\\/37\\\/cropped-ELO.jpg\",\"contentUrl\":\"https:\\\/\\\/eettinenluksus.fi\\\/shop\\\/wp-content\\\/uploads\\\/sites\\\/4\\\/1664\\\/37\\\/cropped-ELO.jpg\",\"width\":810,\"height\":350,\"caption\":\"Shop Eettinen Luksus\"},\"image\":{\"@id\":\"https:\\\/\\\/eettinenluksus.fi\\\/shop\\\/#\\\/schema\\\/logo\\\/image\\\/\"},\"sameAs\":[\"https:\\\/\\\/www.facebook.com\\\/eettinenluksus\",\"https:\\\/\\\/www.instagram.com\\\/eettinenluksus\\\/\"]}]}<\/script>\n<meta property=\"product:price:amount\" content=\"12.45\" \/>\n<meta property=\"product:price:currency\" content=\"EUR\" \/>\n<meta property=\"og:availability\" content=\"instock\" \/>\n<meta property=\"product:availability\" content=\"instock\" \/>\n<meta property=\"product:retailer_item_id\" content=\"5611\" \/>\n<meta property=\"product:condition\" content=\"new\" \/>\n<!-- \/ Yoast SEO Premium plugin. -->","yoast_head_json":{"title":"Classic Antistat Spray 225ml - Shop Eettinen Luksus","description":"Uutuus Classic Clothing Caren tuotekehityslaboratoriosta. Poistaa staattisen varauksen ja muut ep\u00e4miellytt\u00e4v\u00e4t s\u00e4hk\u00f6varaukset. Classic Antistat Spray 225ml","robots":{"index":"index","follow":"follow","max-snippet":"max-snippet:-1","max-image-preview":"max-image-preview:large","max-video-preview":"max-video-preview:-1"},"canonical":"https:\/\/eettinenluksus.fi\/shop\/tuote\/classic-antistat-spray-225ml\/","og_locale":"fi_FI","og_type":"article","og_title":"Classic Antistat Spray 225ml","og_description":"Uutuus Classic Clothing Caren tuotekehityslaboratoriosta. Poistaa staattisen varauksen ja muut ep\u00e4miellytt\u00e4v\u00e4t s\u00e4hk\u00f6varaukset. Classic Antistat Spray 225ml","og_url":"https:\/\/eettinenluksus.fi\/shop\/tuote\/classic-antistat-spray-225ml\/","og_site_name":"Shop Eettinen Luksus","article_publisher":"https:\/\/www.facebook.com\/eettinenluksus","article_modified_time":"2024-09-20T10:04:46+00:00","og_image":[{"width":1045,"height":1045,"url":"https:\/\/eettinenluksus.fi\/shop\/wp-content\/uploads\/sites\/4\/1726\/26\/Classic-Antistatic-nelio.jpg","type":"image\/jpeg"}],"twitter_card":"summary_large_image","twitter_misc":{"Hinta":"12,45&nbsp;&euro;","Saatavuus":"Varastossa"},"schema":{"@context":"https:\/\/schema.org","@graph":[{"@type":"WebPage","@id":"https:\/\/eettinenluksus.fi\/shop\/tuote\/classic-antistat-spray-225ml\/","url":"https:\/\/eettinenluksus.fi\/shop\/tuote\/classic-antistat-spray-225ml\/","name":"Classic Antistat Spray 225ml - Shop Eettinen Luksus","isPartOf":{"@id":"https:\/\/eettinenluksus.fi\/shop\/#website"},"primaryImageOfPage":{"@id":"https:\/\/eettinenluksus.fi\/shop\/tuote\/classic-antistat-spray-225ml\/#primaryimage"},"image":{"@id":"https:\/\/eettinenluksus.fi\/shop\/tuote\/classic-antistat-spray-225ml\/#primaryimage"},"thumbnailUrl":"https:\/\/eettinenluksus.fi\/shop\/wp-content\/uploads\/sites\/4\/1726\/26\/Classic-Antistatic-nelio.jpg","datePublished":"2022-10-06T07:09:30+00:00","dateModified":"2024-09-20T10:04:46+00:00","description":"Uutuus Classic Clothing Caren tuotekehityslaboratoriosta. Poistaa staattisen varauksen ja muut ep\u00e4miellytt\u00e4v\u00e4t s\u00e4hk\u00f6varaukset. Classic Antistat Spray 225ml","breadcrumb":{"@id":"https:\/\/eettinenluksus.fi\/shop\/tuote\/classic-antistat-spray-225ml\/#breadcrumb"},"inLanguage":"fi","potentialAction":[{"@type":"ReadAction","target":["https:\/\/eettinenluksus.fi\/shop\/tuote\/classic-antistat-spray-225ml\/"]}]},{"@type":"ImageObject","inLanguage":"fi","@id":"https:\/\/eettinenluksus.fi\/shop\/tuote\/classic-antistat-spray-225ml\/#primaryimage","url":"https:\/\/eettinenluksus.fi\/shop\/wp-content\/uploads\/sites\/4\/1726\/26\/Classic-Antistatic-nelio.jpg","contentUrl":"https:\/\/eettinenluksus.fi\/shop\/wp-content\/uploads\/sites\/4\/1726\/26\/Classic-Antistatic-nelio.jpg","width":1045,"height":1045,"caption":"Classic Antistatic"},{"@type":"BreadcrumbList","@id":"https:\/\/eettinenluksus.fi\/shop\/tuote\/classic-antistat-spray-225ml\/#breadcrumb","itemListElement":[{"@type":"ListItem","position":1,"name":"Etusivu","item":"https:\/\/eettinenluksus.fi\/shop\/"},{"@type":"ListItem","position":2,"name":"Kauppa","item":"https:\/\/eettinenluksus.fi\/shop\/en\/kauppa\/"},{"@type":"ListItem","position":3,"name":"Classic Antistat Spray 225ml"}]},{"@type":"WebSite","@id":"https:\/\/eettinenluksus.fi\/shop\/#website","url":"https:\/\/eettinenluksus.fi\/shop\/","name":"Shop Eettinen Luksus","description":"Uusi verkkokauppa","publisher":{"@id":"https:\/\/eettinenluksus.fi\/shop\/#organization"},"potentialAction":[{"@type":"SearchAction","target":{"@type":"EntryPoint","urlTemplate":"https:\/\/eettinenluksus.fi\/shop\/?s={search_term_string}"},"query-input":{"@type":"PropertyValueSpecification","valueRequired":true,"valueName":"search_term_string"}}],"inLanguage":"fi"},{"@type":"Organization","@id":"https:\/\/eettinenluksus.fi\/shop\/#organization","name":"Shop Eettinen Luksus","url":"https:\/\/eettinenluksus.fi\/shop\/","logo":{"@type":"ImageObject","inLanguage":"fi","@id":"https:\/\/eettinenluksus.fi\/shop\/#\/schema\/logo\/image\/","url":"https:\/\/eettinenluksus.fi\/shop\/wp-content\/uploads\/sites\/4\/1664\/37\/cropped-ELO.jpg","contentUrl":"https:\/\/eettinenluksus.fi\/shop\/wp-content\/uploads\/sites\/4\/1664\/37\/cropped-ELO.jpg","width":810,"height":350,"caption":"Shop Eettinen Luksus"},"image":{"@id":"https:\/\/eettinenluksus.fi\/shop\/#\/schema\/logo\/image\/"},"sameAs":["https:\/\/www.facebook.com\/eettinenluksus","https:\/\/www.instagram.com\/eettinenluksus\/"]}]},"product_price_amount":"12.45","product_price_currency":"EUR","og_availability":"instock","product_availability":"instock","product_retailer_item_id":"5611","product_condition":"new"},"_links":{"self":[{"href":"https:\/\/eettinenluksus.fi\/shop\/wp-json\/wp\/v2\/product\/405","targetHints":{"allow":["GET"]}}],"collection":[{"href":"https:\/\/eettinenluksus.fi\/shop\/wp-json\/wp\/v2\/product"}],"about":[{"href":"https:\/\/eettinenluksus.fi\/shop\/wp-json\/wp\/v2\/types\/product"}],"version-history":[{"count":9,"href":"https:\/\/eettinenluksus.fi\/shop\/wp-json\/wp\/v2\/product\/405\/revisions"}],"predecessor-version":[{"id":2947,"href":"https:\/\/eettinenluksus.fi\/shop\/wp-json\/wp\/v2\/product\/405\/revisions\/2947"}],"wp:featuredmedia":[{"embeddable":true,"href":"https:\/\/eettinenluksus.fi\/shop\/wp-json\/wp\/v2\/media\/4085"}],"wp:attachment":[{"href":"https:\/\/eettinenluksus.fi\/shop\/wp-json\/wp\/v2\/media?parent=405"}],"wp:term":[{"taxonomy":"product_brand","embeddable":true,"href":"https:\/\/eettinenluksus.fi\/shop\/wp-json\/wp\/v2\/product_brand?post=405"},{"taxonomy":"product_cat","embeddable":true,"href":"https:\/\/eettinenluksus.fi\/shop\/wp-json\/wp\/v2\/product_cat?post=405"},{"taxonomy":"product_tag","embeddable":true,"href":"https:\/\/eettinenluksus.fi\/shop\/wp-json\/wp\/v2\/product_tag?post=405"}],"curies":[{"name":"wp","href":"https:\/\/api.w.org\/{rel}","templated":true}]}}