{"id":3400,"date":"2024-07-04T11:34:31","date_gmt":"2024-07-04T08:34:31","guid":{"rendered":"https:\/\/eettinenluksus.fi\/shop\/?post_type=product&#038;p=3400"},"modified":"2025-10-23T17:31:10","modified_gmt":"2025-10-23T14:31:10","slug":"moominbymilu-tuoksukynttila-3-kpl-paketti","status":"publish","type":"product","link":"https:\/\/eettinenluksus.fi\/shop\/tuote\/moominbymilu-tuoksukynttila-3-kpl-paketti\/","title":{"rendered":"MoominbyMiLu Tuoksukynttil\u00e4 3 kpl -paketti"},"content":{"rendered":"<p style=\"font-size: 0px;\">Tuoksukynttil\u00e4 puukantisessa lasipurkissa MoominbyMiLu Tuoksukynttil\u00e4 Eucalyptus Cedar 75x95mm Ekologinen kynttil\u00e4 on tuotettu uusiutuvalla energialla.<\/p>\n<p>Tuoksukynttil\u00e4 puukantisessa lasipurkissa. Koko 75X95 mm.<\/p>\n<p>MiLun Muumi-tuoksukynttil\u00e4t ovat luonnollisia, ymp\u00e4rist\u00f6yst\u00e4v\u00e4llisi\u00e4, vegaanisia ja GMO-vapaita k\u00e4sintehtyj\u00e4 rypsivahakynttil\u00f6it\u00e4, joiden tuoksuna on eteerisi\u00e4 \u00f6ljyj\u00e4. Eiv\u00e4t sis\u00e4ll\u00e4 palmu\u00f6ljy\u00e4. Kynttil\u00e4nsyd\u00e4met ovat 100 % Ecotex-sertifioitua puuvillaa. Palavat vapauttamatta myrkyllisi\u00e4 aineita. Matala noki-indeksi.<\/p>\n<p>Tuotantoprosessimme ja suunnittelumme painottavat kest\u00e4v\u00e4\u00e4 kehityst\u00e4. Kaikki tuotteet valmistetaan 100 % uusiutuvista l\u00e4hteist\u00e4 per\u00e4isin olevalla s\u00e4hk\u00f6ll\u00e4 ja meille on eritt\u00e4in t\u00e4rke\u00e4\u00e4 k\u00e4ytt\u00e4\u00e4 ymp\u00e4rist\u00f6yst\u00e4v\u00e4llisi\u00e4 pakkauksia, joissa k\u00e4ytet\u00e4\u00e4n mahdollisimman v\u00e4h\u00e4n muovia ja suositaan kierr\u00e4tettyj\u00e4 materiaaleja.<\/p>\n<p>Nauti muumimaisesta hyvinvointikokemuksesta ja tuoksuilosta MiLun Muumi-kynttil\u00f6iden parissa!<\/p>\n<p>Kolme ekslusiivist\u00e4 tuoksua:<\/p>\n<p><b>Eucalyptus &amp; Cedarwood<\/b> &#8211; Muumipeikko on unelmoija ja ajattelija. Paras valinta ideoiden luomiseen ja rentoutumiseen. Siin\u00e4 tuoksuvat eukalyptus, setri ja valkovaahtera.<\/p>\n<p><b>Rose &amp; Vanilla<\/b> &#8211; Muumimamma rakastaa perhett\u00e4\u00e4n ja luontoa. Paras juhlahetkeen perheen ja yst\u00e4vien kanssa. Tuoksussa h\u00e4iv\u00e4ht\u00e4\u00e4 damaskonruusu, murskattu neilikka ja vanilja.<\/p>\n<p><b>Marine Freshness<\/b> &#8211; Muumipappa todella rakastaa merta ja uskoo olevansa taitava purjehtija. Paras rentouttaviin hetkiin kirjojen ja unelmiesi parissa. Vihreiden lehtien, merisuolan ja Velvet Woods -tuoksun yhdistelm\u00e4 lumoaa.<\/p>\n<p style=\"font-size: 0px;\">Tuoksukynttil\u00e4 puukantisessa lasipurkissa 75x95mm Ekologinen kynttil\u00e4 on tuotettu uusiutuvalla energialla.<\/p>\n<h2 style=\"font-size: 0px;\">MoominbyMiLu Tuoksukynttil\u00e4 Eucalyptus Cedar<\/h2>\n<p style=\"font-size: 0px;\">tuoksukynttil\u00e4, ekologinen, eucalyptus, cedar, rypsivahakynttil\u00e4, eucalyptus, cedar, kynttil\u00e4, ymp\u00e4rist\u00f6yst\u00e4v\u00e4llinen, uusituva energia, ymp\u00e4rist\u00f6yst\u00e4v\u00e4llinen, sertifioitu puuvilla, kynttil\u00e4, ymp\u00e4rist\u00f6yst\u00e4v\u00e4llinen, tuoksukynttil\u00e4, eucalyptus, cedar, ymp\u00e4rist\u00f6yst\u00e4v\u00e4llinen, kynttil\u00e4, k\u00e4sintehty, ekologinen, kynttil\u00e4, eucalyptus, cedar, ymp\u00e4rist\u00f6yst\u00e4v\u00e4llinen, ekologinen, eucalyptus, cedar. rypsivahakynttil\u00e4, kynttil\u00e4, tuoksukynttil\u00e4, ymp\u00e4rist\u00f6yst\u00e4v\u00e4llinen, uusituva energia, kynttil\u00e4, sertifioitu puuvilla, ymp\u00e4rist\u00f6yst\u00e4v\u00e4llinen, eucalyptus, cedar, k\u00e4sintehty.<\/p>\n<p style=\"font-size: 0px;\">ekologinen, kynttil\u00e4, eucalyptus, cedar, ymp\u00e4rist\u00f6yst\u00e4v\u00e4llinen, tuoksukynttil\u00e4, ymp\u00e4rist\u00f6yst\u00e4v\u00e4llinen, ekologinen, eucalyptus, cedar. rypsivahakynttil\u00e4, kynttil\u00e4, eucalyptus, cedar,tuoksukynttil\u00e4, uusituva energia, sertifioitu puuvilla, eucalyptus, cedar, ekologinen, eucalyptus, cedar, k\u00e4sintehty, ymp\u00e4rist\u00f6yst\u00e4v\u00e4llinen, ekologinen, eucalyptus, cedar. tuoksukynttil\u00e4, ekologinen, eucalyptus, kynttil\u00e4, cedar, rypsivahakynttil\u00e4, ymp\u00e4rist\u00f6yst\u00e4v\u00e4llinen, kynttil\u00e4, uusituva energia, tuoksukynttil\u00e4, sertifioitu puuvilla, k\u00e4sintehty, ymp\u00e4rist\u00f6yst\u00e4v\u00e4llinen, ekologinen, eucalyptus, cedar.<\/p>\n<ul style=\"font-size: 0px;\">\n<li style=\"list-style-type: none;\">\n<ul style=\"font-size: 0px;\">\n<li>tuoksukynttil\u00e4<\/li>\n<li>eucalyptus cedar<\/li>\n<li>ekologinen<\/li>\n<\/ul>\n<\/li>\n<\/ul>\n<p style=\"font-size: 0px;\"><a href=\"https:\/\/eettinenluksus.fi\/shop\/tuote\/moominbymilu-tuoksukynttila-rose-vanilla-75x95mm\/\"><span style=\"font-size: 0px;\">&#8211;<\/span><\/a><a href=\"https:\/\/eettinenluksus.fi\/shop\/tuote\/moominbymilu-tuoksukynttila-marine-freshness-75x95mm\/\"><span style=\"font-size: 0px;\">&#8211;<\/span><\/a><a href=\"https:\/\/eettinenluksus.fi\/shop\/tuote\/mreco-lattialiina-bambu-puuvilla-50x50cm-l-valk\/\"><span style=\"font-size: 0px;\">&#8211;<\/span><\/a><a href=\"https:\/\/eettinenluksus.fi\/shop\/tuote\/mreco-sieniliina-16x18cm-3kpl\/\"><span style=\"font-size: 0px;\">&#8211;<\/span><\/a><a href=\"https:\/\/eettinenluksus.fi\/shop\/tuote\/mreco-astianpesuharja-puu-sisal\/\"><span style=\"font-size: 0px;\">&#8211;<\/span><\/a><a href=\"https:\/\/eettinenluksus.fi\/shop\/tuote\/method-astianpesuaine-peach-pink-pepper-paketti\/\"><span style=\"font-size: 0px;\">&#8211;<\/span><\/a><a href=\"https:\/\/eettinenluksus.fi\/shop\/tuote\/classic-antistat-spray-225ml\/\"><span style=\"font-size: 0px;\">&#8211;<\/span><\/a><\/p>\n","protected":false},"excerpt":{"rendered":"<p>Tuoksukynttil\u00e4 puukantisessa lasipurkissa. Koko 75X95 mm.<\/p>\n<p>Kolme eksklusiivista tuoksua:<\/p>\n<ul>\n<li>Eucalyptus &amp; Cedarwood<\/li>\n<li>Marine Freshness<\/li>\n<li>Rose Vanilla<\/li>\n<\/ul>\n","protected":false},"featured_media":4038,"template":"","meta":{"inline_featured_image":false},"product_brand":[],"product_cat":[123,426,142],"product_tag":[70,153,159,155,158,152,147,148,154,149,156],"class_list":{"0":"post-3400","1":"product","2":"type-product","3":"status-publish","4":"has-post-thumbnail","6":"product_cat-hyvinvointi","7":"product_cat-muumit","8":"product_cat-muumi-tuoksukynttilat","9":"product_tag-ekologinen","10":"product_tag-eteeriset-oljyt","11":"product_tag-eukalyptus","12":"product_tag-gmo-vapaa","13":"product_tag-metsa","14":"product_tag-milu","15":"product_tag-moomin","16":"product_tag-muumi","17":"product_tag-rypsivaha","18":"product_tag-tuoksukynttila","19":"product_tag-vegaaninen","21":"first","22":"instock","23":"taxable","24":"shipping-taxable","25":"purchasable","26":"product-type-simple"},"yoast_head":"<!-- This site is optimized with the Yoast SEO Premium plugin v26.8 (Yoast SEO v27.4) - https:\/\/yoast.com\/product\/yoast-seo-premium-wordpress\/ -->\n<title>MoominbyMiLu Tuoksukynttil\u00e4 3 kpl -paketti - Shop Eettinen Luksus<\/title>\n<meta name=\"description\" content=\"Tuoksukynttil\u00e4 75x95mm puukantisessa lasipurkissa MoominbyMiLu. Ekologinen tuoksukynttil\u00e4 on tuotettu uusiutuvalla energialla. Paketissa kolme kynttil\u00e4\u00e4.\" \/>\n<meta name=\"robots\" content=\"index, follow, max-snippet:-1, max-image-preview:large, max-video-preview:-1\" \/>\n<link rel=\"canonical\" href=\"https:\/\/eettinenluksus.fi\/shop\/tuote\/moominbymilu-tuoksukynttila-3-kpl-paketti\/\" \/>\n<meta property=\"og:locale\" content=\"fi_FI\" \/>\n<meta property=\"og:type\" content=\"article\" \/>\n<meta property=\"og:title\" content=\"MoominbyMiLu Tuoksukynttil\u00e4 3 kpl -paketti\" \/>\n<meta property=\"og:description\" content=\"Tuoksukynttil\u00e4 75x95mm puukantisessa lasipurkissa MoominbyMiLu. Ekologinen tuoksukynttil\u00e4 on tuotettu uusiutuvalla energialla. Paketissa kolme kynttil\u00e4\u00e4.\" \/>\n<meta property=\"og:url\" content=\"https:\/\/eettinenluksus.fi\/shop\/tuote\/moominbymilu-tuoksukynttila-3-kpl-paketti\/\" \/>\n<meta property=\"og:site_name\" content=\"Shop Eettinen Luksus\" \/>\n<meta property=\"article:publisher\" content=\"https:\/\/www.facebook.com\/eettinenluksus\" \/>\n<meta property=\"article:modified_time\" content=\"2025-10-23T14:31:10+00:00\" \/>\n<meta property=\"og:image\" content=\"https:\/\/eettinenluksus.fi\/shop\/wp-content\/uploads\/sites\/4\/1726\/12\/Muumi-yhteiskuva-nelio.jpg\" \/>\n\t<meta property=\"og:image:width\" content=\"1904\" \/>\n\t<meta property=\"og:image:height\" content=\"1904\" \/>\n\t<meta property=\"og:image:type\" content=\"image\/jpeg\" \/>\n<meta name=\"twitter:card\" content=\"summary_large_image\" \/>\n<meta name=\"twitter:label1\" content=\"Hinta\" \/>\n\t<meta name=\"twitter:data1\" content=\"24,00&nbsp;&euro;\" \/>\n\t<meta name=\"twitter:label2\" content=\"Saatavuus\" \/>\n\t<meta name=\"twitter:data2\" content=\"Varastossa\" \/>\n<script type=\"application\/ld+json\" class=\"yoast-schema-graph\">{\"@context\":\"https:\\\/\\\/schema.org\",\"@graph\":[{\"@type\":\"WebPage\",\"@id\":\"https:\\\/\\\/eettinenluksus.fi\\\/shop\\\/tuote\\\/moominbymilu-tuoksukynttila-3-kpl-paketti\\\/\",\"url\":\"https:\\\/\\\/eettinenluksus.fi\\\/shop\\\/tuote\\\/moominbymilu-tuoksukynttila-3-kpl-paketti\\\/\",\"name\":\"MoominbyMiLu Tuoksukynttil\u00e4 3 kpl -paketti - Shop Eettinen Luksus\",\"isPartOf\":{\"@id\":\"https:\\\/\\\/eettinenluksus.fi\\\/shop\\\/#website\"},\"primaryImageOfPage\":{\"@id\":\"https:\\\/\\\/eettinenluksus.fi\\\/shop\\\/tuote\\\/moominbymilu-tuoksukynttila-3-kpl-paketti\\\/#primaryimage\"},\"image\":{\"@id\":\"https:\\\/\\\/eettinenluksus.fi\\\/shop\\\/tuote\\\/moominbymilu-tuoksukynttila-3-kpl-paketti\\\/#primaryimage\"},\"thumbnailUrl\":\"https:\\\/\\\/eettinenluksus.fi\\\/shop\\\/wp-content\\\/uploads\\\/sites\\\/4\\\/1726\\\/12\\\/Muumi-yhteiskuva-nelio.jpg\",\"datePublished\":\"2024-07-04T08:34:31+00:00\",\"dateModified\":\"2025-10-23T14:31:10+00:00\",\"description\":\"Tuoksukynttil\u00e4 75x95mm puukantisessa lasipurkissa MoominbyMiLu. Ekologinen tuoksukynttil\u00e4 on tuotettu uusiutuvalla energialla. Paketissa kolme kynttil\u00e4\u00e4.\",\"breadcrumb\":{\"@id\":\"https:\\\/\\\/eettinenluksus.fi\\\/shop\\\/tuote\\\/moominbymilu-tuoksukynttila-3-kpl-paketti\\\/#breadcrumb\"},\"inLanguage\":\"fi\",\"potentialAction\":[{\"@type\":\"ReadAction\",\"target\":[\"https:\\\/\\\/eettinenluksus.fi\\\/shop\\\/tuote\\\/moominbymilu-tuoksukynttila-3-kpl-paketti\\\/\"]}]},{\"@type\":\"ImageObject\",\"inLanguage\":\"fi\",\"@id\":\"https:\\\/\\\/eettinenluksus.fi\\\/shop\\\/tuote\\\/moominbymilu-tuoksukynttila-3-kpl-paketti\\\/#primaryimage\",\"url\":\"https:\\\/\\\/eettinenluksus.fi\\\/shop\\\/wp-content\\\/uploads\\\/sites\\\/4\\\/1726\\\/12\\\/Muumi-yhteiskuva-nelio.jpg\",\"contentUrl\":\"https:\\\/\\\/eettinenluksus.fi\\\/shop\\\/wp-content\\\/uploads\\\/sites\\\/4\\\/1726\\\/12\\\/Muumi-yhteiskuva-nelio.jpg\",\"width\":1904,\"height\":1904,\"caption\":\"Muumi-yhteiskuva\"},{\"@type\":\"BreadcrumbList\",\"@id\":\"https:\\\/\\\/eettinenluksus.fi\\\/shop\\\/tuote\\\/moominbymilu-tuoksukynttila-3-kpl-paketti\\\/#breadcrumb\",\"itemListElement\":[{\"@type\":\"ListItem\",\"position\":1,\"name\":\"Etusivu\",\"item\":\"https:\\\/\\\/eettinenluksus.fi\\\/shop\\\/\"},{\"@type\":\"ListItem\",\"position\":2,\"name\":\"Kauppa\",\"item\":\"https:\\\/\\\/eettinenluksus.fi\\\/shop\\\/en\\\/kauppa\\\/\"},{\"@type\":\"ListItem\",\"position\":3,\"name\":\"MoominbyMiLu Tuoksukynttil\u00e4 3 kpl -paketti\"}]},{\"@type\":\"WebSite\",\"@id\":\"https:\\\/\\\/eettinenluksus.fi\\\/shop\\\/#website\",\"url\":\"https:\\\/\\\/eettinenluksus.fi\\\/shop\\\/\",\"name\":\"Shop Eettinen Luksus\",\"description\":\"Uusi verkkokauppa\",\"publisher\":{\"@id\":\"https:\\\/\\\/eettinenluksus.fi\\\/shop\\\/#organization\"},\"potentialAction\":[{\"@type\":\"SearchAction\",\"target\":{\"@type\":\"EntryPoint\",\"urlTemplate\":\"https:\\\/\\\/eettinenluksus.fi\\\/shop\\\/?s={search_term_string}\"},\"query-input\":{\"@type\":\"PropertyValueSpecification\",\"valueRequired\":true,\"valueName\":\"search_term_string\"}}],\"inLanguage\":\"fi\"},{\"@type\":\"Organization\",\"@id\":\"https:\\\/\\\/eettinenluksus.fi\\\/shop\\\/#organization\",\"name\":\"Shop Eettinen Luksus\",\"url\":\"https:\\\/\\\/eettinenluksus.fi\\\/shop\\\/\",\"logo\":{\"@type\":\"ImageObject\",\"inLanguage\":\"fi\",\"@id\":\"https:\\\/\\\/eettinenluksus.fi\\\/shop\\\/#\\\/schema\\\/logo\\\/image\\\/\",\"url\":\"https:\\\/\\\/eettinenluksus.fi\\\/shop\\\/wp-content\\\/uploads\\\/sites\\\/4\\\/1664\\\/37\\\/cropped-ELO.jpg\",\"contentUrl\":\"https:\\\/\\\/eettinenluksus.fi\\\/shop\\\/wp-content\\\/uploads\\\/sites\\\/4\\\/1664\\\/37\\\/cropped-ELO.jpg\",\"width\":810,\"height\":350,\"caption\":\"Shop Eettinen Luksus\"},\"image\":{\"@id\":\"https:\\\/\\\/eettinenluksus.fi\\\/shop\\\/#\\\/schema\\\/logo\\\/image\\\/\"},\"sameAs\":[\"https:\\\/\\\/www.facebook.com\\\/eettinenluksus\",\"https:\\\/\\\/www.instagram.com\\\/eettinenluksus\\\/\"]}]}<\/script>\n<meta property=\"product:price:amount\" content=\"24.00\" \/>\n<meta property=\"product:price:currency\" content=\"EUR\" \/>\n<meta property=\"og:availability\" content=\"instock\" \/>\n<meta property=\"product:availability\" content=\"instock\" \/>\n<meta property=\"product:retailer_item_id\" content=\"378850337885043788505\" \/>\n<meta property=\"product:condition\" content=\"new\" \/>\n<!-- \/ Yoast SEO Premium plugin. -->","yoast_head_json":{"title":"MoominbyMiLu Tuoksukynttil\u00e4 3 kpl -paketti - Shop Eettinen Luksus","description":"Tuoksukynttil\u00e4 75x95mm puukantisessa lasipurkissa MoominbyMiLu. Ekologinen tuoksukynttil\u00e4 on tuotettu uusiutuvalla energialla. Paketissa kolme kynttil\u00e4\u00e4.","robots":{"index":"index","follow":"follow","max-snippet":"max-snippet:-1","max-image-preview":"max-image-preview:large","max-video-preview":"max-video-preview:-1"},"canonical":"https:\/\/eettinenluksus.fi\/shop\/tuote\/moominbymilu-tuoksukynttila-3-kpl-paketti\/","og_locale":"fi_FI","og_type":"article","og_title":"MoominbyMiLu Tuoksukynttil\u00e4 3 kpl -paketti","og_description":"Tuoksukynttil\u00e4 75x95mm puukantisessa lasipurkissa MoominbyMiLu. Ekologinen tuoksukynttil\u00e4 on tuotettu uusiutuvalla energialla. Paketissa kolme kynttil\u00e4\u00e4.","og_url":"https:\/\/eettinenluksus.fi\/shop\/tuote\/moominbymilu-tuoksukynttila-3-kpl-paketti\/","og_site_name":"Shop Eettinen Luksus","article_publisher":"https:\/\/www.facebook.com\/eettinenluksus","article_modified_time":"2025-10-23T14:31:10+00:00","og_image":[{"width":1904,"height":1904,"url":"https:\/\/eettinenluksus.fi\/shop\/wp-content\/uploads\/sites\/4\/1726\/12\/Muumi-yhteiskuva-nelio.jpg","type":"image\/jpeg"}],"twitter_card":"summary_large_image","twitter_misc":{"Hinta":"24,00&nbsp;&euro;","Saatavuus":"Varastossa"},"schema":{"@context":"https:\/\/schema.org","@graph":[{"@type":"WebPage","@id":"https:\/\/eettinenluksus.fi\/shop\/tuote\/moominbymilu-tuoksukynttila-3-kpl-paketti\/","url":"https:\/\/eettinenluksus.fi\/shop\/tuote\/moominbymilu-tuoksukynttila-3-kpl-paketti\/","name":"MoominbyMiLu Tuoksukynttil\u00e4 3 kpl -paketti - Shop Eettinen Luksus","isPartOf":{"@id":"https:\/\/eettinenluksus.fi\/shop\/#website"},"primaryImageOfPage":{"@id":"https:\/\/eettinenluksus.fi\/shop\/tuote\/moominbymilu-tuoksukynttila-3-kpl-paketti\/#primaryimage"},"image":{"@id":"https:\/\/eettinenluksus.fi\/shop\/tuote\/moominbymilu-tuoksukynttila-3-kpl-paketti\/#primaryimage"},"thumbnailUrl":"https:\/\/eettinenluksus.fi\/shop\/wp-content\/uploads\/sites\/4\/1726\/12\/Muumi-yhteiskuva-nelio.jpg","datePublished":"2024-07-04T08:34:31+00:00","dateModified":"2025-10-23T14:31:10+00:00","description":"Tuoksukynttil\u00e4 75x95mm puukantisessa lasipurkissa MoominbyMiLu. Ekologinen tuoksukynttil\u00e4 on tuotettu uusiutuvalla energialla. Paketissa kolme kynttil\u00e4\u00e4.","breadcrumb":{"@id":"https:\/\/eettinenluksus.fi\/shop\/tuote\/moominbymilu-tuoksukynttila-3-kpl-paketti\/#breadcrumb"},"inLanguage":"fi","potentialAction":[{"@type":"ReadAction","target":["https:\/\/eettinenluksus.fi\/shop\/tuote\/moominbymilu-tuoksukynttila-3-kpl-paketti\/"]}]},{"@type":"ImageObject","inLanguage":"fi","@id":"https:\/\/eettinenluksus.fi\/shop\/tuote\/moominbymilu-tuoksukynttila-3-kpl-paketti\/#primaryimage","url":"https:\/\/eettinenluksus.fi\/shop\/wp-content\/uploads\/sites\/4\/1726\/12\/Muumi-yhteiskuva-nelio.jpg","contentUrl":"https:\/\/eettinenluksus.fi\/shop\/wp-content\/uploads\/sites\/4\/1726\/12\/Muumi-yhteiskuva-nelio.jpg","width":1904,"height":1904,"caption":"Muumi-yhteiskuva"},{"@type":"BreadcrumbList","@id":"https:\/\/eettinenluksus.fi\/shop\/tuote\/moominbymilu-tuoksukynttila-3-kpl-paketti\/#breadcrumb","itemListElement":[{"@type":"ListItem","position":1,"name":"Etusivu","item":"https:\/\/eettinenluksus.fi\/shop\/"},{"@type":"ListItem","position":2,"name":"Kauppa","item":"https:\/\/eettinenluksus.fi\/shop\/en\/kauppa\/"},{"@type":"ListItem","position":3,"name":"MoominbyMiLu Tuoksukynttil\u00e4 3 kpl -paketti"}]},{"@type":"WebSite","@id":"https:\/\/eettinenluksus.fi\/shop\/#website","url":"https:\/\/eettinenluksus.fi\/shop\/","name":"Shop Eettinen Luksus","description":"Uusi verkkokauppa","publisher":{"@id":"https:\/\/eettinenluksus.fi\/shop\/#organization"},"potentialAction":[{"@type":"SearchAction","target":{"@type":"EntryPoint","urlTemplate":"https:\/\/eettinenluksus.fi\/shop\/?s={search_term_string}"},"query-input":{"@type":"PropertyValueSpecification","valueRequired":true,"valueName":"search_term_string"}}],"inLanguage":"fi"},{"@type":"Organization","@id":"https:\/\/eettinenluksus.fi\/shop\/#organization","name":"Shop Eettinen Luksus","url":"https:\/\/eettinenluksus.fi\/shop\/","logo":{"@type":"ImageObject","inLanguage":"fi","@id":"https:\/\/eettinenluksus.fi\/shop\/#\/schema\/logo\/image\/","url":"https:\/\/eettinenluksus.fi\/shop\/wp-content\/uploads\/sites\/4\/1664\/37\/cropped-ELO.jpg","contentUrl":"https:\/\/eettinenluksus.fi\/shop\/wp-content\/uploads\/sites\/4\/1664\/37\/cropped-ELO.jpg","width":810,"height":350,"caption":"Shop Eettinen Luksus"},"image":{"@id":"https:\/\/eettinenluksus.fi\/shop\/#\/schema\/logo\/image\/"},"sameAs":["https:\/\/www.facebook.com\/eettinenluksus","https:\/\/www.instagram.com\/eettinenluksus\/"]}]},"product_price_amount":"24.00","product_price_currency":"EUR","og_availability":"instock","product_availability":"instock","product_retailer_item_id":"378850337885043788505","product_condition":"new"},"_links":{"self":[{"href":"https:\/\/eettinenluksus.fi\/shop\/wp-json\/wp\/v2\/product\/3400","targetHints":{"allow":["GET"]}}],"collection":[{"href":"https:\/\/eettinenluksus.fi\/shop\/wp-json\/wp\/v2\/product"}],"about":[{"href":"https:\/\/eettinenluksus.fi\/shop\/wp-json\/wp\/v2\/types\/product"}],"version-history":[{"count":7,"href":"https:\/\/eettinenluksus.fi\/shop\/wp-json\/wp\/v2\/product\/3400\/revisions"}],"predecessor-version":[{"id":3403,"href":"https:\/\/eettinenluksus.fi\/shop\/wp-json\/wp\/v2\/product\/3400\/revisions\/3403"}],"wp:featuredmedia":[{"embeddable":true,"href":"https:\/\/eettinenluksus.fi\/shop\/wp-json\/wp\/v2\/media\/4038"}],"wp:attachment":[{"href":"https:\/\/eettinenluksus.fi\/shop\/wp-json\/wp\/v2\/media?parent=3400"}],"wp:term":[{"taxonomy":"product_brand","embeddable":true,"href":"https:\/\/eettinenluksus.fi\/shop\/wp-json\/wp\/v2\/product_brand?post=3400"},{"taxonomy":"product_cat","embeddable":true,"href":"https:\/\/eettinenluksus.fi\/shop\/wp-json\/wp\/v2\/product_cat?post=3400"},{"taxonomy":"product_tag","embeddable":true,"href":"https:\/\/eettinenluksus.fi\/shop\/wp-json\/wp\/v2\/product_tag?post=3400"}],"curies":[{"name":"wp","href":"https:\/\/api.w.org\/{rel}","templated":true}]}}