{"id":3379,"date":"2024-07-01T00:00:03","date_gmt":"2024-06-30T21:00:03","guid":{"rendered":"https:\/\/eettinenluksus.fi\/shop\/?post_type=product&#038;p=3379"},"modified":"2024-10-18T09:23:26","modified_gmt":"2024-10-18T06:23:26","slug":"method-yleispuhdistussuihke-cream-custard-828ml","status":"publish","type":"product","link":"https:\/\/eettinenluksus.fi\/shop\/tuote\/method-yleispuhdistussuihke-cream-custard-828ml\/","title":{"rendered":"Method Yleispuhdistussuihke Cream Custard 828ml"},"content":{"rendered":"<p style=\"font-size: 0px;\">Method Yleispuhdistussuihke Cream custard 828ml, K\u00e4ytt\u00f6valmis kasvipohjainen ja ekologinen yleispuhdistusaine. Ekologinen siivous kodin pinnoille.<\/p>\n<p>LIMITED EDITION<\/p>\n<p>T\u00e4ss\u00e4 on herkullinen tapa puhdistaa ty\u00f6tasot. On s\u00f6p\u00f6\u00e4, eik\u00f6 vain? Raparperi ilman vaniljakastiketta? K\u00e4sitt\u00e4m\u00e4t\u00f6nt\u00e4. Mik\u00e4 olisikaan parempi tapa puhdistaa ty\u00f6tasojesi sotkut kuin suihkauksella vaniljakastikkeen tuoksuista yleispuhdistusainetta. Biohajoavien puhdistusaineiden ja maissista + kookosp\u00e4hkin\u00e4st\u00e4 per\u00e4isin olevien ainesosien ansiosta jokainen ihana suihkaus herkullista tuoksua hajottaa lian kerralla. Ole varovainen, keitti\u00f6si tuoksuu maukkaalta herkulta. \u00c4l\u00e4 vain nuole sit\u00e4. Tied\u00e4mme, ett\u00e4 taidat haluta. Lataa varastosi \u00e4kki\u00e4, saatavilla vain rajoitetun ajan.<\/p>\n<p>Cream Custard &#8211; Sujahda vaniljan- ja karamellintuoksuisten sateenkaarien ja pilvien ihmemaahan. Sitrussiipisen sitruunaperhosen kanssa. Tuoksu vahvistaa sen todeksi. T\u00e4m\u00e4 kermainen unenomainen nautinto muuttaa tylsyyden taivaaksi.<\/p>\n<ul>\n<li>Ei el\u00e4inper\u00e4isi\u00e4 raaka-aineita<\/li>\n<li>Ei el\u00e4inkokeita<\/li>\n<li>Leaping Bunny -sertifikaatti<\/li>\n<\/ul>\n<p style=\"font-size: 0px;\"><a href=\"https:\/\/onxon.fi\/\"><span style=\"font-size: 0px;\">&#8211;<\/span><\/a> eettinen luksus, siivous, ekologinen, yleispuhdistussuihke, eettinen, yleispuhdistussuihke, yleispuhdistusaine, method, ekologinen siivous, yleispuhdistussuihke, method, ekopesuaine, yleispuhdistusaine, ekopuhdistus, ekologinen, siivous, Cream custard, eettinen verkkokauppa, siivous, method, yleispuhdistussuihke, method, Cream custard, eettiset tuotteet, yleispuhdistusaine, method tuotteet, method, ekologinen siivous, ekologinen siivousaine, ekologinen puhdistusaine, yleispuhdistussuihke, ekologinen puhdistussuihke, ekologinen yleispuhdistusaine, method, siivous, yleispuhdistussuihke, ekologinen, method, puhdistusaine, yleispuhdistussuihke, yleispuhdistusaine, yleispuhdistussuihke. <a href=\"https:\/\/www.instagram.com\/method_fi\/\"><span style=\"font-size: 0px;\">&#8211;<\/span><\/a><a href=\"https:\/\/www.facebook.com\/eettinenluksus\/\"><span style=\"font-size: 0px;\">&#8211;<\/span><\/a><\/p>\n<ul style=\"font-size: 0px;\">\n<li>yleispuhdistussuihke<\/li>\n<li>yleispuhdistusaine<\/li>\n<li>siivous<\/li>\n<li>method<\/li>\n<li>Cream custard<\/li>\n<\/ul>\n<h2 style=\"font-size: 0px;\">Method Yleispuhdistussuihke Cream custard 828ml<\/h2>\n<p style=\"font-size: 0px;\">siivous, ekologinen, method, eettinen, ekologinen siivous, yleispuhdistussuihke, ekopesuaine, ekopuhdistus, ekologinen, yleispuhdistussuihke, siivous, tropical magnolia, eettinen verkkokauppa, siivous, Cream custard, eettiset tuotteet, method tuotteet, method, ekologinen siivous, Cream custard, yleispuhdistussuihke, ekologinen siivousaine, siivous, Cream custard, siivous, yleispuhdistusaine, yleispuhdistussuihke, yleispuhdistussuihke, ekologinen puhdistusaine, yleispuhdistusaine, yleispuhdistussuihke, yleispuhdistusaine, ekologinen puhdistussuihke, ekologinen yleispuhdistusaine, ekologinen siivous kodin pinnoille, siivous, yleispuhdistussuihke, yleispuhdistusaine, ekologinen, method, puhdistusaine. K\u00e4ytt\u00f6valmis kasvipohjainen ja ekologinen yleispuhdistusaine, siivous, Cream custard, yleispuhdistussuihke. <a href=\"https:\/\/eettinenluksus.fi\/shop\/en\/product\/method-yleispuhdistussuihke-naked-828ml\/\"><span style=\"font-size: 0px;\">&#8211;<\/span><\/a><a href=\"https:\/\/eettinenluksus.fi\/shop\/tuote\/method-yleispuhdistussuihke-tropical-magnolia-828ml\/\"><span style=\"font-size: 0px;\">&#8211;<\/span><\/a><a href=\"https:\/\/eettinenluksus.fi\/shop\/tuote\/method-yleispuhdistussuihke-pink-grapefruit\/\"><span style=\"font-size: 0px;\">&#8211;<\/span><\/a><a href=\"https:\/\/eettinenluksus.fi\/shop\/tuotemerkit\/onxon-siivous\/\"><span style=\"font-size: 0px;\">&#8211;<\/span><\/a><a href=\"https:\/\/eettinenluksus.fi\/shop\/tuote\/method-nestesaippua-french-lavender-354ml\/\"><span style=\"font-size: 0px;\">&#8211;<\/span><\/a><a href=\"https:\/\/eettinenluksus.fi\/shop\/tuotemerkit\/method-siivous\/\"><span style=\"font-size: 0px;\">&#8211;<\/span><\/a><a href=\"https:\/\/eettinenluksus.fi\/shop\/tuotemerkit\/mreco-siivous\/\"><span style=\"font-size: 0px;\">&#8211;<\/span><\/a><a href=\"https:\/\/eettinenluksus.fi\/shop\/tuote\/method-yleispuhdistussuihke-french-lavender-828ml\/\"><span style=\"font-size: 0px;\">&#8211;<\/span><\/a><\/p>\n","protected":false},"excerpt":{"rendered":"<p>LIMITED EDITION<\/p>\n<p>Raparperi ilman vaniljakastiketta? K\u00e4sitt\u00e4m\u00e4t\u00f6nt\u00e4.<\/p>\n<p>Cream Custard &#8211; Sujahda vaniljan- ja karamellintuoksuisten sateenkaarien ja pilvien ihmemaahan.<\/p>\n","protected":false},"featured_media":4075,"template":"","meta":{"inline_featured_image":false},"product_brand":[],"product_cat":[17,27,19,49],"product_tag":[337,70,163,88,167,168],"class_list":{"0":"post-3379","1":"product","2":"type-product","3":"status-publish","4":"has-post-thumbnail","6":"product_cat-method","7":"product_cat-method-limited-edition","8":"product_cat-method-siivous","9":"product_cat-siivous","10":"product_tag-cream-custard","11":"product_tag-ekologinen","12":"product_tag-method","13":"product_tag-siivous","14":"product_tag-yleispuhdistus","15":"product_tag-yleispuhdistusaine","17":"first","18":"instock","19":"taxable","20":"shipping-taxable","21":"purchasable","22":"product-type-simple"},"yoast_head":"<!-- This site is optimized with the Yoast SEO Premium plugin v26.8 (Yoast SEO v27.4) - https:\/\/yoast.com\/product\/yoast-seo-premium-wordpress\/ -->\n<title>Method Yleispuhdistussuihke Cream Custard 828ml - Shop Eettinen Luksus<\/title>\n<meta name=\"description\" content=\"K\u00e4ytt\u00f6valmis kasvipohjainen ja ekologinen yleispuhdistusaine. Ekologinen siivous kodin pinnoille. Method Yleispuhdistussuihke Cream Custard 828ml.\" \/>\n<meta name=\"robots\" content=\"index, follow, max-snippet:-1, max-image-preview:large, max-video-preview:-1\" \/>\n<link rel=\"canonical\" href=\"https:\/\/eettinenluksus.fi\/shop\/tuote\/method-yleispuhdistussuihke-cream-custard-828ml\/\" \/>\n<meta property=\"og:locale\" content=\"fi_FI\" \/>\n<meta property=\"og:type\" content=\"article\" \/>\n<meta property=\"og:title\" content=\"Method Yleispuhdistussuihke Cream Custard 828ml\" \/>\n<meta property=\"og:description\" content=\"K\u00e4ytt\u00f6valmis kasvipohjainen ja ekologinen yleispuhdistusaine. Ekologinen siivous kodin pinnoille. Method Yleispuhdistussuihke Cream Custard 828ml.\" \/>\n<meta property=\"og:url\" content=\"https:\/\/eettinenluksus.fi\/shop\/tuote\/method-yleispuhdistussuihke-cream-custard-828ml\/\" \/>\n<meta property=\"og:site_name\" content=\"Shop Eettinen Luksus\" \/>\n<meta property=\"article:publisher\" content=\"https:\/\/www.facebook.com\/eettinenluksus\" \/>\n<meta property=\"article:modified_time\" content=\"2024-10-18T06:23:26+00:00\" \/>\n<meta property=\"og:image\" content=\"https:\/\/eettinenluksus.fi\/shop\/wp-content\/uploads\/sites\/4\/1726\/22\/Yleispuhdistusaine-Cream-Custard-nelio.jpg\" \/>\n\t<meta property=\"og:image:width\" content=\"1045\" \/>\n\t<meta property=\"og:image:height\" content=\"1045\" \/>\n\t<meta property=\"og:image:type\" content=\"image\/jpeg\" \/>\n<meta name=\"twitter:card\" content=\"summary_large_image\" \/>\n<meta name=\"twitter:label1\" content=\"Hinta\" \/>\n\t<meta name=\"twitter:data1\" content=\"7,15&nbsp;&euro;\" \/>\n\t<meta name=\"twitter:label2\" content=\"Saatavuus\" \/>\n\t<meta name=\"twitter:data2\" content=\"Varastossa\" \/>\n<script type=\"application\/ld+json\" class=\"yoast-schema-graph\">{\"@context\":\"https:\\\/\\\/schema.org\",\"@graph\":[{\"@type\":\"WebPage\",\"@id\":\"https:\\\/\\\/eettinenluksus.fi\\\/shop\\\/tuote\\\/method-yleispuhdistussuihke-cream-custard-828ml\\\/\",\"url\":\"https:\\\/\\\/eettinenluksus.fi\\\/shop\\\/tuote\\\/method-yleispuhdistussuihke-cream-custard-828ml\\\/\",\"name\":\"Method Yleispuhdistussuihke Cream Custard 828ml - Shop Eettinen Luksus\",\"isPartOf\":{\"@id\":\"https:\\\/\\\/eettinenluksus.fi\\\/shop\\\/#website\"},\"primaryImageOfPage\":{\"@id\":\"https:\\\/\\\/eettinenluksus.fi\\\/shop\\\/tuote\\\/method-yleispuhdistussuihke-cream-custard-828ml\\\/#primaryimage\"},\"image\":{\"@id\":\"https:\\\/\\\/eettinenluksus.fi\\\/shop\\\/tuote\\\/method-yleispuhdistussuihke-cream-custard-828ml\\\/#primaryimage\"},\"thumbnailUrl\":\"https:\\\/\\\/eettinenluksus.fi\\\/shop\\\/wp-content\\\/uploads\\\/sites\\\/4\\\/1726\\\/22\\\/Yleispuhdistusaine-Cream-Custard-nelio.jpg\",\"datePublished\":\"2024-06-30T21:00:03+00:00\",\"dateModified\":\"2024-10-18T06:23:26+00:00\",\"description\":\"K\u00e4ytt\u00f6valmis kasvipohjainen ja ekologinen yleispuhdistusaine. Ekologinen siivous kodin pinnoille. Method Yleispuhdistussuihke Cream Custard 828ml.\",\"breadcrumb\":{\"@id\":\"https:\\\/\\\/eettinenluksus.fi\\\/shop\\\/tuote\\\/method-yleispuhdistussuihke-cream-custard-828ml\\\/#breadcrumb\"},\"inLanguage\":\"fi\",\"potentialAction\":[{\"@type\":\"ReadAction\",\"target\":[\"https:\\\/\\\/eettinenluksus.fi\\\/shop\\\/tuote\\\/method-yleispuhdistussuihke-cream-custard-828ml\\\/\"]}]},{\"@type\":\"ImageObject\",\"inLanguage\":\"fi\",\"@id\":\"https:\\\/\\\/eettinenluksus.fi\\\/shop\\\/tuote\\\/method-yleispuhdistussuihke-cream-custard-828ml\\\/#primaryimage\",\"url\":\"https:\\\/\\\/eettinenluksus.fi\\\/shop\\\/wp-content\\\/uploads\\\/sites\\\/4\\\/1726\\\/22\\\/Yleispuhdistusaine-Cream-Custard-nelio.jpg\",\"contentUrl\":\"https:\\\/\\\/eettinenluksus.fi\\\/shop\\\/wp-content\\\/uploads\\\/sites\\\/4\\\/1726\\\/22\\\/Yleispuhdistusaine-Cream-Custard-nelio.jpg\",\"width\":1045,\"height\":1045,\"caption\":\"Yleispuhdistusaine Cream Custard\"},{\"@type\":\"BreadcrumbList\",\"@id\":\"https:\\\/\\\/eettinenluksus.fi\\\/shop\\\/tuote\\\/method-yleispuhdistussuihke-cream-custard-828ml\\\/#breadcrumb\",\"itemListElement\":[{\"@type\":\"ListItem\",\"position\":1,\"name\":\"Etusivu\",\"item\":\"https:\\\/\\\/eettinenluksus.fi\\\/shop\\\/\"},{\"@type\":\"ListItem\",\"position\":2,\"name\":\"Kauppa\",\"item\":\"https:\\\/\\\/eettinenluksus.fi\\\/shop\\\/en\\\/kauppa\\\/\"},{\"@type\":\"ListItem\",\"position\":3,\"name\":\"Method Yleispuhdistussuihke Cream Custard 828ml\"}]},{\"@type\":\"WebSite\",\"@id\":\"https:\\\/\\\/eettinenluksus.fi\\\/shop\\\/#website\",\"url\":\"https:\\\/\\\/eettinenluksus.fi\\\/shop\\\/\",\"name\":\"Shop Eettinen Luksus\",\"description\":\"Uusi verkkokauppa\",\"publisher\":{\"@id\":\"https:\\\/\\\/eettinenluksus.fi\\\/shop\\\/#organization\"},\"potentialAction\":[{\"@type\":\"SearchAction\",\"target\":{\"@type\":\"EntryPoint\",\"urlTemplate\":\"https:\\\/\\\/eettinenluksus.fi\\\/shop\\\/?s={search_term_string}\"},\"query-input\":{\"@type\":\"PropertyValueSpecification\",\"valueRequired\":true,\"valueName\":\"search_term_string\"}}],\"inLanguage\":\"fi\"},{\"@type\":\"Organization\",\"@id\":\"https:\\\/\\\/eettinenluksus.fi\\\/shop\\\/#organization\",\"name\":\"Shop Eettinen Luksus\",\"url\":\"https:\\\/\\\/eettinenluksus.fi\\\/shop\\\/\",\"logo\":{\"@type\":\"ImageObject\",\"inLanguage\":\"fi\",\"@id\":\"https:\\\/\\\/eettinenluksus.fi\\\/shop\\\/#\\\/schema\\\/logo\\\/image\\\/\",\"url\":\"https:\\\/\\\/eettinenluksus.fi\\\/shop\\\/wp-content\\\/uploads\\\/sites\\\/4\\\/1664\\\/37\\\/cropped-ELO.jpg\",\"contentUrl\":\"https:\\\/\\\/eettinenluksus.fi\\\/shop\\\/wp-content\\\/uploads\\\/sites\\\/4\\\/1664\\\/37\\\/cropped-ELO.jpg\",\"width\":810,\"height\":350,\"caption\":\"Shop Eettinen Luksus\"},\"image\":{\"@id\":\"https:\\\/\\\/eettinenluksus.fi\\\/shop\\\/#\\\/schema\\\/logo\\\/image\\\/\"},\"sameAs\":[\"https:\\\/\\\/www.facebook.com\\\/eettinenluksus\",\"https:\\\/\\\/www.instagram.com\\\/eettinenluksus\\\/\"]}]}<\/script>\n<meta property=\"product:price:amount\" content=\"7.15\" \/>\n<meta property=\"product:price:currency\" content=\"EUR\" \/>\n<meta property=\"og:availability\" content=\"instock\" \/>\n<meta property=\"product:availability\" content=\"instock\" \/>\n<meta property=\"product:retailer_item_id\" content=\"4006230\" \/>\n<meta property=\"product:condition\" content=\"new\" \/>\n<!-- \/ Yoast SEO Premium plugin. -->","yoast_head_json":{"title":"Method Yleispuhdistussuihke Cream Custard 828ml - Shop Eettinen Luksus","description":"K\u00e4ytt\u00f6valmis kasvipohjainen ja ekologinen yleispuhdistusaine. Ekologinen siivous kodin pinnoille. Method Yleispuhdistussuihke Cream Custard 828ml.","robots":{"index":"index","follow":"follow","max-snippet":"max-snippet:-1","max-image-preview":"max-image-preview:large","max-video-preview":"max-video-preview:-1"},"canonical":"https:\/\/eettinenluksus.fi\/shop\/tuote\/method-yleispuhdistussuihke-cream-custard-828ml\/","og_locale":"fi_FI","og_type":"article","og_title":"Method Yleispuhdistussuihke Cream Custard 828ml","og_description":"K\u00e4ytt\u00f6valmis kasvipohjainen ja ekologinen yleispuhdistusaine. Ekologinen siivous kodin pinnoille. Method Yleispuhdistussuihke Cream Custard 828ml.","og_url":"https:\/\/eettinenluksus.fi\/shop\/tuote\/method-yleispuhdistussuihke-cream-custard-828ml\/","og_site_name":"Shop Eettinen Luksus","article_publisher":"https:\/\/www.facebook.com\/eettinenluksus","article_modified_time":"2024-10-18T06:23:26+00:00","og_image":[{"width":1045,"height":1045,"url":"https:\/\/eettinenluksus.fi\/shop\/wp-content\/uploads\/sites\/4\/1726\/22\/Yleispuhdistusaine-Cream-Custard-nelio.jpg","type":"image\/jpeg"}],"twitter_card":"summary_large_image","twitter_misc":{"Hinta":"7,15&nbsp;&euro;","Saatavuus":"Varastossa"},"schema":{"@context":"https:\/\/schema.org","@graph":[{"@type":"WebPage","@id":"https:\/\/eettinenluksus.fi\/shop\/tuote\/method-yleispuhdistussuihke-cream-custard-828ml\/","url":"https:\/\/eettinenluksus.fi\/shop\/tuote\/method-yleispuhdistussuihke-cream-custard-828ml\/","name":"Method Yleispuhdistussuihke Cream Custard 828ml - Shop Eettinen Luksus","isPartOf":{"@id":"https:\/\/eettinenluksus.fi\/shop\/#website"},"primaryImageOfPage":{"@id":"https:\/\/eettinenluksus.fi\/shop\/tuote\/method-yleispuhdistussuihke-cream-custard-828ml\/#primaryimage"},"image":{"@id":"https:\/\/eettinenluksus.fi\/shop\/tuote\/method-yleispuhdistussuihke-cream-custard-828ml\/#primaryimage"},"thumbnailUrl":"https:\/\/eettinenluksus.fi\/shop\/wp-content\/uploads\/sites\/4\/1726\/22\/Yleispuhdistusaine-Cream-Custard-nelio.jpg","datePublished":"2024-06-30T21:00:03+00:00","dateModified":"2024-10-18T06:23:26+00:00","description":"K\u00e4ytt\u00f6valmis kasvipohjainen ja ekologinen yleispuhdistusaine. Ekologinen siivous kodin pinnoille. Method Yleispuhdistussuihke Cream Custard 828ml.","breadcrumb":{"@id":"https:\/\/eettinenluksus.fi\/shop\/tuote\/method-yleispuhdistussuihke-cream-custard-828ml\/#breadcrumb"},"inLanguage":"fi","potentialAction":[{"@type":"ReadAction","target":["https:\/\/eettinenluksus.fi\/shop\/tuote\/method-yleispuhdistussuihke-cream-custard-828ml\/"]}]},{"@type":"ImageObject","inLanguage":"fi","@id":"https:\/\/eettinenluksus.fi\/shop\/tuote\/method-yleispuhdistussuihke-cream-custard-828ml\/#primaryimage","url":"https:\/\/eettinenluksus.fi\/shop\/wp-content\/uploads\/sites\/4\/1726\/22\/Yleispuhdistusaine-Cream-Custard-nelio.jpg","contentUrl":"https:\/\/eettinenluksus.fi\/shop\/wp-content\/uploads\/sites\/4\/1726\/22\/Yleispuhdistusaine-Cream-Custard-nelio.jpg","width":1045,"height":1045,"caption":"Yleispuhdistusaine Cream Custard"},{"@type":"BreadcrumbList","@id":"https:\/\/eettinenluksus.fi\/shop\/tuote\/method-yleispuhdistussuihke-cream-custard-828ml\/#breadcrumb","itemListElement":[{"@type":"ListItem","position":1,"name":"Etusivu","item":"https:\/\/eettinenluksus.fi\/shop\/"},{"@type":"ListItem","position":2,"name":"Kauppa","item":"https:\/\/eettinenluksus.fi\/shop\/en\/kauppa\/"},{"@type":"ListItem","position":3,"name":"Method Yleispuhdistussuihke Cream Custard 828ml"}]},{"@type":"WebSite","@id":"https:\/\/eettinenluksus.fi\/shop\/#website","url":"https:\/\/eettinenluksus.fi\/shop\/","name":"Shop Eettinen Luksus","description":"Uusi verkkokauppa","publisher":{"@id":"https:\/\/eettinenluksus.fi\/shop\/#organization"},"potentialAction":[{"@type":"SearchAction","target":{"@type":"EntryPoint","urlTemplate":"https:\/\/eettinenluksus.fi\/shop\/?s={search_term_string}"},"query-input":{"@type":"PropertyValueSpecification","valueRequired":true,"valueName":"search_term_string"}}],"inLanguage":"fi"},{"@type":"Organization","@id":"https:\/\/eettinenluksus.fi\/shop\/#organization","name":"Shop Eettinen Luksus","url":"https:\/\/eettinenluksus.fi\/shop\/","logo":{"@type":"ImageObject","inLanguage":"fi","@id":"https:\/\/eettinenluksus.fi\/shop\/#\/schema\/logo\/image\/","url":"https:\/\/eettinenluksus.fi\/shop\/wp-content\/uploads\/sites\/4\/1664\/37\/cropped-ELO.jpg","contentUrl":"https:\/\/eettinenluksus.fi\/shop\/wp-content\/uploads\/sites\/4\/1664\/37\/cropped-ELO.jpg","width":810,"height":350,"caption":"Shop Eettinen Luksus"},"image":{"@id":"https:\/\/eettinenluksus.fi\/shop\/#\/schema\/logo\/image\/"},"sameAs":["https:\/\/www.facebook.com\/eettinenluksus","https:\/\/www.instagram.com\/eettinenluksus\/"]}]},"product_price_amount":"7.15","product_price_currency":"EUR","og_availability":"instock","product_availability":"instock","product_retailer_item_id":"4006230","product_condition":"new"},"_links":{"self":[{"href":"https:\/\/eettinenluksus.fi\/shop\/wp-json\/wp\/v2\/product\/3379","targetHints":{"allow":["GET"]}}],"collection":[{"href":"https:\/\/eettinenluksus.fi\/shop\/wp-json\/wp\/v2\/product"}],"about":[{"href":"https:\/\/eettinenluksus.fi\/shop\/wp-json\/wp\/v2\/types\/product"}],"version-history":[{"count":6,"href":"https:\/\/eettinenluksus.fi\/shop\/wp-json\/wp\/v2\/product\/3379\/revisions"}],"predecessor-version":[{"id":4195,"href":"https:\/\/eettinenluksus.fi\/shop\/wp-json\/wp\/v2\/product\/3379\/revisions\/4195"}],"wp:featuredmedia":[{"embeddable":true,"href":"https:\/\/eettinenluksus.fi\/shop\/wp-json\/wp\/v2\/media\/4075"}],"wp:attachment":[{"href":"https:\/\/eettinenluksus.fi\/shop\/wp-json\/wp\/v2\/media?parent=3379"}],"wp:term":[{"taxonomy":"product_brand","embeddable":true,"href":"https:\/\/eettinenluksus.fi\/shop\/wp-json\/wp\/v2\/product_brand?post=3379"},{"taxonomy":"product_cat","embeddable":true,"href":"https:\/\/eettinenluksus.fi\/shop\/wp-json\/wp\/v2\/product_cat?post=3379"},{"taxonomy":"product_tag","embeddable":true,"href":"https:\/\/eettinenluksus.fi\/shop\/wp-json\/wp\/v2\/product_tag?post=3379"}],"curies":[{"name":"wp","href":"https:\/\/api.w.org\/{rel}","templated":true}]}}