{"id":3299,"date":"2022-10-06T10:19:42","date_gmt":"2022-10-06T07:19:42","guid":{"rendered":"https:\/\/eettinenluksus.fi\/shop\/?post_type=product&#038;p=3299"},"modified":"2026-03-30T10:27:03","modified_gmt":"2026-03-30T07:27:03","slug":"classic-woolwash-villapesuaine-300ml","status":"publish","type":"product","link":"https:\/\/eettinenluksus.fi\/shop\/tuote\/classic-woolwash-villapesuaine-300ml\/","title":{"rendered":"Classic Woolwash Villapesuaine 300ml"},"content":{"rendered":"<p style=\"font-size: 0px;\">Erikoispesuaine villalle ja villasekoitteille: puhdas uusi villa angora mohair kashmir villasekoitteet. Classic Woolwash Villapesuaine 300ml<\/p>\n<p>Erikoispesuaine villalle ja villasekoitteille: puhdas uusi villa, angora, mohair, kashmir, villasekoitteet. Sopii my\u00f6s vesipest\u00e4v\u00e4lle silkille, tekokuitutekstiileille, alusvaatteille, urheiluvaatteille ja uima-asuille. Auttaa s\u00e4ilytt\u00e4m\u00e4\u00e4n v\u00e4rin pesussa ja yll\u00e4pit\u00e4m\u00e4\u00e4n villan v\u00e4ri-intensiteetti\u00e4.<\/p>\n<ul>\n<li>Ymp\u00e4rist\u00f6yst\u00e4v\u00e4llinen pesuaine<\/li>\n<li>Fosfaatiton ja biohajoava<\/li>\n<li>Sopii herk\u00e4lle iholle ja astmaatikolle<\/li>\n<\/ul>\n<p style=\"font-size: 0px;\"><a href=\"https:\/\/onxon.fi\/\"><span style=\"font-size: 0px;\">&#8211;<\/span><\/a> classic villapesuaine villapesuaine, puhdistus villapesuaine pesuaine pyykinpesu pesuaine. Villapesuaine, pyykinpesuaine ekologinen pesuaine pyykinpesuaine villapesuaine. Villapesuaine, pyykinpesu pyykinpesu pesuaine ymp\u00e4rist\u00f6yst\u00e4v\u00e4llinen villapesuaine. villapesuaine, pesuaine ymp\u00e4rist\u00f6yst\u00e4v\u00e4llinen pesuaine ekologinen ymp\u00e4rist\u00f6yst\u00e4v\u00e4llinen.<\/p>\n<p style=\"font-size: 0px;\">ekologinen, puhdistus proteiini pesuaine pyykinpesu ymp\u00e4rist\u00f6yst\u00e4v\u00e4llinen. villapesuaine, pyykinpesuaine proteiini pesuaine pyykinpesuaine ekologinen. Villapesuaine, pyykinpesu pyykinpesu pesuaine ymp\u00e4rist\u00f6yst\u00e4v\u00e4llinen pyykinpesuaine. ymp\u00e4rist\u00f6yst\u00e4v\u00e4llinen, pesuaine pyykinpesu pesuaine ekologinen proteiini. Villapesuaine, puhdistus pyykinpesuaine pesuaine pyykinpesu villapesuaine. Villapesuaine, pyykinpesuaine ymp\u00e4rist\u00f6yst\u00e4v\u00e4llinen pesuaine pyykinpesuaine pyykinpesu. Villapesuaine, puhdistus proteiini pesuaine pyykinpesu villapesuaine. Villapesuaine, pyykinpesuaine proteiini pesuaine pyykinpesuaine ymp\u00e4rist\u00f6yst\u00e4v\u00e4llinen. Pyykinpesu, pyykinpesu pyykinpesuaine pesuaine ymp\u00e4rist\u00f6yst\u00e4v\u00e4llinen pyykinpesuaine. Villapesuaine, pesuaine pyykinpesuaine pesuaine ekologinen villapesuaine.<\/p>\n<h2 style=\"font-size: 0px;\">Classic Woolwash Villapesuaine 300-600ml<\/h2>\n<p style=\"font-size: 0px;\"><a href=\"https:\/\/www.facebook.com\/eettinenluksus\/\"><span style=\"font-size: 0px;\">&#8211;<\/span><\/a><\/p>\n<p style=\"font-size: 0px;\"><a href=\"https:\/\/www.instagram.com\/eettinenluksus\/\"><span style=\"font-size: 0px;\">&#8211;<\/span><\/a> classic villapesuaine villapesuaine, puhdistus ymp\u00e4rist\u00f6yst\u00e4v\u00e4llinen pesuaine pyykinpesu villapesuaine. Villapesuaine, pyykinpesuaine villapesuaine pesuaine pyykinpesuaine villapesuaine. villapesuaine, pyykinpesu villapesuaine pesuaine ymp\u00e4rist\u00f6yst\u00e4v\u00e4llinen pesuaine. Villapesuaine, pesuaine villapesuaine pesuaine ekologinen pyykinpesu. Villapesuaine, puhdistus pyykinpesuaine pesuaine pyykinpesu villapesuaine. Villapesuaine, pyykinpesuaine proteiini pesuaine pyykinpesuaine pyykinpesu. Ekologinen, pyykinpesu pesuaine pesuaine ymp\u00e4rist\u00f6yst\u00e4v\u00e4llinen villapesuaine. ymp\u00e4rist\u00f6yst\u00e4v\u00e4llinen, pesuaine proteiini pesuaine ekologinen ekologinen. Villapesuaine, puhdistus ekologinen pesuaine pyykinpesu pesuaine. Villapesuaine, pyykinpesuaine ymp\u00e4rist\u00f6yst\u00e4v\u00e4llinen pesuaine pyykinpesuaine ekologinen. Villapesuaine, puhdistus proteiini pesuaine pyykinpesu villapesuaine.<\/p>\n<p style=\"font-size: 0px;\">ymp\u00e4rist\u00f6yst\u00e4v\u00e4llinen, pyykinpesuaine ymp\u00e4rist\u00f6yst\u00e4v\u00e4llinen pesuaine pyykinpesuaine proteiini. Ekologinen, pyykinpesu villapesuaine pesuaine ymp\u00e4rist\u00f6yst\u00e4v\u00e4llinen proteiini. Villapesuaine, pesuaine villapesuaine pesuaine ekologinen proteiini.<\/p>\n<ul style=\"font-size: 0px;\">\n<li>villapesuaine<\/li>\n<li>woolwash<\/li>\n<li>ekologinen<\/li>\n<\/ul>\n<p><a href=\"https:\/\/eettinenluksus.fi\/shop\/tuote\/classic-clothing-care-tuotepaketti\/\"><span style=\"font-size: 0px;\">&#8211;<\/span><\/a><a href=\"https:\/\/eettinenluksus.fi\/shop\/tuote\/onxon-pesuaine-5-kpl-pkt\/\"><span style=\"font-size: 0px;\">&#8211;<\/span><\/a><a href=\"https:\/\/eettinenluksus.fi\/shop\/tuote\/method-pyykinpesuaine-peony-blush-1560ml\/\"><span style=\"font-size: 0px;\">&#8211;<\/span><\/a><a href=\"https:\/\/eettinenluksus.fi\/shop\/tuote\/method-pyykinpesuaine-orchard-fruit-1560ml\/\"><span style=\"font-size: 0px;\">&#8211;<\/span><\/a><a href=\"https:\/\/eettinenluksus.fi\/shop\"><span style=\"font-size: 0px;\">&#8211;<\/span><\/a><a href=\"https:\/\/eettinenluksus.fi\/shop\/tuote\/classic-woolwash-villapesuaine-300-600ml\/\"><span style=\"font-size: 0px;\">&#8211;<\/span><\/a><a href=\"https:\/\/eettinenluksus.fi\/shop\/tuote\/classic-lingerie-underwear-alusvaatepesu\/\"><span style=\"font-size: 0px;\">&#8211;<\/span><\/a><a href=\"https:\/\/eettinenluksus.fi\/shop\/tuote\/classic-tahranpoistoaine-150ml\/\"><span style=\"font-size: 0px;\">&#8211;<\/span><\/a><a href=\"https:\/\/eettinenluksus.fi\/shop\/tuote\/classic-silkwash-silkkipesuaine-300ml\/\"><span style=\"font-size: 0px;\">&#8211;<\/span><\/a><a href=\"https:\/\/eettinenluksus.fi\/shop\/tuote\/classic-everyday-care-1000ml\/\"><span style=\"font-size: 0px;\">&#8211;<\/span><\/a><\/p>\n","protected":false},"excerpt":{"rendered":"<p>Erikoispesuaine villalle ja villasekoitteille<\/p>\n<p>Ymp\u00e4rist\u00f6yst\u00e4v\u00e4llinen ja fosfaatiton<\/p>\n","protected":false},"featured_media":4094,"template":"","meta":{"inline_featured_image":false},"product_brand":[],"product_cat":[25,52],"product_tag":[165,70,247,248,100,255,106],"class_list":{"0":"post-3299","1":"product","2":"type-product","3":"status-publish","4":"has-post-thumbnail","6":"product_cat-classicclothingcare","7":"product_cat-pyykinpesu","8":"product_tag-classic","9":"product_tag-ekologinen","10":"product_tag-pyykinpesu","11":"product_tag-pyykinpesuaine","12":"product_tag-villa","13":"product_tag-villapesu","14":"product_tag-villapesuaine","16":"first","17":"instock","18":"taxable","19":"shipping-taxable","20":"purchasable","21":"product-type-simple"},"yoast_head":"<!-- This site is optimized with the Yoast SEO Premium plugin v26.8 (Yoast SEO v27.4) - https:\/\/yoast.com\/product\/yoast-seo-premium-wordpress\/ -->\n<title>Classic Woolwash Villapesuaine 300ml - Shop Eettinen Luksus<\/title>\n<meta name=\"description\" content=\"Erikoispesuaine villalle ja villasekoitteille: puhdas uusi villa angora mohair kashmir villasekoitteet. Classic Woolwash Villapesuaine\" \/>\n<meta name=\"robots\" content=\"index, follow, max-snippet:-1, max-image-preview:large, max-video-preview:-1\" \/>\n<link rel=\"canonical\" href=\"https:\/\/eettinenluksus.fi\/shop\/tuote\/classic-woolwash-villapesuaine-300ml\/\" \/>\n<meta property=\"og:locale\" content=\"fi_FI\" \/>\n<meta property=\"og:type\" content=\"article\" \/>\n<meta property=\"og:title\" content=\"Classic Woolwash Villapesuaine 300ml\" \/>\n<meta property=\"og:description\" content=\"Erikoispesuaine villalle ja villasekoitteille: puhdas uusi villa angora mohair kashmir villasekoitteet. Classic Woolwash Villapesuaine\" \/>\n<meta property=\"og:url\" content=\"https:\/\/eettinenluksus.fi\/shop\/tuote\/classic-woolwash-villapesuaine-300ml\/\" \/>\n<meta property=\"og:site_name\" content=\"Shop Eettinen Luksus\" \/>\n<meta property=\"article:publisher\" content=\"https:\/\/www.facebook.com\/eettinenluksus\" \/>\n<meta property=\"article:modified_time\" content=\"2026-03-30T07:27:03+00:00\" \/>\n<meta property=\"og:image\" content=\"https:\/\/eettinenluksus.fi\/shop\/wp-content\/uploads\/sites\/4\/1726\/27\/Woolwash-300ml-nelio.jpg\" \/>\n\t<meta property=\"og:image:width\" content=\"900\" \/>\n\t<meta property=\"og:image:height\" content=\"900\" \/>\n\t<meta property=\"og:image:type\" content=\"image\/jpeg\" \/>\n<meta name=\"twitter:card\" content=\"summary_large_image\" \/>\n<meta name=\"twitter:label1\" content=\"Hinta\" \/>\n\t<meta name=\"twitter:data1\" content=\"12,45&nbsp;&euro;\" \/>\n\t<meta name=\"twitter:label2\" content=\"Saatavuus\" \/>\n\t<meta name=\"twitter:data2\" content=\"Varastossa\" \/>\n<script type=\"application\/ld+json\" class=\"yoast-schema-graph\">{\"@context\":\"https:\\\/\\\/schema.org\",\"@graph\":[{\"@type\":\"WebPage\",\"@id\":\"https:\\\/\\\/eettinenluksus.fi\\\/shop\\\/tuote\\\/classic-woolwash-villapesuaine-300ml\\\/\",\"url\":\"https:\\\/\\\/eettinenluksus.fi\\\/shop\\\/tuote\\\/classic-woolwash-villapesuaine-300ml\\\/\",\"name\":\"Classic Woolwash Villapesuaine 300ml - Shop Eettinen Luksus\",\"isPartOf\":{\"@id\":\"https:\\\/\\\/eettinenluksus.fi\\\/shop\\\/#website\"},\"primaryImageOfPage\":{\"@id\":\"https:\\\/\\\/eettinenluksus.fi\\\/shop\\\/tuote\\\/classic-woolwash-villapesuaine-300ml\\\/#primaryimage\"},\"image\":{\"@id\":\"https:\\\/\\\/eettinenluksus.fi\\\/shop\\\/tuote\\\/classic-woolwash-villapesuaine-300ml\\\/#primaryimage\"},\"thumbnailUrl\":\"https:\\\/\\\/eettinenluksus.fi\\\/shop\\\/wp-content\\\/uploads\\\/sites\\\/4\\\/1726\\\/27\\\/Woolwash-300ml-nelio.jpg\",\"datePublished\":\"2022-10-06T07:19:42+00:00\",\"dateModified\":\"2026-03-30T07:27:03+00:00\",\"description\":\"Erikoispesuaine villalle ja villasekoitteille: puhdas uusi villa angora mohair kashmir villasekoitteet. Classic Woolwash Villapesuaine\",\"breadcrumb\":{\"@id\":\"https:\\\/\\\/eettinenluksus.fi\\\/shop\\\/tuote\\\/classic-woolwash-villapesuaine-300ml\\\/#breadcrumb\"},\"inLanguage\":\"fi\",\"potentialAction\":[{\"@type\":\"ReadAction\",\"target\":[\"https:\\\/\\\/eettinenluksus.fi\\\/shop\\\/tuote\\\/classic-woolwash-villapesuaine-300ml\\\/\"]}]},{\"@type\":\"ImageObject\",\"inLanguage\":\"fi\",\"@id\":\"https:\\\/\\\/eettinenluksus.fi\\\/shop\\\/tuote\\\/classic-woolwash-villapesuaine-300ml\\\/#primaryimage\",\"url\":\"https:\\\/\\\/eettinenluksus.fi\\\/shop\\\/wp-content\\\/uploads\\\/sites\\\/4\\\/1726\\\/27\\\/Woolwash-300ml-nelio.jpg\",\"contentUrl\":\"https:\\\/\\\/eettinenluksus.fi\\\/shop\\\/wp-content\\\/uploads\\\/sites\\\/4\\\/1726\\\/27\\\/Woolwash-300ml-nelio.jpg\",\"width\":900,\"height\":900,\"caption\":\"Classic Woolwash 300ml\"},{\"@type\":\"BreadcrumbList\",\"@id\":\"https:\\\/\\\/eettinenluksus.fi\\\/shop\\\/tuote\\\/classic-woolwash-villapesuaine-300ml\\\/#breadcrumb\",\"itemListElement\":[{\"@type\":\"ListItem\",\"position\":1,\"name\":\"Etusivu\",\"item\":\"https:\\\/\\\/eettinenluksus.fi\\\/shop\\\/\"},{\"@type\":\"ListItem\",\"position\":2,\"name\":\"Kauppa\",\"item\":\"https:\\\/\\\/eettinenluksus.fi\\\/shop\\\/en\\\/kauppa\\\/\"},{\"@type\":\"ListItem\",\"position\":3,\"name\":\"Classic Woolwash Villapesuaine 300ml\"}]},{\"@type\":\"WebSite\",\"@id\":\"https:\\\/\\\/eettinenluksus.fi\\\/shop\\\/#website\",\"url\":\"https:\\\/\\\/eettinenluksus.fi\\\/shop\\\/\",\"name\":\"Shop Eettinen Luksus\",\"description\":\"Uusi verkkokauppa\",\"publisher\":{\"@id\":\"https:\\\/\\\/eettinenluksus.fi\\\/shop\\\/#organization\"},\"potentialAction\":[{\"@type\":\"SearchAction\",\"target\":{\"@type\":\"EntryPoint\",\"urlTemplate\":\"https:\\\/\\\/eettinenluksus.fi\\\/shop\\\/?s={search_term_string}\"},\"query-input\":{\"@type\":\"PropertyValueSpecification\",\"valueRequired\":true,\"valueName\":\"search_term_string\"}}],\"inLanguage\":\"fi\"},{\"@type\":\"Organization\",\"@id\":\"https:\\\/\\\/eettinenluksus.fi\\\/shop\\\/#organization\",\"name\":\"Shop Eettinen Luksus\",\"url\":\"https:\\\/\\\/eettinenluksus.fi\\\/shop\\\/\",\"logo\":{\"@type\":\"ImageObject\",\"inLanguage\":\"fi\",\"@id\":\"https:\\\/\\\/eettinenluksus.fi\\\/shop\\\/#\\\/schema\\\/logo\\\/image\\\/\",\"url\":\"https:\\\/\\\/eettinenluksus.fi\\\/shop\\\/wp-content\\\/uploads\\\/sites\\\/4\\\/1664\\\/37\\\/cropped-ELO.jpg\",\"contentUrl\":\"https:\\\/\\\/eettinenluksus.fi\\\/shop\\\/wp-content\\\/uploads\\\/sites\\\/4\\\/1664\\\/37\\\/cropped-ELO.jpg\",\"width\":810,\"height\":350,\"caption\":\"Shop Eettinen Luksus\"},\"image\":{\"@id\":\"https:\\\/\\\/eettinenluksus.fi\\\/shop\\\/#\\\/schema\\\/logo\\\/image\\\/\"},\"sameAs\":[\"https:\\\/\\\/www.facebook.com\\\/eettinenluksus\",\"https:\\\/\\\/www.instagram.com\\\/eettinenluksus\\\/\"]}]}<\/script>\n<meta property=\"product:price:amount\" content=\"12.45\" \/>\n<meta property=\"product:price:currency\" content=\"EUR\" \/>\n<meta property=\"og:availability\" content=\"instock\" \/>\n<meta property=\"product:availability\" content=\"instock\" \/>\n<meta property=\"product:retailer_item_id\" content=\"5604\" \/>\n<meta property=\"product:condition\" content=\"new\" \/>\n<!-- \/ Yoast SEO Premium plugin. -->","yoast_head_json":{"title":"Classic Woolwash Villapesuaine 300ml - Shop Eettinen Luksus","description":"Erikoispesuaine villalle ja villasekoitteille: puhdas uusi villa angora mohair kashmir villasekoitteet. Classic Woolwash Villapesuaine","robots":{"index":"index","follow":"follow","max-snippet":"max-snippet:-1","max-image-preview":"max-image-preview:large","max-video-preview":"max-video-preview:-1"},"canonical":"https:\/\/eettinenluksus.fi\/shop\/tuote\/classic-woolwash-villapesuaine-300ml\/","og_locale":"fi_FI","og_type":"article","og_title":"Classic Woolwash Villapesuaine 300ml","og_description":"Erikoispesuaine villalle ja villasekoitteille: puhdas uusi villa angora mohair kashmir villasekoitteet. Classic Woolwash Villapesuaine","og_url":"https:\/\/eettinenluksus.fi\/shop\/tuote\/classic-woolwash-villapesuaine-300ml\/","og_site_name":"Shop Eettinen Luksus","article_publisher":"https:\/\/www.facebook.com\/eettinenluksus","article_modified_time":"2026-03-30T07:27:03+00:00","og_image":[{"width":900,"height":900,"url":"https:\/\/eettinenluksus.fi\/shop\/wp-content\/uploads\/sites\/4\/1726\/27\/Woolwash-300ml-nelio.jpg","type":"image\/jpeg"}],"twitter_card":"summary_large_image","twitter_misc":{"Hinta":"12,45&nbsp;&euro;","Saatavuus":"Varastossa"},"schema":{"@context":"https:\/\/schema.org","@graph":[{"@type":"WebPage","@id":"https:\/\/eettinenluksus.fi\/shop\/tuote\/classic-woolwash-villapesuaine-300ml\/","url":"https:\/\/eettinenluksus.fi\/shop\/tuote\/classic-woolwash-villapesuaine-300ml\/","name":"Classic Woolwash Villapesuaine 300ml - Shop Eettinen Luksus","isPartOf":{"@id":"https:\/\/eettinenluksus.fi\/shop\/#website"},"primaryImageOfPage":{"@id":"https:\/\/eettinenluksus.fi\/shop\/tuote\/classic-woolwash-villapesuaine-300ml\/#primaryimage"},"image":{"@id":"https:\/\/eettinenluksus.fi\/shop\/tuote\/classic-woolwash-villapesuaine-300ml\/#primaryimage"},"thumbnailUrl":"https:\/\/eettinenluksus.fi\/shop\/wp-content\/uploads\/sites\/4\/1726\/27\/Woolwash-300ml-nelio.jpg","datePublished":"2022-10-06T07:19:42+00:00","dateModified":"2026-03-30T07:27:03+00:00","description":"Erikoispesuaine villalle ja villasekoitteille: puhdas uusi villa angora mohair kashmir villasekoitteet. Classic Woolwash Villapesuaine","breadcrumb":{"@id":"https:\/\/eettinenluksus.fi\/shop\/tuote\/classic-woolwash-villapesuaine-300ml\/#breadcrumb"},"inLanguage":"fi","potentialAction":[{"@type":"ReadAction","target":["https:\/\/eettinenluksus.fi\/shop\/tuote\/classic-woolwash-villapesuaine-300ml\/"]}]},{"@type":"ImageObject","inLanguage":"fi","@id":"https:\/\/eettinenluksus.fi\/shop\/tuote\/classic-woolwash-villapesuaine-300ml\/#primaryimage","url":"https:\/\/eettinenluksus.fi\/shop\/wp-content\/uploads\/sites\/4\/1726\/27\/Woolwash-300ml-nelio.jpg","contentUrl":"https:\/\/eettinenluksus.fi\/shop\/wp-content\/uploads\/sites\/4\/1726\/27\/Woolwash-300ml-nelio.jpg","width":900,"height":900,"caption":"Classic Woolwash 300ml"},{"@type":"BreadcrumbList","@id":"https:\/\/eettinenluksus.fi\/shop\/tuote\/classic-woolwash-villapesuaine-300ml\/#breadcrumb","itemListElement":[{"@type":"ListItem","position":1,"name":"Etusivu","item":"https:\/\/eettinenluksus.fi\/shop\/"},{"@type":"ListItem","position":2,"name":"Kauppa","item":"https:\/\/eettinenluksus.fi\/shop\/en\/kauppa\/"},{"@type":"ListItem","position":3,"name":"Classic Woolwash Villapesuaine 300ml"}]},{"@type":"WebSite","@id":"https:\/\/eettinenluksus.fi\/shop\/#website","url":"https:\/\/eettinenluksus.fi\/shop\/","name":"Shop Eettinen Luksus","description":"Uusi verkkokauppa","publisher":{"@id":"https:\/\/eettinenluksus.fi\/shop\/#organization"},"potentialAction":[{"@type":"SearchAction","target":{"@type":"EntryPoint","urlTemplate":"https:\/\/eettinenluksus.fi\/shop\/?s={search_term_string}"},"query-input":{"@type":"PropertyValueSpecification","valueRequired":true,"valueName":"search_term_string"}}],"inLanguage":"fi"},{"@type":"Organization","@id":"https:\/\/eettinenluksus.fi\/shop\/#organization","name":"Shop Eettinen Luksus","url":"https:\/\/eettinenluksus.fi\/shop\/","logo":{"@type":"ImageObject","inLanguage":"fi","@id":"https:\/\/eettinenluksus.fi\/shop\/#\/schema\/logo\/image\/","url":"https:\/\/eettinenluksus.fi\/shop\/wp-content\/uploads\/sites\/4\/1664\/37\/cropped-ELO.jpg","contentUrl":"https:\/\/eettinenluksus.fi\/shop\/wp-content\/uploads\/sites\/4\/1664\/37\/cropped-ELO.jpg","width":810,"height":350,"caption":"Shop Eettinen Luksus"},"image":{"@id":"https:\/\/eettinenluksus.fi\/shop\/#\/schema\/logo\/image\/"},"sameAs":["https:\/\/www.facebook.com\/eettinenluksus","https:\/\/www.instagram.com\/eettinenluksus\/"]}]},"product_price_amount":"12.45","product_price_currency":"EUR","og_availability":"instock","product_availability":"instock","product_retailer_item_id":"5604","product_condition":"new"},"_links":{"self":[{"href":"https:\/\/eettinenluksus.fi\/shop\/wp-json\/wp\/v2\/product\/3299","targetHints":{"allow":["GET"]}}],"collection":[{"href":"https:\/\/eettinenluksus.fi\/shop\/wp-json\/wp\/v2\/product"}],"about":[{"href":"https:\/\/eettinenluksus.fi\/shop\/wp-json\/wp\/v2\/types\/product"}],"version-history":[{"count":2,"href":"https:\/\/eettinenluksus.fi\/shop\/wp-json\/wp\/v2\/product\/3299\/revisions"}],"predecessor-version":[{"id":3304,"href":"https:\/\/eettinenluksus.fi\/shop\/wp-json\/wp\/v2\/product\/3299\/revisions\/3304"}],"wp:featuredmedia":[{"embeddable":true,"href":"https:\/\/eettinenluksus.fi\/shop\/wp-json\/wp\/v2\/media\/4094"}],"wp:attachment":[{"href":"https:\/\/eettinenluksus.fi\/shop\/wp-json\/wp\/v2\/media?parent=3299"}],"wp:term":[{"taxonomy":"product_brand","embeddable":true,"href":"https:\/\/eettinenluksus.fi\/shop\/wp-json\/wp\/v2\/product_brand?post=3299"},{"taxonomy":"product_cat","embeddable":true,"href":"https:\/\/eettinenluksus.fi\/shop\/wp-json\/wp\/v2\/product_cat?post=3299"},{"taxonomy":"product_tag","embeddable":true,"href":"https:\/\/eettinenluksus.fi\/shop\/wp-json\/wp\/v2\/product_tag?post=3299"}],"curies":[{"name":"wp","href":"https:\/\/api.w.org\/{rel}","templated":true}]}}