{"id":31,"date":"2022-10-05T14:49:41","date_gmt":"2022-10-05T11:49:41","guid":{"rendered":"https:\/\/eettinenluksus.fi\/shop2022\/?post_type=product&#038;p=31"},"modified":"2025-12-03T15:57:35","modified_gmt":"2025-12-03T13:57:35","slug":"method-kylpyhuonepuhdistussuihke-eucalyptusmint-828ml","status":"publish","type":"product","link":"https:\/\/eettinenluksus.fi\/shop\/tuote\/method-kylpyhuonepuhdistussuihke-eucalyptusmint-828ml\/","title":{"rendered":"Method Kylpyhuonepuhdistussuihke Eucalyptusmint 828ml"},"content":{"rendered":"<p>Method Kylpyhuonepuhdistussuihke Eucalyptusmint 828ml on ekologinen kasvi- ja mineraalipohjainen kylpyhuoneen puhdistussuihke kylpy- ja suihkutilojen pintojen sek\u00e4 kalusteiden puhdistamiseen. Puhdistaa kylpyhuoneen perusteellisesti: suihkukaapit, ammeet, pesualtaat, kalusteet sek\u00e4 lasi-, emali- ja laattapinnat. Kiilt\u00e4ville pinnoille kaunis kiilto v\u00e4hemm\u00e4ll\u00e4 jynss\u00e4\u00e4misell\u00e4. Tehokas saippua- ja pesuainej\u00e4\u00e4mien irrottaja<\/p>\n<p>Eucalyptus Mint &#8211; Perusluonteeltaan virkist\u00e4v\u00e4 sekoitus bergamottia, sitruunaa ja limenlehte\u00e4 ter\u00e4stettyn\u00e4 eukalyptuksella ja villimintulla. T\u00e4m\u00e4 tuoksu vie sinut viile\u00e4\u00e4n vuoristoilmaan.<\/p>\n<p>Ei el\u00e4inkokeita<br \/>\nEi sovellu marmorille eik\u00e4 muille luonnonkivipinnoille<\/p>\n<p style=\"font-size: 0px;\"><a href=\"https:\/\/onxon.fi\/\"><span style=\"font-size: 0px;\">&#8211;<\/span><\/a><a href=\"https:\/\/www.facebook.com\/methodsuomi\/\"><span style=\"font-size: 0px;\">&#8211;<\/span><\/a><a href=\"https:\/\/www.instagram.com\/method_fi\/reels\/\"><span style=\"font-size: 0px;\">&#8211;<\/span><\/a>Method Kylpyhuonepuhdistussuihke Eucalyptusmint 828ml, ekologinen, siivous, ekologinen puhdistusaine, ekologinen siivous, method, ekologinen puhdistusaine, ekologinen siivous, method, siivous, kylpyhuonespray, puhdistusaine. Kylpyhuonesuihke, puhdistusaine, ekologinen siivous, siivous, kylpyhuonepuhdistussuihke, kylpyhuonepuhdistussuihke, method, kylpp\u00e4riaine, kylpyhuoneaine, siivous, kylpyhuoneenpuhdistussuihke, method, kylpyhuone, kylpyhuoneen puhdistusaine, kylpyhuonepuhdistussuihke, puhdistusaine, method, kylpyhuoneen puhdistussuihke, kylpyhuonepuhdistussuihke, ekologinen siivous, kylpyhuonepuhdistussuihke, siivous, ekologinen, puhdistusaine, kylpyhuonepuhdistussuihke, suihkukaapit, ammeet, pesualtaat, kalusteet sek\u00e4 lasi-, emali- ja laattapinnat.<\/p>\n<h2 style=\"font-size: 0px;\">Method Kylpyhuonepuhdistussuihke Eucalyptusmint 828ml<\/h2>\n<p style=\"font-size: 0px;\">Method Kylpyhuonepuhdistussuihke Eucalyptusmint, kylpyhuoneen pintojen ja kalusteiden puhdistamiseen. Ekologinen, ekologinen siivous, ekologinen puhdistusaine, ekologinen siivous, siivous, kylpyhuonepuhdistussuihke, kylpyhuonespray. Kylpyhuonesuihke, ekologinen puhdistusaine, kylpp\u00e4riaine, kylpyhuonepuhdistussuihke, ekologinen puhdistusaine, kylpyhuoneaine, puhdistusaine, ekologinen kasvi- ja mineraalipohjainen kylpyhuoneenpuhdistussuihke, kylpyhuone, method, kylpyhuoneen puhdistusaine, kylpyhuoneen puhdistussuihke, puhdistusaine, kylpyhuonepuhdistussuihke, method, ekologinen siivous, ekologinen puhdistusaine, siivous, kylpyhuonepuhdistussuihke, ekologinen siivous, siivous, ekologinen, siivous, eucalyptus, mint, suihkukaapit, ammeet, pesualtaat, method, kalusteet sek\u00e4 lasi-, emali- ja laattapinnat, Method, ekologinen siivous.<a href=\"https:\/\/eettinenluksus.fi\/shop\/tuotemerkit\/onxon-siivous\/\"><span style=\"font-size: 0px;\">&#8211;<\/span><\/a><a href=\"https:\/\/eettinenluksus.fi\/shop\/en\/product\/method-suihkun-puhdistussuihke-tuoksuilangia-828ml\/\"><span style=\"font-size: 0px;\">&#8211;<\/span><\/a><a href=\"https:\/\/eettinenluksus.fi\/shop\/tuotemerkit\/mreco-siivous\/\"><span style=\"font-size: 0px;\">&#8211;<\/span><\/a><a href=\"https:\/\/eettinenluksus.fi\/shop\/tuotemerkit\/method-siivous\/\"><span style=\"font-size: 0px;\">&#8211;<\/span><\/a><a href=\"https:\/\/eettinenluksus.fi\/shop\/tuote\/mreco-hankauskera-kupari-antibakt-2kpl\/\"><span style=\"font-size: 0px;\">&#8211;<\/span><\/a><a href=\"https:\/\/eettinenluksus.fi\/shop\/tuotemerkit\/greener-cleaner-siivous\/\"><span style=\"font-size: 0px;\">&#8211;<\/span><\/a><\/p>\n<ul style=\"font-size: 0px;\">\n<li>kylpyhuonepuhdistussuihke<\/li>\n<li>ekologinen siivous<\/li>\n<li>siivous<\/li>\n<li>kylpyhuone<\/li>\n<li>ekologinen puhdistusaine<\/li>\n<\/ul>\n","protected":false},"excerpt":{"rendered":"<p>Ekologinen kasvi- ja mineraalipohjainen kylpyhuonepuhdistussuihke Powergreen\u00ae -teknologialla<\/p>\n<p>K\u00e4ytt\u00f6kohteita: suihkukaapit, ammeet, pesualtaat, kalusteet sek\u00e4 lasi-, emali- ja laattapinnat<\/p>\n<p>Tuoksu Eucalyptus Mint<\/p>\n","protected":false},"featured_media":4052,"template":"","meta":{"inline_featured_image":false},"product_brand":[],"product_cat":[17,19,49],"product_tag":[70,299,280,298,283,163,297,88,300],"class_list":{"0":"post-31","1":"product","2":"type-product","3":"status-publish","4":"has-post-thumbnail","6":"product_cat-method","7":"product_cat-method-siivous","8":"product_cat-siivous","9":"product_tag-ekologinen","10":"product_tag-hanat","11":"product_tag-kaakelit","12":"product_tag-kalkki","13":"product_tag-kylpyhuone","14":"product_tag-method","15":"product_tag-puhdistusaine","16":"product_tag-siivous","17":"product_tag-suihku","19":"first","20":"instock","21":"taxable","22":"shipping-taxable","23":"purchasable","24":"product-type-simple"},"yoast_head":"<!-- This site is optimized with the Yoast SEO Premium plugin v26.8 (Yoast SEO v27.4) - https:\/\/yoast.com\/product\/yoast-seo-premium-wordpress\/ -->\n<title>Method Kylpyhuonepuhdistussuihke Eucalyptusmint 828ml - Shop Eettinen Luksus<\/title>\n<meta name=\"description\" content=\"Ekologinen kasvi- ja mineraalipohjainen kylpyhuoneen pintojen ja kalusteiden puhdistamiseen. Method Kylpyhuonepuhdistussuihke Eucalyptusmint 828ml\" \/>\n<meta name=\"robots\" content=\"index, follow, max-snippet:-1, max-image-preview:large, max-video-preview:-1\" \/>\n<link rel=\"canonical\" href=\"https:\/\/eettinenluksus.fi\/shop\/tuote\/method-kylpyhuonepuhdistussuihke-eucalyptusmint-828ml\/\" \/>\n<meta property=\"og:locale\" content=\"fi_FI\" \/>\n<meta property=\"og:type\" content=\"article\" \/>\n<meta property=\"og:title\" content=\"Method Kylpyhuonepuhdistussuihke Eucalyptusmint 828ml\" \/>\n<meta property=\"og:description\" content=\"Ekologinen kasvi- ja mineraalipohjainen kylpyhuoneen pintojen ja kalusteiden puhdistamiseen. Method Kylpyhuonepuhdistussuihke Eucalyptusmint 828ml\" \/>\n<meta property=\"og:url\" content=\"https:\/\/eettinenluksus.fi\/shop\/tuote\/method-kylpyhuonepuhdistussuihke-eucalyptusmint-828ml\/\" \/>\n<meta property=\"og:site_name\" content=\"Shop Eettinen Luksus\" \/>\n<meta property=\"article:publisher\" content=\"https:\/\/www.facebook.com\/eettinenluksus\" \/>\n<meta property=\"article:modified_time\" content=\"2025-12-03T13:57:35+00:00\" \/>\n<meta property=\"og:image\" content=\"https:\/\/eettinenluksus.fi\/shop\/wp-content\/uploads\/sites\/4\/1726\/17\/Kylpyhuoneenpuhdistussuihke-nelio.jpg\" \/>\n\t<meta property=\"og:image:width\" content=\"1045\" \/>\n\t<meta property=\"og:image:height\" content=\"1045\" \/>\n\t<meta property=\"og:image:type\" content=\"image\/jpeg\" \/>\n<meta name=\"twitter:card\" content=\"summary_large_image\" \/>\n<meta name=\"twitter:label1\" content=\"Hinta\" \/>\n\t<meta name=\"twitter:data1\" content=\"7,15&nbsp;&euro;\" \/>\n\t<meta name=\"twitter:label2\" content=\"Saatavuus\" \/>\n\t<meta name=\"twitter:data2\" content=\"Varastossa\" \/>\n<script type=\"application\/ld+json\" class=\"yoast-schema-graph\">{\"@context\":\"https:\\\/\\\/schema.org\",\"@graph\":[{\"@type\":\"WebPage\",\"@id\":\"https:\\\/\\\/eettinenluksus.fi\\\/shop\\\/tuote\\\/method-kylpyhuonepuhdistussuihke-eucalyptusmint-828ml\\\/\",\"url\":\"https:\\\/\\\/eettinenluksus.fi\\\/shop\\\/tuote\\\/method-kylpyhuonepuhdistussuihke-eucalyptusmint-828ml\\\/\",\"name\":\"Method Kylpyhuonepuhdistussuihke Eucalyptusmint 828ml - Shop Eettinen Luksus\",\"isPartOf\":{\"@id\":\"https:\\\/\\\/eettinenluksus.fi\\\/shop\\\/#website\"},\"primaryImageOfPage\":{\"@id\":\"https:\\\/\\\/eettinenluksus.fi\\\/shop\\\/tuote\\\/method-kylpyhuonepuhdistussuihke-eucalyptusmint-828ml\\\/#primaryimage\"},\"image\":{\"@id\":\"https:\\\/\\\/eettinenluksus.fi\\\/shop\\\/tuote\\\/method-kylpyhuonepuhdistussuihke-eucalyptusmint-828ml\\\/#primaryimage\"},\"thumbnailUrl\":\"https:\\\/\\\/eettinenluksus.fi\\\/shop\\\/wp-content\\\/uploads\\\/sites\\\/4\\\/1726\\\/17\\\/Kylpyhuoneenpuhdistussuihke-nelio.jpg\",\"datePublished\":\"2022-10-05T11:49:41+00:00\",\"dateModified\":\"2025-12-03T13:57:35+00:00\",\"description\":\"Ekologinen kasvi- ja mineraalipohjainen kylpyhuoneen pintojen ja kalusteiden puhdistamiseen. Method Kylpyhuonepuhdistussuihke Eucalyptusmint 828ml\",\"breadcrumb\":{\"@id\":\"https:\\\/\\\/eettinenluksus.fi\\\/shop\\\/tuote\\\/method-kylpyhuonepuhdistussuihke-eucalyptusmint-828ml\\\/#breadcrumb\"},\"inLanguage\":\"fi\",\"potentialAction\":[{\"@type\":\"ReadAction\",\"target\":[\"https:\\\/\\\/eettinenluksus.fi\\\/shop\\\/tuote\\\/method-kylpyhuonepuhdistussuihke-eucalyptusmint-828ml\\\/\"]}]},{\"@type\":\"ImageObject\",\"inLanguage\":\"fi\",\"@id\":\"https:\\\/\\\/eettinenluksus.fi\\\/shop\\\/tuote\\\/method-kylpyhuonepuhdistussuihke-eucalyptusmint-828ml\\\/#primaryimage\",\"url\":\"https:\\\/\\\/eettinenluksus.fi\\\/shop\\\/wp-content\\\/uploads\\\/sites\\\/4\\\/1726\\\/17\\\/Kylpyhuoneenpuhdistussuihke-nelio.jpg\",\"contentUrl\":\"https:\\\/\\\/eettinenluksus.fi\\\/shop\\\/wp-content\\\/uploads\\\/sites\\\/4\\\/1726\\\/17\\\/Kylpyhuoneenpuhdistussuihke-nelio.jpg\",\"width\":1045,\"height\":1045,\"caption\":\"Kylpyhuoneenpuhdistussuihke\"},{\"@type\":\"BreadcrumbList\",\"@id\":\"https:\\\/\\\/eettinenluksus.fi\\\/shop\\\/tuote\\\/method-kylpyhuonepuhdistussuihke-eucalyptusmint-828ml\\\/#breadcrumb\",\"itemListElement\":[{\"@type\":\"ListItem\",\"position\":1,\"name\":\"Etusivu\",\"item\":\"https:\\\/\\\/eettinenluksus.fi\\\/shop\\\/\"},{\"@type\":\"ListItem\",\"position\":2,\"name\":\"Kauppa\",\"item\":\"https:\\\/\\\/eettinenluksus.fi\\\/shop\\\/en\\\/kauppa\\\/\"},{\"@type\":\"ListItem\",\"position\":3,\"name\":\"Method Kylpyhuonepuhdistussuihke Eucalyptusmint 828ml\"}]},{\"@type\":\"WebSite\",\"@id\":\"https:\\\/\\\/eettinenluksus.fi\\\/shop\\\/#website\",\"url\":\"https:\\\/\\\/eettinenluksus.fi\\\/shop\\\/\",\"name\":\"Shop Eettinen Luksus\",\"description\":\"Uusi verkkokauppa\",\"publisher\":{\"@id\":\"https:\\\/\\\/eettinenluksus.fi\\\/shop\\\/#organization\"},\"potentialAction\":[{\"@type\":\"SearchAction\",\"target\":{\"@type\":\"EntryPoint\",\"urlTemplate\":\"https:\\\/\\\/eettinenluksus.fi\\\/shop\\\/?s={search_term_string}\"},\"query-input\":{\"@type\":\"PropertyValueSpecification\",\"valueRequired\":true,\"valueName\":\"search_term_string\"}}],\"inLanguage\":\"fi\"},{\"@type\":\"Organization\",\"@id\":\"https:\\\/\\\/eettinenluksus.fi\\\/shop\\\/#organization\",\"name\":\"Shop Eettinen Luksus\",\"url\":\"https:\\\/\\\/eettinenluksus.fi\\\/shop\\\/\",\"logo\":{\"@type\":\"ImageObject\",\"inLanguage\":\"fi\",\"@id\":\"https:\\\/\\\/eettinenluksus.fi\\\/shop\\\/#\\\/schema\\\/logo\\\/image\\\/\",\"url\":\"https:\\\/\\\/eettinenluksus.fi\\\/shop\\\/wp-content\\\/uploads\\\/sites\\\/4\\\/1664\\\/37\\\/cropped-ELO.jpg\",\"contentUrl\":\"https:\\\/\\\/eettinenluksus.fi\\\/shop\\\/wp-content\\\/uploads\\\/sites\\\/4\\\/1664\\\/37\\\/cropped-ELO.jpg\",\"width\":810,\"height\":350,\"caption\":\"Shop Eettinen Luksus\"},\"image\":{\"@id\":\"https:\\\/\\\/eettinenluksus.fi\\\/shop\\\/#\\\/schema\\\/logo\\\/image\\\/\"},\"sameAs\":[\"https:\\\/\\\/www.facebook.com\\\/eettinenluksus\",\"https:\\\/\\\/www.instagram.com\\\/eettinenluksus\\\/\"]}]}<\/script>\n<meta property=\"product:price:amount\" content=\"7.15\" \/>\n<meta property=\"product:price:currency\" content=\"EUR\" \/>\n<meta property=\"og:availability\" content=\"instock\" \/>\n<meta property=\"product:availability\" content=\"instock\" \/>\n<meta property=\"product:retailer_item_id\" content=\"4006349\" \/>\n<meta property=\"product:condition\" content=\"new\" \/>\n<!-- \/ Yoast SEO Premium plugin. -->","yoast_head_json":{"title":"Method Kylpyhuonepuhdistussuihke Eucalyptusmint 828ml - Shop Eettinen Luksus","description":"Ekologinen kasvi- ja mineraalipohjainen kylpyhuoneen pintojen ja kalusteiden puhdistamiseen. Method Kylpyhuonepuhdistussuihke Eucalyptusmint 828ml","robots":{"index":"index","follow":"follow","max-snippet":"max-snippet:-1","max-image-preview":"max-image-preview:large","max-video-preview":"max-video-preview:-1"},"canonical":"https:\/\/eettinenluksus.fi\/shop\/tuote\/method-kylpyhuonepuhdistussuihke-eucalyptusmint-828ml\/","og_locale":"fi_FI","og_type":"article","og_title":"Method Kylpyhuonepuhdistussuihke Eucalyptusmint 828ml","og_description":"Ekologinen kasvi- ja mineraalipohjainen kylpyhuoneen pintojen ja kalusteiden puhdistamiseen. Method Kylpyhuonepuhdistussuihke Eucalyptusmint 828ml","og_url":"https:\/\/eettinenluksus.fi\/shop\/tuote\/method-kylpyhuonepuhdistussuihke-eucalyptusmint-828ml\/","og_site_name":"Shop Eettinen Luksus","article_publisher":"https:\/\/www.facebook.com\/eettinenluksus","article_modified_time":"2025-12-03T13:57:35+00:00","og_image":[{"width":1045,"height":1045,"url":"https:\/\/eettinenluksus.fi\/shop\/wp-content\/uploads\/sites\/4\/1726\/17\/Kylpyhuoneenpuhdistussuihke-nelio.jpg","type":"image\/jpeg"}],"twitter_card":"summary_large_image","twitter_misc":{"Hinta":"7,15&nbsp;&euro;","Saatavuus":"Varastossa"},"schema":{"@context":"https:\/\/schema.org","@graph":[{"@type":"WebPage","@id":"https:\/\/eettinenluksus.fi\/shop\/tuote\/method-kylpyhuonepuhdistussuihke-eucalyptusmint-828ml\/","url":"https:\/\/eettinenluksus.fi\/shop\/tuote\/method-kylpyhuonepuhdistussuihke-eucalyptusmint-828ml\/","name":"Method Kylpyhuonepuhdistussuihke Eucalyptusmint 828ml - Shop Eettinen Luksus","isPartOf":{"@id":"https:\/\/eettinenluksus.fi\/shop\/#website"},"primaryImageOfPage":{"@id":"https:\/\/eettinenluksus.fi\/shop\/tuote\/method-kylpyhuonepuhdistussuihke-eucalyptusmint-828ml\/#primaryimage"},"image":{"@id":"https:\/\/eettinenluksus.fi\/shop\/tuote\/method-kylpyhuonepuhdistussuihke-eucalyptusmint-828ml\/#primaryimage"},"thumbnailUrl":"https:\/\/eettinenluksus.fi\/shop\/wp-content\/uploads\/sites\/4\/1726\/17\/Kylpyhuoneenpuhdistussuihke-nelio.jpg","datePublished":"2022-10-05T11:49:41+00:00","dateModified":"2025-12-03T13:57:35+00:00","description":"Ekologinen kasvi- ja mineraalipohjainen kylpyhuoneen pintojen ja kalusteiden puhdistamiseen. Method Kylpyhuonepuhdistussuihke Eucalyptusmint 828ml","breadcrumb":{"@id":"https:\/\/eettinenluksus.fi\/shop\/tuote\/method-kylpyhuonepuhdistussuihke-eucalyptusmint-828ml\/#breadcrumb"},"inLanguage":"fi","potentialAction":[{"@type":"ReadAction","target":["https:\/\/eettinenluksus.fi\/shop\/tuote\/method-kylpyhuonepuhdistussuihke-eucalyptusmint-828ml\/"]}]},{"@type":"ImageObject","inLanguage":"fi","@id":"https:\/\/eettinenluksus.fi\/shop\/tuote\/method-kylpyhuonepuhdistussuihke-eucalyptusmint-828ml\/#primaryimage","url":"https:\/\/eettinenluksus.fi\/shop\/wp-content\/uploads\/sites\/4\/1726\/17\/Kylpyhuoneenpuhdistussuihke-nelio.jpg","contentUrl":"https:\/\/eettinenluksus.fi\/shop\/wp-content\/uploads\/sites\/4\/1726\/17\/Kylpyhuoneenpuhdistussuihke-nelio.jpg","width":1045,"height":1045,"caption":"Kylpyhuoneenpuhdistussuihke"},{"@type":"BreadcrumbList","@id":"https:\/\/eettinenluksus.fi\/shop\/tuote\/method-kylpyhuonepuhdistussuihke-eucalyptusmint-828ml\/#breadcrumb","itemListElement":[{"@type":"ListItem","position":1,"name":"Etusivu","item":"https:\/\/eettinenluksus.fi\/shop\/"},{"@type":"ListItem","position":2,"name":"Kauppa","item":"https:\/\/eettinenluksus.fi\/shop\/en\/kauppa\/"},{"@type":"ListItem","position":3,"name":"Method Kylpyhuonepuhdistussuihke Eucalyptusmint 828ml"}]},{"@type":"WebSite","@id":"https:\/\/eettinenluksus.fi\/shop\/#website","url":"https:\/\/eettinenluksus.fi\/shop\/","name":"Shop Eettinen Luksus","description":"Uusi verkkokauppa","publisher":{"@id":"https:\/\/eettinenluksus.fi\/shop\/#organization"},"potentialAction":[{"@type":"SearchAction","target":{"@type":"EntryPoint","urlTemplate":"https:\/\/eettinenluksus.fi\/shop\/?s={search_term_string}"},"query-input":{"@type":"PropertyValueSpecification","valueRequired":true,"valueName":"search_term_string"}}],"inLanguage":"fi"},{"@type":"Organization","@id":"https:\/\/eettinenluksus.fi\/shop\/#organization","name":"Shop Eettinen Luksus","url":"https:\/\/eettinenluksus.fi\/shop\/","logo":{"@type":"ImageObject","inLanguage":"fi","@id":"https:\/\/eettinenluksus.fi\/shop\/#\/schema\/logo\/image\/","url":"https:\/\/eettinenluksus.fi\/shop\/wp-content\/uploads\/sites\/4\/1664\/37\/cropped-ELO.jpg","contentUrl":"https:\/\/eettinenluksus.fi\/shop\/wp-content\/uploads\/sites\/4\/1664\/37\/cropped-ELO.jpg","width":810,"height":350,"caption":"Shop Eettinen Luksus"},"image":{"@id":"https:\/\/eettinenluksus.fi\/shop\/#\/schema\/logo\/image\/"},"sameAs":["https:\/\/www.facebook.com\/eettinenluksus","https:\/\/www.instagram.com\/eettinenluksus\/"]}]},"product_price_amount":"7.15","product_price_currency":"EUR","og_availability":"instock","product_availability":"instock","product_retailer_item_id":"4006349","product_condition":"new"},"_links":{"self":[{"href":"https:\/\/eettinenluksus.fi\/shop\/wp-json\/wp\/v2\/product\/31","targetHints":{"allow":["GET"]}}],"collection":[{"href":"https:\/\/eettinenluksus.fi\/shop\/wp-json\/wp\/v2\/product"}],"about":[{"href":"https:\/\/eettinenluksus.fi\/shop\/wp-json\/wp\/v2\/types\/product"}],"version-history":[{"count":20,"href":"https:\/\/eettinenluksus.fi\/shop\/wp-json\/wp\/v2\/product\/31\/revisions"}],"predecessor-version":[{"id":5205,"href":"https:\/\/eettinenluksus.fi\/shop\/wp-json\/wp\/v2\/product\/31\/revisions\/5205"}],"wp:featuredmedia":[{"embeddable":true,"href":"https:\/\/eettinenluksus.fi\/shop\/wp-json\/wp\/v2\/media\/4052"}],"wp:attachment":[{"href":"https:\/\/eettinenluksus.fi\/shop\/wp-json\/wp\/v2\/media?parent=31"}],"wp:term":[{"taxonomy":"product_brand","embeddable":true,"href":"https:\/\/eettinenluksus.fi\/shop\/wp-json\/wp\/v2\/product_brand?post=31"},{"taxonomy":"product_cat","embeddable":true,"href":"https:\/\/eettinenluksus.fi\/shop\/wp-json\/wp\/v2\/product_cat?post=31"},{"taxonomy":"product_tag","embeddable":true,"href":"https:\/\/eettinenluksus.fi\/shop\/wp-json\/wp\/v2\/product_tag?post=31"}],"curies":[{"name":"wp","href":"https:\/\/api.w.org\/{rel}","templated":true}]}}