{"id":3058,"date":"2023-12-11T09:54:30","date_gmt":"2023-12-11T07:54:30","guid":{"rendered":"https:\/\/eettinenluksus.fi\/shop\/?post_type=product&#038;p=3058"},"modified":"2025-10-23T17:33:01","modified_gmt":"2025-10-23T14:33:01","slug":"moominbymilu-tuoksukynttila-marine-freshness-75x95mm","status":"publish","type":"product","link":"https:\/\/eettinenluksus.fi\/shop\/tuote\/moominbymilu-tuoksukynttila-marine-freshness-75x95mm\/","title":{"rendered":"MoominbyMiLu Tuoksukynttil\u00e4 Marine Freshness 75x95mm"},"content":{"rendered":"<p style=\"font-size:0px;\">Tuoksukynttil\u00e4 puukantisessa lasipurkissa Moomin by MiLu Tuoksukynttil\u00e4 Marine Freshness 75x95mm Ekologinen kynttil\u00e4 on tuotettu uusiutuvalla energialla.<\/p>\n<p>Tuoksukynttil\u00e4 puukantisessa lasipurkissa. Koko 75X95 mm.<\/p>\n<p>Muumipappa todella rakastaa merta ja uskoo olevansa taitava purjehtija. Eksklusiivinen tuoksu &#8220;Marine Freshness&#8221; on paras rentouttaviin hetkiin kirjojen ja unelmiesi parissa. Vihreiden lehtien, merisuolan ja Velvet Woods -tuoksun yhdistelm\u00e4 lumoaa.<\/p>\n<p>MiLun Muumi-tuoksukynttil\u00e4t ovat luonnollisia, ymp\u00e4rist\u00f6yst\u00e4v\u00e4llisi\u00e4, vegaanisia ja GMO-vapaita k\u00e4sintehtyj\u00e4 rypsivahakynttil\u00f6it\u00e4, joiden tuoksuna on eteerisi\u00e4 \u00f6ljyj\u00e4. Eiv\u00e4t sis\u00e4ll\u00e4 palmu\u00f6ljy\u00e4. Kynttil\u00e4nsyd\u00e4met ovat 100 % Ecotex-sertifioitua puuvillaa. Palavat vapauttamatta myrkyllisi\u00e4 aineita. Matala noki-indeksi.<\/p>\n<p>Tuotantoprosessimme ja suunnittelumme painottavat kest\u00e4v\u00e4\u00e4 kehityst\u00e4. Kaikki tuotteet valmistetaan 100 % uusiutuvista l\u00e4hteist\u00e4 per\u00e4isin olevalla s\u00e4hk\u00f6ll\u00e4 ja meille on eritt\u00e4in t\u00e4rke\u00e4\u00e4 k\u00e4ytt\u00e4\u00e4 ymp\u00e4rist\u00f6yst\u00e4v\u00e4llisi\u00e4 pakkauksia, joissa k\u00e4ytet\u00e4\u00e4n mahdollisimman v\u00e4h\u00e4n muovia ja suositaan kierr\u00e4tettyj\u00e4 materiaaleja.<\/p>\n<p>Nauti muumimaisesta hyvinvointikokemuksesta ja tuoksuilosta MiLun Muumi-kynttil\u00f6iden parissa!<\/p>\n<p style=\"font-size:0px;\">Tuoksukynttil\u00e4 puukantisessa lasipurkissa 75x95mm Ekologinen kynttil\u00e4 on tuotettu uusiutuvalla energialla.<\/p>\n<h2 style=\"font-size:0px;\">Moomin by MiLu Tuoksukynttil\u00e4 Marine Freshness<\/h2>\n<p style=\"font-size:0px;\">tuoksukynttil\u00e4, ekologinen, marine, freshness, rypsivahakynttil\u00e4, marine, freshness, kynttil\u00e4, ymp\u00e4rist\u00f6yst\u00e4v\u00e4llinen, uusituva energia, ymp\u00e4rist\u00f6yst\u00e4v\u00e4llinen, sertifioitu puuvilla, kynttil\u00e4, ymp\u00e4rist\u00f6yst\u00e4v\u00e4llinen, tuoksukynttil\u00e4, marine, freshness, ymp\u00e4rist\u00f6yst\u00e4v\u00e4llinen, kynttil\u00e4, k\u00e4sintehty, ekologinen, kynttil\u00e4, marine, freshness, ymp\u00e4rist\u00f6yst\u00e4v\u00e4llinen, ekologinen, marine, freshness. rypsivahakynttil\u00e4, kynttil\u00e4, tuoksukynttil\u00e4, ymp\u00e4rist\u00f6yst\u00e4v\u00e4llinen, uusituva energia, kynttil\u00e4, sertifioitu puuvilla, ymp\u00e4rist\u00f6yst\u00e4v\u00e4llinen, marine, freshness, k\u00e4sintehty.<\/p>\n<p style=\"font-size:0px;\">ekologinen, kynttil\u00e4, marine, freshness, ymp\u00e4rist\u00f6yst\u00e4v\u00e4llinen, tuoksukynttil\u00e4, ymp\u00e4rist\u00f6yst\u00e4v\u00e4llinen, ekologinen, marine, freshness. rypsivahakynttil\u00e4, kynttil\u00e4, marine, freshness,tuoksukynttil\u00e4, uusituva energia, sertifioitu puuvilla, marine, freshness, ekologinen, marine, freshness, k\u00e4sintehty, ymp\u00e4rist\u00f6yst\u00e4v\u00e4llinen, ekologinen, marine, freshness. tuoksukynttil\u00e4, ekologinen, marine, kynttil\u00e4, freshness, rypsivahakynttil\u00e4, ymp\u00e4rist\u00f6yst\u00e4v\u00e4llinen, kynttil\u00e4, uusituva energia, tuoksukynttil\u00e4, sertifioitu puuvilla, k\u00e4sintehty, ymp\u00e4rist\u00f6yst\u00e4v\u00e4llinen, ekologinen, marine, freshness.<\/p>\n<ul style=\"font-size:0px;\">\n<li>tuoksukynttil\u00e4<\/li>\n<li>marine freshness<\/li>\n<li>ekologinen<\/li>\n<p style=\"font-size:0px;\"><a href=\"https:\/\/eettinenluksus.fi\/shop\/tuote\/moominbymilu-tuoksukynttila-eucalyptus-cedar-75x95mm\/\"><span style=\"font-size: 0px;\">&#8211;<\/span><\/a><a href=\"https:\/\/eettinenluksus.fi\/shop\/tuote\/moominbymilu-tuoksukynttila-rose-vanilla-75x95mm\/\"><span style=\"font-size: 0px;\">&#8211;<\/span><\/a><a href=\"https:\/\/eettinenluksus.fi\/shop\/tuote\/mreco-lattialiina-bambu-puuvilla-50x50cm-l-valk\/\"><span style=\"font-size: 0px;\">&#8211;<\/span><\/a><a href=\"https:\/\/eettinenluksus.fi\/shop\/tuote\/mreco-sieniliina-16x18cm-3kpl\/\"><span style=\"font-size: 0px;\">&#8211;<\/span><\/a><a href=\"https:\/\/eettinenluksus.fi\/shop\/tuote\/mreco-astianpesuharja-puu-sisal\/\"><span style=\"font-size: 0px;\">&#8211;<\/span><\/a><a href=\"https:\/\/eettinenluksus.fi\/shop\/tuote\/method-astianpesuaine-peach-pink-pepper-paketti\/\"><span style=\"font-size: 0px;\">&#8211;<\/span><\/a><a href=\"https:\/\/eettinenluksus.fi\/shop\/tuote\/classic-antistat-spray-225ml\/\"><span style=\"font-size: 0px;\">&#8211;<\/span><\/a><\/p>\n","protected":false},"excerpt":{"rendered":"<p>Tuoksukynttil\u00e4 puukantisessa lasipurkissa. Koko 75X95 mm.<\/p>\n<p>Eksklusiivinen tuoksu &#8220;Marine Freshness&#8221; on paras rentouttaviin hetkiin kirjojen ja unelmiesi parissa. Vihreiden lehtien, merisuolan ja Velvet Woods -tuoksun yhdistelm\u00e4 lumoaa.<\/p>\n","protected":false},"featured_media":4036,"template":"","meta":{"inline_featured_image":false},"product_brand":[],"product_cat":[123,426,142],"product_tag":[70,153,155,157,152,147,148,154,149,156],"class_list":{"0":"post-3058","1":"product","2":"type-product","3":"status-publish","4":"has-post-thumbnail","6":"product_cat-hyvinvointi","7":"product_cat-muumit","8":"product_cat-muumi-tuoksukynttilat","9":"product_tag-ekologinen","10":"product_tag-eteeriset-oljyt","11":"product_tag-gmo-vapaa","12":"product_tag-meri","13":"product_tag-milu","14":"product_tag-moomin","15":"product_tag-muumi","16":"product_tag-rypsivaha","17":"product_tag-tuoksukynttila","18":"product_tag-vegaaninen","20":"first","21":"instock","22":"taxable","23":"shipping-taxable","24":"purchasable","25":"product-type-simple"},"yoast_head":"<!-- This site is optimized with the Yoast SEO Premium plugin v26.8 (Yoast SEO v27.4) - https:\/\/yoast.com\/product\/yoast-seo-premium-wordpress\/ -->\n<title>MoominbyMiLu Tuoksukynttil\u00e4 Marine Freshness 75x95mm - Shop Eettinen Luksus<\/title>\n<meta name=\"description\" content=\"Tuoksukynttil\u00e4 puukantisessa lasipurkissa Moomin by MiLu Tuoksukynttil\u00e4 Marine Freshness 75x95mm Ekologinen kynttil\u00e4 on tuotettu uusiutuvalla energialla.\" \/>\n<meta name=\"robots\" content=\"index, follow, max-snippet:-1, max-image-preview:large, max-video-preview:-1\" \/>\n<link rel=\"canonical\" href=\"https:\/\/eettinenluksus.fi\/shop\/tuote\/moominbymilu-tuoksukynttila-marine-freshness-75x95mm\/\" \/>\n<meta property=\"og:locale\" content=\"fi_FI\" \/>\n<meta property=\"og:type\" content=\"article\" \/>\n<meta property=\"og:title\" content=\"MoominbyMiLu Tuoksukynttil\u00e4 Marine Freshness 75x95mm\" \/>\n<meta property=\"og:description\" content=\"Tuoksukynttil\u00e4 puukantisessa lasipurkissa Moomin by MiLu Tuoksukynttil\u00e4 Marine Freshness 75x95mm Ekologinen kynttil\u00e4 on tuotettu uusiutuvalla energialla.\" \/>\n<meta property=\"og:url\" content=\"https:\/\/eettinenluksus.fi\/shop\/tuote\/moominbymilu-tuoksukynttila-marine-freshness-75x95mm\/\" \/>\n<meta property=\"og:site_name\" content=\"Shop Eettinen Luksus\" \/>\n<meta property=\"article:publisher\" content=\"https:\/\/www.facebook.com\/eettinenluksus\" \/>\n<meta property=\"article:modified_time\" content=\"2025-10-23T14:33:01+00:00\" \/>\n<meta property=\"og:image\" content=\"https:\/\/eettinenluksus.fi\/shop\/wp-content\/uploads\/sites\/4\/1726\/12\/Milu_marine_freshness_nelio.jpg\" \/>\n\t<meta property=\"og:image:width\" content=\"600\" \/>\n\t<meta property=\"og:image:height\" content=\"600\" \/>\n\t<meta property=\"og:image:type\" content=\"image\/jpeg\" \/>\n<meta name=\"twitter:card\" content=\"summary_large_image\" \/>\n<meta name=\"twitter:label1\" content=\"Hinta\" \/>\n\t<meta name=\"twitter:data1\" content=\"12,00&nbsp;&euro;\" \/>\n\t<meta name=\"twitter:label2\" content=\"Saatavuus\" \/>\n\t<meta name=\"twitter:data2\" content=\"Varastossa\" \/>\n<script type=\"application\/ld+json\" class=\"yoast-schema-graph\">{\"@context\":\"https:\\\/\\\/schema.org\",\"@graph\":[{\"@type\":\"WebPage\",\"@id\":\"https:\\\/\\\/eettinenluksus.fi\\\/shop\\\/tuote\\\/moominbymilu-tuoksukynttila-marine-freshness-75x95mm\\\/\",\"url\":\"https:\\\/\\\/eettinenluksus.fi\\\/shop\\\/tuote\\\/moominbymilu-tuoksukynttila-marine-freshness-75x95mm\\\/\",\"name\":\"MoominbyMiLu Tuoksukynttil\u00e4 Marine Freshness 75x95mm - Shop Eettinen Luksus\",\"isPartOf\":{\"@id\":\"https:\\\/\\\/eettinenluksus.fi\\\/shop\\\/#website\"},\"primaryImageOfPage\":{\"@id\":\"https:\\\/\\\/eettinenluksus.fi\\\/shop\\\/tuote\\\/moominbymilu-tuoksukynttila-marine-freshness-75x95mm\\\/#primaryimage\"},\"image\":{\"@id\":\"https:\\\/\\\/eettinenluksus.fi\\\/shop\\\/tuote\\\/moominbymilu-tuoksukynttila-marine-freshness-75x95mm\\\/#primaryimage\"},\"thumbnailUrl\":\"https:\\\/\\\/eettinenluksus.fi\\\/shop\\\/wp-content\\\/uploads\\\/sites\\\/4\\\/1726\\\/12\\\/Milu_marine_freshness_nelio.jpg\",\"datePublished\":\"2023-12-11T07:54:30+00:00\",\"dateModified\":\"2025-10-23T14:33:01+00:00\",\"description\":\"Tuoksukynttil\u00e4 puukantisessa lasipurkissa Moomin by MiLu Tuoksukynttil\u00e4 Marine Freshness 75x95mm Ekologinen kynttil\u00e4 on tuotettu uusiutuvalla energialla.\",\"breadcrumb\":{\"@id\":\"https:\\\/\\\/eettinenluksus.fi\\\/shop\\\/tuote\\\/moominbymilu-tuoksukynttila-marine-freshness-75x95mm\\\/#breadcrumb\"},\"inLanguage\":\"fi\",\"potentialAction\":[{\"@type\":\"ReadAction\",\"target\":[\"https:\\\/\\\/eettinenluksus.fi\\\/shop\\\/tuote\\\/moominbymilu-tuoksukynttila-marine-freshness-75x95mm\\\/\"]}]},{\"@type\":\"ImageObject\",\"inLanguage\":\"fi\",\"@id\":\"https:\\\/\\\/eettinenluksus.fi\\\/shop\\\/tuote\\\/moominbymilu-tuoksukynttila-marine-freshness-75x95mm\\\/#primaryimage\",\"url\":\"https:\\\/\\\/eettinenluksus.fi\\\/shop\\\/wp-content\\\/uploads\\\/sites\\\/4\\\/1726\\\/12\\\/Milu_marine_freshness_nelio.jpg\",\"contentUrl\":\"https:\\\/\\\/eettinenluksus.fi\\\/shop\\\/wp-content\\\/uploads\\\/sites\\\/4\\\/1726\\\/12\\\/Milu_marine_freshness_nelio.jpg\",\"width\":600,\"height\":600,\"caption\":\"Moomin Marine Freshness\"},{\"@type\":\"BreadcrumbList\",\"@id\":\"https:\\\/\\\/eettinenluksus.fi\\\/shop\\\/tuote\\\/moominbymilu-tuoksukynttila-marine-freshness-75x95mm\\\/#breadcrumb\",\"itemListElement\":[{\"@type\":\"ListItem\",\"position\":1,\"name\":\"Etusivu\",\"item\":\"https:\\\/\\\/eettinenluksus.fi\\\/shop\\\/\"},{\"@type\":\"ListItem\",\"position\":2,\"name\":\"Kauppa\",\"item\":\"https:\\\/\\\/eettinenluksus.fi\\\/shop\\\/en\\\/kauppa\\\/\"},{\"@type\":\"ListItem\",\"position\":3,\"name\":\"MoominbyMiLu Tuoksukynttil\u00e4 Marine Freshness 75x95mm\"}]},{\"@type\":\"WebSite\",\"@id\":\"https:\\\/\\\/eettinenluksus.fi\\\/shop\\\/#website\",\"url\":\"https:\\\/\\\/eettinenluksus.fi\\\/shop\\\/\",\"name\":\"Shop Eettinen Luksus\",\"description\":\"Uusi verkkokauppa\",\"publisher\":{\"@id\":\"https:\\\/\\\/eettinenluksus.fi\\\/shop\\\/#organization\"},\"potentialAction\":[{\"@type\":\"SearchAction\",\"target\":{\"@type\":\"EntryPoint\",\"urlTemplate\":\"https:\\\/\\\/eettinenluksus.fi\\\/shop\\\/?s={search_term_string}\"},\"query-input\":{\"@type\":\"PropertyValueSpecification\",\"valueRequired\":true,\"valueName\":\"search_term_string\"}}],\"inLanguage\":\"fi\"},{\"@type\":\"Organization\",\"@id\":\"https:\\\/\\\/eettinenluksus.fi\\\/shop\\\/#organization\",\"name\":\"Shop Eettinen Luksus\",\"url\":\"https:\\\/\\\/eettinenluksus.fi\\\/shop\\\/\",\"logo\":{\"@type\":\"ImageObject\",\"inLanguage\":\"fi\",\"@id\":\"https:\\\/\\\/eettinenluksus.fi\\\/shop\\\/#\\\/schema\\\/logo\\\/image\\\/\",\"url\":\"https:\\\/\\\/eettinenluksus.fi\\\/shop\\\/wp-content\\\/uploads\\\/sites\\\/4\\\/1664\\\/37\\\/cropped-ELO.jpg\",\"contentUrl\":\"https:\\\/\\\/eettinenluksus.fi\\\/shop\\\/wp-content\\\/uploads\\\/sites\\\/4\\\/1664\\\/37\\\/cropped-ELO.jpg\",\"width\":810,\"height\":350,\"caption\":\"Shop Eettinen Luksus\"},\"image\":{\"@id\":\"https:\\\/\\\/eettinenluksus.fi\\\/shop\\\/#\\\/schema\\\/logo\\\/image\\\/\"},\"sameAs\":[\"https:\\\/\\\/www.facebook.com\\\/eettinenluksus\",\"https:\\\/\\\/www.instagram.com\\\/eettinenluksus\\\/\"]}]}<\/script>\n<meta property=\"product:price:amount\" content=\"12.00\" \/>\n<meta property=\"product:price:currency\" content=\"EUR\" \/>\n<meta property=\"og:availability\" content=\"instock\" \/>\n<meta property=\"product:availability\" content=\"instock\" \/>\n<meta property=\"product:retailer_item_id\" content=\"3788505\" \/>\n<meta property=\"product:condition\" content=\"new\" \/>\n<!-- \/ Yoast SEO Premium plugin. -->","yoast_head_json":{"title":"MoominbyMiLu Tuoksukynttil\u00e4 Marine Freshness 75x95mm - Shop Eettinen Luksus","description":"Tuoksukynttil\u00e4 puukantisessa lasipurkissa Moomin by MiLu Tuoksukynttil\u00e4 Marine Freshness 75x95mm Ekologinen kynttil\u00e4 on tuotettu uusiutuvalla energialla.","robots":{"index":"index","follow":"follow","max-snippet":"max-snippet:-1","max-image-preview":"max-image-preview:large","max-video-preview":"max-video-preview:-1"},"canonical":"https:\/\/eettinenluksus.fi\/shop\/tuote\/moominbymilu-tuoksukynttila-marine-freshness-75x95mm\/","og_locale":"fi_FI","og_type":"article","og_title":"MoominbyMiLu Tuoksukynttil\u00e4 Marine Freshness 75x95mm","og_description":"Tuoksukynttil\u00e4 puukantisessa lasipurkissa Moomin by MiLu Tuoksukynttil\u00e4 Marine Freshness 75x95mm Ekologinen kynttil\u00e4 on tuotettu uusiutuvalla energialla.","og_url":"https:\/\/eettinenluksus.fi\/shop\/tuote\/moominbymilu-tuoksukynttila-marine-freshness-75x95mm\/","og_site_name":"Shop Eettinen Luksus","article_publisher":"https:\/\/www.facebook.com\/eettinenluksus","article_modified_time":"2025-10-23T14:33:01+00:00","og_image":[{"width":600,"height":600,"url":"https:\/\/eettinenluksus.fi\/shop\/wp-content\/uploads\/sites\/4\/1726\/12\/Milu_marine_freshness_nelio.jpg","type":"image\/jpeg"}],"twitter_card":"summary_large_image","twitter_misc":{"Hinta":"12,00&nbsp;&euro;","Saatavuus":"Varastossa"},"schema":{"@context":"https:\/\/schema.org","@graph":[{"@type":"WebPage","@id":"https:\/\/eettinenluksus.fi\/shop\/tuote\/moominbymilu-tuoksukynttila-marine-freshness-75x95mm\/","url":"https:\/\/eettinenluksus.fi\/shop\/tuote\/moominbymilu-tuoksukynttila-marine-freshness-75x95mm\/","name":"MoominbyMiLu Tuoksukynttil\u00e4 Marine Freshness 75x95mm - Shop Eettinen Luksus","isPartOf":{"@id":"https:\/\/eettinenluksus.fi\/shop\/#website"},"primaryImageOfPage":{"@id":"https:\/\/eettinenluksus.fi\/shop\/tuote\/moominbymilu-tuoksukynttila-marine-freshness-75x95mm\/#primaryimage"},"image":{"@id":"https:\/\/eettinenluksus.fi\/shop\/tuote\/moominbymilu-tuoksukynttila-marine-freshness-75x95mm\/#primaryimage"},"thumbnailUrl":"https:\/\/eettinenluksus.fi\/shop\/wp-content\/uploads\/sites\/4\/1726\/12\/Milu_marine_freshness_nelio.jpg","datePublished":"2023-12-11T07:54:30+00:00","dateModified":"2025-10-23T14:33:01+00:00","description":"Tuoksukynttil\u00e4 puukantisessa lasipurkissa Moomin by MiLu Tuoksukynttil\u00e4 Marine Freshness 75x95mm Ekologinen kynttil\u00e4 on tuotettu uusiutuvalla energialla.","breadcrumb":{"@id":"https:\/\/eettinenluksus.fi\/shop\/tuote\/moominbymilu-tuoksukynttila-marine-freshness-75x95mm\/#breadcrumb"},"inLanguage":"fi","potentialAction":[{"@type":"ReadAction","target":["https:\/\/eettinenluksus.fi\/shop\/tuote\/moominbymilu-tuoksukynttila-marine-freshness-75x95mm\/"]}]},{"@type":"ImageObject","inLanguage":"fi","@id":"https:\/\/eettinenluksus.fi\/shop\/tuote\/moominbymilu-tuoksukynttila-marine-freshness-75x95mm\/#primaryimage","url":"https:\/\/eettinenluksus.fi\/shop\/wp-content\/uploads\/sites\/4\/1726\/12\/Milu_marine_freshness_nelio.jpg","contentUrl":"https:\/\/eettinenluksus.fi\/shop\/wp-content\/uploads\/sites\/4\/1726\/12\/Milu_marine_freshness_nelio.jpg","width":600,"height":600,"caption":"Moomin Marine Freshness"},{"@type":"BreadcrumbList","@id":"https:\/\/eettinenluksus.fi\/shop\/tuote\/moominbymilu-tuoksukynttila-marine-freshness-75x95mm\/#breadcrumb","itemListElement":[{"@type":"ListItem","position":1,"name":"Etusivu","item":"https:\/\/eettinenluksus.fi\/shop\/"},{"@type":"ListItem","position":2,"name":"Kauppa","item":"https:\/\/eettinenluksus.fi\/shop\/en\/kauppa\/"},{"@type":"ListItem","position":3,"name":"MoominbyMiLu Tuoksukynttil\u00e4 Marine Freshness 75x95mm"}]},{"@type":"WebSite","@id":"https:\/\/eettinenluksus.fi\/shop\/#website","url":"https:\/\/eettinenluksus.fi\/shop\/","name":"Shop Eettinen Luksus","description":"Uusi verkkokauppa","publisher":{"@id":"https:\/\/eettinenluksus.fi\/shop\/#organization"},"potentialAction":[{"@type":"SearchAction","target":{"@type":"EntryPoint","urlTemplate":"https:\/\/eettinenluksus.fi\/shop\/?s={search_term_string}"},"query-input":{"@type":"PropertyValueSpecification","valueRequired":true,"valueName":"search_term_string"}}],"inLanguage":"fi"},{"@type":"Organization","@id":"https:\/\/eettinenluksus.fi\/shop\/#organization","name":"Shop Eettinen Luksus","url":"https:\/\/eettinenluksus.fi\/shop\/","logo":{"@type":"ImageObject","inLanguage":"fi","@id":"https:\/\/eettinenluksus.fi\/shop\/#\/schema\/logo\/image\/","url":"https:\/\/eettinenluksus.fi\/shop\/wp-content\/uploads\/sites\/4\/1664\/37\/cropped-ELO.jpg","contentUrl":"https:\/\/eettinenluksus.fi\/shop\/wp-content\/uploads\/sites\/4\/1664\/37\/cropped-ELO.jpg","width":810,"height":350,"caption":"Shop Eettinen Luksus"},"image":{"@id":"https:\/\/eettinenluksus.fi\/shop\/#\/schema\/logo\/image\/"},"sameAs":["https:\/\/www.facebook.com\/eettinenluksus","https:\/\/www.instagram.com\/eettinenluksus\/"]}]},"product_price_amount":"12.00","product_price_currency":"EUR","og_availability":"instock","product_availability":"instock","product_retailer_item_id":"3788505","product_condition":"new"},"_links":{"self":[{"href":"https:\/\/eettinenluksus.fi\/shop\/wp-json\/wp\/v2\/product\/3058","targetHints":{"allow":["GET"]}}],"collection":[{"href":"https:\/\/eettinenluksus.fi\/shop\/wp-json\/wp\/v2\/product"}],"about":[{"href":"https:\/\/eettinenluksus.fi\/shop\/wp-json\/wp\/v2\/types\/product"}],"version-history":[{"count":6,"href":"https:\/\/eettinenluksus.fi\/shop\/wp-json\/wp\/v2\/product\/3058\/revisions"}],"predecessor-version":[{"id":3088,"href":"https:\/\/eettinenluksus.fi\/shop\/wp-json\/wp\/v2\/product\/3058\/revisions\/3088"}],"wp:featuredmedia":[{"embeddable":true,"href":"https:\/\/eettinenluksus.fi\/shop\/wp-json\/wp\/v2\/media\/4036"}],"wp:attachment":[{"href":"https:\/\/eettinenluksus.fi\/shop\/wp-json\/wp\/v2\/media?parent=3058"}],"wp:term":[{"taxonomy":"product_brand","embeddable":true,"href":"https:\/\/eettinenluksus.fi\/shop\/wp-json\/wp\/v2\/product_brand?post=3058"},{"taxonomy":"product_cat","embeddable":true,"href":"https:\/\/eettinenluksus.fi\/shop\/wp-json\/wp\/v2\/product_cat?post=3058"},{"taxonomy":"product_tag","embeddable":true,"href":"https:\/\/eettinenluksus.fi\/shop\/wp-json\/wp\/v2\/product_tag?post=3058"}],"curies":[{"name":"wp","href":"https:\/\/api.w.org\/{rel}","templated":true}]}}