{"id":300,"date":"2022-10-05T14:48:29","date_gmt":"2022-10-05T11:48:29","guid":{"rendered":"https:\/\/eettinenluksus.fi\/shop2022\/?post_type=product&#038;p=300"},"modified":"2025-12-03T15:58:39","modified_gmt":"2025-12-03T13:58:39","slug":"method-lasinpesuaine-minttu-828ml","status":"publish","type":"product","link":"https:\/\/eettinenluksus.fi\/shop\/tuote\/method-lasinpesuaine-minttu-828ml\/","title":{"rendered":"Method Lasinpesuaine Minttu 828ml"},"content":{"rendered":"<p style=\"font-size: 0px;\">Method Ikkunanpesuaine Minttu 828ml, Ekologinen kasvi- ja mineraalipohjainen biohajoava method ikkunanpesuaine minttu 828ml puhdistaa ikkunat peilit ja muut lasipinnat ilman raitoja<\/p>\n<p>Kasvi- ja mineraalipohjaisista ainesosista valmistettu biohajoava lasinpesuaine puhdistaa ikkunat, peilit ja muut lasipinnat ilman raitoja Powergreen\u00ae-teknologia voimalla. Ihanteellinen ikkunoiden ja peilien puhdistusaine. Soveltuu my\u00f6s kivipinnoille, laatoille, ty\u00f6tasoille.<\/p>\n<p>Tuoksuna minttu &#8211; Virkist\u00e4v\u00e4, viile\u00e4n kirpe\u00e4 mintun tuoksu saa lis\u00e4v\u00e4ri\u00e4 eukalyptuksen lehdist\u00e4 ja j\u00e4\u00e4t\u00e4v\u00e4st\u00e4 villimintusta. Lopputulos on kuin henk\u00e4ys vuoristoilmaa.<\/p>\n<ul>\n<li>Ei el\u00e4inkokeita<\/li>\n<li>Leaping Bunny -sertifikaatti<\/li>\n<li>Ei sis\u00e4ll\u00e4 ammoniakkia<\/li>\n<\/ul>\n<p style=\"font-size: 0px;\"><a href=\"https:\/\/www.facebook.com\/eettinenluksus\/\"><span style=\"font-size: 0px;\">&#8211;<\/span><\/a><a href=\"https:\/\/www.instagram.com\/eettinenluksus\/\"><span style=\"font-size: 0px;\">&#8211;<\/span><\/a>Method Ikkunanpesuaine Minttu Ikkunanpesuaine, Ikkunanpesuaine ekologinen Lasinpesuaine. Kasvipohjainen, Minttu ekologinen Biohajoava. Mineraalipohjainen, Lasipinnat ekologinen Peilit. Kasvipohjainen, Kasvipohjainen ekologinen Ikkunat. Kasvipohjainen, Ikkunanpesuaine ekologinen Lasinpesuaine. Ikkunanpesuaine, Minttu ekologinen Biohajoava. Mineraalipohjainen, Lasipinnat ekologinen Peilit. Mineraalipohjainen, Kasvipohjainen ekologinen Ikkunat. Ikkunanpesuaine, Ikkunanpesuaine ekologinen Lasinpesuaine. Mineraalipohjainen, Minttu ekologinen Biohajoava.<\/p>\n<p style=\"font-size: 0px;\">Mineraalipohjainen, Lasipinnat ekologinen Peilit. Kasvipohjainen, Kasvipohjainen ekologinen Ikkunat. Kasvipohjainen, Ikkunanpesuaine ekologinen Lasinpesuaine. Mineraalipohjainen, Minttu ekologinen Biohajoava. Kasvipohjainen, Lasipinnat ekologinen Peilit. Mineraalipohjainen, Kasvipohjainen ekologinen Ikkunat. Kasvipohjainen, Minttu ekologinen Biohajoava. Kasvipohjainen, Lasipinnat ekologinen Peilit. Kasvipohjainen, Kasvipohjainen ekologinen Ikkunat. Mineraalipohjainen, Ikkunanpesuaine ekologinen Lasinpesuaine.<\/p>\n<h2 style=\"font-size: 0px;\">Method Ikkunanpesuaine Minttu 828ml<\/h2>\n<p style=\"font-size: 0px;\"><a href=\"https:\/\/onxon.fi\/\"><span style=\"font-size: 0px;\">&#8211;<\/span><\/a>Method Ikkunanpesuaine Minttu Ikkunanpesuaine, Ikkunanpesuaine ekologinen Lasinpesuaine. Mineraalipohjainen, Minttu ekologinen Biohajoava. Mineraalipohjainen, Lasipinnat ekologinen Peilit. Mineraalipohjainen, Kasvipohjainen ekologinen Ikkunat. Mineraalipohjainen, Ikkunanpesuaine ekologinen Lasinpesuaine. Ikkunanpesuaine, Minttu ekologinen Biohajoava. Ikkunanpesuaine, Lasipinnat ekologinen Peilit. Mineraalipohjainen, Kasvipohjainen ekologinen Ikkunat. Ikkunanpesuaine, Ikkunanpesuaine ekologinen Lasinpesuaine. Kasvipohjainen, Minttu ekologinen Biohajoava. Mineraalipohjainen, Lasipinnat ekologinen Peilit. Mineraalipohjainen, Ikkunanpesuaine ekologinen Lasinpesuaine. Kasvipohjainen, Minttu ekologinen Biohajoava. Mineraalipohjainen, Lasipinnat ekologinen Peilit. Kasvipohjainen, Kasvipohjainen ekologinen Ikkunat. Mineraalipohjainen, Kasvipohjainen ekologinen Ikkunat.<\/p>\n<p style=\"font-size: 0px;\">Mineraalipohjainen, Minttu ekologinen Biohajoava. Mineraalipohjainen, Lasipinnat ekologinen Peilit. Ikkunanpesuaine, Kasvipohjainen ekologinen Ikkunat. Mineraalipohjainen, Ikkunanpesuaine ekologinen Lasinpesuaine.<\/p>\n<ul style=\"font-size: 0px;\">\n<li>ikkunanpesuaine<\/li>\n<li>lasinpesuaine<\/li>\n<li>minttu<\/li>\n<\/ul>\n<p><a href=\"https:\/\/eettinenluksus.fi\/shop\/tuote\/method-astianpesuaine-naked-532ml\/\"><span style=\"font-size: 0px;\">&#8211;<\/span><\/a><a href=\"https:\/\/eettinenluksus.fi\/shop\/tuote\/method-yleispuhdistussuihke-french-lavender-828ml\/\"><span style=\"font-size: 0px;\">&#8211;<\/span><\/a><a href=\"https:\/\/eettinenluksus.fi\/shop\/en\/product\/method-puhdistussuihke-puu-354ml\/\"><span style=\"font-size: 0px;\">&#8211;<\/span><\/a><a href=\"https:\/\/eettinenluksus.fi\/shop\/tuote\/method-yleispuhdistussuihke-pink-grapefruit\/\"><span style=\"font-size: 0px;\">&#8211;<\/span><\/a><a href=\"https:\/\/eettinenluksus.fi\/shop\/tuote\/method-lattianpesuaine-puulattialle-manteli-739ml\/\"><span style=\"font-size: 0px;\">&#8211;<\/span><\/a><\/p>\n","protected":false},"excerpt":{"rendered":"<p>Kasvipohjainen lasinpesuaine<\/p>\n<p>Poistaa lian, p\u00f6lyn ja sormenj\u00e4ljet ilman raitoja<\/p>\n<p>Tuoksuna minttu<\/p>\n","protected":false},"featured_media":4050,"template":"","meta":{"inline_featured_image":false},"product_brand":[],"product_cat":[17,19,49],"product_tag":[70,198,305,306,307,309,163,308,310],"class_list":{"0":"post-300","1":"product","2":"type-product","3":"status-publish","4":"has-post-thumbnail","6":"product_cat-method","7":"product_cat-method-siivous","8":"product_cat-siivous","9":"product_tag-ekologinen","10":"product_tag-ikkunanpesu","11":"product_tag-ikkunanpesuaine","12":"product_tag-lasinpesu","13":"product_tag-lasinpesuaine","14":"product_tag-lasipinnat","15":"product_tag-method","16":"product_tag-minttu","17":"product_tag-peilit","19":"first","20":"instock","21":"taxable","22":"shipping-taxable","23":"purchasable","24":"product-type-simple"},"yoast_head":"<!-- This site is optimized with the Yoast SEO Premium plugin v26.8 (Yoast SEO v27.4) - https:\/\/yoast.com\/product\/yoast-seo-premium-wordpress\/ -->\n<title>Method Lasinpesuaine Minttu 828ml - Shop Eettinen Luksus<\/title>\n<meta name=\"description\" content=\"Ekologinen kasvi- ja mineraalipohjainen biohajoava method ikkunanpesuaine minttu 828ml puhdistaa ikkunat peilit ja muut lasipinnat ilman raitoja\" \/>\n<meta name=\"robots\" content=\"index, follow, max-snippet:-1, max-image-preview:large, max-video-preview:-1\" \/>\n<link rel=\"canonical\" href=\"https:\/\/eettinenluksus.fi\/shop\/tuote\/method-lasinpesuaine-minttu-828ml\/\" \/>\n<meta property=\"og:locale\" content=\"fi_FI\" \/>\n<meta property=\"og:type\" content=\"article\" \/>\n<meta property=\"og:title\" content=\"Method Lasinpesuaine Minttu 828ml\" \/>\n<meta property=\"og:description\" content=\"Ekologinen kasvi- ja mineraalipohjainen biohajoava method ikkunanpesuaine minttu 828ml puhdistaa ikkunat peilit ja muut lasipinnat ilman raitoja\" \/>\n<meta property=\"og:url\" content=\"https:\/\/eettinenluksus.fi\/shop\/tuote\/method-lasinpesuaine-minttu-828ml\/\" \/>\n<meta property=\"og:site_name\" content=\"Shop Eettinen Luksus\" \/>\n<meta property=\"article:publisher\" content=\"https:\/\/www.facebook.com\/eettinenluksus\" \/>\n<meta property=\"article:modified_time\" content=\"2025-12-03T13:58:39+00:00\" \/>\n<meta property=\"og:image\" content=\"https:\/\/eettinenluksus.fi\/shop\/wp-content\/uploads\/sites\/4\/1726\/17\/Ikkunanpesuaine-nelio.jpg\" \/>\n\t<meta property=\"og:image:width\" content=\"1045\" \/>\n\t<meta property=\"og:image:height\" content=\"1045\" \/>\n\t<meta property=\"og:image:type\" content=\"image\/jpeg\" \/>\n<meta name=\"twitter:card\" content=\"summary_large_image\" \/>\n<meta name=\"twitter:label1\" content=\"Hinta\" \/>\n\t<meta name=\"twitter:data1\" content=\"7,45&nbsp;&euro;\" \/>\n\t<meta name=\"twitter:label2\" content=\"Saatavuus\" \/>\n\t<meta name=\"twitter:data2\" content=\"Varastossa\" \/>\n<script type=\"application\/ld+json\" class=\"yoast-schema-graph\">{\"@context\":\"https:\\\/\\\/schema.org\",\"@graph\":[{\"@type\":\"WebPage\",\"@id\":\"https:\\\/\\\/eettinenluksus.fi\\\/shop\\\/tuote\\\/method-lasinpesuaine-minttu-828ml\\\/\",\"url\":\"https:\\\/\\\/eettinenluksus.fi\\\/shop\\\/tuote\\\/method-lasinpesuaine-minttu-828ml\\\/\",\"name\":\"Method Lasinpesuaine Minttu 828ml - Shop Eettinen Luksus\",\"isPartOf\":{\"@id\":\"https:\\\/\\\/eettinenluksus.fi\\\/shop\\\/#website\"},\"primaryImageOfPage\":{\"@id\":\"https:\\\/\\\/eettinenluksus.fi\\\/shop\\\/tuote\\\/method-lasinpesuaine-minttu-828ml\\\/#primaryimage\"},\"image\":{\"@id\":\"https:\\\/\\\/eettinenluksus.fi\\\/shop\\\/tuote\\\/method-lasinpesuaine-minttu-828ml\\\/#primaryimage\"},\"thumbnailUrl\":\"https:\\\/\\\/eettinenluksus.fi\\\/shop\\\/wp-content\\\/uploads\\\/sites\\\/4\\\/1726\\\/17\\\/Ikkunanpesuaine-nelio.jpg\",\"datePublished\":\"2022-10-05T11:48:29+00:00\",\"dateModified\":\"2025-12-03T13:58:39+00:00\",\"description\":\"Ekologinen kasvi- ja mineraalipohjainen biohajoava method ikkunanpesuaine minttu 828ml puhdistaa ikkunat peilit ja muut lasipinnat ilman raitoja\",\"breadcrumb\":{\"@id\":\"https:\\\/\\\/eettinenluksus.fi\\\/shop\\\/tuote\\\/method-lasinpesuaine-minttu-828ml\\\/#breadcrumb\"},\"inLanguage\":\"fi\",\"potentialAction\":[{\"@type\":\"ReadAction\",\"target\":[\"https:\\\/\\\/eettinenluksus.fi\\\/shop\\\/tuote\\\/method-lasinpesuaine-minttu-828ml\\\/\"]}]},{\"@type\":\"ImageObject\",\"inLanguage\":\"fi\",\"@id\":\"https:\\\/\\\/eettinenluksus.fi\\\/shop\\\/tuote\\\/method-lasinpesuaine-minttu-828ml\\\/#primaryimage\",\"url\":\"https:\\\/\\\/eettinenluksus.fi\\\/shop\\\/wp-content\\\/uploads\\\/sites\\\/4\\\/1726\\\/17\\\/Ikkunanpesuaine-nelio.jpg\",\"contentUrl\":\"https:\\\/\\\/eettinenluksus.fi\\\/shop\\\/wp-content\\\/uploads\\\/sites\\\/4\\\/1726\\\/17\\\/Ikkunanpesuaine-nelio.jpg\",\"width\":1045,\"height\":1045,\"caption\":\"Ikkunanpesuaine\"},{\"@type\":\"BreadcrumbList\",\"@id\":\"https:\\\/\\\/eettinenluksus.fi\\\/shop\\\/tuote\\\/method-lasinpesuaine-minttu-828ml\\\/#breadcrumb\",\"itemListElement\":[{\"@type\":\"ListItem\",\"position\":1,\"name\":\"Etusivu\",\"item\":\"https:\\\/\\\/eettinenluksus.fi\\\/shop\\\/\"},{\"@type\":\"ListItem\",\"position\":2,\"name\":\"Kauppa\",\"item\":\"https:\\\/\\\/eettinenluksus.fi\\\/shop\\\/en\\\/kauppa\\\/\"},{\"@type\":\"ListItem\",\"position\":3,\"name\":\"Method Lasinpesuaine Minttu 828ml\"}]},{\"@type\":\"WebSite\",\"@id\":\"https:\\\/\\\/eettinenluksus.fi\\\/shop\\\/#website\",\"url\":\"https:\\\/\\\/eettinenluksus.fi\\\/shop\\\/\",\"name\":\"Shop Eettinen Luksus\",\"description\":\"Uusi verkkokauppa\",\"publisher\":{\"@id\":\"https:\\\/\\\/eettinenluksus.fi\\\/shop\\\/#organization\"},\"potentialAction\":[{\"@type\":\"SearchAction\",\"target\":{\"@type\":\"EntryPoint\",\"urlTemplate\":\"https:\\\/\\\/eettinenluksus.fi\\\/shop\\\/?s={search_term_string}\"},\"query-input\":{\"@type\":\"PropertyValueSpecification\",\"valueRequired\":true,\"valueName\":\"search_term_string\"}}],\"inLanguage\":\"fi\"},{\"@type\":\"Organization\",\"@id\":\"https:\\\/\\\/eettinenluksus.fi\\\/shop\\\/#organization\",\"name\":\"Shop Eettinen Luksus\",\"url\":\"https:\\\/\\\/eettinenluksus.fi\\\/shop\\\/\",\"logo\":{\"@type\":\"ImageObject\",\"inLanguage\":\"fi\",\"@id\":\"https:\\\/\\\/eettinenluksus.fi\\\/shop\\\/#\\\/schema\\\/logo\\\/image\\\/\",\"url\":\"https:\\\/\\\/eettinenluksus.fi\\\/shop\\\/wp-content\\\/uploads\\\/sites\\\/4\\\/1664\\\/37\\\/cropped-ELO.jpg\",\"contentUrl\":\"https:\\\/\\\/eettinenluksus.fi\\\/shop\\\/wp-content\\\/uploads\\\/sites\\\/4\\\/1664\\\/37\\\/cropped-ELO.jpg\",\"width\":810,\"height\":350,\"caption\":\"Shop Eettinen Luksus\"},\"image\":{\"@id\":\"https:\\\/\\\/eettinenluksus.fi\\\/shop\\\/#\\\/schema\\\/logo\\\/image\\\/\"},\"sameAs\":[\"https:\\\/\\\/www.facebook.com\\\/eettinenluksus\",\"https:\\\/\\\/www.instagram.com\\\/eettinenluksus\\\/\"]}]}<\/script>\n<meta property=\"product:price:amount\" content=\"7.45\" \/>\n<meta property=\"product:price:currency\" content=\"EUR\" \/>\n<meta property=\"og:availability\" content=\"instock\" \/>\n<meta property=\"product:availability\" content=\"instock\" \/>\n<meta property=\"product:retailer_item_id\" content=\"4006333\" \/>\n<meta property=\"product:condition\" content=\"new\" \/>\n<!-- \/ Yoast SEO Premium plugin. -->","yoast_head_json":{"title":"Method Lasinpesuaine Minttu 828ml - Shop Eettinen Luksus","description":"Ekologinen kasvi- ja mineraalipohjainen biohajoava method ikkunanpesuaine minttu 828ml puhdistaa ikkunat peilit ja muut lasipinnat ilman raitoja","robots":{"index":"index","follow":"follow","max-snippet":"max-snippet:-1","max-image-preview":"max-image-preview:large","max-video-preview":"max-video-preview:-1"},"canonical":"https:\/\/eettinenluksus.fi\/shop\/tuote\/method-lasinpesuaine-minttu-828ml\/","og_locale":"fi_FI","og_type":"article","og_title":"Method Lasinpesuaine Minttu 828ml","og_description":"Ekologinen kasvi- ja mineraalipohjainen biohajoava method ikkunanpesuaine minttu 828ml puhdistaa ikkunat peilit ja muut lasipinnat ilman raitoja","og_url":"https:\/\/eettinenluksus.fi\/shop\/tuote\/method-lasinpesuaine-minttu-828ml\/","og_site_name":"Shop Eettinen Luksus","article_publisher":"https:\/\/www.facebook.com\/eettinenluksus","article_modified_time":"2025-12-03T13:58:39+00:00","og_image":[{"width":1045,"height":1045,"url":"https:\/\/eettinenluksus.fi\/shop\/wp-content\/uploads\/sites\/4\/1726\/17\/Ikkunanpesuaine-nelio.jpg","type":"image\/jpeg"}],"twitter_card":"summary_large_image","twitter_misc":{"Hinta":"7,45&nbsp;&euro;","Saatavuus":"Varastossa"},"schema":{"@context":"https:\/\/schema.org","@graph":[{"@type":"WebPage","@id":"https:\/\/eettinenluksus.fi\/shop\/tuote\/method-lasinpesuaine-minttu-828ml\/","url":"https:\/\/eettinenluksus.fi\/shop\/tuote\/method-lasinpesuaine-minttu-828ml\/","name":"Method Lasinpesuaine Minttu 828ml - Shop Eettinen Luksus","isPartOf":{"@id":"https:\/\/eettinenluksus.fi\/shop\/#website"},"primaryImageOfPage":{"@id":"https:\/\/eettinenluksus.fi\/shop\/tuote\/method-lasinpesuaine-minttu-828ml\/#primaryimage"},"image":{"@id":"https:\/\/eettinenluksus.fi\/shop\/tuote\/method-lasinpesuaine-minttu-828ml\/#primaryimage"},"thumbnailUrl":"https:\/\/eettinenluksus.fi\/shop\/wp-content\/uploads\/sites\/4\/1726\/17\/Ikkunanpesuaine-nelio.jpg","datePublished":"2022-10-05T11:48:29+00:00","dateModified":"2025-12-03T13:58:39+00:00","description":"Ekologinen kasvi- ja mineraalipohjainen biohajoava method ikkunanpesuaine minttu 828ml puhdistaa ikkunat peilit ja muut lasipinnat ilman raitoja","breadcrumb":{"@id":"https:\/\/eettinenluksus.fi\/shop\/tuote\/method-lasinpesuaine-minttu-828ml\/#breadcrumb"},"inLanguage":"fi","potentialAction":[{"@type":"ReadAction","target":["https:\/\/eettinenluksus.fi\/shop\/tuote\/method-lasinpesuaine-minttu-828ml\/"]}]},{"@type":"ImageObject","inLanguage":"fi","@id":"https:\/\/eettinenluksus.fi\/shop\/tuote\/method-lasinpesuaine-minttu-828ml\/#primaryimage","url":"https:\/\/eettinenluksus.fi\/shop\/wp-content\/uploads\/sites\/4\/1726\/17\/Ikkunanpesuaine-nelio.jpg","contentUrl":"https:\/\/eettinenluksus.fi\/shop\/wp-content\/uploads\/sites\/4\/1726\/17\/Ikkunanpesuaine-nelio.jpg","width":1045,"height":1045,"caption":"Ikkunanpesuaine"},{"@type":"BreadcrumbList","@id":"https:\/\/eettinenluksus.fi\/shop\/tuote\/method-lasinpesuaine-minttu-828ml\/#breadcrumb","itemListElement":[{"@type":"ListItem","position":1,"name":"Etusivu","item":"https:\/\/eettinenluksus.fi\/shop\/"},{"@type":"ListItem","position":2,"name":"Kauppa","item":"https:\/\/eettinenluksus.fi\/shop\/en\/kauppa\/"},{"@type":"ListItem","position":3,"name":"Method Lasinpesuaine Minttu 828ml"}]},{"@type":"WebSite","@id":"https:\/\/eettinenluksus.fi\/shop\/#website","url":"https:\/\/eettinenluksus.fi\/shop\/","name":"Shop Eettinen Luksus","description":"Uusi verkkokauppa","publisher":{"@id":"https:\/\/eettinenluksus.fi\/shop\/#organization"},"potentialAction":[{"@type":"SearchAction","target":{"@type":"EntryPoint","urlTemplate":"https:\/\/eettinenluksus.fi\/shop\/?s={search_term_string}"},"query-input":{"@type":"PropertyValueSpecification","valueRequired":true,"valueName":"search_term_string"}}],"inLanguage":"fi"},{"@type":"Organization","@id":"https:\/\/eettinenluksus.fi\/shop\/#organization","name":"Shop Eettinen Luksus","url":"https:\/\/eettinenluksus.fi\/shop\/","logo":{"@type":"ImageObject","inLanguage":"fi","@id":"https:\/\/eettinenluksus.fi\/shop\/#\/schema\/logo\/image\/","url":"https:\/\/eettinenluksus.fi\/shop\/wp-content\/uploads\/sites\/4\/1664\/37\/cropped-ELO.jpg","contentUrl":"https:\/\/eettinenluksus.fi\/shop\/wp-content\/uploads\/sites\/4\/1664\/37\/cropped-ELO.jpg","width":810,"height":350,"caption":"Shop Eettinen Luksus"},"image":{"@id":"https:\/\/eettinenluksus.fi\/shop\/#\/schema\/logo\/image\/"},"sameAs":["https:\/\/www.facebook.com\/eettinenluksus","https:\/\/www.instagram.com\/eettinenluksus\/"]}]},"product_price_amount":"7.45","product_price_currency":"EUR","og_availability":"instock","product_availability":"instock","product_retailer_item_id":"4006333","product_condition":"new"},"_links":{"self":[{"href":"https:\/\/eettinenluksus.fi\/shop\/wp-json\/wp\/v2\/product\/300","targetHints":{"allow":["GET"]}}],"collection":[{"href":"https:\/\/eettinenluksus.fi\/shop\/wp-json\/wp\/v2\/product"}],"about":[{"href":"https:\/\/eettinenluksus.fi\/shop\/wp-json\/wp\/v2\/types\/product"}],"version-history":[{"count":14,"href":"https:\/\/eettinenluksus.fi\/shop\/wp-json\/wp\/v2\/product\/300\/revisions"}],"predecessor-version":[{"id":5206,"href":"https:\/\/eettinenluksus.fi\/shop\/wp-json\/wp\/v2\/product\/300\/revisions\/5206"}],"wp:featuredmedia":[{"embeddable":true,"href":"https:\/\/eettinenluksus.fi\/shop\/wp-json\/wp\/v2\/media\/4050"}],"wp:attachment":[{"href":"https:\/\/eettinenluksus.fi\/shop\/wp-json\/wp\/v2\/media?parent=300"}],"wp:term":[{"taxonomy":"product_brand","embeddable":true,"href":"https:\/\/eettinenluksus.fi\/shop\/wp-json\/wp\/v2\/product_brand?post=300"},{"taxonomy":"product_cat","embeddable":true,"href":"https:\/\/eettinenluksus.fi\/shop\/wp-json\/wp\/v2\/product_cat?post=300"},{"taxonomy":"product_tag","embeddable":true,"href":"https:\/\/eettinenluksus.fi\/shop\/wp-json\/wp\/v2\/product_tag?post=300"}],"curies":[{"name":"wp","href":"https:\/\/api.w.org\/{rel}","templated":true}]}}