{"id":298,"date":"2022-10-05T14:46:35","date_gmt":"2022-10-05T11:46:35","guid":{"rendered":"https:\/\/eettinenluksus.fi\/shop2022\/?post_type=product&#038;p=298"},"modified":"2024-09-20T10:47:37","modified_gmt":"2024-09-20T07:47:37","slug":"method-lattianpesuaine-wild-rhubarb-739ml","status":"publish","type":"product","link":"https:\/\/eettinenluksus.fi\/shop\/tuote\/method-lattianpesuaine-wild-rhubarb-739ml\/","title":{"rendered":"Method Lattianpesuaine Wild Rhubarb 739ml"},"content":{"rendered":"<p>Method Lattianpesuaine Wild Rhubarb 739ml on k\u00e4ytt\u00f6valmis ja ekologinen lattianpesuaine koville lattioille. Kasvi- ja mineraalipohjaisista ainesosista valmistettu biohajoava lattianpesuaine puhdistaa kaikki kovat lattiapinnat ilman ylim\u00e4\u00e4r\u00e4ist\u00e4 vett\u00e4.<\/p>\n<p>Tuoksuna Wild Rhubarb &#8211; T\u00e4m\u00e4 on raparperi juhla-asussaan. Tuore ja hapokas kuin vastapoimittuna. Vain vaniljakastike puuttuu.<\/p>\n<p>Tuoksu on niin houkutteleva, ett\u00e4 haluaisit todenn\u00e4k\u00f6isesti sy\u00f6d\u00e4 suoraan lattialta. Emme kuitenkaan suosittele sit\u00e4. Vahaton koostumus on kuitenkin myrkyt\u00f6n ja biohajoava. Jos ruokaa tipahtaa lattialle, nappaat sen vain \u00e4kki\u00e4 yl\u00f6s. Kukaan ei huomaa.<\/p>\n<ul>\n<li>Sopii vain koville lattiapinnoille, ei k\u00e4sittelem\u00e4tt\u00f6m\u00e4lle puulle<\/li>\n<li>Ei el\u00e4inkokeita<\/li>\n<\/ul>\n<p style=\"font-size: 0px;\"><a href=\"https:\/\/onxon.fi\/\"><span style=\"font-size: 0px;\">&#8211;<\/span><\/a>Method Lattianpesuaine Wild rhubarb Mineraalipohjainen, Lattianpesuaine ekologinen K\u00e4ytt\u00f6valmis. Mineraalipohjainen, Wild rhubarb ekologinen Biohajoava. Mineraalipohjainen, Kivilattiat ekologinen Linoleumilattiat. Mineraalipohjainen, Kasvipohjainen ekologinen Muovilattiat. Mineraalipohjainen, Lattianpesuaine ekologinen K\u00e4ytt\u00f6valmis. Mineraalipohjainen, Wild rhubarb ekologinen Biohajoava. Mineraalipohjainen, Kivilattiat ekologinen Linoleumilattiat. Mineraalipohjainen, Kasvipohjainen ekologinen Muovilattiat. Mineraalipohjainen, Lattianpesuaine ekologinen K\u00e4ytt\u00f6valmis. Mineraalipohjainen, Wild rhubarb ekologinen Biohajoava. Mineraalipohjainen, Kivilattiat ekologinen Linoleumilattiat. Mineraalipohjainen, Kasvipohjainen ekologinen Muovilattiat. Mineraalipohjainen, Lattianpesuaine ekologinen K\u00e4ytt\u00f6valmis. Mineraalipohjainen, Wild rhubarb ekologinen Biohajoava. Mineraalipohjainen, Kivilattiat ekologinen Linoleumilattiat. Mineraalipohjainen, Kasvipohjainen ekologinen Muovilattiat. Mineraalipohjainen, Wild rhubarb ekologinen Biohajoava. Mineraalipohjainen, Kivilattiat ekologinen Linoleumilattiat. Mineraalipohjainen, Kasvipohjainen ekologinen Muovilattiat. Mineraalipohjainen, Lattianpesuaine ekologinen K\u00e4ytt\u00f6valmis.<\/p>\n<h2 style=\"font-size: 0px;\">Method Lattianpesuaine Wild rhubarb<\/h2>\n<p style=\"font-size: 0px;\"><a href=\"https:\/\/onxon.fi\/\"><span style=\"font-size: 0px;\">&#8211;<\/span><\/a>Method Lattianpesuaine Wild rhubarb Mineraalipohjainen, Lattianpesuaine ekologinen K\u00e4ytt\u00f6valmis. Mineraalipohjainen, Wild rhubarb ekologinen Biohajoava. Mineraalipohjainen, Kivilattiat ekologinen Linoleumilattiat. Mineraalipohjainen, Kasvipohjainen ekologinen Muovilattiat. Mineraalipohjainen, Lattianpesuaine ekologinen K\u00e4ytt\u00f6valmis. Mineraalipohjainen, Wild rhubarb ekologinen Biohajoava. Mineraalipohjainen, Kivilattiat ekologinen Linoleumilattiat. Mineraalipohjainen, Kasvipohjainen ekologinen Muovilattiat. Mineraalipohjainen, Lattianpesuaine ekologinen K\u00e4ytt\u00f6valmis. Mineraalipohjainen, Wild rhubarb ekologinen Biohajoava. Mineraalipohjainen, Kivilattiat ekologinen Linoleumilattiat. Mineraalipohjainen, Lattianpesuaine ekologinen K\u00e4ytt\u00f6valmis. Mineraalipohjainen, Wild rhubarb ekologinen Biohajoava. Mineraalipohjainen, Kivilattiat ekologinen Linoleumilattiat. Mineraalipohjainen, Kasvipohjainen ekologinen Muovilattiat. Mineraalipohjainen, Kasvipohjainen ekologinen Muovilattiat. Mineraalipohjainen, Wild rhubarb ekologinen Biohajoava. Mineraalipohjainen, Kivilattiat ekologinen Linoleumilattiat. Mineraalipohjainen, Kasvipohjainen ekologinen Muovilattiat. Mineraalipohjainen, Lattianpesuaine ekologinen K\u00e4ytt\u00f6valmis.<a href=\"https:\/\/eettinenluksus.fi\/shop\/tuote\/method-lattianpesuaine-sitruuna-inkivaari-739ml\/\"><span style=\"font-size: 0px;\">&#8211;<\/span><\/span><\/a><a href=\"https:\/\/eettinenluksus.fi\/shop\/tuote\/method-lattianpesuaine-puulattialle-manteli-739ml\/\"><span style=\"font-size: 0px;\">&#8211;<\/span><\/span><\/a><a href=\"https:\/\/eettinenluksus.fi\/shop\/tuote\/method-ikkunanpesuaine-minttu-828ml\/\"><span style=\"font-size: 0px;\">&#8211;<\/span><\/span><\/a><a href=\"https:\/\/eettinenluksus.fi\/shop\/tuote\/method-yleispuhdistussuihke-pink-grapefruit\/\"><span style=\"font-size: 0px;\">&#8211;<\/span><\/span><\/a><a href=\"https:\/\/eettinenluksus.fi\/shop\/tuote\/tuotepaketti-tuparilahjakori-10-tuotetta\/\"><span style=\"font-size: 0px;\">&#8211;<\/span><\/span><\/a><\/p>\n","protected":false},"excerpt":{"rendered":"<p>K\u00e4ytt\u00f6valmis ja ekologinen lattianpesuaine koville lattioille<\/p>\n<p>Spruittaa ja moppaa. Ergonominen suihkusuutin.<\/p>\n<p>Tuoksuna Wild Rhubarb<\/p>\n","protected":false},"featured_media":4056,"template":"","meta":{"inline_featured_image":false},"product_brand":[],"product_cat":[17,19,49],"product_tag":[70,169,311,163,312],"class_list":{"0":"post-298","1":"product","2":"type-product","3":"status-publish","4":"has-post-thumbnail","6":"product_cat-method","7":"product_cat-method-siivous","8":"product_cat-siivous","9":"product_tag-ekologinen","10":"product_tag-lattianpesu","11":"product_tag-lattianpesuaine","12":"product_tag-method","13":"product_tag-wild-rhubarb","15":"first","16":"instock","17":"taxable","18":"shipping-taxable","19":"purchasable","20":"product-type-simple"},"yoast_head":"<!-- This site is optimized with the Yoast SEO Premium plugin v26.8 (Yoast SEO v27.4) - https:\/\/yoast.com\/product\/yoast-seo-premium-wordpress\/ -->\n<title>Method Lattianpesuaine Wild Rhubarb 739ml - Shop Eettinen Luksus<\/title>\n<meta name=\"description\" content=\"K\u00e4ytt\u00f6valmis, ekologinen, kasvi- ja mineraalipohjainen. Puhdistaa kaikki kovat lattiapinnat. Method Lattianpesuaine Wild Rhubarb\" \/>\n<meta name=\"robots\" content=\"index, follow, max-snippet:-1, max-image-preview:large, max-video-preview:-1\" \/>\n<link rel=\"canonical\" href=\"https:\/\/eettinenluksus.fi\/shop\/tuote\/method-lattianpesuaine-wild-rhubarb-739ml\/\" \/>\n<meta property=\"og:locale\" content=\"fi_FI\" \/>\n<meta property=\"og:type\" content=\"article\" \/>\n<meta property=\"og:title\" content=\"Method Lattianpesuaine Wild Rhubarb 739ml\" \/>\n<meta property=\"og:description\" content=\"K\u00e4ytt\u00f6valmis, ekologinen, kasvi- ja mineraalipohjainen. Puhdistaa kaikki kovat lattiapinnat. Method Lattianpesuaine Wild Rhubarb\" \/>\n<meta property=\"og:url\" content=\"https:\/\/eettinenluksus.fi\/shop\/tuote\/method-lattianpesuaine-wild-rhubarb-739ml\/\" \/>\n<meta property=\"og:site_name\" content=\"Shop Eettinen Luksus\" \/>\n<meta property=\"article:publisher\" content=\"https:\/\/www.facebook.com\/eettinenluksus\" \/>\n<meta property=\"article:modified_time\" content=\"2024-09-20T07:47:37+00:00\" \/>\n<meta property=\"og:image\" content=\"https:\/\/eettinenluksus.fi\/shop\/wp-content\/uploads\/sites\/4\/1726\/18\/Lattianpesuaine-Wild-Rhubarb-nelio.jpg\" \/>\n\t<meta property=\"og:image:width\" content=\"1045\" \/>\n\t<meta property=\"og:image:height\" content=\"1045\" \/>\n\t<meta property=\"og:image:type\" content=\"image\/jpeg\" \/>\n<meta name=\"twitter:card\" content=\"summary_large_image\" \/>\n<meta name=\"twitter:label1\" content=\"Hinta\" \/>\n\t<meta name=\"twitter:data1\" content=\"6,75&nbsp;&euro;\" \/>\n\t<meta name=\"twitter:label2\" content=\"Saatavuus\" \/>\n\t<meta name=\"twitter:data2\" content=\"Varastossa\" \/>\n<script type=\"application\/ld+json\" class=\"yoast-schema-graph\">{\"@context\":\"https:\\\/\\\/schema.org\",\"@graph\":[{\"@type\":\"WebPage\",\"@id\":\"https:\\\/\\\/eettinenluksus.fi\\\/shop\\\/tuote\\\/method-lattianpesuaine-wild-rhubarb-739ml\\\/\",\"url\":\"https:\\\/\\\/eettinenluksus.fi\\\/shop\\\/tuote\\\/method-lattianpesuaine-wild-rhubarb-739ml\\\/\",\"name\":\"Method Lattianpesuaine Wild Rhubarb 739ml - Shop Eettinen Luksus\",\"isPartOf\":{\"@id\":\"https:\\\/\\\/eettinenluksus.fi\\\/shop\\\/#website\"},\"primaryImageOfPage\":{\"@id\":\"https:\\\/\\\/eettinenluksus.fi\\\/shop\\\/tuote\\\/method-lattianpesuaine-wild-rhubarb-739ml\\\/#primaryimage\"},\"image\":{\"@id\":\"https:\\\/\\\/eettinenluksus.fi\\\/shop\\\/tuote\\\/method-lattianpesuaine-wild-rhubarb-739ml\\\/#primaryimage\"},\"thumbnailUrl\":\"https:\\\/\\\/eettinenluksus.fi\\\/shop\\\/wp-content\\\/uploads\\\/sites\\\/4\\\/1726\\\/18\\\/Lattianpesuaine-Wild-Rhubarb-nelio.jpg\",\"datePublished\":\"2022-10-05T11:46:35+00:00\",\"dateModified\":\"2024-09-20T07:47:37+00:00\",\"description\":\"K\u00e4ytt\u00f6valmis, ekologinen, kasvi- ja mineraalipohjainen. Puhdistaa kaikki kovat lattiapinnat. Method Lattianpesuaine Wild Rhubarb\",\"breadcrumb\":{\"@id\":\"https:\\\/\\\/eettinenluksus.fi\\\/shop\\\/tuote\\\/method-lattianpesuaine-wild-rhubarb-739ml\\\/#breadcrumb\"},\"inLanguage\":\"fi\",\"potentialAction\":[{\"@type\":\"ReadAction\",\"target\":[\"https:\\\/\\\/eettinenluksus.fi\\\/shop\\\/tuote\\\/method-lattianpesuaine-wild-rhubarb-739ml\\\/\"]}]},{\"@type\":\"ImageObject\",\"inLanguage\":\"fi\",\"@id\":\"https:\\\/\\\/eettinenluksus.fi\\\/shop\\\/tuote\\\/method-lattianpesuaine-wild-rhubarb-739ml\\\/#primaryimage\",\"url\":\"https:\\\/\\\/eettinenluksus.fi\\\/shop\\\/wp-content\\\/uploads\\\/sites\\\/4\\\/1726\\\/18\\\/Lattianpesuaine-Wild-Rhubarb-nelio.jpg\",\"contentUrl\":\"https:\\\/\\\/eettinenluksus.fi\\\/shop\\\/wp-content\\\/uploads\\\/sites\\\/4\\\/1726\\\/18\\\/Lattianpesuaine-Wild-Rhubarb-nelio.jpg\",\"width\":1045,\"height\":1045,\"caption\":\"Lattianpesuaine Wild Rhubarb\"},{\"@type\":\"BreadcrumbList\",\"@id\":\"https:\\\/\\\/eettinenluksus.fi\\\/shop\\\/tuote\\\/method-lattianpesuaine-wild-rhubarb-739ml\\\/#breadcrumb\",\"itemListElement\":[{\"@type\":\"ListItem\",\"position\":1,\"name\":\"Etusivu\",\"item\":\"https:\\\/\\\/eettinenluksus.fi\\\/shop\\\/\"},{\"@type\":\"ListItem\",\"position\":2,\"name\":\"Kauppa\",\"item\":\"https:\\\/\\\/eettinenluksus.fi\\\/shop\\\/en\\\/kauppa\\\/\"},{\"@type\":\"ListItem\",\"position\":3,\"name\":\"Method Lattianpesuaine Wild Rhubarb 739ml\"}]},{\"@type\":\"WebSite\",\"@id\":\"https:\\\/\\\/eettinenluksus.fi\\\/shop\\\/#website\",\"url\":\"https:\\\/\\\/eettinenluksus.fi\\\/shop\\\/\",\"name\":\"Shop Eettinen Luksus\",\"description\":\"Uusi verkkokauppa\",\"publisher\":{\"@id\":\"https:\\\/\\\/eettinenluksus.fi\\\/shop\\\/#organization\"},\"potentialAction\":[{\"@type\":\"SearchAction\",\"target\":{\"@type\":\"EntryPoint\",\"urlTemplate\":\"https:\\\/\\\/eettinenluksus.fi\\\/shop\\\/?s={search_term_string}\"},\"query-input\":{\"@type\":\"PropertyValueSpecification\",\"valueRequired\":true,\"valueName\":\"search_term_string\"}}],\"inLanguage\":\"fi\"},{\"@type\":\"Organization\",\"@id\":\"https:\\\/\\\/eettinenluksus.fi\\\/shop\\\/#organization\",\"name\":\"Shop Eettinen Luksus\",\"url\":\"https:\\\/\\\/eettinenluksus.fi\\\/shop\\\/\",\"logo\":{\"@type\":\"ImageObject\",\"inLanguage\":\"fi\",\"@id\":\"https:\\\/\\\/eettinenluksus.fi\\\/shop\\\/#\\\/schema\\\/logo\\\/image\\\/\",\"url\":\"https:\\\/\\\/eettinenluksus.fi\\\/shop\\\/wp-content\\\/uploads\\\/sites\\\/4\\\/1664\\\/37\\\/cropped-ELO.jpg\",\"contentUrl\":\"https:\\\/\\\/eettinenluksus.fi\\\/shop\\\/wp-content\\\/uploads\\\/sites\\\/4\\\/1664\\\/37\\\/cropped-ELO.jpg\",\"width\":810,\"height\":350,\"caption\":\"Shop Eettinen Luksus\"},\"image\":{\"@id\":\"https:\\\/\\\/eettinenluksus.fi\\\/shop\\\/#\\\/schema\\\/logo\\\/image\\\/\"},\"sameAs\":[\"https:\\\/\\\/www.facebook.com\\\/eettinenluksus\",\"https:\\\/\\\/www.instagram.com\\\/eettinenluksus\\\/\"]}]}<\/script>\n<meta property=\"product:price:amount\" content=\"6.75\" \/>\n<meta property=\"product:price:currency\" content=\"EUR\" \/>\n<meta property=\"og:availability\" content=\"instock\" \/>\n<meta property=\"product:availability\" content=\"instock\" \/>\n<meta property=\"product:retailer_item_id\" content=\"4004282\" \/>\n<meta property=\"product:condition\" content=\"new\" \/>\n<!-- \/ Yoast SEO Premium plugin. -->","yoast_head_json":{"title":"Method Lattianpesuaine Wild Rhubarb 739ml - Shop Eettinen Luksus","description":"K\u00e4ytt\u00f6valmis, ekologinen, kasvi- ja mineraalipohjainen. Puhdistaa kaikki kovat lattiapinnat. Method Lattianpesuaine Wild Rhubarb","robots":{"index":"index","follow":"follow","max-snippet":"max-snippet:-1","max-image-preview":"max-image-preview:large","max-video-preview":"max-video-preview:-1"},"canonical":"https:\/\/eettinenluksus.fi\/shop\/tuote\/method-lattianpesuaine-wild-rhubarb-739ml\/","og_locale":"fi_FI","og_type":"article","og_title":"Method Lattianpesuaine Wild Rhubarb 739ml","og_description":"K\u00e4ytt\u00f6valmis, ekologinen, kasvi- ja mineraalipohjainen. Puhdistaa kaikki kovat lattiapinnat. Method Lattianpesuaine Wild Rhubarb","og_url":"https:\/\/eettinenluksus.fi\/shop\/tuote\/method-lattianpesuaine-wild-rhubarb-739ml\/","og_site_name":"Shop Eettinen Luksus","article_publisher":"https:\/\/www.facebook.com\/eettinenluksus","article_modified_time":"2024-09-20T07:47:37+00:00","og_image":[{"width":1045,"height":1045,"url":"https:\/\/eettinenluksus.fi\/shop\/wp-content\/uploads\/sites\/4\/1726\/18\/Lattianpesuaine-Wild-Rhubarb-nelio.jpg","type":"image\/jpeg"}],"twitter_card":"summary_large_image","twitter_misc":{"Hinta":"6,75&nbsp;&euro;","Saatavuus":"Varastossa"},"schema":{"@context":"https:\/\/schema.org","@graph":[{"@type":"WebPage","@id":"https:\/\/eettinenluksus.fi\/shop\/tuote\/method-lattianpesuaine-wild-rhubarb-739ml\/","url":"https:\/\/eettinenluksus.fi\/shop\/tuote\/method-lattianpesuaine-wild-rhubarb-739ml\/","name":"Method Lattianpesuaine Wild Rhubarb 739ml - Shop Eettinen Luksus","isPartOf":{"@id":"https:\/\/eettinenluksus.fi\/shop\/#website"},"primaryImageOfPage":{"@id":"https:\/\/eettinenluksus.fi\/shop\/tuote\/method-lattianpesuaine-wild-rhubarb-739ml\/#primaryimage"},"image":{"@id":"https:\/\/eettinenluksus.fi\/shop\/tuote\/method-lattianpesuaine-wild-rhubarb-739ml\/#primaryimage"},"thumbnailUrl":"https:\/\/eettinenluksus.fi\/shop\/wp-content\/uploads\/sites\/4\/1726\/18\/Lattianpesuaine-Wild-Rhubarb-nelio.jpg","datePublished":"2022-10-05T11:46:35+00:00","dateModified":"2024-09-20T07:47:37+00:00","description":"K\u00e4ytt\u00f6valmis, ekologinen, kasvi- ja mineraalipohjainen. Puhdistaa kaikki kovat lattiapinnat. Method Lattianpesuaine Wild Rhubarb","breadcrumb":{"@id":"https:\/\/eettinenluksus.fi\/shop\/tuote\/method-lattianpesuaine-wild-rhubarb-739ml\/#breadcrumb"},"inLanguage":"fi","potentialAction":[{"@type":"ReadAction","target":["https:\/\/eettinenluksus.fi\/shop\/tuote\/method-lattianpesuaine-wild-rhubarb-739ml\/"]}]},{"@type":"ImageObject","inLanguage":"fi","@id":"https:\/\/eettinenluksus.fi\/shop\/tuote\/method-lattianpesuaine-wild-rhubarb-739ml\/#primaryimage","url":"https:\/\/eettinenluksus.fi\/shop\/wp-content\/uploads\/sites\/4\/1726\/18\/Lattianpesuaine-Wild-Rhubarb-nelio.jpg","contentUrl":"https:\/\/eettinenluksus.fi\/shop\/wp-content\/uploads\/sites\/4\/1726\/18\/Lattianpesuaine-Wild-Rhubarb-nelio.jpg","width":1045,"height":1045,"caption":"Lattianpesuaine Wild Rhubarb"},{"@type":"BreadcrumbList","@id":"https:\/\/eettinenluksus.fi\/shop\/tuote\/method-lattianpesuaine-wild-rhubarb-739ml\/#breadcrumb","itemListElement":[{"@type":"ListItem","position":1,"name":"Etusivu","item":"https:\/\/eettinenluksus.fi\/shop\/"},{"@type":"ListItem","position":2,"name":"Kauppa","item":"https:\/\/eettinenluksus.fi\/shop\/en\/kauppa\/"},{"@type":"ListItem","position":3,"name":"Method Lattianpesuaine Wild Rhubarb 739ml"}]},{"@type":"WebSite","@id":"https:\/\/eettinenluksus.fi\/shop\/#website","url":"https:\/\/eettinenluksus.fi\/shop\/","name":"Shop Eettinen Luksus","description":"Uusi verkkokauppa","publisher":{"@id":"https:\/\/eettinenluksus.fi\/shop\/#organization"},"potentialAction":[{"@type":"SearchAction","target":{"@type":"EntryPoint","urlTemplate":"https:\/\/eettinenluksus.fi\/shop\/?s={search_term_string}"},"query-input":{"@type":"PropertyValueSpecification","valueRequired":true,"valueName":"search_term_string"}}],"inLanguage":"fi"},{"@type":"Organization","@id":"https:\/\/eettinenluksus.fi\/shop\/#organization","name":"Shop Eettinen Luksus","url":"https:\/\/eettinenluksus.fi\/shop\/","logo":{"@type":"ImageObject","inLanguage":"fi","@id":"https:\/\/eettinenluksus.fi\/shop\/#\/schema\/logo\/image\/","url":"https:\/\/eettinenluksus.fi\/shop\/wp-content\/uploads\/sites\/4\/1664\/37\/cropped-ELO.jpg","contentUrl":"https:\/\/eettinenluksus.fi\/shop\/wp-content\/uploads\/sites\/4\/1664\/37\/cropped-ELO.jpg","width":810,"height":350,"caption":"Shop Eettinen Luksus"},"image":{"@id":"https:\/\/eettinenluksus.fi\/shop\/#\/schema\/logo\/image\/"},"sameAs":["https:\/\/www.facebook.com\/eettinenluksus","https:\/\/www.instagram.com\/eettinenluksus\/"]}]},"product_price_amount":"6.75","product_price_currency":"EUR","og_availability":"instock","product_availability":"instock","product_retailer_item_id":"4004282","product_condition":"new"},"_links":{"self":[{"href":"https:\/\/eettinenluksus.fi\/shop\/wp-json\/wp\/v2\/product\/298","targetHints":{"allow":["GET"]}}],"collection":[{"href":"https:\/\/eettinenluksus.fi\/shop\/wp-json\/wp\/v2\/product"}],"about":[{"href":"https:\/\/eettinenluksus.fi\/shop\/wp-json\/wp\/v2\/types\/product"}],"version-history":[{"count":9,"href":"https:\/\/eettinenluksus.fi\/shop\/wp-json\/wp\/v2\/product\/298\/revisions"}],"predecessor-version":[{"id":3163,"href":"https:\/\/eettinenluksus.fi\/shop\/wp-json\/wp\/v2\/product\/298\/revisions\/3163"}],"wp:featuredmedia":[{"embeddable":true,"href":"https:\/\/eettinenluksus.fi\/shop\/wp-json\/wp\/v2\/media\/4056"}],"wp:attachment":[{"href":"https:\/\/eettinenluksus.fi\/shop\/wp-json\/wp\/v2\/media?parent=298"}],"wp:term":[{"taxonomy":"product_brand","embeddable":true,"href":"https:\/\/eettinenluksus.fi\/shop\/wp-json\/wp\/v2\/product_brand?post=298"},{"taxonomy":"product_cat","embeddable":true,"href":"https:\/\/eettinenluksus.fi\/shop\/wp-json\/wp\/v2\/product_cat?post=298"},{"taxonomy":"product_tag","embeddable":true,"href":"https:\/\/eettinenluksus.fi\/shop\/wp-json\/wp\/v2\/product_tag?post=298"}],"curies":[{"name":"wp","href":"https:\/\/api.w.org\/{rel}","templated":true}]}}