{"id":296,"date":"2022-10-05T14:44:51","date_gmt":"2022-10-05T11:44:51","guid":{"rendered":"https:\/\/eettinenluksus.fi\/shop2022\/?post_type=product&#038;p=296"},"modified":"2024-09-20T10:44:20","modified_gmt":"2024-09-20T07:44:20","slug":"method-lattianpesuaine-puulattialle-manteli-739ml","status":"publish","type":"product","link":"https:\/\/eettinenluksus.fi\/shop\/tuote\/method-lattianpesuaine-puulattialle-manteli-739ml\/","title":{"rendered":"Method Lattianpesuaine puulattialle Manteli 739ml"},"content":{"rendered":"<p style=\"font-size:0px;\">Kasvi- ja mineraalipohjainen k\u00e4ytt\u00f6valmis lattianpesuaine. Ekologinen ja biohajoava Puu parketti ja laminaatti. Method Lattianpesuaine puulattialle 739ml.<\/p>\n<p>Method Lattianpesuaine puulattialle on k\u00e4ytt\u00f6valmis ja ekologinen lattianpesuaine ilman vahaa.<\/p>\n<p>Kasvi- ja mineraalipohjaisista ainesosista valmistettu biohajoava lattianpesuaine puhdistaa puu-, parketti- ja laminaattilattiat ilman ylim\u00e4\u00e4r\u00e4ist\u00e4 vett\u00e4.<\/p>\n<p>T\u00e4ytel\u00e4inen. P\u00e4hkin\u00e4inen. Sopii yhteen suklaan kanssa. N\u00e4ist\u00e4 visailuvihjeist\u00e4 voit p\u00e4\u00e4tell\u00e4, ett\u00e4 kyse on mantelista, ja olet oikeassa. Toki vastaus voisi olla my\u00f6s hasselp\u00e4hkin\u00e4.<\/p>\n<ul>\n<li>Sopii vain sinet\u00f6idyille puupinnoille, ei k\u00e4sittelem\u00e4tt\u00f6m\u00e4lle puulle<\/li>\n<li>Ei el\u00e4inkokeita<\/li>\n<\/ul>\n<p style=\"font-size:0px;\"><a href=\"https:\/\/www.facebook.fi\/eettinenluksus\"><span style=\"font-size:0px;\">&#8211;<\/span><\/a><a href=\"https:\/\/www.facebook.fi\/eettinenluksus\"><span style=\"font-size:0px;\">&#8211;<\/span><\/a>Method Lattianpesuaine puulattiallpuulattiat, Lattianpesuaine ekologinen Lattianpesuaine. Kasvipohjainen, Manteli ekologinen Puulattiat. Kasvipohjainen, Ymp\u00e4rist\u00f6yst\u00e4v\u00e4llinen ekologinen Laminaatti. Kasvipohjainen, Parketti ekologinen K\u00e4ytt\u00f6valmis. Kasvipohjainen, Lattianpesuaine ekologinen Lattianpesuaine. Kasvipohjainen, Manteli ekologinen Puulattiat. Kasvipohjainen, Ymp\u00e4rist\u00f6yst\u00e4v\u00e4llinen Lattianpesuaine Laminaatti. Kasvipohjainen, Parketti ekologinen K\u00e4ytt\u00f6valmis. Kasvipohjainen, Lattianpesuaine Lattianpesuaine Lattianpesuaine. Kasvipohjainen, Manteli ekologinen Puulattiat. Kasvipohjainen, Ymp\u00e4rist\u00f6yst\u00e4v\u00e4llinen Lattianpesuaine Laminaatti. Kasvipohjainen, Parketti ekologinen K\u00e4ytt\u00f6valmis. Kasvipohjainen, Lattianpesuaine Lattianpesuaine Lattianpesuaine. Kasvipohjainen, Manteli ekologinen Puulattiat. Kasvipohjainen, Ymp\u00e4rist\u00f6yst\u00e4v\u00e4llinen Lattianpesuaine Laminaatti. Kasvipohjainen, Parketti ekologinen K\u00e4ytt\u00f6valmis. Kasvipohjainen, Lattianpesuaine ekologinen Lattianpesuaine. Kasvipohjainen, Manteli ekologinen Puulattiat. Kasvipohjainen, Ymp\u00e4rist\u00f6yst\u00e4v\u00e4llinen ekologinen Laminaatti.Kasvipohjainen, Parketti ekologinen K\u00e4ytt\u00f6valmis. Kasvipohjainen, Manteli ekologinen Puulattiat. Kasvipohjainen, Ymp\u00e4rist\u00f6yst\u00e4v\u00e4llinen ekologinen Laminaatti. Kasvipohjainen, Parketti Lattianpesuaine K\u00e4ytt\u00f6valmis. Kasvipohjainen, Lattianpesuaine ekologinen Lattianpesuaine. <\/p>\n<h2 style=\"font-size:0px;\">Method Lattianpesuaine puulattialle 739ml<\/h2>\n<p style=\"font-size:0px;\"> Kasvipohjainen, Lattianpesuaine ekologinen Lattianpesuaine. Kasvipohjainen, Parketti ekologinen K\u00e4ytt\u00f6valmis. Kasvipohjainen, Lattianpesuaine ekologinen Lattianpesuaine. Kasvipohjainen, Manteli ekologinen Puulattiat. Kasvipohjainen, Ymp\u00e4rist\u00f6yst\u00e4v\u00e4llinen ekologinen Laminaatti. Kasvipohjainen, Parketti ekologinen K\u00e4ytt\u00f6valmis. Kasvipohjainen, Lattianpesuaine Lattianpesuaine Lattianpesuaine. Kasvipohjainen, Manteli ekologinen Puulattiat. Kasvipohjainen, Ymp\u00e4rist\u00f6yst\u00e4v\u00e4llinen ekologinen Laminaatti.Kasvipohjainen, Manteli ekologinen Puulattiat. Kasvipohjainen, Ymp\u00e4rist\u00f6yst\u00e4v\u00e4llinen ekologinen Laminaatti. Kasvipohjainen, Parketti ekologinen K\u00e4ytt\u00f6valmis. Kasvipohjainen, Lattianpesuaine ekologinen Lattianpesuaine. Kasvipohjainen, Manteli ekologinen Puulattiat. Kasvipohjainen, Ymp\u00e4rist\u00f6yst\u00e4v\u00e4llinen ekologinen Laminaatti. Kasvipohjainen, Parketti Lattianpesuaine K\u00e4ytt\u00f6valmis. Kasvipohjainen, Lattianpesuaine ekologinen Lattianpesuaine. Kasvipohjainen, Manteli Lattianpesuaine Puulattiat. Kasvipohjainen, Ymp\u00e4rist\u00f6yst\u00e4v\u00e4llinen ekologinen Laminaatti. Kasvipohjainen, Parketti ekologinen K\u00e4ytt\u00f6valmis. Kasvipohjainen, Manteli ekologinen Puulattiat. Kasvipohjainen, Ymp\u00e4rist\u00f6yst\u00e4v\u00e4llinen ekologinen Laminaatti. Kasvipohjainen, Kasvi- ja mineraalipohjainen k\u00e4ytt\u00f6valmis lattianpesuaine. Ekologinen ja biohajoava Puu parketti ja laminaatti. <a href=\"https:\/\/eettinenluksus.fi\/shop\/tuote\/method-lattianpesuaine-wild-rhubarb-739ml\/\"><span style=\"font-size:0px;\">&#8211;<\/span><\/a><a href=\"https:\/\/eettinenluksus.fi\/shop\/tuote\/method-yleispuhdistussuihke-pink-grapefruit\/\"><span style=\"font-size:0px;\">&#8211;<\/span><\/a><a href=\"https:\/\/eettinenluksus.fi\/shop\/tuote\/method-lattianpesuaine-sitruuna-inkivaari-739ml\/\"><span style=\"font-size:0px;\">&#8211;<\/span><\/a><a href=\"https:\/\/eettinenluksus.fi\/shop\/tuote\/mreco-astianpesuharja-puu-sisal\/\"><span style=\"font-size:0px;\">&#8211;<\/span><\/a><a href=\"https:\/\/eettinenluksus.fi\/shop\/en\/product\/method-puhdistussuihke-puu-354ml\/\"><span style=\"font-size:0px;\">&#8211;<\/span><\/a><\/p>\n","protected":false},"excerpt":{"rendered":"<p>K\u00e4ytt\u00f6valmis ekologinen kasvi- ja mineraalipohjainen lattianpesuaine.<\/p>\n<p>Spruittaa ja moppaa.<\/p>\n<p>Puhdistaa puu-, parketti- ja laminaattilattiat ilman ylim\u00e4\u00e4r\u00e4ist\u00e4 vett\u00e4.<\/p>\n<p>Tuoksuna t\u00e4ytel\u00e4inen ja p\u00e4hkin\u00e4inen manteli.<\/p>\n","protected":false},"featured_media":4054,"template":"","meta":{"inline_featured_image":false},"product_brand":[],"product_cat":[17,19,49],"product_tag":[70,169,311,313,163],"class_list":{"0":"post-296","1":"product","2":"type-product","3":"status-publish","4":"has-post-thumbnail","6":"product_cat-method","7":"product_cat-method-siivous","8":"product_cat-siivous","9":"product_tag-ekologinen","10":"product_tag-lattianpesu","11":"product_tag-lattianpesuaine","12":"product_tag-manteli","13":"product_tag-method","15":"first","16":"instock","17":"taxable","18":"shipping-taxable","19":"purchasable","20":"product-type-simple"},"yoast_head":"<!-- This site is optimized with the Yoast SEO Premium plugin v26.8 (Yoast SEO v27.4) - https:\/\/yoast.com\/product\/yoast-seo-premium-wordpress\/ -->\n<title>Method Lattianpesuaine puulattialle Manteli 739ml - Shop Eettinen Luksus<\/title>\n<meta name=\"description\" content=\"Kasvi- ja mineraalipohjainen k\u00e4ytt\u00f6valmis lattianpesuaine. Ekologinen ja biohajoava Puu parketti ja laminaatti. Method Lattianpesuaine puulattialle 739ml.\" \/>\n<meta name=\"robots\" content=\"index, follow, max-snippet:-1, max-image-preview:large, max-video-preview:-1\" \/>\n<link rel=\"canonical\" href=\"https:\/\/eettinenluksus.fi\/shop\/tuote\/method-lattianpesuaine-puulattialle-manteli-739ml\/\" \/>\n<meta property=\"og:locale\" content=\"fi_FI\" \/>\n<meta property=\"og:type\" content=\"article\" \/>\n<meta property=\"og:title\" content=\"Method Lattianpesuaine puulattialle Manteli 739ml\" \/>\n<meta property=\"og:description\" content=\"Kasvi- ja mineraalipohjainen k\u00e4ytt\u00f6valmis lattianpesuaine. Ekologinen ja biohajoava Puu parketti ja laminaatti. Method Lattianpesuaine puulattialle 739ml.\" \/>\n<meta property=\"og:url\" content=\"https:\/\/eettinenluksus.fi\/shop\/tuote\/method-lattianpesuaine-puulattialle-manteli-739ml\/\" \/>\n<meta property=\"og:site_name\" content=\"Shop Eettinen Luksus\" \/>\n<meta property=\"article:publisher\" content=\"https:\/\/www.facebook.com\/eettinenluksus\" \/>\n<meta property=\"article:modified_time\" content=\"2024-09-20T07:44:20+00:00\" \/>\n<meta property=\"og:image\" content=\"https:\/\/eettinenluksus.fi\/shop\/wp-content\/uploads\/sites\/4\/1726\/18\/Lattianpesuaine-Manteli-nelio.jpg\" \/>\n\t<meta property=\"og:image:width\" content=\"1045\" \/>\n\t<meta property=\"og:image:height\" content=\"1045\" \/>\n\t<meta property=\"og:image:type\" content=\"image\/jpeg\" \/>\n<meta name=\"twitter:card\" content=\"summary_large_image\" \/>\n<meta name=\"twitter:label1\" content=\"Hinta\" \/>\n\t<meta name=\"twitter:data1\" content=\"7,40&nbsp;&euro;\" \/>\n\t<meta name=\"twitter:label2\" content=\"Saatavuus\" \/>\n\t<meta name=\"twitter:data2\" content=\"Varastossa\" \/>\n<script type=\"application\/ld+json\" class=\"yoast-schema-graph\">{\"@context\":\"https:\\\/\\\/schema.org\",\"@graph\":[{\"@type\":\"WebPage\",\"@id\":\"https:\\\/\\\/eettinenluksus.fi\\\/shop\\\/tuote\\\/method-lattianpesuaine-puulattialle-manteli-739ml\\\/\",\"url\":\"https:\\\/\\\/eettinenluksus.fi\\\/shop\\\/tuote\\\/method-lattianpesuaine-puulattialle-manteli-739ml\\\/\",\"name\":\"Method Lattianpesuaine puulattialle Manteli 739ml - Shop Eettinen Luksus\",\"isPartOf\":{\"@id\":\"https:\\\/\\\/eettinenluksus.fi\\\/shop\\\/#website\"},\"primaryImageOfPage\":{\"@id\":\"https:\\\/\\\/eettinenluksus.fi\\\/shop\\\/tuote\\\/method-lattianpesuaine-puulattialle-manteli-739ml\\\/#primaryimage\"},\"image\":{\"@id\":\"https:\\\/\\\/eettinenluksus.fi\\\/shop\\\/tuote\\\/method-lattianpesuaine-puulattialle-manteli-739ml\\\/#primaryimage\"},\"thumbnailUrl\":\"https:\\\/\\\/eettinenluksus.fi\\\/shop\\\/wp-content\\\/uploads\\\/sites\\\/4\\\/1726\\\/18\\\/Lattianpesuaine-Manteli-nelio.jpg\",\"datePublished\":\"2022-10-05T11:44:51+00:00\",\"dateModified\":\"2024-09-20T07:44:20+00:00\",\"description\":\"Kasvi- ja mineraalipohjainen k\u00e4ytt\u00f6valmis lattianpesuaine. Ekologinen ja biohajoava Puu parketti ja laminaatti. Method Lattianpesuaine puulattialle 739ml.\",\"breadcrumb\":{\"@id\":\"https:\\\/\\\/eettinenluksus.fi\\\/shop\\\/tuote\\\/method-lattianpesuaine-puulattialle-manteli-739ml\\\/#breadcrumb\"},\"inLanguage\":\"fi\",\"potentialAction\":[{\"@type\":\"ReadAction\",\"target\":[\"https:\\\/\\\/eettinenluksus.fi\\\/shop\\\/tuote\\\/method-lattianpesuaine-puulattialle-manteli-739ml\\\/\"]}]},{\"@type\":\"ImageObject\",\"inLanguage\":\"fi\",\"@id\":\"https:\\\/\\\/eettinenluksus.fi\\\/shop\\\/tuote\\\/method-lattianpesuaine-puulattialle-manteli-739ml\\\/#primaryimage\",\"url\":\"https:\\\/\\\/eettinenluksus.fi\\\/shop\\\/wp-content\\\/uploads\\\/sites\\\/4\\\/1726\\\/18\\\/Lattianpesuaine-Manteli-nelio.jpg\",\"contentUrl\":\"https:\\\/\\\/eettinenluksus.fi\\\/shop\\\/wp-content\\\/uploads\\\/sites\\\/4\\\/1726\\\/18\\\/Lattianpesuaine-Manteli-nelio.jpg\",\"width\":1045,\"height\":1045,\"caption\":\"Lattianpesuaine Manteli\"},{\"@type\":\"BreadcrumbList\",\"@id\":\"https:\\\/\\\/eettinenluksus.fi\\\/shop\\\/tuote\\\/method-lattianpesuaine-puulattialle-manteli-739ml\\\/#breadcrumb\",\"itemListElement\":[{\"@type\":\"ListItem\",\"position\":1,\"name\":\"Etusivu\",\"item\":\"https:\\\/\\\/eettinenluksus.fi\\\/shop\\\/\"},{\"@type\":\"ListItem\",\"position\":2,\"name\":\"Kauppa\",\"item\":\"https:\\\/\\\/eettinenluksus.fi\\\/shop\\\/en\\\/kauppa\\\/\"},{\"@type\":\"ListItem\",\"position\":3,\"name\":\"Method Lattianpesuaine puulattialle Manteli 739ml\"}]},{\"@type\":\"WebSite\",\"@id\":\"https:\\\/\\\/eettinenluksus.fi\\\/shop\\\/#website\",\"url\":\"https:\\\/\\\/eettinenluksus.fi\\\/shop\\\/\",\"name\":\"Shop Eettinen Luksus\",\"description\":\"Uusi verkkokauppa\",\"publisher\":{\"@id\":\"https:\\\/\\\/eettinenluksus.fi\\\/shop\\\/#organization\"},\"potentialAction\":[{\"@type\":\"SearchAction\",\"target\":{\"@type\":\"EntryPoint\",\"urlTemplate\":\"https:\\\/\\\/eettinenluksus.fi\\\/shop\\\/?s={search_term_string}\"},\"query-input\":{\"@type\":\"PropertyValueSpecification\",\"valueRequired\":true,\"valueName\":\"search_term_string\"}}],\"inLanguage\":\"fi\"},{\"@type\":\"Organization\",\"@id\":\"https:\\\/\\\/eettinenluksus.fi\\\/shop\\\/#organization\",\"name\":\"Shop Eettinen Luksus\",\"url\":\"https:\\\/\\\/eettinenluksus.fi\\\/shop\\\/\",\"logo\":{\"@type\":\"ImageObject\",\"inLanguage\":\"fi\",\"@id\":\"https:\\\/\\\/eettinenluksus.fi\\\/shop\\\/#\\\/schema\\\/logo\\\/image\\\/\",\"url\":\"https:\\\/\\\/eettinenluksus.fi\\\/shop\\\/wp-content\\\/uploads\\\/sites\\\/4\\\/1664\\\/37\\\/cropped-ELO.jpg\",\"contentUrl\":\"https:\\\/\\\/eettinenluksus.fi\\\/shop\\\/wp-content\\\/uploads\\\/sites\\\/4\\\/1664\\\/37\\\/cropped-ELO.jpg\",\"width\":810,\"height\":350,\"caption\":\"Shop Eettinen Luksus\"},\"image\":{\"@id\":\"https:\\\/\\\/eettinenluksus.fi\\\/shop\\\/#\\\/schema\\\/logo\\\/image\\\/\"},\"sameAs\":[\"https:\\\/\\\/www.facebook.com\\\/eettinenluksus\",\"https:\\\/\\\/www.instagram.com\\\/eettinenluksus\\\/\"]}]}<\/script>\n<meta property=\"product:price:amount\" content=\"7.40\" \/>\n<meta property=\"product:price:currency\" content=\"EUR\" \/>\n<meta property=\"og:availability\" content=\"instock\" \/>\n<meta property=\"product:availability\" content=\"instock\" \/>\n<meta property=\"product:retailer_item_id\" content=\"4001809\" \/>\n<meta property=\"product:condition\" content=\"new\" \/>\n<!-- \/ Yoast SEO Premium plugin. -->","yoast_head_json":{"title":"Method Lattianpesuaine puulattialle Manteli 739ml - Shop Eettinen Luksus","description":"Kasvi- ja mineraalipohjainen k\u00e4ytt\u00f6valmis lattianpesuaine. Ekologinen ja biohajoava Puu parketti ja laminaatti. Method Lattianpesuaine puulattialle 739ml.","robots":{"index":"index","follow":"follow","max-snippet":"max-snippet:-1","max-image-preview":"max-image-preview:large","max-video-preview":"max-video-preview:-1"},"canonical":"https:\/\/eettinenluksus.fi\/shop\/tuote\/method-lattianpesuaine-puulattialle-manteli-739ml\/","og_locale":"fi_FI","og_type":"article","og_title":"Method Lattianpesuaine puulattialle Manteli 739ml","og_description":"Kasvi- ja mineraalipohjainen k\u00e4ytt\u00f6valmis lattianpesuaine. Ekologinen ja biohajoava Puu parketti ja laminaatti. Method Lattianpesuaine puulattialle 739ml.","og_url":"https:\/\/eettinenluksus.fi\/shop\/tuote\/method-lattianpesuaine-puulattialle-manteli-739ml\/","og_site_name":"Shop Eettinen Luksus","article_publisher":"https:\/\/www.facebook.com\/eettinenluksus","article_modified_time":"2024-09-20T07:44:20+00:00","og_image":[{"width":1045,"height":1045,"url":"https:\/\/eettinenluksus.fi\/shop\/wp-content\/uploads\/sites\/4\/1726\/18\/Lattianpesuaine-Manteli-nelio.jpg","type":"image\/jpeg"}],"twitter_card":"summary_large_image","twitter_misc":{"Hinta":"7,40&nbsp;&euro;","Saatavuus":"Varastossa"},"schema":{"@context":"https:\/\/schema.org","@graph":[{"@type":"WebPage","@id":"https:\/\/eettinenluksus.fi\/shop\/tuote\/method-lattianpesuaine-puulattialle-manteli-739ml\/","url":"https:\/\/eettinenluksus.fi\/shop\/tuote\/method-lattianpesuaine-puulattialle-manteli-739ml\/","name":"Method Lattianpesuaine puulattialle Manteli 739ml - Shop Eettinen Luksus","isPartOf":{"@id":"https:\/\/eettinenluksus.fi\/shop\/#website"},"primaryImageOfPage":{"@id":"https:\/\/eettinenluksus.fi\/shop\/tuote\/method-lattianpesuaine-puulattialle-manteli-739ml\/#primaryimage"},"image":{"@id":"https:\/\/eettinenluksus.fi\/shop\/tuote\/method-lattianpesuaine-puulattialle-manteli-739ml\/#primaryimage"},"thumbnailUrl":"https:\/\/eettinenluksus.fi\/shop\/wp-content\/uploads\/sites\/4\/1726\/18\/Lattianpesuaine-Manteli-nelio.jpg","datePublished":"2022-10-05T11:44:51+00:00","dateModified":"2024-09-20T07:44:20+00:00","description":"Kasvi- ja mineraalipohjainen k\u00e4ytt\u00f6valmis lattianpesuaine. Ekologinen ja biohajoava Puu parketti ja laminaatti. Method Lattianpesuaine puulattialle 739ml.","breadcrumb":{"@id":"https:\/\/eettinenluksus.fi\/shop\/tuote\/method-lattianpesuaine-puulattialle-manteli-739ml\/#breadcrumb"},"inLanguage":"fi","potentialAction":[{"@type":"ReadAction","target":["https:\/\/eettinenluksus.fi\/shop\/tuote\/method-lattianpesuaine-puulattialle-manteli-739ml\/"]}]},{"@type":"ImageObject","inLanguage":"fi","@id":"https:\/\/eettinenluksus.fi\/shop\/tuote\/method-lattianpesuaine-puulattialle-manteli-739ml\/#primaryimage","url":"https:\/\/eettinenluksus.fi\/shop\/wp-content\/uploads\/sites\/4\/1726\/18\/Lattianpesuaine-Manteli-nelio.jpg","contentUrl":"https:\/\/eettinenluksus.fi\/shop\/wp-content\/uploads\/sites\/4\/1726\/18\/Lattianpesuaine-Manteli-nelio.jpg","width":1045,"height":1045,"caption":"Lattianpesuaine Manteli"},{"@type":"BreadcrumbList","@id":"https:\/\/eettinenluksus.fi\/shop\/tuote\/method-lattianpesuaine-puulattialle-manteli-739ml\/#breadcrumb","itemListElement":[{"@type":"ListItem","position":1,"name":"Etusivu","item":"https:\/\/eettinenluksus.fi\/shop\/"},{"@type":"ListItem","position":2,"name":"Kauppa","item":"https:\/\/eettinenluksus.fi\/shop\/en\/kauppa\/"},{"@type":"ListItem","position":3,"name":"Method Lattianpesuaine puulattialle Manteli 739ml"}]},{"@type":"WebSite","@id":"https:\/\/eettinenluksus.fi\/shop\/#website","url":"https:\/\/eettinenluksus.fi\/shop\/","name":"Shop Eettinen Luksus","description":"Uusi verkkokauppa","publisher":{"@id":"https:\/\/eettinenluksus.fi\/shop\/#organization"},"potentialAction":[{"@type":"SearchAction","target":{"@type":"EntryPoint","urlTemplate":"https:\/\/eettinenluksus.fi\/shop\/?s={search_term_string}"},"query-input":{"@type":"PropertyValueSpecification","valueRequired":true,"valueName":"search_term_string"}}],"inLanguage":"fi"},{"@type":"Organization","@id":"https:\/\/eettinenluksus.fi\/shop\/#organization","name":"Shop Eettinen Luksus","url":"https:\/\/eettinenluksus.fi\/shop\/","logo":{"@type":"ImageObject","inLanguage":"fi","@id":"https:\/\/eettinenluksus.fi\/shop\/#\/schema\/logo\/image\/","url":"https:\/\/eettinenluksus.fi\/shop\/wp-content\/uploads\/sites\/4\/1664\/37\/cropped-ELO.jpg","contentUrl":"https:\/\/eettinenluksus.fi\/shop\/wp-content\/uploads\/sites\/4\/1664\/37\/cropped-ELO.jpg","width":810,"height":350,"caption":"Shop Eettinen Luksus"},"image":{"@id":"https:\/\/eettinenluksus.fi\/shop\/#\/schema\/logo\/image\/"},"sameAs":["https:\/\/www.facebook.com\/eettinenluksus","https:\/\/www.instagram.com\/eettinenluksus\/"]}]},"product_price_amount":"7.40","product_price_currency":"EUR","og_availability":"instock","product_availability":"instock","product_retailer_item_id":"4001809","product_condition":"new"},"_links":{"self":[{"href":"https:\/\/eettinenluksus.fi\/shop\/wp-json\/wp\/v2\/product\/296","targetHints":{"allow":["GET"]}}],"collection":[{"href":"https:\/\/eettinenluksus.fi\/shop\/wp-json\/wp\/v2\/product"}],"about":[{"href":"https:\/\/eettinenluksus.fi\/shop\/wp-json\/wp\/v2\/types\/product"}],"version-history":[{"count":8,"href":"https:\/\/eettinenluksus.fi\/shop\/wp-json\/wp\/v2\/product\/296\/revisions"}],"predecessor-version":[{"id":1009,"href":"https:\/\/eettinenluksus.fi\/shop\/wp-json\/wp\/v2\/product\/296\/revisions\/1009"}],"wp:featuredmedia":[{"embeddable":true,"href":"https:\/\/eettinenluksus.fi\/shop\/wp-json\/wp\/v2\/media\/4054"}],"wp:attachment":[{"href":"https:\/\/eettinenluksus.fi\/shop\/wp-json\/wp\/v2\/media?parent=296"}],"wp:term":[{"taxonomy":"product_brand","embeddable":true,"href":"https:\/\/eettinenluksus.fi\/shop\/wp-json\/wp\/v2\/product_brand?post=296"},{"taxonomy":"product_cat","embeddable":true,"href":"https:\/\/eettinenluksus.fi\/shop\/wp-json\/wp\/v2\/product_cat?post=296"},{"taxonomy":"product_tag","embeddable":true,"href":"https:\/\/eettinenluksus.fi\/shop\/wp-json\/wp\/v2\/product_tag?post=296"}],"curies":[{"name":"wp","href":"https:\/\/api.w.org\/{rel}","templated":true}]}}