{"id":2957,"date":"2023-11-23T15:45:37","date_gmt":"2023-11-23T13:45:37","guid":{"rendered":"https:\/\/eettinenluksus.fi\/shop\/?post_type=product&#038;p=2957"},"modified":"2025-06-03T14:25:59","modified_gmt":"2025-06-03T11:25:59","slug":"tuotepaketti-tuparilahjakori-10-tuotetta","status":"publish","type":"product","link":"https:\/\/eettinenluksus.fi\/shop\/tuote\/tuotepaketti-tuparilahjakori-10-tuotetta\/","title":{"rendered":"Tuotepaketti &#8211; Tuparilahjakori 10 tuotetta"},"content":{"rendered":"<p style=\"font-size: 0px;\">Tuotepaketti &#8211; Tuparilahjakori 10 tuotetta Ekologinen esteettinen ja eettinen tuotepaketti<\/p>\n<p>Tuotepaketti &#8211; Tuparilahjakori 10 tuotetta sis\u00e4lt\u00e4\u00e4 seuraavat tuotteet:<\/p>\n<p><strong>Method Astianpesuaine Peach &amp; Pink Pepper 532 ml<\/strong>: Ekologinen astianpesuaine. Rohkeaa ja kaunista muotoilua pesualtaan laidalle. Suunniteltu pit\u00e4en mieless\u00e4 planeettamme. Kasvipohjaiset, vegaaniyst\u00e4v\u00e4lliset, biohajoavat aineosat voittavat lian ja rasvan sek\u00e4 saavat lautaset s\u00e4ihkym\u00e4\u00e4n ja kattilat kiilt\u00e4m\u00e4\u00e4n. Yhdess\u00e4 voimme muuttaa rutiinit ilotulitukseksi. Tuoksuna Peach &amp; Pink Pepper \u2013 Samettinen persikka + hienostunut mustaherukka tuoksuvat pehme\u00e4sti. Roseepippurin pilkahdus saattaa kuitenkin yll\u00e4tt\u00e4\u00e4.<\/p>\n<p><strong>Method Lattianpesuaine Wild Rhubarb 739 ml<\/strong>: K\u00e4ytt\u00f6valmis ja ekologinen lattianpesuaine koville lattioille. Kasvi- ja mineraalipohjaisista ainesosista valmistettu biohajoava lattianpesuaine puhdistaa kaikki kovat lattiapinnat ilman ylim\u00e4\u00e4r\u00e4ist\u00e4 vett\u00e4. Tuoksuna Wild Rhubarb \u2013 T\u00e4m\u00e4 on raparperi juhla-asussaan. Tuore ja hapokas kuin vastapoimittuna. Vain vaniljakastike puuttuu. Sopii vain koville lattiapinnoille, ei k\u00e4sittelem\u00e4tt\u00f6m\u00e4lle puulle<\/p>\n<p><strong>Method Yleispuhdistustiiviste Dreamy 240 ml<\/strong>: on kooltaan pieni, mutta asenteeltaan suuri. Uusi tiiviste on 10 x v\u00e4kev\u00e4mpi kuin tavallinen yleispuhdistusaine. Siis todellakin t\u00e4ynn\u00e4 kasvipohjaista puhdistustehoa. K\u00e4yt\u00e4 uudelleen method -suihkepulloasi ja s\u00e4\u00e4st\u00e4 jopa 81% muovia (vs. 3x uusi 828 ml). Voidaan laimentaa suihkepulloon, sankoon tai k\u00e4ytt\u00e4\u00e4 sellaisenaan vaikeaksi heitt\u00e4ytyneen lian poistamiseen. Aika siisti\u00e4 vai mit\u00e4? Dreamy jasmine + cypress wood \u2013 Kiinnit\u00e4 riippumattosi l\u00e4himp\u00e4\u00e4n puuhun ja ajelehdi makean jasmiinin + l\u00e4mmitt\u00e4v\u00e4n sypressipuun huumaavien tuoksujen viem\u00e4n\u00e4. Mocktail valinnainen.<\/p>\n<p><strong>Greener Cleaner Tiskiharja vaalea<\/strong>: J\u00e4m\u00e4k\u00e4t tasaiset harjakset ja tukeva luistamaton kahva. Voit olla varma harjan pitk\u00e4kestoisuudesta. Kova lis\u00e4harja auttaa puhdistamaan juuttuneet t\u00e4hteet vaivattomasti. Valmistettu 100 % kierr\u00e4tetyst\u00e4 materiaalista. Ekologinen valinta. Konepest\u00e4v\u00e4, kest\u00e4\u00e4 min. 52 konepesua. Ripustusreik\u00e4 s\u00e4ilytykseen.<\/p>\n<p><strong>OnXOn Kuivausrumpupallot Villa 3 kpl<\/strong>: 100% Uuden-Seelannin villaa. PAREMPI TULOS \u2013 PIENEMM\u00c4T KULUT \u2013 LUONTO KIITT\u00c4\u00c4. Pehment\u00e4v\u00e4t vaatteet luonnollisesti ilman kemikaaleja kimpoillessaan kuivausrummussa vaatteita vasten. Erottelevat vaatteet paremmin toisistaan kuivauksen aikana, jolloin kuivausaika lyhenee jopa 40%. Siis luonnollinen pehmeys, ajans\u00e4\u00e4st\u00f6, pienempi hiilijalanj\u00e4lki ja kemikaalikuorma, v\u00e4hemm\u00e4n ryppyj\u00e4 ja staattista s\u00e4hk\u00f6\u00e4 sek\u00e4 pidempi vaatteiden k\u00e4ytt\u00f6ik\u00e4 \u2013 kaikki t\u00e4m\u00e4 ja viel\u00e4 ekologisesti!<\/p>\n<h2 style=\"font-size: 0px;\">Tuotepaketti &#8211; Tuparilahjakori 10 tuotetta<\/h2>\n<p><strong>OnXOn Happivalkaisija 550 g<\/strong>: Valkoisille tekstiileille. Esipesuun, konepesuun, liotukseen. Hohtavan valkoinen tulos ilman klooria, zeoliittia ja haitallisia kaasuja. Poistaa helposti tahrat, kuten hedelm\u00e4, ruoho, sinappi, ketsuppi tai punaviini. Puhdistaa l\u00e4hes kaikki pest\u00e4v\u00e4 materiaalit, kuten tekstiilit, matot tai verhot. Testaa ensin huomaamattomalle alueelle. Sulje purkki k\u00e4yt\u00f6n j\u00e4lkeen ja s\u00e4ilyt\u00e4 kuivassa paikassa. Hajusteeton, zeoliititon, purkki 100% kierr\u00e4tysmuovista, ilmastoneutraalituote.<\/p>\n<p><strong>OnXOn Sappisaippua 160 g<\/strong>: Tehokas ja luonnollinen tahranpoistaja hajottaa rasvan luonnon omalla keinolla \u2013 sapella. Nautakarjan sapesta valmistettu sappisaippua sopii erinomaisesti tahrojen poistamiseen vaatteista (paidan kaulukset), lakatuilta pinnoilta, sein\u00e4laatoista, kengist\u00e4, matoista ja muusta verhoilusta. Tehoaa erityisesti vaikeisiin tahroihin, kuten tomaatti-, punaviini- ja sinappitahroihin.<\/p>\n<p><strong>MrEco Sieniliina 16x18cm 3 kpl<\/strong>: Valmistettu 100% biohajoavasta, muovittomasta ja kierr\u00e4tett\u00e4v\u00e4st\u00e4 kasvipohjaisesta selluloosasta. Liinan kest\u00e4vyyden ja pitk\u00e4ik\u00e4isyyden takaa tukirakenteena oleva puuvillakudos. Sopii erityisesti keitti\u00f6n ja kylpyhuoneen pinnoille. Kuidut luonnostaan todella imukykyisi\u00e4, pitk\u00e4ik\u00e4isi\u00e4 ja kest\u00e4vi\u00e4. 100% biohajoava. Kasvipohjainen. Muoviton.<\/p>\n<p><strong>MrEco Sieni iso 13&#215;10 cm vihre\u00e4<\/strong>: Valmistettu 100% biohajoavasta, muovittomasta ja kierr\u00e4tett\u00e4v\u00e4st\u00e4 kasvipohjaisesta materiaalista. Sopii kaikille kodin pinnoille. Kest\u00e4v\u00e4 ja todella imukykyinen. Vahvistetut laidat takaavat, ett\u00e4 pesusienest\u00e4 saa hyv\u00e4n otteen ja se kest\u00e4\u00e4 kulutusta. 100% biohajoava. 100% kierr\u00e4tett\u00e4v\u00e4. Muoviton.<\/p>\n<p><strong>Classic Everyday Care 1000 ml<\/strong>: Mieto erikoispesuaine p\u00e4ivitt\u00e4iseen pesuun kaikille tekstiileille: polyesteri, polyamidi, Gore Tex, modaali, viskoosi sek\u00e4 puuvilla ja liinavaatteet. Pesee kaiken p\u00e4ivitt\u00e4isen pyykin \u2013 vaatteet, urheiluasut, petivaatteet ja pyyhkeet. Kehitetty erityisesti synteettisten ja muuntokuitujen pesuun, mutta se soveltuu hyvin my\u00f6s luonnonkuiduille. Ymp\u00e4rist\u00f6yst\u00e4v\u00e4llinen pesuaine. Fosfaatiton ja biohajoava. Sopii herk\u00e4lle iholle ja astmaatikolle.<\/p>\n<ul style=\"font-size: 0px;\">\n<li>tuotepaketti<\/li>\n<li>method<\/li>\n<li>onxon<\/li>\n<li>classic<\/li>\n<\/ul>\n<p style=\"font-size: 0px;\"><a href=\"https:\/\/eettinenluksus.fi\/shop\/tuote\/method-yleispuhdistustiiviste-dreamy-240ml\/\"><span style=\"font-size: 0px;\">&#8211;<\/span><\/a><a href=\"https:\/\/eettinenluksus.fi\/shop\/tuote\/classic-clothing-care-tuotepaketti\/\"><span style=\"font-size: 0px;\">&#8211;<\/span><\/a><a href=\"https:\/\/eettinenluksus.fi\/shop\/tuote\/method-astianpesuaine-peach-pink-pepper-532ml\/\"><span style=\"font-size: 0px;\">&#8211;<\/span><\/a><a href=\"https:\/\/eettinenluksus.fi\/shop\/tuote\/method-astianpesuaine-peach-pink-pepper-paketti\/\"><span style=\"font-size: 0px;\">&#8211;<\/span><\/a><a href=\"https:\/\/eettinenluksus.fi\/shop\/tuote\/bambu-meikinpoistosienet-2-kpl\/\"><span style=\"font-size: 0px;\">&#8211;<\/span><\/a>Ekologinen esteettinen ja eettinen tuotepaketti<\/p>\n","protected":false},"excerpt":{"rendered":"<p><b>Tuotepaketti &#8211; Tuparilahjakori 10 tuotetta:<\/b><br \/>\nMethod Astianpesuaine Peach &amp; Pink Pepper 532 ml<br \/>\nMethod Lattianpesuaine Wild Rhubarb 739 ml<br \/>\nMethod Yleispuhdistustiiviste Dreamy 240 ml<br \/>\nGreener Cleaner Tiskiharja vaalea<br \/>\nOnXOn Kuivausrumpupallot Villa 3 kpl<br \/>\nOnXOn Happivalkaisija 550 g<br \/>\nOnXOn Sappisaippua 160 g<br \/>\nMrEco Sieniliina 16x18cm 3 kpl<br \/>\nMrEco Sieni iso 13&#215;10 cm vihre\u00e4<br \/>\nClassic Everyday Care 1000 ml<\/p>\n","protected":false},"featured_media":3996,"template":"","meta":{"inline_featured_image":false},"product_brand":[],"product_cat":[48,25,17,26,19,427,33,35,23,31,52,49,56],"product_tag":[166,165,70,144,161,162,163,64,164,88,160,167],"class_list":{"0":"post-2957","1":"product","2":"type-product","3":"status-publish","4":"has-post-thumbnail","6":"product_cat-astianpesu","7":"product_cat-classicclothingcare","8":"product_cat-method","9":"product_cat-method-astianpesu","10":"product_cat-method-siivous","11":"product_cat-method-tuotepaketit","12":"product_cat-mreco","13":"product_cat-mreco-siivous","14":"product_cat-onxon","15":"product_cat-onxon-pyykinpesu","16":"product_cat-pyykinpesu","17":"product_cat-siivous","18":"product_cat-tuotepaketit","19":"product_tag-astianpesu","20":"product_tag-classic","21":"product_tag-ekologinen","22":"product_tag-lahja","23":"product_tag-lahjakori","24":"product_tag-lahjapakkaus","25":"product_tag-method","26":"product_tag-mreco","27":"product_tag-onxon","28":"product_tag-siivous","29":"product_tag-tuparit","30":"product_tag-yleispuhdistus","32":"first","33":"instock","34":"taxable","35":"shipping-taxable","36":"purchasable","37":"product-type-variable"},"yoast_head":"<!-- This site is optimized with the Yoast SEO Premium plugin v26.8 (Yoast SEO v27.3) - https:\/\/yoast.com\/product\/yoast-seo-premium-wordpress\/ -->\n<title>Tuotepaketti - Tuparilahjakori 10 tuotetta - Shop Eettinen Luksus<\/title>\n<meta name=\"description\" content=\"Ekologinen esteettinen ja eettinen tuotepaketti - Tuparilahjakori 10 tuotetta - sis\u00e4lt\u00e4\u00e4 10 v\u00e4ltt\u00e4m\u00e4t\u00f6nt\u00e4 ja k\u00e4yt\u00e4nn\u00f6llist\u00e4 tuotetta uuteen kotiin.\" \/>\n<meta name=\"robots\" content=\"index, follow, max-snippet:-1, max-image-preview:large, max-video-preview:-1\" \/>\n<link rel=\"canonical\" href=\"https:\/\/eettinenluksus.fi\/shop\/tuote\/tuotepaketti-tuparilahjakori-10-tuotetta\/\" \/>\n<meta property=\"og:locale\" content=\"fi_FI\" \/>\n<meta property=\"og:type\" content=\"article\" \/>\n<meta property=\"og:title\" content=\"Tuotepaketti - Tuparilahjakori 10 tuotetta\" \/>\n<meta property=\"og:description\" content=\"Ekologinen esteettinen ja eettinen tuotepaketti - Tuparilahjakori 10 tuotetta - sis\u00e4lt\u00e4\u00e4 10 v\u00e4ltt\u00e4m\u00e4t\u00f6nt\u00e4 ja k\u00e4yt\u00e4nn\u00f6llist\u00e4 tuotetta uuteen kotiin.\" \/>\n<meta property=\"og:url\" content=\"https:\/\/eettinenluksus.fi\/shop\/tuote\/tuotepaketti-tuparilahjakori-10-tuotetta\/\" \/>\n<meta property=\"og:site_name\" content=\"Shop Eettinen Luksus\" \/>\n<meta property=\"article:publisher\" content=\"https:\/\/www.facebook.com\/eettinenluksus\" \/>\n<meta property=\"article:modified_time\" content=\"2025-06-03T11:25:59+00:00\" \/>\n<meta property=\"og:image\" content=\"https:\/\/eettinenluksus.fi\/shop\/wp-content\/uploads\/sites\/4\/1726\/86\/Tuparikori-2023-RGB-265x265px.jpg\" \/>\n\t<meta property=\"og:image:width\" content=\"265\" \/>\n\t<meta property=\"og:image:height\" content=\"265\" \/>\n\t<meta property=\"og:image:type\" content=\"image\/jpeg\" \/>\n<meta name=\"twitter:card\" content=\"summary_large_image\" \/>\n<meta name=\"twitter:label1\" content=\"Saatavuus\" \/>\n\t<meta name=\"twitter:data1\" content=\"Varastossa\" \/>\n<script type=\"application\/ld+json\" class=\"yoast-schema-graph\">{\"@context\":\"https:\\\/\\\/schema.org\",\"@graph\":[{\"@type\":\"WebPage\",\"@id\":\"https:\\\/\\\/eettinenluksus.fi\\\/shop\\\/tuote\\\/tuotepaketti-tuparilahjakori-10-tuotetta\\\/\",\"url\":\"https:\\\/\\\/eettinenluksus.fi\\\/shop\\\/tuote\\\/tuotepaketti-tuparilahjakori-10-tuotetta\\\/\",\"name\":\"Tuotepaketti - Tuparilahjakori 10 tuotetta - Shop Eettinen Luksus\",\"isPartOf\":{\"@id\":\"https:\\\/\\\/eettinenluksus.fi\\\/shop\\\/#website\"},\"primaryImageOfPage\":{\"@id\":\"https:\\\/\\\/eettinenluksus.fi\\\/shop\\\/tuote\\\/tuotepaketti-tuparilahjakori-10-tuotetta\\\/#primaryimage\"},\"image\":{\"@id\":\"https:\\\/\\\/eettinenluksus.fi\\\/shop\\\/tuote\\\/tuotepaketti-tuparilahjakori-10-tuotetta\\\/#primaryimage\"},\"thumbnailUrl\":\"https:\\\/\\\/eettinenluksus.fi\\\/shop\\\/wp-content\\\/uploads\\\/sites\\\/4\\\/1726\\\/86\\\/Tuparikori-2023-RGB-265x265px.jpg\",\"datePublished\":\"2023-11-23T13:45:37+00:00\",\"dateModified\":\"2025-06-03T11:25:59+00:00\",\"description\":\"Ekologinen esteettinen ja eettinen tuotepaketti - Tuparilahjakori 10 tuotetta - sis\u00e4lt\u00e4\u00e4 10 v\u00e4ltt\u00e4m\u00e4t\u00f6nt\u00e4 ja k\u00e4yt\u00e4nn\u00f6llist\u00e4 tuotetta uuteen kotiin.\",\"breadcrumb\":{\"@id\":\"https:\\\/\\\/eettinenluksus.fi\\\/shop\\\/tuote\\\/tuotepaketti-tuparilahjakori-10-tuotetta\\\/#breadcrumb\"},\"inLanguage\":\"fi\",\"potentialAction\":[{\"@type\":\"ReadAction\",\"target\":[\"https:\\\/\\\/eettinenluksus.fi\\\/shop\\\/tuote\\\/tuotepaketti-tuparilahjakori-10-tuotetta\\\/\"]}]},{\"@type\":\"ImageObject\",\"inLanguage\":\"fi\",\"@id\":\"https:\\\/\\\/eettinenluksus.fi\\\/shop\\\/tuote\\\/tuotepaketti-tuparilahjakori-10-tuotetta\\\/#primaryimage\",\"url\":\"https:\\\/\\\/eettinenluksus.fi\\\/shop\\\/wp-content\\\/uploads\\\/sites\\\/4\\\/1726\\\/86\\\/Tuparikori-2023-RGB-265x265px.jpg\",\"contentUrl\":\"https:\\\/\\\/eettinenluksus.fi\\\/shop\\\/wp-content\\\/uploads\\\/sites\\\/4\\\/1726\\\/86\\\/Tuparikori-2023-RGB-265x265px.jpg\",\"width\":265,\"height\":265,\"caption\":\"Tuparikori 265x265px\"},{\"@type\":\"BreadcrumbList\",\"@id\":\"https:\\\/\\\/eettinenluksus.fi\\\/shop\\\/tuote\\\/tuotepaketti-tuparilahjakori-10-tuotetta\\\/#breadcrumb\",\"itemListElement\":[{\"@type\":\"ListItem\",\"position\":1,\"name\":\"Etusivu\",\"item\":\"https:\\\/\\\/eettinenluksus.fi\\\/shop\\\/\"},{\"@type\":\"ListItem\",\"position\":2,\"name\":\"Kauppa\",\"item\":\"https:\\\/\\\/eettinenluksus.fi\\\/shop\\\/en\\\/kauppa\\\/\"},{\"@type\":\"ListItem\",\"position\":3,\"name\":\"Tuotepaketti &#8211; Tuparilahjakori 10 tuotetta\"}]},{\"@type\":\"WebSite\",\"@id\":\"https:\\\/\\\/eettinenluksus.fi\\\/shop\\\/#website\",\"url\":\"https:\\\/\\\/eettinenluksus.fi\\\/shop\\\/\",\"name\":\"Shop Eettinen Luksus\",\"description\":\"Uusi verkkokauppa\",\"publisher\":{\"@id\":\"https:\\\/\\\/eettinenluksus.fi\\\/shop\\\/#organization\"},\"potentialAction\":[{\"@type\":\"SearchAction\",\"target\":{\"@type\":\"EntryPoint\",\"urlTemplate\":\"https:\\\/\\\/eettinenluksus.fi\\\/shop\\\/?s={search_term_string}\"},\"query-input\":{\"@type\":\"PropertyValueSpecification\",\"valueRequired\":true,\"valueName\":\"search_term_string\"}}],\"inLanguage\":\"fi\"},{\"@type\":\"Organization\",\"@id\":\"https:\\\/\\\/eettinenluksus.fi\\\/shop\\\/#organization\",\"name\":\"Shop Eettinen Luksus\",\"url\":\"https:\\\/\\\/eettinenluksus.fi\\\/shop\\\/\",\"logo\":{\"@type\":\"ImageObject\",\"inLanguage\":\"fi\",\"@id\":\"https:\\\/\\\/eettinenluksus.fi\\\/shop\\\/#\\\/schema\\\/logo\\\/image\\\/\",\"url\":\"https:\\\/\\\/eettinenluksus.fi\\\/shop\\\/wp-content\\\/uploads\\\/sites\\\/4\\\/1664\\\/37\\\/cropped-ELO.jpg\",\"contentUrl\":\"https:\\\/\\\/eettinenluksus.fi\\\/shop\\\/wp-content\\\/uploads\\\/sites\\\/4\\\/1664\\\/37\\\/cropped-ELO.jpg\",\"width\":810,\"height\":350,\"caption\":\"Shop Eettinen Luksus\"},\"image\":{\"@id\":\"https:\\\/\\\/eettinenluksus.fi\\\/shop\\\/#\\\/schema\\\/logo\\\/image\\\/\"},\"sameAs\":[\"https:\\\/\\\/www.facebook.com\\\/eettinenluksus\",\"https:\\\/\\\/www.instagram.com\\\/eettinenluksus\\\/\"]}]}<\/script>\n<meta property=\"og:availability\" content=\"instock\" \/>\n<meta property=\"product:availability\" content=\"instock\" \/>\n<meta property=\"product:condition\" content=\"new\" \/>\n<!-- \/ Yoast SEO Premium plugin. -->","yoast_head_json":{"title":"Tuotepaketti - Tuparilahjakori 10 tuotetta - Shop Eettinen Luksus","description":"Ekologinen esteettinen ja eettinen tuotepaketti - Tuparilahjakori 10 tuotetta - sis\u00e4lt\u00e4\u00e4 10 v\u00e4ltt\u00e4m\u00e4t\u00f6nt\u00e4 ja k\u00e4yt\u00e4nn\u00f6llist\u00e4 tuotetta uuteen kotiin.","robots":{"index":"index","follow":"follow","max-snippet":"max-snippet:-1","max-image-preview":"max-image-preview:large","max-video-preview":"max-video-preview:-1"},"canonical":"https:\/\/eettinenluksus.fi\/shop\/tuote\/tuotepaketti-tuparilahjakori-10-tuotetta\/","og_locale":"fi_FI","og_type":"article","og_title":"Tuotepaketti - Tuparilahjakori 10 tuotetta","og_description":"Ekologinen esteettinen ja eettinen tuotepaketti - Tuparilahjakori 10 tuotetta - sis\u00e4lt\u00e4\u00e4 10 v\u00e4ltt\u00e4m\u00e4t\u00f6nt\u00e4 ja k\u00e4yt\u00e4nn\u00f6llist\u00e4 tuotetta uuteen kotiin.","og_url":"https:\/\/eettinenluksus.fi\/shop\/tuote\/tuotepaketti-tuparilahjakori-10-tuotetta\/","og_site_name":"Shop Eettinen Luksus","article_publisher":"https:\/\/www.facebook.com\/eettinenluksus","article_modified_time":"2025-06-03T11:25:59+00:00","og_image":[{"width":265,"height":265,"url":"https:\/\/eettinenluksus.fi\/shop\/wp-content\/uploads\/sites\/4\/1726\/86\/Tuparikori-2023-RGB-265x265px.jpg","type":"image\/jpeg"}],"twitter_card":"summary_large_image","twitter_misc":{"Saatavuus":"Varastossa"},"schema":{"@context":"https:\/\/schema.org","@graph":[{"@type":"WebPage","@id":"https:\/\/eettinenluksus.fi\/shop\/tuote\/tuotepaketti-tuparilahjakori-10-tuotetta\/","url":"https:\/\/eettinenluksus.fi\/shop\/tuote\/tuotepaketti-tuparilahjakori-10-tuotetta\/","name":"Tuotepaketti - Tuparilahjakori 10 tuotetta - Shop Eettinen Luksus","isPartOf":{"@id":"https:\/\/eettinenluksus.fi\/shop\/#website"},"primaryImageOfPage":{"@id":"https:\/\/eettinenluksus.fi\/shop\/tuote\/tuotepaketti-tuparilahjakori-10-tuotetta\/#primaryimage"},"image":{"@id":"https:\/\/eettinenluksus.fi\/shop\/tuote\/tuotepaketti-tuparilahjakori-10-tuotetta\/#primaryimage"},"thumbnailUrl":"https:\/\/eettinenluksus.fi\/shop\/wp-content\/uploads\/sites\/4\/1726\/86\/Tuparikori-2023-RGB-265x265px.jpg","datePublished":"2023-11-23T13:45:37+00:00","dateModified":"2025-06-03T11:25:59+00:00","description":"Ekologinen esteettinen ja eettinen tuotepaketti - Tuparilahjakori 10 tuotetta - sis\u00e4lt\u00e4\u00e4 10 v\u00e4ltt\u00e4m\u00e4t\u00f6nt\u00e4 ja k\u00e4yt\u00e4nn\u00f6llist\u00e4 tuotetta uuteen kotiin.","breadcrumb":{"@id":"https:\/\/eettinenluksus.fi\/shop\/tuote\/tuotepaketti-tuparilahjakori-10-tuotetta\/#breadcrumb"},"inLanguage":"fi","potentialAction":[{"@type":"ReadAction","target":["https:\/\/eettinenluksus.fi\/shop\/tuote\/tuotepaketti-tuparilahjakori-10-tuotetta\/"]}]},{"@type":"ImageObject","inLanguage":"fi","@id":"https:\/\/eettinenluksus.fi\/shop\/tuote\/tuotepaketti-tuparilahjakori-10-tuotetta\/#primaryimage","url":"https:\/\/eettinenluksus.fi\/shop\/wp-content\/uploads\/sites\/4\/1726\/86\/Tuparikori-2023-RGB-265x265px.jpg","contentUrl":"https:\/\/eettinenluksus.fi\/shop\/wp-content\/uploads\/sites\/4\/1726\/86\/Tuparikori-2023-RGB-265x265px.jpg","width":265,"height":265,"caption":"Tuparikori 265x265px"},{"@type":"BreadcrumbList","@id":"https:\/\/eettinenluksus.fi\/shop\/tuote\/tuotepaketti-tuparilahjakori-10-tuotetta\/#breadcrumb","itemListElement":[{"@type":"ListItem","position":1,"name":"Etusivu","item":"https:\/\/eettinenluksus.fi\/shop\/"},{"@type":"ListItem","position":2,"name":"Kauppa","item":"https:\/\/eettinenluksus.fi\/shop\/en\/kauppa\/"},{"@type":"ListItem","position":3,"name":"Tuotepaketti &#8211; Tuparilahjakori 10 tuotetta"}]},{"@type":"WebSite","@id":"https:\/\/eettinenluksus.fi\/shop\/#website","url":"https:\/\/eettinenluksus.fi\/shop\/","name":"Shop Eettinen Luksus","description":"Uusi verkkokauppa","publisher":{"@id":"https:\/\/eettinenluksus.fi\/shop\/#organization"},"potentialAction":[{"@type":"SearchAction","target":{"@type":"EntryPoint","urlTemplate":"https:\/\/eettinenluksus.fi\/shop\/?s={search_term_string}"},"query-input":{"@type":"PropertyValueSpecification","valueRequired":true,"valueName":"search_term_string"}}],"inLanguage":"fi"},{"@type":"Organization","@id":"https:\/\/eettinenluksus.fi\/shop\/#organization","name":"Shop Eettinen Luksus","url":"https:\/\/eettinenluksus.fi\/shop\/","logo":{"@type":"ImageObject","inLanguage":"fi","@id":"https:\/\/eettinenluksus.fi\/shop\/#\/schema\/logo\/image\/","url":"https:\/\/eettinenluksus.fi\/shop\/wp-content\/uploads\/sites\/4\/1664\/37\/cropped-ELO.jpg","contentUrl":"https:\/\/eettinenluksus.fi\/shop\/wp-content\/uploads\/sites\/4\/1664\/37\/cropped-ELO.jpg","width":810,"height":350,"caption":"Shop Eettinen Luksus"},"image":{"@id":"https:\/\/eettinenluksus.fi\/shop\/#\/schema\/logo\/image\/"},"sameAs":["https:\/\/www.facebook.com\/eettinenluksus","https:\/\/www.instagram.com\/eettinenluksus\/"]}]},"og_availability":"instock","product_availability":"instock","product_condition":"new"},"_links":{"self":[{"href":"https:\/\/eettinenluksus.fi\/shop\/wp-json\/wp\/v2\/product\/2957","targetHints":{"allow":["GET"]}}],"collection":[{"href":"https:\/\/eettinenluksus.fi\/shop\/wp-json\/wp\/v2\/product"}],"about":[{"href":"https:\/\/eettinenluksus.fi\/shop\/wp-json\/wp\/v2\/types\/product"}],"version-history":[{"count":10,"href":"https:\/\/eettinenluksus.fi\/shop\/wp-json\/wp\/v2\/product\/2957\/revisions"}],"predecessor-version":[{"id":3997,"href":"https:\/\/eettinenluksus.fi\/shop\/wp-json\/wp\/v2\/product\/2957\/revisions\/3997"}],"wp:featuredmedia":[{"embeddable":true,"href":"https:\/\/eettinenluksus.fi\/shop\/wp-json\/wp\/v2\/media\/3996"}],"wp:attachment":[{"href":"https:\/\/eettinenluksus.fi\/shop\/wp-json\/wp\/v2\/media?parent=2957"}],"wp:term":[{"taxonomy":"product_brand","embeddable":true,"href":"https:\/\/eettinenluksus.fi\/shop\/wp-json\/wp\/v2\/product_brand?post=2957"},{"taxonomy":"product_cat","embeddable":true,"href":"https:\/\/eettinenluksus.fi\/shop\/wp-json\/wp\/v2\/product_cat?post=2957"},{"taxonomy":"product_tag","embeddable":true,"href":"https:\/\/eettinenluksus.fi\/shop\/wp-json\/wp\/v2\/product_tag?post=2957"}],"curies":[{"name":"wp","href":"https:\/\/api.w.org\/{rel}","templated":true}]}}