{"id":290,"date":"2022-10-05T14:38:14","date_gmt":"2022-10-05T11:38:14","guid":{"rendered":"https:\/\/eettinenluksus.fi\/shop2022\/?post_type=product&#038;p=290"},"modified":"2024-09-20T11:33:38","modified_gmt":"2024-09-20T08:33:38","slug":"method-nestesaippua-pink-grapefruit-354ml","status":"publish","type":"product","link":"https:\/\/eettinenluksus.fi\/shop\/tuote\/method-nestesaippua-pink-grapefruit-354ml\/","title":{"rendered":"Method Nestesaippua Pink Grapefruit 354ml"},"content":{"rendered":"<p>&nbsp;<\/p>\n<p>Method Nestesaippua Pink Grapefruit 354ml on valmistettu kasviraaka-aineista. Puhdistaa ihon hell\u00e4varaisesti. Sis\u00e4lt\u00e4\u00e4 ihoa hoitavaa glyseriini\u00e4, aloe veraa ja E-vitamiinia.<\/p>\n<p>Pink Grapefruit &#8211; Tietyt tuoksut saavat askeleet erityisen keveiksi. Kuten t\u00e4m\u00e4 virkist\u00e4v\u00e4 yhdistelm\u00e4 vaaleanpunaista greippi\u00e4, veriappelsiinia ja mustaherukkaa.<\/p>\n<ul>\n<li>Ei el\u00e4inper\u00e4isi\u00e4 raaka-aineita<\/li>\n<li>Ei el\u00e4inkokeita<\/li>\n<\/ul>\n<p style=\"font-size: 0px;\"><a href=\"https:\/\/www.facebook.com\/eettinenluksus\/\"><span style=\"font-size: 0px;\">&#8211;<\/span><\/a><a href=\"https:\/\/www.instagram.com\/eettinenluksus\/\"><span style=\"font-size: 0px;\">&#8211;<\/span><\/a>Method Nestesaippua French Lavendeveriappelsiini, Kasviraaka-aineet nestesaippua Pinkgrapefruit. Aloevera, Pinkgrapefruit nestesaippua Mustaherukka. hell\u00e4varainen, Veriappelsiini nestesaippua Greippi. e-vitamiini, Ekologinen nestesaippua Ymp\u00e4rist\u00f6yst\u00e4v\u00e4llinen. hell\u00e4varainen Kasviraaka-aineet nestesaippua Pinkgrapefruit. e-vitamiini Pinkgrapefruit nestesaippua Mustaherukka. hell\u00e4varainen, Veriappelsiini nestesaippua Greippi. Aloevera, Ekologinen nestesaippua Ymp\u00e4rist\u00f6yst\u00e4v\u00e4llinen e-vitamiini, Kasviraaka-aineet nestesaippua Pinkgrapefruit. e-vitamiini Pinkgrapefruit nestesaippua Mustaherukka. hell\u00e4varainen, Veriappelsiini nestesaippua Greippi. e-vitamiini Ekologinen nestesaippua Ymp\u00e4rist\u00f6yst\u00e4v\u00e4llinen. e-vitamiini, Pinkgrapefruit nestesaippua Mustaherukka. e-vitamiini, Veriappelsiini nestesaippua Greippi. e-vitamiini, Ekologinen nestesaippua Ymp\u00e4rist\u00f6yst\u00e4v\u00e4llinen. Glyseriini, Ekologinen nestesaippua Ymp\u00e4rist\u00f6yst\u00e4v\u00e4llinen. hell\u00e4varainen, Kasviraaka-aineet nestesaippua Pinkgrapefruit. Aloevera, Pinkgrapefruit nestesaippua Mustaherukka. e-vitamiini, Veriappelsiini nestesaippua Greippi. Aloevera, Ekologinen nestesaippua Ymp\u00e4rist\u00f6yst\u00e4v\u00e4llinen. e-vitamiini, Pinkgrapefruit nestesaippua Mustaherukka. Glyseriini, Veriappelsiini nestesaippua Greippi. Aloevera, Ekologinen nestesaippua Ymp\u00e4rist\u00f6yst\u00e4v\u00e4llinen.Aloevera, Kasviraaka-aineet nestesaippua Pinkgrapefruit.<\/p>\n<h2 style=\"font-size: 0px;\">Method Nestesaippua French Pinkgrapefruit<\/h2>\n<p style=\"font-size: 0px;\">Aloevera, Kasviraaka-aineet nestesaippua Pinkgrapefruit. Glyseriini, Pinkgrapefruit nestesaippua Mustaherukka. Aloevera, Veriappelsiini nestesaippua Greippi. Glyseriini, Ekologinen nestesaippua Ymp\u00e4rist\u00f6yst\u00e4v\u00e4llinen. hell\u00e4varainen, Kasviraaka-aineet nestesaippua Pinkgrapefruit. Glyseriini, Pinkgrapefruit nestesaippua Mustaherukka hell\u00e4varainen, Veriappelsiini nestesaippua Greippi. Glyseriini, Ekologinen nestesaippua Ymp\u00e4rist\u00f6yst\u00e4v\u00e4llinen. Aloevera, Ekologinen nestesaippua Ymp\u00e4rist\u00f6yst\u00e4v\u00e4llinen Glyseriini, Kasviraaka-aineet nestesaippua Pinkgrapefruit. hell\u00e4varainen Pinkgrapefruit nestesaippua Mustaherukka. Glyseriini, Veriappelsiini nestesaippua Greippi. hell\u00e4varainen Ekologinen nestesaippua Ymp\u00e4rist\u00f6yst\u00e4v\u00e4llinen Glyseriini, Pinkgrapefruit nestesaippua Mustaherukka. hell\u00e4varainen, Veriappelsiini nestesaippua Greippi Glyseriini, Ekologinen nestesaippua Ymp\u00e4rist\u00f6yst\u00e4v\u00e4llinen. hell\u00e4varainen, Kasviraaka-aineet nestesaippua Pinkgrapefruit. Aloevera, Pinkgrapefruit nestesaippua Mustaherukka. Aloevera, Veriappelsiini nestesaippua Greippi. Glyseriini, Ekologinen nestesaippua Ymp\u00e4rist\u00f6yst\u00e4v\u00e4llinen. hell\u00e4varainen, Pinkgrapefruit nestesaippua Mustaherukka. hell\u00e4varainen, Veriappelsiini nestesaippua Greippi. Aloevera, Ekologinen nestesaippua Ymp\u00e4rist\u00f6yst\u00e4v\u00e4llinen. Aloevera, Kasviraaka-aineet nestesaippua Pinkgrapefruit.<a href=\"https:\/\/eettinenluksus.fi\/shop\/tuote\/method-nestesaippua-sweet-water-taytto-1000ml\/\"><span style=\"font-size: 0px;\">&#8211;<\/span><\/a><a href=\"https:\/\/eettinenluksus.fi\/shop\/tuote\/method-nestesaippua-french-lavender-354ml\/\"><span style=\"font-size: 0px;\">&#8211;<\/span><\/a><a href=\"https:\/\/eettinenluksus.fi\/shop\/tuote\/method-yleispuhdistussuihke-pink-grapefruit\/\"><span style=\"font-size: 0px;\">&#8211;<\/span><\/a><a href=\"https:\/\/eettinenluksus.fi\/shop\/tuote\/method-nestesaippua-sweet-water-354ml\/\"><span style=\"font-size: 0px;\">&#8211;<\/span><\/a><a href=\"https:\/\/eettinenluksus.fi\/shop\/tuote\/method-astianpesuaine-peach-pink-pepper-paketti\/\"><span style=\"font-size: 0px;\">&#8211;<\/span><\/a><\/p>\n<p>&nbsp;<\/p>\n","protected":false},"excerpt":{"rendered":"<p>Kasvi- ja mineraalipohjainen vegaaninen nestesaippua<\/p>\n<p>Sis\u00e4lt\u00e4\u00e4 glyseriini\u00e4, aloe veraa ja E-vitamiinia<\/p>\n<p>Tuoksu Pink Grapefruit<\/p>\n","protected":false},"featured_media":4069,"template":"","meta":{"inline_featured_image":false},"product_brand":[],"product_cat":[123,51,17,20],"product_tag":[70,185,304,163,293,316,314,188],"class_list":{"0":"post-290","1":"product","2":"type-product","3":"status-publish","4":"has-post-thumbnail","6":"product_cat-hyvinvointi","7":"product_cat-kasienpesu","8":"product_cat-method","9":"product_cat-method-kasienpesu","10":"product_tag-ekologinen","11":"product_tag-hyvinvointi","12":"product_tag-kasienpesu","13":"product_tag-method","14":"product_tag-nestesaippua","15":"product_tag-pink-grapefruit","16":"product_tag-saippua","17":"product_tag-verigreippi","19":"first","20":"instock","21":"taxable","22":"shipping-taxable","23":"purchasable","24":"product-type-simple"},"yoast_head":"<!-- This site is optimized with the Yoast SEO Premium plugin v26.8 (Yoast SEO v27.4) - https:\/\/yoast.com\/product\/yoast-seo-premium-wordpress\/ -->\n<title>Method Nestesaippua Pink Grapefruit 354ml - Shop Eettinen Luksus<\/title>\n<meta name=\"description\" content=\"Method Nestesaippua Pink Grapefruit 354ml. Sis\u00e4lt\u00e4\u00e4 glyseriini\u00e4, aloe veraa ja E-vitamiinia. Tuoksu greippi, veriappelsiini, mustaherukkaa.\" \/>\n<meta name=\"robots\" content=\"index, follow, max-snippet:-1, max-image-preview:large, max-video-preview:-1\" \/>\n<link rel=\"canonical\" href=\"https:\/\/eettinenluksus.fi\/shop\/tuote\/method-nestesaippua-pink-grapefruit-354ml\/\" \/>\n<meta property=\"og:locale\" content=\"fi_FI\" \/>\n<meta property=\"og:type\" content=\"article\" \/>\n<meta property=\"og:title\" content=\"Method Nestesaippua Pink Grapefruit 354ml\" \/>\n<meta property=\"og:description\" content=\"Method Nestesaippua Pink Grapefruit 354ml. Sis\u00e4lt\u00e4\u00e4 glyseriini\u00e4, aloe veraa ja E-vitamiinia. Tuoksu greippi, veriappelsiini, mustaherukkaa.\" \/>\n<meta property=\"og:url\" content=\"https:\/\/eettinenluksus.fi\/shop\/tuote\/method-nestesaippua-pink-grapefruit-354ml\/\" \/>\n<meta property=\"og:site_name\" content=\"Shop Eettinen Luksus\" \/>\n<meta property=\"article:publisher\" content=\"https:\/\/www.facebook.com\/eettinenluksus\" \/>\n<meta property=\"article:modified_time\" content=\"2024-09-20T08:33:38+00:00\" \/>\n<meta property=\"og:image\" content=\"https:\/\/eettinenluksus.fi\/shop\/wp-content\/uploads\/sites\/4\/1726\/20\/Nestesaippua-Pink-Grapefruit-nelio.jpg\" \/>\n\t<meta property=\"og:image:width\" content=\"1045\" \/>\n\t<meta property=\"og:image:height\" content=\"1045\" \/>\n\t<meta property=\"og:image:type\" content=\"image\/jpeg\" \/>\n<meta name=\"twitter:card\" content=\"summary_large_image\" \/>\n<meta name=\"twitter:label1\" content=\"Hinta\" \/>\n\t<meta name=\"twitter:data1\" content=\"6,35&nbsp;&euro;\" \/>\n\t<meta name=\"twitter:label2\" content=\"Saatavuus\" \/>\n\t<meta name=\"twitter:data2\" content=\"Varastossa\" \/>\n<script type=\"application\/ld+json\" class=\"yoast-schema-graph\">{\"@context\":\"https:\\\/\\\/schema.org\",\"@graph\":[{\"@type\":\"WebPage\",\"@id\":\"https:\\\/\\\/eettinenluksus.fi\\\/shop\\\/tuote\\\/method-nestesaippua-pink-grapefruit-354ml\\\/\",\"url\":\"https:\\\/\\\/eettinenluksus.fi\\\/shop\\\/tuote\\\/method-nestesaippua-pink-grapefruit-354ml\\\/\",\"name\":\"Method Nestesaippua Pink Grapefruit 354ml - Shop Eettinen Luksus\",\"isPartOf\":{\"@id\":\"https:\\\/\\\/eettinenluksus.fi\\\/shop\\\/#website\"},\"primaryImageOfPage\":{\"@id\":\"https:\\\/\\\/eettinenluksus.fi\\\/shop\\\/tuote\\\/method-nestesaippua-pink-grapefruit-354ml\\\/#primaryimage\"},\"image\":{\"@id\":\"https:\\\/\\\/eettinenluksus.fi\\\/shop\\\/tuote\\\/method-nestesaippua-pink-grapefruit-354ml\\\/#primaryimage\"},\"thumbnailUrl\":\"https:\\\/\\\/eettinenluksus.fi\\\/shop\\\/wp-content\\\/uploads\\\/sites\\\/4\\\/1726\\\/20\\\/Nestesaippua-Pink-Grapefruit-nelio.jpg\",\"datePublished\":\"2022-10-05T11:38:14+00:00\",\"dateModified\":\"2024-09-20T08:33:38+00:00\",\"description\":\"Method Nestesaippua Pink Grapefruit 354ml. Sis\u00e4lt\u00e4\u00e4 glyseriini\u00e4, aloe veraa ja E-vitamiinia. Tuoksu greippi, veriappelsiini, mustaherukkaa.\",\"breadcrumb\":{\"@id\":\"https:\\\/\\\/eettinenluksus.fi\\\/shop\\\/tuote\\\/method-nestesaippua-pink-grapefruit-354ml\\\/#breadcrumb\"},\"inLanguage\":\"fi\",\"potentialAction\":[{\"@type\":\"ReadAction\",\"target\":[\"https:\\\/\\\/eettinenluksus.fi\\\/shop\\\/tuote\\\/method-nestesaippua-pink-grapefruit-354ml\\\/\"]}]},{\"@type\":\"ImageObject\",\"inLanguage\":\"fi\",\"@id\":\"https:\\\/\\\/eettinenluksus.fi\\\/shop\\\/tuote\\\/method-nestesaippua-pink-grapefruit-354ml\\\/#primaryimage\",\"url\":\"https:\\\/\\\/eettinenluksus.fi\\\/shop\\\/wp-content\\\/uploads\\\/sites\\\/4\\\/1726\\\/20\\\/Nestesaippua-Pink-Grapefruit-nelio.jpg\",\"contentUrl\":\"https:\\\/\\\/eettinenluksus.fi\\\/shop\\\/wp-content\\\/uploads\\\/sites\\\/4\\\/1726\\\/20\\\/Nestesaippua-Pink-Grapefruit-nelio.jpg\",\"width\":1045,\"height\":1045,\"caption\":\"Nestesaippua Pink Grapefruit\"},{\"@type\":\"BreadcrumbList\",\"@id\":\"https:\\\/\\\/eettinenluksus.fi\\\/shop\\\/tuote\\\/method-nestesaippua-pink-grapefruit-354ml\\\/#breadcrumb\",\"itemListElement\":[{\"@type\":\"ListItem\",\"position\":1,\"name\":\"Etusivu\",\"item\":\"https:\\\/\\\/eettinenluksus.fi\\\/shop\\\/\"},{\"@type\":\"ListItem\",\"position\":2,\"name\":\"Kauppa\",\"item\":\"https:\\\/\\\/eettinenluksus.fi\\\/shop\\\/en\\\/kauppa\\\/\"},{\"@type\":\"ListItem\",\"position\":3,\"name\":\"Method Nestesaippua Pink Grapefruit 354ml\"}]},{\"@type\":\"WebSite\",\"@id\":\"https:\\\/\\\/eettinenluksus.fi\\\/shop\\\/#website\",\"url\":\"https:\\\/\\\/eettinenluksus.fi\\\/shop\\\/\",\"name\":\"Shop Eettinen Luksus\",\"description\":\"Uusi verkkokauppa\",\"publisher\":{\"@id\":\"https:\\\/\\\/eettinenluksus.fi\\\/shop\\\/#organization\"},\"potentialAction\":[{\"@type\":\"SearchAction\",\"target\":{\"@type\":\"EntryPoint\",\"urlTemplate\":\"https:\\\/\\\/eettinenluksus.fi\\\/shop\\\/?s={search_term_string}\"},\"query-input\":{\"@type\":\"PropertyValueSpecification\",\"valueRequired\":true,\"valueName\":\"search_term_string\"}}],\"inLanguage\":\"fi\"},{\"@type\":\"Organization\",\"@id\":\"https:\\\/\\\/eettinenluksus.fi\\\/shop\\\/#organization\",\"name\":\"Shop Eettinen Luksus\",\"url\":\"https:\\\/\\\/eettinenluksus.fi\\\/shop\\\/\",\"logo\":{\"@type\":\"ImageObject\",\"inLanguage\":\"fi\",\"@id\":\"https:\\\/\\\/eettinenluksus.fi\\\/shop\\\/#\\\/schema\\\/logo\\\/image\\\/\",\"url\":\"https:\\\/\\\/eettinenluksus.fi\\\/shop\\\/wp-content\\\/uploads\\\/sites\\\/4\\\/1664\\\/37\\\/cropped-ELO.jpg\",\"contentUrl\":\"https:\\\/\\\/eettinenluksus.fi\\\/shop\\\/wp-content\\\/uploads\\\/sites\\\/4\\\/1664\\\/37\\\/cropped-ELO.jpg\",\"width\":810,\"height\":350,\"caption\":\"Shop Eettinen Luksus\"},\"image\":{\"@id\":\"https:\\\/\\\/eettinenluksus.fi\\\/shop\\\/#\\\/schema\\\/logo\\\/image\\\/\"},\"sameAs\":[\"https:\\\/\\\/www.facebook.com\\\/eettinenluksus\",\"https:\\\/\\\/www.instagram.com\\\/eettinenluksus\\\/\"]}]}<\/script>\n<meta property=\"product:price:amount\" content=\"6.35\" \/>\n<meta property=\"product:price:currency\" content=\"EUR\" \/>\n<meta property=\"og:availability\" content=\"instock\" \/>\n<meta property=\"product:availability\" content=\"instock\" \/>\n<meta property=\"product:retailer_item_id\" content=\"4004582\" \/>\n<meta property=\"product:condition\" content=\"new\" \/>\n<!-- \/ Yoast SEO Premium plugin. -->","yoast_head_json":{"title":"Method Nestesaippua Pink Grapefruit 354ml - Shop Eettinen Luksus","description":"Method Nestesaippua Pink Grapefruit 354ml. Sis\u00e4lt\u00e4\u00e4 glyseriini\u00e4, aloe veraa ja E-vitamiinia. Tuoksu greippi, veriappelsiini, mustaherukkaa.","robots":{"index":"index","follow":"follow","max-snippet":"max-snippet:-1","max-image-preview":"max-image-preview:large","max-video-preview":"max-video-preview:-1"},"canonical":"https:\/\/eettinenluksus.fi\/shop\/tuote\/method-nestesaippua-pink-grapefruit-354ml\/","og_locale":"fi_FI","og_type":"article","og_title":"Method Nestesaippua Pink Grapefruit 354ml","og_description":"Method Nestesaippua Pink Grapefruit 354ml. Sis\u00e4lt\u00e4\u00e4 glyseriini\u00e4, aloe veraa ja E-vitamiinia. Tuoksu greippi, veriappelsiini, mustaherukkaa.","og_url":"https:\/\/eettinenluksus.fi\/shop\/tuote\/method-nestesaippua-pink-grapefruit-354ml\/","og_site_name":"Shop Eettinen Luksus","article_publisher":"https:\/\/www.facebook.com\/eettinenluksus","article_modified_time":"2024-09-20T08:33:38+00:00","og_image":[{"width":1045,"height":1045,"url":"https:\/\/eettinenluksus.fi\/shop\/wp-content\/uploads\/sites\/4\/1726\/20\/Nestesaippua-Pink-Grapefruit-nelio.jpg","type":"image\/jpeg"}],"twitter_card":"summary_large_image","twitter_misc":{"Hinta":"6,35&nbsp;&euro;","Saatavuus":"Varastossa"},"schema":{"@context":"https:\/\/schema.org","@graph":[{"@type":"WebPage","@id":"https:\/\/eettinenluksus.fi\/shop\/tuote\/method-nestesaippua-pink-grapefruit-354ml\/","url":"https:\/\/eettinenluksus.fi\/shop\/tuote\/method-nestesaippua-pink-grapefruit-354ml\/","name":"Method Nestesaippua Pink Grapefruit 354ml - Shop Eettinen Luksus","isPartOf":{"@id":"https:\/\/eettinenluksus.fi\/shop\/#website"},"primaryImageOfPage":{"@id":"https:\/\/eettinenluksus.fi\/shop\/tuote\/method-nestesaippua-pink-grapefruit-354ml\/#primaryimage"},"image":{"@id":"https:\/\/eettinenluksus.fi\/shop\/tuote\/method-nestesaippua-pink-grapefruit-354ml\/#primaryimage"},"thumbnailUrl":"https:\/\/eettinenluksus.fi\/shop\/wp-content\/uploads\/sites\/4\/1726\/20\/Nestesaippua-Pink-Grapefruit-nelio.jpg","datePublished":"2022-10-05T11:38:14+00:00","dateModified":"2024-09-20T08:33:38+00:00","description":"Method Nestesaippua Pink Grapefruit 354ml. Sis\u00e4lt\u00e4\u00e4 glyseriini\u00e4, aloe veraa ja E-vitamiinia. Tuoksu greippi, veriappelsiini, mustaherukkaa.","breadcrumb":{"@id":"https:\/\/eettinenluksus.fi\/shop\/tuote\/method-nestesaippua-pink-grapefruit-354ml\/#breadcrumb"},"inLanguage":"fi","potentialAction":[{"@type":"ReadAction","target":["https:\/\/eettinenluksus.fi\/shop\/tuote\/method-nestesaippua-pink-grapefruit-354ml\/"]}]},{"@type":"ImageObject","inLanguage":"fi","@id":"https:\/\/eettinenluksus.fi\/shop\/tuote\/method-nestesaippua-pink-grapefruit-354ml\/#primaryimage","url":"https:\/\/eettinenluksus.fi\/shop\/wp-content\/uploads\/sites\/4\/1726\/20\/Nestesaippua-Pink-Grapefruit-nelio.jpg","contentUrl":"https:\/\/eettinenluksus.fi\/shop\/wp-content\/uploads\/sites\/4\/1726\/20\/Nestesaippua-Pink-Grapefruit-nelio.jpg","width":1045,"height":1045,"caption":"Nestesaippua Pink Grapefruit"},{"@type":"BreadcrumbList","@id":"https:\/\/eettinenluksus.fi\/shop\/tuote\/method-nestesaippua-pink-grapefruit-354ml\/#breadcrumb","itemListElement":[{"@type":"ListItem","position":1,"name":"Etusivu","item":"https:\/\/eettinenluksus.fi\/shop\/"},{"@type":"ListItem","position":2,"name":"Kauppa","item":"https:\/\/eettinenluksus.fi\/shop\/en\/kauppa\/"},{"@type":"ListItem","position":3,"name":"Method Nestesaippua Pink Grapefruit 354ml"}]},{"@type":"WebSite","@id":"https:\/\/eettinenluksus.fi\/shop\/#website","url":"https:\/\/eettinenluksus.fi\/shop\/","name":"Shop Eettinen Luksus","description":"Uusi verkkokauppa","publisher":{"@id":"https:\/\/eettinenluksus.fi\/shop\/#organization"},"potentialAction":[{"@type":"SearchAction","target":{"@type":"EntryPoint","urlTemplate":"https:\/\/eettinenluksus.fi\/shop\/?s={search_term_string}"},"query-input":{"@type":"PropertyValueSpecification","valueRequired":true,"valueName":"search_term_string"}}],"inLanguage":"fi"},{"@type":"Organization","@id":"https:\/\/eettinenluksus.fi\/shop\/#organization","name":"Shop Eettinen Luksus","url":"https:\/\/eettinenluksus.fi\/shop\/","logo":{"@type":"ImageObject","inLanguage":"fi","@id":"https:\/\/eettinenluksus.fi\/shop\/#\/schema\/logo\/image\/","url":"https:\/\/eettinenluksus.fi\/shop\/wp-content\/uploads\/sites\/4\/1664\/37\/cropped-ELO.jpg","contentUrl":"https:\/\/eettinenluksus.fi\/shop\/wp-content\/uploads\/sites\/4\/1664\/37\/cropped-ELO.jpg","width":810,"height":350,"caption":"Shop Eettinen Luksus"},"image":{"@id":"https:\/\/eettinenluksus.fi\/shop\/#\/schema\/logo\/image\/"},"sameAs":["https:\/\/www.facebook.com\/eettinenluksus","https:\/\/www.instagram.com\/eettinenluksus\/"]}]},"product_price_amount":"6.35","product_price_currency":"EUR","og_availability":"instock","product_availability":"instock","product_retailer_item_id":"4004582","product_condition":"new"},"_links":{"self":[{"href":"https:\/\/eettinenluksus.fi\/shop\/wp-json\/wp\/v2\/product\/290","targetHints":{"allow":["GET"]}}],"collection":[{"href":"https:\/\/eettinenluksus.fi\/shop\/wp-json\/wp\/v2\/product"}],"about":[{"href":"https:\/\/eettinenluksus.fi\/shop\/wp-json\/wp\/v2\/types\/product"}],"version-history":[{"count":10,"href":"https:\/\/eettinenluksus.fi\/shop\/wp-json\/wp\/v2\/product\/290\/revisions"}],"predecessor-version":[{"id":3516,"href":"https:\/\/eettinenluksus.fi\/shop\/wp-json\/wp\/v2\/product\/290\/revisions\/3516"}],"wp:featuredmedia":[{"embeddable":true,"href":"https:\/\/eettinenluksus.fi\/shop\/wp-json\/wp\/v2\/media\/4069"}],"wp:attachment":[{"href":"https:\/\/eettinenluksus.fi\/shop\/wp-json\/wp\/v2\/media?parent=290"}],"wp:term":[{"taxonomy":"product_brand","embeddable":true,"href":"https:\/\/eettinenluksus.fi\/shop\/wp-json\/wp\/v2\/product_brand?post=290"},{"taxonomy":"product_cat","embeddable":true,"href":"https:\/\/eettinenluksus.fi\/shop\/wp-json\/wp\/v2\/product_cat?post=290"},{"taxonomy":"product_tag","embeddable":true,"href":"https:\/\/eettinenluksus.fi\/shop\/wp-json\/wp\/v2\/product_tag?post=290"}],"curies":[{"name":"wp","href":"https:\/\/api.w.org\/{rel}","templated":true}]}}