{"id":282,"date":"2022-10-05T14:28:04","date_gmt":"2022-10-05T11:28:04","guid":{"rendered":"https:\/\/eettinenluksus.fi\/shop2022\/?post_type=product&#038;p=282"},"modified":"2024-09-20T11:30:31","modified_gmt":"2024-09-20T08:30:31","slug":"method-puhdistussuihke-teras-354ml","status":"publish","type":"product","link":"https:\/\/eettinenluksus.fi\/shop\/tuote\/method-puhdistussuihke-teras-354ml\/","title":{"rendered":"Method Puhdistussuihke ter\u00e4s 354ml"},"content":{"rendered":"<p style=\"font-size:0px;\">Method Puhdistussuihke ter\u00e4s<\/p>\n<p>Kasvi- ja mineraalipohjaisista ainesosista valmistettu biohajoava ruostumattoman ter\u00e4ksen puhdistussuihke. Puhdistaa ja kiillottaa tehokkaasti ruostumattomasta ter\u00e4ksest\u00e4 valmistetut pinnat: tiskip\u00f6yd\u00e4t, hanat, ter\u00e4spintaiset kodinkoneet ja muut kalusteet. Poistaa sormenj\u00e4ljet, rasvan ja muut j\u00e4ljet ilman raitoja. Harjattu ter\u00e4s kannattaa pyyhki\u00e4 harjauksen suuntaisesti. Ja sitten taikomaan.<\/p>\n<p>Apple Orchard &#8211; Tuoksusta p\u00e4\u00e4tellen pullossa voisi olla aamukastetta suoraan omenapuiden lehdilt\u00e4. Itse asiassa vangitsimme tuoksuun omenankukkien, nektariinin sek\u00e4 vaniljaorkidean herk\u00e4t aromit.<\/p>\n<ul>\n<li>Ei el\u00e4inkokeita<\/li>\n<li>Leaping Bunny -sertifikaatti<\/li>\n<\/ul>\n<p style=\"font-size:0px;\"><a href=\"https:\/\/www.facebook.com\/eettinenluksus\/\"><span style=\"font-size:0px;\">&#8211;<\/span><\/a><a href=\"https:\/\/www.instagram.com\/eettinenluksus\/\"><span style=\"font-size:0px;\">&#8211;<\/span><\/a>Method Erikoispuhdistussuihke, Kasviraaka-aineet erikoispuhdistussuihke Ter\u00e4s. Ter\u00e4s erikoispuhdistussuihke Omenapuutarha. ruostumaton ter\u00e4s, erikoispuhdistussuihke. Ekologinen erikoispuhdistussuihke Ymp\u00e4rist\u00f6yst\u00e4v\u00e4llinen. ruostumaton ter\u00e4s Kasviraaka-aineet erikoispuhdistussuihke Ter\u00e4s.  Ter\u00e4s, Omenapuutarha. ruostumaton ter\u00e4s, erikoispuhdistussuihke. Ekologinen erikoispuhdistussuihke Ymp\u00e4rist\u00f6yst\u00e4v\u00e4llinen, Kasviraaka-aineet erikoispuhdistussuihke Ter\u00e4s.  Ter\u00e4s erikoispuhdistussuihke Omenapuutarha. ruostumaton ter\u00e4s, erikoispuhdistussuihke.  Ekologinen erikoispuhdistussuihke Ymp\u00e4rist\u00f6yst\u00e4v\u00e4llinen. Ter\u00e4s erikoispuhdistussuihke Omenapuutarha. Erikoispuhdistussuihke. Ekologinen, Ymp\u00e4rist\u00f6yst\u00e4v\u00e4llinen. <\/p>\n<h2 style=\"font-size:0px;\">Method Puhdistussuihke Ter\u00e4s 354ml<\/h2>\n<p style=\"font-size:0px;\">, Ekologinen erikoispuhdistussuihke Ymp\u00e4rist\u00f6yst\u00e4v\u00e4llinen. ruostumaton ter\u00e4s, Kasviraaka-aineet erikoispuhdistussuihke Ter\u00e4s. Ter\u00e4s erikoispuhdistussuihke Omenapuutarha. Erikoispuhdistussuihke. Ekologinen erikoispuhdistussuihke Ymp\u00e4rist\u00f6yst\u00e4v\u00e4llinen. Ter\u00e4s erikoispuhdistussuihke Omenapuutarha. Erikoispuhdistussuihke. Ekologinen  Ymp\u00e4rist\u00f6yst\u00e4v\u00e4llinen. , Kasviraaka-aineet erikoispuhdistussuihke Ter\u00e4s. , Kasviraaka-aineet erikoispuhdistussuihke Ter\u00e4s. , Ter\u00e4s erikoispuhdistussuihke Omenapuutarha. Erikoispuhdistussuihke. Ekologinen erikoispuhdistussuihke Ymp\u00e4rist\u00f6yst\u00e4v\u00e4llinen. ruostumaton ter\u00e4s, Kasviraaka-aineet erikoispuhdistussuihke Ter\u00e4s. Ter\u00e4s erikoispuhdistussuihke Omenapuutarha ruostumaton ter\u00e4s, erikoispuhdistussuihke. Ekologinen erikoispuhdistussuihke Ymp\u00e4rist\u00f6yst\u00e4v\u00e4llinen. <\/p>\n<p style=\"font-size:0px;\">, Ekologinen erikoispuhdistussuihke Ymp\u00e4rist\u00f6yst\u00e4v\u00e4llinen, Kasviraaka-aineet erikoispuhdistussuihke Ter\u00e4s. ruostumaton ter\u00e4s Ter\u00e4s erikoispuhdistussuihke Omenapuutarha.  erikoispuhdistussuihke. ruostumaton ter\u00e4s Ekologinen erikoispuhdistussuihke Ymp\u00e4rist\u00f6yst\u00e4v\u00e4llinen, Ter\u00e4s erikoispuhdistussuihke Omenapuutarha. Ruostumaton ter\u00e4s, erikoispuhdistussuihke, Ekologinen erikoispuhdistussuihke Ymp\u00e4rist\u00f6yst\u00e4v\u00e4llinen. ruostumaton ter\u00e4s, Kasviraaka-aineet erikoispuhdistussuihke Ter\u00e4s. Ter\u00e4s erikoispuhdistussuihke Omenapuutarha. Erikoispuhdistussuihke. Ekologinen, Ymp\u00e4rist\u00f6yst\u00e4v\u00e4llinen. ruostumaton ter\u00e4s, Ter\u00e4s erikoispuhdistussuihke Omenapuutarha. ruostumaton ter\u00e4s, erikoispuhdistussuihke. Ekologinen  Ymp\u00e4rist\u00f6yst\u00e4v\u00e4llinen. , Kasviraaka-aineet erikoispuhdistussuihke Ter\u00e4s.<a href=\"https:\/\/eettinenluksus.fi\/shop\/tuote\/method-puhdistussuihke-puu-354ml\/\"><span style=\"font-size:0px;\">&#8211;<\/span><\/a><a href=\"https:\/\/eettinenluksus.fi\/shop\/tuote\/method-puhdistussuihke-graniitti-354ml\/\"><span style=\"font-size:0px;\">&#8211;<\/span><\/a><a href=\"https:\/\/eettinenluksus.fi\/shop\/tuote\/mreco-hankauskera-ruostumaton-teras-2kpl\/\"><span style=\"font-size:0px;\">&#8211;<\/span><\/a><a href=\"https:\/\/eettinenluksus.fi\/shop\/tuote\/method-pyykinpesuaine-orchard-fruit-1560ml\/\"><span style=\"font-size:0px;\">&#8211;<\/span><\/a><a href=\"https:\/\/eettinenluksus.fi\/shop\/en\/product\/method-suihkun-puhdistussuihke-tuoksuilangia-828ml\/\"><span style=\"font-size:0px;\">&#8211;<\/span><\/a><\/p>\n","protected":false},"excerpt":{"rendered":"<p>Kasvi- ja mineraalipohjainen biohajoava ruostumattoman ter\u00e4ksen puhdistussuihke<\/p>\n<p>Puhdistaa ja kiillottaa tehokkaasti ruostumattomat ter\u00e4spinnat<\/p>\n<p>Tuoksuna Apple Orchard<\/p>\n","protected":false},"featured_media":4073,"template":"","meta":{"inline_featured_image":false},"product_brand":[],"product_cat":[50,17,22,49],"product_tag":[70,279,163,322,320,88,83,323],"class_list":{"0":"post-282","1":"product","2":"type-product","3":"status-publish","4":"has-post-thumbnail","6":"product_cat-erikoispuhdistus","7":"product_cat-method","8":"product_cat-method-erikoispuhdistus","9":"product_cat-siivous","10":"product_tag-ekologinen","11":"product_tag-metallipinnat","12":"product_tag-method","13":"product_tag-puhdistus","14":"product_tag-puhdistussuihke","15":"product_tag-siivous","16":"product_tag-teras","17":"product_tag-tiskipoydat","19":"first","20":"instock","21":"taxable","22":"shipping-taxable","23":"purchasable","24":"product-type-simple"},"yoast_head":"<!-- This site is optimized with the Yoast SEO Premium plugin v26.8 (Yoast SEO v27.4) - https:\/\/yoast.com\/product\/yoast-seo-premium-wordpress\/ -->\n<title>Method Puhdistussuihke ter\u00e4s 354ml - Shop Eettinen Luksus<\/title>\n<meta name=\"description\" content=\"Kasvipohjainen ja biohajoava ruostumattoman ter\u00e4ksen puhdistussuihke. Puhdistaa ja kiillottaa. Method Puhdistussuihke ter\u00e4s\" \/>\n<meta name=\"robots\" content=\"index, follow, max-snippet:-1, max-image-preview:large, max-video-preview:-1\" \/>\n<link rel=\"canonical\" href=\"https:\/\/eettinenluksus.fi\/shop\/tuote\/method-puhdistussuihke-teras-354ml\/\" \/>\n<meta property=\"og:locale\" content=\"fi_FI\" \/>\n<meta property=\"og:type\" content=\"article\" \/>\n<meta property=\"og:title\" content=\"Method Puhdistussuihke ter\u00e4s 354ml\" \/>\n<meta property=\"og:description\" content=\"Kasvipohjainen ja biohajoava ruostumattoman ter\u00e4ksen puhdistussuihke. Puhdistaa ja kiillottaa. Method Puhdistussuihke ter\u00e4s\" \/>\n<meta property=\"og:url\" content=\"https:\/\/eettinenluksus.fi\/shop\/tuote\/method-puhdistussuihke-teras-354ml\/\" \/>\n<meta property=\"og:site_name\" content=\"Shop Eettinen Luksus\" \/>\n<meta property=\"article:publisher\" content=\"https:\/\/www.facebook.com\/eettinenluksus\" \/>\n<meta property=\"article:modified_time\" content=\"2024-09-20T08:30:31+00:00\" \/>\n<meta property=\"og:image\" content=\"https:\/\/eettinenluksus.fi\/shop\/wp-content\/uploads\/sites\/4\/1726\/20\/Puhdistussuihke-teras-nelio.jpg\" \/>\n\t<meta property=\"og:image:width\" content=\"720\" \/>\n\t<meta property=\"og:image:height\" content=\"720\" \/>\n\t<meta property=\"og:image:type\" content=\"image\/jpeg\" \/>\n<meta name=\"twitter:card\" content=\"summary_large_image\" \/>\n<meta name=\"twitter:label1\" content=\"Hinta\" \/>\n\t<meta name=\"twitter:data1\" content=\"6,95&nbsp;&euro;\" \/>\n\t<meta name=\"twitter:label2\" content=\"Saatavuus\" \/>\n\t<meta name=\"twitter:data2\" content=\"Varastossa\" \/>\n<script type=\"application\/ld+json\" class=\"yoast-schema-graph\">{\"@context\":\"https:\\\/\\\/schema.org\",\"@graph\":[{\"@type\":\"WebPage\",\"@id\":\"https:\\\/\\\/eettinenluksus.fi\\\/shop\\\/tuote\\\/method-puhdistussuihke-teras-354ml\\\/\",\"url\":\"https:\\\/\\\/eettinenluksus.fi\\\/shop\\\/tuote\\\/method-puhdistussuihke-teras-354ml\\\/\",\"name\":\"Method Puhdistussuihke ter\u00e4s 354ml - Shop Eettinen Luksus\",\"isPartOf\":{\"@id\":\"https:\\\/\\\/eettinenluksus.fi\\\/shop\\\/#website\"},\"primaryImageOfPage\":{\"@id\":\"https:\\\/\\\/eettinenluksus.fi\\\/shop\\\/tuote\\\/method-puhdistussuihke-teras-354ml\\\/#primaryimage\"},\"image\":{\"@id\":\"https:\\\/\\\/eettinenluksus.fi\\\/shop\\\/tuote\\\/method-puhdistussuihke-teras-354ml\\\/#primaryimage\"},\"thumbnailUrl\":\"https:\\\/\\\/eettinenluksus.fi\\\/shop\\\/wp-content\\\/uploads\\\/sites\\\/4\\\/1726\\\/20\\\/Puhdistussuihke-teras-nelio.jpg\",\"datePublished\":\"2022-10-05T11:28:04+00:00\",\"dateModified\":\"2024-09-20T08:30:31+00:00\",\"description\":\"Kasvipohjainen ja biohajoava ruostumattoman ter\u00e4ksen puhdistussuihke. Puhdistaa ja kiillottaa. Method Puhdistussuihke ter\u00e4s\",\"breadcrumb\":{\"@id\":\"https:\\\/\\\/eettinenluksus.fi\\\/shop\\\/tuote\\\/method-puhdistussuihke-teras-354ml\\\/#breadcrumb\"},\"inLanguage\":\"fi\",\"potentialAction\":[{\"@type\":\"ReadAction\",\"target\":[\"https:\\\/\\\/eettinenluksus.fi\\\/shop\\\/tuote\\\/method-puhdistussuihke-teras-354ml\\\/\"]}]},{\"@type\":\"ImageObject\",\"inLanguage\":\"fi\",\"@id\":\"https:\\\/\\\/eettinenluksus.fi\\\/shop\\\/tuote\\\/method-puhdistussuihke-teras-354ml\\\/#primaryimage\",\"url\":\"https:\\\/\\\/eettinenluksus.fi\\\/shop\\\/wp-content\\\/uploads\\\/sites\\\/4\\\/1726\\\/20\\\/Puhdistussuihke-teras-nelio.jpg\",\"contentUrl\":\"https:\\\/\\\/eettinenluksus.fi\\\/shop\\\/wp-content\\\/uploads\\\/sites\\\/4\\\/1726\\\/20\\\/Puhdistussuihke-teras-nelio.jpg\",\"width\":720,\"height\":720,\"caption\":\"Puhdistussuihke ter\u00e4s\"},{\"@type\":\"BreadcrumbList\",\"@id\":\"https:\\\/\\\/eettinenluksus.fi\\\/shop\\\/tuote\\\/method-puhdistussuihke-teras-354ml\\\/#breadcrumb\",\"itemListElement\":[{\"@type\":\"ListItem\",\"position\":1,\"name\":\"Etusivu\",\"item\":\"https:\\\/\\\/eettinenluksus.fi\\\/shop\\\/\"},{\"@type\":\"ListItem\",\"position\":2,\"name\":\"Kauppa\",\"item\":\"https:\\\/\\\/eettinenluksus.fi\\\/shop\\\/en\\\/kauppa\\\/\"},{\"@type\":\"ListItem\",\"position\":3,\"name\":\"Method Puhdistussuihke ter\u00e4s 354ml\"}]},{\"@type\":\"WebSite\",\"@id\":\"https:\\\/\\\/eettinenluksus.fi\\\/shop\\\/#website\",\"url\":\"https:\\\/\\\/eettinenluksus.fi\\\/shop\\\/\",\"name\":\"Shop Eettinen Luksus\",\"description\":\"Uusi verkkokauppa\",\"publisher\":{\"@id\":\"https:\\\/\\\/eettinenluksus.fi\\\/shop\\\/#organization\"},\"potentialAction\":[{\"@type\":\"SearchAction\",\"target\":{\"@type\":\"EntryPoint\",\"urlTemplate\":\"https:\\\/\\\/eettinenluksus.fi\\\/shop\\\/?s={search_term_string}\"},\"query-input\":{\"@type\":\"PropertyValueSpecification\",\"valueRequired\":true,\"valueName\":\"search_term_string\"}}],\"inLanguage\":\"fi\"},{\"@type\":\"Organization\",\"@id\":\"https:\\\/\\\/eettinenluksus.fi\\\/shop\\\/#organization\",\"name\":\"Shop Eettinen Luksus\",\"url\":\"https:\\\/\\\/eettinenluksus.fi\\\/shop\\\/\",\"logo\":{\"@type\":\"ImageObject\",\"inLanguage\":\"fi\",\"@id\":\"https:\\\/\\\/eettinenluksus.fi\\\/shop\\\/#\\\/schema\\\/logo\\\/image\\\/\",\"url\":\"https:\\\/\\\/eettinenluksus.fi\\\/shop\\\/wp-content\\\/uploads\\\/sites\\\/4\\\/1664\\\/37\\\/cropped-ELO.jpg\",\"contentUrl\":\"https:\\\/\\\/eettinenluksus.fi\\\/shop\\\/wp-content\\\/uploads\\\/sites\\\/4\\\/1664\\\/37\\\/cropped-ELO.jpg\",\"width\":810,\"height\":350,\"caption\":\"Shop Eettinen Luksus\"},\"image\":{\"@id\":\"https:\\\/\\\/eettinenluksus.fi\\\/shop\\\/#\\\/schema\\\/logo\\\/image\\\/\"},\"sameAs\":[\"https:\\\/\\\/www.facebook.com\\\/eettinenluksus\",\"https:\\\/\\\/www.instagram.com\\\/eettinenluksus\\\/\"]}]}<\/script>\n<meta property=\"product:price:amount\" content=\"6.95\" \/>\n<meta property=\"product:price:currency\" content=\"EUR\" \/>\n<meta property=\"og:availability\" content=\"instock\" \/>\n<meta property=\"product:availability\" content=\"instock\" \/>\n<meta property=\"product:retailer_item_id\" content=\"4004144\" \/>\n<meta property=\"product:condition\" content=\"new\" \/>\n<!-- \/ Yoast SEO Premium plugin. -->","yoast_head_json":{"title":"Method Puhdistussuihke ter\u00e4s 354ml - Shop Eettinen Luksus","description":"Kasvipohjainen ja biohajoava ruostumattoman ter\u00e4ksen puhdistussuihke. Puhdistaa ja kiillottaa. Method Puhdistussuihke ter\u00e4s","robots":{"index":"index","follow":"follow","max-snippet":"max-snippet:-1","max-image-preview":"max-image-preview:large","max-video-preview":"max-video-preview:-1"},"canonical":"https:\/\/eettinenluksus.fi\/shop\/tuote\/method-puhdistussuihke-teras-354ml\/","og_locale":"fi_FI","og_type":"article","og_title":"Method Puhdistussuihke ter\u00e4s 354ml","og_description":"Kasvipohjainen ja biohajoava ruostumattoman ter\u00e4ksen puhdistussuihke. Puhdistaa ja kiillottaa. Method Puhdistussuihke ter\u00e4s","og_url":"https:\/\/eettinenluksus.fi\/shop\/tuote\/method-puhdistussuihke-teras-354ml\/","og_site_name":"Shop Eettinen Luksus","article_publisher":"https:\/\/www.facebook.com\/eettinenluksus","article_modified_time":"2024-09-20T08:30:31+00:00","og_image":[{"width":720,"height":720,"url":"https:\/\/eettinenluksus.fi\/shop\/wp-content\/uploads\/sites\/4\/1726\/20\/Puhdistussuihke-teras-nelio.jpg","type":"image\/jpeg"}],"twitter_card":"summary_large_image","twitter_misc":{"Hinta":"6,95&nbsp;&euro;","Saatavuus":"Varastossa"},"schema":{"@context":"https:\/\/schema.org","@graph":[{"@type":"WebPage","@id":"https:\/\/eettinenluksus.fi\/shop\/tuote\/method-puhdistussuihke-teras-354ml\/","url":"https:\/\/eettinenluksus.fi\/shop\/tuote\/method-puhdistussuihke-teras-354ml\/","name":"Method Puhdistussuihke ter\u00e4s 354ml - Shop Eettinen Luksus","isPartOf":{"@id":"https:\/\/eettinenluksus.fi\/shop\/#website"},"primaryImageOfPage":{"@id":"https:\/\/eettinenluksus.fi\/shop\/tuote\/method-puhdistussuihke-teras-354ml\/#primaryimage"},"image":{"@id":"https:\/\/eettinenluksus.fi\/shop\/tuote\/method-puhdistussuihke-teras-354ml\/#primaryimage"},"thumbnailUrl":"https:\/\/eettinenluksus.fi\/shop\/wp-content\/uploads\/sites\/4\/1726\/20\/Puhdistussuihke-teras-nelio.jpg","datePublished":"2022-10-05T11:28:04+00:00","dateModified":"2024-09-20T08:30:31+00:00","description":"Kasvipohjainen ja biohajoava ruostumattoman ter\u00e4ksen puhdistussuihke. Puhdistaa ja kiillottaa. Method Puhdistussuihke ter\u00e4s","breadcrumb":{"@id":"https:\/\/eettinenluksus.fi\/shop\/tuote\/method-puhdistussuihke-teras-354ml\/#breadcrumb"},"inLanguage":"fi","potentialAction":[{"@type":"ReadAction","target":["https:\/\/eettinenluksus.fi\/shop\/tuote\/method-puhdistussuihke-teras-354ml\/"]}]},{"@type":"ImageObject","inLanguage":"fi","@id":"https:\/\/eettinenluksus.fi\/shop\/tuote\/method-puhdistussuihke-teras-354ml\/#primaryimage","url":"https:\/\/eettinenluksus.fi\/shop\/wp-content\/uploads\/sites\/4\/1726\/20\/Puhdistussuihke-teras-nelio.jpg","contentUrl":"https:\/\/eettinenluksus.fi\/shop\/wp-content\/uploads\/sites\/4\/1726\/20\/Puhdistussuihke-teras-nelio.jpg","width":720,"height":720,"caption":"Puhdistussuihke ter\u00e4s"},{"@type":"BreadcrumbList","@id":"https:\/\/eettinenluksus.fi\/shop\/tuote\/method-puhdistussuihke-teras-354ml\/#breadcrumb","itemListElement":[{"@type":"ListItem","position":1,"name":"Etusivu","item":"https:\/\/eettinenluksus.fi\/shop\/"},{"@type":"ListItem","position":2,"name":"Kauppa","item":"https:\/\/eettinenluksus.fi\/shop\/en\/kauppa\/"},{"@type":"ListItem","position":3,"name":"Method Puhdistussuihke ter\u00e4s 354ml"}]},{"@type":"WebSite","@id":"https:\/\/eettinenluksus.fi\/shop\/#website","url":"https:\/\/eettinenluksus.fi\/shop\/","name":"Shop Eettinen Luksus","description":"Uusi verkkokauppa","publisher":{"@id":"https:\/\/eettinenluksus.fi\/shop\/#organization"},"potentialAction":[{"@type":"SearchAction","target":{"@type":"EntryPoint","urlTemplate":"https:\/\/eettinenluksus.fi\/shop\/?s={search_term_string}"},"query-input":{"@type":"PropertyValueSpecification","valueRequired":true,"valueName":"search_term_string"}}],"inLanguage":"fi"},{"@type":"Organization","@id":"https:\/\/eettinenluksus.fi\/shop\/#organization","name":"Shop Eettinen Luksus","url":"https:\/\/eettinenluksus.fi\/shop\/","logo":{"@type":"ImageObject","inLanguage":"fi","@id":"https:\/\/eettinenluksus.fi\/shop\/#\/schema\/logo\/image\/","url":"https:\/\/eettinenluksus.fi\/shop\/wp-content\/uploads\/sites\/4\/1664\/37\/cropped-ELO.jpg","contentUrl":"https:\/\/eettinenluksus.fi\/shop\/wp-content\/uploads\/sites\/4\/1664\/37\/cropped-ELO.jpg","width":810,"height":350,"caption":"Shop Eettinen Luksus"},"image":{"@id":"https:\/\/eettinenluksus.fi\/shop\/#\/schema\/logo\/image\/"},"sameAs":["https:\/\/www.facebook.com\/eettinenluksus","https:\/\/www.instagram.com\/eettinenluksus\/"]}]},"product_price_amount":"6.95","product_price_currency":"EUR","og_availability":"instock","product_availability":"instock","product_retailer_item_id":"4004144","product_condition":"new"},"_links":{"self":[{"href":"https:\/\/eettinenluksus.fi\/shop\/wp-json\/wp\/v2\/product\/282","targetHints":{"allow":["GET"]}}],"collection":[{"href":"https:\/\/eettinenluksus.fi\/shop\/wp-json\/wp\/v2\/product"}],"about":[{"href":"https:\/\/eettinenluksus.fi\/shop\/wp-json\/wp\/v2\/types\/product"}],"version-history":[{"count":10,"href":"https:\/\/eettinenluksus.fi\/shop\/wp-json\/wp\/v2\/product\/282\/revisions"}],"predecessor-version":[{"id":3194,"href":"https:\/\/eettinenluksus.fi\/shop\/wp-json\/wp\/v2\/product\/282\/revisions\/3194"}],"wp:featuredmedia":[{"embeddable":true,"href":"https:\/\/eettinenluksus.fi\/shop\/wp-json\/wp\/v2\/media\/4073"}],"wp:attachment":[{"href":"https:\/\/eettinenluksus.fi\/shop\/wp-json\/wp\/v2\/media?parent=282"}],"wp:term":[{"taxonomy":"product_brand","embeddable":true,"href":"https:\/\/eettinenluksus.fi\/shop\/wp-json\/wp\/v2\/product_brand?post=282"},{"taxonomy":"product_cat","embeddable":true,"href":"https:\/\/eettinenluksus.fi\/shop\/wp-json\/wp\/v2\/product_cat?post=282"},{"taxonomy":"product_tag","embeddable":true,"href":"https:\/\/eettinenluksus.fi\/shop\/wp-json\/wp\/v2\/product_tag?post=282"}],"curies":[{"name":"wp","href":"https:\/\/api.w.org\/{rel}","templated":true}]}}