{"id":266,"date":"2022-10-05T14:10:09","date_gmt":"2022-10-05T11:10:09","guid":{"rendered":"https:\/\/eettinenluksus.fi\/shop2022\/?post_type=product&#038;p=266"},"modified":"2026-02-20T12:07:53","modified_gmt":"2026-02-20T10:07:53","slug":"method-vaahtoava-nestesaippua-sweet-coconut-300ml","status":"publish","type":"product","link":"https:\/\/eettinenluksus.fi\/shop\/tuote\/method-vaahtoava-nestesaippua-sweet-coconut-300ml\/","title":{"rendered":"Method Vaahtoava nestesaippua Sweet Coconut 300ml"},"content":{"rendered":"<p style=\"font-size: 0px;\">K\u00e4sisaippua valmistettu kasviraaka-aineista Puhdistaa hell\u00e4varaisesti. Sis\u00e4lt\u00e4\u00e4 aloe veraa ja E-vitamiinia. Method vaahtosaippua sweet coconut<\/p>\n<p>Method Vaahtosaippua Sweet Coconut 300ml on valmistettu kasviraaka-aineista. Puhdistaa ihon hell\u00e4varaisesti, koska se sis\u00e4lt\u00e4\u00e4 ihoa hoitavaa glyseriini\u00e4, aloe veraa ja E-vitamiinia.<\/p>\n<p>Kuohkeat jutut tuntuvat olevan kaikkien suosikkeja. Kuten esimerkiksi vaahtokarkit ja koiranpennut, mutta ilman kaloreita ja k\u00e4yt\u00f6skoulutusta.<\/p>\n<p>Sweet Coconut &#8211; T\u00e4m\u00e4 herkullinen kookosp\u00e4hkin\u00e4n ja tuoreen mintun yhdistelm\u00e4 kuljettaa sinut aurinkotuoliin palmujen alle nopeammin kuin ehdit sanoa &#8220;kookos!&#8221;. <\/p>\n<ul>\n<li>Ei el\u00e4inper\u00e4isi\u00e4 raaka-aineita<\/li>\n<li>Ei el\u00e4inkokeita<\/li>\n<li>Leaping Bunny -sertifikaatti<\/li>\n<\/ul>\n<p style=\"font-size: 0px;\"><a href=\"https:\/\/www.facebook.com\/eettinenluksus\/\"><span style=\"font-size:0px;\">&#8211;<\/span><\/a><a href=\"https:\/\/www.instagram.com\/eettinenluksus\/\"><span style=\"font-size:0px;\">&#8211;<\/span><\/a>ekologinen nestesaippua, Sweet coconut, ekologinen vegaaninen, Sweet coconut, k\u00e4sienpesu, ekologinen, vegaaninen. Nestesaippua, ekologinen k\u00e4sienpesu, ekologinen nestesaippua, Sweet coconut k\u00e4sienpesu. Ekologinen nestesaippua, Sweet coconut, ekologinen vegaaninen, Sweet coconut, k\u00e4sienpesu, ekologinen, vegaaninen. Nestesaippua, ekologinen k\u00e4sienpesu, ekologinen nestesaippua, Sweet coconut k\u00e4sienpesu. Ekologinen nestesaippua, Sweet coconut, ekologinen vegaaninen, Sweet coconut, k\u00e4sienpesu, ekologinen, vegaaninen. Nestesaippua, ekologinen k\u00e4sienpesu, ekologinen nestesaippua, Sweet coconut k\u00e4sienpesu. Eettinen, esteettinen, Sweet coconut, ekologinen.<a href=\"https:\/\/www.facebook.com\/eettinenluksus\/\"><span style=\"font-size:0px;\">&#8211;<\/span><\/a><a href=\"https:\/\/www.instagram.com\/method_fi\/\"><span style=\"font-size:0px;\">&#8211;<\/span><\/a><\/p>\n<h2 style=\"font-size: 0px;\">Method vaahtosaippua Sweet coconut 300ml<\/h2>\n<p style=\"font-size: 0px;\">ekologinen nestesaippua, sweet cononut, ekologinen vegaaninen, k\u00e4sienpesu, ekologinen, vegaaninen. Nestesaippua, ekologinen k\u00e4sienpesu, ekologinen nestesaippua, k\u00e4sienpesu. Eettinen, esteettinen, ekologinen. Ekologinen nestesaippua, Sweet coconut, ekologinen vegaaninen, Sweet coconut, nestesaippua, k\u00e4sienpesu, ekologinen, vegaaninen. Nestesaippua, ekologinen k\u00e4sienpesu, ekologinen nestesaippua, Sweet coconut k\u00e4sienpesu. Ekologinen nestesaippua, Sweet coconut, ekologinen vegaaninen, Sweet coconut, k\u00e4sienpesu, ekologinen, vegaaninen. Nestesaippua, ekologinen k\u00e4sienpesu, ekologinen nestesaippua, Sweet coconut k\u00e4sienpesu. <a href=\"https:\/\/eettinenluksus.fi\/shop\/en\/product\/method-nestesaippua-sweet-water-354ml\/\"<span style=\"font-size:0px;\">&#8211;<\/span><\/a><a href=\"https:\/\/eettinenluksus.fi\/shop\/tuote\/method-vaahtoava-nestesaippua-sweet-coconut-300ml\/\"><span style=\"font-size:0px;\">&#8211;<\/span><\/a><a href=\"https:\/\/eettinenluksus.fi\/shop\/tuote\/method-nestesaippua-sweet-water-tuotepaketti\/\"><span style=\"font-size:0px;\">&#8211;<\/span><\/a><a href=\"https:\/\/eettinenluksus.fi\/shop\/tuote\/method-nestesaippua-sweet-water-taytto-1000ml\/\"><span style=\"font-size:0px;\">&#8211;<\/span><\/a><a href=\"https:\/\/eettinenluksus.fi\/shop\/tuotemerkit\/kasienpesu\/\"><span style=\"font-size:0px;\">&#8211;<\/span><\/a><\/p>\n","protected":false},"excerpt":{"rendered":"<p>Kasviraaka-aineista valmistettu vaahtoava nestesaippua<\/p>\n<p>Sis\u00e4lt\u00e4\u00e4 glyseriini\u00e4, aloe veraa ja E-vitamiinia<\/p>\n<p>Tuoksu Sweet Coconut<\/p>\n","protected":false},"featured_media":5420,"template":"","meta":{"inline_featured_image":false},"product_brand":[],"product_cat":[51,17,20],"product_tag":[70,185,182,304,163,293,314,328],"class_list":{"0":"post-266","1":"product","2":"type-product","3":"status-publish","4":"has-post-thumbnail","6":"product_cat-kasienpesu","7":"product_cat-method","8":"product_cat-method-kasienpesu","9":"product_tag-ekologinen","10":"product_tag-hyvinvointi","11":"product_tag-kookos","12":"product_tag-kasienpesu","13":"product_tag-method","14":"product_tag-nestesaippua","15":"product_tag-saippua","16":"product_tag-vaahtosaippua","18":"first","19":"instock","20":"taxable","21":"shipping-taxable","22":"purchasable","23":"product-type-simple"},"yoast_head":"<!-- This site is optimized with the Yoast SEO Premium plugin v26.8 (Yoast SEO v27.4) - https:\/\/yoast.com\/product\/yoast-seo-premium-wordpress\/ -->\n<title>Method Vaahtosaippua Sweet Coconut 300ml - Shop Eettinen Luksus<\/title>\n<meta name=\"description\" content=\"K\u00e4sisaippua valmistettu kasviraaka-aineista Puhdistaa hell\u00e4varaisesti. Sis\u00e4lt\u00e4\u00e4 aloe veraa ja E-vitamiinia. Method vaahtosaippua sweet coconut\" \/>\n<meta name=\"robots\" content=\"index, follow, max-snippet:-1, max-image-preview:large, max-video-preview:-1\" \/>\n<link rel=\"canonical\" href=\"https:\/\/eettinenluksus.fi\/shop\/tuote\/method-vaahtoava-nestesaippua-sweet-coconut-300ml\/\" \/>\n<meta property=\"og:locale\" content=\"fi_FI\" \/>\n<meta property=\"og:type\" content=\"article\" \/>\n<meta property=\"og:title\" content=\"Method Vaahtoava nestesaippua Sweet Coconut 300ml\" \/>\n<meta property=\"og:description\" content=\"K\u00e4sisaippua valmistettu kasviraaka-aineista Puhdistaa hell\u00e4varaisesti. Sis\u00e4lt\u00e4\u00e4 aloe veraa ja E-vitamiinia. Method vaahtosaippua sweet coconut\" \/>\n<meta property=\"og:url\" content=\"https:\/\/eettinenluksus.fi\/shop\/tuote\/method-vaahtoava-nestesaippua-sweet-coconut-300ml\/\" \/>\n<meta property=\"og:site_name\" content=\"Shop Eettinen Luksus\" \/>\n<meta property=\"article:publisher\" content=\"https:\/\/www.facebook.com\/eettinenluksus\" \/>\n<meta property=\"article:modified_time\" content=\"2026-02-20T10:07:53+00:00\" \/>\n<meta property=\"og:image\" content=\"https:\/\/eettinenluksus.fi\/shop\/wp-content\/uploads\/sites\/4\/2022\/10\/Tuotekuva_Sweet_Coconut_2026.jpg\" \/>\n\t<meta property=\"og:image:width\" content=\"2000\" \/>\n\t<meta property=\"og:image:height\" content=\"2000\" \/>\n\t<meta property=\"og:image:type\" content=\"image\/jpeg\" \/>\n<meta name=\"twitter:card\" content=\"summary_large_image\" \/>\n<meta name=\"twitter:label1\" content=\"Hinta\" \/>\n\t<meta name=\"twitter:data1\" content=\"6,50&nbsp;&euro;\" \/>\n\t<meta name=\"twitter:label2\" content=\"Saatavuus\" \/>\n\t<meta name=\"twitter:data2\" content=\"Varastossa\" \/>\n<script type=\"application\/ld+json\" class=\"yoast-schema-graph\">{\"@context\":\"https:\\\/\\\/schema.org\",\"@graph\":[{\"@type\":\"WebPage\",\"@id\":\"https:\\\/\\\/eettinenluksus.fi\\\/shop\\\/tuote\\\/method-vaahtoava-nestesaippua-sweet-coconut-300ml\\\/\",\"url\":\"https:\\\/\\\/eettinenluksus.fi\\\/shop\\\/tuote\\\/method-vaahtoava-nestesaippua-sweet-coconut-300ml\\\/\",\"name\":\"Method Vaahtosaippua Sweet Coconut 300ml - Shop Eettinen Luksus\",\"isPartOf\":{\"@id\":\"https:\\\/\\\/eettinenluksus.fi\\\/shop\\\/#website\"},\"primaryImageOfPage\":{\"@id\":\"https:\\\/\\\/eettinenluksus.fi\\\/shop\\\/tuote\\\/method-vaahtoava-nestesaippua-sweet-coconut-300ml\\\/#primaryimage\"},\"image\":{\"@id\":\"https:\\\/\\\/eettinenluksus.fi\\\/shop\\\/tuote\\\/method-vaahtoava-nestesaippua-sweet-coconut-300ml\\\/#primaryimage\"},\"thumbnailUrl\":\"https:\\\/\\\/eettinenluksus.fi\\\/shop\\\/wp-content\\\/uploads\\\/sites\\\/4\\\/2022\\\/10\\\/Tuotekuva_Sweet_Coconut_2026.jpg\",\"datePublished\":\"2022-10-05T11:10:09+00:00\",\"dateModified\":\"2026-02-20T10:07:53+00:00\",\"description\":\"K\u00e4sisaippua valmistettu kasviraaka-aineista Puhdistaa hell\u00e4varaisesti. Sis\u00e4lt\u00e4\u00e4 aloe veraa ja E-vitamiinia. Method vaahtosaippua sweet coconut\",\"breadcrumb\":{\"@id\":\"https:\\\/\\\/eettinenluksus.fi\\\/shop\\\/tuote\\\/method-vaahtoava-nestesaippua-sweet-coconut-300ml\\\/#breadcrumb\"},\"inLanguage\":\"fi\",\"potentialAction\":[{\"@type\":\"ReadAction\",\"target\":[\"https:\\\/\\\/eettinenluksus.fi\\\/shop\\\/tuote\\\/method-vaahtoava-nestesaippua-sweet-coconut-300ml\\\/\"]}]},{\"@type\":\"ImageObject\",\"inLanguage\":\"fi\",\"@id\":\"https:\\\/\\\/eettinenluksus.fi\\\/shop\\\/tuote\\\/method-vaahtoava-nestesaippua-sweet-coconut-300ml\\\/#primaryimage\",\"url\":\"https:\\\/\\\/eettinenluksus.fi\\\/shop\\\/wp-content\\\/uploads\\\/sites\\\/4\\\/2022\\\/10\\\/Tuotekuva_Sweet_Coconut_2026.jpg\",\"contentUrl\":\"https:\\\/\\\/eettinenluksus.fi\\\/shop\\\/wp-content\\\/uploads\\\/sites\\\/4\\\/2022\\\/10\\\/Tuotekuva_Sweet_Coconut_2026.jpg\",\"width\":2000,\"height\":2000,\"caption\":\"Method Vaahtoava nestesaippua Sweet Coconut 300ml\"},{\"@type\":\"BreadcrumbList\",\"@id\":\"https:\\\/\\\/eettinenluksus.fi\\\/shop\\\/tuote\\\/method-vaahtoava-nestesaippua-sweet-coconut-300ml\\\/#breadcrumb\",\"itemListElement\":[{\"@type\":\"ListItem\",\"position\":1,\"name\":\"Etusivu\",\"item\":\"https:\\\/\\\/eettinenluksus.fi\\\/shop\\\/\"},{\"@type\":\"ListItem\",\"position\":2,\"name\":\"Kauppa\",\"item\":\"https:\\\/\\\/eettinenluksus.fi\\\/shop\\\/en\\\/kauppa\\\/\"},{\"@type\":\"ListItem\",\"position\":3,\"name\":\"Method Vaahtoava nestesaippua Sweet Coconut 300ml\"}]},{\"@type\":\"WebSite\",\"@id\":\"https:\\\/\\\/eettinenluksus.fi\\\/shop\\\/#website\",\"url\":\"https:\\\/\\\/eettinenluksus.fi\\\/shop\\\/\",\"name\":\"Shop Eettinen Luksus\",\"description\":\"Uusi verkkokauppa\",\"publisher\":{\"@id\":\"https:\\\/\\\/eettinenluksus.fi\\\/shop\\\/#organization\"},\"potentialAction\":[{\"@type\":\"SearchAction\",\"target\":{\"@type\":\"EntryPoint\",\"urlTemplate\":\"https:\\\/\\\/eettinenluksus.fi\\\/shop\\\/?s={search_term_string}\"},\"query-input\":{\"@type\":\"PropertyValueSpecification\",\"valueRequired\":true,\"valueName\":\"search_term_string\"}}],\"inLanguage\":\"fi\"},{\"@type\":\"Organization\",\"@id\":\"https:\\\/\\\/eettinenluksus.fi\\\/shop\\\/#organization\",\"name\":\"Shop Eettinen Luksus\",\"url\":\"https:\\\/\\\/eettinenluksus.fi\\\/shop\\\/\",\"logo\":{\"@type\":\"ImageObject\",\"inLanguage\":\"fi\",\"@id\":\"https:\\\/\\\/eettinenluksus.fi\\\/shop\\\/#\\\/schema\\\/logo\\\/image\\\/\",\"url\":\"https:\\\/\\\/eettinenluksus.fi\\\/shop\\\/wp-content\\\/uploads\\\/sites\\\/4\\\/1664\\\/37\\\/cropped-ELO.jpg\",\"contentUrl\":\"https:\\\/\\\/eettinenluksus.fi\\\/shop\\\/wp-content\\\/uploads\\\/sites\\\/4\\\/1664\\\/37\\\/cropped-ELO.jpg\",\"width\":810,\"height\":350,\"caption\":\"Shop Eettinen Luksus\"},\"image\":{\"@id\":\"https:\\\/\\\/eettinenluksus.fi\\\/shop\\\/#\\\/schema\\\/logo\\\/image\\\/\"},\"sameAs\":[\"https:\\\/\\\/www.facebook.com\\\/eettinenluksus\",\"https:\\\/\\\/www.instagram.com\\\/eettinenluksus\\\/\"]}]}<\/script>\n<meta property=\"product:price:amount\" content=\"6.50\" \/>\n<meta property=\"product:price:currency\" content=\"EUR\" \/>\n<meta property=\"og:availability\" content=\"instock\" \/>\n<meta property=\"product:availability\" content=\"instock\" \/>\n<meta property=\"product:retailer_item_id\" content=\"4004402\" \/>\n<meta property=\"product:condition\" content=\"new\" \/>\n<!-- \/ Yoast SEO Premium plugin. -->","yoast_head_json":{"title":"Method Vaahtosaippua Sweet Coconut 300ml - Shop Eettinen Luksus","description":"K\u00e4sisaippua valmistettu kasviraaka-aineista Puhdistaa hell\u00e4varaisesti. Sis\u00e4lt\u00e4\u00e4 aloe veraa ja E-vitamiinia. Method vaahtosaippua sweet coconut","robots":{"index":"index","follow":"follow","max-snippet":"max-snippet:-1","max-image-preview":"max-image-preview:large","max-video-preview":"max-video-preview:-1"},"canonical":"https:\/\/eettinenluksus.fi\/shop\/tuote\/method-vaahtoava-nestesaippua-sweet-coconut-300ml\/","og_locale":"fi_FI","og_type":"article","og_title":"Method Vaahtoava nestesaippua Sweet Coconut 300ml","og_description":"K\u00e4sisaippua valmistettu kasviraaka-aineista Puhdistaa hell\u00e4varaisesti. Sis\u00e4lt\u00e4\u00e4 aloe veraa ja E-vitamiinia. Method vaahtosaippua sweet coconut","og_url":"https:\/\/eettinenluksus.fi\/shop\/tuote\/method-vaahtoava-nestesaippua-sweet-coconut-300ml\/","og_site_name":"Shop Eettinen Luksus","article_publisher":"https:\/\/www.facebook.com\/eettinenluksus","article_modified_time":"2026-02-20T10:07:53+00:00","og_image":[{"width":2000,"height":2000,"url":"https:\/\/eettinenluksus.fi\/shop\/wp-content\/uploads\/sites\/4\/2022\/10\/Tuotekuva_Sweet_Coconut_2026.jpg","type":"image\/jpeg"}],"twitter_card":"summary_large_image","twitter_misc":{"Hinta":"6,50&nbsp;&euro;","Saatavuus":"Varastossa"},"schema":{"@context":"https:\/\/schema.org","@graph":[{"@type":"WebPage","@id":"https:\/\/eettinenluksus.fi\/shop\/tuote\/method-vaahtoava-nestesaippua-sweet-coconut-300ml\/","url":"https:\/\/eettinenluksus.fi\/shop\/tuote\/method-vaahtoava-nestesaippua-sweet-coconut-300ml\/","name":"Method Vaahtosaippua Sweet Coconut 300ml - Shop Eettinen Luksus","isPartOf":{"@id":"https:\/\/eettinenluksus.fi\/shop\/#website"},"primaryImageOfPage":{"@id":"https:\/\/eettinenluksus.fi\/shop\/tuote\/method-vaahtoava-nestesaippua-sweet-coconut-300ml\/#primaryimage"},"image":{"@id":"https:\/\/eettinenluksus.fi\/shop\/tuote\/method-vaahtoava-nestesaippua-sweet-coconut-300ml\/#primaryimage"},"thumbnailUrl":"https:\/\/eettinenluksus.fi\/shop\/wp-content\/uploads\/sites\/4\/2022\/10\/Tuotekuva_Sweet_Coconut_2026.jpg","datePublished":"2022-10-05T11:10:09+00:00","dateModified":"2026-02-20T10:07:53+00:00","description":"K\u00e4sisaippua valmistettu kasviraaka-aineista Puhdistaa hell\u00e4varaisesti. Sis\u00e4lt\u00e4\u00e4 aloe veraa ja E-vitamiinia. Method vaahtosaippua sweet coconut","breadcrumb":{"@id":"https:\/\/eettinenluksus.fi\/shop\/tuote\/method-vaahtoava-nestesaippua-sweet-coconut-300ml\/#breadcrumb"},"inLanguage":"fi","potentialAction":[{"@type":"ReadAction","target":["https:\/\/eettinenluksus.fi\/shop\/tuote\/method-vaahtoava-nestesaippua-sweet-coconut-300ml\/"]}]},{"@type":"ImageObject","inLanguage":"fi","@id":"https:\/\/eettinenluksus.fi\/shop\/tuote\/method-vaahtoava-nestesaippua-sweet-coconut-300ml\/#primaryimage","url":"https:\/\/eettinenluksus.fi\/shop\/wp-content\/uploads\/sites\/4\/2022\/10\/Tuotekuva_Sweet_Coconut_2026.jpg","contentUrl":"https:\/\/eettinenluksus.fi\/shop\/wp-content\/uploads\/sites\/4\/2022\/10\/Tuotekuva_Sweet_Coconut_2026.jpg","width":2000,"height":2000,"caption":"Method Vaahtoava nestesaippua Sweet Coconut 300ml"},{"@type":"BreadcrumbList","@id":"https:\/\/eettinenluksus.fi\/shop\/tuote\/method-vaahtoava-nestesaippua-sweet-coconut-300ml\/#breadcrumb","itemListElement":[{"@type":"ListItem","position":1,"name":"Etusivu","item":"https:\/\/eettinenluksus.fi\/shop\/"},{"@type":"ListItem","position":2,"name":"Kauppa","item":"https:\/\/eettinenluksus.fi\/shop\/en\/kauppa\/"},{"@type":"ListItem","position":3,"name":"Method Vaahtoava nestesaippua Sweet Coconut 300ml"}]},{"@type":"WebSite","@id":"https:\/\/eettinenluksus.fi\/shop\/#website","url":"https:\/\/eettinenluksus.fi\/shop\/","name":"Shop Eettinen Luksus","description":"Uusi verkkokauppa","publisher":{"@id":"https:\/\/eettinenluksus.fi\/shop\/#organization"},"potentialAction":[{"@type":"SearchAction","target":{"@type":"EntryPoint","urlTemplate":"https:\/\/eettinenluksus.fi\/shop\/?s={search_term_string}"},"query-input":{"@type":"PropertyValueSpecification","valueRequired":true,"valueName":"search_term_string"}}],"inLanguage":"fi"},{"@type":"Organization","@id":"https:\/\/eettinenluksus.fi\/shop\/#organization","name":"Shop Eettinen Luksus","url":"https:\/\/eettinenluksus.fi\/shop\/","logo":{"@type":"ImageObject","inLanguage":"fi","@id":"https:\/\/eettinenluksus.fi\/shop\/#\/schema\/logo\/image\/","url":"https:\/\/eettinenluksus.fi\/shop\/wp-content\/uploads\/sites\/4\/1664\/37\/cropped-ELO.jpg","contentUrl":"https:\/\/eettinenluksus.fi\/shop\/wp-content\/uploads\/sites\/4\/1664\/37\/cropped-ELO.jpg","width":810,"height":350,"caption":"Shop Eettinen Luksus"},"image":{"@id":"https:\/\/eettinenluksus.fi\/shop\/#\/schema\/logo\/image\/"},"sameAs":["https:\/\/www.facebook.com\/eettinenluksus","https:\/\/www.instagram.com\/eettinenluksus\/"]}]},"product_price_amount":"6.50","product_price_currency":"EUR","og_availability":"instock","product_availability":"instock","product_retailer_item_id":"4004402","product_condition":"new"},"_links":{"self":[{"href":"https:\/\/eettinenluksus.fi\/shop\/wp-json\/wp\/v2\/product\/266","targetHints":{"allow":["GET"]}}],"collection":[{"href":"https:\/\/eettinenluksus.fi\/shop\/wp-json\/wp\/v2\/product"}],"about":[{"href":"https:\/\/eettinenluksus.fi\/shop\/wp-json\/wp\/v2\/types\/product"}],"version-history":[{"count":11,"href":"https:\/\/eettinenluksus.fi\/shop\/wp-json\/wp\/v2\/product\/266\/revisions"}],"predecessor-version":[{"id":3096,"href":"https:\/\/eettinenluksus.fi\/shop\/wp-json\/wp\/v2\/product\/266\/revisions\/3096"}],"wp:featuredmedia":[{"embeddable":true,"href":"https:\/\/eettinenluksus.fi\/shop\/wp-json\/wp\/v2\/media\/5420"}],"wp:attachment":[{"href":"https:\/\/eettinenluksus.fi\/shop\/wp-json\/wp\/v2\/media?parent=266"}],"wp:term":[{"taxonomy":"product_brand","embeddable":true,"href":"https:\/\/eettinenluksus.fi\/shop\/wp-json\/wp\/v2\/product_brand?post=266"},{"taxonomy":"product_cat","embeddable":true,"href":"https:\/\/eettinenluksus.fi\/shop\/wp-json\/wp\/v2\/product_cat?post=266"},{"taxonomy":"product_tag","embeddable":true,"href":"https:\/\/eettinenluksus.fi\/shop\/wp-json\/wp\/v2\/product_tag?post=266"}],"curies":[{"name":"wp","href":"https:\/\/api.w.org\/{rel}","templated":true}]}}