{"id":263,"date":"2022-10-05T14:08:26","date_gmt":"2022-10-05T11:08:26","guid":{"rendered":"https:\/\/eettinenluksus.fi\/shop2022\/?post_type=product&#038;p=263"},"modified":"2024-09-20T11:36:22","modified_gmt":"2024-09-20T08:36:22","slug":"method-nestesaippua-sweet-water-354ml","status":"publish","type":"product","link":"https:\/\/eettinenluksus.fi\/shop\/tuote\/method-nestesaippua-sweet-water-354ml\/","title":{"rendered":"Method Nestesaippua Sweet water 354ml"},"content":{"rendered":"<p style=\"font-size: 0px;\">Ekologinen kasviraaka-aineista valmistettu nestesaippua. Puhdistaa hell\u00e4varaisesti Sis\u00e4lt\u00e4\u00e4 aloeveraa Ei el\u00e4inkokeita Method Nestesaippua Sweet water 354ml<\/p>\n<p>Method Nestesaippua Sweet water 354ml on valmistettu kasviraaka-aineista. Puhdistaa ihon hell\u00e4varaisesti. Sis\u00e4lt\u00e4\u00e4 ihoa hoitavaa glyseriini\u00e4, aloe veraa ja E-vitamiinia.<\/p>\n<p>Sweet water &#8211; viile\u00e4 loiskaus greippi\u00e4 + sitruunanlehti\u00e4 maustettuna jasmiinin + kielon aamukasteisilla ter\u00e4lehdill\u00e4<\/p>\n<ul>\n<li>Ei el\u00e4inper\u00e4isi\u00e4 raaka-aineita<\/li>\n<li>Ei el\u00e4inkokeita<\/li>\n<\/ul>\n<p style=\"font-size: 0px;\"><a href=\"https:\/\/www.facebook.com\/eettinenluksus\/\"><span style=\"font-size:0px;\">&#8211;<\/span><\/a><a href=\"https:\/\/www.instagram.com\/eettinenluksus\/\"><span style=\"font-size:0px;\">&#8211;<\/span><\/a>ekologinen, jasmiini, glyseriini, kielo, jasmiini, vegaaninen, jasmiini, Sweetwater, jasmiini, ekologinen kasviraaka-aineet, jasmiini, hell\u00e4varainen, Sweetwater, aloevera, nestesaippua, glyseriini, ekologinen, kasviraaka-aineet. Vegaaninen, ekologinen, kielo, glyseriini, nestesaippua, ekologinen vegaaninen, Sweetwater nestesaippua. glyseriini, kasviraaka-aineet, kielo, hell\u00e4varainen, Ekologinen vegaaninen, Sweetwater, kielo, ekologinen Sweetwater, glyseriini, nestesaippua, aloevera, ekologinen, kasviraaka-aineet. Vegaaninen, ekologinen nestesaippua, kielo, ekologinen, hell\u00e4varainen, vegaaninen, Sweetwater nestesaippua. glyseriini, kasviraaka-aineet,  Ekologinen, vegaaninen, Sweetwater, ekologinen, Sweetwater, glyseriini, nestesaippua, ekologinen, aloevera, kasviraaka-aineet. Vegaaninen, ekologinen, glyseriini, hell\u00e4varainen, nestesaippua, ekologinen vegaaninen, Sweetwater nestesaippua. Eettinen, esteettinen, Sweetwater, ekologinen.<a href=\"https:\/\/www.facebook.com\/eettinenluksus\/\"><span style=\"font-size:0px;\">&#8211;<\/span><\/a><a href=\"https:\/\/www.instagram.com\/method_fi\/\"><span style=\"font-size:0px;\">&#8211;<\/span><\/a><\/p>\n<h2 style=\"font-size: 0px;\">Method Nestesaippua Sweet water 354ml<\/h2>\n<p style=\"font-size: 0px;\">kasviraaka-aineet, kielo, jasmiini, hell\u00e4varainen, ekologinen, kielo, vegaaninen, nestesaippua, ekologinen, kasviraaka-aineet. Vegaaninen, glyseriini, ekologinen nestesaippua, ekologinen vegaaninen, hell\u00e4varainen, jasmiini, nestesaippua. Eettinen, kielo, hell\u00e4varainen, kielo, jasmiini, kielo, esteettinen, ekologinen. kasviraaka-aineet, jasmiini, Ekologinen, aloevera, vegaaninen, Sweetwater, ekologinen Sweetwater, nestesaippua, kielo, ekologinen, jasmiini, hell\u00e4varainen, kielo, kasviraaka-aineet. Vegaaninen, aloevera, ekologinen nestesaippua, vegaaninen ekologinen, Sweetwater nestesaippua. Ekologinen vegaaninen, Sweetwater, kasviraaka-aineet, aloevera, ekologinen, hell\u00e4varainen, Sweetwater, nestesaippua, ekologinen, kasviraaka-aineet. Ekologinen kasviraaka-aineista valmistettu nestesaippua. Puhdistaa hell\u00e4varaisesti Sis\u00e4lt\u00e4\u00e4 aloeveraa Ei el\u00e4inkokeita. Ei el\u00e4inper\u00e4isi\u00e4 raaka-aineita<a href=\"https:\/\/eettinenluksus.fi\/shop\/tuote\/method-nestesaippua-sweet-water-taytto-1000ml\/\"<span style=\"font-size:0px;\">&#8211;<\/span><\/a><a href=\"https:\/\/eettinenluksus.fi\/shop\/tuote\/method-nestesaippua-sweet-water-tuotepaketti\/\"><span style=\"font-size:0px;\">&#8211;<\/span><\/a><a href=\"https:\/\/eettinenluksus.fi\/shop\/tuote\/method-vaahtosaippua-sweet-water-300ml\/\"><span style=\"font-size:0px;\">&#8211;<\/span><\/a><a href=\"https:\/\/eettinenluksus.fi\/shop\/tuote\/method-yleispuhdistustiiviste-dreamy-240ml\/\"><span style=\"font-size:0px;\">&#8211;<\/span><\/a><a href=\"https:\/\/eettinenluksus.fi\/shop\/tuote\/method-glass4good-266-ml\/\"><span style=\"font-size:0px;\">&#8211;<\/span><\/a><\/p>\n","protected":false},"excerpt":{"rendered":"<p>Kasvi- ja mineraalipohjainen vegaaninen nestesaippua<\/p>\n<p>Sis\u00e4lt\u00e4\u00e4 glyseriini\u00e4, aloe veraa ja E-vitamiinia<\/p>\n<p>Tuoksu Sweet water<\/p>\n","protected":false},"featured_media":4070,"template":"","meta":{"inline_featured_image":false},"product_brand":[],"product_cat":[123,51,17,20],"product_tag":[70,185,304,163,293,314,303],"class_list":{"0":"post-263","1":"product","2":"type-product","3":"status-publish","4":"has-post-thumbnail","6":"product_cat-hyvinvointi","7":"product_cat-kasienpesu","8":"product_cat-method","9":"product_cat-method-kasienpesu","10":"product_tag-ekologinen","11":"product_tag-hyvinvointi","12":"product_tag-kasienpesu","13":"product_tag-method","14":"product_tag-nestesaippua","15":"product_tag-saippua","16":"product_tag-sweet-water","18":"first","19":"instock","20":"taxable","21":"shipping-taxable","22":"purchasable","23":"product-type-simple"},"yoast_head":"<!-- This site is optimized with the Yoast SEO Premium plugin v26.8 (Yoast SEO v27.4) - https:\/\/yoast.com\/product\/yoast-seo-premium-wordpress\/ -->\n<title>Method Nestesaippua Sweet water 354ml - Shop Eettinen Luksus<\/title>\n<meta name=\"description\" content=\"Ekologinen kasviraaka-aineista valmistettu nestesaippua. Puhdistaa hell\u00e4varaisesti Sis\u00e4lt\u00e4\u00e4 aloeveraa Ei el\u00e4inkokeita Method Nestesaippua Sweet water 354ml\" \/>\n<meta name=\"robots\" content=\"index, follow, max-snippet:-1, max-image-preview:large, max-video-preview:-1\" \/>\n<link rel=\"canonical\" href=\"https:\/\/eettinenluksus.fi\/shop\/tuote\/method-nestesaippua-sweet-water-354ml\/\" \/>\n<meta property=\"og:locale\" content=\"fi_FI\" \/>\n<meta property=\"og:type\" content=\"article\" \/>\n<meta property=\"og:title\" content=\"Method Nestesaippua Sweet water 354ml\" \/>\n<meta property=\"og:description\" content=\"Ekologinen kasviraaka-aineista valmistettu nestesaippua. Puhdistaa hell\u00e4varaisesti Sis\u00e4lt\u00e4\u00e4 aloeveraa Ei el\u00e4inkokeita Method Nestesaippua Sweet water 354ml\" \/>\n<meta property=\"og:url\" content=\"https:\/\/eettinenluksus.fi\/shop\/tuote\/method-nestesaippua-sweet-water-354ml\/\" \/>\n<meta property=\"og:site_name\" content=\"Shop Eettinen Luksus\" \/>\n<meta property=\"article:publisher\" content=\"https:\/\/www.facebook.com\/eettinenluksus\" \/>\n<meta property=\"article:modified_time\" content=\"2024-09-20T08:36:22+00:00\" \/>\n<meta property=\"og:image\" content=\"https:\/\/eettinenluksus.fi\/shop\/wp-content\/uploads\/sites\/4\/1726\/20\/Nestesaippua-Sweet-water-nelio.jpg\" \/>\n\t<meta property=\"og:image:width\" content=\"1045\" \/>\n\t<meta property=\"og:image:height\" content=\"1045\" \/>\n\t<meta property=\"og:image:type\" content=\"image\/jpeg\" \/>\n<meta name=\"twitter:card\" content=\"summary_large_image\" \/>\n<meta name=\"twitter:label1\" content=\"Hinta\" \/>\n\t<meta name=\"twitter:data1\" content=\"6,35&nbsp;&euro;\" \/>\n\t<meta name=\"twitter:label2\" content=\"Saatavuus\" \/>\n\t<meta name=\"twitter:data2\" content=\"Varastossa\" \/>\n<script type=\"application\/ld+json\" class=\"yoast-schema-graph\">{\"@context\":\"https:\\\/\\\/schema.org\",\"@graph\":[{\"@type\":\"WebPage\",\"@id\":\"https:\\\/\\\/eettinenluksus.fi\\\/shop\\\/tuote\\\/method-nestesaippua-sweet-water-354ml\\\/\",\"url\":\"https:\\\/\\\/eettinenluksus.fi\\\/shop\\\/tuote\\\/method-nestesaippua-sweet-water-354ml\\\/\",\"name\":\"Method Nestesaippua Sweet water 354ml - Shop Eettinen Luksus\",\"isPartOf\":{\"@id\":\"https:\\\/\\\/eettinenluksus.fi\\\/shop\\\/#website\"},\"primaryImageOfPage\":{\"@id\":\"https:\\\/\\\/eettinenluksus.fi\\\/shop\\\/tuote\\\/method-nestesaippua-sweet-water-354ml\\\/#primaryimage\"},\"image\":{\"@id\":\"https:\\\/\\\/eettinenluksus.fi\\\/shop\\\/tuote\\\/method-nestesaippua-sweet-water-354ml\\\/#primaryimage\"},\"thumbnailUrl\":\"https:\\\/\\\/eettinenluksus.fi\\\/shop\\\/wp-content\\\/uploads\\\/sites\\\/4\\\/1726\\\/20\\\/Nestesaippua-Sweet-water-nelio.jpg\",\"datePublished\":\"2022-10-05T11:08:26+00:00\",\"dateModified\":\"2024-09-20T08:36:22+00:00\",\"description\":\"Ekologinen kasviraaka-aineista valmistettu nestesaippua. Puhdistaa hell\u00e4varaisesti Sis\u00e4lt\u00e4\u00e4 aloeveraa Ei el\u00e4inkokeita Method Nestesaippua Sweet water 354ml\",\"breadcrumb\":{\"@id\":\"https:\\\/\\\/eettinenluksus.fi\\\/shop\\\/tuote\\\/method-nestesaippua-sweet-water-354ml\\\/#breadcrumb\"},\"inLanguage\":\"fi\",\"potentialAction\":[{\"@type\":\"ReadAction\",\"target\":[\"https:\\\/\\\/eettinenluksus.fi\\\/shop\\\/tuote\\\/method-nestesaippua-sweet-water-354ml\\\/\"]}]},{\"@type\":\"ImageObject\",\"inLanguage\":\"fi\",\"@id\":\"https:\\\/\\\/eettinenluksus.fi\\\/shop\\\/tuote\\\/method-nestesaippua-sweet-water-354ml\\\/#primaryimage\",\"url\":\"https:\\\/\\\/eettinenluksus.fi\\\/shop\\\/wp-content\\\/uploads\\\/sites\\\/4\\\/1726\\\/20\\\/Nestesaippua-Sweet-water-nelio.jpg\",\"contentUrl\":\"https:\\\/\\\/eettinenluksus.fi\\\/shop\\\/wp-content\\\/uploads\\\/sites\\\/4\\\/1726\\\/20\\\/Nestesaippua-Sweet-water-nelio.jpg\",\"width\":1045,\"height\":1045,\"caption\":\"Nestesaippua Sweet water\"},{\"@type\":\"BreadcrumbList\",\"@id\":\"https:\\\/\\\/eettinenluksus.fi\\\/shop\\\/tuote\\\/method-nestesaippua-sweet-water-354ml\\\/#breadcrumb\",\"itemListElement\":[{\"@type\":\"ListItem\",\"position\":1,\"name\":\"Etusivu\",\"item\":\"https:\\\/\\\/eettinenluksus.fi\\\/shop\\\/\"},{\"@type\":\"ListItem\",\"position\":2,\"name\":\"Kauppa\",\"item\":\"https:\\\/\\\/eettinenluksus.fi\\\/shop\\\/en\\\/kauppa\\\/\"},{\"@type\":\"ListItem\",\"position\":3,\"name\":\"Method Nestesaippua Sweet water 354ml\"}]},{\"@type\":\"WebSite\",\"@id\":\"https:\\\/\\\/eettinenluksus.fi\\\/shop\\\/#website\",\"url\":\"https:\\\/\\\/eettinenluksus.fi\\\/shop\\\/\",\"name\":\"Shop Eettinen Luksus\",\"description\":\"Uusi verkkokauppa\",\"publisher\":{\"@id\":\"https:\\\/\\\/eettinenluksus.fi\\\/shop\\\/#organization\"},\"potentialAction\":[{\"@type\":\"SearchAction\",\"target\":{\"@type\":\"EntryPoint\",\"urlTemplate\":\"https:\\\/\\\/eettinenluksus.fi\\\/shop\\\/?s={search_term_string}\"},\"query-input\":{\"@type\":\"PropertyValueSpecification\",\"valueRequired\":true,\"valueName\":\"search_term_string\"}}],\"inLanguage\":\"fi\"},{\"@type\":\"Organization\",\"@id\":\"https:\\\/\\\/eettinenluksus.fi\\\/shop\\\/#organization\",\"name\":\"Shop Eettinen Luksus\",\"url\":\"https:\\\/\\\/eettinenluksus.fi\\\/shop\\\/\",\"logo\":{\"@type\":\"ImageObject\",\"inLanguage\":\"fi\",\"@id\":\"https:\\\/\\\/eettinenluksus.fi\\\/shop\\\/#\\\/schema\\\/logo\\\/image\\\/\",\"url\":\"https:\\\/\\\/eettinenluksus.fi\\\/shop\\\/wp-content\\\/uploads\\\/sites\\\/4\\\/1664\\\/37\\\/cropped-ELO.jpg\",\"contentUrl\":\"https:\\\/\\\/eettinenluksus.fi\\\/shop\\\/wp-content\\\/uploads\\\/sites\\\/4\\\/1664\\\/37\\\/cropped-ELO.jpg\",\"width\":810,\"height\":350,\"caption\":\"Shop Eettinen Luksus\"},\"image\":{\"@id\":\"https:\\\/\\\/eettinenluksus.fi\\\/shop\\\/#\\\/schema\\\/logo\\\/image\\\/\"},\"sameAs\":[\"https:\\\/\\\/www.facebook.com\\\/eettinenluksus\",\"https:\\\/\\\/www.instagram.com\\\/eettinenluksus\\\/\"]}]}<\/script>\n<meta property=\"product:price:amount\" content=\"6.35\" \/>\n<meta property=\"product:price:currency\" content=\"EUR\" \/>\n<meta property=\"og:availability\" content=\"instock\" \/>\n<meta property=\"product:availability\" content=\"instock\" \/>\n<meta property=\"product:retailer_item_id\" content=\"4004588\" \/>\n<meta property=\"product:condition\" content=\"new\" \/>\n<!-- \/ Yoast SEO Premium plugin. -->","yoast_head_json":{"title":"Method Nestesaippua Sweet water 354ml - Shop Eettinen Luksus","description":"Ekologinen kasviraaka-aineista valmistettu nestesaippua. Puhdistaa hell\u00e4varaisesti Sis\u00e4lt\u00e4\u00e4 aloeveraa Ei el\u00e4inkokeita Method Nestesaippua Sweet water 354ml","robots":{"index":"index","follow":"follow","max-snippet":"max-snippet:-1","max-image-preview":"max-image-preview:large","max-video-preview":"max-video-preview:-1"},"canonical":"https:\/\/eettinenluksus.fi\/shop\/tuote\/method-nestesaippua-sweet-water-354ml\/","og_locale":"fi_FI","og_type":"article","og_title":"Method Nestesaippua Sweet water 354ml","og_description":"Ekologinen kasviraaka-aineista valmistettu nestesaippua. Puhdistaa hell\u00e4varaisesti Sis\u00e4lt\u00e4\u00e4 aloeveraa Ei el\u00e4inkokeita Method Nestesaippua Sweet water 354ml","og_url":"https:\/\/eettinenluksus.fi\/shop\/tuote\/method-nestesaippua-sweet-water-354ml\/","og_site_name":"Shop Eettinen Luksus","article_publisher":"https:\/\/www.facebook.com\/eettinenluksus","article_modified_time":"2024-09-20T08:36:22+00:00","og_image":[{"width":1045,"height":1045,"url":"https:\/\/eettinenluksus.fi\/shop\/wp-content\/uploads\/sites\/4\/1726\/20\/Nestesaippua-Sweet-water-nelio.jpg","type":"image\/jpeg"}],"twitter_card":"summary_large_image","twitter_misc":{"Hinta":"6,35&nbsp;&euro;","Saatavuus":"Varastossa"},"schema":{"@context":"https:\/\/schema.org","@graph":[{"@type":"WebPage","@id":"https:\/\/eettinenluksus.fi\/shop\/tuote\/method-nestesaippua-sweet-water-354ml\/","url":"https:\/\/eettinenluksus.fi\/shop\/tuote\/method-nestesaippua-sweet-water-354ml\/","name":"Method Nestesaippua Sweet water 354ml - Shop Eettinen Luksus","isPartOf":{"@id":"https:\/\/eettinenluksus.fi\/shop\/#website"},"primaryImageOfPage":{"@id":"https:\/\/eettinenluksus.fi\/shop\/tuote\/method-nestesaippua-sweet-water-354ml\/#primaryimage"},"image":{"@id":"https:\/\/eettinenluksus.fi\/shop\/tuote\/method-nestesaippua-sweet-water-354ml\/#primaryimage"},"thumbnailUrl":"https:\/\/eettinenluksus.fi\/shop\/wp-content\/uploads\/sites\/4\/1726\/20\/Nestesaippua-Sweet-water-nelio.jpg","datePublished":"2022-10-05T11:08:26+00:00","dateModified":"2024-09-20T08:36:22+00:00","description":"Ekologinen kasviraaka-aineista valmistettu nestesaippua. Puhdistaa hell\u00e4varaisesti Sis\u00e4lt\u00e4\u00e4 aloeveraa Ei el\u00e4inkokeita Method Nestesaippua Sweet water 354ml","breadcrumb":{"@id":"https:\/\/eettinenluksus.fi\/shop\/tuote\/method-nestesaippua-sweet-water-354ml\/#breadcrumb"},"inLanguage":"fi","potentialAction":[{"@type":"ReadAction","target":["https:\/\/eettinenluksus.fi\/shop\/tuote\/method-nestesaippua-sweet-water-354ml\/"]}]},{"@type":"ImageObject","inLanguage":"fi","@id":"https:\/\/eettinenluksus.fi\/shop\/tuote\/method-nestesaippua-sweet-water-354ml\/#primaryimage","url":"https:\/\/eettinenluksus.fi\/shop\/wp-content\/uploads\/sites\/4\/1726\/20\/Nestesaippua-Sweet-water-nelio.jpg","contentUrl":"https:\/\/eettinenluksus.fi\/shop\/wp-content\/uploads\/sites\/4\/1726\/20\/Nestesaippua-Sweet-water-nelio.jpg","width":1045,"height":1045,"caption":"Nestesaippua Sweet water"},{"@type":"BreadcrumbList","@id":"https:\/\/eettinenluksus.fi\/shop\/tuote\/method-nestesaippua-sweet-water-354ml\/#breadcrumb","itemListElement":[{"@type":"ListItem","position":1,"name":"Etusivu","item":"https:\/\/eettinenluksus.fi\/shop\/"},{"@type":"ListItem","position":2,"name":"Kauppa","item":"https:\/\/eettinenluksus.fi\/shop\/en\/kauppa\/"},{"@type":"ListItem","position":3,"name":"Method Nestesaippua Sweet water 354ml"}]},{"@type":"WebSite","@id":"https:\/\/eettinenluksus.fi\/shop\/#website","url":"https:\/\/eettinenluksus.fi\/shop\/","name":"Shop Eettinen Luksus","description":"Uusi verkkokauppa","publisher":{"@id":"https:\/\/eettinenluksus.fi\/shop\/#organization"},"potentialAction":[{"@type":"SearchAction","target":{"@type":"EntryPoint","urlTemplate":"https:\/\/eettinenluksus.fi\/shop\/?s={search_term_string}"},"query-input":{"@type":"PropertyValueSpecification","valueRequired":true,"valueName":"search_term_string"}}],"inLanguage":"fi"},{"@type":"Organization","@id":"https:\/\/eettinenluksus.fi\/shop\/#organization","name":"Shop Eettinen Luksus","url":"https:\/\/eettinenluksus.fi\/shop\/","logo":{"@type":"ImageObject","inLanguage":"fi","@id":"https:\/\/eettinenluksus.fi\/shop\/#\/schema\/logo\/image\/","url":"https:\/\/eettinenluksus.fi\/shop\/wp-content\/uploads\/sites\/4\/1664\/37\/cropped-ELO.jpg","contentUrl":"https:\/\/eettinenluksus.fi\/shop\/wp-content\/uploads\/sites\/4\/1664\/37\/cropped-ELO.jpg","width":810,"height":350,"caption":"Shop Eettinen Luksus"},"image":{"@id":"https:\/\/eettinenluksus.fi\/shop\/#\/schema\/logo\/image\/"},"sameAs":["https:\/\/www.facebook.com\/eettinenluksus","https:\/\/www.instagram.com\/eettinenluksus\/"]}]},"product_price_amount":"6.35","product_price_currency":"EUR","og_availability":"instock","product_availability":"instock","product_retailer_item_id":"4004588","product_condition":"new"},"_links":{"self":[{"href":"https:\/\/eettinenluksus.fi\/shop\/wp-json\/wp\/v2\/product\/263","targetHints":{"allow":["GET"]}}],"collection":[{"href":"https:\/\/eettinenluksus.fi\/shop\/wp-json\/wp\/v2\/product"}],"about":[{"href":"https:\/\/eettinenluksus.fi\/shop\/wp-json\/wp\/v2\/types\/product"}],"version-history":[{"count":12,"href":"https:\/\/eettinenluksus.fi\/shop\/wp-json\/wp\/v2\/product\/263\/revisions"}],"predecessor-version":[{"id":3103,"href":"https:\/\/eettinenluksus.fi\/shop\/wp-json\/wp\/v2\/product\/263\/revisions\/3103"}],"wp:featuredmedia":[{"embeddable":true,"href":"https:\/\/eettinenluksus.fi\/shop\/wp-json\/wp\/v2\/media\/4070"}],"wp:attachment":[{"href":"https:\/\/eettinenluksus.fi\/shop\/wp-json\/wp\/v2\/media?parent=263"}],"wp:term":[{"taxonomy":"product_brand","embeddable":true,"href":"https:\/\/eettinenluksus.fi\/shop\/wp-json\/wp\/v2\/product_brand?post=263"},{"taxonomy":"product_cat","embeddable":true,"href":"https:\/\/eettinenluksus.fi\/shop\/wp-json\/wp\/v2\/product_cat?post=263"},{"taxonomy":"product_tag","embeddable":true,"href":"https:\/\/eettinenluksus.fi\/shop\/wp-json\/wp\/v2\/product_tag?post=263"}],"curies":[{"name":"wp","href":"https:\/\/api.w.org\/{rel}","templated":true}]}}