{"id":255,"date":"2022-10-05T13:02:24","date_gmt":"2022-10-05T10:02:24","guid":{"rendered":"https:\/\/eettinenluksus.fi\/shop2022\/?post_type=product&#038;p=255"},"modified":"2025-12-03T16:01:43","modified_gmt":"2025-12-03T14:01:43","slug":"method-yleispuhdistussuihke-pink-grapefruit","status":"publish","type":"product","link":"https:\/\/eettinenluksus.fi\/shop\/tuote\/method-yleispuhdistussuihke-pink-grapefruit\/","title":{"rendered":"Method Yleispuhdistussuihke Pink Grapefruit 828ml"},"content":{"rendered":"<p>Method Yleispuhdistussuihke Pink Grapefruit 828ml, ekologinen siivous kodin pinnoille, k\u00e4ytt\u00f6valmis kasvipohjainen ekologinen yleispuhdistusaine, virkist\u00e4v\u00e4 yhdistelm\u00e4 vaaleanpunaista greippi\u00e4, veriappelsiinia ja mustaherukkaa.<\/p>\n<p>K\u00e4ytt\u00f6valmis ja tehokas yleispuhdistusaine ty\u00f6tasoille, kivipinnoille, laatoille, puulle ja lasille. Rasvalla ja lialla ei ole mahdollisuuksia Powergreen\u00ae-teknologiaa hy\u00f6dynt\u00e4v\u00e4\u00e4, ihmisten, el\u00e4inten ja luonnon ehdoilla valmistettua yleispuhdistusainetta vastaan. Kasvi- ja mineraalipohjaisista ainesosista valmistettu biohajoava yleispuhdistusaine puhdistaa kosteutta kest\u00e4v\u00e4t pinnat tehokkaasti ja poistaa rasvan. J\u00e4lkeen j\u00e4\u00e4 vain raikas tuoksu ja puhdas kiilto.<\/p>\n<p>Pink Grapefruit &#8211; Tietyt tuoksut saavat askeleet erityisen keveiksi. Kuten t\u00e4m\u00e4 virkist\u00e4v\u00e4 yhdistelm\u00e4 vaaleanpunaista greippi\u00e4, veriappelsiinia ja mustaherukkaa.<\/p>\n<ul>\n<li>Ei el\u00e4inper\u00e4isi\u00e4 raaka-aineita<\/li>\n<li>Ei el\u00e4inkokeita<\/li>\n<li>Leaping Bunny -sertifikaatti<\/li>\n<\/ul>\n<p style=\"font-size: 0px;\"><a href=\"https:\/\/onxon.fi\/\"><span style=\"font-size: 0px;\">&#8211;<\/span><\/a> eettinen luksus<br \/>\nsiivous, ekologinen, yleispuhdistussuihke, eettinen, yleispuhdistussuihke, ekologinen siivous, yleispuhdistussuihke, method, ekopesuaine, ekopuhdistus, ekologinen, siivous, pink grapefruit, eettinen verkkokauppa, siivous, method, yleispuhdistussuihke, eettiset tuotteet, method tuotteet, method, ekologinen siivous, ekologinen siivousaine, ekologinen puhdistusaine, yleispuhdistussuihke, ekologinen puhdistussuihke, ekologinen yleispuhdistusaine, method, siivous, yleispuhdistussuihke, ekologinen, method, puhdistusaine, yleispuhdistussuihke, yleispuhdistussuihke. <a href=\"https:\/\/www.instagram.com\/method_fi\/\"><span style=\"font-size: 0px;\">&#8211;<\/span><\/a><a href=\"https:\/\/www.facebook.com\/eettinenluksus\/\"><span style=\"font-size: 0px;\">&#8211;<\/span><\/a><\/p>\n<ul style=\"font-size: 0px;\">\n<li style=\"list-style-type: none;\">\n<ul style=\"font-size: 0px;\">\n<li>yleispuhdistussuihke<\/li>\n<li>yleispuhdistusaine<\/li>\n<li>siivous<\/li>\n<li>method<\/li>\n<\/ul>\n<\/li>\n<\/ul>\n<h2 style=\"font-size: 0px;\">Method Yleispuhdistussuihke Pink Grapefruit 828ml<\/h2>\n<p style=\"font-size: 0px;\">siivous, ekologinen, method, eettinen, ekologinen siivous, yleispuhdistussuihke, ekopesuaine, ekopuhdistus, ekologinen, yleispuhdistussuihke, siivous, pink grapefruit, eettinen verkkokauppa, siivous, pink grapefruit, eettiset tuotteet, method tuotteet, method, ekologinen siivous, yleispuhdistussuihke, ekologinen siivousaine, siivous, pink grapefruit, siivous, yleispuhdistussuihke, yleispuhdistussuihke, ekologinen puhdistusaine, yleispuhdistussuihke, ekologinen puhdistussuihke, ekologinen yleispuhdistusaine, ekologinen siivous kodin pinnoille, siivous, yleispuhdistussuihke, ekologinen, method, puhdistusaine. K\u00e4ytt\u00f6valmis kasvipohjainen ja ekologinen yleispuhdistusaine, siivous, pink grapefruit, yleispuhdistussuihke. &lt; a href=&#8221;https:\/\/eettinenluksus.fi\/shop\/tuote\/method-nestesaippua-pink-grapefruit-354ml\/&#8221;&gt;<span style=\"font-size: 0px;\">&#8211;<\/span><a href=\"https:\/\/eettinenluksus.fi\/shop\/tuote\/beauty-sponge-pesusieni-pink-grapefruit-oil\/\"><span style=\"font-size: 0px;\">&#8211;<\/span><\/a><a href=\"https:\/\/eettinenluksus.fi\/shop\/tuote\/method-yleispuhdistussuihke-french-lavender-828ml\/\"><span style=\"font-size: 0px;\">&#8211;<\/span><\/a><a href=\"https:\/\/eettinenluksus.fi\/shop\/tuotemerkit\/onxon-siivous\/\"><span style=\"font-size: 0px;\">&#8211;<\/span><\/a><a href=\"https:\/\/eettinenluksus.fi\/shop\/tuotemerkit\/tuotepaketit\/\"><span style=\"font-size: 0px;\">&#8211;<\/span><\/a><a href=\"https:\/\/eettinenluksus.fi\/shop\/tuote\/method-astianpesuaine-peach-pink-pepper-paketti\/\"><span style=\"font-size: 0px;\">&#8211;<\/span><\/a><\/p>\n","protected":false},"excerpt":{"rendered":"<p>Ekologinen kasvi- ja mineraalipohjainen k\u00e4ytt\u00f6valmis ja tehokas yleispuhdistussuihke<\/p>\n<p>Sopii ty\u00f6tasoille, kivipinnoille, laatoille, puulle ja lasille<\/p>\n<p>Tuoksuna Pink Grapefruit &#8211; virkist\u00e4v\u00e4 yhdistelm\u00e4 vaaleanpunaista greippi\u00e4, veriappelsiinia ja mustaherukkaa<\/p>\n","protected":false},"featured_media":4078,"template":"","meta":{"inline_featured_image":false},"product_brand":[],"product_cat":[17,19,49],"product_tag":[70,163,316,88,188,167,168],"class_list":{"0":"post-255","1":"product","2":"type-product","3":"status-publish","4":"has-post-thumbnail","6":"product_cat-method","7":"product_cat-method-siivous","8":"product_cat-siivous","9":"product_tag-ekologinen","10":"product_tag-method","11":"product_tag-pink-grapefruit","12":"product_tag-siivous","13":"product_tag-verigreippi","14":"product_tag-yleispuhdistus","15":"product_tag-yleispuhdistusaine","17":"first","18":"instock","19":"taxable","20":"shipping-taxable","21":"purchasable","22":"product-type-simple"},"yoast_head":"<!-- This site is optimized with the Yoast SEO Premium plugin v26.8 (Yoast SEO v27.4) - https:\/\/yoast.com\/product\/yoast-seo-premium-wordpress\/ -->\n<title>Method Yleispuhdistussuihke Pink Grapefruit 828ml - Shop Eettinen Luksus<\/title>\n<meta name=\"description\" content=\"K\u00e4ytt\u00f6valmis kasvipohjainen ja ekologinen yleispuhdistusaine. Ekologinen siivous kodin pinnoille. Method Yleispuhdistussuihke Pink Grapefruit 828ml\" \/>\n<meta name=\"robots\" content=\"index, follow, max-snippet:-1, max-image-preview:large, max-video-preview:-1\" \/>\n<link rel=\"canonical\" href=\"https:\/\/eettinenluksus.fi\/shop\/tuote\/method-yleispuhdistussuihke-pink-grapefruit\/\" \/>\n<meta property=\"og:locale\" content=\"fi_FI\" \/>\n<meta property=\"og:type\" content=\"article\" \/>\n<meta property=\"og:title\" content=\"Method Yleispuhdistussuihke Pink Grapefruit 828ml\" \/>\n<meta property=\"og:description\" content=\"K\u00e4ytt\u00f6valmis kasvipohjainen ja ekologinen yleispuhdistusaine. Ekologinen siivous kodin pinnoille. Method Yleispuhdistussuihke Pink Grapefruit 828ml\" \/>\n<meta property=\"og:url\" content=\"https:\/\/eettinenluksus.fi\/shop\/tuote\/method-yleispuhdistussuihke-pink-grapefruit\/\" \/>\n<meta property=\"og:site_name\" content=\"Shop Eettinen Luksus\" \/>\n<meta property=\"article:publisher\" content=\"https:\/\/www.facebook.com\/eettinenluksus\" \/>\n<meta property=\"article:modified_time\" content=\"2025-12-03T14:01:43+00:00\" \/>\n<meta property=\"og:image\" content=\"https:\/\/eettinenluksus.fi\/shop\/wp-content\/uploads\/sites\/4\/1726\/22\/Yleispuhdistusaine-Pink-Grapefruit-nelio.jpg\" \/>\n\t<meta property=\"og:image:width\" content=\"1045\" \/>\n\t<meta property=\"og:image:height\" content=\"1045\" \/>\n\t<meta property=\"og:image:type\" content=\"image\/jpeg\" \/>\n<meta name=\"twitter:card\" content=\"summary_large_image\" \/>\n<meta name=\"twitter:label1\" content=\"Hinta\" \/>\n\t<meta name=\"twitter:data1\" content=\"7,15&nbsp;&euro;\" \/>\n\t<meta name=\"twitter:label2\" content=\"Saatavuus\" \/>\n\t<meta name=\"twitter:data2\" content=\"Varastossa\" \/>\n<script type=\"application\/ld+json\" class=\"yoast-schema-graph\">{\"@context\":\"https:\\\/\\\/schema.org\",\"@graph\":[{\"@type\":\"WebPage\",\"@id\":\"https:\\\/\\\/eettinenluksus.fi\\\/shop\\\/tuote\\\/method-yleispuhdistussuihke-pink-grapefruit\\\/\",\"url\":\"https:\\\/\\\/eettinenluksus.fi\\\/shop\\\/tuote\\\/method-yleispuhdistussuihke-pink-grapefruit\\\/\",\"name\":\"Method Yleispuhdistussuihke Pink Grapefruit 828ml - Shop Eettinen Luksus\",\"isPartOf\":{\"@id\":\"https:\\\/\\\/eettinenluksus.fi\\\/shop\\\/#website\"},\"primaryImageOfPage\":{\"@id\":\"https:\\\/\\\/eettinenluksus.fi\\\/shop\\\/tuote\\\/method-yleispuhdistussuihke-pink-grapefruit\\\/#primaryimage\"},\"image\":{\"@id\":\"https:\\\/\\\/eettinenluksus.fi\\\/shop\\\/tuote\\\/method-yleispuhdistussuihke-pink-grapefruit\\\/#primaryimage\"},\"thumbnailUrl\":\"https:\\\/\\\/eettinenluksus.fi\\\/shop\\\/wp-content\\\/uploads\\\/sites\\\/4\\\/1726\\\/22\\\/Yleispuhdistusaine-Pink-Grapefruit-nelio.jpg\",\"datePublished\":\"2022-10-05T10:02:24+00:00\",\"dateModified\":\"2025-12-03T14:01:43+00:00\",\"description\":\"K\u00e4ytt\u00f6valmis kasvipohjainen ja ekologinen yleispuhdistusaine. Ekologinen siivous kodin pinnoille. Method Yleispuhdistussuihke Pink Grapefruit 828ml\",\"breadcrumb\":{\"@id\":\"https:\\\/\\\/eettinenluksus.fi\\\/shop\\\/tuote\\\/method-yleispuhdistussuihke-pink-grapefruit\\\/#breadcrumb\"},\"inLanguage\":\"fi\",\"potentialAction\":[{\"@type\":\"ReadAction\",\"target\":[\"https:\\\/\\\/eettinenluksus.fi\\\/shop\\\/tuote\\\/method-yleispuhdistussuihke-pink-grapefruit\\\/\"]}]},{\"@type\":\"ImageObject\",\"inLanguage\":\"fi\",\"@id\":\"https:\\\/\\\/eettinenluksus.fi\\\/shop\\\/tuote\\\/method-yleispuhdistussuihke-pink-grapefruit\\\/#primaryimage\",\"url\":\"https:\\\/\\\/eettinenluksus.fi\\\/shop\\\/wp-content\\\/uploads\\\/sites\\\/4\\\/1726\\\/22\\\/Yleispuhdistusaine-Pink-Grapefruit-nelio.jpg\",\"contentUrl\":\"https:\\\/\\\/eettinenluksus.fi\\\/shop\\\/wp-content\\\/uploads\\\/sites\\\/4\\\/1726\\\/22\\\/Yleispuhdistusaine-Pink-Grapefruit-nelio.jpg\",\"width\":1045,\"height\":1045,\"caption\":\"Yleispuhdistusaine Pink Grapefruit\"},{\"@type\":\"BreadcrumbList\",\"@id\":\"https:\\\/\\\/eettinenluksus.fi\\\/shop\\\/tuote\\\/method-yleispuhdistussuihke-pink-grapefruit\\\/#breadcrumb\",\"itemListElement\":[{\"@type\":\"ListItem\",\"position\":1,\"name\":\"Etusivu\",\"item\":\"https:\\\/\\\/eettinenluksus.fi\\\/shop\\\/\"},{\"@type\":\"ListItem\",\"position\":2,\"name\":\"Kauppa\",\"item\":\"https:\\\/\\\/eettinenluksus.fi\\\/shop\\\/en\\\/kauppa\\\/\"},{\"@type\":\"ListItem\",\"position\":3,\"name\":\"Method Yleispuhdistussuihke Pink Grapefruit 828ml\"}]},{\"@type\":\"WebSite\",\"@id\":\"https:\\\/\\\/eettinenluksus.fi\\\/shop\\\/#website\",\"url\":\"https:\\\/\\\/eettinenluksus.fi\\\/shop\\\/\",\"name\":\"Shop Eettinen Luksus\",\"description\":\"Uusi verkkokauppa\",\"publisher\":{\"@id\":\"https:\\\/\\\/eettinenluksus.fi\\\/shop\\\/#organization\"},\"potentialAction\":[{\"@type\":\"SearchAction\",\"target\":{\"@type\":\"EntryPoint\",\"urlTemplate\":\"https:\\\/\\\/eettinenluksus.fi\\\/shop\\\/?s={search_term_string}\"},\"query-input\":{\"@type\":\"PropertyValueSpecification\",\"valueRequired\":true,\"valueName\":\"search_term_string\"}}],\"inLanguage\":\"fi\"},{\"@type\":\"Organization\",\"@id\":\"https:\\\/\\\/eettinenluksus.fi\\\/shop\\\/#organization\",\"name\":\"Shop Eettinen Luksus\",\"url\":\"https:\\\/\\\/eettinenluksus.fi\\\/shop\\\/\",\"logo\":{\"@type\":\"ImageObject\",\"inLanguage\":\"fi\",\"@id\":\"https:\\\/\\\/eettinenluksus.fi\\\/shop\\\/#\\\/schema\\\/logo\\\/image\\\/\",\"url\":\"https:\\\/\\\/eettinenluksus.fi\\\/shop\\\/wp-content\\\/uploads\\\/sites\\\/4\\\/1664\\\/37\\\/cropped-ELO.jpg\",\"contentUrl\":\"https:\\\/\\\/eettinenluksus.fi\\\/shop\\\/wp-content\\\/uploads\\\/sites\\\/4\\\/1664\\\/37\\\/cropped-ELO.jpg\",\"width\":810,\"height\":350,\"caption\":\"Shop Eettinen Luksus\"},\"image\":{\"@id\":\"https:\\\/\\\/eettinenluksus.fi\\\/shop\\\/#\\\/schema\\\/logo\\\/image\\\/\"},\"sameAs\":[\"https:\\\/\\\/www.facebook.com\\\/eettinenluksus\",\"https:\\\/\\\/www.instagram.com\\\/eettinenluksus\\\/\"]}]}<\/script>\n<meta property=\"product:price:amount\" content=\"7.15\" \/>\n<meta property=\"product:price:currency\" content=\"EUR\" \/>\n<meta property=\"og:availability\" content=\"instock\" \/>\n<meta property=\"product:availability\" content=\"instock\" \/>\n<meta property=\"product:retailer_item_id\" content=\"4006334\" \/>\n<meta property=\"product:condition\" content=\"new\" \/>\n<!-- \/ Yoast SEO Premium plugin. -->","yoast_head_json":{"title":"Method Yleispuhdistussuihke Pink Grapefruit 828ml - Shop Eettinen Luksus","description":"K\u00e4ytt\u00f6valmis kasvipohjainen ja ekologinen yleispuhdistusaine. Ekologinen siivous kodin pinnoille. Method Yleispuhdistussuihke Pink Grapefruit 828ml","robots":{"index":"index","follow":"follow","max-snippet":"max-snippet:-1","max-image-preview":"max-image-preview:large","max-video-preview":"max-video-preview:-1"},"canonical":"https:\/\/eettinenluksus.fi\/shop\/tuote\/method-yleispuhdistussuihke-pink-grapefruit\/","og_locale":"fi_FI","og_type":"article","og_title":"Method Yleispuhdistussuihke Pink Grapefruit 828ml","og_description":"K\u00e4ytt\u00f6valmis kasvipohjainen ja ekologinen yleispuhdistusaine. Ekologinen siivous kodin pinnoille. Method Yleispuhdistussuihke Pink Grapefruit 828ml","og_url":"https:\/\/eettinenluksus.fi\/shop\/tuote\/method-yleispuhdistussuihke-pink-grapefruit\/","og_site_name":"Shop Eettinen Luksus","article_publisher":"https:\/\/www.facebook.com\/eettinenluksus","article_modified_time":"2025-12-03T14:01:43+00:00","og_image":[{"width":1045,"height":1045,"url":"https:\/\/eettinenluksus.fi\/shop\/wp-content\/uploads\/sites\/4\/1726\/22\/Yleispuhdistusaine-Pink-Grapefruit-nelio.jpg","type":"image\/jpeg"}],"twitter_card":"summary_large_image","twitter_misc":{"Hinta":"7,15&nbsp;&euro;","Saatavuus":"Varastossa"},"schema":{"@context":"https:\/\/schema.org","@graph":[{"@type":"WebPage","@id":"https:\/\/eettinenluksus.fi\/shop\/tuote\/method-yleispuhdistussuihke-pink-grapefruit\/","url":"https:\/\/eettinenluksus.fi\/shop\/tuote\/method-yleispuhdistussuihke-pink-grapefruit\/","name":"Method Yleispuhdistussuihke Pink Grapefruit 828ml - Shop Eettinen Luksus","isPartOf":{"@id":"https:\/\/eettinenluksus.fi\/shop\/#website"},"primaryImageOfPage":{"@id":"https:\/\/eettinenluksus.fi\/shop\/tuote\/method-yleispuhdistussuihke-pink-grapefruit\/#primaryimage"},"image":{"@id":"https:\/\/eettinenluksus.fi\/shop\/tuote\/method-yleispuhdistussuihke-pink-grapefruit\/#primaryimage"},"thumbnailUrl":"https:\/\/eettinenluksus.fi\/shop\/wp-content\/uploads\/sites\/4\/1726\/22\/Yleispuhdistusaine-Pink-Grapefruit-nelio.jpg","datePublished":"2022-10-05T10:02:24+00:00","dateModified":"2025-12-03T14:01:43+00:00","description":"K\u00e4ytt\u00f6valmis kasvipohjainen ja ekologinen yleispuhdistusaine. Ekologinen siivous kodin pinnoille. Method Yleispuhdistussuihke Pink Grapefruit 828ml","breadcrumb":{"@id":"https:\/\/eettinenluksus.fi\/shop\/tuote\/method-yleispuhdistussuihke-pink-grapefruit\/#breadcrumb"},"inLanguage":"fi","potentialAction":[{"@type":"ReadAction","target":["https:\/\/eettinenluksus.fi\/shop\/tuote\/method-yleispuhdistussuihke-pink-grapefruit\/"]}]},{"@type":"ImageObject","inLanguage":"fi","@id":"https:\/\/eettinenluksus.fi\/shop\/tuote\/method-yleispuhdistussuihke-pink-grapefruit\/#primaryimage","url":"https:\/\/eettinenluksus.fi\/shop\/wp-content\/uploads\/sites\/4\/1726\/22\/Yleispuhdistusaine-Pink-Grapefruit-nelio.jpg","contentUrl":"https:\/\/eettinenluksus.fi\/shop\/wp-content\/uploads\/sites\/4\/1726\/22\/Yleispuhdistusaine-Pink-Grapefruit-nelio.jpg","width":1045,"height":1045,"caption":"Yleispuhdistusaine Pink Grapefruit"},{"@type":"BreadcrumbList","@id":"https:\/\/eettinenluksus.fi\/shop\/tuote\/method-yleispuhdistussuihke-pink-grapefruit\/#breadcrumb","itemListElement":[{"@type":"ListItem","position":1,"name":"Etusivu","item":"https:\/\/eettinenluksus.fi\/shop\/"},{"@type":"ListItem","position":2,"name":"Kauppa","item":"https:\/\/eettinenluksus.fi\/shop\/en\/kauppa\/"},{"@type":"ListItem","position":3,"name":"Method Yleispuhdistussuihke Pink Grapefruit 828ml"}]},{"@type":"WebSite","@id":"https:\/\/eettinenluksus.fi\/shop\/#website","url":"https:\/\/eettinenluksus.fi\/shop\/","name":"Shop Eettinen Luksus","description":"Uusi verkkokauppa","publisher":{"@id":"https:\/\/eettinenluksus.fi\/shop\/#organization"},"potentialAction":[{"@type":"SearchAction","target":{"@type":"EntryPoint","urlTemplate":"https:\/\/eettinenluksus.fi\/shop\/?s={search_term_string}"},"query-input":{"@type":"PropertyValueSpecification","valueRequired":true,"valueName":"search_term_string"}}],"inLanguage":"fi"},{"@type":"Organization","@id":"https:\/\/eettinenluksus.fi\/shop\/#organization","name":"Shop Eettinen Luksus","url":"https:\/\/eettinenluksus.fi\/shop\/","logo":{"@type":"ImageObject","inLanguage":"fi","@id":"https:\/\/eettinenluksus.fi\/shop\/#\/schema\/logo\/image\/","url":"https:\/\/eettinenluksus.fi\/shop\/wp-content\/uploads\/sites\/4\/1664\/37\/cropped-ELO.jpg","contentUrl":"https:\/\/eettinenluksus.fi\/shop\/wp-content\/uploads\/sites\/4\/1664\/37\/cropped-ELO.jpg","width":810,"height":350,"caption":"Shop Eettinen Luksus"},"image":{"@id":"https:\/\/eettinenluksus.fi\/shop\/#\/schema\/logo\/image\/"},"sameAs":["https:\/\/www.facebook.com\/eettinenluksus","https:\/\/www.instagram.com\/eettinenluksus\/"]}]},"product_price_amount":"7.15","product_price_currency":"EUR","og_availability":"instock","product_availability":"instock","product_retailer_item_id":"4006334","product_condition":"new"},"_links":{"self":[{"href":"https:\/\/eettinenluksus.fi\/shop\/wp-json\/wp\/v2\/product\/255","targetHints":{"allow":["GET"]}}],"collection":[{"href":"https:\/\/eettinenluksus.fi\/shop\/wp-json\/wp\/v2\/product"}],"about":[{"href":"https:\/\/eettinenluksus.fi\/shop\/wp-json\/wp\/v2\/types\/product"}],"version-history":[{"count":19,"href":"https:\/\/eettinenluksus.fi\/shop\/wp-json\/wp\/v2\/product\/255\/revisions"}],"predecessor-version":[{"id":5208,"href":"https:\/\/eettinenluksus.fi\/shop\/wp-json\/wp\/v2\/product\/255\/revisions\/5208"}],"wp:featuredmedia":[{"embeddable":true,"href":"https:\/\/eettinenluksus.fi\/shop\/wp-json\/wp\/v2\/media\/4078"}],"wp:attachment":[{"href":"https:\/\/eettinenluksus.fi\/shop\/wp-json\/wp\/v2\/media?parent=255"}],"wp:term":[{"taxonomy":"product_brand","embeddable":true,"href":"https:\/\/eettinenluksus.fi\/shop\/wp-json\/wp\/v2\/product_brand?post=255"},{"taxonomy":"product_cat","embeddable":true,"href":"https:\/\/eettinenluksus.fi\/shop\/wp-json\/wp\/v2\/product_cat?post=255"},{"taxonomy":"product_tag","embeddable":true,"href":"https:\/\/eettinenluksus.fi\/shop\/wp-json\/wp\/v2\/product_tag?post=255"}],"curies":[{"name":"wp","href":"https:\/\/api.w.org\/{rel}","templated":true}]}}