{"id":2173,"date":"2023-01-05T11:54:03","date_gmt":"2023-01-05T09:54:03","guid":{"rendered":"https:\/\/eettinenluksus.fi\/shop\/?post_type=product&#038;p=2173"},"modified":"2024-09-20T11:52:17","modified_gmt":"2024-09-20T08:52:17","slug":"method-yleispuhdistustiiviste-lively-240ml","status":"publish","type":"product","link":"https:\/\/eettinenluksus.fi\/shop\/tuote\/method-yleispuhdistustiiviste-lively-240ml\/","title":{"rendered":"Method Yleispuhdistustiiviste Lively 240ml"},"content":{"rendered":"<p style=\"font-size: 0px;\">Method yleispuhdistustiiviste Lively 240ml, kooltaan pieni mutta asenteeltaan suuri, ekologinen 10 x v\u00e4kev\u00e4mpi tiiviste, suihkepulloon sankoon tai raakana<\/p>\n<p>Yleispuhdistustiiviste on kooltaan pieni mutta asenteeltaan suuri. Uusi tiiviste on 10 x v\u00e4kev\u00e4mpi kuin tavallinen yleispuhdistusaine. Siis todellakin t\u00e4ynn\u00e4 kasvipohjaista puhdistustehoa.<\/p>\n<p>K\u00e4yt\u00e4 uudelleen method -suihkepulloasi ja s\u00e4\u00e4st\u00e4 jopa 81% muovia (vs. 3x uusi 828 ml). Voidaan laimentaa suihkepulloon sankoon tai k\u00e4ytt\u00e4\u00e4 sellaisenaan vaikeaksi heitt\u00e4ytyneen lian poistamiseen. Aika siisti\u00e4 vai mit\u00e4?<\/p>\n<p>Pienell\u00e4 luovuudella ja vakaumuksella me voimme tehd\u00e4 suuria asioita. Mieluiten kaikissa sateenkaaren v\u00e4reiss\u00e4 ja auringonpaisteelta tuoksuen. Me voimme horjuttaa status quota. Ajattele uudelleen. Suunnittele uudelleen. Kuvittele uudelleen. Me voimme tehd\u00e4 siivouksesta tulevaisuusyst\u00e4v\u00e4llist\u00e4. Me Methodilla uskomme, ett\u00e4 taistelu hyv\u00e4n puolesta voi olla hauskaa.<\/p>\n<p>Saatavana nelj\u00e4 uutta ihastuttavaa tuoksua, joista jokainen tuo erilaisen tunnelman kotiisi.<\/p>\n<p>Lively mango + citrus \u2013 Nyt juhlitaan! Kun huoneessa on mangoa + s\u00e4ken\u00f6ivi\u00e4 sitrushedelmi\u00e4, tunnelma muuttuu hiukkasen eloisaksi.<\/p>\n<p style=\"font-size: 0px;\">Yleispuhdistustiiviste, ekologinen, mango, then yleispuhdistustiiviste, puhdistusaine, ekologinen, yleispuhdistussuihke, eettinen, esteettinen<\/p>\n<h2 style=\"font-size: 0px;\">Method Yleispuhdistustiiviste Lively 240ml<\/h2>\n<p style=\"font-size: 0px;\">yleispuhdistustiiviste, eettinen, mango, then yleispuhdistustiiviste, puhdistusaine, kooltaan pieni mutta.  Yleispuhdistusaine, ekologinen yleispuhdistussuihke, eettinen, esteettinen, yleispuhdistussuihke, ekologinen yleispuhdistusaine, then yleispuhdistustiiviste, eettinen, yleispuhdistussuihke, esteettinen, ekologinen, puhdistusaine yleispuhdistussuihke. Yleispuhdistustiiviste, yleispuhdistussuihke, ekologinen, mango, then yleispuhdistustiiviste, puhdistusaine.  Yleispuhdistusaine, moppaa, droppaa, spruittaa, ekologinen yleispuhdistussuihke, eettinen ja ekologinen yleispuhdistusaine, then yleispuhdistustiiviste, lively, yleispuhdistussuihke, ekologinen, eettinen, puhdistusaine. Eettinen, esteettinen, eettinen, suihkepulloon sankoon tai raakana, yleispuhdistustiiviste, yleispuhdistussuihke.<\/p>\n<p style=\"font-size: 0px;\">Yleispuhdistustiiviste, lively, ekologinen, yleispuhdistussuihke, ekologinen 10 x v\u00e4kev\u00e4mpi tiiviste, mango, then yleispuhdistustiiviste, puhdistusaine, eettinen, esteettinen, mutta asenteeltaan suuri. Method Yleispuhdistustiiviste Lively 240ml.<\/p>\n<ul style=\"font-size: 0px;\">\n<li>yleispuhdistussuihke<\/li>\n<li>lively<\/li>\n<li>ekologinen<\/li>\n<li>eettinen<\/li>\n<\/ul>\n<p style=\"font-size: 0px;\"><a href=\"https:\/\/onxon.fi\"><span style=\"font-size: 0px;\">&#8211;<\/span><\/a><a href=\"https:\/\/eettinenluksus.fi\/shop\/tuote\/method-yleispuhdistustiiviste-refreshing-240ml\/\"><span style=\"font-size: 0px;\">&#8211;<\/span><\/a><a href=\"https:\/\/eettinenluksus.fi\/shop\/tuote\/method-yleispuhdistustiiviste-joyful-240ml\/\"><span style=\"font-size: 0px;\">&#8211;<\/span><\/a><a href=\"https:\/\/eettinenluksus.fi\/shop\/tuote\/method-yleispuhdistustiiviste-dreamy-240ml\/\"><span style=\"font-size: 0px;\">&#8211;<\/span><\/a><a href=\"https:\/\/eettinenluksus.fi\/shop\/tuote\/method-yleispuhdistustiiviste-refreshing-240ml\/\"><a href=\"https:\/\/eettinenluksus.fi\/shop\/tuote\/method-yleispuhdistustiiviste-joyful-240ml\/\"><span style=\"font-size: 0px;\">&#8211;<\/span><\/a><a href=\"https:\/\/eettinenluksus.fi\/shop\/tuotemerkit\/method-yleispuhdistustiivisteet\/\"><span style=\"font-size: 0px;\">&#8211;<\/span><\/a><a href=\"https:\/\/eettinenluksus.fi\/shop\/tuote\/method-keittion-puhdistusaine-klementiini-828ml\/\"><span style=\"font-size: 0px;\">&#8211;<\/span><\/a><a href=\"https:\/\/eettinenluksus.fi\/shop\/en\/product\/method-yleispuhdistussuihke-pink-grapefruit\/\"><span style=\"font-size: 0px;\">&#8211;<\/span><\/a><\/p>\n","protected":false},"excerpt":{"rendered":"<p>Yleispuhdistustiiviste on kooltaan pieni, mutta asenteeltaan suuri. Ekologinen 10 x v\u00e4kev\u00e4mpi tiiviste.<\/p>\n<p>Laimenna suihkepulloon, sankoon tai k\u00e4yt\u00e4 raakana<\/p>\n<p>Tuoksuna Lively mango + citrus<\/p>\n","protected":false},"featured_media":4082,"template":"","meta":{"inline_featured_image":false},"product_brand":[],"product_cat":[50,17,19,49,127],"product_tag":[169,172,163,88,173,171,170,167,168],"class_list":{"0":"post-2173","1":"product","2":"type-product","3":"status-publish","4":"has-post-thumbnail","6":"product_cat-erikoispuhdistus","7":"product_cat-method","8":"product_cat-method-siivous","9":"product_cat-siivous","10":"product_cat-method-yleispuhdistustiivisteet","11":"product_tag-lattianpesu","12":"product_tag-mango","13":"product_tag-method","14":"product_tag-siivous","15":"product_tag-sitrus","16":"product_tag-tahranpoisto","17":"product_tag-tiiviste","18":"product_tag-yleispuhdistus","19":"product_tag-yleispuhdistusaine","21":"first","22":"instock","23":"taxable","24":"shipping-taxable","25":"purchasable","26":"product-type-simple"},"yoast_head":"<!-- This site is optimized with the Yoast SEO Premium plugin v26.8 (Yoast SEO v27.4) - https:\/\/yoast.com\/product\/yoast-seo-premium-wordpress\/ -->\n<title>Method Yleispuhdistustiiviste Lively 240ml - Shop Eettinen Luksus<\/title>\n<meta name=\"description\" content=\"Kooltaan pieni, mutta asenteeltaan suuri. Ekologinen 10 x v\u00e4kev\u00e4mpi tiiviste. Suihkepulloon sankoon tai raakana. Method Yleispuhdistustiiviste Lively 240ml\" \/>\n<meta name=\"robots\" content=\"index, follow, max-snippet:-1, max-image-preview:large, max-video-preview:-1\" \/>\n<link rel=\"canonical\" href=\"https:\/\/eettinenluksus.fi\/shop\/tuote\/method-yleispuhdistustiiviste-lively-240ml\/\" \/>\n<meta property=\"og:locale\" content=\"fi_FI\" \/>\n<meta property=\"og:type\" content=\"article\" \/>\n<meta property=\"og:title\" content=\"Method Yleispuhdistustiiviste Lively 240ml\" \/>\n<meta property=\"og:description\" content=\"Kooltaan pieni, mutta asenteeltaan suuri. Ekologinen 10 x v\u00e4kev\u00e4mpi tiiviste. Suihkepulloon sankoon tai raakana. Method Yleispuhdistustiiviste Lively 240ml\" \/>\n<meta property=\"og:url\" content=\"https:\/\/eettinenluksus.fi\/shop\/tuote\/method-yleispuhdistustiiviste-lively-240ml\/\" \/>\n<meta property=\"og:site_name\" content=\"Shop Eettinen Luksus\" \/>\n<meta property=\"article:publisher\" content=\"https:\/\/www.facebook.com\/eettinenluksus\" \/>\n<meta property=\"article:modified_time\" content=\"2024-09-20T08:52:17+00:00\" \/>\n<meta property=\"og:image\" content=\"https:\/\/eettinenluksus.fi\/shop\/wp-content\/uploads\/sites\/4\/1726\/22\/Yleispuhdistustiiviste-lively-nelio.jpg\" \/>\n\t<meta property=\"og:image:width\" content=\"720\" \/>\n\t<meta property=\"og:image:height\" content=\"720\" \/>\n\t<meta property=\"og:image:type\" content=\"image\/jpeg\" \/>\n<meta name=\"twitter:card\" content=\"summary_large_image\" \/>\n<meta name=\"twitter:label1\" content=\"Hinta\" \/>\n\t<meta name=\"twitter:data1\" content=\"10,55&nbsp;&euro;\" \/>\n\t<meta name=\"twitter:label2\" content=\"Saatavuus\" \/>\n\t<meta name=\"twitter:data2\" content=\"Varastossa\" \/>\n<script type=\"application\/ld+json\" class=\"yoast-schema-graph\">{\"@context\":\"https:\\\/\\\/schema.org\",\"@graph\":[{\"@type\":\"WebPage\",\"@id\":\"https:\\\/\\\/eettinenluksus.fi\\\/shop\\\/tuote\\\/method-yleispuhdistustiiviste-lively-240ml\\\/\",\"url\":\"https:\\\/\\\/eettinenluksus.fi\\\/shop\\\/tuote\\\/method-yleispuhdistustiiviste-lively-240ml\\\/\",\"name\":\"Method Yleispuhdistustiiviste Lively 240ml - Shop Eettinen Luksus\",\"isPartOf\":{\"@id\":\"https:\\\/\\\/eettinenluksus.fi\\\/shop\\\/#website\"},\"primaryImageOfPage\":{\"@id\":\"https:\\\/\\\/eettinenluksus.fi\\\/shop\\\/tuote\\\/method-yleispuhdistustiiviste-lively-240ml\\\/#primaryimage\"},\"image\":{\"@id\":\"https:\\\/\\\/eettinenluksus.fi\\\/shop\\\/tuote\\\/method-yleispuhdistustiiviste-lively-240ml\\\/#primaryimage\"},\"thumbnailUrl\":\"https:\\\/\\\/eettinenluksus.fi\\\/shop\\\/wp-content\\\/uploads\\\/sites\\\/4\\\/1726\\\/22\\\/Yleispuhdistustiiviste-lively-nelio.jpg\",\"datePublished\":\"2023-01-05T09:54:03+00:00\",\"dateModified\":\"2024-09-20T08:52:17+00:00\",\"description\":\"Kooltaan pieni, mutta asenteeltaan suuri. Ekologinen 10 x v\u00e4kev\u00e4mpi tiiviste. Suihkepulloon sankoon tai raakana. Method Yleispuhdistustiiviste Lively 240ml\",\"breadcrumb\":{\"@id\":\"https:\\\/\\\/eettinenluksus.fi\\\/shop\\\/tuote\\\/method-yleispuhdistustiiviste-lively-240ml\\\/#breadcrumb\"},\"inLanguage\":\"fi\",\"potentialAction\":[{\"@type\":\"ReadAction\",\"target\":[\"https:\\\/\\\/eettinenluksus.fi\\\/shop\\\/tuote\\\/method-yleispuhdistustiiviste-lively-240ml\\\/\"]}]},{\"@type\":\"ImageObject\",\"inLanguage\":\"fi\",\"@id\":\"https:\\\/\\\/eettinenluksus.fi\\\/shop\\\/tuote\\\/method-yleispuhdistustiiviste-lively-240ml\\\/#primaryimage\",\"url\":\"https:\\\/\\\/eettinenluksus.fi\\\/shop\\\/wp-content\\\/uploads\\\/sites\\\/4\\\/1726\\\/22\\\/Yleispuhdistustiiviste-lively-nelio.jpg\",\"contentUrl\":\"https:\\\/\\\/eettinenluksus.fi\\\/shop\\\/wp-content\\\/uploads\\\/sites\\\/4\\\/1726\\\/22\\\/Yleispuhdistustiiviste-lively-nelio.jpg\",\"width\":720,\"height\":720,\"caption\":\"Yleispuhdistustiiviste lively\"},{\"@type\":\"BreadcrumbList\",\"@id\":\"https:\\\/\\\/eettinenluksus.fi\\\/shop\\\/tuote\\\/method-yleispuhdistustiiviste-lively-240ml\\\/#breadcrumb\",\"itemListElement\":[{\"@type\":\"ListItem\",\"position\":1,\"name\":\"Etusivu\",\"item\":\"https:\\\/\\\/eettinenluksus.fi\\\/shop\\\/\"},{\"@type\":\"ListItem\",\"position\":2,\"name\":\"Kauppa\",\"item\":\"https:\\\/\\\/eettinenluksus.fi\\\/shop\\\/en\\\/kauppa\\\/\"},{\"@type\":\"ListItem\",\"position\":3,\"name\":\"Method Yleispuhdistustiiviste Lively 240ml\"}]},{\"@type\":\"WebSite\",\"@id\":\"https:\\\/\\\/eettinenluksus.fi\\\/shop\\\/#website\",\"url\":\"https:\\\/\\\/eettinenluksus.fi\\\/shop\\\/\",\"name\":\"Shop Eettinen Luksus\",\"description\":\"Uusi verkkokauppa\",\"publisher\":{\"@id\":\"https:\\\/\\\/eettinenluksus.fi\\\/shop\\\/#organization\"},\"potentialAction\":[{\"@type\":\"SearchAction\",\"target\":{\"@type\":\"EntryPoint\",\"urlTemplate\":\"https:\\\/\\\/eettinenluksus.fi\\\/shop\\\/?s={search_term_string}\"},\"query-input\":{\"@type\":\"PropertyValueSpecification\",\"valueRequired\":true,\"valueName\":\"search_term_string\"}}],\"inLanguage\":\"fi\"},{\"@type\":\"Organization\",\"@id\":\"https:\\\/\\\/eettinenluksus.fi\\\/shop\\\/#organization\",\"name\":\"Shop Eettinen Luksus\",\"url\":\"https:\\\/\\\/eettinenluksus.fi\\\/shop\\\/\",\"logo\":{\"@type\":\"ImageObject\",\"inLanguage\":\"fi\",\"@id\":\"https:\\\/\\\/eettinenluksus.fi\\\/shop\\\/#\\\/schema\\\/logo\\\/image\\\/\",\"url\":\"https:\\\/\\\/eettinenluksus.fi\\\/shop\\\/wp-content\\\/uploads\\\/sites\\\/4\\\/1664\\\/37\\\/cropped-ELO.jpg\",\"contentUrl\":\"https:\\\/\\\/eettinenluksus.fi\\\/shop\\\/wp-content\\\/uploads\\\/sites\\\/4\\\/1664\\\/37\\\/cropped-ELO.jpg\",\"width\":810,\"height\":350,\"caption\":\"Shop Eettinen Luksus\"},\"image\":{\"@id\":\"https:\\\/\\\/eettinenluksus.fi\\\/shop\\\/#\\\/schema\\\/logo\\\/image\\\/\"},\"sameAs\":[\"https:\\\/\\\/www.facebook.com\\\/eettinenluksus\",\"https:\\\/\\\/www.instagram.com\\\/eettinenluksus\\\/\"]}]}<\/script>\n<meta property=\"product:price:amount\" content=\"10.55\" \/>\n<meta property=\"product:price:currency\" content=\"EUR\" \/>\n<meta property=\"og:availability\" content=\"instock\" \/>\n<meta property=\"product:availability\" content=\"instock\" \/>\n<meta property=\"product:retailer_item_id\" content=\"4005437\" \/>\n<meta property=\"product:condition\" content=\"new\" \/>\n<!-- \/ Yoast SEO Premium plugin. -->","yoast_head_json":{"title":"Method Yleispuhdistustiiviste Lively 240ml - Shop Eettinen Luksus","description":"Kooltaan pieni, mutta asenteeltaan suuri. Ekologinen 10 x v\u00e4kev\u00e4mpi tiiviste. Suihkepulloon sankoon tai raakana. Method Yleispuhdistustiiviste Lively 240ml","robots":{"index":"index","follow":"follow","max-snippet":"max-snippet:-1","max-image-preview":"max-image-preview:large","max-video-preview":"max-video-preview:-1"},"canonical":"https:\/\/eettinenluksus.fi\/shop\/tuote\/method-yleispuhdistustiiviste-lively-240ml\/","og_locale":"fi_FI","og_type":"article","og_title":"Method Yleispuhdistustiiviste Lively 240ml","og_description":"Kooltaan pieni, mutta asenteeltaan suuri. Ekologinen 10 x v\u00e4kev\u00e4mpi tiiviste. Suihkepulloon sankoon tai raakana. Method Yleispuhdistustiiviste Lively 240ml","og_url":"https:\/\/eettinenluksus.fi\/shop\/tuote\/method-yleispuhdistustiiviste-lively-240ml\/","og_site_name":"Shop Eettinen Luksus","article_publisher":"https:\/\/www.facebook.com\/eettinenluksus","article_modified_time":"2024-09-20T08:52:17+00:00","og_image":[{"width":720,"height":720,"url":"https:\/\/eettinenluksus.fi\/shop\/wp-content\/uploads\/sites\/4\/1726\/22\/Yleispuhdistustiiviste-lively-nelio.jpg","type":"image\/jpeg"}],"twitter_card":"summary_large_image","twitter_misc":{"Hinta":"10,55&nbsp;&euro;","Saatavuus":"Varastossa"},"schema":{"@context":"https:\/\/schema.org","@graph":[{"@type":"WebPage","@id":"https:\/\/eettinenluksus.fi\/shop\/tuote\/method-yleispuhdistustiiviste-lively-240ml\/","url":"https:\/\/eettinenluksus.fi\/shop\/tuote\/method-yleispuhdistustiiviste-lively-240ml\/","name":"Method Yleispuhdistustiiviste Lively 240ml - Shop Eettinen Luksus","isPartOf":{"@id":"https:\/\/eettinenluksus.fi\/shop\/#website"},"primaryImageOfPage":{"@id":"https:\/\/eettinenluksus.fi\/shop\/tuote\/method-yleispuhdistustiiviste-lively-240ml\/#primaryimage"},"image":{"@id":"https:\/\/eettinenluksus.fi\/shop\/tuote\/method-yleispuhdistustiiviste-lively-240ml\/#primaryimage"},"thumbnailUrl":"https:\/\/eettinenluksus.fi\/shop\/wp-content\/uploads\/sites\/4\/1726\/22\/Yleispuhdistustiiviste-lively-nelio.jpg","datePublished":"2023-01-05T09:54:03+00:00","dateModified":"2024-09-20T08:52:17+00:00","description":"Kooltaan pieni, mutta asenteeltaan suuri. Ekologinen 10 x v\u00e4kev\u00e4mpi tiiviste. Suihkepulloon sankoon tai raakana. Method Yleispuhdistustiiviste Lively 240ml","breadcrumb":{"@id":"https:\/\/eettinenluksus.fi\/shop\/tuote\/method-yleispuhdistustiiviste-lively-240ml\/#breadcrumb"},"inLanguage":"fi","potentialAction":[{"@type":"ReadAction","target":["https:\/\/eettinenluksus.fi\/shop\/tuote\/method-yleispuhdistustiiviste-lively-240ml\/"]}]},{"@type":"ImageObject","inLanguage":"fi","@id":"https:\/\/eettinenluksus.fi\/shop\/tuote\/method-yleispuhdistustiiviste-lively-240ml\/#primaryimage","url":"https:\/\/eettinenluksus.fi\/shop\/wp-content\/uploads\/sites\/4\/1726\/22\/Yleispuhdistustiiviste-lively-nelio.jpg","contentUrl":"https:\/\/eettinenluksus.fi\/shop\/wp-content\/uploads\/sites\/4\/1726\/22\/Yleispuhdistustiiviste-lively-nelio.jpg","width":720,"height":720,"caption":"Yleispuhdistustiiviste lively"},{"@type":"BreadcrumbList","@id":"https:\/\/eettinenluksus.fi\/shop\/tuote\/method-yleispuhdistustiiviste-lively-240ml\/#breadcrumb","itemListElement":[{"@type":"ListItem","position":1,"name":"Etusivu","item":"https:\/\/eettinenluksus.fi\/shop\/"},{"@type":"ListItem","position":2,"name":"Kauppa","item":"https:\/\/eettinenluksus.fi\/shop\/en\/kauppa\/"},{"@type":"ListItem","position":3,"name":"Method Yleispuhdistustiiviste Lively 240ml"}]},{"@type":"WebSite","@id":"https:\/\/eettinenluksus.fi\/shop\/#website","url":"https:\/\/eettinenluksus.fi\/shop\/","name":"Shop Eettinen Luksus","description":"Uusi verkkokauppa","publisher":{"@id":"https:\/\/eettinenluksus.fi\/shop\/#organization"},"potentialAction":[{"@type":"SearchAction","target":{"@type":"EntryPoint","urlTemplate":"https:\/\/eettinenluksus.fi\/shop\/?s={search_term_string}"},"query-input":{"@type":"PropertyValueSpecification","valueRequired":true,"valueName":"search_term_string"}}],"inLanguage":"fi"},{"@type":"Organization","@id":"https:\/\/eettinenluksus.fi\/shop\/#organization","name":"Shop Eettinen Luksus","url":"https:\/\/eettinenluksus.fi\/shop\/","logo":{"@type":"ImageObject","inLanguage":"fi","@id":"https:\/\/eettinenluksus.fi\/shop\/#\/schema\/logo\/image\/","url":"https:\/\/eettinenluksus.fi\/shop\/wp-content\/uploads\/sites\/4\/1664\/37\/cropped-ELO.jpg","contentUrl":"https:\/\/eettinenluksus.fi\/shop\/wp-content\/uploads\/sites\/4\/1664\/37\/cropped-ELO.jpg","width":810,"height":350,"caption":"Shop Eettinen Luksus"},"image":{"@id":"https:\/\/eettinenluksus.fi\/shop\/#\/schema\/logo\/image\/"},"sameAs":["https:\/\/www.facebook.com\/eettinenluksus","https:\/\/www.instagram.com\/eettinenluksus\/"]}]},"product_price_amount":"10.55","product_price_currency":"EUR","og_availability":"instock","product_availability":"instock","product_retailer_item_id":"4005437","product_condition":"new"},"_links":{"self":[{"href":"https:\/\/eettinenluksus.fi\/shop\/wp-json\/wp\/v2\/product\/2173","targetHints":{"allow":["GET"]}}],"collection":[{"href":"https:\/\/eettinenluksus.fi\/shop\/wp-json\/wp\/v2\/product"}],"about":[{"href":"https:\/\/eettinenluksus.fi\/shop\/wp-json\/wp\/v2\/types\/product"}],"version-history":[{"count":10,"href":"https:\/\/eettinenluksus.fi\/shop\/wp-json\/wp\/v2\/product\/2173\/revisions"}],"predecessor-version":[{"id":2641,"href":"https:\/\/eettinenluksus.fi\/shop\/wp-json\/wp\/v2\/product\/2173\/revisions\/2641"}],"wp:featuredmedia":[{"embeddable":true,"href":"https:\/\/eettinenluksus.fi\/shop\/wp-json\/wp\/v2\/media\/4082"}],"wp:attachment":[{"href":"https:\/\/eettinenluksus.fi\/shop\/wp-json\/wp\/v2\/media?parent=2173"}],"wp:term":[{"taxonomy":"product_brand","embeddable":true,"href":"https:\/\/eettinenluksus.fi\/shop\/wp-json\/wp\/v2\/product_brand?post=2173"},{"taxonomy":"product_cat","embeddable":true,"href":"https:\/\/eettinenluksus.fi\/shop\/wp-json\/wp\/v2\/product_cat?post=2173"},{"taxonomy":"product_tag","embeddable":true,"href":"https:\/\/eettinenluksus.fi\/shop\/wp-json\/wp\/v2\/product_tag?post=2173"}],"curies":[{"name":"wp","href":"https:\/\/api.w.org\/{rel}","templated":true}]}}