{"id":211,"date":"2022-10-06T08:46:04","date_gmt":"2022-10-06T05:46:04","guid":{"rendered":"https:\/\/eettinenluksus.fi\/shop2022\/?post_type=product&#038;p=211"},"modified":"2024-09-16T15:26:14","modified_gmt":"2024-09-16T12:26:14","slug":"onxon-happivalkaisija-550-g","status":"publish","type":"product","link":"https:\/\/eettinenluksus.fi\/shop\/tuote\/onxon-happivalkaisija-550-g\/","title":{"rendered":"OnXOn Happivalkaisija 550 g"},"content":{"rendered":"<p>OnXOn Happivalkaisija valkosille tekstiileille. Esipesuun, konepesuun, liotukseen. Hohtavan valkoinen tulos ilman klooria, zeoliittia ja haitallisia kaasuja. Poistaa helposti tahrat, kuten hedelm\u00e4, ruoho, sinappi, ketsuppi tai punaviini. Puhdistaa l\u00e4hes kaikki pest\u00e4v\u00e4 materiaalit, kuten tekstiilit, matot tai verhot. Testaa ensin huomaamattomalle alueelle.<\/p>\n<ul>\n<li>Hajusteeton<\/li>\n<li>Zeoliititon<\/li>\n<li>Purkki 100% kierr\u00e4tysmuovista<\/li>\n<li>Ilmastoneutraali tuote<\/li>\n<\/ul>\n<p style=\"font-size: 0px;\"><a href=\"https:\/\/eettinenluksus.fi\/shop\"><span style=\"font-size: 0px;\">verkkokauppa OnXOn Happivalkaisija<\/span><\/a><br \/>\n<a href=\"https:\/\/classicclothingcare.fi\" target=\"_blank\" rel=\"noopener\"><span style=\"font-size: 0px;\">classic<\/span><\/a><br \/>\n<a href=\"https:\/\/eettinenluksus.fi\/shop\"><span style=\"font-size: 0px;\">verkkokauppa OnXOn Happivalkaisija<\/span><\/a><br \/>\n<a href=\"https:\/\/onxon.fi\/\"><span style=\"font-size: 0px;\">&#8211;<\/span><\/a><\/p>\n<p style=\"font-size: 0px;\"><a href=\"https:\/\/onxon.fi\/\"><span style=\"font-size: 0px;\">&#8211;<\/span><\/a>onxon happivalkaisija happi happivalkaisija happi, puhdistus happivalkaisija happi valkaisu happivalkaisu valkaisu. Happivalkaisija happi, valkaisuaine ekologinen valkaisu valkaisuaine zeoliititon. Happivalkaisija happi, happivalkaisu happivalkaisu valkaisu ymp\u00e4rist\u00f6yst\u00e4v\u00e4llinen happivalkaisija happi. happivalkaisija happi, valkaisu ymp\u00e4rist\u00f6yst\u00e4v\u00e4llinen valkaisu ekologinen ymp\u00e4rist\u00f6yst\u00e4v\u00e4llinen.<\/p>\n<p style=\"font-size: 0px;\">ekologinen, puhdistus klooriton valkaisu happivalkaisu ymp\u00e4rist\u00f6yst\u00e4v\u00e4llinen. happivalkaisija happi, valkaisuaine klooriton valkaisu valkaisuaine ekologinen. Happivalkaisija happi, happivalkaisu happivalkaisu valkaisu ymp\u00e4rist\u00f6yst\u00e4v\u00e4llinen valkaisuaine. ymp\u00e4rist\u00f6yst\u00e4v\u00e4llinen, valkaisu happivalkaisu valkaisu ekologinen klooriton. Tahranpoisto, puhdistus valkaisuaine valkaisu happivalkaisu happivalkaisija valkaisuaine klooriton valkaisu valkaisuaine ymp\u00e4rist\u00f6yst\u00e4v\u00e4llinen. Happivalkaisu, happivalkaisu valkaisuaine valkaisu ymp\u00e4rist\u00f6yst\u00e4v\u00e4llinen valkaisuaine. Happivalkaisija happi, valkaisu valkaisuaine valkaisu ekologinen happivalkaisija happi.<\/p>\n<h2 style=\"font-size: 0px;\">OnXOn Happivalkaisija 550 g<\/h2>\n<p style=\"font-size: 0px;\"><a href=\"https:\/\/www.facebook.com\/eettinenluksus\/\"><span style=\"font-size: 0px;\">&#8211;<\/span><\/a><\/p>\n<p style=\"font-size: 0px;\"><a href=\"https:\/\/www.instagram.com\/eettinenluksus\/\"><span style=\"font-size: 0px;\">&#8211;<\/span><\/a> onxon happivalkaisija happi happivalkaisija happi, puhdistus ymp\u00e4rist\u00f6yst\u00e4v\u00e4llinen valkaisu happivalkaisu happivalkaisija happi. Happivalkaisija happi, valkaisuaine ekologinen happivalkaisu. Happivalkaisija happi, puhdistus valkaisuaine valkaisu happivalkaisu happivalkaisu. Tahranpoisto, valkaisuaine klooriton valkaisu valkaisuaine happivalkaisu. Ekologinen, happivalkaisu valkaisu valkaisu ymp\u00e4rist\u00f6yst\u00e4v\u00e4llinen happivalkaisija happi. Ymp\u00e4rist\u00f6yst\u00e4v\u00e4llinen happivalkaisija happi Ymp\u00e4rist\u00f6yst\u00e4v\u00e4llinen, valkaisu klooriton valkaisu ekologinen ekologinen. Happivalkaisija happi, puhdistus ekologinen valkaisu happivalkaisu valkaisu. Happivalkaisija happi, valkaisuaine ymp\u00e4rist\u00f6yst\u00e4v\u00e4llinen valkaisu valkaisuaine ekologinen. Tahranpoisto, puhdistus klooriton valkaisu happivalkaisu happivalkaisija happi.<\/p>\n<p style=\"font-size: 0px;\">ymp\u00e4rist\u00f6yst\u00e4v\u00e4llinen, valkaisuaine ymp\u00e4rist\u00f6yst\u00e4v\u00e4llinen valkaisu valkaisuaine klooriton. Ekologinen, happivalkaisu happivalkaisija happi valkaisu ymp\u00e4rist\u00f6yst\u00e4v\u00e4llinen klooriton. Happivalkaisija happi, valkaisu happivalkaisija happi valkaisu ekologinen klooriton.<\/p>\n<ul style=\"font-size: 0px;\">\n<li>happivalkaisu<\/li>\n<li>happivalkaisija<\/li>\n<li>ekologinen<\/li>\n<\/ul>\n<p><a href=\"https:\/\/eettinenluksus.fi\/shop\/tuote\/classic-everyday-care-1000ml\/\"><span style=\"font-size: 0px;\">&#8211;<\/span><\/a><a href=\"https:\/\/eettinenluksus.fi\/shop\/tuotemerkit\/onxon-siivous\/\"><span style=\"font-size: 0px;\">&#8211;<\/span><\/a><a href=\"https:\/\/eettinenluksus.fi\/shop\/tuote\/onxon-pyykinpesupaketti\/\"><span style=\"font-size: 0px;\">&#8211;<\/span><\/a><a href=\"https:\/\/eettinenluksus.fi\/shop\/tuotemerkit\/onxon-erikoispuhdistus\/\"><span style=\"font-size: 0px;\">&#8211;<\/span><\/a><a href=\"https:\/\/eettinenluksus.fi\/shop\/tuotemerkit\/onxon-pyykinpesu\/\"><span style=\"font-size: 0px;\">&#8211;<\/span><\/a><\/p>\n","protected":false},"excerpt":{"rendered":"<p>Puhdistaa ja raikastaa<\/p>\n<p>Valkosille tekstiileille esipesuun, konepesuun, liotukseen<\/p>\n<p>Hohtavan valkoinen tulos ilman klooria, zeoliittia ja haitallisia kaasuja<\/p>\n","protected":false},"featured_media":4001,"template":"","meta":{"inline_featured_image":false},"product_brand":[],"product_cat":[50,23,31,52],"product_tag":[70,263,261,164,247,248,171,262,264],"class_list":{"0":"post-211","1":"product","2":"type-product","3":"status-publish","4":"has-post-thumbnail","6":"product_cat-erikoispuhdistus","7":"product_cat-onxon","8":"product_cat-onxon-pyykinpesu","9":"product_cat-pyykinpesu","10":"product_tag-ekologinen","11":"product_tag-happi","12":"product_tag-happivalkaisija","13":"product_tag-onxon","14":"product_tag-pyykinpesu","15":"product_tag-pyykinpesuaine","16":"product_tag-tahranpoisto","17":"product_tag-valkaisu","18":"product_tag-valkaisuaine","20":"first","21":"instock","22":"featured","23":"taxable","24":"shipping-taxable","25":"purchasable","26":"product-type-simple"},"yoast_head":"<!-- This site is optimized with the Yoast SEO Premium plugin v26.8 (Yoast SEO v27.4) - https:\/\/yoast.com\/product\/yoast-seo-premium-wordpress\/ -->\n<title>OnXOn Happivalkaisija 550 g - Shop Eettinen Luksus<\/title>\n<meta name=\"description\" content=\"OnXOn Happivalkaisija 550 g valkosille tekstiileille. Esipesuun, konepesuun, liotukseen. Hohtavan valkoinen tulos ilman klooria ja zeoliittia.\" \/>\n<meta name=\"robots\" content=\"index, follow, max-snippet:-1, max-image-preview:large, max-video-preview:-1\" \/>\n<link rel=\"canonical\" href=\"https:\/\/eettinenluksus.fi\/shop\/tuote\/onxon-happivalkaisija-550-g\/\" \/>\n<meta property=\"og:locale\" content=\"fi_FI\" \/>\n<meta property=\"og:type\" content=\"article\" \/>\n<meta property=\"og:title\" content=\"OnXOn Happivalkaisija 550 g\" \/>\n<meta property=\"og:description\" content=\"OnXOn Happivalkaisija 550 g valkosille tekstiileille. Esipesuun, konepesuun, liotukseen. Hohtavan valkoinen tulos ilman klooria ja zeoliittia.\" \/>\n<meta property=\"og:url\" content=\"https:\/\/eettinenluksus.fi\/shop\/tuote\/onxon-happivalkaisija-550-g\/\" \/>\n<meta property=\"og:site_name\" content=\"Shop Eettinen Luksus\" \/>\n<meta property=\"article:publisher\" content=\"https:\/\/www.facebook.com\/eettinenluksus\" \/>\n<meta property=\"article:modified_time\" content=\"2024-09-16T12:26:14+00:00\" \/>\n<meta property=\"og:image\" content=\"https:\/\/eettinenluksus.fi\/shop\/wp-content\/uploads\/sites\/4\/1726\/89\/Happivalkaisija-2480x2480-1.jpg\" \/>\n\t<meta property=\"og:image:width\" content=\"2480\" \/>\n\t<meta property=\"og:image:height\" content=\"2480\" \/>\n\t<meta property=\"og:image:type\" content=\"image\/jpeg\" \/>\n<meta name=\"twitter:card\" content=\"summary_large_image\" \/>\n<meta name=\"twitter:label1\" content=\"Hinta\" \/>\n\t<meta name=\"twitter:data1\" content=\"6,15&nbsp;&euro;\" \/>\n\t<meta name=\"twitter:label2\" content=\"Saatavuus\" \/>\n\t<meta name=\"twitter:data2\" content=\"Varastossa\" \/>\n<script type=\"application\/ld+json\" class=\"yoast-schema-graph\">{\"@context\":\"https:\\\/\\\/schema.org\",\"@graph\":[{\"@type\":\"WebPage\",\"@id\":\"https:\\\/\\\/eettinenluksus.fi\\\/shop\\\/tuote\\\/onxon-happivalkaisija-550-g\\\/\",\"url\":\"https:\\\/\\\/eettinenluksus.fi\\\/shop\\\/tuote\\\/onxon-happivalkaisija-550-g\\\/\",\"name\":\"OnXOn Happivalkaisija 550 g - Shop Eettinen Luksus\",\"isPartOf\":{\"@id\":\"https:\\\/\\\/eettinenluksus.fi\\\/shop\\\/#website\"},\"primaryImageOfPage\":{\"@id\":\"https:\\\/\\\/eettinenluksus.fi\\\/shop\\\/tuote\\\/onxon-happivalkaisija-550-g\\\/#primaryimage\"},\"image\":{\"@id\":\"https:\\\/\\\/eettinenluksus.fi\\\/shop\\\/tuote\\\/onxon-happivalkaisija-550-g\\\/#primaryimage\"},\"thumbnailUrl\":\"https:\\\/\\\/eettinenluksus.fi\\\/shop\\\/wp-content\\\/uploads\\\/sites\\\/4\\\/1726\\\/89\\\/Happivalkaisija-2480x2480-1.jpg\",\"datePublished\":\"2022-10-06T05:46:04+00:00\",\"dateModified\":\"2024-09-16T12:26:14+00:00\",\"description\":\"OnXOn Happivalkaisija 550 g valkosille tekstiileille. Esipesuun, konepesuun, liotukseen. Hohtavan valkoinen tulos ilman klooria ja zeoliittia.\",\"breadcrumb\":{\"@id\":\"https:\\\/\\\/eettinenluksus.fi\\\/shop\\\/tuote\\\/onxon-happivalkaisija-550-g\\\/#breadcrumb\"},\"inLanguage\":\"fi\",\"potentialAction\":[{\"@type\":\"ReadAction\",\"target\":[\"https:\\\/\\\/eettinenluksus.fi\\\/shop\\\/tuote\\\/onxon-happivalkaisija-550-g\\\/\"]}]},{\"@type\":\"ImageObject\",\"inLanguage\":\"fi\",\"@id\":\"https:\\\/\\\/eettinenluksus.fi\\\/shop\\\/tuote\\\/onxon-happivalkaisija-550-g\\\/#primaryimage\",\"url\":\"https:\\\/\\\/eettinenluksus.fi\\\/shop\\\/wp-content\\\/uploads\\\/sites\\\/4\\\/1726\\\/89\\\/Happivalkaisija-2480x2480-1.jpg\",\"contentUrl\":\"https:\\\/\\\/eettinenluksus.fi\\\/shop\\\/wp-content\\\/uploads\\\/sites\\\/4\\\/1726\\\/89\\\/Happivalkaisija-2480x2480-1.jpg\",\"width\":2480,\"height\":2480,\"caption\":\"Happivalkaisija 2480x2480\"},{\"@type\":\"BreadcrumbList\",\"@id\":\"https:\\\/\\\/eettinenluksus.fi\\\/shop\\\/tuote\\\/onxon-happivalkaisija-550-g\\\/#breadcrumb\",\"itemListElement\":[{\"@type\":\"ListItem\",\"position\":1,\"name\":\"Etusivu\",\"item\":\"https:\\\/\\\/eettinenluksus.fi\\\/shop\\\/\"},{\"@type\":\"ListItem\",\"position\":2,\"name\":\"Kauppa\",\"item\":\"https:\\\/\\\/eettinenluksus.fi\\\/shop\\\/en\\\/kauppa\\\/\"},{\"@type\":\"ListItem\",\"position\":3,\"name\":\"OnXOn Happivalkaisija 550 g\"}]},{\"@type\":\"WebSite\",\"@id\":\"https:\\\/\\\/eettinenluksus.fi\\\/shop\\\/#website\",\"url\":\"https:\\\/\\\/eettinenluksus.fi\\\/shop\\\/\",\"name\":\"Shop Eettinen Luksus\",\"description\":\"Uusi verkkokauppa\",\"publisher\":{\"@id\":\"https:\\\/\\\/eettinenluksus.fi\\\/shop\\\/#organization\"},\"potentialAction\":[{\"@type\":\"SearchAction\",\"target\":{\"@type\":\"EntryPoint\",\"urlTemplate\":\"https:\\\/\\\/eettinenluksus.fi\\\/shop\\\/?s={search_term_string}\"},\"query-input\":{\"@type\":\"PropertyValueSpecification\",\"valueRequired\":true,\"valueName\":\"search_term_string\"}}],\"inLanguage\":\"fi\"},{\"@type\":\"Organization\",\"@id\":\"https:\\\/\\\/eettinenluksus.fi\\\/shop\\\/#organization\",\"name\":\"Shop Eettinen Luksus\",\"url\":\"https:\\\/\\\/eettinenluksus.fi\\\/shop\\\/\",\"logo\":{\"@type\":\"ImageObject\",\"inLanguage\":\"fi\",\"@id\":\"https:\\\/\\\/eettinenluksus.fi\\\/shop\\\/#\\\/schema\\\/logo\\\/image\\\/\",\"url\":\"https:\\\/\\\/eettinenluksus.fi\\\/shop\\\/wp-content\\\/uploads\\\/sites\\\/4\\\/1664\\\/37\\\/cropped-ELO.jpg\",\"contentUrl\":\"https:\\\/\\\/eettinenluksus.fi\\\/shop\\\/wp-content\\\/uploads\\\/sites\\\/4\\\/1664\\\/37\\\/cropped-ELO.jpg\",\"width\":810,\"height\":350,\"caption\":\"Shop Eettinen Luksus\"},\"image\":{\"@id\":\"https:\\\/\\\/eettinenluksus.fi\\\/shop\\\/#\\\/schema\\\/logo\\\/image\\\/\"},\"sameAs\":[\"https:\\\/\\\/www.facebook.com\\\/eettinenluksus\",\"https:\\\/\\\/www.instagram.com\\\/eettinenluksus\\\/\"]}]}<\/script>\n<meta property=\"product:price:amount\" content=\"6.15\" \/>\n<meta property=\"product:price:currency\" content=\"EUR\" \/>\n<meta property=\"og:availability\" content=\"instock\" \/>\n<meta property=\"product:availability\" content=\"instock\" \/>\n<meta property=\"product:retailer_item_id\" content=\"2029\" \/>\n<meta property=\"product:condition\" content=\"new\" \/>\n<!-- \/ Yoast SEO Premium plugin. -->","yoast_head_json":{"title":"OnXOn Happivalkaisija 550 g - Shop Eettinen Luksus","description":"OnXOn Happivalkaisija 550 g valkosille tekstiileille. Esipesuun, konepesuun, liotukseen. Hohtavan valkoinen tulos ilman klooria ja zeoliittia.","robots":{"index":"index","follow":"follow","max-snippet":"max-snippet:-1","max-image-preview":"max-image-preview:large","max-video-preview":"max-video-preview:-1"},"canonical":"https:\/\/eettinenluksus.fi\/shop\/tuote\/onxon-happivalkaisija-550-g\/","og_locale":"fi_FI","og_type":"article","og_title":"OnXOn Happivalkaisija 550 g","og_description":"OnXOn Happivalkaisija 550 g valkosille tekstiileille. Esipesuun, konepesuun, liotukseen. Hohtavan valkoinen tulos ilman klooria ja zeoliittia.","og_url":"https:\/\/eettinenluksus.fi\/shop\/tuote\/onxon-happivalkaisija-550-g\/","og_site_name":"Shop Eettinen Luksus","article_publisher":"https:\/\/www.facebook.com\/eettinenluksus","article_modified_time":"2024-09-16T12:26:14+00:00","og_image":[{"width":2480,"height":2480,"url":"https:\/\/eettinenluksus.fi\/shop\/wp-content\/uploads\/sites\/4\/1726\/89\/Happivalkaisija-2480x2480-1.jpg","type":"image\/jpeg"}],"twitter_card":"summary_large_image","twitter_misc":{"Hinta":"6,15&nbsp;&euro;","Saatavuus":"Varastossa"},"schema":{"@context":"https:\/\/schema.org","@graph":[{"@type":"WebPage","@id":"https:\/\/eettinenluksus.fi\/shop\/tuote\/onxon-happivalkaisija-550-g\/","url":"https:\/\/eettinenluksus.fi\/shop\/tuote\/onxon-happivalkaisija-550-g\/","name":"OnXOn Happivalkaisija 550 g - Shop Eettinen Luksus","isPartOf":{"@id":"https:\/\/eettinenluksus.fi\/shop\/#website"},"primaryImageOfPage":{"@id":"https:\/\/eettinenluksus.fi\/shop\/tuote\/onxon-happivalkaisija-550-g\/#primaryimage"},"image":{"@id":"https:\/\/eettinenluksus.fi\/shop\/tuote\/onxon-happivalkaisija-550-g\/#primaryimage"},"thumbnailUrl":"https:\/\/eettinenluksus.fi\/shop\/wp-content\/uploads\/sites\/4\/1726\/89\/Happivalkaisija-2480x2480-1.jpg","datePublished":"2022-10-06T05:46:04+00:00","dateModified":"2024-09-16T12:26:14+00:00","description":"OnXOn Happivalkaisija 550 g valkosille tekstiileille. Esipesuun, konepesuun, liotukseen. Hohtavan valkoinen tulos ilman klooria ja zeoliittia.","breadcrumb":{"@id":"https:\/\/eettinenluksus.fi\/shop\/tuote\/onxon-happivalkaisija-550-g\/#breadcrumb"},"inLanguage":"fi","potentialAction":[{"@type":"ReadAction","target":["https:\/\/eettinenluksus.fi\/shop\/tuote\/onxon-happivalkaisija-550-g\/"]}]},{"@type":"ImageObject","inLanguage":"fi","@id":"https:\/\/eettinenluksus.fi\/shop\/tuote\/onxon-happivalkaisija-550-g\/#primaryimage","url":"https:\/\/eettinenluksus.fi\/shop\/wp-content\/uploads\/sites\/4\/1726\/89\/Happivalkaisija-2480x2480-1.jpg","contentUrl":"https:\/\/eettinenluksus.fi\/shop\/wp-content\/uploads\/sites\/4\/1726\/89\/Happivalkaisija-2480x2480-1.jpg","width":2480,"height":2480,"caption":"Happivalkaisija 2480x2480"},{"@type":"BreadcrumbList","@id":"https:\/\/eettinenluksus.fi\/shop\/tuote\/onxon-happivalkaisija-550-g\/#breadcrumb","itemListElement":[{"@type":"ListItem","position":1,"name":"Etusivu","item":"https:\/\/eettinenluksus.fi\/shop\/"},{"@type":"ListItem","position":2,"name":"Kauppa","item":"https:\/\/eettinenluksus.fi\/shop\/en\/kauppa\/"},{"@type":"ListItem","position":3,"name":"OnXOn Happivalkaisija 550 g"}]},{"@type":"WebSite","@id":"https:\/\/eettinenluksus.fi\/shop\/#website","url":"https:\/\/eettinenluksus.fi\/shop\/","name":"Shop Eettinen Luksus","description":"Uusi verkkokauppa","publisher":{"@id":"https:\/\/eettinenluksus.fi\/shop\/#organization"},"potentialAction":[{"@type":"SearchAction","target":{"@type":"EntryPoint","urlTemplate":"https:\/\/eettinenluksus.fi\/shop\/?s={search_term_string}"},"query-input":{"@type":"PropertyValueSpecification","valueRequired":true,"valueName":"search_term_string"}}],"inLanguage":"fi"},{"@type":"Organization","@id":"https:\/\/eettinenluksus.fi\/shop\/#organization","name":"Shop Eettinen Luksus","url":"https:\/\/eettinenluksus.fi\/shop\/","logo":{"@type":"ImageObject","inLanguage":"fi","@id":"https:\/\/eettinenluksus.fi\/shop\/#\/schema\/logo\/image\/","url":"https:\/\/eettinenluksus.fi\/shop\/wp-content\/uploads\/sites\/4\/1664\/37\/cropped-ELO.jpg","contentUrl":"https:\/\/eettinenluksus.fi\/shop\/wp-content\/uploads\/sites\/4\/1664\/37\/cropped-ELO.jpg","width":810,"height":350,"caption":"Shop Eettinen Luksus"},"image":{"@id":"https:\/\/eettinenluksus.fi\/shop\/#\/schema\/logo\/image\/"},"sameAs":["https:\/\/www.facebook.com\/eettinenluksus","https:\/\/www.instagram.com\/eettinenluksus\/"]}]},"product_price_amount":"6.15","product_price_currency":"EUR","og_availability":"instock","product_availability":"instock","product_retailer_item_id":"2029","product_condition":"new"},"_links":{"self":[{"href":"https:\/\/eettinenluksus.fi\/shop\/wp-json\/wp\/v2\/product\/211","targetHints":{"allow":["GET"]}}],"collection":[{"href":"https:\/\/eettinenluksus.fi\/shop\/wp-json\/wp\/v2\/product"}],"about":[{"href":"https:\/\/eettinenluksus.fi\/shop\/wp-json\/wp\/v2\/types\/product"}],"version-history":[{"count":12,"href":"https:\/\/eettinenluksus.fi\/shop\/wp-json\/wp\/v2\/product\/211\/revisions"}],"predecessor-version":[{"id":3994,"href":"https:\/\/eettinenluksus.fi\/shop\/wp-json\/wp\/v2\/product\/211\/revisions\/3994"}],"wp:featuredmedia":[{"embeddable":true,"href":"https:\/\/eettinenluksus.fi\/shop\/wp-json\/wp\/v2\/media\/4001"}],"wp:attachment":[{"href":"https:\/\/eettinenluksus.fi\/shop\/wp-json\/wp\/v2\/media?parent=211"}],"wp:term":[{"taxonomy":"product_brand","embeddable":true,"href":"https:\/\/eettinenluksus.fi\/shop\/wp-json\/wp\/v2\/product_brand?post=211"},{"taxonomy":"product_cat","embeddable":true,"href":"https:\/\/eettinenluksus.fi\/shop\/wp-json\/wp\/v2\/product_cat?post=211"},{"taxonomy":"product_tag","embeddable":true,"href":"https:\/\/eettinenluksus.fi\/shop\/wp-json\/wp\/v2\/product_tag?post=211"}],"curies":[{"name":"wp","href":"https:\/\/api.w.org\/{rel}","templated":true}]}}