{"id":196,"date":"2022-10-07T12:25:55","date_gmt":"2022-10-07T09:25:55","guid":{"rendered":"https:\/\/eettinenluksus.fi\/shop2022\/?post_type=product&#038;p=196"},"modified":"2025-05-28T15:02:10","modified_gmt":"2025-05-28T12:02:10","slug":"greener-cleaner-astianpesupaketti","status":"publish","type":"product","link":"https:\/\/eettinenluksus.fi\/shop\/tuote\/greener-cleaner-astianpesupaketti\/","title":{"rendered":"Tuotepaketti &#8211; Greener Cleaner Astianpesupaketti"},"content":{"rendered":"<p style=\"font-size: 0px;\">Greener Cleaner Astianpesupaketti<\/p>\n<div class=\"item-description\">\n<p>Tehokkaat ja ymp\u00e4rist\u00f6yst\u00e4v\u00e4lliset tiskiharjat j\u00e4m\u00e4kill\u00e4 harjaksilla ovat mainio valinta astioiden ja kattiloiden tiskaamiseen. Kokeile my\u00f6s kenkien ja auton puhdistamiseen. K\u00e4densijasta saa tukevan otteen ja kova lis\u00e4harja irrottaa pinttyneen ja kiinni palaneen lian.<\/p>\n<ul>\n<li>100% kierr\u00e4tetyst\u00e4 muovista<\/li>\n<li>Ergonominen ja tukeva k\u00e4densija<\/li>\n<li>Ripustusreik\u00e4 s\u00e4ilytykseen<\/li>\n<\/ul>\n<p>&nbsp;<\/p>\n<p><b>Astianpesupaketti sis\u00e4lt\u00e4\u00e4:<\/b> 1 x kattila- ja pannuharja, 1 x tiskiharja py\u00f6re\u00e4, 1 x tiskiharja<\/p>\n<ul>\n<li>1 x Kattila- &amp; pannuharja \u2013 Puhdistaa padat, pannut, astiat, lasit, keramiikan ja muoviastiat<\/li>\n<li>1 x Tiskiharja py\u00f6re\u00e4 \u2013 Puhdistaa padat, pannut, astiat, lasit, keramiikan ja muoviastiat. Kova lis\u00e4harja yl\u00e4reunassa vaativaan likaan.<\/li>\n<li>1 x Tiskiharja \u2013 J\u00e4m\u00e4k\u00e4t tasaiset harjakset<\/li>\n<\/ul>\n<p>&nbsp;<\/p>\n<p>Kolme v\u00e4rivaihtoehtoa: vaalea, vihre\u00e4 ja turkoosi<\/p>\n<\/div>\n<p style=\"font-size: 0px;\"><a href=\"https:\/\/onxon.fi\/\"><span style=\"font-size: 0px;\">&#8211;<\/span><\/a>Greener Cleaner Astianpesupaketti T\u00e4yteteksti\u00e4, B t\u00e4yteteksti\u00e4 then C t\u00e4yteteksti\u00e4. T\u00e4yteteksti\u00e4, D t\u00e4yteteksti\u00e4 then E t\u00e4yteteksti\u00e4. T\u00e4yteteksti\u00e4, R t\u00e4yteteksti\u00e4 then T t\u00e4yteteksti\u00e4. T\u00e4yteteksti\u00e4, F t\u00e4yteteksti\u00e4 then G t\u00e4yteteksti\u00e4. T\u00e4yteteksti\u00e4, B t\u00e4yteteksti\u00e4 then C t\u00e4yteteksti\u00e4. T\u00e4yteteksti\u00e4, D t\u00e4yteteksti\u00e4 then E t\u00e4yteteksti\u00e4. T\u00e4yteteksti\u00e4, R t\u00e4yteteksti\u00e4 then T t\u00e4yteteksti\u00e4. T\u00e4yteteksti\u00e4, F t\u00e4yteteksti\u00e4 then G t\u00e4yteteksti\u00e4. T\u00e4yteteksti\u00e4, B t\u00e4yteteksti\u00e4 then C t\u00e4yteteksti\u00e4. T\u00e4yteteksti\u00e4, D t\u00e4yteteksti\u00e4 then E t\u00e4yteteksti\u00e4. T\u00e4yteteksti\u00e4, R t\u00e4yteteksti\u00e4 then T t\u00e4yteteksti\u00e4. T\u00e4yteteksti\u00e4, F t\u00e4yteteksti\u00e4 then G t\u00e4yteteksti\u00e4. T\u00e4yteteksti\u00e4, D t\u00e4yteteksti\u00e4 then E t\u00e4yteteksti\u00e4. T\u00e4yteteksti\u00e4, R t\u00e4yteteksti\u00e4 then T t\u00e4yteteksti\u00e4. T\u00e4yteteksti\u00e4, F t\u00e4yteteksti\u00e4 then G t\u00e4yteteksti\u00e4. T\u00e4yteteksti\u00e4, B t\u00e4yteteksti\u00e4 then C t\u00e4yteteksti\u00e4. T\u00e4yteteksti\u00e4, F t\u00e4yteteksti\u00e4 then G t\u00e4yteteksti\u00e4. T\u00e4yteteksti\u00e4, B t\u00e4yteteksti\u00e4 then C t\u00e4yteteksti\u00e4. T\u00e4yteteksti\u00e4, D t\u00e4yteteksti\u00e4 then E t\u00e4yteteksti\u00e4.<\/p>\n<h2 style=\"font-size: 0px;\">Greener Cleaner Astianpesupaketti<\/h2>\n<p style=\"font-size: 0px;\">T\u00e4yteteksti\u00e4, B t\u00e4yteteksti\u00e4 then C t\u00e4yteteksti\u00e4. T\u00e4yteteksti\u00e4, F t\u00e4yteteksti\u00e4 then G t\u00e4yteteksti\u00e4. T\u00e4yteteksti\u00e4, B t\u00e4yteteksti\u00e4 then C t\u00e4yteteksti\u00e4. T\u00e4yteteksti\u00e4, D t\u00e4yteteksti\u00e4 then E t\u00e4yteteksti\u00e4. T\u00e4yteteksti\u00e4, R t\u00e4yteteksti\u00e4 then T t\u00e4yteteksti\u00e4. T\u00e4yteteksti\u00e4, F t\u00e4yteteksti\u00e4 then G t\u00e4yteteksti\u00e4. T\u00e4yteteksti\u00e4, B t\u00e4yteteksti\u00e4 then C t\u00e4yteteksti\u00e4. T\u00e4yteteksti\u00e4, D t\u00e4yteteksti\u00e4 then E t\u00e4yteteksti\u00e4. T\u00e4yteteksti\u00e4, R t\u00e4yteteksti\u00e4 then T t\u00e4yteteksti\u00e4. T\u00e4yteteksti\u00e4, F t\u00e4yteteksti\u00e4 then G t\u00e4yteteksti\u00e4. T\u00e4yteteksti\u00e4, D t\u00e4yteteksti\u00e4 then E t\u00e4yteteksti\u00e4. T\u00e4yteteksti\u00e4, R t\u00e4yteteksti\u00e4 then T t\u00e4yteteksti\u00e4. T\u00e4yteteksti\u00e4, F t\u00e4yteteksti\u00e4 then G t\u00e4yteteksti\u00e4. T\u00e4yteteksti\u00e4, B t\u00e4yteteksti\u00e4 then C t\u00e4yteteksti\u00e4. <a href=\"https:\/\/eettinenluksus.fi\/shop\"><span style=\"font-size: 0px;\">&#8211;<\/span><\/a><\/p>\n","protected":false},"excerpt":{"rendered":"<p>1 x kattila- ja pannuharja, 1 x tiskiharja py\u00f6re\u00e4, 1 x tiskiharja<\/p>\n<p>Ymp\u00e4rist\u00f6yst\u00e4v\u00e4llinen 100% kierr\u00e4tysmuovista valmistettu astianpesuharjapaketti.<\/p>\n","protected":false},"featured_media":4171,"template":"","meta":{"inline_featured_image":false},"product_brand":[],"product_cat":[37,39,40,56],"product_tag":[166,70,207,195,208,76,74],"class_list":{"0":"post-196","1":"product","2":"type-product","3":"status-publish","4":"has-post-thumbnail","6":"product_cat-greener-cleaner","7":"product_cat-greener-cleaner-astianpesu","8":"product_cat-greener-cleaner-tuotepaketit","9":"product_cat-tuotepaketit","10":"product_tag-astianpesu","11":"product_tag-ekologinen","12":"product_tag-kattilaharja","13":"product_tag-kierratetty-muovi","14":"product_tag-pannuharja","15":"product_tag-tiskiharja","16":"product_tag-tuotepaketti","18":"first","19":"instock","20":"taxable","21":"shipping-taxable","22":"purchasable","23":"product-type-variable"},"yoast_head":"<!-- This site is optimized with the Yoast SEO Premium plugin v26.8 (Yoast SEO v27.4) - https:\/\/yoast.com\/product\/yoast-seo-premium-wordpress\/ -->\n<title>Tuotepaketti - Greener Cleaner Astianpesupaketti - Shop Eettinen Luksus<\/title>\n<meta name=\"description\" content=\"Greener cleaner Astianpesupaketti: 1kpl tiskiharja, 1kpl tiskiharja py\u00f6re\u00e4, 1kpl kattila- ja pannuharja. Ymp\u00e4rist\u00f6yst\u00e4v\u00e4llisi\u00e4. J\u00e4m\u00e4k\u00e4t harjakset.\" \/>\n<meta name=\"robots\" content=\"index, follow, max-snippet:-1, max-image-preview:large, max-video-preview:-1\" \/>\n<link rel=\"canonical\" href=\"https:\/\/eettinenluksus.fi\/shop\/tuote\/greener-cleaner-astianpesupaketti\/\" \/>\n<meta property=\"og:locale\" content=\"fi_FI\" \/>\n<meta property=\"og:type\" content=\"article\" \/>\n<meta property=\"og:title\" content=\"Tuotepaketti - Greener Cleaner Astianpesupaketti\" \/>\n<meta property=\"og:description\" content=\"Greener cleaner Astianpesupaketti: 1kpl tiskiharja, 1kpl tiskiharja py\u00f6re\u00e4, 1kpl kattila- ja pannuharja. Ymp\u00e4rist\u00f6yst\u00e4v\u00e4llisi\u00e4. J\u00e4m\u00e4k\u00e4t harjakset.\" \/>\n<meta property=\"og:url\" content=\"https:\/\/eettinenluksus.fi\/shop\/tuote\/greener-cleaner-astianpesupaketti\/\" \/>\n<meta property=\"og:site_name\" content=\"Shop Eettinen Luksus\" \/>\n<meta property=\"article:publisher\" content=\"https:\/\/www.facebook.com\/eettinenluksus\" \/>\n<meta property=\"article:modified_time\" content=\"2025-05-28T12:02:10+00:00\" \/>\n<meta property=\"og:image\" content=\"https:\/\/eettinenluksus.fi\/shop\/wp-content\/uploads\/sites\/4\/1727\/65\/GC-Astianpesupaketti-vihr.jpg\" \/>\n\t<meta property=\"og:image:width\" content=\"681\" \/>\n\t<meta property=\"og:image:height\" content=\"681\" \/>\n\t<meta property=\"og:image:type\" content=\"image\/jpeg\" \/>\n<meta name=\"twitter:card\" content=\"summary_large_image\" \/>\n<meta name=\"twitter:label1\" content=\"Saatavuus\" \/>\n\t<meta name=\"twitter:data1\" content=\"Varastossa\" \/>\n<script type=\"application\/ld+json\" class=\"yoast-schema-graph\">{\"@context\":\"https:\\\/\\\/schema.org\",\"@graph\":[{\"@type\":\"WebPage\",\"@id\":\"https:\\\/\\\/eettinenluksus.fi\\\/shop\\\/tuote\\\/greener-cleaner-astianpesupaketti\\\/\",\"url\":\"https:\\\/\\\/eettinenluksus.fi\\\/shop\\\/tuote\\\/greener-cleaner-astianpesupaketti\\\/\",\"name\":\"Tuotepaketti - Greener Cleaner Astianpesupaketti - Shop Eettinen Luksus\",\"isPartOf\":{\"@id\":\"https:\\\/\\\/eettinenluksus.fi\\\/shop\\\/#website\"},\"primaryImageOfPage\":{\"@id\":\"https:\\\/\\\/eettinenluksus.fi\\\/shop\\\/tuote\\\/greener-cleaner-astianpesupaketti\\\/#primaryimage\"},\"image\":{\"@id\":\"https:\\\/\\\/eettinenluksus.fi\\\/shop\\\/tuote\\\/greener-cleaner-astianpesupaketti\\\/#primaryimage\"},\"thumbnailUrl\":\"https:\\\/\\\/eettinenluksus.fi\\\/shop\\\/wp-content\\\/uploads\\\/sites\\\/4\\\/1727\\\/65\\\/GC-Astianpesupaketti-vihr.jpg\",\"datePublished\":\"2022-10-07T09:25:55+00:00\",\"dateModified\":\"2025-05-28T12:02:10+00:00\",\"description\":\"Greener cleaner Astianpesupaketti: 1kpl tiskiharja, 1kpl tiskiharja py\u00f6re\u00e4, 1kpl kattila- ja pannuharja. Ymp\u00e4rist\u00f6yst\u00e4v\u00e4llisi\u00e4. J\u00e4m\u00e4k\u00e4t harjakset.\",\"breadcrumb\":{\"@id\":\"https:\\\/\\\/eettinenluksus.fi\\\/shop\\\/tuote\\\/greener-cleaner-astianpesupaketti\\\/#breadcrumb\"},\"inLanguage\":\"fi\",\"potentialAction\":[{\"@type\":\"ReadAction\",\"target\":[\"https:\\\/\\\/eettinenluksus.fi\\\/shop\\\/tuote\\\/greener-cleaner-astianpesupaketti\\\/\"]}]},{\"@type\":\"ImageObject\",\"inLanguage\":\"fi\",\"@id\":\"https:\\\/\\\/eettinenluksus.fi\\\/shop\\\/tuote\\\/greener-cleaner-astianpesupaketti\\\/#primaryimage\",\"url\":\"https:\\\/\\\/eettinenluksus.fi\\\/shop\\\/wp-content\\\/uploads\\\/sites\\\/4\\\/1727\\\/65\\\/GC-Astianpesupaketti-vihr.jpg\",\"contentUrl\":\"https:\\\/\\\/eettinenluksus.fi\\\/shop\\\/wp-content\\\/uploads\\\/sites\\\/4\\\/1727\\\/65\\\/GC-Astianpesupaketti-vihr.jpg\",\"width\":681,\"height\":681,\"caption\":\"Greener Cleaner Astianpesupaketti vihre\u00e4\"},{\"@type\":\"BreadcrumbList\",\"@id\":\"https:\\\/\\\/eettinenluksus.fi\\\/shop\\\/tuote\\\/greener-cleaner-astianpesupaketti\\\/#breadcrumb\",\"itemListElement\":[{\"@type\":\"ListItem\",\"position\":1,\"name\":\"Etusivu\",\"item\":\"https:\\\/\\\/eettinenluksus.fi\\\/shop\\\/\"},{\"@type\":\"ListItem\",\"position\":2,\"name\":\"Kauppa\",\"item\":\"https:\\\/\\\/eettinenluksus.fi\\\/shop\\\/en\\\/kauppa\\\/\"},{\"@type\":\"ListItem\",\"position\":3,\"name\":\"Tuotepaketti &#8211; Greener Cleaner Astianpesupaketti\"}]},{\"@type\":\"WebSite\",\"@id\":\"https:\\\/\\\/eettinenluksus.fi\\\/shop\\\/#website\",\"url\":\"https:\\\/\\\/eettinenluksus.fi\\\/shop\\\/\",\"name\":\"Shop Eettinen Luksus\",\"description\":\"Uusi verkkokauppa\",\"publisher\":{\"@id\":\"https:\\\/\\\/eettinenluksus.fi\\\/shop\\\/#organization\"},\"potentialAction\":[{\"@type\":\"SearchAction\",\"target\":{\"@type\":\"EntryPoint\",\"urlTemplate\":\"https:\\\/\\\/eettinenluksus.fi\\\/shop\\\/?s={search_term_string}\"},\"query-input\":{\"@type\":\"PropertyValueSpecification\",\"valueRequired\":true,\"valueName\":\"search_term_string\"}}],\"inLanguage\":\"fi\"},{\"@type\":\"Organization\",\"@id\":\"https:\\\/\\\/eettinenluksus.fi\\\/shop\\\/#organization\",\"name\":\"Shop Eettinen Luksus\",\"url\":\"https:\\\/\\\/eettinenluksus.fi\\\/shop\\\/\",\"logo\":{\"@type\":\"ImageObject\",\"inLanguage\":\"fi\",\"@id\":\"https:\\\/\\\/eettinenluksus.fi\\\/shop\\\/#\\\/schema\\\/logo\\\/image\\\/\",\"url\":\"https:\\\/\\\/eettinenluksus.fi\\\/shop\\\/wp-content\\\/uploads\\\/sites\\\/4\\\/1664\\\/37\\\/cropped-ELO.jpg\",\"contentUrl\":\"https:\\\/\\\/eettinenluksus.fi\\\/shop\\\/wp-content\\\/uploads\\\/sites\\\/4\\\/1664\\\/37\\\/cropped-ELO.jpg\",\"width\":810,\"height\":350,\"caption\":\"Shop Eettinen Luksus\"},\"image\":{\"@id\":\"https:\\\/\\\/eettinenluksus.fi\\\/shop\\\/#\\\/schema\\\/logo\\\/image\\\/\"},\"sameAs\":[\"https:\\\/\\\/www.facebook.com\\\/eettinenluksus\",\"https:\\\/\\\/www.instagram.com\\\/eettinenluksus\\\/\"]}]}<\/script>\n<meta property=\"og:availability\" content=\"instock\" \/>\n<meta property=\"product:availability\" content=\"instock\" \/>\n<meta property=\"product:condition\" content=\"new\" \/>\n<!-- \/ Yoast SEO Premium plugin. -->","yoast_head_json":{"title":"Tuotepaketti - Greener Cleaner Astianpesupaketti - Shop Eettinen Luksus","description":"Greener cleaner Astianpesupaketti: 1kpl tiskiharja, 1kpl tiskiharja py\u00f6re\u00e4, 1kpl kattila- ja pannuharja. Ymp\u00e4rist\u00f6yst\u00e4v\u00e4llisi\u00e4. J\u00e4m\u00e4k\u00e4t harjakset.","robots":{"index":"index","follow":"follow","max-snippet":"max-snippet:-1","max-image-preview":"max-image-preview:large","max-video-preview":"max-video-preview:-1"},"canonical":"https:\/\/eettinenluksus.fi\/shop\/tuote\/greener-cleaner-astianpesupaketti\/","og_locale":"fi_FI","og_type":"article","og_title":"Tuotepaketti - Greener Cleaner Astianpesupaketti","og_description":"Greener cleaner Astianpesupaketti: 1kpl tiskiharja, 1kpl tiskiharja py\u00f6re\u00e4, 1kpl kattila- ja pannuharja. Ymp\u00e4rist\u00f6yst\u00e4v\u00e4llisi\u00e4. J\u00e4m\u00e4k\u00e4t harjakset.","og_url":"https:\/\/eettinenluksus.fi\/shop\/tuote\/greener-cleaner-astianpesupaketti\/","og_site_name":"Shop Eettinen Luksus","article_publisher":"https:\/\/www.facebook.com\/eettinenluksus","article_modified_time":"2025-05-28T12:02:10+00:00","og_image":[{"width":681,"height":681,"url":"https:\/\/eettinenluksus.fi\/shop\/wp-content\/uploads\/sites\/4\/1727\/65\/GC-Astianpesupaketti-vihr.jpg","type":"image\/jpeg"}],"twitter_card":"summary_large_image","twitter_misc":{"Saatavuus":"Varastossa"},"schema":{"@context":"https:\/\/schema.org","@graph":[{"@type":"WebPage","@id":"https:\/\/eettinenluksus.fi\/shop\/tuote\/greener-cleaner-astianpesupaketti\/","url":"https:\/\/eettinenluksus.fi\/shop\/tuote\/greener-cleaner-astianpesupaketti\/","name":"Tuotepaketti - Greener Cleaner Astianpesupaketti - Shop Eettinen Luksus","isPartOf":{"@id":"https:\/\/eettinenluksus.fi\/shop\/#website"},"primaryImageOfPage":{"@id":"https:\/\/eettinenluksus.fi\/shop\/tuote\/greener-cleaner-astianpesupaketti\/#primaryimage"},"image":{"@id":"https:\/\/eettinenluksus.fi\/shop\/tuote\/greener-cleaner-astianpesupaketti\/#primaryimage"},"thumbnailUrl":"https:\/\/eettinenluksus.fi\/shop\/wp-content\/uploads\/sites\/4\/1727\/65\/GC-Astianpesupaketti-vihr.jpg","datePublished":"2022-10-07T09:25:55+00:00","dateModified":"2025-05-28T12:02:10+00:00","description":"Greener cleaner Astianpesupaketti: 1kpl tiskiharja, 1kpl tiskiharja py\u00f6re\u00e4, 1kpl kattila- ja pannuharja. Ymp\u00e4rist\u00f6yst\u00e4v\u00e4llisi\u00e4. J\u00e4m\u00e4k\u00e4t harjakset.","breadcrumb":{"@id":"https:\/\/eettinenluksus.fi\/shop\/tuote\/greener-cleaner-astianpesupaketti\/#breadcrumb"},"inLanguage":"fi","potentialAction":[{"@type":"ReadAction","target":["https:\/\/eettinenluksus.fi\/shop\/tuote\/greener-cleaner-astianpesupaketti\/"]}]},{"@type":"ImageObject","inLanguage":"fi","@id":"https:\/\/eettinenluksus.fi\/shop\/tuote\/greener-cleaner-astianpesupaketti\/#primaryimage","url":"https:\/\/eettinenluksus.fi\/shop\/wp-content\/uploads\/sites\/4\/1727\/65\/GC-Astianpesupaketti-vihr.jpg","contentUrl":"https:\/\/eettinenluksus.fi\/shop\/wp-content\/uploads\/sites\/4\/1727\/65\/GC-Astianpesupaketti-vihr.jpg","width":681,"height":681,"caption":"Greener Cleaner Astianpesupaketti vihre\u00e4"},{"@type":"BreadcrumbList","@id":"https:\/\/eettinenluksus.fi\/shop\/tuote\/greener-cleaner-astianpesupaketti\/#breadcrumb","itemListElement":[{"@type":"ListItem","position":1,"name":"Etusivu","item":"https:\/\/eettinenluksus.fi\/shop\/"},{"@type":"ListItem","position":2,"name":"Kauppa","item":"https:\/\/eettinenluksus.fi\/shop\/en\/kauppa\/"},{"@type":"ListItem","position":3,"name":"Tuotepaketti &#8211; Greener Cleaner Astianpesupaketti"}]},{"@type":"WebSite","@id":"https:\/\/eettinenluksus.fi\/shop\/#website","url":"https:\/\/eettinenluksus.fi\/shop\/","name":"Shop Eettinen Luksus","description":"Uusi verkkokauppa","publisher":{"@id":"https:\/\/eettinenluksus.fi\/shop\/#organization"},"potentialAction":[{"@type":"SearchAction","target":{"@type":"EntryPoint","urlTemplate":"https:\/\/eettinenluksus.fi\/shop\/?s={search_term_string}"},"query-input":{"@type":"PropertyValueSpecification","valueRequired":true,"valueName":"search_term_string"}}],"inLanguage":"fi"},{"@type":"Organization","@id":"https:\/\/eettinenluksus.fi\/shop\/#organization","name":"Shop Eettinen Luksus","url":"https:\/\/eettinenluksus.fi\/shop\/","logo":{"@type":"ImageObject","inLanguage":"fi","@id":"https:\/\/eettinenluksus.fi\/shop\/#\/schema\/logo\/image\/","url":"https:\/\/eettinenluksus.fi\/shop\/wp-content\/uploads\/sites\/4\/1664\/37\/cropped-ELO.jpg","contentUrl":"https:\/\/eettinenluksus.fi\/shop\/wp-content\/uploads\/sites\/4\/1664\/37\/cropped-ELO.jpg","width":810,"height":350,"caption":"Shop Eettinen Luksus"},"image":{"@id":"https:\/\/eettinenluksus.fi\/shop\/#\/schema\/logo\/image\/"},"sameAs":["https:\/\/www.facebook.com\/eettinenluksus","https:\/\/www.instagram.com\/eettinenluksus\/"]}]},"og_availability":"instock","product_availability":"instock","product_condition":"new"},"_links":{"self":[{"href":"https:\/\/eettinenluksus.fi\/shop\/wp-json\/wp\/v2\/product\/196","targetHints":{"allow":["GET"]}}],"collection":[{"href":"https:\/\/eettinenluksus.fi\/shop\/wp-json\/wp\/v2\/product"}],"about":[{"href":"https:\/\/eettinenluksus.fi\/shop\/wp-json\/wp\/v2\/types\/product"}],"version-history":[{"count":12,"href":"https:\/\/eettinenluksus.fi\/shop\/wp-json\/wp\/v2\/product\/196\/revisions"}],"predecessor-version":[{"id":4333,"href":"https:\/\/eettinenluksus.fi\/shop\/wp-json\/wp\/v2\/product\/196\/revisions\/4333"}],"wp:featuredmedia":[{"embeddable":true,"href":"https:\/\/eettinenluksus.fi\/shop\/wp-json\/wp\/v2\/media\/4171"}],"wp:attachment":[{"href":"https:\/\/eettinenluksus.fi\/shop\/wp-json\/wp\/v2\/media?parent=196"}],"wp:term":[{"taxonomy":"product_brand","embeddable":true,"href":"https:\/\/eettinenluksus.fi\/shop\/wp-json\/wp\/v2\/product_brand?post=196"},{"taxonomy":"product_cat","embeddable":true,"href":"https:\/\/eettinenluksus.fi\/shop\/wp-json\/wp\/v2\/product_cat?post=196"},{"taxonomy":"product_tag","embeddable":true,"href":"https:\/\/eettinenluksus.fi\/shop\/wp-json\/wp\/v2\/product_tag?post=196"}],"curies":[{"name":"wp","href":"https:\/\/api.w.org\/{rel}","templated":true}]}}