{"id":190,"date":"2022-10-05T12:20:37","date_gmt":"2022-10-05T09:20:37","guid":{"rendered":"https:\/\/eettinenluksus.fi\/shop2022\/?post_type=product&#038;p=190"},"modified":"2025-03-13T15:45:53","modified_gmt":"2025-03-13T13:45:53","slug":"method-pyykinpesuaine-peony-blush-1560ml","status":"publish","type":"product","link":"https:\/\/eettinenluksus.fi\/shop\/tuote\/method-pyykinpesuaine-peony-blush-1560ml\/","title":{"rendered":"Method Pyykinpesuaine Peony Blush 1560ml"},"content":{"rendered":"<p style=\"font-size: 0px;\">Tiivistetty pyykinpesuaine valkoiselle ja v\u00e4rilliselle pyykille. Ekologinen kasviraaka-aineet 5x luonnon entsyymi\u00e4 Method Pyykinpesuaine Peony Blush 1560ml<\/p>\n<p>Tiivistetty pyykinpesuaine valkoisille ja v\u00e4rillisille pyykeille.<\/p>\n<p><b>Tehokas koostumus<\/b>: viisi luonnosta per\u00e4sin olevaa entsyymi\u00e4 ly\u00f6tt\u00e4ytyy yhteen karkottaakseen \u00e4rsytt\u00e4v\u00e4t tahrat, kuten pastakastikkeen, kahvin tai punaviinin.<\/p>\n<p><b>Kest\u00e4v\u00e4n kehityksen edell\u00e4k\u00e4vij\u00e4<\/b>: kasvipohjainen 98% biohajoava koostumus, joka toimii jo viile\u00e4ss\u00e4kin vedess\u00e4.<\/p>\n<p><b>Innovatiivinen design<\/b>: upea, ergonominen ja ainutlaatuinen kierr\u00e4tett\u00e4v\u00e4 pullo on valmistettu 100% kierr\u00e4tetyst\u00e4 muovista.<\/p>\n<p><b>Vivahteikkaat tuoksut<\/b>: kolme eloisaa + iloa pursuavaa tuoksua pitk\u00e4kestoiseen tuoksuel\u00e4mykseen.<\/p>\n<p>Peony Blush &#8211; Jos meid\u00e4n pit\u00e4isi keksi\u00e4 milt\u00e4 punainen tuoksuu, t\u00e4m\u00e4 olisi juuri se tuoksu. Se on hedelm\u00e4inen. kyps\u00e4. siev\u00e4. pirte\u00e4. Eik\u00e4 suinkaan mik\u00e4\u00e4n sein\u00e4kukkanen.<\/p>\n<ul>\n<li>52 pesukertaa<\/li>\n<li>Ei el\u00e4inkokeita<\/li>\n<li>Leaping Bunny -sertifikaatti<\/li>\n<\/ul>\n<p style=\"font-size: 0px;\"><a href=\"https:\/\/www.facebook.com\/eettinenluksus\/\"><span style=\"font-size:0px;\">&#8211;<\/span><\/a><a href=\"https:\/\/www.instagram.com\/eettinenluksus\/\"><span style=\"font-size:0px;\">&#8211;<\/span><\/a>ekologinen pyykkiaine, Peony blush, ekologinen astianpesu, Peony blush, pyykinpesuaine, ekologinen, pyykki. Pyykkiaine, ekologinen pyykinpesuaine, ekologinen pyykkiaine, Peony blush pyykinpesuaine. Ekologinen pyykkiaine, Peony blush, ekologinen astianpesu, Peony blush, pyykinpesuaine, ekologinen, pyykki. Pyykkiaine, ekologinen pyykinpesuaine, ekologinen pyykkiaine, Peony blush pyykinpesuaine. Ekologinen pyykkiaine, Peony blush, ekologinen astianpesu, Peony blush, pyykinpesuaine, ekologinen, pyykki. Pyykkiaine, ekologinen pyykinpesuaine, ekologinen pyykkiaine, Peony blush pyykinpesuaine. Eettinen, esteettinen, Peony blush, ekologinen.<a href=\"https:\/\/www.facebook.com\/eettinenluksus\/\"><span style=\"font-size:0px;\">&#8211;<\/span><\/a><a href=\"https:\/\/www.instagram.com\/method_fi\/\"><span style=\"font-size:0px;\">&#8211;<\/span><\/a><\/p>\n<h2 style=\"font-size: 0px;\">Method Pyykinpesuaine Peony Blush 1560ml<\/h2>\n<p style=\"font-size: 0px;\">ekologinen pyykkiaine, ekologinen astianpesu, pyykinpesuaine, ekologinen, pyykki. Pyykkiaine, ekologinen pyykinpesuaine, ekologinen pyykkiaine, pyykinpesuaine. Eettinen, esteettinen, ekologinen. Ekologinen pyykkiaine, Peony blush, ekologinen astianpesu, Peony blush, pyykinpesuaine, ekologinen, pyykki. Pyykkiaine, ekologinen pyykinpesuaine, ekologinen pyykkiaine, Peony blush pyykinpesuaine. Tiivistetty pyykinpesuaine valkoiselle ja v\u00e4rilliselle pyykille. Ekologinen kasviraaka-aineet 5x luonnon entsyymi\u00e4 Ekologinen pyykkiaine, Peony blush, ekologinen astianpesu, Peony blush, pyykinpesuaine, ekologinen, pyykki. Pyykkiaine, ekologinen pyykinpesuaine, ekologinen pyykkiaine, Peony blush pyykinpesuaine. <a href=\"https:\/\/eettinenluksus.fi\/shop\/tuote\/method-pyykinpesuaine-orchard-fruit-1560ml\/\"<span style=\"font-size:0px;\">&#8211;<\/span><\/a><a href=\"https:\/\/eettinenluksus.fi\/shop\/tuote\/method-nestesaippua-sweet-water-taytto-1000ml\/\"><span style=\"font-size:0px;\">&#8211;<\/span><\/a><a href=\"https:\/\/eettinenluksus.fi\/shop\/tuote\/classic-clothing-care-mini-tuotepaketti\/\"><span style=\"font-size:0px;\">&#8211;<\/span><\/a><a href=\"https:\/\/eettinenluksus.fi\/shop\/tuote\/classic-clothing-care-tuotepaketti\/\"><span style=\"font-size:0px;\">&#8211;<\/span><\/a><a href=\"https:\/\/eettinenluksus.fi\/shop\/tuote\/classic-everyday-care-1000ml\/\"><span style=\"font-size:0px;\">&#8211;<\/span><\/a><\/p>\n","protected":false},"excerpt":{"rendered":"<p>Tiivistetty pyykinpesuaine valkoisille ja v\u00e4rillisille pyykeille.<\/p>\n<p>Tuoksu Peony Blush<\/p>\n","protected":false},"featured_media":4059,"template":"","meta":{"inline_featured_image":false},"product_brand":[],"product_cat":[17,21,52],"product_tag":[70,163,333,247,248],"class_list":{"0":"post-190","1":"product","2":"type-product","3":"status-publish","4":"has-post-thumbnail","6":"product_cat-method","7":"product_cat-method-pyykinpesu","8":"product_cat-pyykinpesu","9":"product_tag-ekologinen","10":"product_tag-method","11":"product_tag-peony-blush","12":"product_tag-pyykinpesu","13":"product_tag-pyykinpesuaine","15":"first","16":"instock","17":"taxable","18":"shipping-taxable","19":"purchasable","20":"product-type-simple"},"yoast_head":"<!-- This site is optimized with the Yoast SEO Premium plugin v26.8 (Yoast SEO v27.5) - https:\/\/yoast.com\/product\/yoast-seo-premium-wordpress\/ -->\n<title>Method Pyykinpesuaine Peony Blush 1560ml - Shop Eettinen Luksus<\/title>\n<meta name=\"description\" content=\"Tiivistetty pyykinpesuaine valkoiselle ja v\u00e4rilliselle pyykille. Ekologinen kasviraaka-aineet 5x luonnon entsyymi\u00e4 Method Pyykinpesuaine Peony Blush 1560ml\" \/>\n<meta name=\"robots\" content=\"index, follow, max-snippet:-1, max-image-preview:large, max-video-preview:-1\" \/>\n<link rel=\"canonical\" href=\"https:\/\/eettinenluksus.fi\/shop\/tuote\/method-pyykinpesuaine-peony-blush-1560ml\/\" \/>\n<meta property=\"og:locale\" content=\"fi_FI\" \/>\n<meta property=\"og:type\" content=\"article\" \/>\n<meta property=\"og:title\" content=\"Method Pyykinpesuaine Peony Blush 1560ml\" \/>\n<meta property=\"og:description\" content=\"Tiivistetty pyykinpesuaine valkoiselle ja v\u00e4rilliselle pyykille. Ekologinen kasviraaka-aineet 5x luonnon entsyymi\u00e4 Method Pyykinpesuaine Peony Blush 1560ml\" \/>\n<meta property=\"og:url\" content=\"https:\/\/eettinenluksus.fi\/shop\/tuote\/method-pyykinpesuaine-peony-blush-1560ml\/\" \/>\n<meta property=\"og:site_name\" content=\"Shop Eettinen Luksus\" \/>\n<meta property=\"article:publisher\" content=\"https:\/\/www.facebook.com\/eettinenluksus\" \/>\n<meta property=\"article:modified_time\" content=\"2025-03-13T13:45:53+00:00\" \/>\n<meta property=\"og:image\" content=\"https:\/\/eettinenluksus.fi\/shop\/wp-content\/uploads\/sites\/4\/1726\/20\/Peony-Blush-nelio.jpg\" \/>\n\t<meta property=\"og:image:width\" content=\"1045\" \/>\n\t<meta property=\"og:image:height\" content=\"1045\" \/>\n\t<meta property=\"og:image:type\" content=\"image\/jpeg\" \/>\n<meta name=\"twitter:card\" content=\"summary_large_image\" \/>\n<meta name=\"twitter:label1\" content=\"Hinta\" \/>\n\t<meta name=\"twitter:data1\" content=\"15,85&nbsp;&euro;\" \/>\n\t<meta name=\"twitter:label2\" content=\"Saatavuus\" \/>\n\t<meta name=\"twitter:data2\" content=\"Varastossa\" \/>\n<script type=\"application\/ld+json\" class=\"yoast-schema-graph\">{\"@context\":\"https:\\\/\\\/schema.org\",\"@graph\":[{\"@type\":\"WebPage\",\"@id\":\"https:\\\/\\\/eettinenluksus.fi\\\/shop\\\/tuote\\\/method-pyykinpesuaine-peony-blush-1560ml\\\/\",\"url\":\"https:\\\/\\\/eettinenluksus.fi\\\/shop\\\/tuote\\\/method-pyykinpesuaine-peony-blush-1560ml\\\/\",\"name\":\"Method Pyykinpesuaine Peony Blush 1560ml - Shop Eettinen Luksus\",\"isPartOf\":{\"@id\":\"https:\\\/\\\/eettinenluksus.fi\\\/shop\\\/#website\"},\"primaryImageOfPage\":{\"@id\":\"https:\\\/\\\/eettinenluksus.fi\\\/shop\\\/tuote\\\/method-pyykinpesuaine-peony-blush-1560ml\\\/#primaryimage\"},\"image\":{\"@id\":\"https:\\\/\\\/eettinenluksus.fi\\\/shop\\\/tuote\\\/method-pyykinpesuaine-peony-blush-1560ml\\\/#primaryimage\"},\"thumbnailUrl\":\"https:\\\/\\\/eettinenluksus.fi\\\/shop\\\/wp-content\\\/uploads\\\/sites\\\/4\\\/1726\\\/20\\\/Peony-Blush-nelio.jpg\",\"datePublished\":\"2022-10-05T09:20:37+00:00\",\"dateModified\":\"2025-03-13T13:45:53+00:00\",\"description\":\"Tiivistetty pyykinpesuaine valkoiselle ja v\u00e4rilliselle pyykille. Ekologinen kasviraaka-aineet 5x luonnon entsyymi\u00e4 Method Pyykinpesuaine Peony Blush 1560ml\",\"breadcrumb\":{\"@id\":\"https:\\\/\\\/eettinenluksus.fi\\\/shop\\\/tuote\\\/method-pyykinpesuaine-peony-blush-1560ml\\\/#breadcrumb\"},\"inLanguage\":\"fi\",\"potentialAction\":[{\"@type\":\"ReadAction\",\"target\":[\"https:\\\/\\\/eettinenluksus.fi\\\/shop\\\/tuote\\\/method-pyykinpesuaine-peony-blush-1560ml\\\/\"]}]},{\"@type\":\"ImageObject\",\"inLanguage\":\"fi\",\"@id\":\"https:\\\/\\\/eettinenluksus.fi\\\/shop\\\/tuote\\\/method-pyykinpesuaine-peony-blush-1560ml\\\/#primaryimage\",\"url\":\"https:\\\/\\\/eettinenluksus.fi\\\/shop\\\/wp-content\\\/uploads\\\/sites\\\/4\\\/1726\\\/20\\\/Peony-Blush-nelio.jpg\",\"contentUrl\":\"https:\\\/\\\/eettinenluksus.fi\\\/shop\\\/wp-content\\\/uploads\\\/sites\\\/4\\\/1726\\\/20\\\/Peony-Blush-nelio.jpg\",\"width\":1045,\"height\":1045,\"caption\":\"Pyykinpesuaine Peony Blush\"},{\"@type\":\"BreadcrumbList\",\"@id\":\"https:\\\/\\\/eettinenluksus.fi\\\/shop\\\/tuote\\\/method-pyykinpesuaine-peony-blush-1560ml\\\/#breadcrumb\",\"itemListElement\":[{\"@type\":\"ListItem\",\"position\":1,\"name\":\"Etusivu\",\"item\":\"https:\\\/\\\/eettinenluksus.fi\\\/shop\\\/\"},{\"@type\":\"ListItem\",\"position\":2,\"name\":\"Kauppa\",\"item\":\"https:\\\/\\\/eettinenluksus.fi\\\/shop\\\/en\\\/kauppa\\\/\"},{\"@type\":\"ListItem\",\"position\":3,\"name\":\"Method Pyykinpesuaine Peony Blush 1560ml\"}]},{\"@type\":\"WebSite\",\"@id\":\"https:\\\/\\\/eettinenluksus.fi\\\/shop\\\/#website\",\"url\":\"https:\\\/\\\/eettinenluksus.fi\\\/shop\\\/\",\"name\":\"Shop Eettinen Luksus\",\"description\":\"Uusi verkkokauppa\",\"publisher\":{\"@id\":\"https:\\\/\\\/eettinenluksus.fi\\\/shop\\\/#organization\"},\"potentialAction\":[{\"@type\":\"SearchAction\",\"target\":{\"@type\":\"EntryPoint\",\"urlTemplate\":\"https:\\\/\\\/eettinenluksus.fi\\\/shop\\\/?s={search_term_string}\"},\"query-input\":{\"@type\":\"PropertyValueSpecification\",\"valueRequired\":true,\"valueName\":\"search_term_string\"}}],\"inLanguage\":\"fi\"},{\"@type\":\"Organization\",\"@id\":\"https:\\\/\\\/eettinenluksus.fi\\\/shop\\\/#organization\",\"name\":\"Shop Eettinen Luksus\",\"url\":\"https:\\\/\\\/eettinenluksus.fi\\\/shop\\\/\",\"logo\":{\"@type\":\"ImageObject\",\"inLanguage\":\"fi\",\"@id\":\"https:\\\/\\\/eettinenluksus.fi\\\/shop\\\/#\\\/schema\\\/logo\\\/image\\\/\",\"url\":\"https:\\\/\\\/eettinenluksus.fi\\\/shop\\\/wp-content\\\/uploads\\\/sites\\\/4\\\/1664\\\/37\\\/cropped-ELO.jpg\",\"contentUrl\":\"https:\\\/\\\/eettinenluksus.fi\\\/shop\\\/wp-content\\\/uploads\\\/sites\\\/4\\\/1664\\\/37\\\/cropped-ELO.jpg\",\"width\":810,\"height\":350,\"caption\":\"Shop Eettinen Luksus\"},\"image\":{\"@id\":\"https:\\\/\\\/eettinenluksus.fi\\\/shop\\\/#\\\/schema\\\/logo\\\/image\\\/\"},\"sameAs\":[\"https:\\\/\\\/www.facebook.com\\\/eettinenluksus\",\"https:\\\/\\\/www.instagram.com\\\/eettinenluksus\\\/\"]}]}<\/script>\n<meta property=\"product:price:amount\" content=\"15.85\" \/>\n<meta property=\"product:price:currency\" content=\"EUR\" \/>\n<meta property=\"og:availability\" content=\"instock\" \/>\n<meta property=\"product:availability\" content=\"instock\" \/>\n<meta property=\"product:retailer_item_id\" content=\"4005968\" \/>\n<meta property=\"product:condition\" content=\"new\" \/>\n<!-- \/ Yoast SEO Premium plugin. -->","yoast_head_json":{"title":"Method Pyykinpesuaine Peony Blush 1560ml - Shop Eettinen Luksus","description":"Tiivistetty pyykinpesuaine valkoiselle ja v\u00e4rilliselle pyykille. Ekologinen kasviraaka-aineet 5x luonnon entsyymi\u00e4 Method Pyykinpesuaine Peony Blush 1560ml","robots":{"index":"index","follow":"follow","max-snippet":"max-snippet:-1","max-image-preview":"max-image-preview:large","max-video-preview":"max-video-preview:-1"},"canonical":"https:\/\/eettinenluksus.fi\/shop\/tuote\/method-pyykinpesuaine-peony-blush-1560ml\/","og_locale":"fi_FI","og_type":"article","og_title":"Method Pyykinpesuaine Peony Blush 1560ml","og_description":"Tiivistetty pyykinpesuaine valkoiselle ja v\u00e4rilliselle pyykille. Ekologinen kasviraaka-aineet 5x luonnon entsyymi\u00e4 Method Pyykinpesuaine Peony Blush 1560ml","og_url":"https:\/\/eettinenluksus.fi\/shop\/tuote\/method-pyykinpesuaine-peony-blush-1560ml\/","og_site_name":"Shop Eettinen Luksus","article_publisher":"https:\/\/www.facebook.com\/eettinenluksus","article_modified_time":"2025-03-13T13:45:53+00:00","og_image":[{"width":1045,"height":1045,"url":"https:\/\/eettinenluksus.fi\/shop\/wp-content\/uploads\/sites\/4\/1726\/20\/Peony-Blush-nelio.jpg","type":"image\/jpeg"}],"twitter_card":"summary_large_image","twitter_misc":{"Hinta":"15,85&nbsp;&euro;","Saatavuus":"Varastossa"},"schema":{"@context":"https:\/\/schema.org","@graph":[{"@type":"WebPage","@id":"https:\/\/eettinenluksus.fi\/shop\/tuote\/method-pyykinpesuaine-peony-blush-1560ml\/","url":"https:\/\/eettinenluksus.fi\/shop\/tuote\/method-pyykinpesuaine-peony-blush-1560ml\/","name":"Method Pyykinpesuaine Peony Blush 1560ml - Shop Eettinen Luksus","isPartOf":{"@id":"https:\/\/eettinenluksus.fi\/shop\/#website"},"primaryImageOfPage":{"@id":"https:\/\/eettinenluksus.fi\/shop\/tuote\/method-pyykinpesuaine-peony-blush-1560ml\/#primaryimage"},"image":{"@id":"https:\/\/eettinenluksus.fi\/shop\/tuote\/method-pyykinpesuaine-peony-blush-1560ml\/#primaryimage"},"thumbnailUrl":"https:\/\/eettinenluksus.fi\/shop\/wp-content\/uploads\/sites\/4\/1726\/20\/Peony-Blush-nelio.jpg","datePublished":"2022-10-05T09:20:37+00:00","dateModified":"2025-03-13T13:45:53+00:00","description":"Tiivistetty pyykinpesuaine valkoiselle ja v\u00e4rilliselle pyykille. Ekologinen kasviraaka-aineet 5x luonnon entsyymi\u00e4 Method Pyykinpesuaine Peony Blush 1560ml","breadcrumb":{"@id":"https:\/\/eettinenluksus.fi\/shop\/tuote\/method-pyykinpesuaine-peony-blush-1560ml\/#breadcrumb"},"inLanguage":"fi","potentialAction":[{"@type":"ReadAction","target":["https:\/\/eettinenluksus.fi\/shop\/tuote\/method-pyykinpesuaine-peony-blush-1560ml\/"]}]},{"@type":"ImageObject","inLanguage":"fi","@id":"https:\/\/eettinenluksus.fi\/shop\/tuote\/method-pyykinpesuaine-peony-blush-1560ml\/#primaryimage","url":"https:\/\/eettinenluksus.fi\/shop\/wp-content\/uploads\/sites\/4\/1726\/20\/Peony-Blush-nelio.jpg","contentUrl":"https:\/\/eettinenluksus.fi\/shop\/wp-content\/uploads\/sites\/4\/1726\/20\/Peony-Blush-nelio.jpg","width":1045,"height":1045,"caption":"Pyykinpesuaine Peony Blush"},{"@type":"BreadcrumbList","@id":"https:\/\/eettinenluksus.fi\/shop\/tuote\/method-pyykinpesuaine-peony-blush-1560ml\/#breadcrumb","itemListElement":[{"@type":"ListItem","position":1,"name":"Etusivu","item":"https:\/\/eettinenluksus.fi\/shop\/"},{"@type":"ListItem","position":2,"name":"Kauppa","item":"https:\/\/eettinenluksus.fi\/shop\/en\/kauppa\/"},{"@type":"ListItem","position":3,"name":"Method Pyykinpesuaine Peony Blush 1560ml"}]},{"@type":"WebSite","@id":"https:\/\/eettinenluksus.fi\/shop\/#website","url":"https:\/\/eettinenluksus.fi\/shop\/","name":"Shop Eettinen Luksus","description":"Uusi verkkokauppa","publisher":{"@id":"https:\/\/eettinenluksus.fi\/shop\/#organization"},"potentialAction":[{"@type":"SearchAction","target":{"@type":"EntryPoint","urlTemplate":"https:\/\/eettinenluksus.fi\/shop\/?s={search_term_string}"},"query-input":{"@type":"PropertyValueSpecification","valueRequired":true,"valueName":"search_term_string"}}],"inLanguage":"fi"},{"@type":"Organization","@id":"https:\/\/eettinenluksus.fi\/shop\/#organization","name":"Shop Eettinen Luksus","url":"https:\/\/eettinenluksus.fi\/shop\/","logo":{"@type":"ImageObject","inLanguage":"fi","@id":"https:\/\/eettinenluksus.fi\/shop\/#\/schema\/logo\/image\/","url":"https:\/\/eettinenluksus.fi\/shop\/wp-content\/uploads\/sites\/4\/1664\/37\/cropped-ELO.jpg","contentUrl":"https:\/\/eettinenluksus.fi\/shop\/wp-content\/uploads\/sites\/4\/1664\/37\/cropped-ELO.jpg","width":810,"height":350,"caption":"Shop Eettinen Luksus"},"image":{"@id":"https:\/\/eettinenluksus.fi\/shop\/#\/schema\/logo\/image\/"},"sameAs":["https:\/\/www.facebook.com\/eettinenluksus","https:\/\/www.instagram.com\/eettinenluksus\/"]}]},"product_price_amount":"15.85","product_price_currency":"EUR","og_availability":"instock","product_availability":"instock","product_retailer_item_id":"4005968","product_condition":"new"},"_links":{"self":[{"href":"https:\/\/eettinenluksus.fi\/shop\/wp-json\/wp\/v2\/product\/190","targetHints":{"allow":["GET"]}}],"collection":[{"href":"https:\/\/eettinenluksus.fi\/shop\/wp-json\/wp\/v2\/product"}],"about":[{"href":"https:\/\/eettinenluksus.fi\/shop\/wp-json\/wp\/v2\/types\/product"}],"version-history":[{"count":15,"href":"https:\/\/eettinenluksus.fi\/shop\/wp-json\/wp\/v2\/product\/190\/revisions"}],"predecessor-version":[{"id":4629,"href":"https:\/\/eettinenluksus.fi\/shop\/wp-json\/wp\/v2\/product\/190\/revisions\/4629"}],"wp:featuredmedia":[{"embeddable":true,"href":"https:\/\/eettinenluksus.fi\/shop\/wp-json\/wp\/v2\/media\/4059"}],"wp:attachment":[{"href":"https:\/\/eettinenluksus.fi\/shop\/wp-json\/wp\/v2\/media?parent=190"}],"wp:term":[{"taxonomy":"product_brand","embeddable":true,"href":"https:\/\/eettinenluksus.fi\/shop\/wp-json\/wp\/v2\/product_brand?post=190"},{"taxonomy":"product_cat","embeddable":true,"href":"https:\/\/eettinenluksus.fi\/shop\/wp-json\/wp\/v2\/product_cat?post=190"},{"taxonomy":"product_tag","embeddable":true,"href":"https:\/\/eettinenluksus.fi\/shop\/wp-json\/wp\/v2\/product_tag?post=190"}],"curies":[{"name":"wp","href":"https:\/\/api.w.org\/{rel}","templated":true}]}}