{"id":181,"date":"2022-10-06T08:12:48","date_gmt":"2022-10-06T05:12:48","guid":{"rendered":"https:\/\/eettinenluksus.fi\/shop2022\/?post_type=product&#038;p=181"},"modified":"2024-09-16T14:14:51","modified_gmt":"2024-09-16T11:14:51","slug":"onxon-puhdistuskivi-300-g","status":"publish","type":"product","link":"https:\/\/eettinenluksus.fi\/shop\/tuote\/onxon-puhdistuskivi-300-g\/","title":{"rendered":"OnXOn Puhdistuskivi 300 g"},"content":{"rendered":"<p style=\"font-size: 0px;\">OnXOn Puhdistuskivi 300 \/ 500 g puhdistaa kiillottaa ja suojaa. Poistaa vaikeat ja itsepintaiset tahrat ja muun lian. Biohajoava ja Hell\u00e4varainen iholle.<\/p>\n<p>OnXOn Puhdistuskivi puhdistaa, kiillottaa ja suojaa keitti\u00f6n, kylpyhuoneen, saunan ja tulisijojen pinnat. Kiillottaa my\u00f6s metallipinnat ja -esineet. Puhdistuskivi poistaa vaikeat ja itsepintaiset tahrat ja muun lian, kuten \u00f6ljy-, mustikka tai maalitahrat, kalkin, rasvan ja noen. Biologisesti hyvin hajoava (OECD 302B) ja hajusteeton. Ei sy\u00f6vyt\u00e4 puhdistettavia pintoja. J\u00e4tt\u00e4\u00e4 puhdistettaville pinnoille j\u00e4\u00e4 likaa ja vett\u00e4 hylkiv\u00e4n pinnan. Lis\u00e4ksi metallipintojen tummuminen hidastuu. Hell\u00e4varainen iholle.<\/p>\n<p>OnXOn Puhdistuskiven perustan muodostavat saippua ja tehokkaat ionittomat pinta-aktiiviset aineet, jotka irrottavat likaa ja rasvaa hyvin jo alhaisissa l\u00e4mp\u00f6tiloissa.<\/p>\n<p>Ymp\u00e4rist\u00f6merkill\u00e4 varustetun tuotteen ostaminen on tietoinen valinta ymp\u00e4rist\u00f6n puolesta.<\/p>\n<h2 style=\"font-size: 0px;\">&#8211;<\/h2>\n<ul>\n<li>Vegaaninen<\/li>\n<li>Hajusteeton<\/li>\n<li>S\u00e4il\u00f6nt\u00e4aineeton<\/li>\n<li>Valmistuksessa k\u00e4ytet\u00e4\u00e4n l\u00e4hes yksinomaan aurinkoenergiaa<\/li>\n<li>Ilmastoneutraali tuote<\/li>\n<li>Kierr\u00e4tetyst\u00e4 muovista valmistettu ja uudelleenkierr\u00e4tett\u00e4v\u00e4 muovipurkki<\/li>\n<li>Pakkaus sis\u00e4lt\u00e4\u00e4 pesusienen<\/li>\n<li>Ei el\u00e4inkokeita tai geeniteknologiaa<\/li>\n<li>Euroopan Unionin Ecolabel-sertifikaatti (osoitus tiukkojen ymp\u00e4rist\u00f6vaatimusten t\u00e4ytt\u00e4misest\u00e4)<\/li>\n<\/ul>\n<p style=\"font-size: 0px;\"><a href=\"https:\/\/onxon.fi\/\"><span style=\"font-size: 0px;\">&#8211;<\/span><\/a>siivous, grilli, yleispuhdistus, yleispuhdistusaine, siivous, puhdistuskivi, hella, liesi, ekologinen, keraaminen liesi, grilli, saunan lauteet. Siivous, saunan lasiovi, then lasiovi. Puhdistuskivi metallipinnat, puhdistuskivi, kattila, puurokattila, siivous, onxon, hankala lika, ekologinen, pinttynyt tahra, ekologinen, pinttynyt, pinttynyt lika, metallipinnat, grilli. Tiskip\u00f6yt\u00e4, puhdistaa, kiillottaa, suojaa, siivous, yleispuhdistusaine, grilli, siivous, kylpyhuone, tiskip\u00f6yt\u00e4, puhdistuskivi, yleispuhdistusaine, onxon, tulisijat, then grilli, graniittity\u00f6tasot.<\/p>\n<p style=\"font-size: 0px;\">Kaakelit, kaakeleiden saumat, suihkut, ekologinen, metallipinnat, tiskip\u00f6yt\u00e4, grilli, tiili, vuolukivi, onxon, keramiikka, ekologinen, vesikourut, metalliputki, yleispuhdistusaine. Metalli putki, onxon, ekologinen, metalli ty\u00f6, metallin kiillotus, kiillotus then siivous.<\/p>\n<p style=\"font-size: 0px;\">Puhdistuskivi, siivous, puhdistuskivi, yleispuhdistus, yleispuhdistusaine, grilli, puhdistuskivi, ekologinen, hella, onxon, liesi, keraaminen liesi, tiskip\u00f6yt\u00e4, saunan lauteet, saunan lasiovi, then grilli, lasiovi. Puhdistuskivi metallipinnat, kattila, puurokattila. Hankala lika, pinttynyt tahra, pinttynyt, pinttynyt lika, puhdistaa, kiillottaa, puhdistuskivi, suojaa, kylpyhuone, tulisijat, then grilli, graniittity\u00f6tasot. Kaakelit, kaakeleiden saumat, suihkut, tiili, vuolukivi, keramiikka, onxon, vesikourut, metalliputki, metalli putki, metalli ty\u00f6, puhdistuskivi, metallin kiillotus, kiillotus then siivous.<\/p>\n<h2 style=\"font-size: 0px;\">OnXOn Puhdistuskivi 300 \/ 500 g<\/h2>\n<p style=\"font-size: 0px;\"><a href=\"https:\/\/onxon.fi\/\"><span style=\"font-size: 0px;\">&#8211;<\/span><\/a>siivous, yleispuhdistus, grilli, yleispuhdistusaine, puhdistuskivi, hella, liesi, keraaminen liesi, saunan lauteet, metallipinnat, tiskip\u00f6yt\u00e4, yleispuhdistusaine, ekologinen, saunan lasiovi, then lasiovi.<\/p>\n<p style=\"font-size: 0px;\">Puhdistuskivi metallipinnat, tiskip\u00f6yt\u00e4, kattila, ekologinen, puurokattila, puhdistuskivi, hankala lika, siivous. Siivous, ekologinen, pinttynyt tahra, pinttynyt, metallipinnat, tiskip\u00f6yt\u00e4, puhdistuskivi, pinttynyt ekologinen, lika, puhdistaa, kiillottaa, yleispuhdistusaine, puhdistuskivi, ekologinen, suojaa. Siivous, yleispuhdistusaine, onxon, kylpyhuone, tiskip\u00f6yt\u00e4, tulisijat, then ekologinen, puhdistuskivi, graniittity\u00f6tasot.<\/p>\n<p style=\"font-size: 0px;\">Kaakelit, kaakeleiden saumat, ekologinen, yleispuhdistusaine, suihkut, tiili. Vuolukivi, puhdistuskivi, yleispuhdistusaine, keramiikka, vesikourut, metalliputki, puhdistuskivi, metalli putki, onxon, metalli ty\u00f6, metallin kiillotus, kiillotus siivous.<\/p>\n<p style=\"font-size: 0px;\">Puhdistuskivi, then siivous, onxon, yleispuhdistus, puhdistuskivi. Yleispuhdistusaine, metallipinnat, ekologinen, tiskip\u00f6yt\u00e4, siivous, puhdistuskivi. Hella, metallipinnat, tiskip\u00f6yt\u00e4, liesi, then keraaminen liesi, ekologinen, yleispuhdistusaine, tiskip\u00f6yt\u00e4, saunan lauteet, saunan lasiovi, lasiovi. Puhdistuskivi, metallipinnat, kattila, puurokattila, ekologinen, siivous, yleispuhdistusaine, hankala lika, pinttynyt tahra, pinttynyt, pinttynyt lika. Puhdistaa, puhdistuskivi, kiillottaa, siivous, yleispuhdistusaine, metallipinnat, tiskip\u00f6yt\u00e4, siivous, puhdistuskivi, suojaa, kylpyhuone, ekologinen, siivous, tulisijat, then grilli, graniittity\u00f6tasot. Biohajoava ja Hell\u00e4varainen iholle.<\/p>\n<p style=\"font-size: 0px;\">Kaakelit, kaakeleiden saumat, ekologinen, yleispuhdistusaine, suihkut, tiili, vuolukivi, keramiikka.<\/p>\n<p style=\"font-size: 0px;\">Vesikourut, siivous, puhdistusaine, metalliputki, metalli putki, metalli ty\u00f6, ekologinen, puhdistuskivi, metallin kiillotus, kiillotus then siivous.<a href=\"https:\/\/eettinenluksus.fi\/shop\/tuotemerkit\/method-siivous\/\"><span style=\"font-size: 0px;\">&#8211;<\/span><\/a><a href=\"https:\/\/eettinenluksus.fi\/shop\/tuotemerkit\/onxon-siivous\/\"><span style=\"font-size: 0px;\">&#8211;<\/span><\/a><a href=\"https:\/\/eettinenluksus.fi\/shop\/tuotemerkit\/mreco-siivous\/\"><span style=\"font-size: 0px;\">&#8211;<\/span><\/a><a href=\"https:\/\/eettinenluksus.fi\/shop\/tuote\/mreco-hankauskera-kupari-antibakt-2kpl\/\"><span style=\"font-size: 0px;\">&#8211;<\/span><\/a><\/p>\n<ul style=\"font-size: 0px;\">\n<li>puhdistuskivi<\/li>\n<li>siivous<\/li>\n<li>tiskip\u00f6yt\u00e4<\/li>\n<li>puhdistusaine<\/li>\n<li>liesi<\/li>\n<li>yleispuhdistusaine<\/li>\n<li>tulisija<\/li>\n<li>grilli<\/li>\n<\/ul>\n","protected":false},"excerpt":{"rendered":"<p>HAJUSTEETON<\/p>\n<p>Puhdistaa, kiillottaa ja suojaa keitti\u00f6n, kylpyhuoneen, saunan ja tulisijojen pinnat.<\/p>\n<p>Poistaa vaikeat ja itsepintaiset tahrat ja muun lian, kuten \u00f6ljy-, mustikka- tai maalitahrat, kalkin, rasvan ja noen.<\/p>\n<p>Kiillottaa my\u00f6s metallipinnat ja -esineet.<\/p>\n","protected":false},"featured_media":3986,"template":"","meta":{"inline_featured_image":false},"product_brand":[],"product_cat":[50,23,29,49],"product_tag":[166,70,286,280,72,283,281,279,164,216,288,284,88,287,285,282],"class_list":{"0":"post-181","1":"product","2":"type-product","3":"status-publish","4":"has-post-thumbnail","6":"product_cat-erikoispuhdistus","7":"product_cat-onxon","8":"product_cat-onxon-siivous","9":"product_cat-siivous","10":"product_tag-astianpesu","11":"product_tag-ekologinen","12":"product_tag-grillit","13":"product_tag-kaakelit","14":"product_tag-keittio","15":"product_tag-kylpyhuone","16":"product_tag-liedet","17":"product_tag-metallipinnat","18":"product_tag-onxon","19":"product_tag-pesusieni","20":"product_tag-saumat","21":"product_tag-sauna","22":"product_tag-siivous","23":"product_tag-tiskialtaat","24":"product_tag-tulisijat","25":"product_tag-uunit","27":"first","28":"instock","29":"taxable","30":"shipping-taxable","31":"purchasable","32":"product-type-simple"},"yoast_head":"<!-- This site is optimized with the Yoast SEO Premium plugin v26.8 (Yoast SEO v27.4) - https:\/\/yoast.com\/product\/yoast-seo-premium-wordpress\/ -->\n<title>OnXOn Puhdistuskivi 300 g - Shop Eettinen Luksus<\/title>\n<meta name=\"description\" content=\"OnXOn Puhdistuskivi 300 g puhdistaa kiillottaa ja suojaa. Poistaa vaikeat ja itsepintaiset tahrat ja muun lian. Biohajoava ja hell\u00e4varainen iholle.\" \/>\n<meta name=\"robots\" content=\"index, follow, max-snippet:-1, max-image-preview:large, max-video-preview:-1\" \/>\n<link rel=\"canonical\" href=\"https:\/\/eettinenluksus.fi\/shop\/tuote\/onxon-puhdistuskivi-300-g\/\" \/>\n<meta property=\"og:locale\" content=\"fi_FI\" \/>\n<meta property=\"og:type\" content=\"article\" \/>\n<meta property=\"og:title\" content=\"OnXOn Puhdistuskivi 300 g\" \/>\n<meta property=\"og:description\" content=\"OnXOn Puhdistuskivi 300 g puhdistaa kiillottaa ja suojaa. Poistaa vaikeat ja itsepintaiset tahrat ja muun lian. Biohajoava ja hell\u00e4varainen iholle.\" \/>\n<meta property=\"og:url\" content=\"https:\/\/eettinenluksus.fi\/shop\/tuote\/onxon-puhdistuskivi-300-g\/\" \/>\n<meta property=\"og:site_name\" content=\"Shop Eettinen Luksus\" \/>\n<meta property=\"article:publisher\" content=\"https:\/\/www.facebook.com\/eettinenluksus\" \/>\n<meta property=\"article:modified_time\" content=\"2024-09-16T11:14:51+00:00\" \/>\n<meta property=\"og:image\" content=\"https:\/\/eettinenluksus.fi\/shop\/wp-content\/uploads\/sites\/4\/1726\/85\/Puhdistuskivi-265x265-1.jpg\" \/>\n\t<meta property=\"og:image:width\" content=\"265\" \/>\n\t<meta property=\"og:image:height\" content=\"265\" \/>\n\t<meta property=\"og:image:type\" content=\"image\/jpeg\" \/>\n<meta name=\"twitter:card\" content=\"summary_large_image\" \/>\n<meta name=\"twitter:label1\" content=\"Hinta\" \/>\n\t<meta name=\"twitter:data1\" content=\"7,70&nbsp;&euro;\" \/>\n\t<meta name=\"twitter:label2\" content=\"Saatavuus\" \/>\n\t<meta name=\"twitter:data2\" content=\"Varastossa\" \/>\n<script type=\"application\/ld+json\" class=\"yoast-schema-graph\">{\"@context\":\"https:\\\/\\\/schema.org\",\"@graph\":[{\"@type\":\"WebPage\",\"@id\":\"https:\\\/\\\/eettinenluksus.fi\\\/shop\\\/tuote\\\/onxon-puhdistuskivi-300-g\\\/\",\"url\":\"https:\\\/\\\/eettinenluksus.fi\\\/shop\\\/tuote\\\/onxon-puhdistuskivi-300-g\\\/\",\"name\":\"OnXOn Puhdistuskivi 300 g - Shop Eettinen Luksus\",\"isPartOf\":{\"@id\":\"https:\\\/\\\/eettinenluksus.fi\\\/shop\\\/#website\"},\"primaryImageOfPage\":{\"@id\":\"https:\\\/\\\/eettinenluksus.fi\\\/shop\\\/tuote\\\/onxon-puhdistuskivi-300-g\\\/#primaryimage\"},\"image\":{\"@id\":\"https:\\\/\\\/eettinenluksus.fi\\\/shop\\\/tuote\\\/onxon-puhdistuskivi-300-g\\\/#primaryimage\"},\"thumbnailUrl\":\"https:\\\/\\\/eettinenluksus.fi\\\/shop\\\/wp-content\\\/uploads\\\/sites\\\/4\\\/1726\\\/85\\\/Puhdistuskivi-265x265-1.jpg\",\"datePublished\":\"2022-10-06T05:12:48+00:00\",\"dateModified\":\"2024-09-16T11:14:51+00:00\",\"description\":\"OnXOn Puhdistuskivi 300 g puhdistaa kiillottaa ja suojaa. Poistaa vaikeat ja itsepintaiset tahrat ja muun lian. Biohajoava ja hell\u00e4varainen iholle.\",\"breadcrumb\":{\"@id\":\"https:\\\/\\\/eettinenluksus.fi\\\/shop\\\/tuote\\\/onxon-puhdistuskivi-300-g\\\/#breadcrumb\"},\"inLanguage\":\"fi\",\"potentialAction\":[{\"@type\":\"ReadAction\",\"target\":[\"https:\\\/\\\/eettinenluksus.fi\\\/shop\\\/tuote\\\/onxon-puhdistuskivi-300-g\\\/\"]}]},{\"@type\":\"ImageObject\",\"inLanguage\":\"fi\",\"@id\":\"https:\\\/\\\/eettinenluksus.fi\\\/shop\\\/tuote\\\/onxon-puhdistuskivi-300-g\\\/#primaryimage\",\"url\":\"https:\\\/\\\/eettinenluksus.fi\\\/shop\\\/wp-content\\\/uploads\\\/sites\\\/4\\\/1726\\\/85\\\/Puhdistuskivi-265x265-1.jpg\",\"contentUrl\":\"https:\\\/\\\/eettinenluksus.fi\\\/shop\\\/wp-content\\\/uploads\\\/sites\\\/4\\\/1726\\\/85\\\/Puhdistuskivi-265x265-1.jpg\",\"width\":265,\"height\":265,\"caption\":\"Puhdistuskivi 300g 265x265\"},{\"@type\":\"BreadcrumbList\",\"@id\":\"https:\\\/\\\/eettinenluksus.fi\\\/shop\\\/tuote\\\/onxon-puhdistuskivi-300-g\\\/#breadcrumb\",\"itemListElement\":[{\"@type\":\"ListItem\",\"position\":1,\"name\":\"Etusivu\",\"item\":\"https:\\\/\\\/eettinenluksus.fi\\\/shop\\\/\"},{\"@type\":\"ListItem\",\"position\":2,\"name\":\"Kauppa\",\"item\":\"https:\\\/\\\/eettinenluksus.fi\\\/shop\\\/en\\\/kauppa\\\/\"},{\"@type\":\"ListItem\",\"position\":3,\"name\":\"OnXOn Puhdistuskivi 300 g\"}]},{\"@type\":\"WebSite\",\"@id\":\"https:\\\/\\\/eettinenluksus.fi\\\/shop\\\/#website\",\"url\":\"https:\\\/\\\/eettinenluksus.fi\\\/shop\\\/\",\"name\":\"Shop Eettinen Luksus\",\"description\":\"Uusi verkkokauppa\",\"publisher\":{\"@id\":\"https:\\\/\\\/eettinenluksus.fi\\\/shop\\\/#organization\"},\"potentialAction\":[{\"@type\":\"SearchAction\",\"target\":{\"@type\":\"EntryPoint\",\"urlTemplate\":\"https:\\\/\\\/eettinenluksus.fi\\\/shop\\\/?s={search_term_string}\"},\"query-input\":{\"@type\":\"PropertyValueSpecification\",\"valueRequired\":true,\"valueName\":\"search_term_string\"}}],\"inLanguage\":\"fi\"},{\"@type\":\"Organization\",\"@id\":\"https:\\\/\\\/eettinenluksus.fi\\\/shop\\\/#organization\",\"name\":\"Shop Eettinen Luksus\",\"url\":\"https:\\\/\\\/eettinenluksus.fi\\\/shop\\\/\",\"logo\":{\"@type\":\"ImageObject\",\"inLanguage\":\"fi\",\"@id\":\"https:\\\/\\\/eettinenluksus.fi\\\/shop\\\/#\\\/schema\\\/logo\\\/image\\\/\",\"url\":\"https:\\\/\\\/eettinenluksus.fi\\\/shop\\\/wp-content\\\/uploads\\\/sites\\\/4\\\/1664\\\/37\\\/cropped-ELO.jpg\",\"contentUrl\":\"https:\\\/\\\/eettinenluksus.fi\\\/shop\\\/wp-content\\\/uploads\\\/sites\\\/4\\\/1664\\\/37\\\/cropped-ELO.jpg\",\"width\":810,\"height\":350,\"caption\":\"Shop Eettinen Luksus\"},\"image\":{\"@id\":\"https:\\\/\\\/eettinenluksus.fi\\\/shop\\\/#\\\/schema\\\/logo\\\/image\\\/\"},\"sameAs\":[\"https:\\\/\\\/www.facebook.com\\\/eettinenluksus\",\"https:\\\/\\\/www.instagram.com\\\/eettinenluksus\\\/\"]}]}<\/script>\n<meta property=\"product:price:amount\" content=\"7.70\" \/>\n<meta property=\"product:price:currency\" content=\"EUR\" \/>\n<meta property=\"og:availability\" content=\"instock\" \/>\n<meta property=\"product:availability\" content=\"instock\" \/>\n<meta property=\"product:retailer_item_id\" content=\"2015\" \/>\n<meta property=\"product:condition\" content=\"new\" \/>\n<!-- \/ Yoast SEO Premium plugin. -->","yoast_head_json":{"title":"OnXOn Puhdistuskivi 300 g - Shop Eettinen Luksus","description":"OnXOn Puhdistuskivi 300 g puhdistaa kiillottaa ja suojaa. Poistaa vaikeat ja itsepintaiset tahrat ja muun lian. Biohajoava ja hell\u00e4varainen iholle.","robots":{"index":"index","follow":"follow","max-snippet":"max-snippet:-1","max-image-preview":"max-image-preview:large","max-video-preview":"max-video-preview:-1"},"canonical":"https:\/\/eettinenluksus.fi\/shop\/tuote\/onxon-puhdistuskivi-300-g\/","og_locale":"fi_FI","og_type":"article","og_title":"OnXOn Puhdistuskivi 300 g","og_description":"OnXOn Puhdistuskivi 300 g puhdistaa kiillottaa ja suojaa. Poistaa vaikeat ja itsepintaiset tahrat ja muun lian. Biohajoava ja hell\u00e4varainen iholle.","og_url":"https:\/\/eettinenluksus.fi\/shop\/tuote\/onxon-puhdistuskivi-300-g\/","og_site_name":"Shop Eettinen Luksus","article_publisher":"https:\/\/www.facebook.com\/eettinenluksus","article_modified_time":"2024-09-16T11:14:51+00:00","og_image":[{"width":265,"height":265,"url":"https:\/\/eettinenluksus.fi\/shop\/wp-content\/uploads\/sites\/4\/1726\/85\/Puhdistuskivi-265x265-1.jpg","type":"image\/jpeg"}],"twitter_card":"summary_large_image","twitter_misc":{"Hinta":"7,70&nbsp;&euro;","Saatavuus":"Varastossa"},"schema":{"@context":"https:\/\/schema.org","@graph":[{"@type":"WebPage","@id":"https:\/\/eettinenluksus.fi\/shop\/tuote\/onxon-puhdistuskivi-300-g\/","url":"https:\/\/eettinenluksus.fi\/shop\/tuote\/onxon-puhdistuskivi-300-g\/","name":"OnXOn Puhdistuskivi 300 g - Shop Eettinen Luksus","isPartOf":{"@id":"https:\/\/eettinenluksus.fi\/shop\/#website"},"primaryImageOfPage":{"@id":"https:\/\/eettinenluksus.fi\/shop\/tuote\/onxon-puhdistuskivi-300-g\/#primaryimage"},"image":{"@id":"https:\/\/eettinenluksus.fi\/shop\/tuote\/onxon-puhdistuskivi-300-g\/#primaryimage"},"thumbnailUrl":"https:\/\/eettinenluksus.fi\/shop\/wp-content\/uploads\/sites\/4\/1726\/85\/Puhdistuskivi-265x265-1.jpg","datePublished":"2022-10-06T05:12:48+00:00","dateModified":"2024-09-16T11:14:51+00:00","description":"OnXOn Puhdistuskivi 300 g puhdistaa kiillottaa ja suojaa. Poistaa vaikeat ja itsepintaiset tahrat ja muun lian. Biohajoava ja hell\u00e4varainen iholle.","breadcrumb":{"@id":"https:\/\/eettinenluksus.fi\/shop\/tuote\/onxon-puhdistuskivi-300-g\/#breadcrumb"},"inLanguage":"fi","potentialAction":[{"@type":"ReadAction","target":["https:\/\/eettinenluksus.fi\/shop\/tuote\/onxon-puhdistuskivi-300-g\/"]}]},{"@type":"ImageObject","inLanguage":"fi","@id":"https:\/\/eettinenluksus.fi\/shop\/tuote\/onxon-puhdistuskivi-300-g\/#primaryimage","url":"https:\/\/eettinenluksus.fi\/shop\/wp-content\/uploads\/sites\/4\/1726\/85\/Puhdistuskivi-265x265-1.jpg","contentUrl":"https:\/\/eettinenluksus.fi\/shop\/wp-content\/uploads\/sites\/4\/1726\/85\/Puhdistuskivi-265x265-1.jpg","width":265,"height":265,"caption":"Puhdistuskivi 300g 265x265"},{"@type":"BreadcrumbList","@id":"https:\/\/eettinenluksus.fi\/shop\/tuote\/onxon-puhdistuskivi-300-g\/#breadcrumb","itemListElement":[{"@type":"ListItem","position":1,"name":"Etusivu","item":"https:\/\/eettinenluksus.fi\/shop\/"},{"@type":"ListItem","position":2,"name":"Kauppa","item":"https:\/\/eettinenluksus.fi\/shop\/en\/kauppa\/"},{"@type":"ListItem","position":3,"name":"OnXOn Puhdistuskivi 300 g"}]},{"@type":"WebSite","@id":"https:\/\/eettinenluksus.fi\/shop\/#website","url":"https:\/\/eettinenluksus.fi\/shop\/","name":"Shop Eettinen Luksus","description":"Uusi verkkokauppa","publisher":{"@id":"https:\/\/eettinenluksus.fi\/shop\/#organization"},"potentialAction":[{"@type":"SearchAction","target":{"@type":"EntryPoint","urlTemplate":"https:\/\/eettinenluksus.fi\/shop\/?s={search_term_string}"},"query-input":{"@type":"PropertyValueSpecification","valueRequired":true,"valueName":"search_term_string"}}],"inLanguage":"fi"},{"@type":"Organization","@id":"https:\/\/eettinenluksus.fi\/shop\/#organization","name":"Shop Eettinen Luksus","url":"https:\/\/eettinenluksus.fi\/shop\/","logo":{"@type":"ImageObject","inLanguage":"fi","@id":"https:\/\/eettinenluksus.fi\/shop\/#\/schema\/logo\/image\/","url":"https:\/\/eettinenluksus.fi\/shop\/wp-content\/uploads\/sites\/4\/1664\/37\/cropped-ELO.jpg","contentUrl":"https:\/\/eettinenluksus.fi\/shop\/wp-content\/uploads\/sites\/4\/1664\/37\/cropped-ELO.jpg","width":810,"height":350,"caption":"Shop Eettinen Luksus"},"image":{"@id":"https:\/\/eettinenluksus.fi\/shop\/#\/schema\/logo\/image\/"},"sameAs":["https:\/\/www.facebook.com\/eettinenluksus","https:\/\/www.instagram.com\/eettinenluksus\/"]}]},"product_price_amount":"7.70","product_price_currency":"EUR","og_availability":"instock","product_availability":"instock","product_retailer_item_id":"2015","product_condition":"new"},"_links":{"self":[{"href":"https:\/\/eettinenluksus.fi\/shop\/wp-json\/wp\/v2\/product\/181","targetHints":{"allow":["GET"]}}],"collection":[{"href":"https:\/\/eettinenluksus.fi\/shop\/wp-json\/wp\/v2\/product"}],"about":[{"href":"https:\/\/eettinenluksus.fi\/shop\/wp-json\/wp\/v2\/types\/product"}],"version-history":[{"count":28,"href":"https:\/\/eettinenluksus.fi\/shop\/wp-json\/wp\/v2\/product\/181\/revisions"}],"predecessor-version":[{"id":3311,"href":"https:\/\/eettinenluksus.fi\/shop\/wp-json\/wp\/v2\/product\/181\/revisions\/3311"}],"wp:featuredmedia":[{"embeddable":true,"href":"https:\/\/eettinenluksus.fi\/shop\/wp-json\/wp\/v2\/media\/3986"}],"wp:attachment":[{"href":"https:\/\/eettinenluksus.fi\/shop\/wp-json\/wp\/v2\/media?parent=181"}],"wp:term":[{"taxonomy":"product_brand","embeddable":true,"href":"https:\/\/eettinenluksus.fi\/shop\/wp-json\/wp\/v2\/product_brand?post=181"},{"taxonomy":"product_cat","embeddable":true,"href":"https:\/\/eettinenluksus.fi\/shop\/wp-json\/wp\/v2\/product_cat?post=181"},{"taxonomy":"product_tag","embeddable":true,"href":"https:\/\/eettinenluksus.fi\/shop\/wp-json\/wp\/v2\/product_tag?post=181"}],"curies":[{"name":"wp","href":"https:\/\/api.w.org\/{rel}","templated":true}]}}