{"id":15,"date":"2022-10-05T14:01:32","date_gmt":"2022-10-05T11:01:32","guid":{"rendered":"https:\/\/eettinenluksus.fi\/shop2022\/?post_type=product&#038;p=15"},"modified":"2025-07-02T15:55:13","modified_gmt":"2025-07-02T12:55:13","slug":"method-astianpesuaine-citrus-green-tea-532ml","status":"publish","type":"product","link":"https:\/\/eettinenluksus.fi\/shop\/tuote\/method-astianpesuaine-citrus-green-tea-532ml\/","title":{"rendered":"Method Astianpesuaine Citrus Green Tea 532ml"},"content":{"rendered":"<p style=\"font-size: 0px;\">method astianpesuaine citrus green tea 532ml, kasvipohjaiset vegaaniyst\u00e4v\u00e4lliset biohajoavat aineosat, rauhoittava vihre\u00e4 tee ja raikas sitruuna<\/p>\n<p>Ekologinen astianpesuaine. Rohkeaa ja kaunista muotoilua pesualtaan laidalle. Suunniteltu pit\u00e4en mieless\u00e4 planeettamme. Kasvipohjaiset, vegaaniyst\u00e4v\u00e4lliset, biohajoavat aineosat voittavat lian ja rasvan sek\u00e4 saavat lautaset s\u00e4ihkym\u00e4\u00e4n ja kattilat kiilt\u00e4m\u00e4\u00e4n. Yhdess\u00e4 voimme muuttaa rutiinit ilotulitukseksi.<\/p>\n<p>Tuoksuna Green tea + Citrus &#8211; Rauhoittavan vihre\u00e4n teen ja raikkaan sitruunan mystinen duo saa sinut leijailemaan.<\/p>\n<ul>\n<li>Ei el\u00e4inkokeita<\/li>\n<li>Leaping Bunny -sertifikaatti<\/li>\n<\/ul>\n<p style=\"font-size: 0px;\"><a href=\"https:\/\/onxon.fi\/\"><span style=\"font-size: 0px;\">&#8211;<\/span><\/a>ekologinen tiskiaine, citrus green tea, ekologinen astianpesu, vegan, tiskiaine, citrus green tea, astianpesuaine, ekologinen, ymp\u00e4rist\u00f6yst\u00e4v\u00e4llinen, tiskiaine, ymp\u00e4rist\u00f6yst\u00e4v\u00e4llinen, tiskiaine, vegan, ymp\u00e4rist\u00f6yst\u00e4v\u00e4llinen, tiskaus. Tiskiaine, vegan, ymp\u00e4rist\u00f6yst\u00e4v\u00e4llinen, ekologinen astianpesuaine, vegan, tiskiaine, vegan, ekologinen tiskiaine, citrus green tea astianpesuaine. Ekologinen tiskiaine, vegan, citrus green tea, ekologinen astianpesu, vegan, astianpesuaine, tiskiaine, ymp\u00e4rist\u00f6yst\u00e4v\u00e4llinen.<\/p>\n<p style=\"font-size: 0px;\">citrus green tea, astianpesuaine, ekologinen, ymp\u00e4rist\u00f6yst\u00e4v\u00e4llinen, tiskaus. Tiskiaine, tiskiaine, ymp\u00e4rist\u00f6yst\u00e4v\u00e4llinen, vegan, ekologinen astianpesuaine, ekologinen tiskiaine, vegan, tiskiaine, ymp\u00e4rist\u00f6yst\u00e4v\u00e4llinen, vegan, ymp\u00e4rist\u00f6yst\u00e4v\u00e4llinen, astianpesuaine, citrus green tea astianpesuaine. Ekologinen tiskiaine, citrus green tea, ekologinen astianpesu, ymp\u00e4rist\u00f6yst\u00e4v\u00e4llinen, citrus green tea, astianpesuaine, vegan, ekologinen, ymp\u00e4rist\u00f6yst\u00e4v\u00e4llinen, tiskaus. Tiskiaine, ymp\u00e4rist\u00f6yst\u00e4v\u00e4llinen, ekologinen astianpesuaine, ekologinen tiskiaine, citrus green tea astianpesuaine. Eettinen, ymp\u00e4rist\u00f6yst\u00e4v\u00e4llinen, astianpesuaine, esteettinen, citrus green tea, ekologinen.<a href=\"https:\/\/www.facebook.com\/eettinenluksus\/\"><span style=\"font-size: 0px;\">&#8211;<\/span><\/a><a href=\"https:\/\/www.instagram.com\/method_fi\/\"><span style=\"font-size: 0px;\">&#8211;<\/span><\/a><\/p>\n<h2 style=\"font-size: 0px;\">method astianpesuaine citrus green tea 532ml<\/h2>\n<p style=\"font-size: 0px;\">ekologinen tiskiaine, ekologinen astianpesu, astianpesuaine, ekologinen, tiskaus.<\/p>\n<ul style=\"font-size: 0px;\">\n<li>ekologinen<\/li>\n<li>astianpesuaine<\/li>\n<li>ekologinen puhdistus<\/li>\n<li>tiskiaine<\/li>\n<\/ul>\n<p style=\"font-size: 0px;\">Tiskiaine, ymp\u00e4rist\u00f6yst\u00e4v\u00e4llinen, ekologinen astianpesuaine, ekologinen tiskiaine, tiskiaine, ymp\u00e4rist\u00f6yst\u00e4v\u00e4llinen, vegan, astianpesuaine. Eettinen, ymp\u00e4rist\u00f6yst\u00e4v\u00e4llinen, astianpesuaine, vegan, esteettinen, vegan, ekologinen. Ekologinen tiskiaine, citrus green tea, ekologinen astianpesu, peach &amp; pink pepper, astianpesuaine, vegan, ymp\u00e4rist\u00f6yst\u00e4v\u00e4llinen, ymp\u00e4rist\u00f6yst\u00e4v\u00e4llinen.<\/p>\n<p style=\"font-size: 0px;\">ekologinen, ymp\u00e4rist\u00f6yst\u00e4v\u00e4llinen, ymp\u00e4rist\u00f6yst\u00e4v\u00e4llinen, tiskaus. Tiskiaine, ymp\u00e4rist\u00f6yst\u00e4v\u00e4llinen, astianpesuaine, tiskiaine, ekologinen astianpesuaine, ymp\u00e4rist\u00f6yst\u00e4v\u00e4llinen, vegan, ekologinen tiskiaine, astianpesuaine, citrus green tea astianpesuaine. Ekologinen tiskiaine, ymp\u00e4rist\u00f6yst\u00e4v\u00e4llinen, tiskiaine, citrus green tea, ekologinen astianpesu, rauhoittava vihre\u00e4 tee ja raikas sitruuna, citrus green tea, astianpesuaine, vegan, ekologinen, ymp\u00e4rist\u00f6yst\u00e4v\u00e4llinen, vegan, ymp\u00e4rist\u00f6yst\u00e4v\u00e4llinen, tiskiaine, tiskaus. Tiskiaine, ekologinen astianpesuaine, ekologinen tiskiaine, ymp\u00e4rist\u00f6yst\u00e4v\u00e4llinen, tiskiaine, citrus green tea astianpesuaine. <a style=\"font-size: 0px;\" href=\"https:\/\/eettinenluksus.fi\/shop\/en\/product\/method-astianpesuaine-coconut-water-taytto-1064ml\/\">&#8211;<\/a><a href=\"https:\/\/eettinenluksus.fi\/shop\/tuote\/method-astianpesuaine-coconut-water-paketti\/\"><span style=\"font-size: 0px;\">&#8211;<\/span><\/a><a href=\"https:\/\/eettinenluksus.fi\/shop\/tuote\/method-astianpesuaine-peach-pink-pepper-532ml\/\"><span style=\"font-size: 0px;\">&#8211;<\/span><\/a><a href=\"https:\/\/eettinenluksus.fi\/shop\/tuote\/method-astianpesuaine-cool-coconut-water-532ml\/\"><span style=\"font-size: 0px;\">&#8211;<\/span><\/a><a href=\"https:\/\/eettinenluksus.fi\/shop\/tuote\/greener-cleaner-harja-rikkalapio-pitka-varsi\/\"><span style=\"font-size: 0px;\">&#8211;<\/span><\/a>href=&#8221;https:\/\/eettinenluksus.fi\/shop\/tuote\/method-vaahtoava-nestesaippua-green-tea-300ml\/&#8221;&gt;<span style=\"font-size: 0px;\">&#8211;<\/span><\/p>\n","protected":false},"excerpt":{"rendered":"<p>Ymp\u00e4rist\u00f6yst\u00e4v\u00e4llinen astianpesuaine<\/p>\n<p>Tehokkaat kasvipohjaiset + biohajoavat ainesosat saavat lautaset s\u00e4ihkym\u00e4\u00e4n ja kattilat kiilt\u00e4m\u00e4\u00e4n.<\/p>\n<p>Tuoksuna rauhoittavan vihre\u00e4n teen ja raikkaan sitruunan mystinen duo.<\/p>\n","protected":false},"featured_media":4039,"template":"","meta":{"inline_featured_image":false},"product_brand":[],"product_cat":[48,17,26],"product_tag":[166,242,70,163,173,327],"class_list":{"0":"post-15","1":"product","2":"type-product","3":"status-publish","4":"has-post-thumbnail","6":"product_cat-astianpesu","7":"product_cat-method","8":"product_cat-method-astianpesu","9":"product_tag-astianpesu","10":"product_tag-astianpesuaine","11":"product_tag-ekologinen","12":"product_tag-method","13":"product_tag-sitrus","14":"product_tag-vihrea-tee","16":"first","17":"instock","18":"taxable","19":"shipping-taxable","20":"purchasable","21":"product-type-simple"},"yoast_head":"<!-- This site is optimized with the Yoast SEO Premium plugin v26.8 (Yoast SEO v27.3) - https:\/\/yoast.com\/product\/yoast-seo-premium-wordpress\/ -->\n<title>Method Astianpesuaine Citrus Green Tea 532ml - Shop Eettinen Luksus<\/title>\n<meta name=\"description\" content=\"Eko kasvipohjaiset vegaaniyst\u00e4v\u00e4lliset biohajoavat aineosat Rauhoittava vihre\u00e4 tee ja raikas sitruuna Method astianpesuaine citrus green tea 532ml\" \/>\n<meta name=\"robots\" content=\"index, follow, max-snippet:-1, max-image-preview:large, max-video-preview:-1\" \/>\n<link rel=\"canonical\" href=\"https:\/\/eettinenluksus.fi\/shop\/tuote\/method-astianpesuaine-citrus-green-tea-532ml\/\" \/>\n<meta property=\"og:locale\" content=\"fi_FI\" \/>\n<meta property=\"og:type\" content=\"article\" \/>\n<meta property=\"og:title\" content=\"Method Astianpesuaine Citrus Green Tea 532ml\" \/>\n<meta property=\"og:description\" content=\"Eko kasvipohjaiset vegaaniyst\u00e4v\u00e4lliset biohajoavat aineosat Rauhoittava vihre\u00e4 tee ja raikas sitruuna Method astianpesuaine citrus green tea 532ml\" \/>\n<meta property=\"og:url\" content=\"https:\/\/eettinenluksus.fi\/shop\/tuote\/method-astianpesuaine-citrus-green-tea-532ml\/\" \/>\n<meta property=\"og:site_name\" content=\"Shop Eettinen Luksus\" \/>\n<meta property=\"article:publisher\" content=\"https:\/\/www.facebook.com\/eettinenluksus\" \/>\n<meta property=\"article:modified_time\" content=\"2025-07-02T12:55:13+00:00\" \/>\n<meta property=\"og:image\" content=\"https:\/\/eettinenluksus.fi\/shop\/wp-content\/uploads\/sites\/4\/1726\/16\/Astianpesuaine-Citrus-Green-Tea-nelio.jpg\" \/>\n\t<meta property=\"og:image:width\" content=\"1045\" \/>\n\t<meta property=\"og:image:height\" content=\"1045\" \/>\n\t<meta property=\"og:image:type\" content=\"image\/jpeg\" \/>\n<meta name=\"twitter:card\" content=\"summary_large_image\" \/>\n<meta name=\"twitter:label1\" content=\"Hinta\" \/>\n\t<meta name=\"twitter:data1\" content=\"7,10&nbsp;&euro;\" \/>\n\t<meta name=\"twitter:label2\" content=\"Saatavuus\" \/>\n\t<meta name=\"twitter:data2\" content=\"Varastossa\" \/>\n<script type=\"application\/ld+json\" class=\"yoast-schema-graph\">{\"@context\":\"https:\\\/\\\/schema.org\",\"@graph\":[{\"@type\":\"WebPage\",\"@id\":\"https:\\\/\\\/eettinenluksus.fi\\\/shop\\\/tuote\\\/method-astianpesuaine-citrus-green-tea-532ml\\\/\",\"url\":\"https:\\\/\\\/eettinenluksus.fi\\\/shop\\\/tuote\\\/method-astianpesuaine-citrus-green-tea-532ml\\\/\",\"name\":\"Method Astianpesuaine Citrus Green Tea 532ml - Shop Eettinen Luksus\",\"isPartOf\":{\"@id\":\"https:\\\/\\\/eettinenluksus.fi\\\/shop\\\/#website\"},\"primaryImageOfPage\":{\"@id\":\"https:\\\/\\\/eettinenluksus.fi\\\/shop\\\/tuote\\\/method-astianpesuaine-citrus-green-tea-532ml\\\/#primaryimage\"},\"image\":{\"@id\":\"https:\\\/\\\/eettinenluksus.fi\\\/shop\\\/tuote\\\/method-astianpesuaine-citrus-green-tea-532ml\\\/#primaryimage\"},\"thumbnailUrl\":\"https:\\\/\\\/eettinenluksus.fi\\\/shop\\\/wp-content\\\/uploads\\\/sites\\\/4\\\/1726\\\/16\\\/Astianpesuaine-Citrus-Green-Tea-nelio.jpg\",\"datePublished\":\"2022-10-05T11:01:32+00:00\",\"dateModified\":\"2025-07-02T12:55:13+00:00\",\"description\":\"Eko kasvipohjaiset vegaaniyst\u00e4v\u00e4lliset biohajoavat aineosat Rauhoittava vihre\u00e4 tee ja raikas sitruuna Method astianpesuaine citrus green tea 532ml\",\"breadcrumb\":{\"@id\":\"https:\\\/\\\/eettinenluksus.fi\\\/shop\\\/tuote\\\/method-astianpesuaine-citrus-green-tea-532ml\\\/#breadcrumb\"},\"inLanguage\":\"fi\",\"potentialAction\":[{\"@type\":\"ReadAction\",\"target\":[\"https:\\\/\\\/eettinenluksus.fi\\\/shop\\\/tuote\\\/method-astianpesuaine-citrus-green-tea-532ml\\\/\"]}]},{\"@type\":\"ImageObject\",\"inLanguage\":\"fi\",\"@id\":\"https:\\\/\\\/eettinenluksus.fi\\\/shop\\\/tuote\\\/method-astianpesuaine-citrus-green-tea-532ml\\\/#primaryimage\",\"url\":\"https:\\\/\\\/eettinenluksus.fi\\\/shop\\\/wp-content\\\/uploads\\\/sites\\\/4\\\/1726\\\/16\\\/Astianpesuaine-Citrus-Green-Tea-nelio.jpg\",\"contentUrl\":\"https:\\\/\\\/eettinenluksus.fi\\\/shop\\\/wp-content\\\/uploads\\\/sites\\\/4\\\/1726\\\/16\\\/Astianpesuaine-Citrus-Green-Tea-nelio.jpg\",\"width\":1045,\"height\":1045,\"caption\":\"Astianpesuaine Citrus Green Tea\"},{\"@type\":\"BreadcrumbList\",\"@id\":\"https:\\\/\\\/eettinenluksus.fi\\\/shop\\\/tuote\\\/method-astianpesuaine-citrus-green-tea-532ml\\\/#breadcrumb\",\"itemListElement\":[{\"@type\":\"ListItem\",\"position\":1,\"name\":\"Etusivu\",\"item\":\"https:\\\/\\\/eettinenluksus.fi\\\/shop\\\/\"},{\"@type\":\"ListItem\",\"position\":2,\"name\":\"Kauppa\",\"item\":\"https:\\\/\\\/eettinenluksus.fi\\\/shop\\\/en\\\/kauppa\\\/\"},{\"@type\":\"ListItem\",\"position\":3,\"name\":\"Method Astianpesuaine Citrus Green Tea 532ml\"}]},{\"@type\":\"WebSite\",\"@id\":\"https:\\\/\\\/eettinenluksus.fi\\\/shop\\\/#website\",\"url\":\"https:\\\/\\\/eettinenluksus.fi\\\/shop\\\/\",\"name\":\"Shop Eettinen Luksus\",\"description\":\"Uusi verkkokauppa\",\"publisher\":{\"@id\":\"https:\\\/\\\/eettinenluksus.fi\\\/shop\\\/#organization\"},\"potentialAction\":[{\"@type\":\"SearchAction\",\"target\":{\"@type\":\"EntryPoint\",\"urlTemplate\":\"https:\\\/\\\/eettinenluksus.fi\\\/shop\\\/?s={search_term_string}\"},\"query-input\":{\"@type\":\"PropertyValueSpecification\",\"valueRequired\":true,\"valueName\":\"search_term_string\"}}],\"inLanguage\":\"fi\"},{\"@type\":\"Organization\",\"@id\":\"https:\\\/\\\/eettinenluksus.fi\\\/shop\\\/#organization\",\"name\":\"Shop Eettinen Luksus\",\"url\":\"https:\\\/\\\/eettinenluksus.fi\\\/shop\\\/\",\"logo\":{\"@type\":\"ImageObject\",\"inLanguage\":\"fi\",\"@id\":\"https:\\\/\\\/eettinenluksus.fi\\\/shop\\\/#\\\/schema\\\/logo\\\/image\\\/\",\"url\":\"https:\\\/\\\/eettinenluksus.fi\\\/shop\\\/wp-content\\\/uploads\\\/sites\\\/4\\\/1664\\\/37\\\/cropped-ELO.jpg\",\"contentUrl\":\"https:\\\/\\\/eettinenluksus.fi\\\/shop\\\/wp-content\\\/uploads\\\/sites\\\/4\\\/1664\\\/37\\\/cropped-ELO.jpg\",\"width\":810,\"height\":350,\"caption\":\"Shop Eettinen Luksus\"},\"image\":{\"@id\":\"https:\\\/\\\/eettinenluksus.fi\\\/shop\\\/#\\\/schema\\\/logo\\\/image\\\/\"},\"sameAs\":[\"https:\\\/\\\/www.facebook.com\\\/eettinenluksus\",\"https:\\\/\\\/www.instagram.com\\\/eettinenluksus\\\/\"]}]}<\/script>\n<meta property=\"product:price:amount\" content=\"7.10\" \/>\n<meta property=\"product:price:currency\" content=\"EUR\" \/>\n<meta property=\"og:availability\" content=\"instock\" \/>\n<meta property=\"product:availability\" content=\"instock\" \/>\n<meta property=\"product:retailer_item_id\" content=\"4004720\" \/>\n<meta property=\"product:condition\" content=\"new\" \/>\n<!-- \/ Yoast SEO Premium plugin. -->","yoast_head_json":{"title":"Method Astianpesuaine Citrus Green Tea 532ml - Shop Eettinen Luksus","description":"Eko kasvipohjaiset vegaaniyst\u00e4v\u00e4lliset biohajoavat aineosat Rauhoittava vihre\u00e4 tee ja raikas sitruuna Method astianpesuaine citrus green tea 532ml","robots":{"index":"index","follow":"follow","max-snippet":"max-snippet:-1","max-image-preview":"max-image-preview:large","max-video-preview":"max-video-preview:-1"},"canonical":"https:\/\/eettinenluksus.fi\/shop\/tuote\/method-astianpesuaine-citrus-green-tea-532ml\/","og_locale":"fi_FI","og_type":"article","og_title":"Method Astianpesuaine Citrus Green Tea 532ml","og_description":"Eko kasvipohjaiset vegaaniyst\u00e4v\u00e4lliset biohajoavat aineosat Rauhoittava vihre\u00e4 tee ja raikas sitruuna Method astianpesuaine citrus green tea 532ml","og_url":"https:\/\/eettinenluksus.fi\/shop\/tuote\/method-astianpesuaine-citrus-green-tea-532ml\/","og_site_name":"Shop Eettinen Luksus","article_publisher":"https:\/\/www.facebook.com\/eettinenluksus","article_modified_time":"2025-07-02T12:55:13+00:00","og_image":[{"width":1045,"height":1045,"url":"https:\/\/eettinenluksus.fi\/shop\/wp-content\/uploads\/sites\/4\/1726\/16\/Astianpesuaine-Citrus-Green-Tea-nelio.jpg","type":"image\/jpeg"}],"twitter_card":"summary_large_image","twitter_misc":{"Hinta":"7,10&nbsp;&euro;","Saatavuus":"Varastossa"},"schema":{"@context":"https:\/\/schema.org","@graph":[{"@type":"WebPage","@id":"https:\/\/eettinenluksus.fi\/shop\/tuote\/method-astianpesuaine-citrus-green-tea-532ml\/","url":"https:\/\/eettinenluksus.fi\/shop\/tuote\/method-astianpesuaine-citrus-green-tea-532ml\/","name":"Method Astianpesuaine Citrus Green Tea 532ml - Shop Eettinen Luksus","isPartOf":{"@id":"https:\/\/eettinenluksus.fi\/shop\/#website"},"primaryImageOfPage":{"@id":"https:\/\/eettinenluksus.fi\/shop\/tuote\/method-astianpesuaine-citrus-green-tea-532ml\/#primaryimage"},"image":{"@id":"https:\/\/eettinenluksus.fi\/shop\/tuote\/method-astianpesuaine-citrus-green-tea-532ml\/#primaryimage"},"thumbnailUrl":"https:\/\/eettinenluksus.fi\/shop\/wp-content\/uploads\/sites\/4\/1726\/16\/Astianpesuaine-Citrus-Green-Tea-nelio.jpg","datePublished":"2022-10-05T11:01:32+00:00","dateModified":"2025-07-02T12:55:13+00:00","description":"Eko kasvipohjaiset vegaaniyst\u00e4v\u00e4lliset biohajoavat aineosat Rauhoittava vihre\u00e4 tee ja raikas sitruuna Method astianpesuaine citrus green tea 532ml","breadcrumb":{"@id":"https:\/\/eettinenluksus.fi\/shop\/tuote\/method-astianpesuaine-citrus-green-tea-532ml\/#breadcrumb"},"inLanguage":"fi","potentialAction":[{"@type":"ReadAction","target":["https:\/\/eettinenluksus.fi\/shop\/tuote\/method-astianpesuaine-citrus-green-tea-532ml\/"]}]},{"@type":"ImageObject","inLanguage":"fi","@id":"https:\/\/eettinenluksus.fi\/shop\/tuote\/method-astianpesuaine-citrus-green-tea-532ml\/#primaryimage","url":"https:\/\/eettinenluksus.fi\/shop\/wp-content\/uploads\/sites\/4\/1726\/16\/Astianpesuaine-Citrus-Green-Tea-nelio.jpg","contentUrl":"https:\/\/eettinenluksus.fi\/shop\/wp-content\/uploads\/sites\/4\/1726\/16\/Astianpesuaine-Citrus-Green-Tea-nelio.jpg","width":1045,"height":1045,"caption":"Astianpesuaine Citrus Green Tea"},{"@type":"BreadcrumbList","@id":"https:\/\/eettinenluksus.fi\/shop\/tuote\/method-astianpesuaine-citrus-green-tea-532ml\/#breadcrumb","itemListElement":[{"@type":"ListItem","position":1,"name":"Etusivu","item":"https:\/\/eettinenluksus.fi\/shop\/"},{"@type":"ListItem","position":2,"name":"Kauppa","item":"https:\/\/eettinenluksus.fi\/shop\/en\/kauppa\/"},{"@type":"ListItem","position":3,"name":"Method Astianpesuaine Citrus Green Tea 532ml"}]},{"@type":"WebSite","@id":"https:\/\/eettinenluksus.fi\/shop\/#website","url":"https:\/\/eettinenluksus.fi\/shop\/","name":"Shop Eettinen Luksus","description":"Uusi verkkokauppa","publisher":{"@id":"https:\/\/eettinenluksus.fi\/shop\/#organization"},"potentialAction":[{"@type":"SearchAction","target":{"@type":"EntryPoint","urlTemplate":"https:\/\/eettinenluksus.fi\/shop\/?s={search_term_string}"},"query-input":{"@type":"PropertyValueSpecification","valueRequired":true,"valueName":"search_term_string"}}],"inLanguage":"fi"},{"@type":"Organization","@id":"https:\/\/eettinenluksus.fi\/shop\/#organization","name":"Shop Eettinen Luksus","url":"https:\/\/eettinenluksus.fi\/shop\/","logo":{"@type":"ImageObject","inLanguage":"fi","@id":"https:\/\/eettinenluksus.fi\/shop\/#\/schema\/logo\/image\/","url":"https:\/\/eettinenluksus.fi\/shop\/wp-content\/uploads\/sites\/4\/1664\/37\/cropped-ELO.jpg","contentUrl":"https:\/\/eettinenluksus.fi\/shop\/wp-content\/uploads\/sites\/4\/1664\/37\/cropped-ELO.jpg","width":810,"height":350,"caption":"Shop Eettinen Luksus"},"image":{"@id":"https:\/\/eettinenluksus.fi\/shop\/#\/schema\/logo\/image\/"},"sameAs":["https:\/\/www.facebook.com\/eettinenluksus","https:\/\/www.instagram.com\/eettinenluksus\/"]}]},"product_price_amount":"7.10","product_price_currency":"EUR","og_availability":"instock","product_availability":"instock","product_retailer_item_id":"4004720","product_condition":"new"},"_links":{"self":[{"href":"https:\/\/eettinenluksus.fi\/shop\/wp-json\/wp\/v2\/product\/15","targetHints":{"allow":["GET"]}}],"collection":[{"href":"https:\/\/eettinenluksus.fi\/shop\/wp-json\/wp\/v2\/product"}],"about":[{"href":"https:\/\/eettinenluksus.fi\/shop\/wp-json\/wp\/v2\/types\/product"}],"version-history":[{"count":10,"href":"https:\/\/eettinenluksus.fi\/shop\/wp-json\/wp\/v2\/product\/15\/revisions"}],"predecessor-version":[{"id":3323,"href":"https:\/\/eettinenluksus.fi\/shop\/wp-json\/wp\/v2\/product\/15\/revisions\/3323"}],"wp:featuredmedia":[{"embeddable":true,"href":"https:\/\/eettinenluksus.fi\/shop\/wp-json\/wp\/v2\/media\/4039"}],"wp:attachment":[{"href":"https:\/\/eettinenluksus.fi\/shop\/wp-json\/wp\/v2\/media?parent=15"}],"wp:term":[{"taxonomy":"product_brand","embeddable":true,"href":"https:\/\/eettinenluksus.fi\/shop\/wp-json\/wp\/v2\/product_brand?post=15"},{"taxonomy":"product_cat","embeddable":true,"href":"https:\/\/eettinenluksus.fi\/shop\/wp-json\/wp\/v2\/product_cat?post=15"},{"taxonomy":"product_tag","embeddable":true,"href":"https:\/\/eettinenluksus.fi\/shop\/wp-json\/wp\/v2\/product_tag?post=15"}],"curies":[{"name":"wp","href":"https:\/\/api.w.org\/{rel}","templated":true}]}}