{"id":1106,"date":"2022-10-08T16:03:55","date_gmt":"2022-10-08T13:03:55","guid":{"rendered":"https:\/\/eettinenluksus.fi\/shop2022\/?post_type=product&#038;p=1106"},"modified":"2024-09-20T13:58:59","modified_gmt":"2024-09-20T10:58:59","slug":"bambu-bambuharja-luonnonharjaksilla-48cm","status":"publish","type":"product","link":"https:\/\/eettinenluksus.fi\/shop\/tuote\/bambu-bambuharja-luonnonharjaksilla-48cm\/","title":{"rendered":"Bamb\u00f9 Bambuharja luonnonharjaksilla 48cm"},"content":{"rendered":"<p>Bambu Bambuharja luonnonharjaksilla 48cm<\/p>\n<p>Bambupuusta ja luonnollisista harjaksista valmistettu harja kuorii ja puhdistaa tehokkaasti. Harja mahdollistaa my\u00f6s vaikeap\u00e4\u00e4syisten alueiden, kuten sel\u00e4n ja jalkojen, pesun. Erikoissuunnittelunsa ansiosta harjaosa voidaan irrottaa kahvasta tarvittaessa. Dermatologisesti testattu.<\/p>\n<p>Bambua pidet\u00e4\u00e4n pitk\u00e4ik\u00e4isyyden ja kest\u00e4vyyden symbolina. T\u00e4m\u00e4 Kaukoid\u00e4ss\u00e4 vuosisatojen ajan hyvin tunnettu ja k\u00e4ytetty kasvi on eritt\u00e4in monipuolinen ja k\u00e4yt\u00f6ss\u00e4 muun muassa kosmetiikka-, huonekalu-, elintarvike- ja tekstiilialoilla.<\/p>\n<p>Bamb\u00f9-tuotesarja on t\u00e4ydellinen valikoima tuotteita rentouttavaan vartalonhoitoon ja inspiroivaan aistikokemukseen. Ainutlaatuisen Xpand prosessin ansiosta sienet on rikastettu bambu-uutteella, luonnollisella arvokkaiden mineraalien l\u00e4hteell\u00e4 ja antioksidanttisilla entsyymeill\u00e4, joilla on elvytt\u00e4v\u00e4 vaikutus ja jotka ovat ihanteellisia hell\u00e4varaiseen puhdistukseen samalla kun ne suojaavat ihoa.<\/p>\n<p>Bambukuidusta valmistetut tekstiilit ovat uskomattoman pehmeit\u00e4 ja miellytt\u00e4vi\u00e4, joten ne sopivat erityisen hyvin herk\u00e4lle iholle. Niill\u00e4 on korkea imukyky ja ne kuivuvat nopeasti.<\/p>\n<p style=\"font-size:0px;\"><a href=\"https:\/\/www.facebook.com\/eettinenluksus\/\"><span style=\"font-size:0px;\">&#8211;<\/span><\/a><a href=\"https:\/\/www.instagram.com\/eettinenluksus\/\"><span style=\"font-size:0px;\">&#8211;<\/span><\/a>Bambu Bambuharja luonnonharjaksilla T\u00e4yteteksti\u00e4, Bambuharja  Xpand-prosessi. Puhdistautuminen  Peseytyminen. Pesuharja  Ekologinen. Ymp\u00e4rist\u00f6yst\u00e4v\u00e4llinen  Vartalonhoito. Bambuharja  Xpand-prosessi. Puhdistautuminen  Peseytyminen. Pesuharja  Ekologinen. Ymp\u00e4rist\u00f6yst\u00e4v\u00e4llinen  Vartalonhoito. Bambuharja  Xpand-prosessi. Puhdistautuminen  Peseytyminen. T\u00e4yteteksti\u00e4, Pesuharja  Ekologinen. Ymp\u00e4rist\u00f6yst\u00e4v\u00e4llinen  Vartalonhoito. Bambuharja  Xpand-prosessi. Puhdistautuminen  Peseytyminen. Pesuharja  Ekologinen. Ymp\u00e4rist\u00f6yst\u00e4v\u00e4llinen  Vartalonhoito. Puhdistautuminen  Peseytyminen. Pesuharja  Ekologinen. Ymp\u00e4rist\u00f6yst\u00e4v\u00e4llinen  Vartalonhoito. Bambuharja  Xpand-prosessi. <\/p>\n<h2 style=\"font-size:0px;\">Bamb\u00f9 Bambuharja luonnonharjaksilla 48cm<\/h2>\n<p style=\"font-size:0px;\">Bambuharja  Xpand-prosessi. Puhdistautuminen  Peseytyminen. T\u00e4yteteksti\u00e4, Pesuharja  Ekologinen. Ymp\u00e4rist\u00f6yst\u00e4v\u00e4llinen  Vartalonhoito. Bambuharja  Xpand-prosessi. Bambuharja  Xpand-prosessi. Puhdistautuminen  Peseytyminen. Pesuharja  Ekologinen. Ymp\u00e4rist\u00f6yst\u00e4v\u00e4llinen  Vartalonhoito. Bambuharja  Xpand-prosessi. Puhdistautuminen  Peseytyminen. Pesuharja  Ekologinen. Ymp\u00e4rist\u00f6yst\u00e4v\u00e4llinen  Vartalonhoito. T\u00e4yteteksti\u00e4, Bambuharja  Xpand-prosessi. Puhdistautuminen  Peseytyminen. Pesuharja  Ekologinen. Ymp\u00e4rist\u00f6yst\u00e4v\u00e4llinen  Vartalonhoito. Puhdistautuminen  Peseytyminen. Pesuharja  Ekologinen. Ymp\u00e4rist\u00f6yst\u00e4v\u00e4llinen  Vartalonhoito. Bambuharja  Xpand-prosessi. Bambuharja  Xpand-prosessi. Puhdistautuminen Peseytyminen. Pesuharja  Ekologinen. Ymp\u00e4rist\u00f6yst\u00e4v\u00e4llinen  Vartalonhoito. Bambuharja  Xpand-prosessi.<\/p>\n<p style=\"font-size:0px;\">\n<ul style=\"font-size:0px;\">\n<li>bambuharja<\/li>\n<li>bambu<\/li>\n<li>vartalonhoito<\/li>\n<\/ul>\n<p><a href=\"https:\/\/eettinenluksus.fi\/shop\/tuotemerkit\/beauty-sponge\/\"><span style=\"font-size:0px;\">&#8211;<\/span><\/a><a href=\"https:\/\/eettinenluksus.fi\/shop\/tuote\/greener-cleaner-kotisiivouspaketti\/\"><span style=\"font-size:0px;\">&#8211;<\/span><\/a><a href=\"https:\/\/eettinenluksus.fi\/shop\/tuote\/greener-cleaner-keittiopaketti\/\"><span style=\"font-size:0px;\">&#8211;<\/span><\/a><a href=\"https:\/\/eettinenluksus.fi\/shop\/tuote\/greener-cleaner-harja-rikkalapio-pitka-varsi\/\"><span style=\"font-size:0px;\">&#8211;<\/span><\/a><a href=\"https:\/\/eettinenluksus.fi\/shop\/tuote\/onxon-puhdistusgeeli-220g\/\"><span style=\"font-size:0px;\">&#8211;<\/span><\/a><\/p>\n","protected":false},"excerpt":{"rendered":"<p>Virkist\u00e4v\u00e4 harja bambupuusta luonnonharjaksilla<\/p>\n<p>Kuorii ja puhdistaa tehokkaasti<\/p>\n<p>Dermatologisesti testattu.<\/p>\n","protected":false},"featured_media":4111,"template":"","meta":{"inline_featured_image":false},"product_brand":[],"product_cat":[24,123],"product_tag":[62,70,75,185,209,210,181],"class_list":{"0":"post-1106","1":"product","2":"type-product","3":"status-publish","4":"has-post-thumbnail","6":"product_cat-bambu","7":"product_cat-hyvinvointi","8":"product_tag-bambu","9":"product_tag-ekologinen","10":"product_tag-harja","11":"product_tag-hyvinvointi","12":"product_tag-peseytyminen","13":"product_tag-pesuharja","14":"product_tag-spa","16":"first","17":"instock","18":"taxable","19":"shipping-taxable","20":"purchasable","21":"product-type-simple"},"yoast_head":"<!-- This site is optimized with the Yoast SEO Premium plugin v26.8 (Yoast SEO v27.4) - https:\/\/yoast.com\/product\/yoast-seo-premium-wordpress\/ -->\n<title>Bamb\u00f9 Bambuharja luonnonharjaksilla 48cm - Shop Eettinen Luksus<\/title>\n<meta name=\"description\" content=\"Bamb\u00f9 Bambuharja luonnonharjaksilla 48cm on virkist\u00e4v\u00e4 harja bambupuusta luonnonharjaksilla. Harja kuorii ja puhdistaa tehokkaasti.\" \/>\n<meta name=\"robots\" content=\"index, follow, max-snippet:-1, max-image-preview:large, max-video-preview:-1\" \/>\n<link rel=\"canonical\" href=\"https:\/\/eettinenluksus.fi\/shop\/tuote\/bambu-bambuharja-luonnonharjaksilla-48cm\/\" \/>\n<meta property=\"og:locale\" content=\"fi_FI\" \/>\n<meta property=\"og:type\" content=\"article\" \/>\n<meta property=\"og:title\" content=\"Bamb\u00f9 Bambuharja luonnonharjaksilla 48cm\" \/>\n<meta property=\"og:description\" content=\"Bamb\u00f9 Bambuharja luonnonharjaksilla 48cm on virkist\u00e4v\u00e4 harja bambupuusta luonnonharjaksilla. Harja kuorii ja puhdistaa tehokkaasti.\" \/>\n<meta property=\"og:url\" content=\"https:\/\/eettinenluksus.fi\/shop\/tuote\/bambu-bambuharja-luonnonharjaksilla-48cm\/\" \/>\n<meta property=\"og:site_name\" content=\"Shop Eettinen Luksus\" \/>\n<meta property=\"article:publisher\" content=\"https:\/\/www.facebook.com\/eettinenluksus\" \/>\n<meta property=\"article:modified_time\" content=\"2024-09-20T10:58:59+00:00\" \/>\n<meta property=\"og:image\" content=\"https:\/\/eettinenluksus.fi\/shop\/wp-content\/uploads\/sites\/4\/1726\/29\/Bambu-harja-nelio.jpg\" \/>\n\t<meta property=\"og:image:width\" content=\"1045\" \/>\n\t<meta property=\"og:image:height\" content=\"1045\" \/>\n\t<meta property=\"og:image:type\" content=\"image\/jpeg\" \/>\n<meta name=\"twitter:card\" content=\"summary_large_image\" \/>\n<meta name=\"twitter:label1\" content=\"Hinta\" \/>\n\t<meta name=\"twitter:data1\" content=\"20,85&nbsp;&euro;\" \/>\n\t<meta name=\"twitter:label2\" content=\"Saatavuus\" \/>\n\t<meta name=\"twitter:data2\" content=\"Varastossa\" \/>\n<script type=\"application\/ld+json\" class=\"yoast-schema-graph\">{\"@context\":\"https:\\\/\\\/schema.org\",\"@graph\":[{\"@type\":\"WebPage\",\"@id\":\"https:\\\/\\\/eettinenluksus.fi\\\/shop\\\/tuote\\\/bambu-bambuharja-luonnonharjaksilla-48cm\\\/\",\"url\":\"https:\\\/\\\/eettinenluksus.fi\\\/shop\\\/tuote\\\/bambu-bambuharja-luonnonharjaksilla-48cm\\\/\",\"name\":\"Bamb\u00f9 Bambuharja luonnonharjaksilla 48cm - Shop Eettinen Luksus\",\"isPartOf\":{\"@id\":\"https:\\\/\\\/eettinenluksus.fi\\\/shop\\\/#website\"},\"primaryImageOfPage\":{\"@id\":\"https:\\\/\\\/eettinenluksus.fi\\\/shop\\\/tuote\\\/bambu-bambuharja-luonnonharjaksilla-48cm\\\/#primaryimage\"},\"image\":{\"@id\":\"https:\\\/\\\/eettinenluksus.fi\\\/shop\\\/tuote\\\/bambu-bambuharja-luonnonharjaksilla-48cm\\\/#primaryimage\"},\"thumbnailUrl\":\"https:\\\/\\\/eettinenluksus.fi\\\/shop\\\/wp-content\\\/uploads\\\/sites\\\/4\\\/1726\\\/29\\\/Bambu-harja-nelio.jpg\",\"datePublished\":\"2022-10-08T13:03:55+00:00\",\"dateModified\":\"2024-09-20T10:58:59+00:00\",\"description\":\"Bamb\u00f9 Bambuharja luonnonharjaksilla 48cm on virkist\u00e4v\u00e4 harja bambupuusta luonnonharjaksilla. Harja kuorii ja puhdistaa tehokkaasti.\",\"breadcrumb\":{\"@id\":\"https:\\\/\\\/eettinenluksus.fi\\\/shop\\\/tuote\\\/bambu-bambuharja-luonnonharjaksilla-48cm\\\/#breadcrumb\"},\"inLanguage\":\"fi\",\"potentialAction\":[{\"@type\":\"ReadAction\",\"target\":[\"https:\\\/\\\/eettinenluksus.fi\\\/shop\\\/tuote\\\/bambu-bambuharja-luonnonharjaksilla-48cm\\\/\"]}]},{\"@type\":\"ImageObject\",\"inLanguage\":\"fi\",\"@id\":\"https:\\\/\\\/eettinenluksus.fi\\\/shop\\\/tuote\\\/bambu-bambuharja-luonnonharjaksilla-48cm\\\/#primaryimage\",\"url\":\"https:\\\/\\\/eettinenluksus.fi\\\/shop\\\/wp-content\\\/uploads\\\/sites\\\/4\\\/1726\\\/29\\\/Bambu-harja-nelio.jpg\",\"contentUrl\":\"https:\\\/\\\/eettinenluksus.fi\\\/shop\\\/wp-content\\\/uploads\\\/sites\\\/4\\\/1726\\\/29\\\/Bambu-harja-nelio.jpg\",\"width\":1045,\"height\":1045,\"caption\":\"Bambu harja\"},{\"@type\":\"BreadcrumbList\",\"@id\":\"https:\\\/\\\/eettinenluksus.fi\\\/shop\\\/tuote\\\/bambu-bambuharja-luonnonharjaksilla-48cm\\\/#breadcrumb\",\"itemListElement\":[{\"@type\":\"ListItem\",\"position\":1,\"name\":\"Etusivu\",\"item\":\"https:\\\/\\\/eettinenluksus.fi\\\/shop\\\/\"},{\"@type\":\"ListItem\",\"position\":2,\"name\":\"Kauppa\",\"item\":\"https:\\\/\\\/eettinenluksus.fi\\\/shop\\\/en\\\/kauppa\\\/\"},{\"@type\":\"ListItem\",\"position\":3,\"name\":\"Bamb\u00f9 Bambuharja luonnonharjaksilla 48cm\"}]},{\"@type\":\"WebSite\",\"@id\":\"https:\\\/\\\/eettinenluksus.fi\\\/shop\\\/#website\",\"url\":\"https:\\\/\\\/eettinenluksus.fi\\\/shop\\\/\",\"name\":\"Shop Eettinen Luksus\",\"description\":\"Uusi verkkokauppa\",\"publisher\":{\"@id\":\"https:\\\/\\\/eettinenluksus.fi\\\/shop\\\/#organization\"},\"potentialAction\":[{\"@type\":\"SearchAction\",\"target\":{\"@type\":\"EntryPoint\",\"urlTemplate\":\"https:\\\/\\\/eettinenluksus.fi\\\/shop\\\/?s={search_term_string}\"},\"query-input\":{\"@type\":\"PropertyValueSpecification\",\"valueRequired\":true,\"valueName\":\"search_term_string\"}}],\"inLanguage\":\"fi\"},{\"@type\":\"Organization\",\"@id\":\"https:\\\/\\\/eettinenluksus.fi\\\/shop\\\/#organization\",\"name\":\"Shop Eettinen Luksus\",\"url\":\"https:\\\/\\\/eettinenluksus.fi\\\/shop\\\/\",\"logo\":{\"@type\":\"ImageObject\",\"inLanguage\":\"fi\",\"@id\":\"https:\\\/\\\/eettinenluksus.fi\\\/shop\\\/#\\\/schema\\\/logo\\\/image\\\/\",\"url\":\"https:\\\/\\\/eettinenluksus.fi\\\/shop\\\/wp-content\\\/uploads\\\/sites\\\/4\\\/1664\\\/37\\\/cropped-ELO.jpg\",\"contentUrl\":\"https:\\\/\\\/eettinenluksus.fi\\\/shop\\\/wp-content\\\/uploads\\\/sites\\\/4\\\/1664\\\/37\\\/cropped-ELO.jpg\",\"width\":810,\"height\":350,\"caption\":\"Shop Eettinen Luksus\"},\"image\":{\"@id\":\"https:\\\/\\\/eettinenluksus.fi\\\/shop\\\/#\\\/schema\\\/logo\\\/image\\\/\"},\"sameAs\":[\"https:\\\/\\\/www.facebook.com\\\/eettinenluksus\",\"https:\\\/\\\/www.instagram.com\\\/eettinenluksus\\\/\"]}]}<\/script>\n<meta property=\"product:price:amount\" content=\"20.85\" \/>\n<meta property=\"product:price:currency\" content=\"EUR\" \/>\n<meta property=\"og:availability\" content=\"instock\" \/>\n<meta property=\"product:availability\" content=\"instock\" \/>\n<meta property=\"product:retailer_item_id\" content=\"4866\" \/>\n<meta property=\"product:condition\" content=\"new\" \/>\n<!-- \/ Yoast SEO Premium plugin. -->","yoast_head_json":{"title":"Bamb\u00f9 Bambuharja luonnonharjaksilla 48cm - Shop Eettinen Luksus","description":"Bamb\u00f9 Bambuharja luonnonharjaksilla 48cm on virkist\u00e4v\u00e4 harja bambupuusta luonnonharjaksilla. Harja kuorii ja puhdistaa tehokkaasti.","robots":{"index":"index","follow":"follow","max-snippet":"max-snippet:-1","max-image-preview":"max-image-preview:large","max-video-preview":"max-video-preview:-1"},"canonical":"https:\/\/eettinenluksus.fi\/shop\/tuote\/bambu-bambuharja-luonnonharjaksilla-48cm\/","og_locale":"fi_FI","og_type":"article","og_title":"Bamb\u00f9 Bambuharja luonnonharjaksilla 48cm","og_description":"Bamb\u00f9 Bambuharja luonnonharjaksilla 48cm on virkist\u00e4v\u00e4 harja bambupuusta luonnonharjaksilla. Harja kuorii ja puhdistaa tehokkaasti.","og_url":"https:\/\/eettinenluksus.fi\/shop\/tuote\/bambu-bambuharja-luonnonharjaksilla-48cm\/","og_site_name":"Shop Eettinen Luksus","article_publisher":"https:\/\/www.facebook.com\/eettinenluksus","article_modified_time":"2024-09-20T10:58:59+00:00","og_image":[{"width":1045,"height":1045,"url":"https:\/\/eettinenluksus.fi\/shop\/wp-content\/uploads\/sites\/4\/1726\/29\/Bambu-harja-nelio.jpg","type":"image\/jpeg"}],"twitter_card":"summary_large_image","twitter_misc":{"Hinta":"20,85&nbsp;&euro;","Saatavuus":"Varastossa"},"schema":{"@context":"https:\/\/schema.org","@graph":[{"@type":"WebPage","@id":"https:\/\/eettinenluksus.fi\/shop\/tuote\/bambu-bambuharja-luonnonharjaksilla-48cm\/","url":"https:\/\/eettinenluksus.fi\/shop\/tuote\/bambu-bambuharja-luonnonharjaksilla-48cm\/","name":"Bamb\u00f9 Bambuharja luonnonharjaksilla 48cm - Shop Eettinen Luksus","isPartOf":{"@id":"https:\/\/eettinenluksus.fi\/shop\/#website"},"primaryImageOfPage":{"@id":"https:\/\/eettinenluksus.fi\/shop\/tuote\/bambu-bambuharja-luonnonharjaksilla-48cm\/#primaryimage"},"image":{"@id":"https:\/\/eettinenluksus.fi\/shop\/tuote\/bambu-bambuharja-luonnonharjaksilla-48cm\/#primaryimage"},"thumbnailUrl":"https:\/\/eettinenluksus.fi\/shop\/wp-content\/uploads\/sites\/4\/1726\/29\/Bambu-harja-nelio.jpg","datePublished":"2022-10-08T13:03:55+00:00","dateModified":"2024-09-20T10:58:59+00:00","description":"Bamb\u00f9 Bambuharja luonnonharjaksilla 48cm on virkist\u00e4v\u00e4 harja bambupuusta luonnonharjaksilla. Harja kuorii ja puhdistaa tehokkaasti.","breadcrumb":{"@id":"https:\/\/eettinenluksus.fi\/shop\/tuote\/bambu-bambuharja-luonnonharjaksilla-48cm\/#breadcrumb"},"inLanguage":"fi","potentialAction":[{"@type":"ReadAction","target":["https:\/\/eettinenluksus.fi\/shop\/tuote\/bambu-bambuharja-luonnonharjaksilla-48cm\/"]}]},{"@type":"ImageObject","inLanguage":"fi","@id":"https:\/\/eettinenluksus.fi\/shop\/tuote\/bambu-bambuharja-luonnonharjaksilla-48cm\/#primaryimage","url":"https:\/\/eettinenluksus.fi\/shop\/wp-content\/uploads\/sites\/4\/1726\/29\/Bambu-harja-nelio.jpg","contentUrl":"https:\/\/eettinenluksus.fi\/shop\/wp-content\/uploads\/sites\/4\/1726\/29\/Bambu-harja-nelio.jpg","width":1045,"height":1045,"caption":"Bambu harja"},{"@type":"BreadcrumbList","@id":"https:\/\/eettinenluksus.fi\/shop\/tuote\/bambu-bambuharja-luonnonharjaksilla-48cm\/#breadcrumb","itemListElement":[{"@type":"ListItem","position":1,"name":"Etusivu","item":"https:\/\/eettinenluksus.fi\/shop\/"},{"@type":"ListItem","position":2,"name":"Kauppa","item":"https:\/\/eettinenluksus.fi\/shop\/en\/kauppa\/"},{"@type":"ListItem","position":3,"name":"Bamb\u00f9 Bambuharja luonnonharjaksilla 48cm"}]},{"@type":"WebSite","@id":"https:\/\/eettinenluksus.fi\/shop\/#website","url":"https:\/\/eettinenluksus.fi\/shop\/","name":"Shop Eettinen Luksus","description":"Uusi verkkokauppa","publisher":{"@id":"https:\/\/eettinenluksus.fi\/shop\/#organization"},"potentialAction":[{"@type":"SearchAction","target":{"@type":"EntryPoint","urlTemplate":"https:\/\/eettinenluksus.fi\/shop\/?s={search_term_string}"},"query-input":{"@type":"PropertyValueSpecification","valueRequired":true,"valueName":"search_term_string"}}],"inLanguage":"fi"},{"@type":"Organization","@id":"https:\/\/eettinenluksus.fi\/shop\/#organization","name":"Shop Eettinen Luksus","url":"https:\/\/eettinenluksus.fi\/shop\/","logo":{"@type":"ImageObject","inLanguage":"fi","@id":"https:\/\/eettinenluksus.fi\/shop\/#\/schema\/logo\/image\/","url":"https:\/\/eettinenluksus.fi\/shop\/wp-content\/uploads\/sites\/4\/1664\/37\/cropped-ELO.jpg","contentUrl":"https:\/\/eettinenluksus.fi\/shop\/wp-content\/uploads\/sites\/4\/1664\/37\/cropped-ELO.jpg","width":810,"height":350,"caption":"Shop Eettinen Luksus"},"image":{"@id":"https:\/\/eettinenluksus.fi\/shop\/#\/schema\/logo\/image\/"},"sameAs":["https:\/\/www.facebook.com\/eettinenluksus","https:\/\/www.instagram.com\/eettinenluksus\/"]}]},"product_price_amount":"20.85","product_price_currency":"EUR","og_availability":"instock","product_availability":"instock","product_retailer_item_id":"4866","product_condition":"new"},"_links":{"self":[{"href":"https:\/\/eettinenluksus.fi\/shop\/wp-json\/wp\/v2\/product\/1106","targetHints":{"allow":["GET"]}}],"collection":[{"href":"https:\/\/eettinenluksus.fi\/shop\/wp-json\/wp\/v2\/product"}],"about":[{"href":"https:\/\/eettinenluksus.fi\/shop\/wp-json\/wp\/v2\/types\/product"}],"version-history":[{"count":7,"href":"https:\/\/eettinenluksus.fi\/shop\/wp-json\/wp\/v2\/product\/1106\/revisions"}],"predecessor-version":[{"id":2980,"href":"https:\/\/eettinenluksus.fi\/shop\/wp-json\/wp\/v2\/product\/1106\/revisions\/2980"}],"wp:featuredmedia":[{"embeddable":true,"href":"https:\/\/eettinenluksus.fi\/shop\/wp-json\/wp\/v2\/media\/4111"}],"wp:attachment":[{"href":"https:\/\/eettinenluksus.fi\/shop\/wp-json\/wp\/v2\/media?parent=1106"}],"wp:term":[{"taxonomy":"product_brand","embeddable":true,"href":"https:\/\/eettinenluksus.fi\/shop\/wp-json\/wp\/v2\/product_brand?post=1106"},{"taxonomy":"product_cat","embeddable":true,"href":"https:\/\/eettinenluksus.fi\/shop\/wp-json\/wp\/v2\/product_cat?post=1106"},{"taxonomy":"product_tag","embeddable":true,"href":"https:\/\/eettinenluksus.fi\/shop\/wp-json\/wp\/v2\/product_tag?post=1106"}],"curies":[{"name":"wp","href":"https:\/\/api.w.org\/{rel}","templated":true}]}}