{"id":1104,"date":"2022-10-08T15:56:58","date_gmt":"2022-10-08T12:56:58","guid":{"rendered":"https:\/\/eettinenluksus.fi\/shop2022\/?post_type=product&#038;p=1104"},"modified":"2024-09-20T13:58:11","modified_gmt":"2024-09-20T10:58:11","slug":"bambu-hansikas-kuorinta-rentoutus-bambu-pellava","status":"publish","type":"product","link":"https:\/\/eettinenluksus.fi\/shop\/tuote\/bambu-hansikas-kuorinta-rentoutus-bambu-pellava\/","title":{"rendered":"Bamb\u00f9 Hansikas kuorinta&#038;rentoutus bambu\/pellava"},"content":{"rendered":"<p style=\"font-size: 0px;\">Bambu Hansikas kuorinta&#038;rentoutus bambu\/pellava. Puhdistaa ja kuorii hell\u00e4varaisesti. Ekologinen kuorintahansikas j\u00e4tt\u00e4\u00e4 ihon sile\u00e4ksi ja kiinte\u00e4ksi.<\/p>\n<p>Bambusta ja pellavakuidusta valmistettu rentoutumis- ja kuorintahansikas on pehme\u00e4 ja hell\u00e4, ihanteellinen jopa herkimm\u00e4lle iholle. Luonnonmateriaalien innovatiivisen yhdistelm\u00e4n ansiosta t\u00e4m\u00e4 hansikas puhdistaa hell\u00e4varaisesti ja kuorii hell\u00e4sti. Tasoittaa ja parantaa ihon s\u00e4vy\u00e4. Dermatologisesti testattu.<\/p>\n<p>Bambua pidet\u00e4\u00e4n pitk\u00e4ik\u00e4isyyden ja kest\u00e4vyyden symbolina. T\u00e4m\u00e4 Kaukoid\u00e4ss\u00e4 vuosisatojen ajan hyvin tunnettu ja k\u00e4ytetty kasvi on eritt\u00e4in monipuolinen ja k\u00e4yt\u00f6ss\u00e4 muun muassa kosmetiikka-, huonekalu-, elintarvike- ja tekstiilialoilla.<\/p>\n<p>Bamb\u00f9-tuotesarja on t\u00e4ydellinen valikoima tuotteita rentouttavaan vartalonhoitoon ja inspiroivaan aistikokemukseen. Ainutlaatuisen Xpand prosessin ansiosta sienet on rikastettu bambu-uutteella, luonnollisella arvokkaiden mineraalien l\u00e4hteell\u00e4 ja antioksidanttisilla entsyymeill\u00e4, joilla on elvytt\u00e4v\u00e4 vaikutus ja jotka ovat ihanteellisia hell\u00e4varaiseen puhdistukseen samalla kun ne suojaavat ihoa.<\/p>\n<p>Bambukuidusta valmistetut tekstiilit ovat uskomattoman pehmeit\u00e4 ja miellytt\u00e4vi\u00e4, joten ne sopivat erityisen hyvin herk\u00e4lle iholle. Niill\u00e4 on korkea imukyky ja ne kuivuvat nopeasti.<\/p>\n<p style=\"font-size: 0px;\"><a href=\"https:\/\/onxon.fi\/\"><span style=\"font-size:0px;\">&#8211;<\/span><\/a>Bamb\u00f9 Hansikas kuorinta&#038;rentoutus bambu\/pellava. Bambu, pellava, kuorinta, rentoutus, bambu, hell\u00e4varainen, bambu, rentoutuminen, ekologinen, vartalonkuorinta. Bambu, pellava, hyvinvointi, bambu, pellava, kuorinta, ekologinen, vartalonkuorinta, rentoutus, bambu, ekologinen, vartalonkuorinta, pellava. Bambu, pellava, kuorinta, rentoutus. Bambu, hell\u00e4varainen, bambu, rentoutuminen, ekologinen, vartalonkuorinta, bambu, ekologinen, vartalonkuorinta, pellava, hyvinvointi, bambu, pellava, kuorinta, hyvinvointi, rentoutuminen, ekologinen, rentoutus, bambu, pellava. Bambu, pellava, kuorinta, rentoutus, bambu, hell\u00e4varainen, ekologinen, vartalonkuorinta, bambu, rentoutuminen, bambu, pellava, hyvinvointi, bambu, pellava, kuorinta, rentoutus, bambu, pellava.<a href=\"https:\/\/www.facebook.com\/eettinenluksus\/\"><span style=\"font-size:0px;\">&#8211;<\/span><\/a><a href=\"https:\/\/www.instagram.com\/eettinenluksus\/\"><span style=\"font-size:0px;\">&#8211;<\/span><\/a><\/p>\n<h2 style=\"font-size: 0px;\">Bamb\u00f9 Hansikas kuorinta&#038;rentoutus bambu\/pellava<\/h2>\n<p style=\"font-size: 0px;\">Bambu, pellava, kuorinta, rentoutus, bambu, hell\u00e4varainen, bambu, rentoutuminen, ekologinen, vartalonkuorinta, bambu, pellava, hyvinvointi, bambu, pellava, kuorinta, ekologinen, vartalonkuorinta, ekologinen, vartalonkuorinta, rentoutus, kuorinta, rentoutus, bambu, ekologinen, vartalonkuorinta, rentoutus, kuorinta, pellava. Bambu, pellava, kuorinta, rentoutus, bambu, hell\u00e4varainen, bambu, rentoutuminen, ekologinen, vartalonkuorinta, bambu, ekologinen, hyvinvointi, vartalonkuorinta, pellava. Hyvinvointi, bambu, pellava, kuorinta, rentoutus, bambu, pellava. Rentoutuminen, bambu, pellava, rentoutuminen, kuorinta, hell\u00e4varainen, vartalonkuorinta, hyvinvointi, bambu, ekologinen, vartalonkuorinta, rentoutus, kuorinta, pellava, kuorinta, rentoutus, bambu, pellava. Bambu, pellava, kuorinta, ekologinen, vartalonkuorinta, rentoutus, bambu, hell\u00e4varainen. <a href=\"https:\/\/eettinenluksus.fi\/shop\/tuote\/beauty-sponge-pesusieni-pink-grapefruit-oil\/\"><span style=\"font-size:0px;\">&#8211;<\/span><\/a><a href=\"https:\/\/eettinenluksus.fi\/shop\/tuote\/beauty-sponge-pesusieni-aloe-vera\/\"><span style=\"font-size:0px;\">&#8211;<\/span><\/a><a href=\"https:\/\/eettinenluksus.fi\/shop\/tuote\/bambu-hansikas-bambu-luffa\/\"><span style=\"font-size:0px;\">&#8211;<\/span><\/a><a href=\"https:\/\/eettinenluksus.fi\/shop\/tuote\/beauty-sponge-kuorintasieni-coconut-oil\/\"><span style=\"font-size:0px;\">&#8211;<\/span><\/a><a href=\"https:\/\/eettinenluksus.fi\/shop\/en\/product\/bambu-kuorintasieni\/\"><span style=\"font-size:0px;\">&#8211;<\/span><\/a><\/p>\n<ul style=\"font-size: 0px;\">\n<li>bambu<\/li>\n<li>pellava<\/li>\n<li>rentoutus<\/li>\n<li>ekologinen<\/li>\n<li>hell\u00e4varainen<\/li>\n<\/ul>\n","protected":false},"excerpt":{"rendered":"<p>Ekologinen bambusta ja pellavakuidusta valmistettu rentoutumis- ja kuorintahansikas<\/p>\n<p>Luonnonmateriaalien innovatiivinen yhdistelm\u00e4 puhdistaa ja kuorii hell\u00e4varaisesti<\/p>\n<p>J\u00e4tt\u00e4\u00e4 ihon sile\u00e4ksi ja kiinte\u00e4ksi<\/p>\n","protected":false},"featured_media":4110,"template":"","meta":{"inline_featured_image":false},"product_brand":[],"product_cat":[24,123],"product_tag":[62,70,213,214,179,211,212],"class_list":{"0":"post-1104","1":"product","2":"type-product","3":"status-publish","4":"has-post-thumbnail","6":"product_cat-bambu","7":"product_cat-hyvinvointi","8":"product_tag-bambu","9":"product_tag-ekologinen","10":"product_tag-hansikas","11":"product_tag-hanska","12":"product_tag-kuorinta","13":"product_tag-pellava","14":"product_tag-rentoutus","16":"first","17":"instock","18":"taxable","19":"shipping-taxable","20":"purchasable","21":"product-type-simple"},"yoast_head":"<!-- This site is optimized with the Yoast SEO Premium plugin v26.8 (Yoast SEO v27.4) - https:\/\/yoast.com\/product\/yoast-seo-premium-wordpress\/ -->\n<title>Bamb\u00f9 Hansikas kuorinta&amp;rentoutus bambu\/pellava - Shop Eettinen Luksus<\/title>\n<meta name=\"description\" content=\"Bambu Hansikas kuorinta&amp;rentoutus bambu\/pellava. Puhdistaa ja kuorii hell\u00e4varaisesti. Ekologinen kuorintahansikas j\u00e4tt\u00e4\u00e4 ihon sile\u00e4ksi ja kiinte\u00e4ksi.\" \/>\n<meta name=\"robots\" content=\"index, follow, max-snippet:-1, max-image-preview:large, max-video-preview:-1\" \/>\n<link rel=\"canonical\" href=\"https:\/\/eettinenluksus.fi\/shop\/tuote\/bambu-hansikas-kuorinta-rentoutus-bambu-pellava\/\" \/>\n<meta property=\"og:locale\" content=\"fi_FI\" \/>\n<meta property=\"og:type\" content=\"article\" \/>\n<meta property=\"og:title\" content=\"Bamb\u00f9 Hansikas kuorinta&amp;rentoutus bambu\/pellava\" \/>\n<meta property=\"og:description\" content=\"Bambu Hansikas kuorinta&amp;rentoutus bambu\/pellava. Puhdistaa ja kuorii hell\u00e4varaisesti. Ekologinen kuorintahansikas j\u00e4tt\u00e4\u00e4 ihon sile\u00e4ksi ja kiinte\u00e4ksi.\" \/>\n<meta property=\"og:url\" content=\"https:\/\/eettinenluksus.fi\/shop\/tuote\/bambu-hansikas-kuorinta-rentoutus-bambu-pellava\/\" \/>\n<meta property=\"og:site_name\" content=\"Shop Eettinen Luksus\" \/>\n<meta property=\"article:publisher\" content=\"https:\/\/www.facebook.com\/eettinenluksus\" \/>\n<meta property=\"article:modified_time\" content=\"2024-09-20T10:58:11+00:00\" \/>\n<meta property=\"og:image\" content=\"https:\/\/eettinenluksus.fi\/shop\/wp-content\/uploads\/sites\/4\/1726\/29\/Bambu-Hansikas-kuorintarentoutus-bambupellava-nelio.jpg\" \/>\n\t<meta property=\"og:image:width\" content=\"1045\" \/>\n\t<meta property=\"og:image:height\" content=\"1045\" \/>\n\t<meta property=\"og:image:type\" content=\"image\/jpeg\" \/>\n<meta name=\"twitter:card\" content=\"summary_large_image\" \/>\n<meta name=\"twitter:label1\" content=\"Hinta\" \/>\n\t<meta name=\"twitter:data1\" content=\"12,35&nbsp;&euro;\" \/>\n\t<meta name=\"twitter:label2\" content=\"Saatavuus\" \/>\n\t<meta name=\"twitter:data2\" content=\"Varastossa\" \/>\n<script type=\"application\/ld+json\" class=\"yoast-schema-graph\">{\"@context\":\"https:\\\/\\\/schema.org\",\"@graph\":[{\"@type\":\"WebPage\",\"@id\":\"https:\\\/\\\/eettinenluksus.fi\\\/shop\\\/tuote\\\/bambu-hansikas-kuorinta-rentoutus-bambu-pellava\\\/\",\"url\":\"https:\\\/\\\/eettinenluksus.fi\\\/shop\\\/tuote\\\/bambu-hansikas-kuorinta-rentoutus-bambu-pellava\\\/\",\"name\":\"Bamb\u00f9 Hansikas kuorinta&rentoutus bambu\\\/pellava - Shop Eettinen Luksus\",\"isPartOf\":{\"@id\":\"https:\\\/\\\/eettinenluksus.fi\\\/shop\\\/#website\"},\"primaryImageOfPage\":{\"@id\":\"https:\\\/\\\/eettinenluksus.fi\\\/shop\\\/tuote\\\/bambu-hansikas-kuorinta-rentoutus-bambu-pellava\\\/#primaryimage\"},\"image\":{\"@id\":\"https:\\\/\\\/eettinenluksus.fi\\\/shop\\\/tuote\\\/bambu-hansikas-kuorinta-rentoutus-bambu-pellava\\\/#primaryimage\"},\"thumbnailUrl\":\"https:\\\/\\\/eettinenluksus.fi\\\/shop\\\/wp-content\\\/uploads\\\/sites\\\/4\\\/1726\\\/29\\\/Bambu-Hansikas-kuorintarentoutus-bambupellava-nelio.jpg\",\"datePublished\":\"2022-10-08T12:56:58+00:00\",\"dateModified\":\"2024-09-20T10:58:11+00:00\",\"description\":\"Bambu Hansikas kuorinta&rentoutus bambu\\\/pellava. Puhdistaa ja kuorii hell\u00e4varaisesti. Ekologinen kuorintahansikas j\u00e4tt\u00e4\u00e4 ihon sile\u00e4ksi ja kiinte\u00e4ksi.\",\"breadcrumb\":{\"@id\":\"https:\\\/\\\/eettinenluksus.fi\\\/shop\\\/tuote\\\/bambu-hansikas-kuorinta-rentoutus-bambu-pellava\\\/#breadcrumb\"},\"inLanguage\":\"fi\",\"potentialAction\":[{\"@type\":\"ReadAction\",\"target\":[\"https:\\\/\\\/eettinenluksus.fi\\\/shop\\\/tuote\\\/bambu-hansikas-kuorinta-rentoutus-bambu-pellava\\\/\"]}]},{\"@type\":\"ImageObject\",\"inLanguage\":\"fi\",\"@id\":\"https:\\\/\\\/eettinenluksus.fi\\\/shop\\\/tuote\\\/bambu-hansikas-kuorinta-rentoutus-bambu-pellava\\\/#primaryimage\",\"url\":\"https:\\\/\\\/eettinenluksus.fi\\\/shop\\\/wp-content\\\/uploads\\\/sites\\\/4\\\/1726\\\/29\\\/Bambu-Hansikas-kuorintarentoutus-bambupellava-nelio.jpg\",\"contentUrl\":\"https:\\\/\\\/eettinenluksus.fi\\\/shop\\\/wp-content\\\/uploads\\\/sites\\\/4\\\/1726\\\/29\\\/Bambu-Hansikas-kuorintarentoutus-bambupellava-nelio.jpg\",\"width\":1045,\"height\":1045,\"caption\":\"Bambu Hansikas kuorinta&rentoutus bambupellava\"},{\"@type\":\"BreadcrumbList\",\"@id\":\"https:\\\/\\\/eettinenluksus.fi\\\/shop\\\/tuote\\\/bambu-hansikas-kuorinta-rentoutus-bambu-pellava\\\/#breadcrumb\",\"itemListElement\":[{\"@type\":\"ListItem\",\"position\":1,\"name\":\"Etusivu\",\"item\":\"https:\\\/\\\/eettinenluksus.fi\\\/shop\\\/\"},{\"@type\":\"ListItem\",\"position\":2,\"name\":\"Kauppa\",\"item\":\"https:\\\/\\\/eettinenluksus.fi\\\/shop\\\/en\\\/kauppa\\\/\"},{\"@type\":\"ListItem\",\"position\":3,\"name\":\"Bamb\u00f9 Hansikas kuorinta&#038;rentoutus bambu\\\/pellava\"}]},{\"@type\":\"WebSite\",\"@id\":\"https:\\\/\\\/eettinenluksus.fi\\\/shop\\\/#website\",\"url\":\"https:\\\/\\\/eettinenluksus.fi\\\/shop\\\/\",\"name\":\"Shop Eettinen Luksus\",\"description\":\"Uusi verkkokauppa\",\"publisher\":{\"@id\":\"https:\\\/\\\/eettinenluksus.fi\\\/shop\\\/#organization\"},\"potentialAction\":[{\"@type\":\"SearchAction\",\"target\":{\"@type\":\"EntryPoint\",\"urlTemplate\":\"https:\\\/\\\/eettinenluksus.fi\\\/shop\\\/?s={search_term_string}\"},\"query-input\":{\"@type\":\"PropertyValueSpecification\",\"valueRequired\":true,\"valueName\":\"search_term_string\"}}],\"inLanguage\":\"fi\"},{\"@type\":\"Organization\",\"@id\":\"https:\\\/\\\/eettinenluksus.fi\\\/shop\\\/#organization\",\"name\":\"Shop Eettinen Luksus\",\"url\":\"https:\\\/\\\/eettinenluksus.fi\\\/shop\\\/\",\"logo\":{\"@type\":\"ImageObject\",\"inLanguage\":\"fi\",\"@id\":\"https:\\\/\\\/eettinenluksus.fi\\\/shop\\\/#\\\/schema\\\/logo\\\/image\\\/\",\"url\":\"https:\\\/\\\/eettinenluksus.fi\\\/shop\\\/wp-content\\\/uploads\\\/sites\\\/4\\\/1664\\\/37\\\/cropped-ELO.jpg\",\"contentUrl\":\"https:\\\/\\\/eettinenluksus.fi\\\/shop\\\/wp-content\\\/uploads\\\/sites\\\/4\\\/1664\\\/37\\\/cropped-ELO.jpg\",\"width\":810,\"height\":350,\"caption\":\"Shop Eettinen Luksus\"},\"image\":{\"@id\":\"https:\\\/\\\/eettinenluksus.fi\\\/shop\\\/#\\\/schema\\\/logo\\\/image\\\/\"},\"sameAs\":[\"https:\\\/\\\/www.facebook.com\\\/eettinenluksus\",\"https:\\\/\\\/www.instagram.com\\\/eettinenluksus\\\/\"]}]}<\/script>\n<meta property=\"product:price:amount\" content=\"12.35\" \/>\n<meta property=\"product:price:currency\" content=\"EUR\" \/>\n<meta property=\"og:availability\" content=\"instock\" \/>\n<meta property=\"product:availability\" content=\"instock\" \/>\n<meta property=\"product:retailer_item_id\" content=\"4862\" \/>\n<meta property=\"product:condition\" content=\"new\" \/>\n<!-- \/ Yoast SEO Premium plugin. -->","yoast_head_json":{"title":"Bamb\u00f9 Hansikas kuorinta&rentoutus bambu\/pellava - Shop Eettinen Luksus","description":"Bambu Hansikas kuorinta&rentoutus bambu\/pellava. Puhdistaa ja kuorii hell\u00e4varaisesti. Ekologinen kuorintahansikas j\u00e4tt\u00e4\u00e4 ihon sile\u00e4ksi ja kiinte\u00e4ksi.","robots":{"index":"index","follow":"follow","max-snippet":"max-snippet:-1","max-image-preview":"max-image-preview:large","max-video-preview":"max-video-preview:-1"},"canonical":"https:\/\/eettinenluksus.fi\/shop\/tuote\/bambu-hansikas-kuorinta-rentoutus-bambu-pellava\/","og_locale":"fi_FI","og_type":"article","og_title":"Bamb\u00f9 Hansikas kuorinta&rentoutus bambu\/pellava","og_description":"Bambu Hansikas kuorinta&rentoutus bambu\/pellava. Puhdistaa ja kuorii hell\u00e4varaisesti. Ekologinen kuorintahansikas j\u00e4tt\u00e4\u00e4 ihon sile\u00e4ksi ja kiinte\u00e4ksi.","og_url":"https:\/\/eettinenluksus.fi\/shop\/tuote\/bambu-hansikas-kuorinta-rentoutus-bambu-pellava\/","og_site_name":"Shop Eettinen Luksus","article_publisher":"https:\/\/www.facebook.com\/eettinenluksus","article_modified_time":"2024-09-20T10:58:11+00:00","og_image":[{"width":1045,"height":1045,"url":"https:\/\/eettinenluksus.fi\/shop\/wp-content\/uploads\/sites\/4\/1726\/29\/Bambu-Hansikas-kuorintarentoutus-bambupellava-nelio.jpg","type":"image\/jpeg"}],"twitter_card":"summary_large_image","twitter_misc":{"Hinta":"12,35&nbsp;&euro;","Saatavuus":"Varastossa"},"schema":{"@context":"https:\/\/schema.org","@graph":[{"@type":"WebPage","@id":"https:\/\/eettinenluksus.fi\/shop\/tuote\/bambu-hansikas-kuorinta-rentoutus-bambu-pellava\/","url":"https:\/\/eettinenluksus.fi\/shop\/tuote\/bambu-hansikas-kuorinta-rentoutus-bambu-pellava\/","name":"Bamb\u00f9 Hansikas kuorinta&rentoutus bambu\/pellava - Shop Eettinen Luksus","isPartOf":{"@id":"https:\/\/eettinenluksus.fi\/shop\/#website"},"primaryImageOfPage":{"@id":"https:\/\/eettinenluksus.fi\/shop\/tuote\/bambu-hansikas-kuorinta-rentoutus-bambu-pellava\/#primaryimage"},"image":{"@id":"https:\/\/eettinenluksus.fi\/shop\/tuote\/bambu-hansikas-kuorinta-rentoutus-bambu-pellava\/#primaryimage"},"thumbnailUrl":"https:\/\/eettinenluksus.fi\/shop\/wp-content\/uploads\/sites\/4\/1726\/29\/Bambu-Hansikas-kuorintarentoutus-bambupellava-nelio.jpg","datePublished":"2022-10-08T12:56:58+00:00","dateModified":"2024-09-20T10:58:11+00:00","description":"Bambu Hansikas kuorinta&rentoutus bambu\/pellava. Puhdistaa ja kuorii hell\u00e4varaisesti. Ekologinen kuorintahansikas j\u00e4tt\u00e4\u00e4 ihon sile\u00e4ksi ja kiinte\u00e4ksi.","breadcrumb":{"@id":"https:\/\/eettinenluksus.fi\/shop\/tuote\/bambu-hansikas-kuorinta-rentoutus-bambu-pellava\/#breadcrumb"},"inLanguage":"fi","potentialAction":[{"@type":"ReadAction","target":["https:\/\/eettinenluksus.fi\/shop\/tuote\/bambu-hansikas-kuorinta-rentoutus-bambu-pellava\/"]}]},{"@type":"ImageObject","inLanguage":"fi","@id":"https:\/\/eettinenluksus.fi\/shop\/tuote\/bambu-hansikas-kuorinta-rentoutus-bambu-pellava\/#primaryimage","url":"https:\/\/eettinenluksus.fi\/shop\/wp-content\/uploads\/sites\/4\/1726\/29\/Bambu-Hansikas-kuorintarentoutus-bambupellava-nelio.jpg","contentUrl":"https:\/\/eettinenluksus.fi\/shop\/wp-content\/uploads\/sites\/4\/1726\/29\/Bambu-Hansikas-kuorintarentoutus-bambupellava-nelio.jpg","width":1045,"height":1045,"caption":"Bambu Hansikas kuorinta&rentoutus bambupellava"},{"@type":"BreadcrumbList","@id":"https:\/\/eettinenluksus.fi\/shop\/tuote\/bambu-hansikas-kuorinta-rentoutus-bambu-pellava\/#breadcrumb","itemListElement":[{"@type":"ListItem","position":1,"name":"Etusivu","item":"https:\/\/eettinenluksus.fi\/shop\/"},{"@type":"ListItem","position":2,"name":"Kauppa","item":"https:\/\/eettinenluksus.fi\/shop\/en\/kauppa\/"},{"@type":"ListItem","position":3,"name":"Bamb\u00f9 Hansikas kuorinta&#038;rentoutus bambu\/pellava"}]},{"@type":"WebSite","@id":"https:\/\/eettinenluksus.fi\/shop\/#website","url":"https:\/\/eettinenluksus.fi\/shop\/","name":"Shop Eettinen Luksus","description":"Uusi verkkokauppa","publisher":{"@id":"https:\/\/eettinenluksus.fi\/shop\/#organization"},"potentialAction":[{"@type":"SearchAction","target":{"@type":"EntryPoint","urlTemplate":"https:\/\/eettinenluksus.fi\/shop\/?s={search_term_string}"},"query-input":{"@type":"PropertyValueSpecification","valueRequired":true,"valueName":"search_term_string"}}],"inLanguage":"fi"},{"@type":"Organization","@id":"https:\/\/eettinenluksus.fi\/shop\/#organization","name":"Shop Eettinen Luksus","url":"https:\/\/eettinenluksus.fi\/shop\/","logo":{"@type":"ImageObject","inLanguage":"fi","@id":"https:\/\/eettinenluksus.fi\/shop\/#\/schema\/logo\/image\/","url":"https:\/\/eettinenluksus.fi\/shop\/wp-content\/uploads\/sites\/4\/1664\/37\/cropped-ELO.jpg","contentUrl":"https:\/\/eettinenluksus.fi\/shop\/wp-content\/uploads\/sites\/4\/1664\/37\/cropped-ELO.jpg","width":810,"height":350,"caption":"Shop Eettinen Luksus"},"image":{"@id":"https:\/\/eettinenluksus.fi\/shop\/#\/schema\/logo\/image\/"},"sameAs":["https:\/\/www.facebook.com\/eettinenluksus","https:\/\/www.instagram.com\/eettinenluksus\/"]}]},"product_price_amount":"12.35","product_price_currency":"EUR","og_availability":"instock","product_availability":"instock","product_retailer_item_id":"4862","product_condition":"new"},"_links":{"self":[{"href":"https:\/\/eettinenluksus.fi\/shop\/wp-json\/wp\/v2\/product\/1104","targetHints":{"allow":["GET"]}}],"collection":[{"href":"https:\/\/eettinenluksus.fi\/shop\/wp-json\/wp\/v2\/product"}],"about":[{"href":"https:\/\/eettinenluksus.fi\/shop\/wp-json\/wp\/v2\/types\/product"}],"version-history":[{"count":14,"href":"https:\/\/eettinenluksus.fi\/shop\/wp-json\/wp\/v2\/product\/1104\/revisions"}],"predecessor-version":[{"id":2777,"href":"https:\/\/eettinenluksus.fi\/shop\/wp-json\/wp\/v2\/product\/1104\/revisions\/2777"}],"wp:featuredmedia":[{"embeddable":true,"href":"https:\/\/eettinenluksus.fi\/shop\/wp-json\/wp\/v2\/media\/4110"}],"wp:attachment":[{"href":"https:\/\/eettinenluksus.fi\/shop\/wp-json\/wp\/v2\/media?parent=1104"}],"wp:term":[{"taxonomy":"product_brand","embeddable":true,"href":"https:\/\/eettinenluksus.fi\/shop\/wp-json\/wp\/v2\/product_brand?post=1104"},{"taxonomy":"product_cat","embeddable":true,"href":"https:\/\/eettinenluksus.fi\/shop\/wp-json\/wp\/v2\/product_cat?post=1104"},{"taxonomy":"product_tag","embeddable":true,"href":"https:\/\/eettinenluksus.fi\/shop\/wp-json\/wp\/v2\/product_tag?post=1104"}],"curies":[{"name":"wp","href":"https:\/\/api.w.org\/{rel}","templated":true}]}}